{"id":290,"date":"2025-04-29T13:19:48","date_gmt":"2025-04-29T11:19:48","guid":{"rendered":"https:\/\/rosanacl.com\/?post_type=product&#038;p=290"},"modified":"2026-01-08T03:36:24","modified_gmt":"2026-01-08T02:36:24","slug":"sujetador-modelo-lorea","status":"publish","type":"product","link":"https:\/\/rosanacl.com\/lt\/produktas\/sujetador-modelo-lorea\/","title":{"rendered":"Selene Lorea Bra"},"content":{"rendered":"<p>\u201eSelene Lorea\u201c liemen\u0117l\u0117 sukurta taip, kad suteikt\u0173 tvirt\u0105 ir patogi\u0105 atram\u0105 neprarandant eleganti\u0161kos i\u0161vaizdos. Jos minimizavimo efektas padeda vizualiai liekninti kr\u016btin\u0119, o lankeliai suteikia atram\u0105 ir gra\u017ei\u0105 form\u0105 be pamink\u0161tinimo.<\/p>\n<p>Sukurtas moterims, siekian\u010dioms didelio paj\u0117gumo ir stabilumo, \u201eLorea\u201c pasi\u017eymi dvigubai laminuotu mikropluo\u0161to audiniu, kuris prisitaiko prie k\u016bno ir palaiko malon\u0173 poj\u016bt\u012f vis\u0105 dien\u0105.<\/p>\n<p>Be to, pamink\u0161tinti dir\u017eeliai sukurti taip, kad suma\u017eint\u0173 diskomfort\u0105, b\u016bding\u0105 dir\u017eeliams, kurie suspaud\u017eia ar palieka \u017eymes, ir pagerint\u0173 komfort\u0105 ilgalaikio naudojimo metu.<\/p>\n<p>Detal\u0117s, kurias pasteb\u0117site u\u017esid\u0117j\u0119<\/p>\n<ul>\n<li>Liekninamasis efektas su tikra atrama (be pamink\u0161tinimo).<\/li>\n<li>\u017diedai stabiliam palaikymui ir dailiai formai.<\/li>\n<li>Lengvas, tamprus audinys, kuris juda kartu su jumis.<\/li>\n<li>Pla\u010dios, pamink\u0161tintos petne\u0161\u0117l\u0117s papildomam komfortui.<\/li>\n<\/ul>\n<p>\ud83d\udde3\ufe0f Patarimas: jei norite jaustis \u00abgerai paremtos\u00bb be nuolatinio koregavimo, \u201eLorea\u201c kaip tik jums: ji suteikia paremtos ir centre esan\u010dios kr\u016btin\u0117s poj\u016bt\u012f, ta\u010diau tuo pa\u010diu ir tikr\u0105 komfort\u0105, apie kur\u012f pamir\u0161tate dienos metu.<\/p>\n<p>\ud83d\udccf Pastaba: norint, kad \u201eLorea\u201c dir\u017eas tinkamai priglust\u0173 (liekninamasis efektas + pla\u010dios petne\u0161\u0117l\u0117s), \u012fsitikinkite, kad dir\u017eas nuo pirmo reguliavimo tvirtai ir tiesiai guli ant nugaros: jei judinant rankas jis kyla \u012f vir\u0161\u0173, vadinasi, jis nesuteikia pakankamai atramos. O jei renkat\u0117s tarp dviej\u0173 dir\u017eo dyd\u017ei\u0173, stabilesn\u0117 paprastai veikia geriausiai, nes suteikia reikiam\u0105 atram\u0105 ir neleid\u017eia petne\u0161\u0117l\u0117ms papildomai apkrauti juosmens.<\/p>\n<p>Sud\u0117tis: 80% poliamidas, 20% elastanas.<\/p>\n<p>\u2728 Rinkit\u0117s \u201eLorea\u201c ir pajuskite skirtum\u0105: atram\u0105, komfort\u0105 ir gra\u017ei\u0105 kr\u016btin\u0119\u2026 vis\u0105 dien\u0105.<\/p>\n<p>&nbsp;<\/p>\n<p>&nbsp;<\/p>\n<p>&nbsp;<\/p>\n<p>&nbsp;<\/p>","protected":false},"excerpt":{"rendered":"<p>El sujetador Lorea de Selene est\u00e1 dise\u00f1ado para ofrecer una sujeci\u00f3n firme y c\u00f3moda sin renunciar a un acabado elegante. Su efecto reductor ayuda a estilizar visualmente el busto, mientras que los aros aportan soporte y una forma bonita, sin necesidad de relleno. Pensado para mujeres que buscan gran capacidad y estabilidad, Lorea incorpora un [&hellip;]<\/p>\n","protected":false},"featured_media":1442,"comment_status":"open","ping_status":"closed","template":"","meta":{"content-type":""},"product_brand":[55],"product_cat":[80,24,20],"product_tag":[57,56,58],"class_list":{"0":"post-290","1":"product","2":"type-product","3":"status-publish","4":"has-post-thumbnail","6":"product_brand-selene","7":"product_cat-con-aros-sin-relleno","8":"product_cat-sin-relleno","9":"product_cat-sujetador","10":"product_tag-sin-relleno","11":"product_tag-sujetador","12":"product_tag-sujetador-reductor","14":"first","15":"instock","16":"taxable","17":"shipping-taxable","18":"purchasable","19":"product-type-variable"},"supplier_id":null,"supplier_sku":"","barcode":null,"atum_controlled":true,"out_stock_date":null,"out_stock_threshold":null,"inheritable":true,"inbound_stock":0,"stock_on_hold":0,"sold_today":0,"sales_last_days":0,"reserved_stock":0,"customer_returns":0,"warehouse_damage":0,"lost_in_post":0,"other_logs":0,"out_stock_days":0,"lost_sales":0,"has_location":false,"update_date":"2026-01-08T02:36:25","atum_locations":[],"atum_stock_status":"instock","restock_status":false,"low_stock_amount":"","sales_update_date":"2025-10-03T04:57:20","calc_backorders":null,"yoast_head":"<!-- This site is optimized with the Yoast SEO plugin v27.4 - https:\/\/yoast.com\/product\/yoast-seo-wordpress\/ -->\n<title>Sujetador Selene Lorea - Rosana CL<\/title>\n<meta name=\"robots\" content=\"index, follow, max-snippet:-1, max-image-preview:large, max-video-preview:-1\" \/>\n<link rel=\"canonical\" href=\"https:\/\/rosanacl.com\/lt\/produktas\/sujetador-modelo-lorea\/\" \/>\n<meta property=\"og:locale\" content=\"lt_LT\" \/>\n<meta property=\"og:type\" content=\"article\" \/>\n<meta property=\"og:title\" content=\"Sujetador Selene Lorea - Rosana CL\" \/>\n<meta property=\"og:description\" content=\"El sujetador Lorea de Selene est\u00e1 dise\u00f1ado para ofrecer una sujeci\u00f3n firme y c\u00f3moda sin renunciar a un acabado elegante. Su efecto reductor ayuda a estilizar visualmente el busto, mientras que los aros aportan soporte y una forma bonita, sin necesidad de relleno. Pensado para mujeres que buscan gran capacidad y estabilidad, Lorea incorpora un [&hellip;]\" \/>\n<meta property=\"og:url\" content=\"https:\/\/rosanacl.com\/lt\/produktas\/sujetador-modelo-lorea\/\" \/>\n<meta property=\"og:site_name\" content=\"Rosana CL\" \/>\n<meta property=\"article:modified_time\" content=\"2026-01-08T02:36:24+00:00\" \/>\n<meta property=\"og:image\" content=\"https:\/\/rosanacl.com\/wp-content\/uploads\/2025\/04\/Sujetador-modelo-Lorea-000001.webp\" \/>\n\t<meta property=\"og:image:width\" content=\"1000\" \/>\n\t<meta property=\"og:image:height\" content=\"1000\" \/>\n\t<meta property=\"og:image:type\" content=\"image\/webp\" \/>\n<meta name=\"twitter:card\" content=\"summary_large_image\" \/>\n<meta name=\"twitter:label1\" content=\"Est. reading time\" \/>\n\t<meta name=\"twitter:data1\" content=\"2 minut\u0117s\" \/>\n<script type=\"application\/ld+json\" class=\"yoast-schema-graph\">{\"@context\":\"https:\\\/\\\/schema.org\",\"@graph\":[{\"@type\":\"WebPage\",\"@id\":\"https:\\\/\\\/rosanacl.com\\\/producto\\\/sujetador-modelo-lorea\\\/\",\"url\":\"https:\\\/\\\/rosanacl.com\\\/producto\\\/sujetador-modelo-lorea\\\/\",\"name\":\"Sujetador Selene Lorea - Rosana CL\",\"isPartOf\":{\"@id\":\"https:\\\/\\\/rosanacl.com\\\/ca\\\/#website\"},\"primaryImageOfPage\":{\"@id\":\"https:\\\/\\\/rosanacl.com\\\/producto\\\/sujetador-modelo-lorea\\\/#primaryimage\"},\"image\":{\"@id\":\"https:\\\/\\\/rosanacl.com\\\/producto\\\/sujetador-modelo-lorea\\\/#primaryimage\"},\"thumbnailUrl\":\"https:\\\/\\\/rosanacl.com\\\/wp-content\\\/uploads\\\/2025\\\/04\\\/Sujetador-modelo-Lorea-000001.webp\",\"datePublished\":\"2025-04-29T11:19:48+00:00\",\"dateModified\":\"2026-01-08T02:36:24+00:00\",\"breadcrumb\":{\"@id\":\"https:\\\/\\\/rosanacl.com\\\/producto\\\/sujetador-modelo-lorea\\\/#breadcrumb\"},\"inLanguage\":\"lt-LT\",\"potentialAction\":[{\"@type\":\"ReadAction\",\"target\":[\"https:\\\/\\\/rosanacl.com\\\/producto\\\/sujetador-modelo-lorea\\\/\"]}]},{\"@type\":\"ImageObject\",\"inLanguage\":\"lt-LT\",\"@id\":\"https:\\\/\\\/rosanacl.com\\\/producto\\\/sujetador-modelo-lorea\\\/#primaryimage\",\"url\":\"https:\\\/\\\/rosanacl.com\\\/wp-content\\\/uploads\\\/2025\\\/04\\\/Sujetador-modelo-Lorea-000001.webp\",\"contentUrl\":\"https:\\\/\\\/rosanacl.com\\\/wp-content\\\/uploads\\\/2025\\\/04\\\/Sujetador-modelo-Lorea-000001.webp\",\"width\":1000,\"height\":1000},{\"@type\":\"BreadcrumbList\",\"@id\":\"https:\\\/\\\/rosanacl.com\\\/producto\\\/sujetador-modelo-lorea\\\/#breadcrumb\",\"itemListElement\":[{\"@type\":\"ListItem\",\"position\":1,\"name\":\"Portada\",\"item\":\"https:\\\/\\\/rosanacl.com\\\/ca\\\/\"},{\"@type\":\"ListItem\",\"position\":2,\"name\":\"Tienda\",\"item\":\"https:\\\/\\\/rosanacl.com\\\/ca\\\/tienda\\\/\"},{\"@type\":\"ListItem\",\"position\":3,\"name\":\"Sujetador Selene Lorea\"}]},{\"@type\":\"WebSite\",\"@id\":\"https:\\\/\\\/rosanacl.com\\\/ca\\\/#website\",\"url\":\"https:\\\/\\\/rosanacl.com\\\/ca\\\/\",\"name\":\"Rosana CL\",\"description\":\"Somos tu interior\",\"potentialAction\":[{\"@type\":\"SearchAction\",\"target\":{\"@type\":\"EntryPoint\",\"urlTemplate\":\"https:\\\/\\\/rosanacl.com\\\/ca\\\/?s={search_term_string}\"},\"query-input\":{\"@type\":\"PropertyValueSpecification\",\"valueRequired\":true,\"valueName\":\"search_term_string\"}}],\"inLanguage\":\"lt-LT\"}]}<\/script>\n<!-- \/ Yoast SEO plugin. -->","yoast_head_json":{"title":"Sujetador Selene Lorea - Rosana CL","robots":{"index":"index","follow":"follow","max-snippet":"max-snippet:-1","max-image-preview":"max-image-preview:large","max-video-preview":"max-video-preview:-1"},"canonical":"https:\/\/rosanacl.com\/lt\/produktas\/sujetador-modelo-lorea\/","og_locale":"lt_LT","og_type":"article","og_title":"Sujetador Selene Lorea - Rosana CL","og_description":"El sujetador Lorea de Selene est\u00e1 dise\u00f1ado para ofrecer una sujeci\u00f3n firme y c\u00f3moda sin renunciar a un acabado elegante. Su efecto reductor ayuda a estilizar visualmente el busto, mientras que los aros aportan soporte y una forma bonita, sin necesidad de relleno. Pensado para mujeres que buscan gran capacidad y estabilidad, Lorea incorpora un [&hellip;]","og_url":"https:\/\/rosanacl.com\/lt\/produktas\/sujetador-modelo-lorea\/","og_site_name":"Rosana CL","article_modified_time":"2026-01-08T02:36:24+00:00","og_image":[{"width":1000,"height":1000,"url":"https:\/\/rosanacl.com\/wp-content\/uploads\/2025\/04\/Sujetador-modelo-Lorea-000001.webp","type":"image\/webp"}],"twitter_card":"summary_large_image","twitter_misc":{"Est. reading time":"2 minut\u0117s"},"schema":{"@context":"https:\/\/schema.org","@graph":[{"@type":"WebPage","@id":"https:\/\/rosanacl.com\/producto\/sujetador-modelo-lorea\/","url":"https:\/\/rosanacl.com\/producto\/sujetador-modelo-lorea\/","name":"Sujetador Selene Lorea - Rosana CL","isPartOf":{"@id":"https:\/\/rosanacl.com\/ca\/#website"},"primaryImageOfPage":{"@id":"https:\/\/rosanacl.com\/producto\/sujetador-modelo-lorea\/#primaryimage"},"image":{"@id":"https:\/\/rosanacl.com\/producto\/sujetador-modelo-lorea\/#primaryimage"},"thumbnailUrl":"https:\/\/rosanacl.com\/wp-content\/uploads\/2025\/04\/Sujetador-modelo-Lorea-000001.webp","datePublished":"2025-04-29T11:19:48+00:00","dateModified":"2026-01-08T02:36:24+00:00","breadcrumb":{"@id":"https:\/\/rosanacl.com\/producto\/sujetador-modelo-lorea\/#breadcrumb"},"inLanguage":"lt-LT","potentialAction":[{"@type":"ReadAction","target":["https:\/\/rosanacl.com\/producto\/sujetador-modelo-lorea\/"]}]},{"@type":"ImageObject","inLanguage":"lt-LT","@id":"https:\/\/rosanacl.com\/producto\/sujetador-modelo-lorea\/#primaryimage","url":"https:\/\/rosanacl.com\/wp-content\/uploads\/2025\/04\/Sujetador-modelo-Lorea-000001.webp","contentUrl":"https:\/\/rosanacl.com\/wp-content\/uploads\/2025\/04\/Sujetador-modelo-Lorea-000001.webp","width":1000,"height":1000},{"@type":"BreadcrumbList","@id":"https:\/\/rosanacl.com\/producto\/sujetador-modelo-lorea\/#breadcrumb","itemListElement":[{"@type":"ListItem","position":1,"name":"Portada","item":"https:\/\/rosanacl.com\/ca\/"},{"@type":"ListItem","position":2,"name":"Tienda","item":"https:\/\/rosanacl.com\/ca\/tienda\/"},{"@type":"ListItem","position":3,"name":"Sujetador Selene Lorea"}]},{"@type":"WebSite","@id":"https:\/\/rosanacl.com\/ca\/#website","url":"https:\/\/rosanacl.com\/ca\/","name":"Rosana CL","description":"Mes esame j\u016bs\u0173 interjeras","potentialAction":[{"@type":"SearchAction","target":{"@type":"EntryPoint","urlTemplate":"https:\/\/rosanacl.com\/ca\/?s={search_term_string}"},"query-input":{"@type":"PropertyValueSpecification","valueRequired":true,"valueName":"search_term_string"}}],"inLanguage":"lt-LT"}]}},"_links":{"self":[{"href":"https:\/\/rosanacl.com\/lt\/wp-json\/wp\/v2\/product\/290","targetHints":{"allow":["GET"]}}],"collection":[{"href":"https:\/\/rosanacl.com\/lt\/wp-json\/wp\/v2\/product"}],"about":[{"href":"https:\/\/rosanacl.com\/lt\/wp-json\/wp\/v2\/types\/product"}],"replies":[{"embeddable":true,"href":"https:\/\/rosanacl.com\/lt\/wp-json\/wp\/v2\/comments?post=290"}],"version-history":[{"count":5,"href":"https:\/\/rosanacl.com\/lt\/wp-json\/wp\/v2\/product\/290\/revisions"}],"predecessor-version":[{"id":4644,"href":"https:\/\/rosanacl.com\/lt\/wp-json\/wp\/v2\/product\/290\/revisions\/4644"}],"wp:featuredmedia":[{"embeddable":true,"href":"https:\/\/rosanacl.com\/lt\/wp-json\/wp\/v2\/media\/1442"}],"wp:attachment":[{"href":"https:\/\/rosanacl.com\/lt\/wp-json\/wp\/v2\/media?parent=290"}],"wp:term":[{"taxonomy":"product_brand","embeddable":true,"href":"https:\/\/rosanacl.com\/lt\/wp-json\/wp\/v2\/product_brand?post=290"},{"taxonomy":"product_cat","embeddable":true,"href":"https:\/\/rosanacl.com\/lt\/wp-json\/wp\/v2\/product_cat?post=290"},{"taxonomy":"product_tag","embeddable":true,"href":"https:\/\/rosanacl.com\/lt\/wp-json\/wp\/v2\/product_tag?post=290"}],"curies":[{"name":"wp","href":"https:\/\/api.w.org\/{rel}","templated":true}]}}