{"id":3307,"date":"2025-08-19T08:32:04","date_gmt":"2025-08-19T06:32:04","guid":{"rendered":"https:\/\/rosanacl.com\/?post_type=product&#038;p=3307"},"modified":"2026-01-07T18:35:26","modified_gmt":"2026-01-07T17:35:26","slug":"sujetador-modelo-cris","status":"publish","type":"product","link":"https:\/\/rosanacl.com\/lt\/produktas\/sujetador-modelo-cris\/","title":{"rendered":"Selene Cris liemen\u0117l\u0117"},"content":{"rendered":"<p>\u00abSelene Cris\u00bb liemen\u0117l\u0117 \u2013 eleganti\u0161ka, mikropluo\u0161to med\u017eiaga su lankeliais ir pamink\u0161tintais kau\u0161eliais, skirta pabr\u0117\u017eti kr\u016btin\u0119 ir suteikti jai gra\u017ei\u0105, apvali\u0105 form\u0105. Atlasin\u0117s detal\u0117s i\u0161kirpt\u0117je ir subtili apdaila ant kau\u0161eli\u0173 suteikia jai rafinuot\u0105 i\u0161vaizd\u0105, kuri pastebima vos apsivilkus: patogi, mink\u0161ta ir prabangesn\u0117 nei standartin\u0117 liemen\u0117l\u0117.<\/p>\n<p>Be to, kad yra dailiai priglundantis, \u201eCris\u201c modelis sukurtas taip, kad lyd\u0117t\u0173 jus kiekvien\u0105 dien\u0105: jis gerai priglunda, centruoja kr\u016btin\u0119 ir suteikia stabili\u0105 atram\u0105, nejausdamas standumo. Tai idealus pasirinkimas, jei m\u0117gstate atrodyti gra\u017eiai net ir su paprastais drabu\u017eiais, nes jis derina \u0161vari\u0105 estetik\u0105 su rafinuota apdaila, tod\u0117l puikiai atrodo po mar\u0161kin\u0117liais ir labiau prigludusiais drabu\u017eiais.<\/p>\n<p>Svarbios detal\u0117s<\/p>\n<ul>\n<li>Su lankeliais ir pamink\u0161tintu kau\u0161eliu: nat\u016braliai pary\u0161kina ir suapvalina kr\u016btin\u0119.<\/li>\n<li>Satino detal\u0117 i\u0161kirpt\u0117je: eleganti\u0161ka ir moteri\u0161ka apdaila.<\/li>\n<li>Mink\u0161tas mikropluo\u0161tas: malonus liesti ir patogus prigludimas.<\/li>\n<li>Glostingas efektas: vizualiai lieknina ir padeda centruoti kr\u016btin\u0119.<\/li>\n<\/ul>\n<p>\ud83d\udde3\ufe0f Patarimas: \u00abCris\u00bb liemen\u0117l\u0117s yra viena i\u0161 t\u0173, kurios atrodo \u201enublizgintos\u201c: mikropluo\u0161tas mink\u0161tas, o atlasinis i\u0161kirpt\u0117s kra\u0161tas suteikia jai subtil\u0173 prisilietim\u0105, o kau\u0161elis palieka kr\u016btin\u0119 apvali\u0105 ir centruot\u0105, tod\u0117l ji labai gra\u017eiai atrodo po mar\u0161kin\u0117liais.<\/p>\n<p>\ud83d\udccf Pastaba: nor\u0117dami nuo pat pirmo u\u017esakymo visk\u0105 atlikti teisingai, atminkite, kad liemen\u0117l\u0117 turi pamink\u0161tint\u0105 kau\u0161el\u012f: jei dvejojate tarp dviej\u0173 variant\u0173 arba norite nat\u016bralesnio efekto, rinkit\u0117s patogesn\u012f kau\u0161el\u012f; o renkantis juostel\u0119 ie\u0161kokite tokios, kuri b\u016bt\u0173 standi, bet never\u017eia (kuri nekyla auk\u0161tyn judant), nes b\u016btent ten yra tikrasis palaikymas.<\/p>\n<p>Sud\u0117tis: Elastinis mikropluo\u0161tas: apie 80% poliamidas, 12% elastanas, 8% poliesteris.<\/p>\n<p>\ud83e\udebd Atrama, forma ir puikus apdirbimas: \u0161tai kaip jau\u010diasi Selene.<\/p>\n<div id=\"v1ms-outlook-mobile-body-separator-line\" dir=\"auto\"><\/div>","protected":false},"excerpt":{"rendered":"<p>Sujetador Selene Cris es un b\u00e1sico elegante de microfibra con aro y copa con relleno, pensado para realzar el pecho con una forma redondeada y bonita. Su detalle de raso en el escote y el borde delicado en las copas le dan ese acabado fino que se nota al pon\u00e9rtelo: c\u00f3modo, suave y con un [&hellip;]<\/p>\n","protected":false},"featured_media":3323,"comment_status":"closed","ping_status":"closed","template":"","meta":{"content-type":""},"product_brand":[55],"product_cat":[26,20],"product_tag":[56,62],"class_list":{"0":"post-3307","1":"product","2":"type-product","3":"status-publish","4":"has-post-thumbnail","6":"product_brand-selene","7":"product_cat-con-aros-y-relleno","8":"product_cat-sujetador","9":"product_tag-sujetador","10":"product_tag-sujetador-con-aros-y-rellenos","12":"first","13":"instock","14":"taxable","15":"shipping-taxable","16":"purchasable","17":"product-type-variable"},"supplier_id":null,"supplier_sku":"","barcode":null,"atum_controlled":true,"out_stock_date":null,"out_stock_threshold":null,"inheritable":true,"inbound_stock":0,"stock_on_hold":0,"sold_today":0,"sales_last_days":0,"reserved_stock":0,"customer_returns":0,"warehouse_damage":0,"lost_in_post":0,"other_logs":0,"out_stock_days":null,"lost_sales":0,"has_location":false,"update_date":"2026-02-18T15:16:29","atum_locations":[],"atum_stock_status":"instock","restock_status":false,"low_stock_amount":"","sales_update_date":"2025-10-03T04:55:35","calc_backorders":null,"yoast_head":"<!-- This site is optimized with the Yoast SEO plugin v27.4 - https:\/\/yoast.com\/product\/yoast-seo-wordpress\/ -->\n<title>Sujetador Selene Cris - Rosana CL<\/title>\n<meta name=\"robots\" content=\"index, follow, max-snippet:-1, max-image-preview:large, max-video-preview:-1\" \/>\n<link rel=\"canonical\" href=\"https:\/\/rosanacl.com\/lt\/produktas\/sujetador-modelo-cris\/\" \/>\n<meta property=\"og:locale\" content=\"lt_LT\" \/>\n<meta property=\"og:type\" content=\"article\" \/>\n<meta property=\"og:title\" content=\"Sujetador Selene Cris - Rosana CL\" \/>\n<meta property=\"og:description\" content=\"Sujetador Selene Cris es un b\u00e1sico elegante de microfibra con aro y copa con relleno, pensado para realzar el pecho con una forma redondeada y bonita. Su detalle de raso en el escote y el borde delicado en las copas le dan ese acabado fino que se nota al pon\u00e9rtelo: c\u00f3modo, suave y con un [&hellip;]\" \/>\n<meta property=\"og:url\" content=\"https:\/\/rosanacl.com\/lt\/produktas\/sujetador-modelo-cris\/\" \/>\n<meta property=\"og:site_name\" content=\"Rosana CL\" \/>\n<meta property=\"article:modified_time\" content=\"2026-01-07T17:35:26+00:00\" \/>\n<meta property=\"og:image\" content=\"https:\/\/rosanacl.com\/wp-content\/uploads\/2025\/08\/1-1.png\" \/>\n\t<meta property=\"og:image:width\" content=\"616\" \/>\n\t<meta property=\"og:image:height\" content=\"813\" \/>\n\t<meta property=\"og:image:type\" content=\"image\/png\" \/>\n<meta name=\"twitter:card\" content=\"summary_large_image\" \/>\n<meta name=\"twitter:label1\" content=\"Est. reading time\" \/>\n\t<meta name=\"twitter:data1\" content=\"2 minut\u0117s\" \/>\n<script type=\"application\/ld+json\" class=\"yoast-schema-graph\">{\"@context\":\"https:\\\/\\\/schema.org\",\"@graph\":[{\"@type\":\"WebPage\",\"@id\":\"https:\\\/\\\/rosanacl.com\\\/producto\\\/sujetador-modelo-cris\\\/\",\"url\":\"https:\\\/\\\/rosanacl.com\\\/producto\\\/sujetador-modelo-cris\\\/\",\"name\":\"Sujetador Selene Cris - Rosana CL\",\"isPartOf\":{\"@id\":\"https:\\\/\\\/rosanacl.com\\\/ca\\\/#website\"},\"primaryImageOfPage\":{\"@id\":\"https:\\\/\\\/rosanacl.com\\\/producto\\\/sujetador-modelo-cris\\\/#primaryimage\"},\"image\":{\"@id\":\"https:\\\/\\\/rosanacl.com\\\/producto\\\/sujetador-modelo-cris\\\/#primaryimage\"},\"thumbnailUrl\":\"https:\\\/\\\/rosanacl.com\\\/wp-content\\\/uploads\\\/2025\\\/08\\\/1-1.png\",\"datePublished\":\"2025-08-19T06:32:04+00:00\",\"dateModified\":\"2026-01-07T17:35:26+00:00\",\"breadcrumb\":{\"@id\":\"https:\\\/\\\/rosanacl.com\\\/producto\\\/sujetador-modelo-cris\\\/#breadcrumb\"},\"inLanguage\":\"lt-LT\",\"potentialAction\":[{\"@type\":\"ReadAction\",\"target\":[\"https:\\\/\\\/rosanacl.com\\\/producto\\\/sujetador-modelo-cris\\\/\"]}]},{\"@type\":\"ImageObject\",\"inLanguage\":\"lt-LT\",\"@id\":\"https:\\\/\\\/rosanacl.com\\\/producto\\\/sujetador-modelo-cris\\\/#primaryimage\",\"url\":\"https:\\\/\\\/rosanacl.com\\\/wp-content\\\/uploads\\\/2025\\\/08\\\/1-1.png\",\"contentUrl\":\"https:\\\/\\\/rosanacl.com\\\/wp-content\\\/uploads\\\/2025\\\/08\\\/1-1.png\",\"width\":616,\"height\":813},{\"@type\":\"BreadcrumbList\",\"@id\":\"https:\\\/\\\/rosanacl.com\\\/producto\\\/sujetador-modelo-cris\\\/#breadcrumb\",\"itemListElement\":[{\"@type\":\"ListItem\",\"position\":1,\"name\":\"Portada\",\"item\":\"https:\\\/\\\/rosanacl.com\\\/ca\\\/\"},{\"@type\":\"ListItem\",\"position\":2,\"name\":\"Tienda\",\"item\":\"https:\\\/\\\/rosanacl.com\\\/ca\\\/tienda\\\/\"},{\"@type\":\"ListItem\",\"position\":3,\"name\":\"Sujetador Selene Cris\"}]},{\"@type\":\"WebSite\",\"@id\":\"https:\\\/\\\/rosanacl.com\\\/ca\\\/#website\",\"url\":\"https:\\\/\\\/rosanacl.com\\\/ca\\\/\",\"name\":\"Rosana CL\",\"description\":\"Somos tu interior\",\"potentialAction\":[{\"@type\":\"SearchAction\",\"target\":{\"@type\":\"EntryPoint\",\"urlTemplate\":\"https:\\\/\\\/rosanacl.com\\\/ca\\\/?s={search_term_string}\"},\"query-input\":{\"@type\":\"PropertyValueSpecification\",\"valueRequired\":true,\"valueName\":\"search_term_string\"}}],\"inLanguage\":\"lt-LT\"}]}<\/script>\n<!-- \/ Yoast SEO plugin. -->","yoast_head_json":{"title":"Sujetador Selene Cris - Rosana CL","robots":{"index":"index","follow":"follow","max-snippet":"max-snippet:-1","max-image-preview":"max-image-preview:large","max-video-preview":"max-video-preview:-1"},"canonical":"https:\/\/rosanacl.com\/lt\/produktas\/sujetador-modelo-cris\/","og_locale":"lt_LT","og_type":"article","og_title":"Sujetador Selene Cris - Rosana CL","og_description":"Sujetador Selene Cris es un b\u00e1sico elegante de microfibra con aro y copa con relleno, pensado para realzar el pecho con una forma redondeada y bonita. Su detalle de raso en el escote y el borde delicado en las copas le dan ese acabado fino que se nota al pon\u00e9rtelo: c\u00f3modo, suave y con un [&hellip;]","og_url":"https:\/\/rosanacl.com\/lt\/produktas\/sujetador-modelo-cris\/","og_site_name":"Rosana CL","article_modified_time":"2026-01-07T17:35:26+00:00","og_image":[{"width":616,"height":813,"url":"https:\/\/rosanacl.com\/wp-content\/uploads\/2025\/08\/1-1.png","type":"image\/png"}],"twitter_card":"summary_large_image","twitter_misc":{"Est. reading time":"2 minut\u0117s"},"schema":{"@context":"https:\/\/schema.org","@graph":[{"@type":"WebPage","@id":"https:\/\/rosanacl.com\/producto\/sujetador-modelo-cris\/","url":"https:\/\/rosanacl.com\/producto\/sujetador-modelo-cris\/","name":"Sujetador Selene Cris - Rosana CL","isPartOf":{"@id":"https:\/\/rosanacl.com\/ca\/#website"},"primaryImageOfPage":{"@id":"https:\/\/rosanacl.com\/producto\/sujetador-modelo-cris\/#primaryimage"},"image":{"@id":"https:\/\/rosanacl.com\/producto\/sujetador-modelo-cris\/#primaryimage"},"thumbnailUrl":"https:\/\/rosanacl.com\/wp-content\/uploads\/2025\/08\/1-1.png","datePublished":"2025-08-19T06:32:04+00:00","dateModified":"2026-01-07T17:35:26+00:00","breadcrumb":{"@id":"https:\/\/rosanacl.com\/producto\/sujetador-modelo-cris\/#breadcrumb"},"inLanguage":"lt-LT","potentialAction":[{"@type":"ReadAction","target":["https:\/\/rosanacl.com\/producto\/sujetador-modelo-cris\/"]}]},{"@type":"ImageObject","inLanguage":"lt-LT","@id":"https:\/\/rosanacl.com\/producto\/sujetador-modelo-cris\/#primaryimage","url":"https:\/\/rosanacl.com\/wp-content\/uploads\/2025\/08\/1-1.png","contentUrl":"https:\/\/rosanacl.com\/wp-content\/uploads\/2025\/08\/1-1.png","width":616,"height":813},{"@type":"BreadcrumbList","@id":"https:\/\/rosanacl.com\/producto\/sujetador-modelo-cris\/#breadcrumb","itemListElement":[{"@type":"ListItem","position":1,"name":"Portada","item":"https:\/\/rosanacl.com\/ca\/"},{"@type":"ListItem","position":2,"name":"Tienda","item":"https:\/\/rosanacl.com\/ca\/tienda\/"},{"@type":"ListItem","position":3,"name":"Sujetador Selene Cris"}]},{"@type":"WebSite","@id":"https:\/\/rosanacl.com\/ca\/#website","url":"https:\/\/rosanacl.com\/ca\/","name":"Rosana CL","description":"Mes esame j\u016bs\u0173 interjeras","potentialAction":[{"@type":"SearchAction","target":{"@type":"EntryPoint","urlTemplate":"https:\/\/rosanacl.com\/ca\/?s={search_term_string}"},"query-input":{"@type":"PropertyValueSpecification","valueRequired":true,"valueName":"search_term_string"}}],"inLanguage":"lt-LT"}]}},"_links":{"self":[{"href":"https:\/\/rosanacl.com\/lt\/wp-json\/wp\/v2\/product\/3307","targetHints":{"allow":["GET"]}}],"collection":[{"href":"https:\/\/rosanacl.com\/lt\/wp-json\/wp\/v2\/product"}],"about":[{"href":"https:\/\/rosanacl.com\/lt\/wp-json\/wp\/v2\/types\/product"}],"replies":[{"embeddable":true,"href":"https:\/\/rosanacl.com\/lt\/wp-json\/wp\/v2\/comments?post=3307"}],"version-history":[{"count":5,"href":"https:\/\/rosanacl.com\/lt\/wp-json\/wp\/v2\/product\/3307\/revisions"}],"predecessor-version":[{"id":4595,"href":"https:\/\/rosanacl.com\/lt\/wp-json\/wp\/v2\/product\/3307\/revisions\/4595"}],"wp:featuredmedia":[{"embeddable":true,"href":"https:\/\/rosanacl.com\/lt\/wp-json\/wp\/v2\/media\/3323"}],"wp:attachment":[{"href":"https:\/\/rosanacl.com\/lt\/wp-json\/wp\/v2\/media?parent=3307"}],"wp:term":[{"taxonomy":"product_brand","embeddable":true,"href":"https:\/\/rosanacl.com\/lt\/wp-json\/wp\/v2\/product_brand?post=3307"},{"taxonomy":"product_cat","embeddable":true,"href":"https:\/\/rosanacl.com\/lt\/wp-json\/wp\/v2\/product_cat?post=3307"},{"taxonomy":"product_tag","embeddable":true,"href":"https:\/\/rosanacl.com\/lt\/wp-json\/wp\/v2\/product_tag?post=3307"}],"curies":[{"name":"wp","href":"https:\/\/api.w.org\/{rel}","templated":true}]}}