{"id":483,"date":"2025-04-29T19:07:26","date_gmt":"2025-04-29T17:07:26","guid":{"rendered":"https:\/\/rosanacl.com\/?post_type=product&#038;p=483"},"modified":"2026-01-07T21:35:44","modified_gmt":"2026-01-07T20:35:44","slug":"sujetador-modelo-estela","status":"publish","type":"product","link":"https:\/\/rosanacl.com\/lt\/produktas\/sujetador-modelo-estela\/","title":{"rendered":"Selene Estela liemen\u0117l\u0117"},"content":{"rendered":"<p>\u201eEstela de Selene\u201c \u2013 tai i\u0161ties patogus baldas: be lankeli\u0173 ir pamink\u0161tinimo, kurio konstrukcija sukurta taip, kad sutraukt\u0173, prilaikyt\u0173 ir formuot\u0173 kr\u016btin\u0119, suteikdama jai mink\u0161tumo, bet stabilumo poj\u016bt\u012f. Dvigubas satino mikropluo\u0161to sluoksnis suteikia \u0161vari\u0105 apdail\u0105, kuri maloni liesti ir atrodo puikiai, o tiulio detal\u0117s suteikia lengvumo ir moteri\u0161kumo, ta\u010diau n\u0117ra pernelyg ry\u0161kios.<\/p>\n<p>Jei ie\u0161kote liemen\u0117l\u0117s, kuri nekelt\u0173 problem\u0173, laikyt\u0173si vietoje ir suteikt\u0173 atramos jausm\u0105, ta\u010diau neb\u016bt\u0173 per ank\u0161ta, \u00abEstela\u00bb yra vienas i\u0161 t\u0173 modeli\u0173, kurie taps saugiu J\u016bs\u0173 pasirinkimu: kokyb\u0117 matoma, ji prisitaiko ir i\u0161laiko nat\u016brali\u0105 bei daili\u0105 linij\u0105.<\/p>\n<p>Kas jums patiks Esteloje<\/p>\n<ul>\n<li>Be laid\u0173 \/ be pamink\u0161tinimo: nat\u016bralus, patogus ir labai prakti\u0161kas.<\/li>\n<li>Dvigubas satininis mikropluo\u0161tas: stabilus laikymas ir malonus poj\u016btis.<\/li>\n<li>Tiulio detal\u0117s: eleganti\u0161kos ir lengvos, bet ne per daug ry\u0161kios.<\/li>\n<li>Priglud\u0119s modelis, kuris sutelkia ir palaiko, bet nepersistengia.<\/li>\n<li>Idealiai tinka ie\u0161kantiems patogaus palaikymo ir eleganti\u0161ko \u012fvaizd\u017eio.<\/li>\n<\/ul>\n<p>\ud83d\udde3\ufe0f Patarimas: jei ie\u0161kote liemen\u0117l\u0117s, kuri\u0105 apsivilkus jau\u010diat\u0117s patogiai (mink\u0161ta, stabili ir nejau\u010diate, kad kovojate), \u00abEstela\u00bb kaip tik tam: patogumas ir pasitik\u0117jimo savimi i\u0161rai\u0161ka. I\u0161bandykite j\u0105 su ploniausiais mar\u0161kin\u0117liais ir pasteb\u0117site jausm\u0105: j\u016bs\u0173 kr\u016btys jau\u010diasi paremtos, j\u016bs\u0173 laikysena saugesn\u0117 ir visai nenor\u0117site jos koreguoti.<\/p>\n<p>\ud83d\udccf Pastaba: Greitas patarimas, kaip rasti tinkam\u0105 dyd\u012f: i\u0161matuokite savo kr\u016btin\u0117s apimt\u012f ir rinkdamiesi pagalvokite apie patog\u0173 prilaikym\u0105 (prilaikym\u0105 ne\u012fsigilindami). Jei svarstote tarp dviej\u0173 dyd\u017ei\u0173, rinkit\u0117s t\u0105, kuris tvirtai priglunda, bet n\u0117ra per ank\u0161tas: taip i\u0161laikysite gra\u017e\u0173 efekt\u0105 ir i\u0161vengsite nereikalingo drabu\u017ei\u0173 keitimo.<\/p>\n<p>Sud\u0117tis: 83% poliamidas, 17% elastanas.<\/p>\n<p>\ud83d\udddd\ufe0f Tavo paslaptis, kaip jaustis patogiai su buvimu.<\/p>\n<div id=\"v1ms-outlook-mobile-body-separator-line\" dir=\"auto\"><\/div>\n<div id=\"v1ms-outlook-mobile-body-separator-line\" dir=\"auto\"><\/div>","protected":false},"excerpt":{"rendered":"<p>El Estela de Selene es una pieza de comodidad seria: sin aros y sin relleno, con una construcci\u00f3n pensada para recoger, sujetar y acompa\u00f1ar el pecho con una sensaci\u00f3n suave pero estable. La doble capa de microfibra satinada aporta ese acabado limpio que queda bonito al tacto y tambi\u00e9n a la vista, mientras el detalle [&hellip;]<\/p>\n","protected":false},"featured_media":1431,"comment_status":"open","ping_status":"closed","template":"","meta":{"content-type":""},"product_brand":[55],"product_cat":[25,20],"product_tag":[56,60],"class_list":{"0":"post-483","1":"product","2":"type-product","3":"status-publish","4":"has-post-thumbnail","6":"product_brand-selene","7":"product_cat-sin-aros","8":"product_cat-sujetador","9":"product_tag-sujetador","10":"product_tag-sujetador-sin-aros","12":"first","13":"instock","14":"taxable","15":"shipping-taxable","16":"purchasable","17":"product-type-variable"},"supplier_id":null,"supplier_sku":"","barcode":null,"atum_controlled":true,"out_stock_date":null,"out_stock_threshold":null,"inheritable":true,"inbound_stock":0,"stock_on_hold":0,"sold_today":0,"sales_last_days":0,"reserved_stock":0,"customer_returns":0,"warehouse_damage":0,"lost_in_post":0,"other_logs":0,"out_stock_days":0,"lost_sales":0,"has_location":false,"update_date":"2026-01-07T20:35:45","atum_locations":[],"atum_stock_status":"instock","restock_status":false,"low_stock_amount":"","sales_update_date":"2025-08-19T02:35:53","calc_backorders":null,"yoast_head":"<!-- This site is optimized with the Yoast SEO plugin v27.4 - https:\/\/yoast.com\/product\/yoast-seo-wordpress\/ -->\n<title>Sujetador Selene Estela - Rosana CL<\/title>\n<meta name=\"robots\" content=\"index, follow, max-snippet:-1, max-image-preview:large, max-video-preview:-1\" \/>\n<link rel=\"canonical\" href=\"https:\/\/rosanacl.com\/lt\/produktas\/sujetador-modelo-estela\/\" \/>\n<meta property=\"og:locale\" content=\"lt_LT\" \/>\n<meta property=\"og:type\" content=\"article\" \/>\n<meta property=\"og:title\" content=\"Sujetador Selene Estela - Rosana CL\" \/>\n<meta property=\"og:description\" content=\"El Estela de Selene es una pieza de comodidad seria: sin aros y sin relleno, con una construcci\u00f3n pensada para recoger, sujetar y acompa\u00f1ar el pecho con una sensaci\u00f3n suave pero estable. La doble capa de microfibra satinada aporta ese acabado limpio que queda bonito al tacto y tambi\u00e9n a la vista, mientras el detalle [&hellip;]\" \/>\n<meta property=\"og:url\" content=\"https:\/\/rosanacl.com\/lt\/produktas\/sujetador-modelo-estela\/\" \/>\n<meta property=\"og:site_name\" content=\"Rosana CL\" \/>\n<meta property=\"article:modified_time\" content=\"2026-01-07T20:35:44+00:00\" \/>\n<meta property=\"og:image\" content=\"https:\/\/rosanacl.com\/wp-content\/uploads\/2025\/04\/Sujetador-Selene-modelo-Estela_000001.webp\" \/>\n\t<meta property=\"og:image:width\" content=\"1000\" \/>\n\t<meta property=\"og:image:height\" content=\"1000\" \/>\n\t<meta property=\"og:image:type\" content=\"image\/webp\" \/>\n<meta name=\"twitter:card\" content=\"summary_large_image\" \/>\n<meta name=\"twitter:label1\" content=\"Est. reading time\" \/>\n\t<meta name=\"twitter:data1\" content=\"2 minut\u0117s\" \/>\n<script type=\"application\/ld+json\" class=\"yoast-schema-graph\">{\"@context\":\"https:\\\/\\\/schema.org\",\"@graph\":[{\"@type\":\"WebPage\",\"@id\":\"https:\\\/\\\/rosanacl.com\\\/producto\\\/sujetador-modelo-estela\\\/\",\"url\":\"https:\\\/\\\/rosanacl.com\\\/producto\\\/sujetador-modelo-estela\\\/\",\"name\":\"Sujetador Selene Estela - Rosana CL\",\"isPartOf\":{\"@id\":\"https:\\\/\\\/rosanacl.com\\\/ca\\\/#website\"},\"primaryImageOfPage\":{\"@id\":\"https:\\\/\\\/rosanacl.com\\\/producto\\\/sujetador-modelo-estela\\\/#primaryimage\"},\"image\":{\"@id\":\"https:\\\/\\\/rosanacl.com\\\/producto\\\/sujetador-modelo-estela\\\/#primaryimage\"},\"thumbnailUrl\":\"https:\\\/\\\/rosanacl.com\\\/wp-content\\\/uploads\\\/2025\\\/04\\\/Sujetador-Selene-modelo-Estela_000001.webp\",\"datePublished\":\"2025-04-29T17:07:26+00:00\",\"dateModified\":\"2026-01-07T20:35:44+00:00\",\"breadcrumb\":{\"@id\":\"https:\\\/\\\/rosanacl.com\\\/producto\\\/sujetador-modelo-estela\\\/#breadcrumb\"},\"inLanguage\":\"lt-LT\",\"potentialAction\":[{\"@type\":\"ReadAction\",\"target\":[\"https:\\\/\\\/rosanacl.com\\\/producto\\\/sujetador-modelo-estela\\\/\"]}]},{\"@type\":\"ImageObject\",\"inLanguage\":\"lt-LT\",\"@id\":\"https:\\\/\\\/rosanacl.com\\\/producto\\\/sujetador-modelo-estela\\\/#primaryimage\",\"url\":\"https:\\\/\\\/rosanacl.com\\\/wp-content\\\/uploads\\\/2025\\\/04\\\/Sujetador-Selene-modelo-Estela_000001.webp\",\"contentUrl\":\"https:\\\/\\\/rosanacl.com\\\/wp-content\\\/uploads\\\/2025\\\/04\\\/Sujetador-Selene-modelo-Estela_000001.webp\",\"width\":1000,\"height\":1000},{\"@type\":\"BreadcrumbList\",\"@id\":\"https:\\\/\\\/rosanacl.com\\\/producto\\\/sujetador-modelo-estela\\\/#breadcrumb\",\"itemListElement\":[{\"@type\":\"ListItem\",\"position\":1,\"name\":\"Portada\",\"item\":\"https:\\\/\\\/rosanacl.com\\\/ca\\\/\"},{\"@type\":\"ListItem\",\"position\":2,\"name\":\"Tienda\",\"item\":\"https:\\\/\\\/rosanacl.com\\\/ca\\\/tienda\\\/\"},{\"@type\":\"ListItem\",\"position\":3,\"name\":\"Sujetador Selene Estela\"}]},{\"@type\":\"WebSite\",\"@id\":\"https:\\\/\\\/rosanacl.com\\\/ca\\\/#website\",\"url\":\"https:\\\/\\\/rosanacl.com\\\/ca\\\/\",\"name\":\"Rosana CL\",\"description\":\"Somos tu interior\",\"potentialAction\":[{\"@type\":\"SearchAction\",\"target\":{\"@type\":\"EntryPoint\",\"urlTemplate\":\"https:\\\/\\\/rosanacl.com\\\/ca\\\/?s={search_term_string}\"},\"query-input\":{\"@type\":\"PropertyValueSpecification\",\"valueRequired\":true,\"valueName\":\"search_term_string\"}}],\"inLanguage\":\"lt-LT\"}]}<\/script>\n<!-- \/ Yoast SEO plugin. -->","yoast_head_json":{"title":"Sujetador Selene Estela - Rosana CL","robots":{"index":"index","follow":"follow","max-snippet":"max-snippet:-1","max-image-preview":"max-image-preview:large","max-video-preview":"max-video-preview:-1"},"canonical":"https:\/\/rosanacl.com\/lt\/produktas\/sujetador-modelo-estela\/","og_locale":"lt_LT","og_type":"article","og_title":"Sujetador Selene Estela - Rosana CL","og_description":"El Estela de Selene es una pieza de comodidad seria: sin aros y sin relleno, con una construcci\u00f3n pensada para recoger, sujetar y acompa\u00f1ar el pecho con una sensaci\u00f3n suave pero estable. La doble capa de microfibra satinada aporta ese acabado limpio que queda bonito al tacto y tambi\u00e9n a la vista, mientras el detalle [&hellip;]","og_url":"https:\/\/rosanacl.com\/lt\/produktas\/sujetador-modelo-estela\/","og_site_name":"Rosana CL","article_modified_time":"2026-01-07T20:35:44+00:00","og_image":[{"width":1000,"height":1000,"url":"https:\/\/rosanacl.com\/wp-content\/uploads\/2025\/04\/Sujetador-Selene-modelo-Estela_000001.webp","type":"image\/webp"}],"twitter_card":"summary_large_image","twitter_misc":{"Est. reading time":"2 minut\u0117s"},"schema":{"@context":"https:\/\/schema.org","@graph":[{"@type":"WebPage","@id":"https:\/\/rosanacl.com\/producto\/sujetador-modelo-estela\/","url":"https:\/\/rosanacl.com\/producto\/sujetador-modelo-estela\/","name":"Sujetador Selene Estela - Rosana CL","isPartOf":{"@id":"https:\/\/rosanacl.com\/ca\/#website"},"primaryImageOfPage":{"@id":"https:\/\/rosanacl.com\/producto\/sujetador-modelo-estela\/#primaryimage"},"image":{"@id":"https:\/\/rosanacl.com\/producto\/sujetador-modelo-estela\/#primaryimage"},"thumbnailUrl":"https:\/\/rosanacl.com\/wp-content\/uploads\/2025\/04\/Sujetador-Selene-modelo-Estela_000001.webp","datePublished":"2025-04-29T17:07:26+00:00","dateModified":"2026-01-07T20:35:44+00:00","breadcrumb":{"@id":"https:\/\/rosanacl.com\/producto\/sujetador-modelo-estela\/#breadcrumb"},"inLanguage":"lt-LT","potentialAction":[{"@type":"ReadAction","target":["https:\/\/rosanacl.com\/producto\/sujetador-modelo-estela\/"]}]},{"@type":"ImageObject","inLanguage":"lt-LT","@id":"https:\/\/rosanacl.com\/producto\/sujetador-modelo-estela\/#primaryimage","url":"https:\/\/rosanacl.com\/wp-content\/uploads\/2025\/04\/Sujetador-Selene-modelo-Estela_000001.webp","contentUrl":"https:\/\/rosanacl.com\/wp-content\/uploads\/2025\/04\/Sujetador-Selene-modelo-Estela_000001.webp","width":1000,"height":1000},{"@type":"BreadcrumbList","@id":"https:\/\/rosanacl.com\/producto\/sujetador-modelo-estela\/#breadcrumb","itemListElement":[{"@type":"ListItem","position":1,"name":"Portada","item":"https:\/\/rosanacl.com\/ca\/"},{"@type":"ListItem","position":2,"name":"Tienda","item":"https:\/\/rosanacl.com\/ca\/tienda\/"},{"@type":"ListItem","position":3,"name":"Sujetador Selene Estela"}]},{"@type":"WebSite","@id":"https:\/\/rosanacl.com\/ca\/#website","url":"https:\/\/rosanacl.com\/ca\/","name":"Rosana CL","description":"Mes esame j\u016bs\u0173 interjeras","potentialAction":[{"@type":"SearchAction","target":{"@type":"EntryPoint","urlTemplate":"https:\/\/rosanacl.com\/ca\/?s={search_term_string}"},"query-input":{"@type":"PropertyValueSpecification","valueRequired":true,"valueName":"search_term_string"}}],"inLanguage":"lt-LT"}]}},"_links":{"self":[{"href":"https:\/\/rosanacl.com\/lt\/wp-json\/wp\/v2\/product\/483","targetHints":{"allow":["GET"]}}],"collection":[{"href":"https:\/\/rosanacl.com\/lt\/wp-json\/wp\/v2\/product"}],"about":[{"href":"https:\/\/rosanacl.com\/lt\/wp-json\/wp\/v2\/types\/product"}],"replies":[{"embeddable":true,"href":"https:\/\/rosanacl.com\/lt\/wp-json\/wp\/v2\/comments?post=483"}],"version-history":[{"count":5,"href":"https:\/\/rosanacl.com\/lt\/wp-json\/wp\/v2\/product\/483\/revisions"}],"predecessor-version":[{"id":4620,"href":"https:\/\/rosanacl.com\/lt\/wp-json\/wp\/v2\/product\/483\/revisions\/4620"}],"wp:featuredmedia":[{"embeddable":true,"href":"https:\/\/rosanacl.com\/lt\/wp-json\/wp\/v2\/media\/1431"}],"wp:attachment":[{"href":"https:\/\/rosanacl.com\/lt\/wp-json\/wp\/v2\/media?parent=483"}],"wp:term":[{"taxonomy":"product_brand","embeddable":true,"href":"https:\/\/rosanacl.com\/lt\/wp-json\/wp\/v2\/product_brand?post=483"},{"taxonomy":"product_cat","embeddable":true,"href":"https:\/\/rosanacl.com\/lt\/wp-json\/wp\/v2\/product_cat?post=483"},{"taxonomy":"product_tag","embeddable":true,"href":"https:\/\/rosanacl.com\/lt\/wp-json\/wp\/v2\/product_tag?post=483"}],"curies":[{"name":"wp","href":"https:\/\/api.w.org\/{rel}","templated":true}]}}