{"id":618,"date":"2025-04-29T19:20:58","date_gmt":"2025-04-29T17:20:58","guid":{"rendered":"https:\/\/rosanacl.com\/?post_type=product&#038;p=618"},"modified":"2026-01-07T21:23:54","modified_gmt":"2026-01-07T20:23:54","slug":"sujetador-modelo-maite","status":"publish","type":"product","link":"https:\/\/rosanacl.com\/lt\/produktas\/sujetador-modelo-maite\/","title":{"rendered":"Selene Maite Bra"},"content":{"rendered":"<p>\u201eSelene Maite\u201c liemen\u0117l\u0117 \u2013 vienas i\u0161 t\u0173 modeli\u0173, kurie palengvins j\u016bs\u0173 dien\u0105: klasikinio stiliaus, be lankeli\u0173 ir pamink\u0161tinimo, o dizainas suteikia tikr\u0105 atram\u0105, jos nespaud\u017eia ir ne\u012fspaus. Jos \u201eSimplex\u201c audinys suteikia tvirtumo ir stabilumo, idealiai tinka, jei ie\u0161kote patogios kasdien\u0117s liemen\u0117l\u0117s, kuri i\u0161laikyt\u0173 j\u016bs\u0173 kr\u016btis taisyklingoje pad\u0117tyje ir nat\u016bralios formos.<\/p>\n<p>Geriausia \u00abMaite\u00bb savyb\u0117 yra ta, kad jose derinamas patogumas ir atrama \u0161variame, sant\u016briame dizaine: jos gra\u017eiai priglunda prie k\u016bno, puikiai atrodo po mar\u0161kin\u0117liais ir palaidin\u0117mis ir suteikia valand\u0173 valandas jausmo, kad esate gerai priglud\u0119. Tai b\u016btinas drabu\u017ei\u0173 spintos atributas tiems, kuriems svarbiausia patogumas, tinkamumas ir saugumas.<\/p>\n<p>Kas man labiausiai patinka Maite<\/p>\n<ul>\n<li>Be laid\u0173: visi\u0161kas komfortas, jokio spaudimo \u012f kont\u016br\u0105.<\/li>\n<li>Be pamink\u0161tinimo: nat\u016brali ir lengva forma, be papildomos apimties.<\/li>\n<li>Simplex audinys: tvirtas ir stabilus laikymas, geras palaikymas.<\/li>\n<li>Klasikinis dizainas: diskreti\u0161kas ir lengvai derinamas su bet kokia apranga.<\/li>\n<li>Puikiai tinka kasdieniam d\u0117v\u0117jimui: patogus prigludimas ir tvirtas jausmas.<\/li>\n<\/ul>\n<p>\ud83d\udde3\ufe0f Patarimas: su \u00abMaite\u00bb j\u016bs\u0173 kr\u016btys jau\u010diasi \u201eatramdytos\u201c ir vietoje, ta\u010diau patogios: vidin\u0117je pus\u0117je tvirtos, i\u0161or\u0117je mink\u0161tos. Puikiai tinka toms dienoms, kai norite jaustis saugiai, negalvodami apie liemen\u0117l\u0119.<\/p>\n<p>\ud83d\udccf Pastaba: jei norite tvirto, stabilaus prigludimo, rinkit\u0117s savo \u012fprast\u0105 dyd\u012f; jei abejojate d\u0117l dviej\u0173 dyd\u017ei\u0173 arba pageidaujate patogesnio prigludimo ilgesniam d\u0117v\u0117jimui, rinkit\u0117s dyd\u017eiu didesn\u012f. Jei nesate tikri, greitas kr\u016btin\u0117s apimties matavimas pad\u0117s jums apsispr\u0119sti prie\u0161 renkantis.<\/p>\n<p>Sud\u0117tis: 45% poliamidas, 10% elastanas, 45% poliesteris.<\/p>\n<p>\ud83d\udd4a\ufe0f Klasikinis komfortas\u2026 su tikru prilaikymu.<\/p>","protected":false},"excerpt":{"rendered":"<p>El sujetador Selene modelo Maite es de esos modelos que te solucionan el d\u00eda: l\u00ednea cl\u00e1sica, sin aros y sin relleno, con un patr\u00f3n pensado para dar sujeci\u00f3n de verdad sin apretar ni marcar. Su tejido Simplex aporta firmeza y estabilidad, ideal si buscas un sujetador c\u00f3modo para diario que mantenga el pecho bien colocado [&hellip;]<\/p>\n","protected":false},"featured_media":1444,"comment_status":"open","ping_status":"closed","template":"","meta":{"content-type":""},"product_brand":[55],"product_cat":[25,20],"product_tag":[56,60],"class_list":{"0":"post-618","1":"product","2":"type-product","3":"status-publish","4":"has-post-thumbnail","6":"product_brand-selene","7":"product_cat-sin-aros","8":"product_cat-sujetador","9":"product_tag-sujetador","10":"product_tag-sujetador-sin-aros","12":"first","13":"instock","14":"taxable","15":"shipping-taxable","16":"purchasable","17":"product-type-variable"},"supplier_id":null,"supplier_sku":"","barcode":null,"atum_controlled":true,"out_stock_date":null,"out_stock_threshold":null,"inheritable":true,"inbound_stock":null,"stock_on_hold":0,"sold_today":0,"sales_last_days":0,"reserved_stock":null,"customer_returns":null,"warehouse_damage":null,"lost_in_post":null,"other_logs":null,"out_stock_days":0,"lost_sales":0,"has_location":false,"update_date":"2026-01-07T20:23:55","atum_locations":[],"atum_stock_status":"instock","restock_status":false,"low_stock_amount":"","sales_update_date":"2025-08-19T02:35:53","calc_backorders":null,"yoast_head":"<!-- This site is optimized with the Yoast SEO plugin v27.4 - https:\/\/yoast.com\/product\/yoast-seo-wordpress\/ -->\n<title>Sujetador Selene Maite - Rosana CL<\/title>\n<meta name=\"robots\" content=\"index, follow, max-snippet:-1, max-image-preview:large, max-video-preview:-1\" \/>\n<link rel=\"canonical\" href=\"https:\/\/rosanacl.com\/lt\/produktas\/sujetador-modelo-maite\/\" \/>\n<meta property=\"og:locale\" content=\"lt_LT\" \/>\n<meta property=\"og:type\" content=\"article\" \/>\n<meta property=\"og:title\" content=\"Sujetador Selene Maite - Rosana CL\" \/>\n<meta property=\"og:description\" content=\"El sujetador Selene modelo Maite es de esos modelos que te solucionan el d\u00eda: l\u00ednea cl\u00e1sica, sin aros y sin relleno, con un patr\u00f3n pensado para dar sujeci\u00f3n de verdad sin apretar ni marcar. Su tejido Simplex aporta firmeza y estabilidad, ideal si buscas un sujetador c\u00f3modo para diario que mantenga el pecho bien colocado [&hellip;]\" \/>\n<meta property=\"og:url\" content=\"https:\/\/rosanacl.com\/lt\/produktas\/sujetador-modelo-maite\/\" \/>\n<meta property=\"og:site_name\" content=\"Rosana CL\" \/>\n<meta property=\"article:modified_time\" content=\"2026-01-07T20:23:54+00:00\" \/>\n<meta property=\"og:image\" content=\"https:\/\/rosanacl.com\/wp-content\/uploads\/2025\/04\/Sujetador-modelo-Maite-000001.webp\" \/>\n\t<meta property=\"og:image:width\" content=\"1000\" \/>\n\t<meta property=\"og:image:height\" content=\"1000\" \/>\n\t<meta property=\"og:image:type\" content=\"image\/webp\" \/>\n<meta name=\"twitter:card\" content=\"summary_large_image\" \/>\n<meta name=\"twitter:label1\" content=\"Est. reading time\" \/>\n\t<meta name=\"twitter:data1\" content=\"2 minut\u0117s\" \/>\n<script type=\"application\/ld+json\" class=\"yoast-schema-graph\">{\"@context\":\"https:\\\/\\\/schema.org\",\"@graph\":[{\"@type\":\"WebPage\",\"@id\":\"https:\\\/\\\/rosanacl.com\\\/producto\\\/sujetador-modelo-maite\\\/\",\"url\":\"https:\\\/\\\/rosanacl.com\\\/producto\\\/sujetador-modelo-maite\\\/\",\"name\":\"Sujetador Selene Maite - Rosana CL\",\"isPartOf\":{\"@id\":\"https:\\\/\\\/rosanacl.com\\\/ca\\\/#website\"},\"primaryImageOfPage\":{\"@id\":\"https:\\\/\\\/rosanacl.com\\\/producto\\\/sujetador-modelo-maite\\\/#primaryimage\"},\"image\":{\"@id\":\"https:\\\/\\\/rosanacl.com\\\/producto\\\/sujetador-modelo-maite\\\/#primaryimage\"},\"thumbnailUrl\":\"https:\\\/\\\/rosanacl.com\\\/wp-content\\\/uploads\\\/2025\\\/04\\\/Sujetador-modelo-Maite-000001.webp\",\"datePublished\":\"2025-04-29T17:20:58+00:00\",\"dateModified\":\"2026-01-07T20:23:54+00:00\",\"breadcrumb\":{\"@id\":\"https:\\\/\\\/rosanacl.com\\\/producto\\\/sujetador-modelo-maite\\\/#breadcrumb\"},\"inLanguage\":\"lt-LT\",\"potentialAction\":[{\"@type\":\"ReadAction\",\"target\":[\"https:\\\/\\\/rosanacl.com\\\/producto\\\/sujetador-modelo-maite\\\/\"]}]},{\"@type\":\"ImageObject\",\"inLanguage\":\"lt-LT\",\"@id\":\"https:\\\/\\\/rosanacl.com\\\/producto\\\/sujetador-modelo-maite\\\/#primaryimage\",\"url\":\"https:\\\/\\\/rosanacl.com\\\/wp-content\\\/uploads\\\/2025\\\/04\\\/Sujetador-modelo-Maite-000001.webp\",\"contentUrl\":\"https:\\\/\\\/rosanacl.com\\\/wp-content\\\/uploads\\\/2025\\\/04\\\/Sujetador-modelo-Maite-000001.webp\",\"width\":1000,\"height\":1000},{\"@type\":\"BreadcrumbList\",\"@id\":\"https:\\\/\\\/rosanacl.com\\\/producto\\\/sujetador-modelo-maite\\\/#breadcrumb\",\"itemListElement\":[{\"@type\":\"ListItem\",\"position\":1,\"name\":\"Portada\",\"item\":\"https:\\\/\\\/rosanacl.com\\\/ca\\\/\"},{\"@type\":\"ListItem\",\"position\":2,\"name\":\"Tienda\",\"item\":\"https:\\\/\\\/rosanacl.com\\\/ca\\\/tienda\\\/\"},{\"@type\":\"ListItem\",\"position\":3,\"name\":\"Sujetador Selene Maite\"}]},{\"@type\":\"WebSite\",\"@id\":\"https:\\\/\\\/rosanacl.com\\\/ca\\\/#website\",\"url\":\"https:\\\/\\\/rosanacl.com\\\/ca\\\/\",\"name\":\"Rosana CL\",\"description\":\"Somos tu interior\",\"potentialAction\":[{\"@type\":\"SearchAction\",\"target\":{\"@type\":\"EntryPoint\",\"urlTemplate\":\"https:\\\/\\\/rosanacl.com\\\/ca\\\/?s={search_term_string}\"},\"query-input\":{\"@type\":\"PropertyValueSpecification\",\"valueRequired\":true,\"valueName\":\"search_term_string\"}}],\"inLanguage\":\"lt-LT\"}]}<\/script>\n<!-- \/ Yoast SEO plugin. -->","yoast_head_json":{"title":"Sujetador Selene Maite - Rosana CL","robots":{"index":"index","follow":"follow","max-snippet":"max-snippet:-1","max-image-preview":"max-image-preview:large","max-video-preview":"max-video-preview:-1"},"canonical":"https:\/\/rosanacl.com\/lt\/produktas\/sujetador-modelo-maite\/","og_locale":"lt_LT","og_type":"article","og_title":"Sujetador Selene Maite - Rosana CL","og_description":"El sujetador Selene modelo Maite es de esos modelos que te solucionan el d\u00eda: l\u00ednea cl\u00e1sica, sin aros y sin relleno, con un patr\u00f3n pensado para dar sujeci\u00f3n de verdad sin apretar ni marcar. Su tejido Simplex aporta firmeza y estabilidad, ideal si buscas un sujetador c\u00f3modo para diario que mantenga el pecho bien colocado [&hellip;]","og_url":"https:\/\/rosanacl.com\/lt\/produktas\/sujetador-modelo-maite\/","og_site_name":"Rosana CL","article_modified_time":"2026-01-07T20:23:54+00:00","og_image":[{"width":1000,"height":1000,"url":"https:\/\/rosanacl.com\/wp-content\/uploads\/2025\/04\/Sujetador-modelo-Maite-000001.webp","type":"image\/webp"}],"twitter_card":"summary_large_image","twitter_misc":{"Est. reading time":"2 minut\u0117s"},"schema":{"@context":"https:\/\/schema.org","@graph":[{"@type":"WebPage","@id":"https:\/\/rosanacl.com\/producto\/sujetador-modelo-maite\/","url":"https:\/\/rosanacl.com\/producto\/sujetador-modelo-maite\/","name":"Sujetador Selene Maite - Rosana CL","isPartOf":{"@id":"https:\/\/rosanacl.com\/ca\/#website"},"primaryImageOfPage":{"@id":"https:\/\/rosanacl.com\/producto\/sujetador-modelo-maite\/#primaryimage"},"image":{"@id":"https:\/\/rosanacl.com\/producto\/sujetador-modelo-maite\/#primaryimage"},"thumbnailUrl":"https:\/\/rosanacl.com\/wp-content\/uploads\/2025\/04\/Sujetador-modelo-Maite-000001.webp","datePublished":"2025-04-29T17:20:58+00:00","dateModified":"2026-01-07T20:23:54+00:00","breadcrumb":{"@id":"https:\/\/rosanacl.com\/producto\/sujetador-modelo-maite\/#breadcrumb"},"inLanguage":"lt-LT","potentialAction":[{"@type":"ReadAction","target":["https:\/\/rosanacl.com\/producto\/sujetador-modelo-maite\/"]}]},{"@type":"ImageObject","inLanguage":"lt-LT","@id":"https:\/\/rosanacl.com\/producto\/sujetador-modelo-maite\/#primaryimage","url":"https:\/\/rosanacl.com\/wp-content\/uploads\/2025\/04\/Sujetador-modelo-Maite-000001.webp","contentUrl":"https:\/\/rosanacl.com\/wp-content\/uploads\/2025\/04\/Sujetador-modelo-Maite-000001.webp","width":1000,"height":1000},{"@type":"BreadcrumbList","@id":"https:\/\/rosanacl.com\/producto\/sujetador-modelo-maite\/#breadcrumb","itemListElement":[{"@type":"ListItem","position":1,"name":"Portada","item":"https:\/\/rosanacl.com\/ca\/"},{"@type":"ListItem","position":2,"name":"Tienda","item":"https:\/\/rosanacl.com\/ca\/tienda\/"},{"@type":"ListItem","position":3,"name":"Sujetador Selene Maite"}]},{"@type":"WebSite","@id":"https:\/\/rosanacl.com\/ca\/#website","url":"https:\/\/rosanacl.com\/ca\/","name":"Rosana CL","description":"Mes esame j\u016bs\u0173 interjeras","potentialAction":[{"@type":"SearchAction","target":{"@type":"EntryPoint","urlTemplate":"https:\/\/rosanacl.com\/ca\/?s={search_term_string}"},"query-input":{"@type":"PropertyValueSpecification","valueRequired":true,"valueName":"search_term_string"}}],"inLanguage":"lt-LT"}]}},"_links":{"self":[{"href":"https:\/\/rosanacl.com\/lt\/wp-json\/wp\/v2\/product\/618","targetHints":{"allow":["GET"]}}],"collection":[{"href":"https:\/\/rosanacl.com\/lt\/wp-json\/wp\/v2\/product"}],"about":[{"href":"https:\/\/rosanacl.com\/lt\/wp-json\/wp\/v2\/types\/product"}],"replies":[{"embeddable":true,"href":"https:\/\/rosanacl.com\/lt\/wp-json\/wp\/v2\/comments?post=618"}],"version-history":[{"count":5,"href":"https:\/\/rosanacl.com\/lt\/wp-json\/wp\/v2\/product\/618\/revisions"}],"predecessor-version":[{"id":4618,"href":"https:\/\/rosanacl.com\/lt\/wp-json\/wp\/v2\/product\/618\/revisions\/4618"}],"wp:featuredmedia":[{"embeddable":true,"href":"https:\/\/rosanacl.com\/lt\/wp-json\/wp\/v2\/media\/1444"}],"wp:attachment":[{"href":"https:\/\/rosanacl.com\/lt\/wp-json\/wp\/v2\/media?parent=618"}],"wp:term":[{"taxonomy":"product_brand","embeddable":true,"href":"https:\/\/rosanacl.com\/lt\/wp-json\/wp\/v2\/product_brand?post=618"},{"taxonomy":"product_cat","embeddable":true,"href":"https:\/\/rosanacl.com\/lt\/wp-json\/wp\/v2\/product_cat?post=618"},{"taxonomy":"product_tag","embeddable":true,"href":"https:\/\/rosanacl.com\/lt\/wp-json\/wp\/v2\/product_tag?post=618"}],"curies":[{"name":"wp","href":"https:\/\/api.w.org\/{rel}","templated":true}]}}