{"id":16,"date":"2025-03-28T15:59:16","date_gmt":"2025-03-28T18:59:16","guid":{"rendered":"https:\/\/innovacon.simplificandotuweb.com\/?page_id=16"},"modified":"2025-07-09T08:54:15","modified_gmt":"2025-07-09T06:54:15","slug":"politica-de-cookies","status":"publish","type":"page","link":"https:\/\/rosanacl.com\/lv\/politica-de-cookies\/","title":{"rendered":"S\u012bkfailu politika"},"content":{"rendered":"<div data-elementor-type=\"wp-page\" data-elementor-id=\"16\" class=\"elementor elementor-16\" data-elementor-post-type=\"page\">\n\t\t\t\t<div class=\"elementor-element elementor-element-3406fa7 e-flex e-con-boxed e-con e-parent\" data-id=\"3406fa7\" data-element_type=\"container\" data-e-type=\"container\" data-settings=\"{&quot;background_background&quot;:&quot;classic&quot;}\">\n\t\t\t\t\t<div class=\"e-con-inner\">\n\t\t<div class=\"elementor-element elementor-element-d212998 e-con-full e-flex e-con e-child\" data-id=\"d212998\" data-element_type=\"container\" data-e-type=\"container\">\n\t\t\t\t<div class=\"elementor-element elementor-element-973e9ce elementor-widget elementor-widget-heading\" data-id=\"973e9ce\" data-element_type=\"widget\" data-e-type=\"widget\" data-widget_type=\"heading.default\">\n\t\t\t\t<div class=\"elementor-widget-container\">\n\t\t\t\t\t<h2 class=\"elementor-heading-title elementor-size-default\">S\u012bkfailu politika<\/h2>\t\t\t\t<\/div>\n\t\t\t\t<\/div>\n\t\t\t\t<\/div>\n\t\t\t\t\t<\/div>\n\t\t\t\t<\/div>\n\t\t<div class=\"elementor-element elementor-element-504b4f4d e-flex e-con-boxed e-con e-parent\" data-id=\"504b4f4d\" data-element_type=\"container\" data-e-type=\"container\">\n\t\t\t\t\t<div class=\"e-con-inner\">\n\t\t\t\t<div class=\"elementor-element elementor-element-36706845 elementor-widget elementor-widget-text-editor\" data-id=\"36706845\" data-element_type=\"widget\" data-e-type=\"widget\" data-widget_type=\"text-editor.default\">\n\t\t\t\t<div class=\"elementor-widget-container\">\n\t\t\t\t\t\t\t\t\t\n<p>\u0160\u012b s\u012bkfailu politika p\u0113d\u0113jo reizi tika atjaunin\u0101ta 2024. gada 8. janv\u0101r\u012b un attiecas uz Eiropas Ekonomikas zonas un \u0160veices pilso\u0146iem un likum\u012bgajiem past\u0101v\u012bgajiem iedz\u012bvot\u0101jiem.<\/p>\n\n<p><strong>1. Ievads<\/strong><\/p>\n\n<p>M\u016bsu t\u012bmek\u013ca vietne, <a href=\"https:\/\/rosanacl.com\/lv\/\">https:\/\/rosanacl.com\/<\/a> (turpm\u0101k tekst\u0101 \u2014 \u201ct\u012bmek\u013ca vietne\u201d) izmanto s\u012bkfailus un citas saist\u012btas tehnolo\u0123ijas (\u0113rt\u012bbas labad visas tehnolo\u0123ijas tiek sauktas par \u201cs\u012bkfailiem\u201d). S\u012bkfailus ievieto ar\u012b tre\u0161\u0101s puses, ar kur\u0101m esam nosl\u0113gu\u0161i l\u012bgumus. \u0160aj\u0101 dokument\u0101 j\u016bs inform\u0113jam par s\u012bkfailu izmanto\u0161anu m\u016bsu t\u012bmek\u013ca vietn\u0113.<\/p>\n\n<p><strong>2. Kas ir s\u012bkfaili?<\/strong><\/p>\n\n<p>S\u012bkfails ir neliels fails, kas tiek nos\u016bt\u012bts kop\u0101 ar \u0161\u012bs t\u012bmek\u013ca vietnes lap\u0101m un ko j\u016bsu p\u0101rl\u016bkprogramma saglab\u0101 j\u016bsu datora vai citas ier\u012bces cietaj\u0101 disk\u0101. Saglab\u0101t\u0101 inform\u0101cija var tikt atgriezta m\u016bsu serveriem vai atbilsto\u0161iem tre\u0161o pu\u0161u serveriem n\u0101kam\u0101s viz\u012btes laik\u0101.<\/p>\n\n<p><strong>3. Kas ir skripti?<\/strong><\/p>\n\n<p>Skripts ir programmas koda fragments, ko izmanto, lai m\u016bsu t\u012bmek\u013ca vietne darbotos pareizi un interakt\u012bvi. \u0160is kods darbojas m\u016bsu server\u012b vai j\u016bsu ier\u012bc\u0113.<\/p>\n\n<p><strong>4. Kas ir t\u012bmek\u013ca b\u0101ksign\u0101ls?<\/strong><\/p>\n\n<p>T\u012bmek\u013ca b\u0101ksign\u0101ls (jeb pikse\u013ca birka) ir neliels, neredzams teksta vai att\u0113la fragments t\u012bmek\u013ca vietn\u0113, kas tiek izmantots t\u012bmek\u013ca vietnes datpl\u016bsmas uzraudz\u012bbai. Lai to izdar\u012btu, da\u017e\u0101di dati par jums tiek glab\u0101ti, izmantojot \u0161os t\u012bmek\u013ca b\u0101ksign\u0101lus.<\/p>\n\n<p><strong>5. S\u012bkfaili<\/strong><\/p>\n\n<p><strong>5.1 Tehnisk\u0101s vai funkcion\u0101l\u0101s s\u012bkdatnes<\/strong><\/p>\n\n<p>Da\u017eas s\u012bkdatnes nodro\u0161ina, ka noteiktas vietnes da\u013cas darbojas pareizi un ka j\u016bsu lietot\u0101ja preferences paliek zin\u0101mas. Izvietojot funkcion\u0101l\u0101s s\u012bkdatnes, m\u0113s atvieglojam j\u016bsu apmekl\u0113jumu m\u016bsu vietn\u0113. T\u0101d\u0101 veid\u0101, apmekl\u0113jot m\u016bsu vietni, jums nav atk\u0101rtoti j\u0101ievada viena un t\u0101 pati inform\u0101cija, un, piem\u0113ram, preces paliek j\u016bsu iepirkumu groz\u0101, l\u012bdz esat veicis apmaksu. M\u0113s varam izvietot \u0161\u012bs s\u012bkdatnes bez j\u016bsu piekri\u0161anas.<\/p>\n\n<p><strong>5.2 M\u0101rketinga\/izseko\u0161anas s\u012bkfaili<\/strong><\/p>\n\n<p>M\u0101rketinga\/izseko\u0161anas s\u012bkfaili ir s\u012bkfaili vai citi lok\u0101l\u0101s kr\u0101tuves veidi, ko izmanto, lai izveidotu lietot\u0101ju profilus ar m\u0113r\u0137i r\u0101d\u012bt rekl\u0101mas vai izsekot lietot\u0101jus \u0161aj\u0101 t\u012bmek\u013ca vietn\u0113 vai vair\u0101k\u0101s t\u012bmek\u013ca vietn\u0113s l\u012bdz\u012bgiem m\u0101rketinga m\u0113r\u0137iem.<\/p>\n\n<p><strong>6. Izmantot\u0101s s\u012bkdatnes<\/strong><\/p>\n\n<ul class=\"wp-block-list\">\n<li>Elementor \u2013 Statistika (anon\u012bms)<\/li>\n<li>Piekri\u0161ana pakalpojuma elementam<\/li>\n<li>WordPress \u2013 Funkcion\u0101ls<\/li>\n<li>Piekri\u0161ana pakalpojumam WordPress<\/li>\n<li>Da\u017e\u0101di \u2013 m\u0113r\u0137is v\u0113l nav noskaidrots<\/li>\n<li>Piekri\u0161ana da\u017e\u0101du pakalpojumu snieg\u0161anai<\/li>\n<\/ul>\n\n<p><strong>7. Piekri\u0161ana<\/strong><\/p>\n\n<p>Kad pirmo reizi apmekl\u0113siet m\u016bsu t\u012bmek\u013ca vietni, m\u0113s par\u0101d\u012bsim uznirsto\u0161o logu ar s\u012bkfailu skaidrojumu. Tikl\u012bdz noklik\u0161\u0137in\u0101siet uz \u201cSaglab\u0101t preferences\u201d, j\u016bs piekr\u012btat, ka m\u0113s izmantosim uznirsto\u0161aj\u0101 log\u0101 atlas\u012bt\u0101s s\u012bkfailu un spraud\u0146u kategorijas, k\u0101 aprakst\u012bts \u0161aj\u0101 s\u012bkfailu politik\u0101. J\u016bs varat atsp\u0113jot s\u012bkfailu izmanto\u0161anu sav\u0101 p\u0101rl\u016bkprogramm\u0101, ta\u010du, l\u016bdzu, \u0146emiet v\u0113r\u0101, ka m\u016bsu t\u012bmek\u013ca vietne vairs var nedarboties pareizi.<\/p>\n\n<p><strong>7.1 P\u0101rvaldiet savus piekri\u0161anas iestat\u012bjumus<\/strong><\/p>\n\n<ul class=\"wp-block-list\">\n<li>Funkcion\u0101ls \u2013 vienm\u0113r akt\u012bvs<\/li>\n<li>M\u0101rketings \u2013 M\u0101rketings<\/li>\n<\/ul>\n\n<p><strong>8. S\u012bkfailu aktiviz\u0113\u0161ana\/deaktiviz\u0113\u0161ana un dz\u0113\u0161ana<\/strong><\/p>\n\n<p>J\u016bs varat izmantot savu interneta p\u0101rl\u016bkprogrammu, lai autom\u0101tiski vai manu\u0101li dz\u0113stu s\u012bkfailus. Varat ar\u012b nor\u0101d\u012bt, ka noteikti s\u012bkfaili netiek ievietoti. V\u0113l viena iesp\u0113ja ir main\u012bt interneta p\u0101rl\u016bkprogrammas iestat\u012bjumus t\u0101, lai j\u016bs sa\u0146emtu zi\u0146ojumu katru reizi, kad tiek ievietots s\u012bkfails. Lai ieg\u016btu pla\u0161\u0101ku inform\u0101ciju par \u0161\u012bm iesp\u0113j\u0101m, l\u016bdzu, skatiet nor\u0101d\u012bjumus savas p\u0101rl\u016bkprogrammas sada\u013c\u0101 \u201cPal\u012bdz\u012bba\u201d.<\/p>\n\n<p>L\u016bdzu, \u0146emiet v\u0113r\u0101, ka m\u016bsu t\u012bmek\u013ca vietne var nedarboties pareizi, ja visas s\u012bkdatnes ir atsp\u0113jotas. Ja izdz\u0113s\u012bsiet s\u012bkdatnes no savas p\u0101rl\u016bkprogrammas, t\u0101s tiks atk\u0101rtoti izvietotas p\u0113c j\u016bsu piekri\u0161anas, kad atkal apmekl\u0113siet m\u016bsu t\u012bmek\u013ca vietnes.<\/p>\n\n<p><strong>9. J\u016bsu ties\u012bbas attiec\u012bb\u0101 uz personas datiem<\/strong><\/p>\n\n<ul class=\"wp-block-list\">\n<li>Jums ir ties\u012bbas zin\u0101t, k\u0101p\u0113c j\u016bsu personas dati ir nepiecie\u0161ami, kas ar tiem notiks un cik ilgi tie tiks glab\u0101ti.<\/li>\n<li>Piek\u013cuves ties\u012bbas: Jums ir ties\u012bbas piek\u013c\u016bt saviem personas datiem, kas mums ir zin\u0101mi.<\/li>\n<li>Ties\u012bbas uz labo\u0161anu: Jums ir ties\u012bbas jebkur\u0101 laik\u0101 papildin\u0101t, labot, dz\u0113st vai blo\u0137\u0113t savus personas datus.<\/li>\n<li>Ja j\u016bs sniedzat mums savu piekri\u0161anu j\u016bsu datu apstr\u0101dei, jums ir ties\u012bbas atsaukt \u0161o piekri\u0161anu un pan\u0101kt savu personas datu dz\u0113\u0161anu.<\/li>\n<li>Ties\u012bbas p\u0101rnest savus datus: Jums ir ties\u012bbas piepras\u012bt visus savus personas datus no datu p\u0101rzi\u0146a un piln\u012bb\u0101 p\u0101rs\u016bt\u012bt tos citam datu p\u0101rzinim.<\/li>\n<li>Ties\u012bbas iebilst: Jums ir ties\u012bbas iebilst pret j\u016bsu datu apstr\u0101di. M\u0113s to iev\u0113rosim, ja vien apstr\u0101dei neb\u016bs pamatotu iemeslu.<\/li>\n<\/ul>\n\n<p>Lai \u012bstenotu \u0161\u012bs ties\u012bbas, l\u016bdzu, sazinieties ar mums. L\u016bdzu, skatiet kontaktinform\u0101ciju \u0161\u012bs s\u012bkfailu politikas apak\u0161da\u013c\u0101. Ja jums ir k\u0101das s\u016bdz\u012bbas par to, k\u0101 m\u0113s apstr\u0101d\u0101jam j\u016bsu datus, m\u0113s labpr\u0101t uzklaus\u012btu j\u016bs, ta\u010du jums ir ar\u012b ties\u012bbas iesniegt s\u016bdz\u012bbu uzraudz\u012bbas iest\u0101dei (Datu aizsardz\u012bbas iest\u0101dei).<\/p>\n\n<p><strong>10. Kontaktinform\u0101cija<\/strong><\/p>\n\n<p>Ja jums ir jaut\u0101jumi un\/vai koment\u0101ri par m\u016bsu s\u012bkfailu politiku un \u0161o pazi\u0146ojumu, l\u016bdzu, sazinieties ar mums, izmantojot \u0161\u0101du kontaktinform\u0101ciju:<\/p>\n\n<ul class=\"wp-block-list\">\n<li>Uz\u0146\u0113mums: Pablo Angulo Maspons<\/li>\n<li>Iedz\u012bvot\u0101ju skaits: Vinaroz, Sp\u0101nija<\/li>\n<li>T\u0101lrunis: 613395013<\/li>\n<li>Pasts:<a href=\"mailto:info@rosanacl.com\"> info@rosanacl.com<\/a>\u00a0<\/li>\n<\/ul>\n\n<p>\u0160\u012b s\u012bkfailu politika ir sinhroniz\u0113ta ar <a href=\"https:\/\/cookiedatabase.org\">s\u012bkdatub\u0101ze.org<\/a> 2024. gada 1. august\u0101.<\/p>\n\n<p>\u00a0<\/p>\t\t\t\t\t\t\t\t<\/div>\n\t\t\t\t<\/div>\n\t\t\t\t\t<\/div>\n\t\t\t\t<\/div>\n\t\t\t\t<\/div>","protected":false},"excerpt":{"rendered":"<p>Esta pol\u00edtica de cookies fue actualizada por \u00faltima vez el 08\/01\/2024 y se aplica a los ciudadanos y residentes legales permanentes del Espacio Econ\u00f3mico Europeo y Suiza. 1. Introducci\u00f3n Nuestra web, https:\/\/rosanacl.com\/ (en adelante: \u00abla web\u00bb) utiliza cookies y otras tecnolog\u00edas relacionadas (para mayor comodidad, todas las tecnolog\u00edas se denominan \u00abcookies\u00bb). Las cookies tambi\u00e9n son [&hellip;]<\/p>\n","protected":false},"author":1,"featured_media":0,"parent":0,"menu_order":0,"comment_status":"closed","ping_status":"closed","template":"","meta":{"content-type":"","footnotes":""},"class_list":["post-16","page","type-page","status-publish","hentry"],"yoast_head":"<!-- This site is optimized with the Yoast SEO plugin v27.4 - https:\/\/yoast.com\/product\/yoast-seo-wordpress\/ -->\n<title>Pol\u00edtica de Cookies - Rosana CL<\/title>\n<meta name=\"robots\" content=\"index, follow, max-snippet:-1, max-image-preview:large, max-video-preview:-1\" \/>\n<link rel=\"canonical\" href=\"https:\/\/rosanacl.com\/lv\/politica-de-cookies\/\" \/>\n<meta property=\"og:locale\" content=\"lv_LV\" \/>\n<meta property=\"og:type\" content=\"article\" \/>\n<meta property=\"og:title\" content=\"Pol\u00edtica de Cookies - Rosana CL\" \/>\n<meta property=\"og:description\" content=\"Esta pol\u00edtica de cookies fue actualizada por \u00faltima vez el 08\/01\/2024 y se aplica a los ciudadanos y residentes legales permanentes del Espacio Econ\u00f3mico Europeo y Suiza. 1. Introducci\u00f3n Nuestra web, https:\/\/rosanacl.com\/ (en adelante: \u00abla web\u00bb) utiliza cookies y otras tecnolog\u00edas relacionadas (para mayor comodidad, todas las tecnolog\u00edas se denominan \u00abcookies\u00bb). Las cookies tambi\u00e9n son [&hellip;]\" \/>\n<meta property=\"og:url\" content=\"https:\/\/rosanacl.com\/lv\/politica-de-cookies\/\" \/>\n<meta property=\"og:site_name\" content=\"Rosana CL\" \/>\n<meta property=\"article:modified_time\" content=\"2025-07-09T06:54:15+00:00\" \/>\n<meta name=\"twitter:card\" content=\"summary_large_image\" \/>\n<meta name=\"twitter:label1\" content=\"Est. reading time\" \/>\n\t<meta name=\"twitter:data1\" content=\"4 min\u016btes\" \/>\n<script type=\"application\/ld+json\" class=\"yoast-schema-graph\">{\"@context\":\"https:\\\/\\\/schema.org\",\"@graph\":[{\"@type\":\"WebPage\",\"@id\":\"https:\\\/\\\/rosanacl.com\\\/eu\\\/politica-de-cookies\\\/\",\"url\":\"https:\\\/\\\/rosanacl.com\\\/eu\\\/politica-de-cookies\\\/\",\"name\":\"Pol\u00edtica de Cookies - Rosana CL\",\"isPartOf\":{\"@id\":\"https:\\\/\\\/rosanacl.com\\\/ca\\\/#website\"},\"datePublished\":\"2025-03-28T18:59:16+00:00\",\"dateModified\":\"2025-07-09T06:54:15+00:00\",\"breadcrumb\":{\"@id\":\"https:\\\/\\\/rosanacl.com\\\/eu\\\/politica-de-cookies\\\/#breadcrumb\"},\"inLanguage\":\"lv-LV\",\"potentialAction\":[{\"@type\":\"ReadAction\",\"target\":[\"https:\\\/\\\/rosanacl.com\\\/eu\\\/politica-de-cookies\\\/\"]}]},{\"@type\":\"BreadcrumbList\",\"@id\":\"https:\\\/\\\/rosanacl.com\\\/eu\\\/politica-de-cookies\\\/#breadcrumb\",\"itemListElement\":[{\"@type\":\"ListItem\",\"position\":1,\"name\":\"Portada\",\"item\":\"https:\\\/\\\/rosanacl.com\\\/ca\\\/\"},{\"@type\":\"ListItem\",\"position\":2,\"name\":\"Pol\u00edtica de Cookies\"}]},{\"@type\":\"WebSite\",\"@id\":\"https:\\\/\\\/rosanacl.com\\\/ca\\\/#website\",\"url\":\"https:\\\/\\\/rosanacl.com\\\/ca\\\/\",\"name\":\"Rosana CL\",\"description\":\"Somos tu interior\",\"potentialAction\":[{\"@type\":\"SearchAction\",\"target\":{\"@type\":\"EntryPoint\",\"urlTemplate\":\"https:\\\/\\\/rosanacl.com\\\/ca\\\/?s={search_term_string}\"},\"query-input\":{\"@type\":\"PropertyValueSpecification\",\"valueRequired\":true,\"valueName\":\"search_term_string\"}}],\"inLanguage\":\"lv-LV\"}]}<\/script>\n<!-- \/ Yoast SEO plugin. -->","yoast_head_json":{"title":"Pol\u00edtica de Cookies - Rosana CL","robots":{"index":"index","follow":"follow","max-snippet":"max-snippet:-1","max-image-preview":"max-image-preview:large","max-video-preview":"max-video-preview:-1"},"canonical":"https:\/\/rosanacl.com\/lv\/politica-de-cookies\/","og_locale":"lv_LV","og_type":"article","og_title":"Pol\u00edtica de Cookies - Rosana CL","og_description":"Esta pol\u00edtica de cookies fue actualizada por \u00faltima vez el 08\/01\/2024 y se aplica a los ciudadanos y residentes legales permanentes del Espacio Econ\u00f3mico Europeo y Suiza. 1. Introducci\u00f3n Nuestra web, https:\/\/rosanacl.com\/ (en adelante: \u00abla web\u00bb) utiliza cookies y otras tecnolog\u00edas relacionadas (para mayor comodidad, todas las tecnolog\u00edas se denominan \u00abcookies\u00bb). Las cookies tambi\u00e9n son [&hellip;]","og_url":"https:\/\/rosanacl.com\/lv\/politica-de-cookies\/","og_site_name":"Rosana CL","article_modified_time":"2025-07-09T06:54:15+00:00","twitter_card":"summary_large_image","twitter_misc":{"Est. reading time":"4 min\u016btes"},"schema":{"@context":"https:\/\/schema.org","@graph":[{"@type":"WebPage","@id":"https:\/\/rosanacl.com\/eu\/politica-de-cookies\/","url":"https:\/\/rosanacl.com\/eu\/politica-de-cookies\/","name":"Pol\u00edtica de Cookies - Rosana CL","isPartOf":{"@id":"https:\/\/rosanacl.com\/ca\/#website"},"datePublished":"2025-03-28T18:59:16+00:00","dateModified":"2025-07-09T06:54:15+00:00","breadcrumb":{"@id":"https:\/\/rosanacl.com\/eu\/politica-de-cookies\/#breadcrumb"},"inLanguage":"lv-LV","potentialAction":[{"@type":"ReadAction","target":["https:\/\/rosanacl.com\/eu\/politica-de-cookies\/"]}]},{"@type":"BreadcrumbList","@id":"https:\/\/rosanacl.com\/eu\/politica-de-cookies\/#breadcrumb","itemListElement":[{"@type":"ListItem","position":1,"name":"Portada","item":"https:\/\/rosanacl.com\/ca\/"},{"@type":"ListItem","position":2,"name":"Pol\u00edtica de Cookies"}]},{"@type":"WebSite","@id":"https:\/\/rosanacl.com\/ca\/#website","url":"https:\/\/rosanacl.com\/ca\/","name":"Rosana CL","description":"M\u0113s esam j\u016bsu interjers","potentialAction":[{"@type":"SearchAction","target":{"@type":"EntryPoint","urlTemplate":"https:\/\/rosanacl.com\/ca\/?s={search_term_string}"},"query-input":{"@type":"PropertyValueSpecification","valueRequired":true,"valueName":"search_term_string"}}],"inLanguage":"lv-LV"}]}},"_links":{"self":[{"href":"https:\/\/rosanacl.com\/lv\/wp-json\/wp\/v2\/pages\/16","targetHints":{"allow":["GET"]}}],"collection":[{"href":"https:\/\/rosanacl.com\/lv\/wp-json\/wp\/v2\/pages"}],"about":[{"href":"https:\/\/rosanacl.com\/lv\/wp-json\/wp\/v2\/types\/page"}],"author":[{"embeddable":true,"href":"https:\/\/rosanacl.com\/lv\/wp-json\/wp\/v2\/users\/1"}],"replies":[{"embeddable":true,"href":"https:\/\/rosanacl.com\/lv\/wp-json\/wp\/v2\/comments?post=16"}],"version-history":[{"count":0,"href":"https:\/\/rosanacl.com\/lv\/wp-json\/wp\/v2\/pages\/16\/revisions"}],"wp:attachment":[{"href":"https:\/\/rosanacl.com\/lv\/wp-json\/wp\/v2\/media?parent=16"}],"curies":[{"name":"wp","href":"https:\/\/api.w.org\/{rel}","templated":true}]}}