{"id":18,"date":"2025-03-28T16:03:06","date_gmt":"2025-03-28T19:03:06","guid":{"rendered":"https:\/\/innovacon.simplificandotuweb.com\/?page_id=18"},"modified":"2025-08-01T14:33:36","modified_gmt":"2025-08-01T12:33:36","slug":"aviso-legal","status":"publish","type":"page","link":"https:\/\/rosanacl.com\/lv\/aviso-legal\/","title":{"rendered":"Juridiskais pazi\u0146ojums"},"content":{"rendered":"<div data-elementor-type=\"wp-page\" data-elementor-id=\"18\" class=\"elementor elementor-18\" data-elementor-post-type=\"page\">\n\t\t\t\t<div class=\"elementor-element elementor-element-1f18319 e-flex e-con-boxed e-con e-parent\" data-id=\"1f18319\" data-element_type=\"container\" data-e-type=\"container\" data-settings=\"{&quot;background_background&quot;:&quot;classic&quot;}\">\n\t\t\t\t\t<div class=\"e-con-inner\">\n\t\t<div class=\"elementor-element elementor-element-c2acaab e-con-full e-flex e-con e-child\" data-id=\"c2acaab\" data-element_type=\"container\" data-e-type=\"container\">\n\t\t\t\t<div class=\"elementor-element elementor-element-6f29856 elementor-widget elementor-widget-heading\" data-id=\"6f29856\" data-element_type=\"widget\" data-e-type=\"widget\" data-widget_type=\"heading.default\">\n\t\t\t\t<div class=\"elementor-widget-container\">\n\t\t\t\t\t<h2 class=\"elementor-heading-title elementor-size-default\">Juridiskais pazi\u0146ojums<\/h2>\t\t\t\t<\/div>\n\t\t\t\t<\/div>\n\t\t\t\t<\/div>\n\t\t\t\t\t<\/div>\n\t\t\t\t<\/div>\n\t\t<div class=\"elementor-element elementor-element-7b2ac5e6 e-flex e-con-boxed e-con e-parent\" data-id=\"7b2ac5e6\" data-element_type=\"container\" data-e-type=\"container\">\n\t\t\t\t\t<div class=\"e-con-inner\">\n\t\t\t\t<div class=\"elementor-element elementor-element-2e23d7df elementor-widget elementor-widget-text-editor\" data-id=\"2e23d7df\" data-element_type=\"widget\" data-e-type=\"widget\" data-widget_type=\"text-editor.default\">\n\t\t\t\t<div class=\"elementor-widget-container\">\n\t\t\t\t\t\t\t\t\t\n<p><strong>Datu p\u0101rzinis<\/strong><\/p>\n\n<p>Saska\u0146\u0101 ar inform\u0101cijas snieg\u0161anas pien\u0101kumu, kas noteikts 2002. gada 11. j\u016blija likum\u0101 Nr. 34\/2002 par Inform\u0101cijas sabiedr\u012bbas pakalpojumiem un elektronisko tirdzniec\u012bbu, m\u0113s j\u016bs inform\u0113jam, ka \u0161\u012bs t\u012bmek\u013ca vietnes \u012bpa\u0161nieks ir:<\/p>\n\n<ul class=\"wp-block-list\">\n<li>Uz\u0146\u0113mums: Pablo Angulo Maspons<\/li>\n<li>NIF: 73394866A<\/li>\n<li>Iedz\u012bvot\u0101ju skaits: Vinaroz, Sp\u0101nija<\/li>\n<li>T\u0101lrunis: 613395013<\/li>\n<li>Pasts: <a href=\"mailto:info@rosanacl.com\">info@rosanacl.com<\/a><a href=\"mailto:info@rosanacl.com\">\u00a0<\/a><\/li>\n<\/ul>\n\n<p><strong>Objekts<\/strong><\/p>\n\n<p>P\u0101rzinis \u0161o dokumentu padara pieejamu lietot\u0101jiem ar m\u0113r\u0137i iev\u0113rot sp\u0113k\u0101 eso\u0161o datu aizsardz\u012bbas noteikumu noteikumus un jaun\u0101 tiesisk\u0101 regul\u0113juma kontekst\u0101, kas izveidots, pamatojoties uz Eiropas Parlamenta un Padomes 2016. gada 27. apr\u012b\u013ca Regulu (ES) 2016\/679 par fizisku personu aizsardz\u012bbu attiec\u012bb\u0101 uz personas datu apstr\u0101di un \u0161\u0101du datu br\u012bvu apriti (turpm\u0101k tekst\u0101 \u2013 &quot;VDAR&quot;) un valsts noteikumiem par personas datu aizsardz\u012bbu, k\u0101 ar\u012b inform\u0113t visus t\u012bmek\u013ca vietnes lietot\u0101jus par t\u0101s lieto\u0161anas nosac\u012bjumiem. Ikviena persona, kas piek\u013c\u016bst \u0161ai t\u012bmek\u013ca vietnei, uz\u0146emas lietot\u0101ja lomu, ap\u0146emoties iev\u0113rot un stingri izpild\u012bt \u0161eit izkl\u0101st\u012btos noteikumus, k\u0101 ar\u012b jebkurus citus piem\u0113rojamos ties\u012bbu aktus. P\u0101rzinis patur ties\u012bbas main\u012bt jebk\u0101da veida inform\u0101ciju, kas var par\u0101d\u012bties t\u012bmek\u013ca vietn\u0113, bez pien\u0101kuma pazi\u0146ot vai inform\u0113t lietot\u0101jus par \u0161iem pien\u0101kumiem, un public\u0113\u0161ana P\u0101rzi\u0146a t\u012bmek\u013ca vietn\u0113 tiek uzskat\u012bta par pietiekamu.<\/p>\n\n<p><strong>Atbild\u012bba<\/strong><\/p>\n\n<p>P\u0101rzinis neuz\u0146emas nek\u0101du atbild\u012bbu, kas izriet no t\u0101 t\u012bmek\u013ca vietn\u0113 public\u0113t\u0101s inform\u0101cijas, ja \u0161o inform\u0101ciju ir manipul\u0113jusi vai ievad\u012bjusi tre\u0161\u0101 persona, kas nav P\u0101rzinis.<\/p>\n\n<p><strong>IP adreses<\/strong><\/p>\n\n<p>T\u012bmek\u013ca vietnes serveri autom\u0101tiski noteiks lietot\u0101ja izmantoto IP adresi un dom\u0113na v\u0101rdu. IP adrese ir numurs, kas tiek autom\u0101tiski pie\u0161\u0137irts datoram, kad tas izveido savienojumu ar internetu. Visa \u0161\u012b inform\u0101cija tiek re\u0123istr\u0113ta pien\u0101c\u012bgi re\u0123istr\u0113t\u0101 servera aktivit\u0101\u0161u \u017eurn\u0101l\u0101, kas \u013cauj v\u0113l\u0101k apstr\u0101d\u0101t datus, lai ieg\u016btu t\u012bri statistiskus m\u0113r\u012bjumus, piem\u0113ram, lapu skat\u012bjumu skaitu, t\u012bmek\u013ca serveru apmekl\u0113jumu skaitu, apmekl\u0113jumu sec\u012bbu, piek\u013cuves punktu utt.<\/p>\n\n<p><strong>Sai\u0161u politika<\/strong><\/p>\n\n<p>No \u0161\u012bs t\u012bmek\u013ca vietnes j\u016bs varat tikt novirz\u012bts uz saturu tre\u0161o pu\u0161u t\u012bmek\u013ca vietn\u0113s. T\u0101 k\u0101 P\u0101rzinis ne vienm\u0113r var kontrol\u0113t tre\u0161o pu\u0161u sav\u0101s t\u012bmek\u013ca vietn\u0113s public\u0113to saturu, tas neuz\u0146emas nek\u0101du atbild\u012bbu par \u0161\u0101du saturu. Jebkur\u0101 gad\u012bjum\u0101 P\u0101rzinis pazi\u0146o, ka nekav\u0113joties no\u0146ems jebk\u0101du saturu, kas var p\u0101rk\u0101pt valsts vai starptautiskos ties\u012bbu aktus, mor\u0101li vai sabiedrisko k\u0101rt\u012bbu, un nekav\u0113joties no\u0146ems novirz\u012b\u0161anu uz \u0161o t\u012bmek\u013ca vietni un pazi\u0146os kompetentaj\u0101m iest\u0101d\u0113m par attiec\u012bgo saturu. P\u0101rzinis nav atbild\u012bgs par saglab\u0101to inform\u0101ciju un saturu, tostarp, bet ne tikai, forumos, t\u0113rz\u0113tav\u0101s, emu\u0101ru \u0123eneratoros, koment\u0101ros, soci\u0101lajos t\u012bklos vai jebkuros citos l\u012bdzek\u013cos, kas \u013cauj tre\u0161aj\u0101m person\u0101m patst\u0101v\u012bgi public\u0113t saturu P\u0101rzi\u0146a t\u012bmek\u013ca vietn\u0113. Tom\u0113r, iev\u0113rojot 11. un 16. pantu LSSICE (Sp\u0101nijas Inform\u0101cijas sabiedr\u012bbas pakalpojumu likums), P\u0101rzinis dara sevi pieejamu visiem lietot\u0101jiem, iest\u0101d\u0113m un dro\u0161\u012bbas sp\u0113kiem, akt\u012bvi sadarbojoties visa satura, kas var ietekm\u0113t vai p\u0101rk\u0101pt valsts vai starptautiskos ties\u012bbu aktus, tre\u0161o pu\u0161u ties\u012bbas vai mor\u0101li un sabiedrisko k\u0101rt\u012bbu, no\u0146em\u0161an\u0101 vai, attiec\u012bg\u0101 gad\u012bjum\u0101, blo\u0137\u0113\u0161an\u0101. Ja lietot\u0101js uzskata, ka t\u012bmek\u013ca vietn\u0113 ir saturs, ko var\u0113tu klasific\u0113t k\u0101 t\u0101du, l\u016bdzu, nekav\u0113joties inform\u0113jiet t\u012bmek\u013ca vietnes administratoru. \u0160\u012b t\u012bmek\u013ca vietne ir p\u0101rskat\u012bta un p\u0101rbaud\u012bta, lai nodro\u0161in\u0101tu pareizu darb\u012bbu. Princip\u0101 pareizu darb\u012bbu var garant\u0113t 365 dienas gad\u0101, 24 stundas diennakt\u012b. Tom\u0113r P\u0101rzinis neizsl\u0113dz programm\u0113\u0161anas k\u013c\u016bdu iesp\u0113jam\u012bbu vai to, ka t\u0101s var k\u013c\u016bt par nep\u0101rvaramas varas, dabas katastrofu, streiku vai l\u012bdz\u012bgu apst\u0101k\u013cu c\u0113lo\u0146iem, kas padara piek\u013cuvi t\u012bmek\u013ca vietnei neiesp\u0113jamu.<\/p>\n\n<p><strong>Datu aizsardz\u012bba<\/strong><\/p>\n\n<p>P\u0101rzinis ir stingri ap\u0146\u0113mies iev\u0113rot sp\u0113k\u0101 eso\u0161o datu aizsardz\u012bbas noteikumu noteikumus un jaun\u0101 tiesisk\u0101 regul\u0113juma kontekstu, kas izveidots, pamatojoties uz Eiropas Parlamenta un Padomes 2016. gada 27. apr\u012b\u013ca Regulu (ES) 2016\/679 par fizisku personu aizsardz\u012bbu attiec\u012bb\u0101 uz personas datu apstr\u0101di un \u0161\u0101du datu br\u012bvu apriti (turpm\u0101k tekst\u0101 \u2013 GDPR), un valsts noteikumiem par personas datu aizsardz\u012bbu. T\u0101pat P\u0101rzinis inform\u0113, ka tas iev\u0113ro 2002. gada 11. j\u016blija Likumu Nr. 34\/2002 par Inform\u0101cijas sabiedr\u012bbas pakalpojumiem un elektronisko tirdzniec\u012bbu un vienm\u0113r l\u016bgs j\u016bsu piekri\u0161anu j\u016bsu datu apstr\u0101dei komerci\u0101liem m\u0113r\u0137iem.<\/p>\n\n<p><strong>Intelektu\u0101lais un r\u016bpnieciskais \u012bpa\u0161ums<\/strong><\/p>\n\n<p>T\u012bmek\u013ca vietne, tostarp, bet ne tikai, t\u0101s programm\u0113\u0161ana, redi\u0123\u0113\u0161ana, kompil\u0101cija un citi t\u0101s darb\u012bbai nepiecie\u0161amie elementi, dizains, logotipi, teksts un\/vai grafika, ir Datu p\u0101rzi\u0146a \u012bpa\u0161ums vai, attiec\u012bg\u0101 gad\u012bjum\u0101, tiem ir licence vai skaidra autoru at\u013cauja. Viss t\u012bmek\u013ca vietnes saturs ir pien\u0101c\u012bgi aizsarg\u0101ts ar intelektu\u0101l\u0101 un r\u016bpniecisk\u0101 \u012bpa\u0161uma noteikumiem. Neatkar\u012bgi no paredz\u0113t\u0101 m\u0113r\u0137a, piln\u012bgai vai da\u013c\u0113jai reproduc\u0113\u0161anai, lieto\u0161anai, izmanto\u0161anai, izplat\u012b\u0161anai un m\u0101rketingam vienm\u0113r ir nepiecie\u0161ama iepriek\u0161\u0113ja Datu p\u0101rzi\u0146a rakstiska at\u013cauja. Jebkura izmanto\u0161ana, ko iepriek\u0161 nav at\u013c\u0101vis Datu p\u0101rzinis, tiks uzskat\u012bta par nopietnu autora intelektu\u0101l\u0101 vai r\u016bpniecisk\u0101 \u012bpa\u0161uma ties\u012bbu p\u0101rk\u0101pumu. Dizaini, logotipi, teksts un\/vai grafika, kas nepieder aizdev\u0113jam un kas var par\u0101d\u012bties t\u012bmek\u013ca vietn\u0113, pieder to attiec\u012bgajiem \u012bpa\u0161niekiem, kuri ir atbild\u012bgi par visiem iesp\u0113jamiem str\u012bdiem, kas var rasties saist\u012bb\u0101 ar tiem. Jebkur\u0101 gad\u012bjum\u0101 Datu p\u0101rzinim ir vi\u0146u skaidra iepriek\u0161\u0113ja at\u013cauja. P\u0101rzinis nep\u0101rprotami pilnvaro tre\u0161\u0101s personas tie\u0161i novirz\u012bt uz konkr\u0113tu saturu t\u012bmek\u013ca vietn\u0113, un visos gad\u012bjumos t\u0101m ir j\u0101p\u0101rvirza uz P\u0101rzi\u0146a m\u0101jaslapu. P\u0101rzinis atz\u012bst to \u012bpa\u0161nieku atbilsto\u0161\u0101s intelektu\u0101l\u0101 un r\u016bpniecisk\u0101 \u012bpa\u0161uma ties\u012bbas, un to vienk\u0101r\u0161a piemin\u0113\u0161ana vai par\u0101d\u012b\u0161an\u0101s t\u012bmek\u013ca vietn\u0113 nenoz\u012bm\u0113 P\u0101rzi\u0146a ties\u012bbu vai atbild\u012bbas esam\u012bbu attiec\u012bb\u0101 uz \u0161\u012bm ties\u012bb\u0101m, k\u0101 ar\u012b nenoz\u012bm\u0113 to atbalstu, sponsor\u0113\u0161anu vai ieteikumus. Visiem att\u0113liem, kuros dizaina programmat\u016bra to at\u013cauj, ir iek\u013cautas atbilsto\u0161\u0101s atsauces uz autor\u012bbu un atbilsto\u0161o licenci. Lai iesniegtu jebk\u0101dus nov\u0113rojumus par iesp\u0113jamiem intelektu\u0101l\u0101 vai r\u016bpniecisk\u0101 \u012bpa\u0161uma ties\u012bbu, k\u0101 ar\u012b jebkura t\u012bmek\u013ca vietnes satura p\u0101rk\u0101pumiem, varat to dar\u012bt, izmantojot \u0161o e-pasta adresi: <a href=\"mailto:info@rosanacl.com\">info@rosanacl.com<\/a><\/p>\n\n<p>\u00a0<\/p>\n\t\t\t\t\t\t\t\t<\/div>\n\t\t\t\t<\/div>\n\t\t\t\t\t<\/div>\n\t\t\t\t<\/div>\n\t\t\t\t<\/div>","protected":false},"excerpt":{"rendered":"<p>Responsable del tratamiento de los datos En cumplimiento del deber de informaci\u00f3n que establece la Ley La 34\/2002, de 11 de julio, de Servicios de la Sociedad de la Informaci\u00f3n y del Comercio Electr\u00f3nico, le comunicamos que esta web es titularidad de: Objeto El Responsable pone a disposici\u00f3n de los usuarios este documento con el [&hellip;]<\/p>\n","protected":false},"author":1,"featured_media":0,"parent":0,"menu_order":0,"comment_status":"closed","ping_status":"closed","template":"","meta":{"content-type":"","footnotes":""},"class_list":["post-18","page","type-page","status-publish","hentry"],"yoast_head":"<!-- This site is optimized with the Yoast SEO plugin v27.4 - https:\/\/yoast.com\/product\/yoast-seo-wordpress\/ -->\n<title>Aviso Legal - Rosana CL<\/title>\n<meta name=\"robots\" content=\"index, follow, max-snippet:-1, max-image-preview:large, max-video-preview:-1\" \/>\n<link rel=\"canonical\" href=\"https:\/\/rosanacl.com\/lv\/aviso-legal\/\" \/>\n<meta property=\"og:locale\" content=\"lv_LV\" \/>\n<meta property=\"og:type\" content=\"article\" \/>\n<meta property=\"og:title\" content=\"Aviso Legal - Rosana CL\" \/>\n<meta property=\"og:description\" content=\"Responsable del tratamiento de los datos En cumplimiento del deber de informaci\u00f3n que establece la Ley La 34\/2002, de 11 de julio, de Servicios de la Sociedad de la Informaci\u00f3n y del Comercio Electr\u00f3nico, le comunicamos que esta web es titularidad de: Objeto El Responsable pone a disposici\u00f3n de los usuarios este documento con el [&hellip;]\" \/>\n<meta property=\"og:url\" content=\"https:\/\/rosanacl.com\/lv\/aviso-legal\/\" \/>\n<meta property=\"og:site_name\" content=\"Rosana CL\" \/>\n<meta property=\"article:modified_time\" content=\"2025-08-01T12:33:36+00:00\" \/>\n<meta name=\"twitter:card\" content=\"summary_large_image\" \/>\n<meta name=\"twitter:label1\" content=\"Est. reading time\" \/>\n\t<meta name=\"twitter:data1\" content=\"6 min\u016btes\" \/>\n<script type=\"application\/ld+json\" class=\"yoast-schema-graph\">{\"@context\":\"https:\\\/\\\/schema.org\",\"@graph\":[{\"@type\":\"WebPage\",\"@id\":\"https:\\\/\\\/rosanacl.com\\\/aviso-legal\\\/\",\"url\":\"https:\\\/\\\/rosanacl.com\\\/aviso-legal\\\/\",\"name\":\"Aviso Legal - Rosana CL\",\"isPartOf\":{\"@id\":\"https:\\\/\\\/rosanacl.com\\\/ca\\\/#website\"},\"datePublished\":\"2025-03-28T19:03:06+00:00\",\"dateModified\":\"2025-08-01T12:33:36+00:00\",\"breadcrumb\":{\"@id\":\"https:\\\/\\\/rosanacl.com\\\/aviso-legal\\\/#breadcrumb\"},\"inLanguage\":\"lv-LV\",\"potentialAction\":[{\"@type\":\"ReadAction\",\"target\":[\"https:\\\/\\\/rosanacl.com\\\/aviso-legal\\\/\"]}]},{\"@type\":\"BreadcrumbList\",\"@id\":\"https:\\\/\\\/rosanacl.com\\\/aviso-legal\\\/#breadcrumb\",\"itemListElement\":[{\"@type\":\"ListItem\",\"position\":1,\"name\":\"Portada\",\"item\":\"https:\\\/\\\/rosanacl.com\\\/ca\\\/\"},{\"@type\":\"ListItem\",\"position\":2,\"name\":\"Aviso Legal\"}]},{\"@type\":\"WebSite\",\"@id\":\"https:\\\/\\\/rosanacl.com\\\/ca\\\/#website\",\"url\":\"https:\\\/\\\/rosanacl.com\\\/ca\\\/\",\"name\":\"Rosana CL\",\"description\":\"Somos tu interior\",\"potentialAction\":[{\"@type\":\"SearchAction\",\"target\":{\"@type\":\"EntryPoint\",\"urlTemplate\":\"https:\\\/\\\/rosanacl.com\\\/ca\\\/?s={search_term_string}\"},\"query-input\":{\"@type\":\"PropertyValueSpecification\",\"valueRequired\":true,\"valueName\":\"search_term_string\"}}],\"inLanguage\":\"lv-LV\"}]}<\/script>\n<!-- \/ Yoast SEO plugin. -->","yoast_head_json":{"title":"Aviso Legal - Rosana CL","robots":{"index":"index","follow":"follow","max-snippet":"max-snippet:-1","max-image-preview":"max-image-preview:large","max-video-preview":"max-video-preview:-1"},"canonical":"https:\/\/rosanacl.com\/lv\/aviso-legal\/","og_locale":"lv_LV","og_type":"article","og_title":"Aviso Legal - Rosana CL","og_description":"Responsable del tratamiento de los datos En cumplimiento del deber de informaci\u00f3n que establece la Ley La 34\/2002, de 11 de julio, de Servicios de la Sociedad de la Informaci\u00f3n y del Comercio Electr\u00f3nico, le comunicamos que esta web es titularidad de: Objeto El Responsable pone a disposici\u00f3n de los usuarios este documento con el [&hellip;]","og_url":"https:\/\/rosanacl.com\/lv\/aviso-legal\/","og_site_name":"Rosana CL","article_modified_time":"2025-08-01T12:33:36+00:00","twitter_card":"summary_large_image","twitter_misc":{"Est. reading time":"6 min\u016btes"},"schema":{"@context":"https:\/\/schema.org","@graph":[{"@type":"WebPage","@id":"https:\/\/rosanacl.com\/aviso-legal\/","url":"https:\/\/rosanacl.com\/aviso-legal\/","name":"Aviso Legal - Rosana CL","isPartOf":{"@id":"https:\/\/rosanacl.com\/ca\/#website"},"datePublished":"2025-03-28T19:03:06+00:00","dateModified":"2025-08-01T12:33:36+00:00","breadcrumb":{"@id":"https:\/\/rosanacl.com\/aviso-legal\/#breadcrumb"},"inLanguage":"lv-LV","potentialAction":[{"@type":"ReadAction","target":["https:\/\/rosanacl.com\/aviso-legal\/"]}]},{"@type":"BreadcrumbList","@id":"https:\/\/rosanacl.com\/aviso-legal\/#breadcrumb","itemListElement":[{"@type":"ListItem","position":1,"name":"Portada","item":"https:\/\/rosanacl.com\/ca\/"},{"@type":"ListItem","position":2,"name":"Aviso Legal"}]},{"@type":"WebSite","@id":"https:\/\/rosanacl.com\/ca\/#website","url":"https:\/\/rosanacl.com\/ca\/","name":"Rosana CL","description":"M\u0113s esam j\u016bsu interjers","potentialAction":[{"@type":"SearchAction","target":{"@type":"EntryPoint","urlTemplate":"https:\/\/rosanacl.com\/ca\/?s={search_term_string}"},"query-input":{"@type":"PropertyValueSpecification","valueRequired":true,"valueName":"search_term_string"}}],"inLanguage":"lv-LV"}]}},"_links":{"self":[{"href":"https:\/\/rosanacl.com\/lv\/wp-json\/wp\/v2\/pages\/18","targetHints":{"allow":["GET"]}}],"collection":[{"href":"https:\/\/rosanacl.com\/lv\/wp-json\/wp\/v2\/pages"}],"about":[{"href":"https:\/\/rosanacl.com\/lv\/wp-json\/wp\/v2\/types\/page"}],"author":[{"embeddable":true,"href":"https:\/\/rosanacl.com\/lv\/wp-json\/wp\/v2\/users\/1"}],"replies":[{"embeddable":true,"href":"https:\/\/rosanacl.com\/lv\/wp-json\/wp\/v2\/comments?post=18"}],"version-history":[{"count":0,"href":"https:\/\/rosanacl.com\/lv\/wp-json\/wp\/v2\/pages\/18\/revisions"}],"wp:attachment":[{"href":"https:\/\/rosanacl.com\/lv\/wp-json\/wp\/v2\/media?parent=18"}],"curies":[{"name":"wp","href":"https:\/\/api.w.org\/{rel}","templated":true}]}}