{"id":2006,"date":"2025-05-23T08:26:39","date_gmt":"2025-05-23T06:26:39","guid":{"rendered":"https:\/\/rosanacl.com\/?page_id=2006"},"modified":"2025-12-14T22:28:46","modified_gmt":"2025-12-14T21:28:46","slug":"politica-de-devolucion","status":"publish","type":"page","link":"https:\/\/rosanacl.com\/lv\/politica-de-devolucion\/","title":{"rendered":"Atgrie\u0161anas politika"},"content":{"rendered":"<div data-elementor-type=\"wp-page\" data-elementor-id=\"2006\" class=\"elementor elementor-2006\" data-elementor-post-type=\"page\">\n\t\t\t\t<div class=\"elementor-element elementor-element-7a0b207 e-flex e-con-boxed e-con e-parent\" data-id=\"7a0b207\" data-element_type=\"container\" data-e-type=\"container\" data-settings=\"{&quot;background_background&quot;:&quot;classic&quot;}\">\n\t\t\t\t\t<div class=\"e-con-inner\">\n\t\t<div class=\"elementor-element elementor-element-2fcf4bc e-con-full e-flex e-con e-child\" data-id=\"2fcf4bc\" data-element_type=\"container\" data-e-type=\"container\">\n\t\t\t\t<div class=\"elementor-element elementor-element-d10b990 elementor-widget elementor-widget-heading\" data-id=\"d10b990\" data-element_type=\"widget\" data-e-type=\"widget\" data-widget_type=\"heading.default\">\n\t\t\t\t<div class=\"elementor-widget-container\">\n\t\t\t\t\t<h2 class=\"elementor-heading-title elementor-size-default\">Atgrie\u0161anas politika<\/h2>\t\t\t\t<\/div>\n\t\t\t\t<\/div>\n\t\t\t\t<\/div>\n\t\t\t\t\t<\/div>\n\t\t\t\t<\/div>\n\t\t<div class=\"elementor-element elementor-element-eca30f2 e-flex e-con-boxed e-con e-parent\" data-id=\"eca30f2\" data-element_type=\"container\" data-e-type=\"container\">\n\t\t\t\t\t<div class=\"e-con-inner\">\n\t\t\t\t<div class=\"elementor-element elementor-element-8328658 elementor-widget elementor-widget-text-editor\" data-id=\"8328658\" data-element_type=\"widget\" data-e-type=\"widget\" data-widget_type=\"text-editor.default\">\n\t\t\t\t<div class=\"elementor-widget-container\">\n\t\t\t\t\t\t\t\t\t<p>\u0160\u012b atgrie\u0161anas politika p\u0113d\u0113jo reizi tika atjaunin\u0101ta 2025. gada 23. maij\u0101 un attiecas uz visiem pirkumiem, kas veikti m\u016bsu t\u012bmek\u013ca vietn\u0113: <a href=\"https:\/\/rosanacl.com\/lv\/\">https:\/\/rosanacl.com\/<\/a><\/p>\n<p><!-- \/wp:paragraph --><!-- wp:paragraph --><\/p>\n<p><strong>1. Atteikuma ties\u012bbas<\/strong><\/p>\n<p><!-- \/wp:paragraph --><!-- wp:paragraph --><\/p>\n<p>Jums ir ties\u012bbas atteikties no pirkuma 14 kalend\u0101ro dienu laik\u0101 p\u0113c preces sa\u0146em\u0161anas, nenor\u0101dot nek\u0101du pamatojumu. Lai \u012bstenotu \u0161\u012bs ties\u012bbas, varat sazin\u0101ties ar mums, izmantojot inform\u0101ciju, kas sniegta \u0161\u012bs politikas beig\u0101s.<\/p>\n<p><!-- \/wp:paragraph --><!-- wp:paragraph --><\/p>\n<p><strong>2. Atgrie\u0161anas nosac\u012bjumi<\/strong><\/p>\n<p><!-- \/wp:paragraph --><!-- wp:paragraph --><\/p>\n<p>Lai atgrie\u0161ana tiktu pie\u0146emta, precei j\u0101b\u016bt nevainojam\u0101 st\u0101vokl\u012b, bez lieto\u0161anas vai mazg\u0101\u0161anas paz\u012bm\u0113m, un tai j\u0101pievieno ori\u0123in\u0101lais iepakojums, neskartas eti\u0137etes un visi piederumi vai rokasgr\u0101matas, ja t\u0101das ir.<\/p>\n<p><!-- \/wp:paragraph --><!-- wp:paragraph --><\/p>\n<p>Pre\u010du atgrie\u0161ana, kas neatbilst \u0161iem nosac\u012bjumiem vai ietilpst \u0161\u0101d\u0101s kategorij\u0101s, netiks pie\u0146emta:<\/p>\n<p><!-- \/wp:paragraph --><!-- wp:list --><\/p>\n<ul>\n<li>Apak\u0161ve\u013ca (stringi, biks\u012btes, bokser\u0161orti, ze\u0137ubikses, korsetes, kulotes, bodiji vai citi ap\u0123\u0113rba gabali, kas non\u0101k saskar\u0113 ar int\u012bm\u0101m zon\u0101m).<\/li>\n<li>Neaizz\u012bmogoti higi\u0113nas vai vesel\u012bbas produkti.<\/li>\n<li>Personaliz\u0113ti, \u0101tri boj\u0101jo\u0161ies vai digit\u0101li priek\u0161meti.<\/li>\n<li>Silikona kr\u016b\u0161turi un kr\u016b\u0161turi bez muguras.<\/li>\n<li>Preces bez iepakojuma vai ar salauztu kasti.<\/li>\n<li>Lietoti, boj\u0101ti, iekr\u0101soti vai nemar\u0137\u0113ti produkti.<\/li>\n<li>Nov\u0113lota apmai\u0146a un atgrie\u0161anas pazi\u0146ojums.<\/li>\n<\/ul>\n<p><!-- \/wp:list --><!-- wp:paragraph --><\/p>\n<p>Ja pras\u012bbas netiks izpild\u012btas, klients tiks inform\u0113ts un atgrie\u0161ana tiks noraid\u012bta.<\/p>\n<p><!-- \/wp:paragraph --><!-- wp:paragraph --><\/p>\n<p><strong>3. Vai tiek veiktas izmai\u0146as?<\/strong><\/p>\n<p><!-- \/wp:paragraph --><!-- wp:paragraph --><\/p>\n<p data-start=\"157\" data-end=\"432\"><span style=\"font-size: 1rem;\">J\u0101, m\u0113s pie\u0146emam produktu apmai\u0146u, ja vien tie ir nevainojam\u0101 st\u0101vokl\u012b, nelietoti un ori\u0123in\u0101laj\u0101 iepakojum\u0101. Ja v\u0113laties apmain\u012bt preci pret citu (piem\u0113ram, cita izm\u0113ra, kr\u0101sas vai mode\u013ca), l\u016bdzu, sazinieties ar mums, lai vienotos par apmai\u0146u.<\/span><\/p>\n<p data-start=\"157\" data-end=\"432\">\n<\/p><p data-start=\"436\" data-end=\"601\"><span style=\"font-size: 1rem;\">Ja apmai\u0146u nevar veikt tie\u0161i, j\u016bs vienm\u0113r varat izmantot savas atteikuma ties\u012bbas un piepras\u012bt atmaksu saska\u0146\u0101 ar sp\u0113k\u0101 eso\u0161ajiem noteikumiem un \u0161\u012bs politikas 1. punkt\u0101 nor\u0101d\u012bto.<\/span><\/p>\n<p data-start=\"436\" data-end=\"601\">Pre\u010du apmai\u0146u var veikt 3 dienu laik\u0101 p\u0113c to sa\u0146em\u0161anas.<\/p>\n<p><!-- \/wp:paragraph --><!-- wp:paragraph --><\/p>\n<p><strong>4. Atgrie\u0161anas process<\/strong><\/p>\n<p><!-- \/wp:paragraph --><!-- wp:paragraph --><\/p>\n<p>Kad b\u016bsiet pazi\u0146ojis mums par savu nodomu atgriezt preci, m\u0113s nos\u016bt\u012bsim jums nor\u0101d\u012bjumus preces atgrie\u0161anai.<\/p>\n<p><!-- \/wp:paragraph --><!-- wp:paragraph --><\/p>\n<p>Atgrie\u0161anas pieg\u0101des izmaksas sedz klients, k\u0101 ar\u012b visas citas saist\u012bt\u0101s izmaksas, piem\u0113ram, muitas nodevas, ja vien prece nav boj\u0101ta vai t\u0101s c\u0113lonis nav m\u016bsu vaina. \u0160\u0101dos gad\u012bjumos m\u0113s segsim sav\u0101k\u0161anas un atgrie\u0161anas izmaksas.<\/p>\n<p><!-- \/wp:paragraph --><!-- wp:paragraph --><\/p>\n<p><strong>5. Atmaksa<\/strong><\/p>\n<p><!-- \/wp:paragraph --><!-- wp:paragraph --><\/p>\n<p>P\u0113c atgriezt\u0101s preces sa\u0146em\u0161anas un p\u0101rbaudes m\u0113s apstr\u0101d\u0101sim atmaksu ne v\u0113l\u0101k k\u0101 14 kalend\u0101ro dienu laik\u0101. Atmaksa tiks veikta, izmantojot to pa\u0161u maks\u0101juma veidu, kas tika izmantots pirkumam, ja vien nav pan\u0101kta cita vieno\u0161an\u0101s.<\/p>\n<p><!-- \/wp:paragraph --><!-- wp:paragraph --><\/p>\n<p>Atkar\u012bb\u0101 no maks\u0101juma metodes atmaksa tiks veikta \u0161\u0101di:<\/p>\n<p><!-- \/wp:paragraph --><!-- wp:list --><\/p>\n<ul>\n<li>Bankas karte: ieskait\u012bjums saist\u012btaj\u0101 kont\u0101.<\/li>\n<li>Bizum: iemaksa saist\u012btaj\u0101 kont\u0101.<\/li>\n<li>P\u0101rskait\u012bjums: atmaksa uz kontu, no kura tika veikts maks\u0101jums.<\/li>\n<\/ul>\n<p><!-- \/wp:list --><!-- wp:paragraph --><\/p>\n<p><strong>6. Boj\u0101tas preces vai k\u013c\u016bdas pas\u016bt\u012bjum\u0101<\/strong><\/p>\n<p><!-- \/wp:paragraph --><!-- wp:paragraph --><\/p>\n<p>Ja prece tiek pieg\u0101d\u0101ta ar defektu vai pas\u016bt\u012bjum\u0101 ir radusies k\u013c\u016bda, l\u016bdzu, sazinieties ar mums p\u0113c iesp\u0113jas \u0101tr\u0101k. M\u0113s segsim visas pieg\u0101des izmaksas un nodro\u0161in\u0101sim preces atmaksu vai nomai\u0146u.<\/p>\n<p><!-- \/wp:paragraph --><!-- wp:paragraph --><\/p>\n<p><strong>7. Pieg\u0101des politika<\/strong><\/p>\n<p>Atgrie\u0161anas pieg\u0101des un muitas formalit\u0101\u0161u izmaksas sedz klients.<\/p>\n<p data-start=\"92\" data-end=\"137\"><strong data-start=\"92\" data-end=\"137\">Ieteikums pirms pas\u016bt\u012bjuma veik\u0161anas<\/strong><\/p>\n<p data-start=\"139\" data-end=\"351\">Pirms pirkuma pabeig\u0161anas iesak\u0101m r\u016bp\u012bgi p\u0101rskat\u012bt izm\u0113rus. Ir svar\u012bgi veikt m\u0113r\u012bjumus un sal\u012bdzin\u0101t tos ar m\u016bsu izm\u0113ru ce\u013cvedi vai kalkulatoru, lai p\u0101rliecin\u0101tos, ka izv\u0113laties vispiem\u0113rot\u0101ko variantu.<\/p>\n<p data-start=\"353\" data-end=\"571\">T\u0101d\u0101 veid\u0101 m\u0113s sadarbojamies, lai izvair\u012btos no nevajadz\u012bgas pre\u010du apmai\u0146as vai atgrie\u0161anas, kas ne tikai samazina klienta pieg\u0101des un atgrie\u0161anas izmaksas, bet ar\u012b pal\u012bdz samazin\u0101t ietekmi uz vidi.<\/p>\n<p><\/p>\n<p data-start=\"573\" data-end=\"615\">Paldies par sapratni un sadarb\u012bbu.<\/p>\n<p><!-- \/wp:paragraph --><!-- wp:paragraph --><\/p>\n<p>Jebkuru ar atgrie\u0161anu saist\u012btu piepras\u012bjumu gad\u012bjum\u0101, l\u016bdzu, sazinieties ar mums:<\/p>\n<p><!-- \/wp:paragraph --><!-- wp:list --><\/p>\n<ul>\n<li>Uz\u0146\u0113mums: Pablo Angulo Maspons<\/li>\n<li>Iedz\u012bvot\u0101ju skaits: Vinaroz, Sp\u0101nija<\/li>\n<li>T\u0101lrunis: 613395013<\/li>\n<li>Pasts: <a href=\"mailto:info@rosanacl.com\">info@rosanacl.com <\/a><\/li>\n<\/ul>\t\t\t\t\t\t\t\t<\/div>\n\t\t\t\t<\/div>\n\t\t\t\t\t<\/div>\n\t\t\t\t<\/div>\n\t\t\t\t<\/div>","protected":false},"excerpt":{"rendered":"<p>Esta pol\u00edtica de devoluciones fue actualizada por \u00faltima vez el 23\/05\/2025 y se aplica a todas las compras realizadas a trav\u00e9s de nuestra web: https:\/\/rosanacl.com\/ 1. Derecho de desistimiento Tienes derecho a desistir de tu compra dentro de un plazo de 14 d\u00edas naturales desde la recepci\u00f3n del producto, sin necesidad de justificaci\u00f3n. Para ejercer [&hellip;]<\/p>\n","protected":false},"author":1,"featured_media":0,"parent":0,"menu_order":0,"comment_status":"closed","ping_status":"closed","template":"","meta":{"content-type":"","footnotes":""},"class_list":["post-2006","page","type-page","status-publish","hentry"],"yoast_head":"<!-- This site is optimized with the Yoast SEO plugin v27.4 - https:\/\/yoast.com\/product\/yoast-seo-wordpress\/ -->\n<title>Pol\u00edtica de Devoluci\u00f3n - Rosana CL<\/title>\n<meta name=\"robots\" content=\"index, follow, max-snippet:-1, max-image-preview:large, max-video-preview:-1\" \/>\n<link rel=\"canonical\" href=\"https:\/\/rosanacl.com\/lv\/politica-de-devolucion\/\" \/>\n<meta property=\"og:locale\" content=\"lv_LV\" \/>\n<meta property=\"og:type\" content=\"article\" \/>\n<meta property=\"og:title\" content=\"Pol\u00edtica de Devoluci\u00f3n - Rosana CL\" \/>\n<meta property=\"og:description\" content=\"Esta pol\u00edtica de devoluciones fue actualizada por \u00faltima vez el 23\/05\/2025 y se aplica a todas las compras realizadas a trav\u00e9s de nuestra web: https:\/\/rosanacl.com\/ 1. Derecho de desistimiento Tienes derecho a desistir de tu compra dentro de un plazo de 14 d\u00edas naturales desde la recepci\u00f3n del producto, sin necesidad de justificaci\u00f3n. Para ejercer [&hellip;]\" \/>\n<meta property=\"og:url\" content=\"https:\/\/rosanacl.com\/lv\/politica-de-devolucion\/\" \/>\n<meta property=\"og:site_name\" content=\"Rosana CL\" \/>\n<meta property=\"article:modified_time\" content=\"2025-12-14T21:28:46+00:00\" \/>\n<meta name=\"twitter:card\" content=\"summary_large_image\" \/>\n<meta name=\"twitter:label1\" content=\"Est. reading time\" \/>\n\t<meta name=\"twitter:data1\" content=\"3 min\u016btes\" \/>\n<script type=\"application\/ld+json\" class=\"yoast-schema-graph\">{\"@context\":\"https:\\\/\\\/schema.org\",\"@graph\":[{\"@type\":\"WebPage\",\"@id\":\"https:\\\/\\\/rosanacl.com\\\/politica-de-devolucion\\\/\",\"url\":\"https:\\\/\\\/rosanacl.com\\\/politica-de-devolucion\\\/\",\"name\":\"Pol\u00edtica de Devoluci\u00f3n - Rosana CL\",\"isPartOf\":{\"@id\":\"https:\\\/\\\/rosanacl.com\\\/ca\\\/#website\"},\"datePublished\":\"2025-05-23T06:26:39+00:00\",\"dateModified\":\"2025-12-14T21:28:46+00:00\",\"breadcrumb\":{\"@id\":\"https:\\\/\\\/rosanacl.com\\\/politica-de-devolucion\\\/#breadcrumb\"},\"inLanguage\":\"lv-LV\",\"potentialAction\":[{\"@type\":\"ReadAction\",\"target\":[\"https:\\\/\\\/rosanacl.com\\\/politica-de-devolucion\\\/\"]}]},{\"@type\":\"BreadcrumbList\",\"@id\":\"https:\\\/\\\/rosanacl.com\\\/politica-de-devolucion\\\/#breadcrumb\",\"itemListElement\":[{\"@type\":\"ListItem\",\"position\":1,\"name\":\"Portada\",\"item\":\"https:\\\/\\\/rosanacl.com\\\/ca\\\/\"},{\"@type\":\"ListItem\",\"position\":2,\"name\":\"Pol\u00edtica de Devoluci\u00f3n\"}]},{\"@type\":\"WebSite\",\"@id\":\"https:\\\/\\\/rosanacl.com\\\/ca\\\/#website\",\"url\":\"https:\\\/\\\/rosanacl.com\\\/ca\\\/\",\"name\":\"Rosana CL\",\"description\":\"Somos tu interior\",\"potentialAction\":[{\"@type\":\"SearchAction\",\"target\":{\"@type\":\"EntryPoint\",\"urlTemplate\":\"https:\\\/\\\/rosanacl.com\\\/ca\\\/?s={search_term_string}\"},\"query-input\":{\"@type\":\"PropertyValueSpecification\",\"valueRequired\":true,\"valueName\":\"search_term_string\"}}],\"inLanguage\":\"lv-LV\"}]}<\/script>\n<!-- \/ Yoast SEO plugin. -->","yoast_head_json":{"title":"Pol\u00edtica de Devoluci\u00f3n - Rosana CL","robots":{"index":"index","follow":"follow","max-snippet":"max-snippet:-1","max-image-preview":"max-image-preview:large","max-video-preview":"max-video-preview:-1"},"canonical":"https:\/\/rosanacl.com\/lv\/politica-de-devolucion\/","og_locale":"lv_LV","og_type":"article","og_title":"Pol\u00edtica de Devoluci\u00f3n - Rosana CL","og_description":"Esta pol\u00edtica de devoluciones fue actualizada por \u00faltima vez el 23\/05\/2025 y se aplica a todas las compras realizadas a trav\u00e9s de nuestra web: https:\/\/rosanacl.com\/ 1. Derecho de desistimiento Tienes derecho a desistir de tu compra dentro de un plazo de 14 d\u00edas naturales desde la recepci\u00f3n del producto, sin necesidad de justificaci\u00f3n. Para ejercer [&hellip;]","og_url":"https:\/\/rosanacl.com\/lv\/politica-de-devolucion\/","og_site_name":"Rosana CL","article_modified_time":"2025-12-14T21:28:46+00:00","twitter_card":"summary_large_image","twitter_misc":{"Est. reading time":"3 min\u016btes"},"schema":{"@context":"https:\/\/schema.org","@graph":[{"@type":"WebPage","@id":"https:\/\/rosanacl.com\/politica-de-devolucion\/","url":"https:\/\/rosanacl.com\/politica-de-devolucion\/","name":"Pol\u00edtica de Devoluci\u00f3n - Rosana CL","isPartOf":{"@id":"https:\/\/rosanacl.com\/ca\/#website"},"datePublished":"2025-05-23T06:26:39+00:00","dateModified":"2025-12-14T21:28:46+00:00","breadcrumb":{"@id":"https:\/\/rosanacl.com\/politica-de-devolucion\/#breadcrumb"},"inLanguage":"lv-LV","potentialAction":[{"@type":"ReadAction","target":["https:\/\/rosanacl.com\/politica-de-devolucion\/"]}]},{"@type":"BreadcrumbList","@id":"https:\/\/rosanacl.com\/politica-de-devolucion\/#breadcrumb","itemListElement":[{"@type":"ListItem","position":1,"name":"Portada","item":"https:\/\/rosanacl.com\/ca\/"},{"@type":"ListItem","position":2,"name":"Pol\u00edtica de Devoluci\u00f3n"}]},{"@type":"WebSite","@id":"https:\/\/rosanacl.com\/ca\/#website","url":"https:\/\/rosanacl.com\/ca\/","name":"Rosana CL","description":"M\u0113s esam j\u016bsu interjers","potentialAction":[{"@type":"SearchAction","target":{"@type":"EntryPoint","urlTemplate":"https:\/\/rosanacl.com\/ca\/?s={search_term_string}"},"query-input":{"@type":"PropertyValueSpecification","valueRequired":true,"valueName":"search_term_string"}}],"inLanguage":"lv-LV"}]}},"_links":{"self":[{"href":"https:\/\/rosanacl.com\/lv\/wp-json\/wp\/v2\/pages\/2006","targetHints":{"allow":["GET"]}}],"collection":[{"href":"https:\/\/rosanacl.com\/lv\/wp-json\/wp\/v2\/pages"}],"about":[{"href":"https:\/\/rosanacl.com\/lv\/wp-json\/wp\/v2\/types\/page"}],"author":[{"embeddable":true,"href":"https:\/\/rosanacl.com\/lv\/wp-json\/wp\/v2\/users\/1"}],"replies":[{"embeddable":true,"href":"https:\/\/rosanacl.com\/lv\/wp-json\/wp\/v2\/comments?post=2006"}],"version-history":[{"count":5,"href":"https:\/\/rosanacl.com\/lv\/wp-json\/wp\/v2\/pages\/2006\/revisions"}],"predecessor-version":[{"id":4262,"href":"https:\/\/rosanacl.com\/lv\/wp-json\/wp\/v2\/pages\/2006\/revisions\/4262"}],"wp:attachment":[{"href":"https:\/\/rosanacl.com\/lv\/wp-json\/wp\/v2\/media?parent=2006"}],"curies":[{"name":"wp","href":"https:\/\/api.w.org\/{rel}","templated":true}]}}