{"id":21,"date":"2025-03-28T16:06:23","date_gmt":"2025-03-28T19:06:23","guid":{"rendered":"https:\/\/innovacon.simplificandotuweb.com\/?page_id=21"},"modified":"2025-05-10T02:25:08","modified_gmt":"2025-05-10T00:25:08","slug":"declaracion-de-accesibilidad","status":"publish","type":"page","link":"https:\/\/rosanacl.com\/lv\/declaracion-de-accesibilidad\/","title":{"rendered":"Pieejam\u012bbas pazi\u0146ojums"},"content":{"rendered":"<div data-elementor-type=\"wp-page\" data-elementor-id=\"21\" class=\"elementor elementor-21\" data-elementor-post-type=\"page\">\n\t\t\t\t<div class=\"elementor-element elementor-element-eb41712 e-flex e-con-boxed e-con e-parent\" data-id=\"eb41712\" data-element_type=\"container\" data-e-type=\"container\" data-settings=\"{&quot;background_background&quot;:&quot;classic&quot;}\">\n\t\t\t\t\t<div class=\"e-con-inner\">\n\t\t<div class=\"elementor-element elementor-element-394e804 e-con-full e-flex e-con e-child\" data-id=\"394e804\" data-element_type=\"container\" data-e-type=\"container\">\n\t\t\t\t<div class=\"elementor-element elementor-element-4858173 elementor-widget elementor-widget-heading\" data-id=\"4858173\" data-element_type=\"widget\" data-e-type=\"widget\" data-widget_type=\"heading.default\">\n\t\t\t\t<div class=\"elementor-widget-container\">\n\t\t\t\t\t<h2 class=\"elementor-heading-title elementor-size-default\">Pieejam\u012bbas pazi\u0146ojums<\/h2>\t\t\t\t<\/div>\n\t\t\t\t<\/div>\n\t\t\t\t<\/div>\n\t\t\t\t\t<\/div>\n\t\t\t\t<\/div>\n\t\t<div class=\"elementor-element elementor-element-3c3c9a51 e-flex e-con-boxed e-con e-parent\" data-id=\"3c3c9a51\" data-element_type=\"container\" data-e-type=\"container\">\n\t\t\t\t\t<div class=\"e-con-inner\">\n\t\t\t\t<div class=\"elementor-element elementor-element-d37677a elementor-widget elementor-widget-text-editor\" data-id=\"d37677a\" data-element_type=\"widget\" data-e-type=\"widget\" data-widget_type=\"text-editor.default\">\n\t\t\t\t<div class=\"elementor-widget-container\">\n\t\t\t\t\t\t\t\t\t\n<p>PABLO ANGULO MASPONS ap\u0146emas padar\u012bt savu t\u012bmek\u013ca vietni pieejamu saska\u0146\u0101 ar 2018. gada 7. septembra Karalisko dekr\u0113tu Nr. 1112\/2018 par publisk\u0101 sektora t\u012bmek\u013ca viet\u0146u un mobilo lietot\u0146u pieejam\u012bbu. \u0160is pieejam\u012bbas pazi\u0146ojums attiecas uz \u0161o t\u012bmek\u013ca vietni.<\/p>\n\n<p><strong>Atbilst\u012bbas statuss<\/strong><\/p>\n\n<p>\u0160\u012b t\u012bmek\u013ca vietne ir izstr\u0101d\u0101ta saska\u0146\u0101 ar Karalisko dekr\u0113tu Nr.\u00a01112\/2018<\/p>\n\n<p><strong>Gatavo\u0161an\u0101s n\u0101kamajam pieejam\u012bbas pazi\u0146ojumam<\/strong><\/p>\n\n<p>\u0160is pazi\u0146ojums tika sagatavots 2023. gada 20. apr\u012bl\u012b. Pazi\u0146ojuma sagatavo\u0161an\u0101 izmantota pa\u0161nov\u0113rt\u0113juma metode.<\/p>\n\n<p><strong>Piez\u012bmes un kontaktinform\u0101cija<\/strong><\/p>\n\n<p>J\u016bs varat iesniegt pazi\u0146ojumus par pieejam\u012bbas pras\u012bb\u0101m (RD 1112\/2018 10.2.a pants), piem\u0113ram:<\/p>\n\n<ul class=\"wp-block-list\">\n<li>Zi\u0146ot par visiem iesp\u0113jamiem p\u0101rk\u0101pumiem \u0161aj\u0101 t\u012bmek\u013ca vietn\u0113<\/li>\n\n<li>Lai zi\u0146otu par cit\u0101m gr\u016bt\u012bb\u0101m piek\u013c\u016bt saturam<\/li>\n\n<li>Lai iesniegtu jebk\u0101dus citus jaut\u0101jumus vai ieteikumus vietnes pieejam\u012bbas uzlabo\u0161anai, l\u016bdzu, izmantojiet \u0161aj\u0101 vietn\u0113 pieejamo kontaktformu vai zvaniet uz nor\u0101d\u012bto t\u0101lru\u0146a numuru.\u00a0<\/li>\n<\/ul>\n\n<p>J\u016bs varat prezent\u0113t:<\/p>\n\n<ul class=\"wp-block-list\">\n<li>S\u016bdz\u012bba par atbilst\u012bbu Kara\u013ca dekr\u0113ta Nr. 1112\/2018 pras\u012bb\u0101m<\/li>\n\n<li>Piepras\u012bjums sniegt pieejamu inform\u0101ciju par:\n<ul class=\"wp-block-list\">\n<li>Saturs, kas ir izsl\u0113gts no Kara\u013ca dekr\u0113ta Nr. 1112\/2018 piem\u0113ro\u0161anas jomas, k\u0101 noteikts 3. panta 4. punkt\u0101<\/li>\n\n<li>Saturs, uz kuru neattiecas pieejam\u012bbas pras\u012bbas, lai rad\u012btu nesam\u0113r\u012bgu slogu<\/li>\n\n<li>Pieejamas inform\u0101cijas piepras\u012bjum\u0101 ir skaidri j\u0101nor\u0101da fakti, iemesli un piepras\u012bjums, lai pier\u0101d\u012btu, ka tas ir pamatots un likum\u012bgs piepras\u012bjums.<\/li>\n<\/ul>\n<\/li>\n<\/ul>\n\n<p>S\u016bdz\u012bbas un pretenzijas par pieejamu inform\u0101ciju tiks iesniegtas, izmantojot elektronisko galveno m\u012btni (https:\/\/sede.red.gob.es\/procedimientos\/quejas-y-sugerencias), un t\u0101s sa\u0146ems un apstr\u0101d\u0101s Red.es inform\u0101cijas sist\u0113mu noda\u013ca.<\/p>\n\n<p><strong>Papildu saturs<\/strong><\/p>\n\n<ul class=\"wp-block-list\">\n<li>Lai main\u012btu teksta fonta lielumu galvenaj\u0101s grafiskaj\u0101s p\u0101rl\u016bkprogramm\u0101s, izmantojiet \u0161\u0101das izv\u0113lnes:<\/li>\n\n<li>Safari: Skats &gt; Palielin\u0101t tekstu<\/li>\n\n<li>Chrome: Pa\u0161reiz\u0113j\u0101s lapas p\u0101rvald\u012bba &gt; Teksta lielums<\/li>\n<\/ul>\n\n<p>Lai main\u012btu visa lap\u0101 eso\u0161\u0101 satura izm\u0113ru:<\/p>\n\n<ul class=\"wp-block-list\">\n<li>Ctrl++, lai to palielin\u0101tu<\/li>\n\n<li>Ctrl + \u2013, lai to samazin\u0101tu<\/li>\n\n<li>Ctrl + 0 atjauno s\u0101kotn\u0113jo teksta izm\u0113ru<\/li>\n\n<li>Ja v\u0113laties p\u0101rrakst\u012bt stila lapu vai main\u012bt teksta kr\u0101su, varat iepaz\u012bties ar WAI lapu \u201cK\u0101 main\u012bt teksta lielumu vai kr\u0101sas\u201d, ko sp\u0101\u0146u valod\u0101 var las\u012bt k\u0101 \u201cC\u00f3mo cambiar el tama\u00f1o del texto o colores?\u201d.<\/li>\n<\/ul>\n\t\t\t\t\t\t\t\t<\/div>\n\t\t\t\t<\/div>\n\t\t\t\t\t<\/div>\n\t\t\t\t<\/div>\n\t\t\t\t<\/div>","protected":false},"excerpt":{"rendered":"<p>PABLO ANGULO MASPONS se ha comprometido a hacer accesible su sitio web, conforme al Real Decreto 1112\/2018, de 7 de septiembre, sobre accesibilidad de los sitios web y aplicaciones para dispositivos m\u00f3viles del sector p\u00fablico. Esta declaraci\u00f3n de accesibilidad se aplica a esta web. Situaci\u00f3n de cumplimiento Este sitio web est\u00e1 desarrollado seg\u00fan el RD [&hellip;]<\/p>\n","protected":false},"author":1,"featured_media":0,"parent":0,"menu_order":0,"comment_status":"closed","ping_status":"closed","template":"","meta":{"content-type":"","footnotes":""},"class_list":["post-21","page","type-page","status-publish","hentry"],"yoast_head":"<!-- This site is optimized with the Yoast SEO plugin v27.4 - https:\/\/yoast.com\/product\/yoast-seo-wordpress\/ -->\n<title>Declaraci\u00f3n de Accesibilidad - Rosana CL<\/title>\n<meta name=\"robots\" content=\"index, follow, max-snippet:-1, max-image-preview:large, max-video-preview:-1\" \/>\n<link rel=\"canonical\" href=\"https:\/\/rosanacl.com\/lv\/declaracion-de-accesibilidad\/\" \/>\n<meta property=\"og:locale\" content=\"lv_LV\" \/>\n<meta property=\"og:type\" content=\"article\" \/>\n<meta property=\"og:title\" content=\"Declaraci\u00f3n de Accesibilidad - Rosana CL\" \/>\n<meta property=\"og:description\" content=\"PABLO ANGULO MASPONS se ha comprometido a hacer accesible su sitio web, conforme al Real Decreto 1112\/2018, de 7 de septiembre, sobre accesibilidad de los sitios web y aplicaciones para dispositivos m\u00f3viles del sector p\u00fablico. Esta declaraci\u00f3n de accesibilidad se aplica a esta web. Situaci\u00f3n de cumplimiento Este sitio web est\u00e1 desarrollado seg\u00fan el RD [&hellip;]\" \/>\n<meta property=\"og:url\" content=\"https:\/\/rosanacl.com\/lv\/declaracion-de-accesibilidad\/\" \/>\n<meta property=\"og:site_name\" content=\"Rosana CL\" \/>\n<meta property=\"article:modified_time\" content=\"2025-05-10T00:25:08+00:00\" \/>\n<meta name=\"twitter:card\" content=\"summary_large_image\" \/>\n<meta name=\"twitter:label1\" content=\"Est. reading time\" \/>\n\t<meta name=\"twitter:data1\" content=\"2 min\u016btes\" \/>\n<script type=\"application\/ld+json\" class=\"yoast-schema-graph\">{\"@context\":\"https:\\\/\\\/schema.org\",\"@graph\":[{\"@type\":\"WebPage\",\"@id\":\"https:\\\/\\\/rosanacl.com\\\/declaracion-de-accesibilidad\\\/\",\"url\":\"https:\\\/\\\/rosanacl.com\\\/declaracion-de-accesibilidad\\\/\",\"name\":\"Declaraci\u00f3n de Accesibilidad - Rosana CL\",\"isPartOf\":{\"@id\":\"https:\\\/\\\/rosanacl.com\\\/ca\\\/#website\"},\"datePublished\":\"2025-03-28T19:06:23+00:00\",\"dateModified\":\"2025-05-10T00:25:08+00:00\",\"breadcrumb\":{\"@id\":\"https:\\\/\\\/rosanacl.com\\\/declaracion-de-accesibilidad\\\/#breadcrumb\"},\"inLanguage\":\"lv-LV\",\"potentialAction\":[{\"@type\":\"ReadAction\",\"target\":[\"https:\\\/\\\/rosanacl.com\\\/declaracion-de-accesibilidad\\\/\"]}]},{\"@type\":\"BreadcrumbList\",\"@id\":\"https:\\\/\\\/rosanacl.com\\\/declaracion-de-accesibilidad\\\/#breadcrumb\",\"itemListElement\":[{\"@type\":\"ListItem\",\"position\":1,\"name\":\"Portada\",\"item\":\"https:\\\/\\\/rosanacl.com\\\/ca\\\/\"},{\"@type\":\"ListItem\",\"position\":2,\"name\":\"Declaraci\u00f3n de Accesibilidad\"}]},{\"@type\":\"WebSite\",\"@id\":\"https:\\\/\\\/rosanacl.com\\\/ca\\\/#website\",\"url\":\"https:\\\/\\\/rosanacl.com\\\/ca\\\/\",\"name\":\"Rosana CL\",\"description\":\"Somos tu interior\",\"potentialAction\":[{\"@type\":\"SearchAction\",\"target\":{\"@type\":\"EntryPoint\",\"urlTemplate\":\"https:\\\/\\\/rosanacl.com\\\/ca\\\/?s={search_term_string}\"},\"query-input\":{\"@type\":\"PropertyValueSpecification\",\"valueRequired\":true,\"valueName\":\"search_term_string\"}}],\"inLanguage\":\"lv-LV\"}]}<\/script>\n<!-- \/ Yoast SEO plugin. -->","yoast_head_json":{"title":"Declaraci\u00f3n de Accesibilidad - Rosana CL","robots":{"index":"index","follow":"follow","max-snippet":"max-snippet:-1","max-image-preview":"max-image-preview:large","max-video-preview":"max-video-preview:-1"},"canonical":"https:\/\/rosanacl.com\/lv\/declaracion-de-accesibilidad\/","og_locale":"lv_LV","og_type":"article","og_title":"Declaraci\u00f3n de Accesibilidad - Rosana CL","og_description":"PABLO ANGULO MASPONS se ha comprometido a hacer accesible su sitio web, conforme al Real Decreto 1112\/2018, de 7 de septiembre, sobre accesibilidad de los sitios web y aplicaciones para dispositivos m\u00f3viles del sector p\u00fablico. Esta declaraci\u00f3n de accesibilidad se aplica a esta web. Situaci\u00f3n de cumplimiento Este sitio web est\u00e1 desarrollado seg\u00fan el RD [&hellip;]","og_url":"https:\/\/rosanacl.com\/lv\/declaracion-de-accesibilidad\/","og_site_name":"Rosana CL","article_modified_time":"2025-05-10T00:25:08+00:00","twitter_card":"summary_large_image","twitter_misc":{"Est. reading time":"2 min\u016btes"},"schema":{"@context":"https:\/\/schema.org","@graph":[{"@type":"WebPage","@id":"https:\/\/rosanacl.com\/declaracion-de-accesibilidad\/","url":"https:\/\/rosanacl.com\/declaracion-de-accesibilidad\/","name":"Declaraci\u00f3n de Accesibilidad - Rosana CL","isPartOf":{"@id":"https:\/\/rosanacl.com\/ca\/#website"},"datePublished":"2025-03-28T19:06:23+00:00","dateModified":"2025-05-10T00:25:08+00:00","breadcrumb":{"@id":"https:\/\/rosanacl.com\/declaracion-de-accesibilidad\/#breadcrumb"},"inLanguage":"lv-LV","potentialAction":[{"@type":"ReadAction","target":["https:\/\/rosanacl.com\/declaracion-de-accesibilidad\/"]}]},{"@type":"BreadcrumbList","@id":"https:\/\/rosanacl.com\/declaracion-de-accesibilidad\/#breadcrumb","itemListElement":[{"@type":"ListItem","position":1,"name":"Portada","item":"https:\/\/rosanacl.com\/ca\/"},{"@type":"ListItem","position":2,"name":"Declaraci\u00f3n de Accesibilidad"}]},{"@type":"WebSite","@id":"https:\/\/rosanacl.com\/ca\/#website","url":"https:\/\/rosanacl.com\/ca\/","name":"Rosana CL","description":"M\u0113s esam j\u016bsu interjers","potentialAction":[{"@type":"SearchAction","target":{"@type":"EntryPoint","urlTemplate":"https:\/\/rosanacl.com\/ca\/?s={search_term_string}"},"query-input":{"@type":"PropertyValueSpecification","valueRequired":true,"valueName":"search_term_string"}}],"inLanguage":"lv-LV"}]}},"_links":{"self":[{"href":"https:\/\/rosanacl.com\/lv\/wp-json\/wp\/v2\/pages\/21","targetHints":{"allow":["GET"]}}],"collection":[{"href":"https:\/\/rosanacl.com\/lv\/wp-json\/wp\/v2\/pages"}],"about":[{"href":"https:\/\/rosanacl.com\/lv\/wp-json\/wp\/v2\/types\/page"}],"author":[{"embeddable":true,"href":"https:\/\/rosanacl.com\/lv\/wp-json\/wp\/v2\/users\/1"}],"replies":[{"embeddable":true,"href":"https:\/\/rosanacl.com\/lv\/wp-json\/wp\/v2\/comments?post=21"}],"version-history":[{"count":0,"href":"https:\/\/rosanacl.com\/lv\/wp-json\/wp\/v2\/pages\/21\/revisions"}],"wp:attachment":[{"href":"https:\/\/rosanacl.com\/lv\/wp-json\/wp\/v2\/media?parent=21"}],"curies":[{"name":"wp","href":"https:\/\/api.w.org\/{rel}","templated":true}]}}