{"id":2566,"date":"2025-07-01T12:13:48","date_gmt":"2025-07-01T10:13:48","guid":{"rendered":"https:\/\/rosanacl.com\/?page_id=2566"},"modified":"2025-12-14T20:43:04","modified_gmt":"2025-12-14T19:43:04","slug":"politica-de-envio","status":"publish","type":"page","link":"https:\/\/rosanacl.com\/lv\/politica-de-envio\/","title":{"rendered":"Pieg\u0101des politika"},"content":{"rendered":"<div data-elementor-type=\"wp-page\" data-elementor-id=\"2566\" class=\"elementor elementor-2566\" data-elementor-post-type=\"page\">\n\t\t\t\t<div class=\"elementor-element elementor-element-7a0b207 e-flex e-con-boxed e-con e-parent\" data-id=\"7a0b207\" data-element_type=\"container\" data-e-type=\"container\" data-settings=\"{&quot;background_background&quot;:&quot;classic&quot;}\">\n\t\t\t\t\t<div class=\"e-con-inner\">\n\t\t<div class=\"elementor-element elementor-element-2fcf4bc e-con-full e-flex e-con e-child\" data-id=\"2fcf4bc\" data-element_type=\"container\" data-e-type=\"container\">\n\t\t\t\t<div class=\"elementor-element elementor-element-d10b990 elementor-widget elementor-widget-heading\" data-id=\"d10b990\" data-element_type=\"widget\" data-e-type=\"widget\" data-widget_type=\"heading.default\">\n\t\t\t\t<div class=\"elementor-widget-container\">\n\t\t\t\t\t<h2 class=\"elementor-heading-title elementor-size-default\">Pieg\u0101des politika<\/h2>\t\t\t\t<\/div>\n\t\t\t\t<\/div>\n\t\t\t\t<\/div>\n\t\t\t\t\t<\/div>\n\t\t\t\t<\/div>\n\t\t<div class=\"elementor-element elementor-element-eca30f2 e-flex e-con-boxed e-con e-parent\" data-id=\"eca30f2\" data-element_type=\"container\" data-e-type=\"container\">\n\t\t\t\t\t<div class=\"e-con-inner\">\n\t\t\t\t<div class=\"elementor-element elementor-element-8328658 elementor-widget elementor-widget-text-editor\" data-id=\"8328658\" data-element_type=\"widget\" data-e-type=\"widget\" data-widget_type=\"text-editor.default\">\n\t\t\t\t<div class=\"elementor-widget-container\">\n\t\t\t\t\t\t\t\t\t<p>\u0160\u012b pieg\u0101des politika p\u0113d\u0113jo reizi tika atjaunin\u0101ta 2025. gada 7. janv\u0101r\u012b un attiecas uz visiem pirkumiem, kas veikti m\u016bsu t\u012bmek\u013ca vietn\u0113: <a href=\"https:\/\/rosanacl.com\/lv\/\">https:\/\/rosanacl.com\/<\/a><\/p>\n<p><!-- \/wp:paragraph --><!-- wp:paragraph --><\/p>\n<p data-start=\"261\" data-end=\"494\">Iek\u0161\u0101 <strong data-start=\"264\" data-end=\"277\">Rosana CL<\/strong> M\u0113s esam ap\u0146\u0113mu\u0161ies padar\u012bt j\u016bsu iepirk\u0161an\u0101s pieredzi dro\u0161u, skaidru un apmierino\u0161u no br\u012b\u017ea, kad veicat pas\u016bt\u012bjumu, l\u012bdz t\u0101 sa\u0146em\u0161anai. T\u0101l\u0101k m\u0113s izskaidrojam visu, kas jums j\u0101zina par m\u016bsu pieg\u0101di:<\/p>\n<p data-start=\"105\" data-end=\"384\"><strong data-start=\"105\" data-end=\"131\">1. Pieg\u0101de vis\u0101 pasaul\u0113<\/strong><br data-start=\"131\" data-end=\"134\">M\u0113s pieg\u0101d\u0101jam preces starptautiski praktiski uz vis\u0101m valst\u012bm. Neatkar\u012bgi no t\u0101, kur atrodaties, varat pas\u016bt\u012bt ar piln\u012bgu p\u0101rliec\u012bbu. M\u0113s sadarbojamies ar uzticamiem lo\u0123istikas pakalpojumu sniedz\u0113jiem, lai nodro\u0161in\u0101tu, ka j\u016bsu produkti tiek pieg\u0101d\u0101ti laik\u0101 un nevainojam\u0101 st\u0101vokl\u012b.<\/p>\n<p>Uz\u0146\u0113mum\u0101 Rosana Cl m\u0113s katru pas\u016bt\u012bjumu apstr\u0101d\u0101jam r\u016bp\u012bgi un profesion\u0101li. T\u0101p\u0113c m\u0113s sadarbojamies ar MBE (Mail Boxes Etc.), lo\u0123istikas uz\u0146\u0113mumu ar 2800 centriem 52 valst\u012bs, kas \u013cauj mums pied\u0101v\u0101t dro\u0161u un efekt\u012bvu pieg\u0101di gan valsts, gan starptautisk\u0101 m\u0113rog\u0101. Pas\u016bt\u012bjumus pieg\u0101d\u0101 cien\u012bjami p\u0101rvad\u0101t\u0101ji, piem\u0113ram:<\/p>\n<ul>\n<li>UPS<\/li>\n<li>SEUR<\/li>\n<li>TNT<\/li>\n<li>FEDEX<\/li>\n<li>EKSPRESS PASTS<\/li>\n<li>Utt\u2026<\/li>\n<\/ul>\n<p>Visi m\u016bsu produkti tiks pieg\u0101d\u0101ti dro\u0161i un \u0101tri. Tas nodro\u0161ina r\u016bp\u012bgu un efekt\u012bvu pieg\u0101des procesu, kas izstr\u0101d\u0101ts, lai sniegtu m\u016bsu klientiem vislab\u0101ko iesp\u0113jamo pieredzi.<\/p>\n<p data-start=\"105\" data-end=\"384\"><strong data-start=\"389\" data-end=\"417\">2. Pas\u016bt\u012bjumu apstr\u0101de<\/strong><\/p>\n<p>Visi pas\u016bt\u012bjumi tiek apstr\u0101d\u0101ti, tikl\u012bdz maks\u0101jums ir apstiprin\u0101ts.<br data-start=\"520\" data-end=\"523\"><strong data-start=\"523\" data-end=\"643\">Ja pas\u016bt\u012bjums tiek veikts no r\u012bta, tas tiks nos\u016bt\u012bts p\u0113cpusdien\u0101. Ja pas\u016bt\u012bjums tiek veikts p\u0113cpusdien\u0101, tas tiks nos\u016bt\u012bts n\u0101kamaj\u0101 dien\u0101.<\/strong><br data-start=\"643\" data-end=\"646\">Akciju, izp\u0101rdo\u0161anu vai citu \u012bpa\u0161u pas\u0101kumu laik\u0101 apstr\u0101des laiks var b\u016bt nedaudz ilg\u0101ks, ta\u010du m\u0113s j\u016bs vienm\u0113r inform\u0113sim.<\/p>\n<p data-start=\"809\" data-end=\"1090\"><strong data-start=\"809\" data-end=\"845\">3. Izseko\u0161anas numurs<\/strong><br data-start=\"845\" data-end=\"848\">Kad j\u016bsu pas\u016bt\u012bjums b\u016bs nos\u016bt\u012bts, m\u0113s nos\u016bt\u012bsim jums izseko\u0161anas numuru pa e-pastu vai izmantojot sazi\u0146as kan\u0101lu, ko izmantoj\u0101t pirkuma veik\u0161anas laik\u0101.<br data-start=\"1014\" data-end=\"1017\">J\u016bs varat izsekot sava s\u016bt\u012bjuma statusam visu laiku, l\u012bdz to sa\u0146emat.<\/p>\n<p data-start=\"809\" data-end=\"1090\"><strong data-start=\"1095\" data-end=\"1127\">4. Paredzamais pieg\u0101des laiks<\/strong><\/p>\n<p data-start=\"1095\" data-end=\"1291\">Pieg\u0101des laiks var at\u0161\u0137irties atkar\u012bb\u0101 no galam\u0113r\u0137a valsts, izv\u0113l\u0113t\u0101s pieg\u0101des metodes un citiem \u0101r\u0113jiem faktoriem (laika apst\u0101k\u013ciem, muitas noteikumiem utt.). Uzzi\u0146ai:<\/p>\n<ul data-start=\"1293\" data-end=\"1530\">\n<li data-start=\"1293\" data-end=\"1342\">\n<p data-start=\"1295\" data-end=\"1342\">Viet\u0113jie s\u016bt\u012bjumi: <strong data-start=\"1314\" data-end=\"1340\">24 l\u012bdz 48 darba stundas.<\/strong><\/p>\n<\/li>\n<li data-start=\"1343\" data-end=\"1434\">\n<p data-start=\"1345\" data-end=\"1434\">Starptautiskie s\u016bt\u012bjumi Eirop\u0101: <strong data-start=\"1386\" data-end=\"1408\">4 l\u012bdz 6 darba dienas<\/strong>, pa sauszemi vai gaisu.<\/p>\n<\/li>\n<li data-start=\"1435\" data-end=\"1530\">\n<p data-start=\"1437\" data-end=\"1530\">Starptautiskie s\u016bt\u012bjumi \u0101rpus Eiropas (p\u0101r\u0113j\u0101s pasaules): <strong data-start=\"1495\" data-end=\"1518\">8 l\u012bdz 10 darba dienas<\/strong>, pa gaisu.<\/p>\n<\/li>\n<\/ul>\n<p>Pieg\u0101des pakalpojums ietver divus pieg\u0101des m\u0113\u0123in\u0101jumus taj\u0101 pa\u0161\u0101 dien\u0101 vai n\u0101kamaj\u0101 dien\u0101. Ja pieg\u0101di nevar pabeigt tr\u016bksto\u0161as vai nepareizas adreses inform\u0101cijas d\u0113\u013c vai ja sa\u0146\u0113m\u0113js nav kl\u0101t, tiks veikts tre\u0161ais pieg\u0101des m\u0113\u0123in\u0101jums uz tuv\u0101ko sa\u0146em\u0161anas punktu.<\/p>\n<p>Ja klients preci neiz\u0146em 10 dienu laik\u0101, t\u0101 tiks atgriezta m\u016bsu sadarb\u012bbas partneru noliktav\u0101s uz\u0146\u0113mum\u0101 Rosana CL, kas atskait\u012bs radu\u0161\u0101s pieg\u0101des un atgrie\u0161anas izmaksas.&nbsp;<\/p>\n<p data-start=\"1437\" data-end=\"1530\"><strong>5. Pieg\u0101des izmaksas<\/strong><\/p>\n<p data-start=\"1535\" data-end=\"1779\">Pieg\u0101des izmaksas tiek apr\u0113\u0137in\u0101tas, veicot pas\u016bt\u012bjumu, pamatojoties uz pieg\u0101des adresi un pakas svaru. Reiz\u0113m m\u0113s pied\u0101v\u0101jam bezmaksas pieg\u0101di uz noteikt\u0101m valst\u012bm vai pas\u016bt\u012bjumiem, kas p\u0101rsniedz noteiktu summu.<\/p>\n<p data-start=\"1535\" data-end=\"1779\">Pas\u016bt\u012bjumiem virs 59\u00a0\u20ac tiek piem\u0113rota bezmaksas pieg\u0101de tikai Sp\u0101nijas kontinent\u0101laj\u0101 da\u013c\u0101.<\/p>\n<p data-start=\"1535\" data-end=\"1779\">Gad\u012bjum\u0101, ja pas\u016bt\u012bjumam ir j\u0101iziet muitas kontrole, visi papildu nodok\u013ci, nodevas vai maksas sedz klients.&nbsp;<\/p>\n<p><strong data-start=\"1784\" data-end=\"1815\">6. Muitas un viet\u0113jie nodok\u013ci<\/strong><br data-start=\"1815\" data-end=\"1818\">Starptautiskiem s\u016bt\u012bjumiem da\u017eas valstis var piem\u0113rot nodok\u013cus vai muitas nodevas. \u0160\u012bs maksas sedz klients, un t\u0101s nav iek\u013cautas produkta cen\u0101 vai pieg\u0101des izmaks\u0101s.<\/p>\n<p data-start=\"1784\" data-end=\"2026\"><strong data-start=\"2031\" data-end=\"2059\">7. Pieg\u0101des probl\u0113mas<\/strong><\/p>\n<p>Ja j\u016bsu paka kav\u0113jas vai ir radu\u0161\u0101s probl\u0113mas, varat sazin\u0101ties ar mums tie\u0161i, un m\u0113s pal\u012bdz\u0113sim jums to atrisin\u0101t p\u0113c iesp\u0113jas \u0101tr\u0101k.<\/p>\n<p>Ja jums ir k\u0101di jaut\u0101jumi vai nepiecie\u0161ama pal\u012bdz\u012bba ar s\u016bt\u012bjumu, l\u016bdzu, sazinieties ar mums, izmantojot m\u016bsu kontaktformu vai e-pastu: &nbsp;<a href=\"mailto:info@rosanacl.com\">info@rosanacl.com<\/a><br data-start=\"2620\" data-end=\"2623\">Paldies par uztic\u0113\u0161anos. <strong data-start=\"2646\" data-end=\"2659\">Rosana CL<\/strong>.<\/p>\n<h4><b>PIEZ\u012aME: Inform\u0113jam klientus, ka m\u016bsu pieg\u0101d\u0101t\u0101ja uz\u0146\u0113muma atva\u013cin\u0101jumu d\u0113\u013c august\u0101 var b\u016bt kav\u0113\u0161an\u0101s pieg\u0101d\u0113s un pre\u010du pieejam\u012bbas samazin\u0101\u0161an\u0101s noliktav\u0101.<\/b><\/h4>\t\t\t\t\t\t\t\t<\/div>\n\t\t\t\t<\/div>\n\t\t\t\t\t<\/div>\n\t\t\t\t<\/div>\n\t\t\t\t<\/div>","protected":false},"excerpt":{"rendered":"<p>Esta pol\u00edtica de env\u00edos fue actualizada por \u00faltima vez el 01\/07\/2025 y se aplica a todas las compras realizadas a trav\u00e9s de nuestra web: https:\/\/rosanacl.com\/ En Rosana CL nos comprometemos a que tu experiencia de compra sea segura, clara y satisfactoria desde el primer momento hasta que recibas tu pedido. A continuaci\u00f3n, te explicamos todo [&hellip;]<\/p>\n","protected":false},"author":1,"featured_media":0,"parent":0,"menu_order":0,"comment_status":"closed","ping_status":"closed","template":"","meta":{"content-type":"","footnotes":""},"class_list":["post-2566","page","type-page","status-publish","hentry"],"yoast_head":"<!-- This site is optimized with the Yoast SEO plugin v27.4 - https:\/\/yoast.com\/product\/yoast-seo-wordpress\/ -->\n<title>Pol\u00edtica de Env\u00edo - Rosana CL<\/title>\n<meta name=\"robots\" content=\"index, follow, max-snippet:-1, max-image-preview:large, max-video-preview:-1\" \/>\n<link rel=\"canonical\" href=\"https:\/\/rosanacl.com\/lv\/politica-de-envio\/\" \/>\n<meta property=\"og:locale\" content=\"lv_LV\" \/>\n<meta property=\"og:type\" content=\"article\" \/>\n<meta property=\"og:title\" content=\"Pol\u00edtica de Env\u00edo - Rosana CL\" \/>\n<meta property=\"og:description\" content=\"Esta pol\u00edtica de env\u00edos fue actualizada por \u00faltima vez el 01\/07\/2025 y se aplica a todas las compras realizadas a trav\u00e9s de nuestra web: https:\/\/rosanacl.com\/ En Rosana CL nos comprometemos a que tu experiencia de compra sea segura, clara y satisfactoria desde el primer momento hasta que recibas tu pedido. A continuaci\u00f3n, te explicamos todo [&hellip;]\" \/>\n<meta property=\"og:url\" content=\"https:\/\/rosanacl.com\/lv\/politica-de-envio\/\" \/>\n<meta property=\"og:site_name\" content=\"Rosana CL\" \/>\n<meta property=\"article:modified_time\" content=\"2025-12-14T19:43:04+00:00\" \/>\n<meta name=\"twitter:card\" content=\"summary_large_image\" \/>\n<meta name=\"twitter:label1\" content=\"Est. reading time\" \/>\n\t<meta name=\"twitter:data1\" content=\"4 min\u016btes\" \/>\n<script type=\"application\/ld+json\" class=\"yoast-schema-graph\">{\"@context\":\"https:\\\/\\\/schema.org\",\"@graph\":[{\"@type\":\"WebPage\",\"@id\":\"https:\\\/\\\/rosanacl.com\\\/uk\\\/politica-de-envio\\\/\",\"url\":\"https:\\\/\\\/rosanacl.com\\\/uk\\\/politica-de-envio\\\/\",\"name\":\"Pol\u00edtica de Env\u00edo - Rosana CL\",\"isPartOf\":{\"@id\":\"https:\\\/\\\/rosanacl.com\\\/ca\\\/#website\"},\"datePublished\":\"2025-07-01T10:13:48+00:00\",\"dateModified\":\"2025-12-14T19:43:04+00:00\",\"breadcrumb\":{\"@id\":\"https:\\\/\\\/rosanacl.com\\\/uk\\\/politica-de-envio\\\/#breadcrumb\"},\"inLanguage\":\"lv-LV\",\"potentialAction\":[{\"@type\":\"ReadAction\",\"target\":[\"https:\\\/\\\/rosanacl.com\\\/uk\\\/politica-de-envio\\\/\"]}]},{\"@type\":\"BreadcrumbList\",\"@id\":\"https:\\\/\\\/rosanacl.com\\\/uk\\\/politica-de-envio\\\/#breadcrumb\",\"itemListElement\":[{\"@type\":\"ListItem\",\"position\":1,\"name\":\"Portada\",\"item\":\"https:\\\/\\\/rosanacl.com\\\/ca\\\/\"},{\"@type\":\"ListItem\",\"position\":2,\"name\":\"Pol\u00edtica de Env\u00edo\"}]},{\"@type\":\"WebSite\",\"@id\":\"https:\\\/\\\/rosanacl.com\\\/ca\\\/#website\",\"url\":\"https:\\\/\\\/rosanacl.com\\\/ca\\\/\",\"name\":\"Rosana CL\",\"description\":\"Somos tu interior\",\"potentialAction\":[{\"@type\":\"SearchAction\",\"target\":{\"@type\":\"EntryPoint\",\"urlTemplate\":\"https:\\\/\\\/rosanacl.com\\\/ca\\\/?s={search_term_string}\"},\"query-input\":{\"@type\":\"PropertyValueSpecification\",\"valueRequired\":true,\"valueName\":\"search_term_string\"}}],\"inLanguage\":\"lv-LV\"}]}<\/script>\n<!-- \/ Yoast SEO plugin. -->","yoast_head_json":{"title":"Pol\u00edtica de Env\u00edo - Rosana CL","robots":{"index":"index","follow":"follow","max-snippet":"max-snippet:-1","max-image-preview":"max-image-preview:large","max-video-preview":"max-video-preview:-1"},"canonical":"https:\/\/rosanacl.com\/lv\/politica-de-envio\/","og_locale":"lv_LV","og_type":"article","og_title":"Pol\u00edtica de Env\u00edo - Rosana CL","og_description":"Esta pol\u00edtica de env\u00edos fue actualizada por \u00faltima vez el 01\/07\/2025 y se aplica a todas las compras realizadas a trav\u00e9s de nuestra web: https:\/\/rosanacl.com\/ En Rosana CL nos comprometemos a que tu experiencia de compra sea segura, clara y satisfactoria desde el primer momento hasta que recibas tu pedido. A continuaci\u00f3n, te explicamos todo [&hellip;]","og_url":"https:\/\/rosanacl.com\/lv\/politica-de-envio\/","og_site_name":"Rosana CL","article_modified_time":"2025-12-14T19:43:04+00:00","twitter_card":"summary_large_image","twitter_misc":{"Est. reading time":"4 min\u016btes"},"schema":{"@context":"https:\/\/schema.org","@graph":[{"@type":"WebPage","@id":"https:\/\/rosanacl.com\/uk\/politica-de-envio\/","url":"https:\/\/rosanacl.com\/uk\/politica-de-envio\/","name":"Pol\u00edtica de Env\u00edo - Rosana CL","isPartOf":{"@id":"https:\/\/rosanacl.com\/ca\/#website"},"datePublished":"2025-07-01T10:13:48+00:00","dateModified":"2025-12-14T19:43:04+00:00","breadcrumb":{"@id":"https:\/\/rosanacl.com\/uk\/politica-de-envio\/#breadcrumb"},"inLanguage":"lv-LV","potentialAction":[{"@type":"ReadAction","target":["https:\/\/rosanacl.com\/uk\/politica-de-envio\/"]}]},{"@type":"BreadcrumbList","@id":"https:\/\/rosanacl.com\/uk\/politica-de-envio\/#breadcrumb","itemListElement":[{"@type":"ListItem","position":1,"name":"Portada","item":"https:\/\/rosanacl.com\/ca\/"},{"@type":"ListItem","position":2,"name":"Pol\u00edtica de Env\u00edo"}]},{"@type":"WebSite","@id":"https:\/\/rosanacl.com\/ca\/#website","url":"https:\/\/rosanacl.com\/ca\/","name":"Rosana CL","description":"M\u0113s esam j\u016bsu interjers","potentialAction":[{"@type":"SearchAction","target":{"@type":"EntryPoint","urlTemplate":"https:\/\/rosanacl.com\/ca\/?s={search_term_string}"},"query-input":{"@type":"PropertyValueSpecification","valueRequired":true,"valueName":"search_term_string"}}],"inLanguage":"lv-LV"}]}},"_links":{"self":[{"href":"https:\/\/rosanacl.com\/lv\/wp-json\/wp\/v2\/pages\/2566","targetHints":{"allow":["GET"]}}],"collection":[{"href":"https:\/\/rosanacl.com\/lv\/wp-json\/wp\/v2\/pages"}],"about":[{"href":"https:\/\/rosanacl.com\/lv\/wp-json\/wp\/v2\/types\/page"}],"author":[{"embeddable":true,"href":"https:\/\/rosanacl.com\/lv\/wp-json\/wp\/v2\/users\/1"}],"replies":[{"embeddable":true,"href":"https:\/\/rosanacl.com\/lv\/wp-json\/wp\/v2\/comments?post=2566"}],"version-history":[{"count":6,"href":"https:\/\/rosanacl.com\/lv\/wp-json\/wp\/v2\/pages\/2566\/revisions"}],"predecessor-version":[{"id":4647,"href":"https:\/\/rosanacl.com\/lv\/wp-json\/wp\/v2\/pages\/2566\/revisions\/4647"}],"wp:attachment":[{"href":"https:\/\/rosanacl.com\/lv\/wp-json\/wp\/v2\/media?parent=2566"}],"curies":[{"name":"wp","href":"https:\/\/api.w.org\/{rel}","templated":true}]}}