{"id":2875,"date":"2025-10-08T12:29:15","date_gmt":"2025-10-08T10:29:15","guid":{"rendered":"https:\/\/rosanacl.com\/?page_id=2875"},"modified":"2025-10-10T11:58:03","modified_gmt":"2025-10-10T09:58:03","slug":"comprar-sujetadores-selene","status":"publish","type":"page","link":"https:\/\/rosanacl.com\/lv\/comprar-sujetadores-selene\/","title":{"rendered":"P\u0113rciet Selene kr\u016b\u0161turus"},"content":{"rendered":"<div data-elementor-type=\"wp-page\" data-elementor-id=\"2875\" class=\"elementor elementor-2875\" data-elementor-post-type=\"page\">\n\t\t\t\t<div class=\"elementor-element elementor-element-171998c7 e-flex e-con-boxed e-con e-parent\" data-id=\"171998c7\" data-element_type=\"container\" data-e-type=\"container\">\n\t\t\t\t\t<div class=\"e-con-inner\">\n\t\t\t\t<div class=\"elementor-element elementor-element-6575351f elementor-widget elementor-widget-text-editor\" data-id=\"6575351f\" data-element_type=\"widget\" data-e-type=\"widget\" data-widget_type=\"text-editor.default\">\n\t\t\t\t<div class=\"elementor-widget-container\">\n\t\t\t\t\t\t\t\t\t\n<p><\/p>\n\n\n\n<p><\/p>\n\t\t\t\t\t\t\t\t<\/div>\n\t\t\t\t<\/div>\n\t\t\t\t\t<\/div>\n\t\t\t\t<\/div>\n\t\t<div class=\"elementor-element elementor-element-cf7d341 e-flex e-con-boxed e-con e-parent\" data-id=\"cf7d341\" data-element_type=\"container\" data-e-type=\"container\">\n\t\t\t\t\t<div class=\"e-con-inner\">\n\t\t\t\t<div class=\"elementor-element elementor-element-1f1d080 elementor-widget elementor-widget-heading\" data-id=\"1f1d080\" data-element_type=\"widget\" data-e-type=\"widget\" data-widget_type=\"heading.default\">\n\t\t\t\t<div class=\"elementor-widget-container\">\n\t\t\t\t\t<h2 class=\"elementor-heading-title elementor-size-default\">P\u0113rciet Selene kr\u016b\u0161turus<\/h2>\t\t\t\t<\/div>\n\t\t\t\t<\/div>\n\t\t\t\t\t<\/div>\n\t\t\t\t<\/div>\n\t\t<div class=\"elementor-element elementor-element-dc1921d e-flex e-con-boxed e-con e-parent\" data-id=\"dc1921d\" data-element_type=\"container\" data-e-type=\"container\">\n\t\t\t\t\t<div class=\"e-con-inner\">\n\t\t<div class=\"elementor-element elementor-element-d19616f e-con-full e-flex e-con e-child\" data-id=\"d19616f\" data-element_type=\"container\" data-e-type=\"container\">\n\t\t\t\t<div class=\"elementor-element elementor-element-8ba1404 elementor-widget elementor-widget-text-editor\" data-id=\"8ba1404\" data-element_type=\"widget\" data-e-type=\"widget\" data-widget_type=\"text-editor.default\">\n\t\t\t\t<div class=\"elementor-widget-container\">\n\t\t\t\t\t\t\t\t\t<h3 data-start=\"421\" data-end=\"496\"><strong data-start=\"425\" data-end=\"496\">Selene kr\u016b\u0161turi: gudra izv\u0113le katrai sievietei<\/strong><\/h3>\n<p data-start=\"498\" data-end=\"837\">Run\u0101jot par perfektas apak\u0161ve\u013cas izv\u0113li, tikai da\u017ei z\u012bmoli pied\u0101v\u0101 t\u0101du kvalit\u0101tes, dizaina un komforta kombin\u0101ciju, kas rakstur\u012bga... <strong data-start=\"634\" data-end=\"644\">Sel\u0113na<\/strong>Iek\u0161\u0101 <strong data-start=\"649\" data-end=\"662\">Rosana CL<\/strong>, m\u0113s zin\u0101m, ka katra sieviete ikdien\u0101 v\u0113las justies \u0113rti un dro\u0161i, t\u0101p\u0113c aicin\u0101m j\u016bs uz <strong data-start=\"758\" data-end=\"788\">pirkt Selene kr\u016b\u0161turus<\/strong> un atkl\u0101jiet \u012bstu labsaj\u016btas pieredzi.<\/p>\n<p data-start=\"839\" data-end=\"1185\">Katrs Selene modelis ir prec\u012bzi izstr\u0101d\u0101ts, izmantojot tehniskus audumus, kas piel\u0101gojas \u0137ermenim, nezaud\u0113jot savu formu vai atbalstu. <strong data-start=\"979\" data-end=\"1009\">pirkt Selene kr\u016b\u0161turus<\/strong>J\u016bs ne tikai ieg\u0101d\u0101jaties ap\u0123\u0113rba gabalu, bet gan ieguld\u012bjumu ikdienas komfort\u0101. T\u0101 dizains ir v\u0113rsts uz sievietes anatomiju un pied\u0101v\u0101 atbalstu, maigumu un eleganci katr\u0101 deta\u013c\u0101.<\/p>\n<p data-start=\"1187\" data-end=\"1519\">Rosana CL r\u016bp\u012bgi atlasa z\u012bmola izcil\u0101kos mode\u013cus, lai katrs klients var\u0113tu atrast sev ide\u0101lu variantu: kr\u016b\u0161turi bez st\u012bpi\u0146\u0101m, polster\u0113ti, minimiz\u0113jo\u0161ie, sporta vai me\u017e\u0123\u012b\u0146u kr\u016b\u0161turi. Katrs no tiem ir rad\u012bts at\u0161\u0137ir\u012bgam dz\u012bvesveidam un v\u0113lm\u0113m, ta\u010du tiem visiem ir viena kop\u012bga iez\u012bme: Selene izcil\u012bba.<\/p>\t\t\t\t\t\t\t\t<\/div>\n\t\t\t\t<\/div>\n\t\t\t\t<\/div>\n\t\t<div class=\"elementor-element elementor-element-5568f8b e-con-full e-flex e-con e-child\" data-id=\"5568f8b\" data-element_type=\"container\" data-e-type=\"container\">\n\t\t\t\t<div class=\"elementor-element elementor-element-980debe elementor-widget elementor-widget-image\" data-id=\"980debe\" data-element_type=\"widget\" data-e-type=\"widget\" data-widget_type=\"image.default\">\n\t\t\t\t<div class=\"elementor-widget-container\">\n\t\t\t\t\t\t\t\t\t\t\t\t\t\t\t<img fetchpriority=\"high\" decoding=\"async\" width=\"800\" height=\"566\" src=\"https:\/\/rosanacl.com\/wp-content\/uploads\/2025\/10\/comprar-sujetadores-online-selene-1-1024x724.jpg\" class=\"attachment-large size-large wp-image-3975\" alt=\"\" srcset=\"https:\/\/rosanacl.com\/wp-content\/uploads\/2025\/10\/comprar-sujetadores-online-selene-1-1024x724.jpg 1024w, https:\/\/rosanacl.com\/wp-content\/uploads\/2025\/10\/comprar-sujetadores-online-selene-1-300x212.jpg 300w, https:\/\/rosanacl.com\/wp-content\/uploads\/2025\/10\/comprar-sujetadores-online-selene-1-768x543.jpg 768w, https:\/\/rosanacl.com\/wp-content\/uploads\/2025\/10\/comprar-sujetadores-online-selene-1-1536x1086.jpg 1536w, https:\/\/rosanacl.com\/wp-content\/uploads\/2025\/10\/comprar-sujetadores-online-selene-1-18x12.jpg 18w, https:\/\/rosanacl.com\/wp-content\/uploads\/2025\/10\/comprar-sujetadores-online-selene-1-600x424.jpg 600w, https:\/\/rosanacl.com\/wp-content\/uploads\/2025\/10\/comprar-sujetadores-online-selene-1.jpg 2000w\" sizes=\"(max-width: 800px) 100vw, 800px\" \/>\t\t\t\t\t\t\t\t\t\t\t\t\t\t\t<\/div>\n\t\t\t\t<\/div>\n\t\t\t\t<\/div>\n\t\t\t\t\t<\/div>\n\t\t\t\t<\/div>\n\t\t<div class=\"elementor-element elementor-element-5e380fb e-flex e-con-boxed e-con e-parent\" data-id=\"5e380fb\" data-element_type=\"container\" data-e-type=\"container\">\n\t\t\t\t\t<div class=\"e-con-inner\">\n\t\t<div class=\"elementor-element elementor-element-a763375 e-con-full e-flex e-con e-child\" data-id=\"a763375\" data-element_type=\"container\" data-e-type=\"container\">\n\t\t\t\t<div class=\"elementor-element elementor-element-a8aecc4 elementor-widget elementor-widget-image\" data-id=\"a8aecc4\" data-element_type=\"widget\" data-e-type=\"widget\" data-widget_type=\"image.default\">\n\t\t\t\t<div class=\"elementor-widget-container\">\n\t\t\t\t\t\t\t\t\t\t\t\t\t\t\t<img decoding=\"async\" width=\"800\" height=\"566\" src=\"https:\/\/rosanacl.com\/wp-content\/uploads\/2025\/10\/sujetadores-selene-1-1024x724.jpg\" class=\"attachment-large size-large wp-image-3978\" alt=\"\" srcset=\"https:\/\/rosanacl.com\/wp-content\/uploads\/2025\/10\/sujetadores-selene-1-1024x724.jpg 1024w, https:\/\/rosanacl.com\/wp-content\/uploads\/2025\/10\/sujetadores-selene-1-300x212.jpg 300w, https:\/\/rosanacl.com\/wp-content\/uploads\/2025\/10\/sujetadores-selene-1-768x543.jpg 768w, https:\/\/rosanacl.com\/wp-content\/uploads\/2025\/10\/sujetadores-selene-1-1536x1086.jpg 1536w, https:\/\/rosanacl.com\/wp-content\/uploads\/2025\/10\/sujetadores-selene-1-18x12.jpg 18w, https:\/\/rosanacl.com\/wp-content\/uploads\/2025\/10\/sujetadores-selene-1-600x424.jpg 600w, https:\/\/rosanacl.com\/wp-content\/uploads\/2025\/10\/sujetadores-selene-1.jpg 2000w\" sizes=\"(max-width: 800px) 100vw, 800px\" \/>\t\t\t\t\t\t\t\t\t\t\t\t\t\t\t<\/div>\n\t\t\t\t<\/div>\n\t\t\t\t<\/div>\n\t\t<div class=\"elementor-element elementor-element-b02b1e9 e-con-full e-flex e-con e-child\" data-id=\"b02b1e9\" data-element_type=\"container\" data-e-type=\"container\">\n\t\t\t\t<div class=\"elementor-element elementor-element-e25a6f0 elementor-widget elementor-widget-text-editor\" data-id=\"e25a6f0\" data-element_type=\"widget\" data-e-type=\"widget\" data-widget_type=\"text-editor.default\">\n\t\t\t\t<div class=\"elementor-widget-container\">\n\t\t\t\t\t\t\t\t\t<h3 data-start=\"1526\" data-end=\"1602\"><strong data-start=\"1530\" data-end=\"1602\">Ieg\u0101d\u0101jieties Selene kr\u016b\u0161turus: inov\u0101cijas, iztur\u012bba un sp\u0101\u0146u dizains<\/strong><\/h3>\n<p data-start=\"1604\" data-end=\"1941\"><strong data-start=\"1604\" data-end=\"1634\">P\u0113rciet Selene kr\u016b\u0161turus<\/strong> noz\u012bm\u0113 ieguld\u012bjumus tekstilizstr\u0101d\u0101jumu inov\u0101cij\u0101s un sp\u0101\u0146u dizaina kvalit\u0101t\u0113. Z\u012bmols izce\u013cas, apvienojot augsto tehnolo\u0123iju materi\u0101lus ar m\u016b\u017e\u012bgas elegances piesk\u0101rienu. T\u0101 audumi ir elpojo\u0161i, elast\u012bgi un iztur\u012bgi, nodro\u0161inot izcilu iztur\u012bbu, neupur\u0113jot komfortu.<\/p>\n<p data-start=\"1943\" data-end=\"2339\">Selene kr\u016b\u0161turiem ir iepriek\u0161 veidotas b\u013codi\u0146as, regul\u0113jamas lenc\u012btes un pastiprin\u0101tas aizdares, kas lieliski piel\u0101gojas ikvienam siluetam. Turkl\u0101t daudziem to mode\u013ciem ir plakanas v\u012bles, kas nov\u0113r\u0161 traipu veido\u0161anos un nodro\u0161ina diskr\u0113tu izskatu zem ap\u0123\u0113rba. \u0160is deta\u013cu l\u012bmenis padara Selene par vienu no visieteicam\u0101kajiem z\u012bmoliem sieviet\u0113m, kas mekl\u0113 praktisku un stil\u012bgu apak\u0161ve\u013cu.<\/p>\n<p data-start=\"2341\" data-end=\"2743\">Iek\u0161\u0101 <strong data-start=\"2344\" data-end=\"2357\">Rosana CL<\/strong>, m\u0113s pied\u0101v\u0101jam iesp\u0113ju <strong data-start=\"2387\" data-end=\"2417\">pirkt Selene kr\u016b\u0161turus<\/strong> Ar sirdsmieru, ieg\u0101d\u0101joties 100% ori\u0123in\u0101lus % produktus. M\u0113s sadarbojamies tie\u0161i ar z\u012bmolu, kas \u013cauj mums pied\u0101v\u0101t jaun\u0101k\u0101s kolekcijas un personaliz\u0113tu klientu apkalpo\u0161anu. Ja jums ir jaut\u0101jumi par izm\u0113riem vai kr\u016bz\u012b\u0161u veidiem, m\u016bsu komanda jums sniegs padomu, lai j\u016bs var\u0113tu atrast sav\u0101m vajadz\u012bb\u0101m atbilsto\u0161\u0101ko modeli.<\/p>\t\t\t\t\t\t\t\t<\/div>\n\t\t\t\t<\/div>\n\t\t\t\t<\/div>\n\t\t\t\t\t<\/div>\n\t\t\t\t<\/div>\n\t\t<div class=\"elementor-element elementor-element-495e863 e-flex e-con-boxed e-con e-parent\" data-id=\"495e863\" data-element_type=\"container\" data-e-type=\"container\">\n\t\t\t\t\t<div class=\"e-con-inner\">\n\t\t\t\t<div class=\"elementor-element elementor-element-fe47ba3 elementor-widget elementor-widget-text-editor\" data-id=\"fe47ba3\" data-element_type=\"widget\" data-e-type=\"widget\" data-widget_type=\"text-editor.default\">\n\t\t\t\t<div class=\"elementor-widget-container\">\n\t\t\t\t\t\t\t\t\t<h3 data-start=\"2750\" data-end=\"2821\"><strong data-start=\"2754\" data-end=\"2821\">Ieg\u0101d\u0101jieties Selene kr\u016b\u0161turus Rosana CL: j\u016bsu uzticamaj\u0101 veikal\u0101<\/strong><\/h3>\n<p data-start=\"2823\" data-end=\"3071\">Izv\u0113lieties, kur <strong data-start=\"2836\" data-end=\"2866\">pirkt Selene kr\u016b\u0161turus<\/strong> ir tikpat svar\u012bgi k\u0101 pareiz\u0101 mode\u013ca izv\u0113le. <strong data-start=\"2920\" data-end=\"2933\">Rosana CL<\/strong>M\u0113s specializ\u0113jamies augstas kvalit\u0101tes sievie\u0161u apak\u0161ve\u013cas pied\u0101v\u0101\u0161an\u0101 un dro\u0161as, \u0113rtas un personaliz\u0113tas iepirk\u0161an\u0101s pieredzes nodro\u0161in\u0101\u0161an\u0101.<\/p>\n<p data-start=\"3073\" data-end=\"3370\">M\u016bsu interneta veikals pied\u0101v\u0101 piek\u013cuvi atjaunin\u0101tam katalogam ar detaliz\u0113tiem aprakstiem, re\u0101l\u0101m fotogr\u0101fij\u0101m un vienk\u0101r\u0161u izm\u0113ru ce\u013cvedi. M\u0113s pied\u0101v\u0101jam ar\u012b \u0101tru pieg\u0101di un uzman\u012bgu p\u0113cp\u0101rdo\u0161anas apkalpo\u0161anu, jo zin\u0101m, ka apmierin\u0101t\u012bba nebeidzas ar pirkumu, bet gan ar ikdienas lieto\u0161anu.<\/p>\n<p data-start=\"3372\" data-end=\"3618\">Uz <strong data-start=\"3375\" data-end=\"3405\">pirkt Selene kr\u016b\u0161turus<\/strong> Rosana CL j\u016bs izv\u0113laties veikalu, kas velt\u012bts autentiskumam, komfortam un p\u0101rliec\u012bbai. Katrs ap\u0123\u0113rba gabals atspogu\u013co l\u012bdzsvaru starp atbalstu un eleganci, kas rad\u012bts, lai dabiski uzlabotu sievietes fig\u016bru.<\/p>\n<p data-start=\"3620\" data-end=\"3886\">\u012as\u0101k sakot, <strong data-start=\"3635\" data-end=\"3665\">pirkt Selene kr\u016b\u0161turus<\/strong> Rosana CL j\u016bs esat ap\u0146\u0113mu\u0161ies sniegt izcilu pieredzi. Atkl\u0101jiet sev piem\u0113rot\u0101ko stilu, izbaudiet perfektu atbalstu un saj\u016btiet at\u0161\u0137ir\u012bbu, ko rada ar cent\u012bbu un kompetenci rad\u012bta apak\u0161ve\u013ca.<\/p>\t\t\t\t\t\t\t\t<\/div>\n\t\t\t\t<\/div>\n\t\t\t\t\t<\/div>\n\t\t\t\t<\/div>\n\t\t<div class=\"elementor-element elementor-element-d05ed3a e-flex e-con-boxed e-con e-parent\" data-id=\"d05ed3a\" data-element_type=\"container\" data-e-type=\"container\">\n\t\t\t\t\t<div class=\"e-con-inner\">\n\t\t\t\t<div class=\"elementor-element elementor-element-b883e86 elementor-widget elementor-widget-heading\" data-id=\"b883e86\" data-element_type=\"widget\" data-e-type=\"widget\" data-widget_type=\"heading.default\">\n\t\t\t\t<div class=\"elementor-widget-container\">\n\t\t\t\t\t<h2 class=\"elementor-heading-title elementor-size-default\">Sazinieties ar mums <\/h2>\t\t\t\t<\/div>\n\t\t\t\t<\/div>\n\t\t\t\t\t<\/div>\n\t\t\t\t<\/div>\n\t\t<div class=\"elementor-element elementor-element-00e20e2 e-flex e-con-boxed e-con e-parent\" data-id=\"00e20e2\" data-element_type=\"container\" data-e-type=\"container\">\n\t\t\t\t\t<div class=\"e-con-inner\">\n\t\t<div class=\"elementor-element elementor-element-8ad8f7b e-con-full e-flex e-con e-child\" data-id=\"8ad8f7b\" data-element_type=\"container\" data-e-type=\"container\">\n\t\t\t\t<div class=\"elementor-element elementor-element-888944a elementor-widget__width-initial elementor-widget elementor-widget-elementskit-contact-form7\" data-id=\"888944a\" data-element_type=\"widget\" data-e-type=\"widget\" data-widget_type=\"elementskit-contact-form7.default\">\n\t\t\t\t<div class=\"elementor-widget-container\">\n\t\t\t\t\t<div class=\"ekit-wid-con\" ><div class=\"ekit-form\">\n<div class=\"wpcf7 no-js\" id=\"wpcf7-f48-o1\" lang=\"es-ES\" dir=\"ltr\" data-wpcf7-id=\"48\">\n<div class=\"screen-reader-response\"><p role=\"status\" aria-live=\"polite\" aria-atomic=\"true\"><\/p> <ul><\/ul><\/div>\n<form action=\"\/de\/wp-json\/wp\/v2\/pages\/2875#wpcf7-f48-o1\" method=\"post\" class=\"wpcf7-form init\" aria-label=\"Kontaktforma\" novalidate=\"novalidate\" data-status=\"init\" data-trp-original-action=\"\/de\/wp-json\/wp\/v2\/pages\/2875#wpcf7-f48-o1\">\n<fieldset class=\"hidden-fields-container\"><input type=\"hidden\" name=\"_wpcf7\" value=\"48\" \/><input type=\"hidden\" name=\"_wpcf7_version\" value=\"6.1.5\" \/><input type=\"hidden\" name=\"_wpcf7_locale\" value=\"es_ES\" \/><input type=\"hidden\" name=\"_wpcf7_unit_tag\" value=\"wpcf7-f48-o1\" \/><input type=\"hidden\" name=\"_wpcf7_container_post\" value=\"0\" \/><input type=\"hidden\" name=\"_wpcf7_posted_data_hash\" value=\"\" \/><input type=\"hidden\" name=\"_wpcf7_recaptcha_response\" value=\"\" \/>\n<\/fieldset>\n<div class=\"form-row\">\n\t<div class=\"form-column\">\n\t\t<p><span class=\"wpcf7-form-control-wrap\" data-name=\"nombre\"><input size=\"40\" maxlength=\"400\" class=\"wpcf7-form-control wpcf7-text wpcf7-validates-as-required\" aria-required=\"true\" aria-invalid=\"false\" placeholder=\"V\u0101rds\" value=\"\" type=\"text\" name=\"nombre\" \/><\/span>\n\t\t<\/p>\n\t<\/div>\n\t<div class=\"form-column\">\n\t\t<p><span class=\"wpcf7-form-control-wrap\" data-name=\"telefono\"><input size=\"40\" maxlength=\"400\" class=\"wpcf7-form-control wpcf7-tel wpcf7-validates-as-required wpcf7-text wpcf7-validates-as-tel\" aria-required=\"true\" aria-invalid=\"false\" placeholder=\"T\u0101lrunis *\" value=\"\" type=\"tel\" name=\"telefono\" \/><\/span>\n\t\t<\/p>\n\t<\/div>\n<\/div>\n<div class=\"form-row\">\n\t<div class=\"form-column\">\n\t\t<p><span class=\"wpcf7-form-control-wrap\" data-name=\"email\"><input size=\"40\" maxlength=\"400\" class=\"wpcf7-form-control wpcf7-email wpcf7-validates-as-required wpcf7-text wpcf7-validates-as-email\" aria-required=\"true\" aria-invalid=\"false\" placeholder=\"E-pasts *\" value=\"\" type=\"email\" name=\"email\" \/><\/span>\n\t\t<\/p>\n\t<\/div>\n\t<div class=\"form-column\">\n\t\t<p><span class=\"wpcf7-form-control-wrap\" data-name=\"asunto\"><input size=\"40\" maxlength=\"400\" class=\"wpcf7-form-control wpcf7-text wpcf7-validates-as-required\" aria-required=\"true\" aria-invalid=\"false\" placeholder=\"Lieta *\" value=\"\" type=\"text\" name=\"asunto\" \/><\/span>\n\t\t<\/p>\n\t<\/div>\n<\/div>\n<p><span class=\"wpcf7-form-control-wrap\" data-name=\"mensaje\"><textarea cols=\"40\" rows=\"10\" maxlength=\"2000\" class=\"wpcf7-form-control wpcf7-textarea wpcf7-validates-as-required\" aria-required=\"true\" aria-invalid=\"false\" placeholder=\"Zi\u0146ojums\" name=\"mensaje\"><\/textarea><\/span>\n<\/p>\n<p class=\"legal-priv\"><span class=\"wpcf7-form-control-wrap\" data-name=\"acceptance-787\"><span class=\"wpcf7-form-control wpcf7-acceptance\"><span class=\"wpcf7-list-item\"><label><input type=\"checkbox\" name=\"acceptance-787\" value=\"1\" aria-invalid=\"false\" \/><span class=\"wpcf7-list-item-label\">Esmu izlas\u012bjis(-usi) un piekr\u012btu <a href=\"https:\/\/rosanacl.com\/lv\/politica-de-privacidad\/\">Priv\u0101tuma politika<\/a><\/span><\/label><\/span><\/span><\/span>\n<\/p>\n<p><input class=\"wpcf7-form-control wpcf7-submit has-spinner\" type=\"submit\" value=\"S\u016aT\u012aT ZI\u0145U\" \/>\n<\/p><div class=\"wpcf7-response-output\" aria-hidden=\"true\"><\/div>\n<input type=\"hidden\" name=\"trp-form-language\" value=\"lv\"\/><\/form>\n<\/div>\n<\/div><\/div>\t\t\t\t<\/div>\n\t\t\t\t<\/div>\n\t\t\t\t<\/div>\n\t\t\t\t\t<\/div>\n\t\t\t\t<\/div>\n\t\t\t\t<\/div>","protected":false},"excerpt":{"rendered":"<p>Comprar sujetadores Selene Comprar sujetadores Selene: la elecci\u00f3n inteligente para cada mujer Cuando se trata de elegir la ropa interior perfecta, pocas marcas ofrecen la combinaci\u00f3n de calidad, dise\u00f1o y confort que caracteriza a Selene. En Rosana CL, sabemos que cada mujer busca sentirse c\u00f3moda y segura en su d\u00eda a d\u00eda, por eso te [&hellip;]<\/p>\n","protected":false},"author":1,"featured_media":0,"parent":0,"menu_order":0,"comment_status":"closed","ping_status":"closed","template":"","meta":{"content-type":"","footnotes":""},"class_list":["post-2875","page","type-page","status-publish","hentry"],"yoast_head":"<!-- This site is optimized with the Yoast SEO plugin v27.4 - https:\/\/yoast.com\/product\/yoast-seo-wordpress\/ -->\n<title>Comprar sujetadores Selene - Rosana CL<\/title>\n<meta name=\"robots\" content=\"index, follow, max-snippet:-1, max-image-preview:large, max-video-preview:-1\" \/>\n<link rel=\"canonical\" href=\"https:\/\/rosanacl.com\/lv\/comprar-sujetadores-selene\/\" \/>\n<meta property=\"og:locale\" content=\"lv_LV\" \/>\n<meta property=\"og:type\" content=\"article\" \/>\n<meta property=\"og:title\" content=\"Comprar sujetadores Selene - Rosana CL\" \/>\n<meta property=\"og:description\" content=\"Comprar sujetadores Selene Comprar sujetadores Selene: la elecci\u00f3n inteligente para cada mujer Cuando se trata de elegir la ropa interior perfecta, pocas marcas ofrecen la combinaci\u00f3n de calidad, dise\u00f1o y confort que caracteriza a Selene. En Rosana CL, sabemos que cada mujer busca sentirse c\u00f3moda y segura en su d\u00eda a d\u00eda, por eso te [&hellip;]\" \/>\n<meta property=\"og:url\" content=\"https:\/\/rosanacl.com\/lv\/comprar-sujetadores-selene\/\" \/>\n<meta property=\"og:site_name\" content=\"Rosana CL\" \/>\n<meta property=\"article:modified_time\" content=\"2025-10-10T09:58:03+00:00\" \/>\n<meta property=\"og:image\" content=\"https:\/\/rosanacl.com\/wp-content\/uploads\/2025\/10\/comprar-sujetadores-online-selene-1.jpg\" \/>\n\t<meta property=\"og:image:width\" content=\"2000\" \/>\n\t<meta property=\"og:image:height\" content=\"1414\" \/>\n\t<meta property=\"og:image:type\" content=\"image\/jpeg\" \/>\n<meta name=\"twitter:card\" content=\"summary_large_image\" \/>\n<meta name=\"twitter:label1\" content=\"Est. reading time\" \/>\n\t<meta name=\"twitter:data1\" content=\"3 min\u016btes\" \/>\n<script type=\"application\/ld+json\" class=\"yoast-schema-graph\">{\"@context\":\"https:\\\/\\\/schema.org\",\"@graph\":[{\"@type\":\"WebPage\",\"@id\":\"https:\\\/\\\/rosanacl.com\\\/comprar-sujetadores-selene\\\/\",\"url\":\"https:\\\/\\\/rosanacl.com\\\/comprar-sujetadores-selene\\\/\",\"name\":\"Comprar sujetadores Selene - Rosana CL\",\"isPartOf\":{\"@id\":\"https:\\\/\\\/rosanacl.com\\\/ca\\\/#website\"},\"primaryImageOfPage\":{\"@id\":\"https:\\\/\\\/rosanacl.com\\\/comprar-sujetadores-selene\\\/#primaryimage\"},\"image\":{\"@id\":\"https:\\\/\\\/rosanacl.com\\\/comprar-sujetadores-selene\\\/#primaryimage\"},\"thumbnailUrl\":\"https:\\\/\\\/rosanacl.com\\\/wp-content\\\/uploads\\\/2025\\\/10\\\/comprar-sujetadores-online-selene-1-1024x724.jpg\",\"datePublished\":\"2025-10-08T10:29:15+00:00\",\"dateModified\":\"2025-10-10T09:58:03+00:00\",\"breadcrumb\":{\"@id\":\"https:\\\/\\\/rosanacl.com\\\/comprar-sujetadores-selene\\\/#breadcrumb\"},\"inLanguage\":\"lv-LV\",\"potentialAction\":[{\"@type\":\"ReadAction\",\"target\":[\"https:\\\/\\\/rosanacl.com\\\/comprar-sujetadores-selene\\\/\"]}]},{\"@type\":\"ImageObject\",\"inLanguage\":\"lv-LV\",\"@id\":\"https:\\\/\\\/rosanacl.com\\\/comprar-sujetadores-selene\\\/#primaryimage\",\"url\":\"https:\\\/\\\/rosanacl.com\\\/wp-content\\\/uploads\\\/2025\\\/10\\\/comprar-sujetadores-online-selene-1-1024x724.jpg\",\"contentUrl\":\"https:\\\/\\\/rosanacl.com\\\/wp-content\\\/uploads\\\/2025\\\/10\\\/comprar-sujetadores-online-selene-1-1024x724.jpg\"},{\"@type\":\"BreadcrumbList\",\"@id\":\"https:\\\/\\\/rosanacl.com\\\/comprar-sujetadores-selene\\\/#breadcrumb\",\"itemListElement\":[{\"@type\":\"ListItem\",\"position\":1,\"name\":\"Portada\",\"item\":\"https:\\\/\\\/rosanacl.com\\\/ca\\\/\"},{\"@type\":\"ListItem\",\"position\":2,\"name\":\"Comprar sujetadores Selene\"}]},{\"@type\":\"WebSite\",\"@id\":\"https:\\\/\\\/rosanacl.com\\\/ca\\\/#website\",\"url\":\"https:\\\/\\\/rosanacl.com\\\/ca\\\/\",\"name\":\"Rosana CL\",\"description\":\"Somos tu interior\",\"potentialAction\":[{\"@type\":\"SearchAction\",\"target\":{\"@type\":\"EntryPoint\",\"urlTemplate\":\"https:\\\/\\\/rosanacl.com\\\/ca\\\/?s={search_term_string}\"},\"query-input\":{\"@type\":\"PropertyValueSpecification\",\"valueRequired\":true,\"valueName\":\"search_term_string\"}}],\"inLanguage\":\"lv-LV\"}]}<\/script>\n<!-- \/ Yoast SEO plugin. -->","yoast_head_json":{"title":"Comprar sujetadores Selene - Rosana CL","robots":{"index":"index","follow":"follow","max-snippet":"max-snippet:-1","max-image-preview":"max-image-preview:large","max-video-preview":"max-video-preview:-1"},"canonical":"https:\/\/rosanacl.com\/lv\/comprar-sujetadores-selene\/","og_locale":"lv_LV","og_type":"article","og_title":"Comprar sujetadores Selene - Rosana CL","og_description":"Comprar sujetadores Selene Comprar sujetadores Selene: la elecci\u00f3n inteligente para cada mujer Cuando se trata de elegir la ropa interior perfecta, pocas marcas ofrecen la combinaci\u00f3n de calidad, dise\u00f1o y confort que caracteriza a Selene. En Rosana CL, sabemos que cada mujer busca sentirse c\u00f3moda y segura en su d\u00eda a d\u00eda, por eso te [&hellip;]","og_url":"https:\/\/rosanacl.com\/lv\/comprar-sujetadores-selene\/","og_site_name":"Rosana CL","article_modified_time":"2025-10-10T09:58:03+00:00","og_image":[{"width":2000,"height":1414,"url":"https:\/\/rosanacl.com\/wp-content\/uploads\/2025\/10\/comprar-sujetadores-online-selene-1.jpg","type":"image\/jpeg"}],"twitter_card":"summary_large_image","twitter_misc":{"Est. reading time":"3 min\u016btes"},"schema":{"@context":"https:\/\/schema.org","@graph":[{"@type":"WebPage","@id":"https:\/\/rosanacl.com\/comprar-sujetadores-selene\/","url":"https:\/\/rosanacl.com\/comprar-sujetadores-selene\/","name":"Comprar sujetadores Selene - Rosana CL","isPartOf":{"@id":"https:\/\/rosanacl.com\/ca\/#website"},"primaryImageOfPage":{"@id":"https:\/\/rosanacl.com\/comprar-sujetadores-selene\/#primaryimage"},"image":{"@id":"https:\/\/rosanacl.com\/comprar-sujetadores-selene\/#primaryimage"},"thumbnailUrl":"https:\/\/rosanacl.com\/wp-content\/uploads\/2025\/10\/comprar-sujetadores-online-selene-1-1024x724.jpg","datePublished":"2025-10-08T10:29:15+00:00","dateModified":"2025-10-10T09:58:03+00:00","breadcrumb":{"@id":"https:\/\/rosanacl.com\/comprar-sujetadores-selene\/#breadcrumb"},"inLanguage":"lv-LV","potentialAction":[{"@type":"ReadAction","target":["https:\/\/rosanacl.com\/comprar-sujetadores-selene\/"]}]},{"@type":"ImageObject","inLanguage":"lv-LV","@id":"https:\/\/rosanacl.com\/comprar-sujetadores-selene\/#primaryimage","url":"https:\/\/rosanacl.com\/wp-content\/uploads\/2025\/10\/comprar-sujetadores-online-selene-1-1024x724.jpg","contentUrl":"https:\/\/rosanacl.com\/wp-content\/uploads\/2025\/10\/comprar-sujetadores-online-selene-1-1024x724.jpg"},{"@type":"BreadcrumbList","@id":"https:\/\/rosanacl.com\/comprar-sujetadores-selene\/#breadcrumb","itemListElement":[{"@type":"ListItem","position":1,"name":"Portada","item":"https:\/\/rosanacl.com\/ca\/"},{"@type":"ListItem","position":2,"name":"Comprar sujetadores Selene"}]},{"@type":"WebSite","@id":"https:\/\/rosanacl.com\/ca\/#website","url":"https:\/\/rosanacl.com\/ca\/","name":"Rosana CL","description":"M\u0113s esam j\u016bsu interjers","potentialAction":[{"@type":"SearchAction","target":{"@type":"EntryPoint","urlTemplate":"https:\/\/rosanacl.com\/ca\/?s={search_term_string}"},"query-input":{"@type":"PropertyValueSpecification","valueRequired":true,"valueName":"search_term_string"}}],"inLanguage":"lv-LV"}]}},"_links":{"self":[{"href":"https:\/\/rosanacl.com\/lv\/wp-json\/wp\/v2\/pages\/2875","targetHints":{"allow":["GET"]}}],"collection":[{"href":"https:\/\/rosanacl.com\/lv\/wp-json\/wp\/v2\/pages"}],"about":[{"href":"https:\/\/rosanacl.com\/lv\/wp-json\/wp\/v2\/types\/page"}],"author":[{"embeddable":true,"href":"https:\/\/rosanacl.com\/lv\/wp-json\/wp\/v2\/users\/1"}],"replies":[{"embeddable":true,"href":"https:\/\/rosanacl.com\/lv\/wp-json\/wp\/v2\/comments?post=2875"}],"version-history":[{"count":0,"href":"https:\/\/rosanacl.com\/lv\/wp-json\/wp\/v2\/pages\/2875\/revisions"}],"wp:attachment":[{"href":"https:\/\/rosanacl.com\/lv\/wp-json\/wp\/v2\/media?parent=2875"}],"curies":[{"name":"wp","href":"https:\/\/api.w.org\/{rel}","templated":true}]}}