{"id":31,"date":"2025-03-28T16:10:30","date_gmt":"2025-03-28T19:10:30","guid":{"rendered":"https:\/\/innovacon.simplificandotuweb.com\/?page_id=31"},"modified":"2025-07-09T08:56:36","modified_gmt":"2025-07-09T06:56:36","slug":"politica-de-privacidad","status":"publish","type":"page","link":"https:\/\/rosanacl.com\/lv\/politica-de-privacidad\/","title":{"rendered":"Priv\u0101tuma politika"},"content":{"rendered":"<div data-elementor-type=\"wp-page\" data-elementor-id=\"31\" class=\"elementor elementor-31\" data-elementor-post-type=\"page\">\n\t\t\t\t<div class=\"elementor-element elementor-element-1ca8157 e-flex e-con-boxed e-con e-parent\" data-id=\"1ca8157\" data-element_type=\"container\" data-e-type=\"container\" data-settings=\"{&quot;background_background&quot;:&quot;classic&quot;}\">\n\t\t\t\t\t<div class=\"e-con-inner\">\n\t\t<div class=\"elementor-element elementor-element-ee95924 e-con-full e-flex e-con e-child\" data-id=\"ee95924\" data-element_type=\"container\" data-e-type=\"container\">\n\t\t\t\t<div class=\"elementor-element elementor-element-fbdd061 elementor-widget elementor-widget-heading\" data-id=\"fbdd061\" data-element_type=\"widget\" data-e-type=\"widget\" data-widget_type=\"heading.default\">\n\t\t\t\t<div class=\"elementor-widget-container\">\n\t\t\t\t\t<h2 class=\"elementor-heading-title elementor-size-default\">Priv\u0101tuma politika<\/h2>\t\t\t\t<\/div>\n\t\t\t\t<\/div>\n\t\t\t\t<\/div>\n\t\t\t\t\t<\/div>\n\t\t\t\t<\/div>\n\t\t<div class=\"elementor-element elementor-element-5a8dd38e e-flex e-con-boxed e-con e-parent\" data-id=\"5a8dd38e\" data-element_type=\"container\" data-e-type=\"container\">\n\t\t\t\t\t<div class=\"e-con-inner\">\n\t\t\t\t<div class=\"elementor-element elementor-element-6ea5a565 elementor-widget elementor-widget-text-editor\" data-id=\"6ea5a565\" data-element_type=\"widget\" data-e-type=\"widget\" data-widget_type=\"text-editor.default\">\n\t\t\t\t<div class=\"elementor-widget-container\">\n\t\t\t\t\t\t\t\t\t\n<p><strong>1. LIETOT\u0100JA INFORM\u0100CIJA<\/strong><\/p>\n\n<p>T\u012bmek\u013ca vietne inform\u0113 t\u012bmek\u013ca vietnes lietot\u0101jus par savu politiku attiec\u012bb\u0101 uz lietot\u0101ju un klientu personas datu apstr\u0101di un aizsardz\u012bbu, kas var tikt piepras\u012bta, p\u0101rl\u016bkojot t\u0101s t\u012bmek\u013ca vietni.<\/p>\n\n<p>T\u012bmek\u013ca vietne ir atbild\u012bga par lietot\u0101ja personas datu apstr\u0101di, un t\u0101p\u0113c sniedz \u0161\u0101du inform\u0101ciju par vi\u0146u datu apstr\u0101di:<\/p>\n\n<p><strong>Datu saglab\u0101\u0161anas krit\u0113riji:<\/strong>\u00a0Sniegtie personas dati tiks glab\u0101ti, l\u012bdz ieinteres\u0113t\u0101 persona piepras\u012bs to aptur\u0113\u0161anu, \u012bstenojot savas ties\u012bbas attiec\u012bb\u0101 uz datiem, un jebkur\u0101 gad\u012bjum\u0101 iev\u0113rojot piem\u0113rojamos likum\u0101 noteiktos noilguma termi\u0146us.<\/p>\n\n<p><strong>Ieinteres\u0113to personu ties\u012bbas:<\/strong><\/p>\n\n<p>Ties\u012bbas jebkur\u0101 laik\u0101 atsaukt savu piekri\u0161anu.<br \/>Ties\u012bbas piek\u013c\u016bt saviem datiem, tos labot, dz\u0113st, p\u0101rnest, k\u0101 ar\u012b ierobe\u017eot vai iebilst pret to apstr\u0101di, k\u0101 ar\u012b ties\u012bbas neb\u016bt pak\u013cautam automatiz\u0113tiem individu\u0101liem l\u0113mumiem.<\/p>\n\n<p><strong>Kontaktinform\u0101cija savu ties\u012bbu \u012bsteno\u0161anai:<\/strong><\/p>\n\n<p>Jums ir pien\u0101c\u012bgi j\u0101identific\u0113 sevi un skaidri j\u0101pieprasa ties\u012bbas \u012bstenot \u0161\u012bs ties\u012bbas.<\/p>\n\n<ul class=\"wp-block-list\">\n<li>Uz\u0146\u0113mums: Pablo Angulo Maspons<\/li>\n<li>Iedz\u012bvot\u0101ju skaits: Vinaroz, Sp\u0101nija<\/li>\n<li>T\u0101lrunis: 613395013<\/li>\n<li>Pasts: <a class=\"css-1rn59kg\" title=\"info@rosanacl.com\" href=\"mailto:info@rosanacl.com\" data-testid=\"link-with-safety\" data-renderer-mark=\"true\">info@rosanacl.com\u00a0<\/a><\/li>\n<\/ul>\n\n<p><strong>2. LIETOT\u0100JA SNIEGT\u0100 INFORM\u0100CIJA<\/strong><\/p>\n\n<p>Ja esat jaun\u0101ks par 18 gadiem, Jums nav at\u013cauts izmantot veidlapas m\u016bsu t\u012bmek\u013ca vietn\u0113.<\/p>\n\n<p>Lietot\u0101ji, ievadot savus datus kontaktform\u0101s vai lejupiel\u0101des veidlap\u0101s, skaidri, br\u012bvi un nep\u0101rprotami piekr\u012bt, ka P\u0101rzinis ir nepiecie\u0161ams sniegt vi\u0146u datus, lai apstr\u0101d\u0101tu vi\u0146u piepras\u012bjumu, un datu iek\u013cau\u0161ana p\u0101r\u0113jos laukos ir br\u012bvpr\u0101t\u012bga.<\/p>\n\n<p>Lietot\u0101js garant\u0113, ka sniegtie personas dati ir patiesi, un ir atbild\u012bgs par jebk\u0101du izmai\u0146u pazi\u0146o\u0161anu.<\/p>\n\n<p>Visi t\u012bmek\u013ca vietn\u0113 piepras\u012btie dati ir nepiecie\u0161ami, lai sniegtu optim\u0101lu pakalpojumu Lietot\u0101jam. Ja visi dati netiek sniegti, nevar garant\u0113t, ka Datu p\u0101rzi\u0146a sniegt\u0101 inform\u0101cija un pakalpojumi b\u016bs piln\u012bb\u0101 piel\u0101goti Lietot\u0101ja vajadz\u012bb\u0101m.<\/p>\n\n<p><strong>3. DRO\u0160\u012aBAS PAS\u0100KUMI<\/strong><\/p>\n\n<p>Ka saska\u0146\u0101 ar sp\u0113k\u0101 eso\u0161ajiem personas datu aizsardz\u012bbas noteikumiem P\u0101rzinis iev\u0113ro visus GDPR un LOPD noteikumu noteikumus attiec\u012bb\u0101 uz t\u0101 p\u0101rzi\u0146\u0101 eso\u0161o personas datu apstr\u0101di, kas tiek apstr\u0101d\u0101ti likum\u012bgi, godpr\u0101t\u012bgi un p\u0101rredzami attiec\u012bb\u0101 uz ieinteres\u0113to personu, un ir adekv\u0101ti, atbilsto\u0161i un ierobe\u017eoti ar to, kas ir nepiecie\u0161ams attiec\u012bb\u0101 uz m\u0113r\u0137iem, k\u0101diem tie tiek apstr\u0101d\u0101ti.<\/p>\n\n<p>Datu p\u0101rzinis garant\u0113, ka ir ieviesis atbilsto\u0161as tehnisk\u0101s un organizatorisk\u0101s politikas, lai piem\u0113rotu GDPR un LOPD noteiktos dro\u0161\u012bbas pas\u0101kumus Lietot\u0101ju ties\u012bbu un br\u012bv\u012bbu aizsardz\u012bbai, un ir sniedzis vi\u0146iem atbilsto\u0161u inform\u0101ciju, lai vi\u0146i var\u0113tu tos \u012bstenot.<\/p>\n\n<p><strong>4. DRO\u0160\u012aBAS NEPIEM\u0112ROT\u012aBAS<\/strong><\/p>\n\n<p>Datu p\u0101rzinis 72 stundu laik\u0101 p\u0113c p\u0101rk\u0101puma atkl\u0101\u0161anas zi\u0146os par jebkuru dro\u0161\u012bbas p\u0101rk\u0101pumu, kas ietekm\u0113 \u0161\u012bs t\u012bmek\u013ca vietnes vai jebkura m\u016bsu tre\u0161o pu\u0161u pakalpojuma izmantoto datub\u0101zi, vis\u0101m person\u0101m, datiem, kas var\u0113tu b\u016bt skarti, un iest\u0101d\u0113m.<\/p>\n\n<p><strong>PIEM\u0112ROJAMIE TIES\u012aBU AKTI UN JURISDIKCIJA<\/strong><\/p>\n\n<p>Visu str\u012bdu vai jaut\u0101jumu risin\u0101\u0161anai, kas saist\u012bti ar \u0161o t\u012bmek\u013ca vietni vai veiktaj\u0101m darb\u012bb\u0101m, tiks piem\u0113rota Sp\u0101nijas likumdo\u0161ana, kurai puses nep\u0101rprotami piekr\u012bt, un Barselonas tiesas un tribun\u0101li b\u016bs kompetenti atrisin\u0101t visus konfliktus, kas izriet no \u0161\u012bs t\u012bmek\u013ca vietnes lieto\u0161anas vai ir saist\u012bti ar to.<\/p>\n\n<p>\u00a0<\/p>\n\t\t\t\t\t\t\t\t<\/div>\n\t\t\t\t<\/div>\n\t\t\t\t\t<\/div>\n\t\t\t\t<\/div>\n\t\t\t\t<\/div>","protected":false},"excerpt":{"rendered":"<p>1.- INFORMACI\u00d3N AL USUARIO El sitio web informa a los usuarios del sitio web sobre su pol\u00edtica respecto al tratamiento y protecci\u00f3n de los datos de car\u00e1cter personal de los usuarios y clientes que puedan ser solicitados por la navegaci\u00f3n a trav\u00e9s de su sitio web. El sitio web es el Responsable del tratamiento de [&hellip;]<\/p>\n","protected":false},"author":1,"featured_media":0,"parent":0,"menu_order":0,"comment_status":"closed","ping_status":"closed","template":"","meta":{"content-type":"","footnotes":""},"class_list":["post-31","page","type-page","status-publish","hentry"],"yoast_head":"<!-- This site is optimized with the Yoast SEO plugin v27.4 - https:\/\/yoast.com\/product\/yoast-seo-wordpress\/ -->\n<title>Pol\u00edtica de Privacidad - Rosana CL<\/title>\n<meta name=\"robots\" content=\"index, follow, max-snippet:-1, max-image-preview:large, max-video-preview:-1\" \/>\n<link rel=\"canonical\" href=\"https:\/\/rosanacl.com\/lv\/politica-de-privacidad\/\" \/>\n<meta property=\"og:locale\" content=\"lv_LV\" \/>\n<meta property=\"og:type\" content=\"article\" \/>\n<meta property=\"og:title\" content=\"Pol\u00edtica de Privacidad - Rosana CL\" \/>\n<meta property=\"og:description\" content=\"1.- INFORMACI\u00d3N AL USUARIO El sitio web informa a los usuarios del sitio web sobre su pol\u00edtica respecto al tratamiento y protecci\u00f3n de los datos de car\u00e1cter personal de los usuarios y clientes que puedan ser solicitados por la navegaci\u00f3n a trav\u00e9s de su sitio web. El sitio web es el Responsable del tratamiento de [&hellip;]\" \/>\n<meta property=\"og:url\" content=\"https:\/\/rosanacl.com\/lv\/politica-de-privacidad\/\" \/>\n<meta property=\"og:site_name\" content=\"Rosana CL\" \/>\n<meta property=\"article:modified_time\" content=\"2025-07-09T06:56:36+00:00\" \/>\n<meta name=\"twitter:card\" content=\"summary_large_image\" \/>\n<meta name=\"twitter:label1\" content=\"Est. reading time\" \/>\n\t<meta name=\"twitter:data1\" content=\"3 min\u016btes\" \/>\n<script type=\"application\/ld+json\" class=\"yoast-schema-graph\">{\"@context\":\"https:\\\/\\\/schema.org\",\"@graph\":[{\"@type\":\"WebPage\",\"@id\":\"https:\\\/\\\/rosanacl.com\\\/politica-de-privacidad\\\/\",\"url\":\"https:\\\/\\\/rosanacl.com\\\/politica-de-privacidad\\\/\",\"name\":\"Pol\u00edtica de Privacidad - Rosana CL\",\"isPartOf\":{\"@id\":\"https:\\\/\\\/rosanacl.com\\\/ca\\\/#website\"},\"datePublished\":\"2025-03-28T19:10:30+00:00\",\"dateModified\":\"2025-07-09T06:56:36+00:00\",\"breadcrumb\":{\"@id\":\"https:\\\/\\\/rosanacl.com\\\/politica-de-privacidad\\\/#breadcrumb\"},\"inLanguage\":\"lv-LV\",\"potentialAction\":[{\"@type\":\"ReadAction\",\"target\":[\"https:\\\/\\\/rosanacl.com\\\/politica-de-privacidad\\\/\"]}]},{\"@type\":\"BreadcrumbList\",\"@id\":\"https:\\\/\\\/rosanacl.com\\\/politica-de-privacidad\\\/#breadcrumb\",\"itemListElement\":[{\"@type\":\"ListItem\",\"position\":1,\"name\":\"Portada\",\"item\":\"https:\\\/\\\/rosanacl.com\\\/ca\\\/\"},{\"@type\":\"ListItem\",\"position\":2,\"name\":\"Pol\u00edtica de Privacidad\"}]},{\"@type\":\"WebSite\",\"@id\":\"https:\\\/\\\/rosanacl.com\\\/ca\\\/#website\",\"url\":\"https:\\\/\\\/rosanacl.com\\\/ca\\\/\",\"name\":\"Rosana CL\",\"description\":\"Somos tu interior\",\"potentialAction\":[{\"@type\":\"SearchAction\",\"target\":{\"@type\":\"EntryPoint\",\"urlTemplate\":\"https:\\\/\\\/rosanacl.com\\\/ca\\\/?s={search_term_string}\"},\"query-input\":{\"@type\":\"PropertyValueSpecification\",\"valueRequired\":true,\"valueName\":\"search_term_string\"}}],\"inLanguage\":\"lv-LV\"}]}<\/script>\n<!-- \/ Yoast SEO plugin. -->","yoast_head_json":{"title":"Pol\u00edtica de Privacidad - Rosana CL","robots":{"index":"index","follow":"follow","max-snippet":"max-snippet:-1","max-image-preview":"max-image-preview:large","max-video-preview":"max-video-preview:-1"},"canonical":"https:\/\/rosanacl.com\/lv\/politica-de-privacidad\/","og_locale":"lv_LV","og_type":"article","og_title":"Pol\u00edtica de Privacidad - Rosana CL","og_description":"1.- INFORMACI\u00d3N AL USUARIO El sitio web informa a los usuarios del sitio web sobre su pol\u00edtica respecto al tratamiento y protecci\u00f3n de los datos de car\u00e1cter personal de los usuarios y clientes que puedan ser solicitados por la navegaci\u00f3n a trav\u00e9s de su sitio web. El sitio web es el Responsable del tratamiento de [&hellip;]","og_url":"https:\/\/rosanacl.com\/lv\/politica-de-privacidad\/","og_site_name":"Rosana CL","article_modified_time":"2025-07-09T06:56:36+00:00","twitter_card":"summary_large_image","twitter_misc":{"Est. reading time":"3 min\u016btes"},"schema":{"@context":"https:\/\/schema.org","@graph":[{"@type":"WebPage","@id":"https:\/\/rosanacl.com\/politica-de-privacidad\/","url":"https:\/\/rosanacl.com\/politica-de-privacidad\/","name":"Pol\u00edtica de Privacidad - Rosana CL","isPartOf":{"@id":"https:\/\/rosanacl.com\/ca\/#website"},"datePublished":"2025-03-28T19:10:30+00:00","dateModified":"2025-07-09T06:56:36+00:00","breadcrumb":{"@id":"https:\/\/rosanacl.com\/politica-de-privacidad\/#breadcrumb"},"inLanguage":"lv-LV","potentialAction":[{"@type":"ReadAction","target":["https:\/\/rosanacl.com\/politica-de-privacidad\/"]}]},{"@type":"BreadcrumbList","@id":"https:\/\/rosanacl.com\/politica-de-privacidad\/#breadcrumb","itemListElement":[{"@type":"ListItem","position":1,"name":"Portada","item":"https:\/\/rosanacl.com\/ca\/"},{"@type":"ListItem","position":2,"name":"Pol\u00edtica de Privacidad"}]},{"@type":"WebSite","@id":"https:\/\/rosanacl.com\/ca\/#website","url":"https:\/\/rosanacl.com\/ca\/","name":"Rosana CL","description":"M\u0113s esam j\u016bsu interjers","potentialAction":[{"@type":"SearchAction","target":{"@type":"EntryPoint","urlTemplate":"https:\/\/rosanacl.com\/ca\/?s={search_term_string}"},"query-input":{"@type":"PropertyValueSpecification","valueRequired":true,"valueName":"search_term_string"}}],"inLanguage":"lv-LV"}]}},"_links":{"self":[{"href":"https:\/\/rosanacl.com\/lv\/wp-json\/wp\/v2\/pages\/31","targetHints":{"allow":["GET"]}}],"collection":[{"href":"https:\/\/rosanacl.com\/lv\/wp-json\/wp\/v2\/pages"}],"about":[{"href":"https:\/\/rosanacl.com\/lv\/wp-json\/wp\/v2\/types\/page"}],"author":[{"embeddable":true,"href":"https:\/\/rosanacl.com\/lv\/wp-json\/wp\/v2\/users\/1"}],"replies":[{"embeddable":true,"href":"https:\/\/rosanacl.com\/lv\/wp-json\/wp\/v2\/comments?post=31"}],"version-history":[{"count":0,"href":"https:\/\/rosanacl.com\/lv\/wp-json\/wp\/v2\/pages\/31\/revisions"}],"wp:attachment":[{"href":"https:\/\/rosanacl.com\/lv\/wp-json\/wp\/v2\/media?parent=31"}],"curies":[{"name":"wp","href":"https:\/\/api.w.org\/{rel}","templated":true}]}}