{"id":3925,"date":"2025-10-10T11:59:02","date_gmt":"2025-10-10T09:59:02","guid":{"rendered":"https:\/\/rosanacl.com\/?page_id=3925"},"modified":"2025-10-10T12:00:45","modified_gmt":"2025-10-10T10:00:45","slug":"sujetador-selene-sin-aros","status":"publish","type":"page","link":"https:\/\/rosanacl.com\/lv\/sujetador-selene-sin-aros\/","title":{"rendered":"Selene kr\u016b\u0161turis bez st\u012bpi\u0146\u0101m"},"content":{"rendered":"<div data-elementor-type=\"wp-page\" data-elementor-id=\"3925\" class=\"elementor elementor-3925\" data-elementor-post-type=\"page\">\n\t\t\t\t<div class=\"elementor-element elementor-element-171998c7 e-flex e-con-boxed e-con e-parent\" data-id=\"171998c7\" data-element_type=\"container\" data-e-type=\"container\">\n\t\t\t\t\t<div class=\"e-con-inner\">\n\t\t\t\t<div class=\"elementor-element elementor-element-6575351f elementor-widget elementor-widget-text-editor\" data-id=\"6575351f\" data-element_type=\"widget\" data-e-type=\"widget\" data-widget_type=\"text-editor.default\">\n\t\t\t\t<div class=\"elementor-widget-container\">\n\t\t\t\t\t\t\t\t\t\n<p><\/p>\n\n\n\n<p><\/p>\n\t\t\t\t\t\t\t\t<\/div>\n\t\t\t\t<\/div>\n\t\t\t\t\t<\/div>\n\t\t\t\t<\/div>\n\t\t<div class=\"elementor-element elementor-element-cf7d341 e-flex e-con-boxed e-con e-parent\" data-id=\"cf7d341\" data-element_type=\"container\" data-e-type=\"container\">\n\t\t\t\t\t<div class=\"e-con-inner\">\n\t\t\t\t<div class=\"elementor-element elementor-element-1f1d080 elementor-widget elementor-widget-heading\" data-id=\"1f1d080\" data-element_type=\"widget\" data-e-type=\"widget\" data-widget_type=\"heading.default\">\n\t\t\t\t<div class=\"elementor-widget-container\">\n\t\t\t\t\t<h2 class=\"elementor-heading-title elementor-size-default\">Selene kr\u016b\u0161turis bez st\u012bpi\u0146\u0101m<\/h2>\t\t\t\t<\/div>\n\t\t\t\t<\/div>\n\t\t\t\t\t<\/div>\n\t\t\t\t<\/div>\n\t\t<div class=\"elementor-element elementor-element-dc1921d e-flex e-con-boxed e-con e-parent\" data-id=\"dc1921d\" data-element_type=\"container\" data-e-type=\"container\">\n\t\t\t\t\t<div class=\"e-con-inner\">\n\t\t<div class=\"elementor-element elementor-element-d19616f e-con-full e-flex e-con e-child\" data-id=\"d19616f\" data-element_type=\"container\" data-e-type=\"container\">\n\t\t\t\t<div class=\"elementor-element elementor-element-9d430a9 elementor-widget elementor-widget-text-editor\" data-id=\"9d430a9\" data-element_type=\"widget\" data-e-type=\"widget\" data-widget_type=\"text-editor.default\">\n\t\t\t\t<div class=\"elementor-widget-container\">\n\t\t\t\t\t\t\t\t\t<h3 data-start=\"357\" data-end=\"432\"><strong data-start=\"361\" data-end=\"432\">Selene kr\u016b\u0161turis bez st\u012bpi\u0146\u0101m: komforts, kas p\u0101rveido j\u016bsu ikdienas dz\u012bvi<\/strong><\/h3>\n<p data-start=\"434\" data-end=\"811\">Atrast kr\u016b\u0161turi, kas apvieno komfortu, atbalstu un stilu, ne vienm\u0113r ir viegli. T\u0101p\u0113c <strong data-start=\"531\" data-end=\"560\">Selene bezvada kr\u016b\u0161turis<\/strong> T\u0101 ir k\u013cuvusi par iecien\u012btu izv\u0113li sieviet\u0113m, kuras mekl\u0113 p\u0101rvieto\u0161an\u0101s br\u012bv\u012bbu, neupur\u0113jot stilu. <strong data-start=\"688\" data-end=\"701\">Rosana CL<\/strong>M\u0113s izv\u0113l\u0113j\u0101mies lab\u0101kos mode\u013cus \u0161aj\u0101 kategorij\u0101, lai pied\u0101v\u0101tu jums nep\u0101rsp\u0113jamu komforta pieredzi.<\/p>\n<p data-start=\"813\" data-end=\"1240\">Vi\u0146\u0161 <strong data-start=\"816\" data-end=\"845\">Selene bezvada kr\u016b\u0161turis<\/strong> Tas ir izstr\u0101d\u0101ts, lai dabiski piel\u0101gotos \u0137ermenim, nodro\u0161inot stingru atbalstu bez spiediena. Pateicoties materi\u0101lu kvalit\u0101tei, elast\u012bgajai strukt\u016brai un plakanaj\u0101m v\u012bl\u0113m, \u0161ie ap\u0123\u0113rbi lieliski piegu\u013c kr\u016bt\u012bm, neradot nobr\u0101zumus vai traipus. To maigums un vieglums padara tos ide\u0101li piem\u0113rotus ikdienas valk\u0101\u0161anai gan gar\u0101s dien\u0101s, gan atp\u016btas br\u012b\u017eos.<\/p>\n<p data-start=\"1242\" data-end=\"1568\">Iek\u0161\u0101 <strong data-start=\"1245\" data-end=\"1258\">Rosana CL<\/strong>M\u0113s zin\u0101m, ka katrai sievietei ir at\u0161\u0137ir\u012bgas vajadz\u012bbas. T\u0101p\u0113c m\u0113s pied\u0101v\u0101jam pla\u0161u un aktu\u0101lu katalogu ar <strong data-start=\"1371\" data-end=\"1402\">Selene kr\u016b\u0161turi bez st\u012bpi\u0146\u0101m<\/strong>Ar stiliem, kas apvieno elpojo\u0161us tehniskos audumus, elegantu dizainu un smalku apdari. Jo laba pa\u0161saj\u016bta s\u0101kas ar to, ko valk\u0101jat apak\u0161\u0101.<\/p>\t\t\t\t\t\t\t\t<\/div>\n\t\t\t\t<\/div>\n\t\t\t\t<\/div>\n\t\t<div class=\"elementor-element elementor-element-5568f8b e-con-full e-flex e-con e-child\" data-id=\"5568f8b\" data-element_type=\"container\" data-e-type=\"container\">\n\t\t\t\t<div class=\"elementor-element elementor-element-980debe elementor-widget elementor-widget-image\" data-id=\"980debe\" data-element_type=\"widget\" data-e-type=\"widget\" data-widget_type=\"image.default\">\n\t\t\t\t<div class=\"elementor-widget-container\">\n\t\t\t\t\t\t\t\t\t\t\t\t\t\t\t<img fetchpriority=\"high\" decoding=\"async\" width=\"800\" height=\"566\" src=\"https:\/\/rosanacl.com\/wp-content\/uploads\/2025\/09\/comprar-lenceria-selene-1-1024x724.jpg\" class=\"attachment-large size-large wp-image-3951\" alt=\"\" srcset=\"https:\/\/rosanacl.com\/wp-content\/uploads\/2025\/09\/comprar-lenceria-selene-1-1024x724.jpg 1024w, https:\/\/rosanacl.com\/wp-content\/uploads\/2025\/09\/comprar-lenceria-selene-1-300x212.jpg 300w, https:\/\/rosanacl.com\/wp-content\/uploads\/2025\/09\/comprar-lenceria-selene-1-768x543.jpg 768w, https:\/\/rosanacl.com\/wp-content\/uploads\/2025\/09\/comprar-lenceria-selene-1-1536x1086.jpg 1536w, https:\/\/rosanacl.com\/wp-content\/uploads\/2025\/09\/comprar-lenceria-selene-1-18x12.jpg 18w, https:\/\/rosanacl.com\/wp-content\/uploads\/2025\/09\/comprar-lenceria-selene-1-600x424.jpg 600w, https:\/\/rosanacl.com\/wp-content\/uploads\/2025\/09\/comprar-lenceria-selene-1.jpg 2000w\" sizes=\"(max-width: 800px) 100vw, 800px\" \/>\t\t\t\t\t\t\t\t\t\t\t\t\t\t\t<\/div>\n\t\t\t\t<\/div>\n\t\t\t\t<\/div>\n\t\t\t\t\t<\/div>\n\t\t\t\t<\/div>\n\t\t<div class=\"elementor-element elementor-element-5e380fb e-flex e-con-boxed e-con e-parent\" data-id=\"5e380fb\" data-element_type=\"container\" data-e-type=\"container\">\n\t\t\t\t\t<div class=\"e-con-inner\">\n\t\t<div class=\"elementor-element elementor-element-a763375 e-con-full e-flex e-con e-child\" data-id=\"a763375\" data-element_type=\"container\" data-e-type=\"container\">\n\t\t\t\t<div class=\"elementor-element elementor-element-a8aecc4 elementor-widget elementor-widget-image\" data-id=\"a8aecc4\" data-element_type=\"widget\" data-e-type=\"widget\" data-widget_type=\"image.default\">\n\t\t\t\t<div class=\"elementor-widget-container\">\n\t\t\t\t\t\t\t\t\t\t\t\t\t\t\t<img decoding=\"async\" width=\"800\" height=\"566\" src=\"https:\/\/rosanacl.com\/wp-content\/uploads\/2025\/10\/sujetadores-selene-1-1024x724.jpg\" class=\"attachment-large size-large wp-image-3978\" alt=\"\" srcset=\"https:\/\/rosanacl.com\/wp-content\/uploads\/2025\/10\/sujetadores-selene-1-1024x724.jpg 1024w, https:\/\/rosanacl.com\/wp-content\/uploads\/2025\/10\/sujetadores-selene-1-300x212.jpg 300w, https:\/\/rosanacl.com\/wp-content\/uploads\/2025\/10\/sujetadores-selene-1-768x543.jpg 768w, https:\/\/rosanacl.com\/wp-content\/uploads\/2025\/10\/sujetadores-selene-1-1536x1086.jpg 1536w, https:\/\/rosanacl.com\/wp-content\/uploads\/2025\/10\/sujetadores-selene-1-18x12.jpg 18w, https:\/\/rosanacl.com\/wp-content\/uploads\/2025\/10\/sujetadores-selene-1-600x424.jpg 600w, https:\/\/rosanacl.com\/wp-content\/uploads\/2025\/10\/sujetadores-selene-1.jpg 2000w\" sizes=\"(max-width: 800px) 100vw, 800px\" \/>\t\t\t\t\t\t\t\t\t\t\t\t\t\t\t<\/div>\n\t\t\t\t<\/div>\n\t\t\t\t<\/div>\n\t\t<div class=\"elementor-element elementor-element-b02b1e9 e-con-full e-flex e-con e-child\" data-id=\"b02b1e9\" data-element_type=\"container\" data-e-type=\"container\">\n\t\t\t\t<div class=\"elementor-element elementor-element-9143d92 elementor-widget elementor-widget-text-editor\" data-id=\"9143d92\" data-element_type=\"widget\" data-e-type=\"widget\" data-widget_type=\"text-editor.default\">\n\t\t\t\t<div class=\"elementor-widget-container\">\n\t\t\t\t\t\t\t\t\t<h3 data-start=\"1575\" data-end=\"1643\"><strong data-start=\"1579\" data-end=\"1643\">Selene bezst\u012bpi\u0146u kr\u016b\u0161turis: tekstila tehnolo\u0123ija, kas r\u016bp\u0113jas par tevi<\/strong><\/h3>\n<p data-start=\"1645\" data-end=\"1983\">Pan\u0101kumi <strong data-start=\"1658\" data-end=\"1687\">Selene bezvada kr\u016b\u0161turis<\/strong> T\u0101 nav nejau\u0161\u012bba. Selene ir izstr\u0101d\u0101jusi l\u012bniju, kas apvieno inov\u0101cijas un labsaj\u016btu, izmantojot augstas kvalit\u0101tes materi\u0101lus, kas nodro\u0161ina atbalstu bez nepiecie\u0161am\u012bbas p\u0113c st\u012bpi\u0146\u0101m. \u0160iem kr\u016b\u0161turiem ir iepriek\u0161 veidotas kausi\u0146i, kas maigi veido kr\u016b\u0161u formu, pan\u0101kot dabisku un harmonisku formu.<\/p>\n<p data-start=\"1985\" data-end=\"2451\">Starp izcil\u0101kajiem mode\u013ciem <strong data-start=\"2021\" data-end=\"2050\">Selene bezvada kr\u016b\u0161turis<\/strong> J\u016bs atrad\u012bsiet iesp\u0113jas, kas izgatavotas no elast\u012bgas mikro\u0161\u0137iedras, augsta bl\u012bvuma kokvilnas vai otr\u0101s \u0101das audumiem. \u0160ie materi\u0101li piel\u0101gojas j\u016bsu \u0137erme\u0146a kust\u012bb\u0101m un \u013cauj \u0101dai elpot, nov\u0113r\u0161ot jebk\u0101du sa\u0161aurin\u0101juma vai p\u0101rkar\u0161anas saj\u016btu. Daudziem mode\u013ciem ir ar\u012b platas, regul\u0113jamas siksnas, kas sadala kr\u016b\u0161u svaru, nodro\u0161inot komfortu visas dienas garum\u0101.<\/p>\n<p data-start=\"2453\" data-end=\"2789\">V\u0113l viena no stipraj\u0101m pus\u0113m <strong data-start=\"2484\" data-end=\"2513\">Selene bezvada kr\u016b\u0161turis<\/strong> T\u0101 ir to iztur\u012bba. Neskatoties uz vieglumu, ap\u0123\u0113rbi saglab\u0101 savu formu un elast\u012bbu pat p\u0113c vair\u0101kk\u0101rt\u0113jas mazg\u0101\u0161anas. <strong data-start=\"2643\" data-end=\"2656\">Rosana CL<\/strong>M\u0113s garant\u0113jam, ka katrs modelis saglab\u0101 z\u012bmola ori\u0123in\u0101l\u0101s \u012bpa\u0161\u012bbas: perfektu piegulumu, iztur\u012bbu un m\u016b\u017e\u012bgu eleganci.<\/p>\n<p data-start=\"2791\" data-end=\"3072\">Dizaini atspogu\u013co ar\u012b l\u012bdzsvaru starp funkcionalit\u0101ti un est\u0113tiku. S\u0101kot no vienk\u0101r\u0161iem mode\u013ciem ikdienas lieto\u0161anai l\u012bdz versij\u0101m ar me\u017e\u0123\u012bn\u0113m, caursp\u012bd\u012bgiem audumiem vai dekorat\u012bv\u0101m deta\u013c\u0101m, katrs <strong data-start=\"2985\" data-end=\"3014\">Selene bezvada kr\u016b\u0161turis<\/strong> Tas pie\u0161\u0137ir z\u012bmolam sievi\u0161\u0137\u012bbas piesk\u0101rienu, kas to at\u0161\u0137ir.<\/p>\t\t\t\t\t\t\t\t<\/div>\n\t\t\t\t<\/div>\n\t\t\t\t<\/div>\n\t\t\t\t\t<\/div>\n\t\t\t\t<\/div>\n\t\t<div class=\"elementor-element elementor-element-495e863 e-flex e-con-boxed e-con e-parent\" data-id=\"495e863\" data-element_type=\"container\" data-e-type=\"container\">\n\t\t\t\t\t<div class=\"e-con-inner\">\n\t\t\t\t<div class=\"elementor-element elementor-element-fe47ba3 elementor-widget elementor-widget-text-editor\" data-id=\"fe47ba3\" data-element_type=\"widget\" data-e-type=\"widget\" data-widget_type=\"text-editor.default\">\n\t\t\t\t<div class=\"elementor-widget-container\">\n\t\t\t\t\t\t\t\t\t<h3 data-start=\"3079\" data-end=\"3144\"><strong data-start=\"3083\" data-end=\"3144\">Selene kr\u016b\u0161turis bez st\u012bpi\u0146\u0101m: atrodi sav\u0113jo Rosana CL veikal\u0101<\/strong><\/h3>\n<p data-start=\"3146\" data-end=\"3437\">Izv\u0113loties pareizo vietu, kur ieg\u0101d\u0101ties savu <strong data-start=\"3187\" data-end=\"3216\">Selene bezvada kr\u016b\u0161turis<\/strong> Tas ir tikpat svar\u012bgi k\u0101 izm\u0113ra vai mode\u013ca izv\u0113le. <strong data-start=\"3272\" data-end=\"3285\">Rosana CL<\/strong>M\u0113s specializ\u0113jamies sievie\u0161u apak\u0161ve\u013c\u0101 un sadarbojamies tie\u0161i ar Selene, lai pied\u0101v\u0101tu 100% ori\u0123in\u0101lus produktus ar autentiskuma garantiju.<\/p>\n<p data-start=\"3439\" data-end=\"3730\">M\u016bsu interneta veikals ir izstr\u0101d\u0101ts, lai atvieglotu j\u016bsu pieredzi: detaliz\u0113ti produktu apraksti, prec\u012bza izm\u0113ru tabula, \u012bstas fotogr\u0101fijas un klientu apkalpo\u0161ana, kas ir kop\u0101 ar jums ik uz so\u013ca. Turkl\u0101t m\u0113s pied\u0101v\u0101jam \u0101tru un dro\u0161u pieg\u0101di vis\u0101 Sp\u0101nij\u0101, iev\u0113rojot piln\u012bgu diskr\u0113tumu.<\/p>\n<p data-start=\"3732\" data-end=\"4026\">Ieg\u0101d\u0101jieties savu <strong data-start=\"3743\" data-end=\"3772\">Selene bezvada kr\u016b\u0161turis<\/strong> Rosana CL tas noz\u012bm\u0113 izv\u0113l\u0113ties komfortu, p\u0101rliec\u012bbu un eleganci, ko var pied\u0101v\u0101t tikai z\u012bmols ar gadu desmitiem ilgu pieredzi. Katrs ap\u0123\u0113rba gabals ir rad\u012bts, lai izceltu j\u016bsu fig\u016bru un pavad\u012btu j\u016bs jebkur\u0101 situ\u0101cij\u0101: darb\u0101, atp\u016bt\u0101 vai relaks\u0101cij\u0101.<\/p>\n<p data-start=\"4028\" data-end=\"4267\">Jo patiess skaistums s\u0101kas ar komforta saj\u016btu, <strong data-start=\"4088\" data-end=\"4117\">Selene bezvada kr\u016b\u0161turis<\/strong> Tas k\u013c\u016bst par neaizst\u0101jamu sabiedroto ikdienas dz\u012bv\u0113. <strong data-start=\"4181\" data-end=\"4194\">Rosana CL<\/strong>J\u016bs atrad\u012bsiet perfektu l\u012bdzsvaru starp atbalstu, maigumu un stilu.<\/p>\t\t\t\t\t\t\t\t<\/div>\n\t\t\t\t<\/div>\n\t\t\t\t\t<\/div>\n\t\t\t\t<\/div>\n\t\t<div class=\"elementor-element elementor-element-d05ed3a e-flex e-con-boxed e-con e-parent\" data-id=\"d05ed3a\" data-element_type=\"container\" data-e-type=\"container\">\n\t\t\t\t\t<div class=\"e-con-inner\">\n\t\t\t\t<div class=\"elementor-element elementor-element-b883e86 elementor-widget elementor-widget-heading\" data-id=\"b883e86\" data-element_type=\"widget\" data-e-type=\"widget\" data-widget_type=\"heading.default\">\n\t\t\t\t<div class=\"elementor-widget-container\">\n\t\t\t\t\t<h2 class=\"elementor-heading-title elementor-size-default\">Sazinieties ar mums <\/h2>\t\t\t\t<\/div>\n\t\t\t\t<\/div>\n\t\t\t\t\t<\/div>\n\t\t\t\t<\/div>\n\t\t<div class=\"elementor-element elementor-element-00e20e2 e-flex e-con-boxed e-con e-parent\" data-id=\"00e20e2\" data-element_type=\"container\" data-e-type=\"container\">\n\t\t\t\t\t<div class=\"e-con-inner\">\n\t\t<div class=\"elementor-element elementor-element-8ad8f7b e-con-full e-flex e-con e-child\" data-id=\"8ad8f7b\" data-element_type=\"container\" data-e-type=\"container\">\n\t\t\t\t<div class=\"elementor-element elementor-element-888944a elementor-widget__width-initial elementor-widget elementor-widget-elementskit-contact-form7\" data-id=\"888944a\" data-element_type=\"widget\" data-e-type=\"widget\" data-widget_type=\"elementskit-contact-form7.default\">\n\t\t\t\t<div class=\"elementor-widget-container\">\n\t\t\t\t\t<div class=\"ekit-wid-con\" ><div class=\"ekit-form\">\n<div class=\"wpcf7 no-js\" id=\"wpcf7-f48-o1\" lang=\"es-ES\" dir=\"ltr\" data-wpcf7-id=\"48\">\n<div class=\"screen-reader-response\"><p role=\"status\" aria-live=\"polite\" aria-atomic=\"true\"><\/p> <ul><\/ul><\/div>\n<form action=\"\/de\/wp-json\/wp\/v2\/pages\/3925#wpcf7-f48-o1\" method=\"post\" class=\"wpcf7-form init\" aria-label=\"Kontaktforma\" novalidate=\"novalidate\" data-status=\"init\" data-trp-original-action=\"\/de\/wp-json\/wp\/v2\/pages\/3925#wpcf7-f48-o1\">\n<fieldset class=\"hidden-fields-container\"><input type=\"hidden\" name=\"_wpcf7\" value=\"48\" \/><input type=\"hidden\" name=\"_wpcf7_version\" value=\"6.1.5\" \/><input type=\"hidden\" name=\"_wpcf7_locale\" value=\"es_ES\" \/><input type=\"hidden\" name=\"_wpcf7_unit_tag\" value=\"wpcf7-f48-o1\" \/><input type=\"hidden\" name=\"_wpcf7_container_post\" value=\"0\" \/><input type=\"hidden\" name=\"_wpcf7_posted_data_hash\" value=\"\" \/><input type=\"hidden\" name=\"_wpcf7_recaptcha_response\" value=\"\" \/>\n<\/fieldset>\n<div class=\"form-row\">\n\t<div class=\"form-column\">\n\t\t<p><span class=\"wpcf7-form-control-wrap\" data-name=\"nombre\"><input size=\"40\" maxlength=\"400\" class=\"wpcf7-form-control wpcf7-text wpcf7-validates-as-required\" aria-required=\"true\" aria-invalid=\"false\" placeholder=\"V\u0101rds\" value=\"\" type=\"text\" name=\"nombre\" \/><\/span>\n\t\t<\/p>\n\t<\/div>\n\t<div class=\"form-column\">\n\t\t<p><span class=\"wpcf7-form-control-wrap\" data-name=\"telefono\"><input size=\"40\" maxlength=\"400\" class=\"wpcf7-form-control wpcf7-tel wpcf7-validates-as-required wpcf7-text wpcf7-validates-as-tel\" aria-required=\"true\" aria-invalid=\"false\" placeholder=\"T\u0101lrunis *\" value=\"\" type=\"tel\" name=\"telefono\" \/><\/span>\n\t\t<\/p>\n\t<\/div>\n<\/div>\n<div class=\"form-row\">\n\t<div class=\"form-column\">\n\t\t<p><span class=\"wpcf7-form-control-wrap\" data-name=\"email\"><input size=\"40\" maxlength=\"400\" class=\"wpcf7-form-control wpcf7-email wpcf7-validates-as-required wpcf7-text wpcf7-validates-as-email\" aria-required=\"true\" aria-invalid=\"false\" placeholder=\"E-pasts *\" value=\"\" type=\"email\" name=\"email\" \/><\/span>\n\t\t<\/p>\n\t<\/div>\n\t<div class=\"form-column\">\n\t\t<p><span class=\"wpcf7-form-control-wrap\" data-name=\"asunto\"><input size=\"40\" maxlength=\"400\" class=\"wpcf7-form-control wpcf7-text wpcf7-validates-as-required\" aria-required=\"true\" aria-invalid=\"false\" placeholder=\"Lieta *\" value=\"\" type=\"text\" name=\"asunto\" \/><\/span>\n\t\t<\/p>\n\t<\/div>\n<\/div>\n<p><span class=\"wpcf7-form-control-wrap\" data-name=\"mensaje\"><textarea cols=\"40\" rows=\"10\" maxlength=\"2000\" class=\"wpcf7-form-control wpcf7-textarea wpcf7-validates-as-required\" aria-required=\"true\" aria-invalid=\"false\" placeholder=\"Zi\u0146ojums\" name=\"mensaje\"><\/textarea><\/span>\n<\/p>\n<p class=\"legal-priv\"><span class=\"wpcf7-form-control-wrap\" data-name=\"acceptance-787\"><span class=\"wpcf7-form-control wpcf7-acceptance\"><span class=\"wpcf7-list-item\"><label><input type=\"checkbox\" name=\"acceptance-787\" value=\"1\" aria-invalid=\"false\" \/><span class=\"wpcf7-list-item-label\">Esmu izlas\u012bjis(-usi) un piekr\u012btu <a href=\"https:\/\/rosanacl.com\/lv\/politica-de-privacidad\/\">Priv\u0101tuma politika<\/a><\/span><\/label><\/span><\/span><\/span>\n<\/p>\n<p><input class=\"wpcf7-form-control wpcf7-submit has-spinner\" type=\"submit\" value=\"S\u016aT\u012aT ZI\u0145U\" \/>\n<\/p><div class=\"wpcf7-response-output\" aria-hidden=\"true\"><\/div>\n<input type=\"hidden\" name=\"trp-form-language\" value=\"lv\"\/><\/form>\n<\/div>\n<\/div><\/div>\t\t\t\t<\/div>\n\t\t\t\t<\/div>\n\t\t\t\t<\/div>\n\t\t\t\t\t<\/div>\n\t\t\t\t<\/div>\n\t\t\t\t<\/div>","protected":false},"excerpt":{"rendered":"<p>Sujetador Selene sin aros Sujetador Selene sin aros: la comodidad que transforma tu d\u00eda a d\u00eda Encontrar un sujetador que combine comodidad, sujeci\u00f3n y dise\u00f1o no siempre es f\u00e1cil. Por eso, el sujetador Selene sin aros se ha convertido en una de las opciones favoritas de las mujeres que buscan libertad de movimiento sin renunciar [&hellip;]<\/p>\n","protected":false},"author":1,"featured_media":0,"parent":0,"menu_order":0,"comment_status":"closed","ping_status":"closed","template":"","meta":{"content-type":"","footnotes":""},"class_list":["post-3925","page","type-page","status-publish","hentry"],"yoast_head":"<!-- This site is optimized with the Yoast SEO plugin v27.4 - https:\/\/yoast.com\/product\/yoast-seo-wordpress\/ -->\n<title>Sujetador Selene sin aros - Rosana CL<\/title>\n<meta name=\"robots\" content=\"index, follow, max-snippet:-1, max-image-preview:large, max-video-preview:-1\" \/>\n<link rel=\"canonical\" href=\"https:\/\/rosanacl.com\/lv\/sujetador-selene-sin-aros\/\" \/>\n<meta property=\"og:locale\" content=\"lv_LV\" \/>\n<meta property=\"og:type\" content=\"article\" \/>\n<meta property=\"og:title\" content=\"Sujetador Selene sin aros - Rosana CL\" \/>\n<meta property=\"og:description\" content=\"Sujetador Selene sin aros Sujetador Selene sin aros: la comodidad que transforma tu d\u00eda a d\u00eda Encontrar un sujetador que combine comodidad, sujeci\u00f3n y dise\u00f1o no siempre es f\u00e1cil. Por eso, el sujetador Selene sin aros se ha convertido en una de las opciones favoritas de las mujeres que buscan libertad de movimiento sin renunciar [&hellip;]\" \/>\n<meta property=\"og:url\" content=\"https:\/\/rosanacl.com\/lv\/sujetador-selene-sin-aros\/\" \/>\n<meta property=\"og:site_name\" content=\"Rosana CL\" \/>\n<meta property=\"article:modified_time\" content=\"2025-10-10T10:00:45+00:00\" \/>\n<meta property=\"og:image\" content=\"https:\/\/rosanacl.com\/wp-content\/uploads\/2025\/09\/comprar-lenceria-selene-1.jpg\" \/>\n\t<meta property=\"og:image:width\" content=\"2000\" \/>\n\t<meta property=\"og:image:height\" content=\"1414\" \/>\n\t<meta property=\"og:image:type\" content=\"image\/jpeg\" \/>\n<meta name=\"twitter:card\" content=\"summary_large_image\" \/>\n<meta name=\"twitter:label1\" content=\"Est. reading time\" \/>\n\t<meta name=\"twitter:data1\" content=\"3 min\u016btes\" \/>\n<script type=\"application\/ld+json\" class=\"yoast-schema-graph\">{\"@context\":\"https:\\\/\\\/schema.org\",\"@graph\":[{\"@type\":\"WebPage\",\"@id\":\"https:\\\/\\\/rosanacl.com\\\/sujetador-selene-sin-aros\\\/\",\"url\":\"https:\\\/\\\/rosanacl.com\\\/sujetador-selene-sin-aros\\\/\",\"name\":\"Sujetador Selene sin aros - Rosana CL\",\"isPartOf\":{\"@id\":\"https:\\\/\\\/rosanacl.com\\\/ca\\\/#website\"},\"primaryImageOfPage\":{\"@id\":\"https:\\\/\\\/rosanacl.com\\\/sujetador-selene-sin-aros\\\/#primaryimage\"},\"image\":{\"@id\":\"https:\\\/\\\/rosanacl.com\\\/sujetador-selene-sin-aros\\\/#primaryimage\"},\"thumbnailUrl\":\"https:\\\/\\\/rosanacl.com\\\/wp-content\\\/uploads\\\/2025\\\/09\\\/comprar-lenceria-selene-1-1024x724.jpg\",\"datePublished\":\"2025-10-10T09:59:02+00:00\",\"dateModified\":\"2025-10-10T10:00:45+00:00\",\"breadcrumb\":{\"@id\":\"https:\\\/\\\/rosanacl.com\\\/sujetador-selene-sin-aros\\\/#breadcrumb\"},\"inLanguage\":\"lv-LV\",\"potentialAction\":[{\"@type\":\"ReadAction\",\"target\":[\"https:\\\/\\\/rosanacl.com\\\/sujetador-selene-sin-aros\\\/\"]}]},{\"@type\":\"ImageObject\",\"inLanguage\":\"lv-LV\",\"@id\":\"https:\\\/\\\/rosanacl.com\\\/sujetador-selene-sin-aros\\\/#primaryimage\",\"url\":\"https:\\\/\\\/rosanacl.com\\\/wp-content\\\/uploads\\\/2025\\\/09\\\/comprar-lenceria-selene-1-1024x724.jpg\",\"contentUrl\":\"https:\\\/\\\/rosanacl.com\\\/wp-content\\\/uploads\\\/2025\\\/09\\\/comprar-lenceria-selene-1-1024x724.jpg\"},{\"@type\":\"BreadcrumbList\",\"@id\":\"https:\\\/\\\/rosanacl.com\\\/sujetador-selene-sin-aros\\\/#breadcrumb\",\"itemListElement\":[{\"@type\":\"ListItem\",\"position\":1,\"name\":\"Portada\",\"item\":\"https:\\\/\\\/rosanacl.com\\\/ca\\\/\"},{\"@type\":\"ListItem\",\"position\":2,\"name\":\"Sujetador Selene sin aros\"}]},{\"@type\":\"WebSite\",\"@id\":\"https:\\\/\\\/rosanacl.com\\\/ca\\\/#website\",\"url\":\"https:\\\/\\\/rosanacl.com\\\/ca\\\/\",\"name\":\"Rosana CL\",\"description\":\"Somos tu interior\",\"potentialAction\":[{\"@type\":\"SearchAction\",\"target\":{\"@type\":\"EntryPoint\",\"urlTemplate\":\"https:\\\/\\\/rosanacl.com\\\/ca\\\/?s={search_term_string}\"},\"query-input\":{\"@type\":\"PropertyValueSpecification\",\"valueRequired\":true,\"valueName\":\"search_term_string\"}}],\"inLanguage\":\"lv-LV\"}]}<\/script>\n<!-- \/ Yoast SEO plugin. -->","yoast_head_json":{"title":"Sujetador Selene sin aros - Rosana CL","robots":{"index":"index","follow":"follow","max-snippet":"max-snippet:-1","max-image-preview":"max-image-preview:large","max-video-preview":"max-video-preview:-1"},"canonical":"https:\/\/rosanacl.com\/lv\/sujetador-selene-sin-aros\/","og_locale":"lv_LV","og_type":"article","og_title":"Sujetador Selene sin aros - Rosana CL","og_description":"Sujetador Selene sin aros Sujetador Selene sin aros: la comodidad que transforma tu d\u00eda a d\u00eda Encontrar un sujetador que combine comodidad, sujeci\u00f3n y dise\u00f1o no siempre es f\u00e1cil. Por eso, el sujetador Selene sin aros se ha convertido en una de las opciones favoritas de las mujeres que buscan libertad de movimiento sin renunciar [&hellip;]","og_url":"https:\/\/rosanacl.com\/lv\/sujetador-selene-sin-aros\/","og_site_name":"Rosana CL","article_modified_time":"2025-10-10T10:00:45+00:00","og_image":[{"width":2000,"height":1414,"url":"https:\/\/rosanacl.com\/wp-content\/uploads\/2025\/09\/comprar-lenceria-selene-1.jpg","type":"image\/jpeg"}],"twitter_card":"summary_large_image","twitter_misc":{"Est. reading time":"3 min\u016btes"},"schema":{"@context":"https:\/\/schema.org","@graph":[{"@type":"WebPage","@id":"https:\/\/rosanacl.com\/sujetador-selene-sin-aros\/","url":"https:\/\/rosanacl.com\/sujetador-selene-sin-aros\/","name":"Sujetador Selene sin aros - Rosana CL","isPartOf":{"@id":"https:\/\/rosanacl.com\/ca\/#website"},"primaryImageOfPage":{"@id":"https:\/\/rosanacl.com\/sujetador-selene-sin-aros\/#primaryimage"},"image":{"@id":"https:\/\/rosanacl.com\/sujetador-selene-sin-aros\/#primaryimage"},"thumbnailUrl":"https:\/\/rosanacl.com\/wp-content\/uploads\/2025\/09\/comprar-lenceria-selene-1-1024x724.jpg","datePublished":"2025-10-10T09:59:02+00:00","dateModified":"2025-10-10T10:00:45+00:00","breadcrumb":{"@id":"https:\/\/rosanacl.com\/sujetador-selene-sin-aros\/#breadcrumb"},"inLanguage":"lv-LV","potentialAction":[{"@type":"ReadAction","target":["https:\/\/rosanacl.com\/sujetador-selene-sin-aros\/"]}]},{"@type":"ImageObject","inLanguage":"lv-LV","@id":"https:\/\/rosanacl.com\/sujetador-selene-sin-aros\/#primaryimage","url":"https:\/\/rosanacl.com\/wp-content\/uploads\/2025\/09\/comprar-lenceria-selene-1-1024x724.jpg","contentUrl":"https:\/\/rosanacl.com\/wp-content\/uploads\/2025\/09\/comprar-lenceria-selene-1-1024x724.jpg"},{"@type":"BreadcrumbList","@id":"https:\/\/rosanacl.com\/sujetador-selene-sin-aros\/#breadcrumb","itemListElement":[{"@type":"ListItem","position":1,"name":"Portada","item":"https:\/\/rosanacl.com\/ca\/"},{"@type":"ListItem","position":2,"name":"Sujetador Selene sin aros"}]},{"@type":"WebSite","@id":"https:\/\/rosanacl.com\/ca\/#website","url":"https:\/\/rosanacl.com\/ca\/","name":"Rosana CL","description":"M\u0113s esam j\u016bsu interjers","potentialAction":[{"@type":"SearchAction","target":{"@type":"EntryPoint","urlTemplate":"https:\/\/rosanacl.com\/ca\/?s={search_term_string}"},"query-input":{"@type":"PropertyValueSpecification","valueRequired":true,"valueName":"search_term_string"}}],"inLanguage":"lv-LV"}]}},"_links":{"self":[{"href":"https:\/\/rosanacl.com\/lv\/wp-json\/wp\/v2\/pages\/3925","targetHints":{"allow":["GET"]}}],"collection":[{"href":"https:\/\/rosanacl.com\/lv\/wp-json\/wp\/v2\/pages"}],"about":[{"href":"https:\/\/rosanacl.com\/lv\/wp-json\/wp\/v2\/types\/page"}],"author":[{"embeddable":true,"href":"https:\/\/rosanacl.com\/lv\/wp-json\/wp\/v2\/users\/1"}],"replies":[{"embeddable":true,"href":"https:\/\/rosanacl.com\/lv\/wp-json\/wp\/v2\/comments?post=3925"}],"version-history":[{"count":0,"href":"https:\/\/rosanacl.com\/lv\/wp-json\/wp\/v2\/pages\/3925\/revisions"}],"wp:attachment":[{"href":"https:\/\/rosanacl.com\/lv\/wp-json\/wp\/v2\/media?parent=3925"}],"curies":[{"name":"wp","href":"https:\/\/api.w.org\/{rel}","templated":true}]}}