{"id":1017,"date":"2025-04-30T00:35:59","date_gmt":"2025-04-29T22:35:59","guid":{"rendered":"https:\/\/rosanacl.com\/?post_type=product&#038;p=1017"},"modified":"2026-01-07T20:56:28","modified_gmt":"2026-01-07T19:56:28","slug":"sujetador-modelo-laia","status":"publish","type":"product","link":"https:\/\/rosanacl.com\/lv\/products\/sujetador-modelo-laia\/","title":{"rendered":"Sel\u0113na Laia Bra"},"content":{"rendered":"<p>Selene Laia kr\u016b\u0161turis ir rad\u012bts dien\u0101m, kad v\u0113laties izskat\u012bties lieliski bez jebk\u0101das piep\u016bles: st\u012bpi\u0146as un viegls polster\u0113jums dabiskam kr\u016b\u0161u pac\u0113lumam, k\u0101 ar\u012b dizains, kas apvieno tilla un me\u017e\u0123\u012bnes elegantam un \u013coti sievi\u0161\u0137\u012bgam izskatam. Tas ir viens no tiem kr\u016b\u0161turiem, kas pats par sevi rada iespaidu: skaists skatam, \u0113rts valk\u0101\u0161anai un lieliski piem\u0113rots ikdienas valk\u0101\u0161anai.<\/p>\n<p>Turkl\u0101t vieglie putuplasta kausi\u0146i pal\u012bdz pie\u0161\u0137irt kr\u016bt\u012bm apa\u013c\u012bg\u0101ku, est\u0113tiski pievilc\u012bg\u0101ku formu, neradot apjom\u012bgu saj\u016btu. Laia ir ide\u0101la izv\u0113le, ja mekl\u0113jat kr\u016b\u0161turi ar st\u012bpi\u0146\u0101m, polster\u0113tu, kas labi piegu\u013c, ir \u0113rts un papildina gan piegu\u013co\u0161us ap\u0123\u0113rbus, gan form\u0101l\u0101ku izskatu.<\/p>\n<p>S\u012bk\u0101ka inform\u0101cija par Laia, kas jums patiks<\/p>\n<ul>\n<li>St\u012bpi\u0146as, kas nodro\u0161ina atbalstu un izteikt\u0101ku kakla izgriezumu.<\/li>\n<li>Viegls polster\u0113jums (putas) apa\u013c\u012bgai un glaimojo\u0161ai formai.<\/li>\n<li>Tills un me\u017e\u0123\u012b\u0146u kombin\u0101cija: smalks un \u013coti sievi\u0161\u0137\u012bgs apdares efekts.<\/li>\n<li>Labs variants valk\u0101\u0161anai ar piegu\u013co\u0161u ap\u0123\u0113rbu: zem ap\u0123\u0113rba gabala pul\u0113t\u0101ks efekts.<\/li>\n<li>Kombin\u0113jiet to ar Selene 3121 Braz\u012blijas biks\u012bt\u0113m, lai ieg\u016btu skaistu komplektu.<\/li>\n<\/ul>\n<p>\ud83d\udde3\ufe0f Padoms: Laia ir viens no tiem kr\u016b\u0161turiem, ko uzvelkot, uzreiz paman\u0101t &quot;ekstru&quot;: skaistu, noapa\u013cotu un \u013coti sievi\u0161\u0137\u012bgu kakla izgriezumu ar vieglu polster\u0113jumu, kas papildina j\u016bsu fig\u016bru, nep\u0101rsp\u012bl\u0113jot. Tas ir \u0113rts un elegants, ide\u0101li piem\u0113rots dien\u0101m, kad v\u0113laties izskat\u012bties lieliski bez jebk\u0101das piep\u016bles.<\/p>\n<p>\ud83d\udccf Piez\u012bme: Lai atrastu sev piem\u0113rot\u0101ko Laia izm\u0113ru, \u0146emiet v\u0113r\u0101 savu jostasvietas izm\u0113ru un kausi\u0146a izm\u0113ru: ja atrodaties starp diviem izm\u0113riem un v\u0113laties lab\u0101k atbalsto\u0161u un defin\u0113tu izskatu, izv\u0113lieties maz\u0101ku izm\u0113ru; ja v\u0113laties liel\u0101ku komfortu vai nev\u0113laties spiedienu ap jostasvietu, izv\u0113lieties par vienu izm\u0113ru liel\u0101ku. Un, ja neesat p\u0101rliecin\u0101ta, pirms izv\u0113les izm\u0113riet savu kr\u016b\u0161u apk\u0101rtm\u0113ru un sal\u012bdziniet to ar savu ierasto izm\u0113ru.<\/p>\n<p>Sast\u0101vs: 48% poliesters, 44% poliam\u012bds, 8% elast\u0101ns.<\/p>\n<p>\ud83c\udfad Nedaudz nosl\u0113pumain\u012bbas, daudz elegances.<\/p>\n<div id=\"v1ms-outlook-mobile-body-separator-line\" dir=\"auto\"><\/div>","protected":false},"excerpt":{"rendered":"<p>El sujetador Selene Laia est\u00e1 pensado para esos d\u00edas en los que quieres verte m\u00e1s favorecida sin complicarte: aros + relleno ligero que realza con naturalidad, y un dise\u00f1o que mezcla tul y encaje para conseguir un acabado elegante y muy femenino. Es de esos sujetadores que \u00abvisten\u00bb por s\u00ed solos: bonito a la vista, [&hellip;]<\/p>\n","protected":false},"featured_media":2358,"comment_status":"open","ping_status":"closed","template":"","meta":{"content-type":""},"product_brand":[55],"product_cat":[26,102,20],"product_tag":[56,62],"class_list":{"0":"post-1017","1":"product","2":"type-product","3":"status-publish","4":"has-post-thumbnail","6":"product_brand-selene","7":"product_cat-con-aros-y-relleno","8":"product_cat-laia","9":"product_cat-sujetador","10":"product_tag-sujetador","11":"product_tag-sujetador-con-aros-y-rellenos","13":"first","14":"instock","15":"taxable","16":"shipping-taxable","17":"purchasable","18":"product-type-variable"},"supplier_id":null,"supplier_sku":"","barcode":null,"atum_controlled":true,"out_stock_date":null,"out_stock_threshold":null,"inheritable":true,"inbound_stock":null,"stock_on_hold":0,"sold_today":0,"sales_last_days":0,"reserved_stock":null,"customer_returns":null,"warehouse_damage":null,"lost_in_post":null,"other_logs":null,"out_stock_days":0,"lost_sales":0,"has_location":false,"update_date":"2026-01-07T19:56:29","atum_locations":[],"atum_stock_status":"instock","restock_status":false,"low_stock_amount":"","sales_update_date":"2025-08-19T02:35:53","calc_backorders":null,"yoast_head":"<!-- This site is optimized with the Yoast SEO plugin v27.4 - https:\/\/yoast.com\/product\/yoast-seo-wordpress\/ -->\n<title>Sujetador Selene Laia - Rosana CL<\/title>\n<meta name=\"robots\" content=\"index, follow, max-snippet:-1, max-image-preview:large, max-video-preview:-1\" \/>\n<link rel=\"canonical\" href=\"https:\/\/rosanacl.com\/lv\/products\/sujetador-modelo-laia\/\" \/>\n<meta property=\"og:locale\" content=\"lv_LV\" \/>\n<meta property=\"og:type\" content=\"article\" \/>\n<meta property=\"og:title\" content=\"Sujetador Selene Laia - Rosana CL\" \/>\n<meta property=\"og:description\" content=\"El sujetador Selene Laia est\u00e1 pensado para esos d\u00edas en los que quieres verte m\u00e1s favorecida sin complicarte: aros + relleno ligero que realza con naturalidad, y un dise\u00f1o que mezcla tul y encaje para conseguir un acabado elegante y muy femenino. Es de esos sujetadores que \u00abvisten\u00bb por s\u00ed solos: bonito a la vista, [&hellip;]\" \/>\n<meta property=\"og:url\" content=\"https:\/\/rosanacl.com\/lv\/products\/sujetador-modelo-laia\/\" \/>\n<meta property=\"og:site_name\" content=\"Rosana CL\" \/>\n<meta property=\"article:modified_time\" content=\"2026-01-07T19:56:28+00:00\" \/>\n<meta property=\"og:image\" content=\"https:\/\/rosanacl.com\/wp-content\/uploads\/2025\/04\/2-3-e1756816590538.jpg\" \/>\n\t<meta property=\"og:image:width\" content=\"830\" \/>\n\t<meta property=\"og:image:height\" content=\"1017\" \/>\n\t<meta property=\"og:image:type\" content=\"image\/jpeg\" \/>\n<meta name=\"twitter:card\" content=\"summary_large_image\" \/>\n<meta name=\"twitter:label1\" content=\"Est. reading time\" \/>\n\t<meta name=\"twitter:data1\" content=\"2 min\u016btes\" \/>\n<script type=\"application\/ld+json\" class=\"yoast-schema-graph\">{\"@context\":\"https:\\\/\\\/schema.org\",\"@graph\":[{\"@type\":\"WebPage\",\"@id\":\"https:\\\/\\\/rosanacl.com\\\/producto\\\/sujetador-modelo-laia\\\/\",\"url\":\"https:\\\/\\\/rosanacl.com\\\/producto\\\/sujetador-modelo-laia\\\/\",\"name\":\"Sujetador Selene Laia - Rosana CL\",\"isPartOf\":{\"@id\":\"https:\\\/\\\/rosanacl.com\\\/ca\\\/#website\"},\"primaryImageOfPage\":{\"@id\":\"https:\\\/\\\/rosanacl.com\\\/producto\\\/sujetador-modelo-laia\\\/#primaryimage\"},\"image\":{\"@id\":\"https:\\\/\\\/rosanacl.com\\\/producto\\\/sujetador-modelo-laia\\\/#primaryimage\"},\"thumbnailUrl\":\"https:\\\/\\\/rosanacl.com\\\/wp-content\\\/uploads\\\/2025\\\/04\\\/2-3-e1756816590538.jpg\",\"datePublished\":\"2025-04-29T22:35:59+00:00\",\"dateModified\":\"2026-01-07T19:56:28+00:00\",\"breadcrumb\":{\"@id\":\"https:\\\/\\\/rosanacl.com\\\/producto\\\/sujetador-modelo-laia\\\/#breadcrumb\"},\"inLanguage\":\"lv-LV\",\"potentialAction\":[{\"@type\":\"ReadAction\",\"target\":[\"https:\\\/\\\/rosanacl.com\\\/producto\\\/sujetador-modelo-laia\\\/\"]}]},{\"@type\":\"ImageObject\",\"inLanguage\":\"lv-LV\",\"@id\":\"https:\\\/\\\/rosanacl.com\\\/producto\\\/sujetador-modelo-laia\\\/#primaryimage\",\"url\":\"https:\\\/\\\/rosanacl.com\\\/wp-content\\\/uploads\\\/2025\\\/04\\\/2-3-e1756816590538.jpg\",\"contentUrl\":\"https:\\\/\\\/rosanacl.com\\\/wp-content\\\/uploads\\\/2025\\\/04\\\/2-3-e1756816590538.jpg\",\"width\":830,\"height\":1017},{\"@type\":\"BreadcrumbList\",\"@id\":\"https:\\\/\\\/rosanacl.com\\\/producto\\\/sujetador-modelo-laia\\\/#breadcrumb\",\"itemListElement\":[{\"@type\":\"ListItem\",\"position\":1,\"name\":\"Portada\",\"item\":\"https:\\\/\\\/rosanacl.com\\\/ca\\\/\"},{\"@type\":\"ListItem\",\"position\":2,\"name\":\"Tienda\",\"item\":\"https:\\\/\\\/rosanacl.com\\\/ca\\\/tienda\\\/\"},{\"@type\":\"ListItem\",\"position\":3,\"name\":\"Sujetador Selene Laia\"}]},{\"@type\":\"WebSite\",\"@id\":\"https:\\\/\\\/rosanacl.com\\\/ca\\\/#website\",\"url\":\"https:\\\/\\\/rosanacl.com\\\/ca\\\/\",\"name\":\"Rosana CL\",\"description\":\"Somos tu interior\",\"potentialAction\":[{\"@type\":\"SearchAction\",\"target\":{\"@type\":\"EntryPoint\",\"urlTemplate\":\"https:\\\/\\\/rosanacl.com\\\/ca\\\/?s={search_term_string}\"},\"query-input\":{\"@type\":\"PropertyValueSpecification\",\"valueRequired\":true,\"valueName\":\"search_term_string\"}}],\"inLanguage\":\"lv-LV\"}]}<\/script>\n<!-- \/ Yoast SEO plugin. -->","yoast_head_json":{"title":"Sujetador Selene Laia - Rosana CL","robots":{"index":"index","follow":"follow","max-snippet":"max-snippet:-1","max-image-preview":"max-image-preview:large","max-video-preview":"max-video-preview:-1"},"canonical":"https:\/\/rosanacl.com\/lv\/products\/sujetador-modelo-laia\/","og_locale":"lv_LV","og_type":"article","og_title":"Sujetador Selene Laia - Rosana CL","og_description":"El sujetador Selene Laia est\u00e1 pensado para esos d\u00edas en los que quieres verte m\u00e1s favorecida sin complicarte: aros + relleno ligero que realza con naturalidad, y un dise\u00f1o que mezcla tul y encaje para conseguir un acabado elegante y muy femenino. Es de esos sujetadores que \u00abvisten\u00bb por s\u00ed solos: bonito a la vista, [&hellip;]","og_url":"https:\/\/rosanacl.com\/lv\/products\/sujetador-modelo-laia\/","og_site_name":"Rosana CL","article_modified_time":"2026-01-07T19:56:28+00:00","og_image":[{"width":830,"height":1017,"url":"https:\/\/rosanacl.com\/wp-content\/uploads\/2025\/04\/2-3-e1756816590538.jpg","type":"image\/jpeg"}],"twitter_card":"summary_large_image","twitter_misc":{"Est. reading time":"2 min\u016btes"},"schema":{"@context":"https:\/\/schema.org","@graph":[{"@type":"WebPage","@id":"https:\/\/rosanacl.com\/producto\/sujetador-modelo-laia\/","url":"https:\/\/rosanacl.com\/producto\/sujetador-modelo-laia\/","name":"Sujetador Selene Laia - Rosana CL","isPartOf":{"@id":"https:\/\/rosanacl.com\/ca\/#website"},"primaryImageOfPage":{"@id":"https:\/\/rosanacl.com\/producto\/sujetador-modelo-laia\/#primaryimage"},"image":{"@id":"https:\/\/rosanacl.com\/producto\/sujetador-modelo-laia\/#primaryimage"},"thumbnailUrl":"https:\/\/rosanacl.com\/wp-content\/uploads\/2025\/04\/2-3-e1756816590538.jpg","datePublished":"2025-04-29T22:35:59+00:00","dateModified":"2026-01-07T19:56:28+00:00","breadcrumb":{"@id":"https:\/\/rosanacl.com\/producto\/sujetador-modelo-laia\/#breadcrumb"},"inLanguage":"lv-LV","potentialAction":[{"@type":"ReadAction","target":["https:\/\/rosanacl.com\/producto\/sujetador-modelo-laia\/"]}]},{"@type":"ImageObject","inLanguage":"lv-LV","@id":"https:\/\/rosanacl.com\/producto\/sujetador-modelo-laia\/#primaryimage","url":"https:\/\/rosanacl.com\/wp-content\/uploads\/2025\/04\/2-3-e1756816590538.jpg","contentUrl":"https:\/\/rosanacl.com\/wp-content\/uploads\/2025\/04\/2-3-e1756816590538.jpg","width":830,"height":1017},{"@type":"BreadcrumbList","@id":"https:\/\/rosanacl.com\/producto\/sujetador-modelo-laia\/#breadcrumb","itemListElement":[{"@type":"ListItem","position":1,"name":"Portada","item":"https:\/\/rosanacl.com\/ca\/"},{"@type":"ListItem","position":2,"name":"Tienda","item":"https:\/\/rosanacl.com\/ca\/tienda\/"},{"@type":"ListItem","position":3,"name":"Sujetador Selene Laia"}]},{"@type":"WebSite","@id":"https:\/\/rosanacl.com\/ca\/#website","url":"https:\/\/rosanacl.com\/ca\/","name":"Rosana CL","description":"M\u0113s esam j\u016bsu interjers","potentialAction":[{"@type":"SearchAction","target":{"@type":"EntryPoint","urlTemplate":"https:\/\/rosanacl.com\/ca\/?s={search_term_string}"},"query-input":{"@type":"PropertyValueSpecification","valueRequired":true,"valueName":"search_term_string"}}],"inLanguage":"lv-LV"}]}},"_links":{"self":[{"href":"https:\/\/rosanacl.com\/lv\/wp-json\/wp\/v2\/product\/1017","targetHints":{"allow":["GET"]}}],"collection":[{"href":"https:\/\/rosanacl.com\/lv\/wp-json\/wp\/v2\/product"}],"about":[{"href":"https:\/\/rosanacl.com\/lv\/wp-json\/wp\/v2\/types\/product"}],"replies":[{"embeddable":true,"href":"https:\/\/rosanacl.com\/lv\/wp-json\/wp\/v2\/comments?post=1017"}],"version-history":[{"count":5,"href":"https:\/\/rosanacl.com\/lv\/wp-json\/wp\/v2\/product\/1017\/revisions"}],"predecessor-version":[{"id":4612,"href":"https:\/\/rosanacl.com\/lv\/wp-json\/wp\/v2\/product\/1017\/revisions\/4612"}],"wp:featuredmedia":[{"embeddable":true,"href":"https:\/\/rosanacl.com\/lv\/wp-json\/wp\/v2\/media\/2358"}],"wp:attachment":[{"href":"https:\/\/rosanacl.com\/lv\/wp-json\/wp\/v2\/media?parent=1017"}],"wp:term":[{"taxonomy":"product_brand","embeddable":true,"href":"https:\/\/rosanacl.com\/lv\/wp-json\/wp\/v2\/product_brand?post=1017"},{"taxonomy":"product_cat","embeddable":true,"href":"https:\/\/rosanacl.com\/lv\/wp-json\/wp\/v2\/product_cat?post=1017"},{"taxonomy":"product_tag","embeddable":true,"href":"https:\/\/rosanacl.com\/lv\/wp-json\/wp\/v2\/product_tag?post=1017"}],"curies":[{"name":"wp","href":"https:\/\/api.w.org\/{rel}","templated":true}]}}