{"id":1158,"date":"2025-04-30T00:57:25","date_gmt":"2025-04-29T22:57:25","guid":{"rendered":"https:\/\/rosanacl.com\/?post_type=product&#038;p=1158"},"modified":"2026-01-07T20:41:03","modified_gmt":"2026-01-07T19:41:03","slug":"sujetador-modelo-manuela","status":"publish","type":"product","link":"https:\/\/rosanacl.com\/lv\/products\/sujetador-modelo-manuela\/","title":{"rendered":"Sel\u0113na Manuela Bra"},"content":{"rendered":"<p>Selene Manuela kr\u016b\u0161turis ir rad\u012bts situ\u0101cij\u0101m, kad v\u0113laties patiesu komfortu, neupur\u0113jot skaistu siluetu. T\u0101 bezst\u012bpi\u0146u dizains un starplikas b\u013codi\u0146\u0101s padara to par \u012bpa\u0161i \u0113rtu izv\u0113li ikdienas valk\u0101\u0161anai: tas maigi piel\u0101gojas kr\u016bt\u012bm, kustas l\u012bdzi j\u016bsu formai un jau no pirm\u0101 br\u012b\u017ea ir viegls.<\/p>\n<p>Starplikas b\u013codi\u0146a izce\u013cas ar savu elpojam\u012bbu un &quot;otras \u0101das&quot; saj\u016btu, kas lieliski izskat\u0101s zem T-krekliem, bl\u016bz\u0113m vai piegu\u013co\u0161\u0101ka ap\u0123\u0113rba. \u0160is modelis nodro\u0161ina dabisku formu, \u0113rtu atbalstu un t\u012bru apdari \u2014 ide\u0101li piem\u0113rots, ja mekl\u0113jat praktisku, bet stil\u012bgu apak\u0161ve\u013cu.<\/p>\n<p>Lietas, kas jums patiks Manuel\u0101<\/p>\n<ul>\n<li>Bezvadu: nep\u0101rtraukts komforts, bez spiediena.<\/li>\n<li>Starplikas kausi\u0146\u0161: maksim\u0101la elpojam\u012bba un piel\u0101go\u0161an\u0101s sp\u0113ja kr\u016bt\u012bm.<\/li>\n<li>\u0112rts un stabils atbalsts ikdienas lieto\u0161anai.<\/li>\n<li>Gluda un diskr\u0113ta apdare zem ap\u0123\u0113rba.<\/li>\n<li>Lieliski piem\u0113rots piegu\u013co\u0161am izskatam: tas izskat\u0101s skaisti un dabiski.<\/li>\n<\/ul>\n<p>\ud83d\udde3\ufe0f Padoms: Manuela ir dom\u0101ts, ja v\u0113laties justies piln\u012bgi \u0113rti visu dienu: viegla saj\u016bta, bez spiediena un piegriezums, kas piel\u0101gojas kust\u012bbai, neiespie\u017eoties. Starplikas b\u013codi\u0146a ir v\u0113sa un m\u012bksta, un nodro\u0161ina &quot;otras \u0101das&quot; komfortu, kas liek aizmirst par t\u0101s valk\u0101\u0161anu pat ar piegu\u013co\u0161\u0101kiem T-krekliem un bl\u016bz\u0113m.<\/p>\n<p>\ud83d\udccf Piez\u012bme: Ja atrodaties starp diviem izm\u0113riem, izv\u0113lieties liel\u0101ku izm\u0113ru \u0113rt\u0101kai un br\u012bv\u0101kai piegul\u0161anai; izv\u0113lieties maz\u0101ku izm\u0113ru stingr\u0101kai un atbalsto\u0161\u0101kai saj\u016btai. Un, ja iesp\u0113jams, p\u0101rbaudiet apk\u0101rtm\u0113ru zem kr\u016bt\u012bm, lai p\u0101rliecin\u0101tos, ka izm\u0113rs ir pareizs jau pirmaj\u0101 valk\u0101\u0161anas reiz\u0113 un ka tas lieliski piegu\u013c jau no pirm\u0101s valk\u0101\u0161anas reizes.<\/p>\n<p>Sast\u0101vs: 70% poliesters \/ 18% poliam\u012bds \/ 12% elast\u0101ns.<\/p>\n<p>\u2601\ufe0f &quot;Otras \u0101das&quot; saj\u016bta visas dienas garum\u0101.<\/p>","protected":false},"excerpt":{"rendered":"<p>El sujetador Selene modelo Manuela est\u00e1 pensado para cuando quieres comodidad real sin renunciar a una silueta bonita. Su dise\u00f1o sin aros y su copa spacer lo convierten en una opci\u00f3n s\u00faper agradable para el d\u00eda a d\u00eda: se adapta al pecho con suavidad, acompa\u00f1a el movimiento y se siente ligero desde el primer momento. [&hellip;]<\/p>\n","protected":false},"featured_media":1445,"comment_status":"open","ping_status":"closed","template":"","meta":{"content-type":""},"product_brand":[55],"product_cat":[101,27,20],"product_tag":[56,63],"class_list":{"0":"post-1158","1":"product","2":"type-product","3":"status-publish","4":"has-post-thumbnail","6":"product_brand-selene","7":"product_cat-manuela","8":"product_cat-sin-aros-con-relleno","9":"product_cat-sujetador","10":"product_tag-sujetador","11":"product_tag-sujetador-sin-aros-con-relleno","13":"first","14":"instock","15":"taxable","16":"shipping-taxable","17":"purchasable","18":"product-type-variable"},"supplier_id":null,"supplier_sku":"","barcode":null,"atum_controlled":true,"out_stock_date":null,"out_stock_threshold":null,"inheritable":true,"inbound_stock":0,"stock_on_hold":0,"sold_today":0,"sales_last_days":0,"reserved_stock":0,"customer_returns":0,"warehouse_damage":0,"lost_in_post":0,"other_logs":0,"out_stock_days":0,"lost_sales":0,"has_location":false,"update_date":"2026-01-07T19:41:04","atum_locations":[],"atum_stock_status":"instock","restock_status":false,"low_stock_amount":"","sales_update_date":"2025-10-03T04:56:44","calc_backorders":null,"yoast_head":"<!-- This site is optimized with the Yoast SEO plugin v27.4 - https:\/\/yoast.com\/product\/yoast-seo-wordpress\/ -->\n<title>Sujetador Selene Manuela - Rosana CL<\/title>\n<meta name=\"robots\" content=\"index, follow, max-snippet:-1, max-image-preview:large, max-video-preview:-1\" \/>\n<link rel=\"canonical\" href=\"https:\/\/rosanacl.com\/lv\/products\/sujetador-modelo-manuela\/\" \/>\n<meta property=\"og:locale\" content=\"lv_LV\" \/>\n<meta property=\"og:type\" content=\"article\" \/>\n<meta property=\"og:title\" content=\"Sujetador Selene Manuela - Rosana CL\" \/>\n<meta property=\"og:description\" content=\"El sujetador Selene modelo Manuela est\u00e1 pensado para cuando quieres comodidad real sin renunciar a una silueta bonita. Su dise\u00f1o sin aros y su copa spacer lo convierten en una opci\u00f3n s\u00faper agradable para el d\u00eda a d\u00eda: se adapta al pecho con suavidad, acompa\u00f1a el movimiento y se siente ligero desde el primer momento. [&hellip;]\" \/>\n<meta property=\"og:url\" content=\"https:\/\/rosanacl.com\/lv\/products\/sujetador-modelo-manuela\/\" \/>\n<meta property=\"og:site_name\" content=\"Rosana CL\" \/>\n<meta property=\"article:modified_time\" content=\"2026-01-07T19:41:03+00:00\" \/>\n<meta property=\"og:image\" content=\"https:\/\/rosanacl.com\/wp-content\/uploads\/2025\/04\/Sujetador-modelo-Manuela-000001.webp\" \/>\n\t<meta property=\"og:image:width\" content=\"1000\" \/>\n\t<meta property=\"og:image:height\" content=\"1000\" \/>\n\t<meta property=\"og:image:type\" content=\"image\/webp\" \/>\n<meta name=\"twitter:card\" content=\"summary_large_image\" \/>\n<meta name=\"twitter:label1\" content=\"Est. reading time\" \/>\n\t<meta name=\"twitter:data1\" content=\"2 min\u016btes\" \/>\n<script type=\"application\/ld+json\" class=\"yoast-schema-graph\">{\"@context\":\"https:\\\/\\\/schema.org\",\"@graph\":[{\"@type\":\"WebPage\",\"@id\":\"https:\\\/\\\/rosanacl.com\\\/producto\\\/sujetador-modelo-manuela\\\/\",\"url\":\"https:\\\/\\\/rosanacl.com\\\/producto\\\/sujetador-modelo-manuela\\\/\",\"name\":\"Sujetador Selene Manuela - Rosana CL\",\"isPartOf\":{\"@id\":\"https:\\\/\\\/rosanacl.com\\\/ca\\\/#website\"},\"primaryImageOfPage\":{\"@id\":\"https:\\\/\\\/rosanacl.com\\\/producto\\\/sujetador-modelo-manuela\\\/#primaryimage\"},\"image\":{\"@id\":\"https:\\\/\\\/rosanacl.com\\\/producto\\\/sujetador-modelo-manuela\\\/#primaryimage\"},\"thumbnailUrl\":\"https:\\\/\\\/rosanacl.com\\\/wp-content\\\/uploads\\\/2025\\\/04\\\/Sujetador-modelo-Manuela-000001.webp\",\"datePublished\":\"2025-04-29T22:57:25+00:00\",\"dateModified\":\"2026-01-07T19:41:03+00:00\",\"breadcrumb\":{\"@id\":\"https:\\\/\\\/rosanacl.com\\\/producto\\\/sujetador-modelo-manuela\\\/#breadcrumb\"},\"inLanguage\":\"lv-LV\",\"potentialAction\":[{\"@type\":\"ReadAction\",\"target\":[\"https:\\\/\\\/rosanacl.com\\\/producto\\\/sujetador-modelo-manuela\\\/\"]}]},{\"@type\":\"ImageObject\",\"inLanguage\":\"lv-LV\",\"@id\":\"https:\\\/\\\/rosanacl.com\\\/producto\\\/sujetador-modelo-manuela\\\/#primaryimage\",\"url\":\"https:\\\/\\\/rosanacl.com\\\/wp-content\\\/uploads\\\/2025\\\/04\\\/Sujetador-modelo-Manuela-000001.webp\",\"contentUrl\":\"https:\\\/\\\/rosanacl.com\\\/wp-content\\\/uploads\\\/2025\\\/04\\\/Sujetador-modelo-Manuela-000001.webp\",\"width\":1000,\"height\":1000},{\"@type\":\"BreadcrumbList\",\"@id\":\"https:\\\/\\\/rosanacl.com\\\/producto\\\/sujetador-modelo-manuela\\\/#breadcrumb\",\"itemListElement\":[{\"@type\":\"ListItem\",\"position\":1,\"name\":\"Portada\",\"item\":\"https:\\\/\\\/rosanacl.com\\\/ca\\\/\"},{\"@type\":\"ListItem\",\"position\":2,\"name\":\"Tienda\",\"item\":\"https:\\\/\\\/rosanacl.com\\\/ca\\\/tienda\\\/\"},{\"@type\":\"ListItem\",\"position\":3,\"name\":\"Sujetador Selene Manuela\"}]},{\"@type\":\"WebSite\",\"@id\":\"https:\\\/\\\/rosanacl.com\\\/ca\\\/#website\",\"url\":\"https:\\\/\\\/rosanacl.com\\\/ca\\\/\",\"name\":\"Rosana CL\",\"description\":\"Somos tu interior\",\"potentialAction\":[{\"@type\":\"SearchAction\",\"target\":{\"@type\":\"EntryPoint\",\"urlTemplate\":\"https:\\\/\\\/rosanacl.com\\\/ca\\\/?s={search_term_string}\"},\"query-input\":{\"@type\":\"PropertyValueSpecification\",\"valueRequired\":true,\"valueName\":\"search_term_string\"}}],\"inLanguage\":\"lv-LV\"}]}<\/script>\n<!-- \/ Yoast SEO plugin. -->","yoast_head_json":{"title":"Sujetador Selene Manuela - Rosana CL","robots":{"index":"index","follow":"follow","max-snippet":"max-snippet:-1","max-image-preview":"max-image-preview:large","max-video-preview":"max-video-preview:-1"},"canonical":"https:\/\/rosanacl.com\/lv\/products\/sujetador-modelo-manuela\/","og_locale":"lv_LV","og_type":"article","og_title":"Sujetador Selene Manuela - Rosana CL","og_description":"El sujetador Selene modelo Manuela est\u00e1 pensado para cuando quieres comodidad real sin renunciar a una silueta bonita. Su dise\u00f1o sin aros y su copa spacer lo convierten en una opci\u00f3n s\u00faper agradable para el d\u00eda a d\u00eda: se adapta al pecho con suavidad, acompa\u00f1a el movimiento y se siente ligero desde el primer momento. [&hellip;]","og_url":"https:\/\/rosanacl.com\/lv\/products\/sujetador-modelo-manuela\/","og_site_name":"Rosana CL","article_modified_time":"2026-01-07T19:41:03+00:00","og_image":[{"width":1000,"height":1000,"url":"https:\/\/rosanacl.com\/wp-content\/uploads\/2025\/04\/Sujetador-modelo-Manuela-000001.webp","type":"image\/webp"}],"twitter_card":"summary_large_image","twitter_misc":{"Est. reading time":"2 min\u016btes"},"schema":{"@context":"https:\/\/schema.org","@graph":[{"@type":"WebPage","@id":"https:\/\/rosanacl.com\/producto\/sujetador-modelo-manuela\/","url":"https:\/\/rosanacl.com\/producto\/sujetador-modelo-manuela\/","name":"Sujetador Selene Manuela - Rosana CL","isPartOf":{"@id":"https:\/\/rosanacl.com\/ca\/#website"},"primaryImageOfPage":{"@id":"https:\/\/rosanacl.com\/producto\/sujetador-modelo-manuela\/#primaryimage"},"image":{"@id":"https:\/\/rosanacl.com\/producto\/sujetador-modelo-manuela\/#primaryimage"},"thumbnailUrl":"https:\/\/rosanacl.com\/wp-content\/uploads\/2025\/04\/Sujetador-modelo-Manuela-000001.webp","datePublished":"2025-04-29T22:57:25+00:00","dateModified":"2026-01-07T19:41:03+00:00","breadcrumb":{"@id":"https:\/\/rosanacl.com\/producto\/sujetador-modelo-manuela\/#breadcrumb"},"inLanguage":"lv-LV","potentialAction":[{"@type":"ReadAction","target":["https:\/\/rosanacl.com\/producto\/sujetador-modelo-manuela\/"]}]},{"@type":"ImageObject","inLanguage":"lv-LV","@id":"https:\/\/rosanacl.com\/producto\/sujetador-modelo-manuela\/#primaryimage","url":"https:\/\/rosanacl.com\/wp-content\/uploads\/2025\/04\/Sujetador-modelo-Manuela-000001.webp","contentUrl":"https:\/\/rosanacl.com\/wp-content\/uploads\/2025\/04\/Sujetador-modelo-Manuela-000001.webp","width":1000,"height":1000},{"@type":"BreadcrumbList","@id":"https:\/\/rosanacl.com\/producto\/sujetador-modelo-manuela\/#breadcrumb","itemListElement":[{"@type":"ListItem","position":1,"name":"Portada","item":"https:\/\/rosanacl.com\/ca\/"},{"@type":"ListItem","position":2,"name":"Tienda","item":"https:\/\/rosanacl.com\/ca\/tienda\/"},{"@type":"ListItem","position":3,"name":"Sujetador Selene Manuela"}]},{"@type":"WebSite","@id":"https:\/\/rosanacl.com\/ca\/#website","url":"https:\/\/rosanacl.com\/ca\/","name":"Rosana CL","description":"M\u0113s esam j\u016bsu interjers","potentialAction":[{"@type":"SearchAction","target":{"@type":"EntryPoint","urlTemplate":"https:\/\/rosanacl.com\/ca\/?s={search_term_string}"},"query-input":{"@type":"PropertyValueSpecification","valueRequired":true,"valueName":"search_term_string"}}],"inLanguage":"lv-LV"}]}},"_links":{"self":[{"href":"https:\/\/rosanacl.com\/lv\/wp-json\/wp\/v2\/product\/1158","targetHints":{"allow":["GET"]}}],"collection":[{"href":"https:\/\/rosanacl.com\/lv\/wp-json\/wp\/v2\/product"}],"about":[{"href":"https:\/\/rosanacl.com\/lv\/wp-json\/wp\/v2\/types\/product"}],"replies":[{"embeddable":true,"href":"https:\/\/rosanacl.com\/lv\/wp-json\/wp\/v2\/comments?post=1158"}],"version-history":[{"count":5,"href":"https:\/\/rosanacl.com\/lv\/wp-json\/wp\/v2\/product\/1158\/revisions"}],"predecessor-version":[{"id":4609,"href":"https:\/\/rosanacl.com\/lv\/wp-json\/wp\/v2\/product\/1158\/revisions\/4609"}],"wp:featuredmedia":[{"embeddable":true,"href":"https:\/\/rosanacl.com\/lv\/wp-json\/wp\/v2\/media\/1445"}],"wp:attachment":[{"href":"https:\/\/rosanacl.com\/lv\/wp-json\/wp\/v2\/media?parent=1158"}],"wp:term":[{"taxonomy":"product_brand","embeddable":true,"href":"https:\/\/rosanacl.com\/lv\/wp-json\/wp\/v2\/product_brand?post=1158"},{"taxonomy":"product_cat","embeddable":true,"href":"https:\/\/rosanacl.com\/lv\/wp-json\/wp\/v2\/product_cat?post=1158"},{"taxonomy":"product_tag","embeddable":true,"href":"https:\/\/rosanacl.com\/lv\/wp-json\/wp\/v2\/product_tag?post=1158"}],"curies":[{"name":"wp","href":"https:\/\/api.w.org\/{rel}","templated":true}]}}