{"id":211,"date":"2025-04-29T12:22:28","date_gmt":"2025-04-29T10:22:28","guid":{"rendered":"https:\/\/rosanacl.com\/?post_type=product&#038;p=211"},"modified":"2026-01-08T03:42:43","modified_gmt":"2026-01-08T02:42:43","slug":"sujetador-modelo-teresa","status":"publish","type":"product","link":"https:\/\/rosanacl.com\/lv\/products\/sujetador-modelo-teresa\/","title":{"rendered":"Sel\u0113na Ter\u0113za Bra"},"content":{"rendered":"<p>Ir ap\u0123\u0113rba gabali, kas ne tikai &quot;piest\u0101v&quot;, bet ar\u012b defin\u0113. Teresa kr\u016b\u0161turis ir rad\u012bts, ja v\u0113laties t\u012bru, elegantu un p\u0101rliecin\u0101tu siluetu ar apdari, kas ir paman\u0101ma spogul\u012b, pat ja neviens cits to neredz.<\/p>\n<p>Zem st\u012bpi\u0146\u0101m veidot\u0101s un form\u0113t\u0101s b\u013codi\u0146as nodro\u0161ina dabisku pacel\u0161anu, prec\u012bzu atbalstu un nevainojamu formu stund\u0101m ilgi. Rezult\u0101ts ir stabils, glaimojo\u0161s un neticami \u0113rts piegriezums, kas ir ide\u0101li piem\u0113rots sieviet\u0113m, kuras mekl\u0113 stingru atbalstu, neupur\u0113jot stilu. Izteiksm\u012bg\u0101 deta\u013ca sl\u0113pjas \u017eakarda\/apdruk\u0101taj\u0101 audum\u0101, kas pie\u0161\u0137ir tekst\u016bru un vizu\u0101lu pievilc\u012bbu, neb\u016bdams p\u0101r\u0101k uzkr\u012bto\u0161s.<\/p>\n<p>Tas ir stils, kas rad\u012bts ikdienas valk\u0101\u0161anai, k\u0101 ar\u012b vakariem, kad v\u0113laties justies tikpat stil\u012bgi gan apak\u0161\u0101, gan \u0101rpus\u0113. Kombin\u0113jiet to ar Selene 3123 biks\u012bt\u0113m, lai ieg\u016btu piln\u012bgu komplektu: izsmalcin\u0101tu, sievi\u0161\u0137\u012bgu un \u0113rti valk\u0101jamu.<\/p>\n<p>Premium deta\u013cas<\/p>\n<ul>\n<li>Integr\u0113ti st\u012bpi\u0146as, kas sav\u0101cas un pace\u013cas, saglab\u0101jot dabisku formu.<\/li>\n<li>Iepriek\u0161 veidota b\u013codi\u0146a izteikt\u0101kai un vienm\u0113r\u012bg\u0101kai kr\u016b\u0161u formai zem ap\u0123\u0113rba.<\/li>\n<li>Elegants \u017eakards, kas nodro\u0161ina dr\u012bz\u0101k &quot;d\u0101rgakme\u0146a&quot; nek\u0101 &quot;vienk\u0101r\u0161a&quot; apdares efektu\u00ab<\/li>\n<li>Stabilas siksnas atbalsta saglab\u0101\u0161anai bez past\u0101v\u012bgas regul\u0113\u0161anas.<\/li>\n<li>Lielisks komplekts ar pieska\u0146ot\u0101m Selene 3123 biks\u012bt\u0113m.<\/li>\n<\/ul>\n<p>\ud83d\udde3\ufe0fPadoms: Teresa kr\u016b\u0161turis ir paredz\u0113ts, ja v\u0113laties kr\u016b\u0161turi, ko &quot;aizmirstat&quot;, bet tom\u0113r paman\u0101t spogul\u012b: atbalst\u012btas kr\u016btis, t\u012bras l\u012bnijas un k\u0101rt\u012bbas saj\u016bta. Lai ieg\u016btu pareizo saj\u016btu, uzvelkot kr\u016b\u0161turi, mekl\u0113jiet sekojo\u0161o: m\u012bksts audums piegu\u013c \u0101dai, centr\u0113ta kr\u016b\u0161u da\u013ca un elegants komforts (bez iedzi\u013cin\u0101\u0161an\u0101s vai ne\u0113rta spiediena), it k\u0101 viss dabiski b\u016btu sav\u0101s viet\u0101s.<\/p>\n<p>\ud83d\udccfPiez\u012bme: Pirms izm\u0113ra izv\u0113les veiciet divus \u0101trus m\u0113r\u012bjumus ar m\u0113rlenti: zem kr\u016b\u0161u apk\u0101rtm\u0113ru un kr\u016b\u0161u apk\u0101rtm\u0113ru. Ja atrodaties starp diviem izm\u0113riem, izv\u0113lieties stingru un \u0113rtu gumiju (kas atbalsta, bet nav p\u0101r\u0101k cie\u0161a) un attiec\u012bgi piel\u0101gojiet kausi\u0146a izm\u0113ru, lai j\u016bsu kr\u016btis b\u016btu centr\u0113tas un izskat\u012btos dabiski.<\/p>\n<p>Sast\u0101vs: 56% poliam\u012bds, 32% kokvilna, 12% elast\u0101ns.<\/p>\n<p>\ud83d\udc84 Ap\u0123\u0113rbs, kas \u0161\u0137iet d\u0101rgs\u2026 pat ja tu to nesaki.<\/p>","protected":false},"excerpt":{"rendered":"<p>Hay prendas que no \u00abacompa\u00f1an\u00bb: definen. El sujetador Teresa est\u00e1 hecho para cuando quieres una silueta limpia, elegante y segura, con ese acabado que se nota en el espejo aunque nadie lo vea. Aros + copa preformada para realzar con naturalidad, recoger con precisi\u00f3n y mantener la forma impecable durante horas. El resultado es un [&hellip;]<\/p>\n","protected":false},"featured_media":1472,"comment_status":"open","ping_status":"closed","template":"","meta":{"content-type":""},"product_brand":[55],"product_cat":[80,24,20,106],"product_tag":[57,56],"class_list":{"0":"post-211","1":"product","2":"type-product","3":"status-publish","4":"has-post-thumbnail","6":"product_brand-selene","7":"product_cat-con-aros-sin-relleno","8":"product_cat-sin-relleno","9":"product_cat-sujetador","10":"product_cat-teresa","11":"product_tag-sin-relleno","12":"product_tag-sujetador","14":"first","15":"instock","16":"taxable","17":"shipping-taxable","18":"purchasable","19":"product-type-variable"},"supplier_id":null,"supplier_sku":"","barcode":null,"atum_controlled":true,"out_stock_date":null,"out_stock_threshold":null,"inheritable":true,"inbound_stock":0,"stock_on_hold":0,"sold_today":0,"sales_last_days":0,"reserved_stock":0,"customer_returns":0,"warehouse_damage":0,"lost_in_post":0,"other_logs":0,"out_stock_days":0,"lost_sales":0,"has_location":false,"update_date":"2026-01-08T02:42:44","atum_locations":[],"atum_stock_status":"instock","restock_status":false,"low_stock_amount":"","sales_update_date":"2025-10-03T04:57:33","calc_backorders":null,"yoast_head":"<!-- This site is optimized with the Yoast SEO plugin v27.4 - https:\/\/yoast.com\/product\/yoast-seo-wordpress\/ -->\n<title>Sujetador Selene Teresa - Rosana CL<\/title>\n<meta name=\"robots\" content=\"index, follow, max-snippet:-1, max-image-preview:large, max-video-preview:-1\" \/>\n<link rel=\"canonical\" href=\"https:\/\/rosanacl.com\/lv\/products\/sujetador-modelo-teresa\/\" \/>\n<meta property=\"og:locale\" content=\"lv_LV\" \/>\n<meta property=\"og:type\" content=\"article\" \/>\n<meta property=\"og:title\" content=\"Sujetador Selene Teresa - Rosana CL\" \/>\n<meta property=\"og:description\" content=\"Hay prendas que no \u00abacompa\u00f1an\u00bb: definen. El sujetador Teresa est\u00e1 hecho para cuando quieres una silueta limpia, elegante y segura, con ese acabado que se nota en el espejo aunque nadie lo vea. Aros + copa preformada para realzar con naturalidad, recoger con precisi\u00f3n y mantener la forma impecable durante horas. El resultado es un [&hellip;]\" \/>\n<meta property=\"og:url\" content=\"https:\/\/rosanacl.com\/lv\/products\/sujetador-modelo-teresa\/\" \/>\n<meta property=\"og:site_name\" content=\"Rosana CL\" \/>\n<meta property=\"article:modified_time\" content=\"2026-01-08T02:42:43+00:00\" \/>\n<meta property=\"og:image\" content=\"https:\/\/rosanacl.com\/wp-content\/uploads\/2025\/04\/Sujetador-modelo-Teresa-000001.png\" \/>\n\t<meta property=\"og:image:width\" content=\"1000\" \/>\n\t<meta property=\"og:image:height\" content=\"1000\" \/>\n\t<meta property=\"og:image:type\" content=\"image\/png\" \/>\n<meta name=\"twitter:card\" content=\"summary_large_image\" \/>\n<meta name=\"twitter:label1\" content=\"Est. reading time\" \/>\n\t<meta name=\"twitter:data1\" content=\"2 min\u016btes\" \/>\n<script type=\"application\/ld+json\" class=\"yoast-schema-graph\">{\"@context\":\"https:\\\/\\\/schema.org\",\"@graph\":[{\"@type\":\"WebPage\",\"@id\":\"https:\\\/\\\/rosanacl.com\\\/producto\\\/sujetador-modelo-teresa\\\/\",\"url\":\"https:\\\/\\\/rosanacl.com\\\/producto\\\/sujetador-modelo-teresa\\\/\",\"name\":\"Sujetador Selene Teresa - Rosana CL\",\"isPartOf\":{\"@id\":\"https:\\\/\\\/rosanacl.com\\\/ca\\\/#website\"},\"primaryImageOfPage\":{\"@id\":\"https:\\\/\\\/rosanacl.com\\\/producto\\\/sujetador-modelo-teresa\\\/#primaryimage\"},\"image\":{\"@id\":\"https:\\\/\\\/rosanacl.com\\\/producto\\\/sujetador-modelo-teresa\\\/#primaryimage\"},\"thumbnailUrl\":\"https:\\\/\\\/rosanacl.com\\\/wp-content\\\/uploads\\\/2025\\\/04\\\/Sujetador-modelo-Teresa-000001.png\",\"datePublished\":\"2025-04-29T10:22:28+00:00\",\"dateModified\":\"2026-01-08T02:42:43+00:00\",\"breadcrumb\":{\"@id\":\"https:\\\/\\\/rosanacl.com\\\/producto\\\/sujetador-modelo-teresa\\\/#breadcrumb\"},\"inLanguage\":\"lv-LV\",\"potentialAction\":[{\"@type\":\"ReadAction\",\"target\":[\"https:\\\/\\\/rosanacl.com\\\/producto\\\/sujetador-modelo-teresa\\\/\"]}]},{\"@type\":\"ImageObject\",\"inLanguage\":\"lv-LV\",\"@id\":\"https:\\\/\\\/rosanacl.com\\\/producto\\\/sujetador-modelo-teresa\\\/#primaryimage\",\"url\":\"https:\\\/\\\/rosanacl.com\\\/wp-content\\\/uploads\\\/2025\\\/04\\\/Sujetador-modelo-Teresa-000001.png\",\"contentUrl\":\"https:\\\/\\\/rosanacl.com\\\/wp-content\\\/uploads\\\/2025\\\/04\\\/Sujetador-modelo-Teresa-000001.png\",\"width\":1000,\"height\":1000},{\"@type\":\"BreadcrumbList\",\"@id\":\"https:\\\/\\\/rosanacl.com\\\/producto\\\/sujetador-modelo-teresa\\\/#breadcrumb\",\"itemListElement\":[{\"@type\":\"ListItem\",\"position\":1,\"name\":\"Portada\",\"item\":\"https:\\\/\\\/rosanacl.com\\\/ca\\\/\"},{\"@type\":\"ListItem\",\"position\":2,\"name\":\"Tienda\",\"item\":\"https:\\\/\\\/rosanacl.com\\\/ca\\\/tienda\\\/\"},{\"@type\":\"ListItem\",\"position\":3,\"name\":\"Sujetador Selene Teresa\"}]},{\"@type\":\"WebSite\",\"@id\":\"https:\\\/\\\/rosanacl.com\\\/ca\\\/#website\",\"url\":\"https:\\\/\\\/rosanacl.com\\\/ca\\\/\",\"name\":\"Rosana CL\",\"description\":\"Somos tu interior\",\"potentialAction\":[{\"@type\":\"SearchAction\",\"target\":{\"@type\":\"EntryPoint\",\"urlTemplate\":\"https:\\\/\\\/rosanacl.com\\\/ca\\\/?s={search_term_string}\"},\"query-input\":{\"@type\":\"PropertyValueSpecification\",\"valueRequired\":true,\"valueName\":\"search_term_string\"}}],\"inLanguage\":\"lv-LV\"}]}<\/script>\n<!-- \/ Yoast SEO plugin. -->","yoast_head_json":{"title":"Sujetador Selene Teresa - Rosana CL","robots":{"index":"index","follow":"follow","max-snippet":"max-snippet:-1","max-image-preview":"max-image-preview:large","max-video-preview":"max-video-preview:-1"},"canonical":"https:\/\/rosanacl.com\/lv\/products\/sujetador-modelo-teresa\/","og_locale":"lv_LV","og_type":"article","og_title":"Sujetador Selene Teresa - Rosana CL","og_description":"Hay prendas que no \u00abacompa\u00f1an\u00bb: definen. El sujetador Teresa est\u00e1 hecho para cuando quieres una silueta limpia, elegante y segura, con ese acabado que se nota en el espejo aunque nadie lo vea. Aros + copa preformada para realzar con naturalidad, recoger con precisi\u00f3n y mantener la forma impecable durante horas. El resultado es un [&hellip;]","og_url":"https:\/\/rosanacl.com\/lv\/products\/sujetador-modelo-teresa\/","og_site_name":"Rosana CL","article_modified_time":"2026-01-08T02:42:43+00:00","og_image":[{"width":1000,"height":1000,"url":"https:\/\/rosanacl.com\/wp-content\/uploads\/2025\/04\/Sujetador-modelo-Teresa-000001.png","type":"image\/png"}],"twitter_card":"summary_large_image","twitter_misc":{"Est. reading time":"2 min\u016btes"},"schema":{"@context":"https:\/\/schema.org","@graph":[{"@type":"WebPage","@id":"https:\/\/rosanacl.com\/producto\/sujetador-modelo-teresa\/","url":"https:\/\/rosanacl.com\/producto\/sujetador-modelo-teresa\/","name":"Sujetador Selene Teresa - Rosana CL","isPartOf":{"@id":"https:\/\/rosanacl.com\/ca\/#website"},"primaryImageOfPage":{"@id":"https:\/\/rosanacl.com\/producto\/sujetador-modelo-teresa\/#primaryimage"},"image":{"@id":"https:\/\/rosanacl.com\/producto\/sujetador-modelo-teresa\/#primaryimage"},"thumbnailUrl":"https:\/\/rosanacl.com\/wp-content\/uploads\/2025\/04\/Sujetador-modelo-Teresa-000001.png","datePublished":"2025-04-29T10:22:28+00:00","dateModified":"2026-01-08T02:42:43+00:00","breadcrumb":{"@id":"https:\/\/rosanacl.com\/producto\/sujetador-modelo-teresa\/#breadcrumb"},"inLanguage":"lv-LV","potentialAction":[{"@type":"ReadAction","target":["https:\/\/rosanacl.com\/producto\/sujetador-modelo-teresa\/"]}]},{"@type":"ImageObject","inLanguage":"lv-LV","@id":"https:\/\/rosanacl.com\/producto\/sujetador-modelo-teresa\/#primaryimage","url":"https:\/\/rosanacl.com\/wp-content\/uploads\/2025\/04\/Sujetador-modelo-Teresa-000001.png","contentUrl":"https:\/\/rosanacl.com\/wp-content\/uploads\/2025\/04\/Sujetador-modelo-Teresa-000001.png","width":1000,"height":1000},{"@type":"BreadcrumbList","@id":"https:\/\/rosanacl.com\/producto\/sujetador-modelo-teresa\/#breadcrumb","itemListElement":[{"@type":"ListItem","position":1,"name":"Portada","item":"https:\/\/rosanacl.com\/ca\/"},{"@type":"ListItem","position":2,"name":"Tienda","item":"https:\/\/rosanacl.com\/ca\/tienda\/"},{"@type":"ListItem","position":3,"name":"Sujetador Selene Teresa"}]},{"@type":"WebSite","@id":"https:\/\/rosanacl.com\/ca\/#website","url":"https:\/\/rosanacl.com\/ca\/","name":"Rosana CL","description":"M\u0113s esam j\u016bsu interjers","potentialAction":[{"@type":"SearchAction","target":{"@type":"EntryPoint","urlTemplate":"https:\/\/rosanacl.com\/ca\/?s={search_term_string}"},"query-input":{"@type":"PropertyValueSpecification","valueRequired":true,"valueName":"search_term_string"}}],"inLanguage":"lv-LV"}]}},"_links":{"self":[{"href":"https:\/\/rosanacl.com\/lv\/wp-json\/wp\/v2\/product\/211","targetHints":{"allow":["GET"]}}],"collection":[{"href":"https:\/\/rosanacl.com\/lv\/wp-json\/wp\/v2\/product"}],"about":[{"href":"https:\/\/rosanacl.com\/lv\/wp-json\/wp\/v2\/types\/product"}],"replies":[{"embeddable":true,"href":"https:\/\/rosanacl.com\/lv\/wp-json\/wp\/v2\/comments?post=211"}],"version-history":[{"count":5,"href":"https:\/\/rosanacl.com\/lv\/wp-json\/wp\/v2\/product\/211\/revisions"}],"predecessor-version":[{"id":4646,"href":"https:\/\/rosanacl.com\/lv\/wp-json\/wp\/v2\/product\/211\/revisions\/4646"}],"wp:featuredmedia":[{"embeddable":true,"href":"https:\/\/rosanacl.com\/lv\/wp-json\/wp\/v2\/media\/1472"}],"wp:attachment":[{"href":"https:\/\/rosanacl.com\/lv\/wp-json\/wp\/v2\/media?parent=211"}],"wp:term":[{"taxonomy":"product_brand","embeddable":true,"href":"https:\/\/rosanacl.com\/lv\/wp-json\/wp\/v2\/product_brand?post=211"},{"taxonomy":"product_cat","embeddable":true,"href":"https:\/\/rosanacl.com\/lv\/wp-json\/wp\/v2\/product_cat?post=211"},{"taxonomy":"product_tag","embeddable":true,"href":"https:\/\/rosanacl.com\/lv\/wp-json\/wp\/v2\/product_tag?post=211"}],"curies":[{"name":"wp","href":"https:\/\/api.w.org\/{rel}","templated":true}]}}