{"id":2112,"date":"2025-05-23T10:17:39","date_gmt":"2025-05-23T08:17:39","guid":{"rendered":"https:\/\/rosanacl.com\/?post_type=product&#038;p=2112"},"modified":"2026-01-07T18:50:14","modified_gmt":"2026-01-07T17:50:14","slug":"sujetador-selene-modelo-vilma","status":"publish","type":"product","link":"https:\/\/rosanacl.com\/lv\/products\/sujetador-selene-modelo-vilma\/","title":{"rendered":"Sel\u0113na Vilma Bra"},"content":{"rendered":"<p>Selene Vilma ir kr\u016b\u0161turis, kas gl\u0101bj dienu, kad v\u0113laties valk\u0101t bezlenc\u012b\u0161u kr\u016b\u0161turi, bet joproj\u0101m v\u0113laties b\u016bt p\u0101rliecin\u0101ti, ka viss paliek sav\u0101 viet\u0101. Tam ir st\u012bpi\u0146as apak\u0161\u0101 un polster\u0113tas kausi\u0146i, ar t\u012bru un elegantu dizainu, kas dabiski izce\u013c kr\u016btis, nepadarot t\u0101s kupl\u0101kas.<\/p>\n<p>Turkl\u0101t t\u0101 l\u0101zergriezt\u0101 apdare un tilla p\u0101rkl\u0101jumi ir paredz\u0113ti, lai nosegtu un vizu\u0101li samazin\u0101tu nel\u012bdzenumus s\u0101nos un padus\u0113s, atst\u0101jot daudz glud\u0101ku l\u012bniju zem ap\u0123\u0113rba. Lieliski piem\u0113rots kleit\u0101m bez lenc\u012bt\u0113m, topiem un piegu\u013co\u0161iem t\u0113liem.<\/p>\n<p>Deta\u013cas, kas jums patiks<\/p>\n<ul>\n<li>Bez lenc\u012bt\u0113m (bandone), ide\u0101li piem\u0113rotas ap\u0123\u0113rbiem ar dzi\u013cu izgriezumu un atkailin\u0101tiem pleciem.<\/li>\n<li>Apak\u0161st\u012bpi\u0146as + polster\u0113ta b\u013codi\u0146a: stingrs atbalsts un skaists dekolt\u0113.<\/li>\n<li>Tills krustojot: elegants efekts un liel\u0101ka kont\u016bras stabilit\u0101te.<\/li>\n<li>L\u0101zergrie\u0161ana: t\u012br\u0101ka, diskr\u0113t\u0101ka un \u0113rt\u0101ka apdare zem ap\u0123\u0113rba.<\/li>\n<li>Izl\u012bdziniet un ieveidojiet s\u0101nu un padu\u0161u zonu, lai ieg\u016btu vienm\u0113r\u012bg\u0101ku efektu.<\/li>\n<\/ul>\n<p>\ud83d\udde3\ufe0f Padoms: Vilma ir paredz\u0113ta t\u0101m dien\u0101m, kad j\u0101atkailina pleci, un v\u0113laties justies dro\u0161i, bet viegli: kont\u016bras apskauj, nenom\u0101cot saj\u016btu, ka kr\u016btis ir labi novietotas, un rada t\u012bru l\u012bniju, kas liek aizmirst, ka to valk\u0101jat.<\/p>\n<p>\ud83d\udccf Piez\u012bme: Lai pirms pirk\u0161anas izv\u0113l\u0113tos pareizo piegriezumu, vissvar\u012bg\u0101kais kr\u016b\u0161tur\u012b bez lenc\u012bt\u0113m ir lentes izm\u0113rs: tam ir cie\u0161i j\u0101piegu\u013c jau no pirm\u0101s regul\u0113\u0161anas reizes (bez iegrie\u0161anas) un tas nedr\u012bkst kust\u0113ties, pace\u013cot rokas vai noliecoties. Ja nevarat izv\u0113l\u0113ties starp diviem izm\u0113riem, izv\u0113lieties lentes izm\u0113ru, kas nodro\u0161ina visliel\u0101ko stabilit\u0101ti, jo tas nodro\u0161in\u0101s, ka kr\u016b\u0161turis notur\u0113sies sav\u0101 viet\u0101 un apdare visu dienu izskat\u012bsies elegant\u0101ka.<\/p>\n<p>Sast\u0101vs: 46% poliam\u012bds \u00b7 42% poliesters \u00b7 12% elast\u0101ns<\/p>\n<p>\ud83d\udc60 Elegance, kas ir paman\u0101ma \u017eest\u0101\u2026 un paliek skatien\u0101.<\/p>\n<div id=\"v1ms-outlook-mobile-body-separator-line\" dir=\"auto\"><\/div>\n<div id=\"v1ms-outlook-mobile-body-separator-line\" dir=\"auto\"><\/div>","protected":false},"excerpt":{"rendered":"<p>El Selene Vilma es ese sujetador que te salva el d\u00eda cuando quieres ir sin tirantes pero con la seguridad de que todo queda en su sitio. Lleva aros y copa con relleno, con un dise\u00f1o muy limpio y elegante que realza el pecho de forma natural, sin recargar. Adem\u00e1s, su acabado corte l\u00e1ser y [&hellip;]<\/p>\n","protected":false},"featured_media":2157,"comment_status":"open","ping_status":"closed","template":"","meta":{"content-type":""},"product_brand":[55],"product_cat":[82,20,99],"product_tag":[84,56],"class_list":{"0":"post-2112","1":"product","2":"type-product","3":"status-publish","4":"has-post-thumbnail","6":"product_brand-selene","7":"product_cat-sin-tirantes","8":"product_cat-sujetador","9":"product_cat-vilma","10":"product_tag-sin-tirantes","11":"product_tag-sujetador","13":"first","14":"instock","15":"taxable","16":"shipping-taxable","17":"purchasable","18":"product-type-variable"},"supplier_id":null,"supplier_sku":"","barcode":null,"atum_controlled":true,"out_stock_date":null,"out_stock_threshold":null,"inheritable":true,"inbound_stock":0,"stock_on_hold":0,"sold_today":0,"sales_last_days":0,"reserved_stock":0,"customer_returns":0,"warehouse_damage":0,"lost_in_post":0,"other_logs":0,"out_stock_days":0,"lost_sales":0,"has_location":false,"update_date":"2026-01-07T17:50:15","atum_locations":[],"atum_stock_status":"instock","restock_status":false,"low_stock_amount":"","sales_update_date":"2025-10-03T04:55:36","calc_backorders":null,"yoast_head":"<!-- This site is optimized with the Yoast SEO plugin v27.4 - https:\/\/yoast.com\/product\/yoast-seo-wordpress\/ -->\n<title>Sujetador Selene Vilma - Rosana CL<\/title>\n<meta name=\"robots\" content=\"index, follow, max-snippet:-1, max-image-preview:large, max-video-preview:-1\" \/>\n<link rel=\"canonical\" href=\"https:\/\/rosanacl.com\/lv\/products\/sujetador-selene-modelo-vilma\/\" \/>\n<meta property=\"og:locale\" content=\"lv_LV\" \/>\n<meta property=\"og:type\" content=\"article\" \/>\n<meta property=\"og:title\" content=\"Sujetador Selene Vilma - Rosana CL\" \/>\n<meta property=\"og:description\" content=\"El Selene Vilma es ese sujetador que te salva el d\u00eda cuando quieres ir sin tirantes pero con la seguridad de que todo queda en su sitio. Lleva aros y copa con relleno, con un dise\u00f1o muy limpio y elegante que realza el pecho de forma natural, sin recargar. Adem\u00e1s, su acabado corte l\u00e1ser y [&hellip;]\" \/>\n<meta property=\"og:url\" content=\"https:\/\/rosanacl.com\/lv\/products\/sujetador-selene-modelo-vilma\/\" \/>\n<meta property=\"og:site_name\" content=\"Rosana CL\" \/>\n<meta property=\"article:modified_time\" content=\"2026-01-07T17:50:14+00:00\" \/>\n<meta property=\"og:image\" content=\"https:\/\/rosanacl.com\/wp-content\/uploads\/2025\/05\/1-4.png\" \/>\n\t<meta property=\"og:image:width\" content=\"1100\" \/>\n\t<meta property=\"og:image:height\" content=\"1333\" \/>\n\t<meta property=\"og:image:type\" content=\"image\/png\" \/>\n<meta name=\"twitter:card\" content=\"summary_large_image\" \/>\n<meta name=\"twitter:label1\" content=\"Est. reading time\" \/>\n\t<meta name=\"twitter:data1\" content=\"2 min\u016btes\" \/>\n<script type=\"application\/ld+json\" class=\"yoast-schema-graph\">{\"@context\":\"https:\\\/\\\/schema.org\",\"@graph\":[{\"@type\":\"WebPage\",\"@id\":\"https:\\\/\\\/rosanacl.com\\\/producto\\\/sujetador-selene-modelo-vilma\\\/\",\"url\":\"https:\\\/\\\/rosanacl.com\\\/producto\\\/sujetador-selene-modelo-vilma\\\/\",\"name\":\"Sujetador Selene Vilma - Rosana CL\",\"isPartOf\":{\"@id\":\"https:\\\/\\\/rosanacl.com\\\/ca\\\/#website\"},\"primaryImageOfPage\":{\"@id\":\"https:\\\/\\\/rosanacl.com\\\/producto\\\/sujetador-selene-modelo-vilma\\\/#primaryimage\"},\"image\":{\"@id\":\"https:\\\/\\\/rosanacl.com\\\/producto\\\/sujetador-selene-modelo-vilma\\\/#primaryimage\"},\"thumbnailUrl\":\"https:\\\/\\\/rosanacl.com\\\/wp-content\\\/uploads\\\/2025\\\/05\\\/1-4.png\",\"datePublished\":\"2025-05-23T08:17:39+00:00\",\"dateModified\":\"2026-01-07T17:50:14+00:00\",\"breadcrumb\":{\"@id\":\"https:\\\/\\\/rosanacl.com\\\/producto\\\/sujetador-selene-modelo-vilma\\\/#breadcrumb\"},\"inLanguage\":\"lv-LV\",\"potentialAction\":[{\"@type\":\"ReadAction\",\"target\":[\"https:\\\/\\\/rosanacl.com\\\/producto\\\/sujetador-selene-modelo-vilma\\\/\"]}]},{\"@type\":\"ImageObject\",\"inLanguage\":\"lv-LV\",\"@id\":\"https:\\\/\\\/rosanacl.com\\\/producto\\\/sujetador-selene-modelo-vilma\\\/#primaryimage\",\"url\":\"https:\\\/\\\/rosanacl.com\\\/wp-content\\\/uploads\\\/2025\\\/05\\\/1-4.png\",\"contentUrl\":\"https:\\\/\\\/rosanacl.com\\\/wp-content\\\/uploads\\\/2025\\\/05\\\/1-4.png\",\"width\":1100,\"height\":1333},{\"@type\":\"BreadcrumbList\",\"@id\":\"https:\\\/\\\/rosanacl.com\\\/producto\\\/sujetador-selene-modelo-vilma\\\/#breadcrumb\",\"itemListElement\":[{\"@type\":\"ListItem\",\"position\":1,\"name\":\"Portada\",\"item\":\"https:\\\/\\\/rosanacl.com\\\/ca\\\/\"},{\"@type\":\"ListItem\",\"position\":2,\"name\":\"Tienda\",\"item\":\"https:\\\/\\\/rosanacl.com\\\/ca\\\/tienda\\\/\"},{\"@type\":\"ListItem\",\"position\":3,\"name\":\"Sujetador Selene Vilma\"}]},{\"@type\":\"WebSite\",\"@id\":\"https:\\\/\\\/rosanacl.com\\\/ca\\\/#website\",\"url\":\"https:\\\/\\\/rosanacl.com\\\/ca\\\/\",\"name\":\"Rosana CL\",\"description\":\"Somos tu interior\",\"potentialAction\":[{\"@type\":\"SearchAction\",\"target\":{\"@type\":\"EntryPoint\",\"urlTemplate\":\"https:\\\/\\\/rosanacl.com\\\/ca\\\/?s={search_term_string}\"},\"query-input\":{\"@type\":\"PropertyValueSpecification\",\"valueRequired\":true,\"valueName\":\"search_term_string\"}}],\"inLanguage\":\"lv-LV\"}]}<\/script>\n<!-- \/ Yoast SEO plugin. -->","yoast_head_json":{"title":"Sujetador Selene Vilma - Rosana CL","robots":{"index":"index","follow":"follow","max-snippet":"max-snippet:-1","max-image-preview":"max-image-preview:large","max-video-preview":"max-video-preview:-1"},"canonical":"https:\/\/rosanacl.com\/lv\/products\/sujetador-selene-modelo-vilma\/","og_locale":"lv_LV","og_type":"article","og_title":"Sujetador Selene Vilma - Rosana CL","og_description":"El Selene Vilma es ese sujetador que te salva el d\u00eda cuando quieres ir sin tirantes pero con la seguridad de que todo queda en su sitio. Lleva aros y copa con relleno, con un dise\u00f1o muy limpio y elegante que realza el pecho de forma natural, sin recargar. Adem\u00e1s, su acabado corte l\u00e1ser y [&hellip;]","og_url":"https:\/\/rosanacl.com\/lv\/products\/sujetador-selene-modelo-vilma\/","og_site_name":"Rosana CL","article_modified_time":"2026-01-07T17:50:14+00:00","og_image":[{"width":1100,"height":1333,"url":"https:\/\/rosanacl.com\/wp-content\/uploads\/2025\/05\/1-4.png","type":"image\/png"}],"twitter_card":"summary_large_image","twitter_misc":{"Est. reading time":"2 min\u016btes"},"schema":{"@context":"https:\/\/schema.org","@graph":[{"@type":"WebPage","@id":"https:\/\/rosanacl.com\/producto\/sujetador-selene-modelo-vilma\/","url":"https:\/\/rosanacl.com\/producto\/sujetador-selene-modelo-vilma\/","name":"Sujetador Selene Vilma - Rosana CL","isPartOf":{"@id":"https:\/\/rosanacl.com\/ca\/#website"},"primaryImageOfPage":{"@id":"https:\/\/rosanacl.com\/producto\/sujetador-selene-modelo-vilma\/#primaryimage"},"image":{"@id":"https:\/\/rosanacl.com\/producto\/sujetador-selene-modelo-vilma\/#primaryimage"},"thumbnailUrl":"https:\/\/rosanacl.com\/wp-content\/uploads\/2025\/05\/1-4.png","datePublished":"2025-05-23T08:17:39+00:00","dateModified":"2026-01-07T17:50:14+00:00","breadcrumb":{"@id":"https:\/\/rosanacl.com\/producto\/sujetador-selene-modelo-vilma\/#breadcrumb"},"inLanguage":"lv-LV","potentialAction":[{"@type":"ReadAction","target":["https:\/\/rosanacl.com\/producto\/sujetador-selene-modelo-vilma\/"]}]},{"@type":"ImageObject","inLanguage":"lv-LV","@id":"https:\/\/rosanacl.com\/producto\/sujetador-selene-modelo-vilma\/#primaryimage","url":"https:\/\/rosanacl.com\/wp-content\/uploads\/2025\/05\/1-4.png","contentUrl":"https:\/\/rosanacl.com\/wp-content\/uploads\/2025\/05\/1-4.png","width":1100,"height":1333},{"@type":"BreadcrumbList","@id":"https:\/\/rosanacl.com\/producto\/sujetador-selene-modelo-vilma\/#breadcrumb","itemListElement":[{"@type":"ListItem","position":1,"name":"Portada","item":"https:\/\/rosanacl.com\/ca\/"},{"@type":"ListItem","position":2,"name":"Tienda","item":"https:\/\/rosanacl.com\/ca\/tienda\/"},{"@type":"ListItem","position":3,"name":"Sujetador Selene Vilma"}]},{"@type":"WebSite","@id":"https:\/\/rosanacl.com\/ca\/#website","url":"https:\/\/rosanacl.com\/ca\/","name":"Rosana CL","description":"M\u0113s esam j\u016bsu interjers","potentialAction":[{"@type":"SearchAction","target":{"@type":"EntryPoint","urlTemplate":"https:\/\/rosanacl.com\/ca\/?s={search_term_string}"},"query-input":{"@type":"PropertyValueSpecification","valueRequired":true,"valueName":"search_term_string"}}],"inLanguage":"lv-LV"}]}},"_links":{"self":[{"href":"https:\/\/rosanacl.com\/lv\/wp-json\/wp\/v2\/product\/2112","targetHints":{"allow":["GET"]}}],"collection":[{"href":"https:\/\/rosanacl.com\/lv\/wp-json\/wp\/v2\/product"}],"about":[{"href":"https:\/\/rosanacl.com\/lv\/wp-json\/wp\/v2\/types\/product"}],"replies":[{"embeddable":true,"href":"https:\/\/rosanacl.com\/lv\/wp-json\/wp\/v2\/comments?post=2112"}],"version-history":[{"count":5,"href":"https:\/\/rosanacl.com\/lv\/wp-json\/wp\/v2\/product\/2112\/revisions"}],"predecessor-version":[{"id":4597,"href":"https:\/\/rosanacl.com\/lv\/wp-json\/wp\/v2\/product\/2112\/revisions\/4597"}],"wp:featuredmedia":[{"embeddable":true,"href":"https:\/\/rosanacl.com\/lv\/wp-json\/wp\/v2\/media\/2157"}],"wp:attachment":[{"href":"https:\/\/rosanacl.com\/lv\/wp-json\/wp\/v2\/media?parent=2112"}],"wp:term":[{"taxonomy":"product_brand","embeddable":true,"href":"https:\/\/rosanacl.com\/lv\/wp-json\/wp\/v2\/product_brand?post=2112"},{"taxonomy":"product_cat","embeddable":true,"href":"https:\/\/rosanacl.com\/lv\/wp-json\/wp\/v2\/product_cat?post=2112"},{"taxonomy":"product_tag","embeddable":true,"href":"https:\/\/rosanacl.com\/lv\/wp-json\/wp\/v2\/product_tag?post=2112"}],"curies":[{"name":"wp","href":"https:\/\/api.w.org\/{rel}","templated":true}]}}