{"id":3327,"date":"2025-08-19T08:39:42","date_gmt":"2025-08-19T06:39:42","guid":{"rendered":"https:\/\/rosanacl.com\/?post_type=product&#038;p=3327"},"modified":"2026-01-07T18:30:47","modified_gmt":"2026-01-07T17:30:47","slug":"sujetador-modelo-noah","status":"publish","type":"product","link":"https:\/\/rosanacl.com\/lv\/products\/sujetador-modelo-noah\/","title":{"rendered":"Sel\u0113na Noa Bra"},"content":{"rendered":"<p>Noah kr\u016b\u0161turis ir tas &quot;apzin\u0101tais&quot; pamatelements, kas pace\u013c j\u016bsu t\u0113rpu uz jaunu izskatu: st\u012bpi\u0146as + push-up b\u013codi\u0146a, \u017eakarda apdare un me\u017e\u0123\u012b\u0146u deta\u013cas, kas pie\u0161\u0137ir tam jaunekl\u012bgu, elegantu un \u013coti daudzpus\u012bgu piesk\u0101rienu.<\/p>\n<p>Rad\u012bts, lai izceltu kr\u016btis ar skaistu un dabisku formu, tas pied\u0101v\u0101 \u0113rtu atbalstu un piegulumu, kas ir labs gan ikdienas valk\u0101\u0161anai, gan tad, kad v\u0113laties izskat\u012bties lieliski bez piep\u016bles.<\/p>\n<p>Deta\u013cas, kas liek iem\u012bl\u0113ties<\/p>\n<ul>\n<li>Zem st\u012bpi\u0146\u0101m + push-up b\u013codi\u0146a: neuzkr\u012bto\u0161s akcents un skaist\u0101ka dekolt\u0113, ar labu atbalstu.<\/li>\n<li>\u017dakarda audums ar me\u017e\u0123\u012bn\u0113m: eleganta tekst\u016bra un augst\u0101k\u0101s kvalit\u0101tes apdare.<\/li>\n<li>Mugurpus\u0113 me\u017e\u0123\u012b\u0146u deta\u013cas: sievi\u0161\u0137\u012bgs un moderns piesk\u0101riens.<\/li>\n<li>Lielisks komplekts: kombin\u0113jiet to ar Selene 3124 bikini biks\u012bt\u0113m vai Selene 3125 stringiem, lai to valk\u0101tu piln\u012bb\u0101.<\/li>\n<\/ul>\n<p>\ud83d\udde3\ufe0f Padoms: Noah ir kr\u016b\u0161turis, kas pie\u0161\u0137ir &quot;perfektu&quot; dekolt\u0113, neupur\u0113jot komfortu: push-up izce\u013c jaunekl\u012bgu piesk\u0101rienu, un \u017eakarda audums piesk\u0101rienam \u0161\u0137iet elegant\u0101ks, t\u0101p\u0113c viss t\u0113rps izskat\u0101s skaisti jau no br\u012b\u017ea, kad to uzvelc.<\/p>\n<p>\ud83d\udccf Piez\u012bme: Pirms pirk\u0161anas p\u0101rbaudiet kr\u016b\u0161tura izm\u0113ru: t\u0101 k\u0101 tas ir push-up kr\u016b\u0161turis, ja atrodaties starp diviem izm\u0113riem vai jums nepat\u012bk papildu polster\u0113juma saj\u016bta, izv\u0113lieties \u0113rt\u0101ko variantu (par vienu izm\u0113ru maz\u0101ku kr\u016b\u0161tura izm\u0113ru), lai ieg\u016btu dabisku izskatu. Lentei vienm\u0113r cie\u0161i j\u0101piegu\u013c (nevis j\u0101pace\u013cas), lai nodro\u0161in\u0101tu pien\u0101c\u012bgu atbalstu.<\/p>\n<p>Sast\u0101vs: 76% poliam\u012bds, 13% elast\u0101ns, 11% kokvilna.<\/p>\n<p>\ud83d\udc8e Kr\u016b\u0161turis, kas pie\u0161\u0137ir &quot;WOW&quot; efektu tur, kur tas ir visvair\u0101k paman\u0101ms: dekolt\u0113.<\/p>\n<p>&nbsp;<\/p>\n<div id=\"v1ms-outlook-mobile-body-separator-line\" dir=\"auto\"><\/div>","protected":false},"excerpt":{"rendered":"<div style=\"position: relative; padding-bottom: 56.25%; height: 0; overflow: hidden; max-width: 100%;\"><iframe style=\"position: absolute; top: 0; left: 0; width: 100%; height: 100%;\" src=\"https:\/\/www.youtube.com\/embed\/glE84AF5iGo?autoplay=1&amp;mute=1&amp;playsinline=1&amp;rel=0&amp;controls=1&amp;loop=1&amp;playlist=glE84AF5iGo\" frameborder=\"0\" allowfullscreen=\"allowfullscreen\"><br \/>\n<\/iframe><\/div>","protected":false},"featured_media":3348,"comment_status":"closed","ping_status":"closed","template":"","meta":{"content-type":""},"product_brand":[55],"product_cat":[26,20],"product_tag":[56,61],"class_list":{"0":"post-3327","1":"product","2":"type-product","3":"status-publish","4":"has-post-thumbnail","6":"product_brand-selene","7":"product_cat-con-aros-y-relleno","8":"product_cat-sujetador","9":"product_tag-sujetador","10":"product_tag-sujetador-con-aros-y-relleno","12":"first","13":"instock","14":"taxable","15":"shipping-taxable","16":"purchasable","17":"product-type-variable"},"supplier_id":null,"supplier_sku":"","barcode":null,"atum_controlled":true,"out_stock_date":null,"out_stock_threshold":null,"inheritable":true,"inbound_stock":0,"stock_on_hold":0,"sold_today":0,"sales_last_days":0,"reserved_stock":0,"customer_returns":0,"warehouse_damage":0,"lost_in_post":0,"other_logs":0,"out_stock_days":null,"lost_sales":0,"has_location":false,"update_date":"2026-01-07T17:30:48","atum_locations":[],"atum_stock_status":"instock","restock_status":false,"low_stock_amount":"","sales_update_date":"2025-10-03T04:55:35","calc_backorders":null,"yoast_head":"<!-- This site is optimized with the Yoast SEO plugin v27.4 - https:\/\/yoast.com\/product\/yoast-seo-wordpress\/ -->\n<title>Sujetador Selene Noah - Rosana CL<\/title>\n<meta name=\"robots\" content=\"index, follow, max-snippet:-1, max-image-preview:large, max-video-preview:-1\" \/>\n<link rel=\"canonical\" href=\"https:\/\/rosanacl.com\/lv\/products\/sujetador-modelo-noah\/\" \/>\n<meta property=\"og:locale\" content=\"lv_LV\" \/>\n<meta property=\"og:type\" content=\"article\" \/>\n<meta property=\"og:title\" content=\"Sujetador Selene Noah - Rosana CL\" \/>\n<meta property=\"og:url\" content=\"https:\/\/rosanacl.com\/lv\/products\/sujetador-modelo-noah\/\" \/>\n<meta property=\"og:site_name\" content=\"Rosana CL\" \/>\n<meta property=\"article:modified_time\" content=\"2026-01-07T17:30:47+00:00\" \/>\n<meta property=\"og:image\" content=\"https:\/\/rosanacl.com\/wp-content\/uploads\/2025\/08\/1-2-e1756816366207-777x1024.png\" \/>\n\t<meta property=\"og:image:width\" content=\"777\" \/>\n\t<meta property=\"og:image:height\" content=\"1024\" \/>\n\t<meta property=\"og:image:type\" content=\"image\/png\" \/>\n<meta name=\"twitter:card\" content=\"summary_large_image\" \/>\n<meta name=\"twitter:label1\" content=\"Est. reading time\" \/>\n\t<meta name=\"twitter:data1\" content=\"2 min\u016btes\" \/>\n<script type=\"application\/ld+json\" class=\"yoast-schema-graph\">{\"@context\":\"https:\\\/\\\/schema.org\",\"@graph\":[{\"@type\":\"WebPage\",\"@id\":\"https:\\\/\\\/rosanacl.com\\\/producto\\\/sujetador-modelo-noah\\\/\",\"url\":\"https:\\\/\\\/rosanacl.com\\\/producto\\\/sujetador-modelo-noah\\\/\",\"name\":\"Sujetador Selene Noah - Rosana CL\",\"isPartOf\":{\"@id\":\"https:\\\/\\\/rosanacl.com\\\/ca\\\/#website\"},\"primaryImageOfPage\":{\"@id\":\"https:\\\/\\\/rosanacl.com\\\/producto\\\/sujetador-modelo-noah\\\/#primaryimage\"},\"image\":{\"@id\":\"https:\\\/\\\/rosanacl.com\\\/producto\\\/sujetador-modelo-noah\\\/#primaryimage\"},\"thumbnailUrl\":\"https:\\\/\\\/rosanacl.com\\\/wp-content\\\/uploads\\\/2025\\\/08\\\/1-2-e1756816366207.png\",\"datePublished\":\"2025-08-19T06:39:42+00:00\",\"dateModified\":\"2026-01-07T17:30:47+00:00\",\"breadcrumb\":{\"@id\":\"https:\\\/\\\/rosanacl.com\\\/producto\\\/sujetador-modelo-noah\\\/#breadcrumb\"},\"inLanguage\":\"lv-LV\",\"potentialAction\":[{\"@type\":\"ReadAction\",\"target\":[\"https:\\\/\\\/rosanacl.com\\\/producto\\\/sujetador-modelo-noah\\\/\"]}]},{\"@type\":\"ImageObject\",\"inLanguage\":\"lv-LV\",\"@id\":\"https:\\\/\\\/rosanacl.com\\\/producto\\\/sujetador-modelo-noah\\\/#primaryimage\",\"url\":\"https:\\\/\\\/rosanacl.com\\\/wp-content\\\/uploads\\\/2025\\\/08\\\/1-2-e1756816366207.png\",\"contentUrl\":\"https:\\\/\\\/rosanacl.com\\\/wp-content\\\/uploads\\\/2025\\\/08\\\/1-2-e1756816366207.png\",\"width\":873,\"height\":1150},{\"@type\":\"BreadcrumbList\",\"@id\":\"https:\\\/\\\/rosanacl.com\\\/producto\\\/sujetador-modelo-noah\\\/#breadcrumb\",\"itemListElement\":[{\"@type\":\"ListItem\",\"position\":1,\"name\":\"Portada\",\"item\":\"https:\\\/\\\/rosanacl.com\\\/ca\\\/\"},{\"@type\":\"ListItem\",\"position\":2,\"name\":\"Tienda\",\"item\":\"https:\\\/\\\/rosanacl.com\\\/ca\\\/tienda\\\/\"},{\"@type\":\"ListItem\",\"position\":3,\"name\":\"Sujetador Selene Noah\"}]},{\"@type\":\"WebSite\",\"@id\":\"https:\\\/\\\/rosanacl.com\\\/ca\\\/#website\",\"url\":\"https:\\\/\\\/rosanacl.com\\\/ca\\\/\",\"name\":\"Rosana CL\",\"description\":\"Somos tu interior\",\"potentialAction\":[{\"@type\":\"SearchAction\",\"target\":{\"@type\":\"EntryPoint\",\"urlTemplate\":\"https:\\\/\\\/rosanacl.com\\\/ca\\\/?s={search_term_string}\"},\"query-input\":{\"@type\":\"PropertyValueSpecification\",\"valueRequired\":true,\"valueName\":\"search_term_string\"}}],\"inLanguage\":\"lv-LV\"}]}<\/script>\n<!-- \/ Yoast SEO plugin. -->","yoast_head_json":{"title":"Sujetador Selene Noah - Rosana CL","robots":{"index":"index","follow":"follow","max-snippet":"max-snippet:-1","max-image-preview":"max-image-preview:large","max-video-preview":"max-video-preview:-1"},"canonical":"https:\/\/rosanacl.com\/lv\/products\/sujetador-modelo-noah\/","og_locale":"lv_LV","og_type":"article","og_title":"Sujetador Selene Noah - Rosana CL","og_url":"https:\/\/rosanacl.com\/lv\/products\/sujetador-modelo-noah\/","og_site_name":"Rosana CL","article_modified_time":"2026-01-07T17:30:47+00:00","og_image":[{"width":777,"height":1024,"url":"https:\/\/rosanacl.com\/wp-content\/uploads\/2025\/08\/1-2-e1756816366207-777x1024.png","type":"image\/png"}],"twitter_card":"summary_large_image","twitter_misc":{"Est. reading time":"2 min\u016btes"},"schema":{"@context":"https:\/\/schema.org","@graph":[{"@type":"WebPage","@id":"https:\/\/rosanacl.com\/producto\/sujetador-modelo-noah\/","url":"https:\/\/rosanacl.com\/producto\/sujetador-modelo-noah\/","name":"Sujetador Selene Noah - Rosana CL","isPartOf":{"@id":"https:\/\/rosanacl.com\/ca\/#website"},"primaryImageOfPage":{"@id":"https:\/\/rosanacl.com\/producto\/sujetador-modelo-noah\/#primaryimage"},"image":{"@id":"https:\/\/rosanacl.com\/producto\/sujetador-modelo-noah\/#primaryimage"},"thumbnailUrl":"https:\/\/rosanacl.com\/wp-content\/uploads\/2025\/08\/1-2-e1756816366207.png","datePublished":"2025-08-19T06:39:42+00:00","dateModified":"2026-01-07T17:30:47+00:00","breadcrumb":{"@id":"https:\/\/rosanacl.com\/producto\/sujetador-modelo-noah\/#breadcrumb"},"inLanguage":"lv-LV","potentialAction":[{"@type":"ReadAction","target":["https:\/\/rosanacl.com\/producto\/sujetador-modelo-noah\/"]}]},{"@type":"ImageObject","inLanguage":"lv-LV","@id":"https:\/\/rosanacl.com\/producto\/sujetador-modelo-noah\/#primaryimage","url":"https:\/\/rosanacl.com\/wp-content\/uploads\/2025\/08\/1-2-e1756816366207.png","contentUrl":"https:\/\/rosanacl.com\/wp-content\/uploads\/2025\/08\/1-2-e1756816366207.png","width":873,"height":1150},{"@type":"BreadcrumbList","@id":"https:\/\/rosanacl.com\/producto\/sujetador-modelo-noah\/#breadcrumb","itemListElement":[{"@type":"ListItem","position":1,"name":"Portada","item":"https:\/\/rosanacl.com\/ca\/"},{"@type":"ListItem","position":2,"name":"Tienda","item":"https:\/\/rosanacl.com\/ca\/tienda\/"},{"@type":"ListItem","position":3,"name":"Sujetador Selene Noah"}]},{"@type":"WebSite","@id":"https:\/\/rosanacl.com\/ca\/#website","url":"https:\/\/rosanacl.com\/ca\/","name":"Rosana CL","description":"M\u0113s esam j\u016bsu interjers","potentialAction":[{"@type":"SearchAction","target":{"@type":"EntryPoint","urlTemplate":"https:\/\/rosanacl.com\/ca\/?s={search_term_string}"},"query-input":{"@type":"PropertyValueSpecification","valueRequired":true,"valueName":"search_term_string"}}],"inLanguage":"lv-LV"}]}},"_links":{"self":[{"href":"https:\/\/rosanacl.com\/lv\/wp-json\/wp\/v2\/product\/3327","targetHints":{"allow":["GET"]}}],"collection":[{"href":"https:\/\/rosanacl.com\/lv\/wp-json\/wp\/v2\/product"}],"about":[{"href":"https:\/\/rosanacl.com\/lv\/wp-json\/wp\/v2\/types\/product"}],"replies":[{"embeddable":true,"href":"https:\/\/rosanacl.com\/lv\/wp-json\/wp\/v2\/comments?post=3327"}],"version-history":[{"count":5,"href":"https:\/\/rosanacl.com\/lv\/wp-json\/wp\/v2\/product\/3327\/revisions"}],"predecessor-version":[{"id":4594,"href":"https:\/\/rosanacl.com\/lv\/wp-json\/wp\/v2\/product\/3327\/revisions\/4594"}],"wp:featuredmedia":[{"embeddable":true,"href":"https:\/\/rosanacl.com\/lv\/wp-json\/wp\/v2\/media\/3348"}],"wp:attachment":[{"href":"https:\/\/rosanacl.com\/lv\/wp-json\/wp\/v2\/media?parent=3327"}],"wp:term":[{"taxonomy":"product_brand","embeddable":true,"href":"https:\/\/rosanacl.com\/lv\/wp-json\/wp\/v2\/product_brand?post=3327"},{"taxonomy":"product_cat","embeddable":true,"href":"https:\/\/rosanacl.com\/lv\/wp-json\/wp\/v2\/product_cat?post=3327"},{"taxonomy":"product_tag","embeddable":true,"href":"https:\/\/rosanacl.com\/lv\/wp-json\/wp\/v2\/product_tag?post=3327"}],"curies":[{"name":"wp","href":"https:\/\/api.w.org\/{rel}","templated":true}]}}