{"id":3410,"date":"2025-08-19T09:05:06","date_gmt":"2025-08-19T07:05:06","guid":{"rendered":"https:\/\/rosanacl.com\/?post_type=product&#038;p=3410"},"modified":"2026-01-08T03:12:21","modified_gmt":"2026-01-08T02:12:21","slug":"body-selene-agata","status":"publish","type":"product","link":"https:\/\/rosanacl.com\/lv\/products\/body-selene-agata\/","title":{"rendered":"\u0136ermenis Sel\u0113na Agata"},"content":{"rendered":"<p>Bodijs Selene \u00c1gata ir mikro\u0161\u0137iedras kontrol\u0113jo\u0161s bodijs, kas paredz\u0113ts fig\u016bras stiliz\u0113\u0161anai ar elegantu un \u013coti glaimojo\u0161u apdari.<\/p>\n<p>T\u0101s tilla kakla izgriezums pie\u0161\u0137ir sievi\u0161\u0137\u012bgu un izsmalcin\u0101tu piesk\u0101rienu, savuk\u0101rt centr\u0101lais pastiprin\u0101jums v\u0113dera zon\u0101 pal\u012bdz vizu\u0101li samazin\u0101t un rad\u012bt slaid\u0101ku siluetu.<\/p>\n<p>Izstr\u0101d\u0101ts bez st\u012bpi\u0146\u0101m, lai justos atbalst\u012bts un dro\u0161s, neupur\u0113jot komfortu. Mikro\u0161\u0137iedra piel\u0101gojas \u0137ermenim k\u0101 otra \u0101da, maigi izl\u012bdzinot un atbalstot to stund\u0101m ilgi, neatkar\u012bgi no t\u0101, vai valk\u0101jat to ikdien\u0101 vai tad, kad v\u0113laties izskat\u012bties vislab\u0101k.<\/p>\n<p>Deta\u013cas, kas rada at\u0161\u0137ir\u012bbu<\/p>\n<ul>\n<li>Control bodijs: glud\u0101ka v\u0113dera efekts un izteikt\u0101ka silueta ieloce.<\/li>\n<li>Tills kakla izgriezums: elegants un sievi\u0161\u0137\u012bgs piesk\u0101riens, ta\u010du nep\u0101rsp\u012bl\u0113ts.<\/li>\n<li>Bezvadu: piln\u012bgs komforts ar dabisku atbalstu.<\/li>\n<li>M\u012bksta mikro\u0161\u0137iedra: piel\u0101gojas \u0137ermenim, neradot st\u012bvuma saj\u016btu.<\/li>\n<li>Diskr\u0113ta apdare: ide\u0101li piem\u0113rota zem piegu\u013co\u0161a ap\u0123\u0113rba, lai ieg\u016btu t\u012br\u0101ku izskatu.<\/li>\n<\/ul>\n<p>\ud83d\udde3\ufe0f Padoms: \u00c1gata vislab\u0101k\u0101 \u012bpa\u0161\u012bba ir t\u0101 &quot;maig\u0101 kontrole&quot;, kas rada elegantu saj\u016btu: mikro\u0161\u0137iedra piegu\u013c k\u0101 otra \u0101da, izl\u012bdzin\u0101s, nesaciet\u0113jot, un pie\u0161\u0137ir izteikt\u0101ku siluetu, kas ir ide\u0101li piem\u0113rots valk\u0101\u0161anai daudzas stundas bez apjukuma saj\u016btas.<\/p>\n<p>\ud83d\udccf Piez\u012bme: Pirms pirk\u0161anas padom\u0101jiet par to, k\u0101 v\u0113laties, lai krekls justos: ja v\u0113laties, lai tas lab\u0101k form\u0113tu un labi piegul\u0113tu v\u0113deram, izv\u0113lieties savu ierasto izm\u0113ru; ja esat starp diviem izm\u0113riem vai dodat priek\u0161roku viegl\u0101kam un diskr\u0113t\u0101kam izskatam (maz\u0101kai kompresijai), izv\u0113lieties vienu izm\u0113ru liel\u0101ku, lai ieg\u016btu liel\u0101ku komfortu.<\/p>\n<p>Sast\u0101vs: elast\u012bga mikro\u0161\u0137iedra (82% poliam\u012bds, 18% elast\u0101ns). Int\u012bm\u0101 zona pastiprin\u0101ta ar kokvilnu liel\u0101kam komfortam un higi\u0113nai.<\/p>\n<p>\ud83e\udeb6 Viegls no \u0101rpuses, sp\u0113c\u012bgs no iek\u0161puses: tavs siluets ir redzams.<\/p>\n<div id=\"v1ms-outlook-mobile-body-separator-line\" dir=\"auto\"><\/div>\n<p>&nbsp;<\/p>","protected":false},"excerpt":{"rendered":"<p>Body Selene \u00c1gata es un body de control de microfibra pensado para estilizar la figura con un acabado elegante y muy favorecedor. Su escote de tul aporta ese toque femenino y sofisticado, mientras que el refuerzo central en la zona del vientre ayuda a reducir visualmente y a marcar una silueta m\u00e1s esbelta. Dise\u00f1ado sin [&hellip;]<\/p>\n","protected":false},"featured_media":3421,"comment_status":"closed","ping_status":"closed","template":"","meta":{"content-type":""},"product_brand":[55],"product_cat":[18],"product_tag":[66],"class_list":{"0":"post-3410","1":"product","2":"type-product","3":"status-publish","4":"has-post-thumbnail","6":"product_brand-selene","7":"product_cat-body","8":"product_tag-body","10":"first","11":"instock","12":"taxable","13":"shipping-taxable","14":"purchasable","15":"product-type-variable"},"supplier_id":null,"supplier_sku":"","barcode":null,"atum_controlled":true,"out_stock_date":null,"out_stock_threshold":null,"inheritable":true,"inbound_stock":0,"stock_on_hold":0,"sold_today":null,"sales_last_days":null,"reserved_stock":0,"customer_returns":0,"warehouse_damage":0,"lost_in_post":0,"other_logs":0,"out_stock_days":null,"lost_sales":null,"has_location":false,"update_date":"2026-01-08T02:12:22","atum_locations":[],"atum_stock_status":"instock","restock_status":false,"low_stock_amount":"","sales_update_date":"2025-10-03T04:55:33","calc_backorders":null,"yoast_head":"<!-- This site is optimized with the Yoast SEO plugin v27.4 - https:\/\/yoast.com\/product\/yoast-seo-wordpress\/ -->\n<title>Body Selene Agata - Rosana CL<\/title>\n<meta name=\"robots\" content=\"index, follow, max-snippet:-1, max-image-preview:large, max-video-preview:-1\" \/>\n<link rel=\"canonical\" href=\"https:\/\/rosanacl.com\/lv\/products\/body-selene-agata\/\" \/>\n<meta property=\"og:locale\" content=\"lv_LV\" \/>\n<meta property=\"og:type\" content=\"article\" \/>\n<meta property=\"og:title\" content=\"Body Selene Agata - Rosana CL\" \/>\n<meta property=\"og:description\" content=\"Body Selene \u00c1gata es un body de control de microfibra pensado para estilizar la figura con un acabado elegante y muy favorecedor. Su escote de tul aporta ese toque femenino y sofisticado, mientras que el refuerzo central en la zona del vientre ayuda a reducir visualmente y a marcar una silueta m\u00e1s esbelta. Dise\u00f1ado sin [&hellip;]\" \/>\n<meta property=\"og:url\" content=\"https:\/\/rosanacl.com\/lv\/products\/body-selene-agata\/\" \/>\n<meta property=\"og:site_name\" content=\"Rosana CL\" \/>\n<meta property=\"article:modified_time\" content=\"2026-01-08T02:12:21+00:00\" \/>\n<meta property=\"og:image\" content=\"https:\/\/rosanacl.com\/wp-content\/uploads\/2025\/08\/1-5.png\" \/>\n\t<meta property=\"og:image:width\" content=\"873\" \/>\n\t<meta property=\"og:image:height\" content=\"1138\" \/>\n\t<meta property=\"og:image:type\" content=\"image\/png\" \/>\n<meta name=\"twitter:card\" content=\"summary_large_image\" \/>\n<meta name=\"twitter:label1\" content=\"Est. reading time\" \/>\n\t<meta name=\"twitter:data1\" content=\"2 min\u016btes\" \/>\n<script type=\"application\/ld+json\" class=\"yoast-schema-graph\">{\"@context\":\"https:\\\/\\\/schema.org\",\"@graph\":[{\"@type\":\"WebPage\",\"@id\":\"https:\\\/\\\/rosanacl.com\\\/producto\\\/body-selene-agata\\\/\",\"url\":\"https:\\\/\\\/rosanacl.com\\\/producto\\\/body-selene-agata\\\/\",\"name\":\"Body Selene Agata - Rosana CL\",\"isPartOf\":{\"@id\":\"https:\\\/\\\/rosanacl.com\\\/ca\\\/#website\"},\"primaryImageOfPage\":{\"@id\":\"https:\\\/\\\/rosanacl.com\\\/producto\\\/body-selene-agata\\\/#primaryimage\"},\"image\":{\"@id\":\"https:\\\/\\\/rosanacl.com\\\/producto\\\/body-selene-agata\\\/#primaryimage\"},\"thumbnailUrl\":\"https:\\\/\\\/rosanacl.com\\\/wp-content\\\/uploads\\\/2025\\\/08\\\/1-5.png\",\"datePublished\":\"2025-08-19T07:05:06+00:00\",\"dateModified\":\"2026-01-08T02:12:21+00:00\",\"breadcrumb\":{\"@id\":\"https:\\\/\\\/rosanacl.com\\\/producto\\\/body-selene-agata\\\/#breadcrumb\"},\"inLanguage\":\"lv-LV\",\"potentialAction\":[{\"@type\":\"ReadAction\",\"target\":[\"https:\\\/\\\/rosanacl.com\\\/producto\\\/body-selene-agata\\\/\"]}]},{\"@type\":\"ImageObject\",\"inLanguage\":\"lv-LV\",\"@id\":\"https:\\\/\\\/rosanacl.com\\\/producto\\\/body-selene-agata\\\/#primaryimage\",\"url\":\"https:\\\/\\\/rosanacl.com\\\/wp-content\\\/uploads\\\/2025\\\/08\\\/1-5.png\",\"contentUrl\":\"https:\\\/\\\/rosanacl.com\\\/wp-content\\\/uploads\\\/2025\\\/08\\\/1-5.png\",\"width\":873,\"height\":1138},{\"@type\":\"BreadcrumbList\",\"@id\":\"https:\\\/\\\/rosanacl.com\\\/producto\\\/body-selene-agata\\\/#breadcrumb\",\"itemListElement\":[{\"@type\":\"ListItem\",\"position\":1,\"name\":\"Portada\",\"item\":\"https:\\\/\\\/rosanacl.com\\\/ca\\\/\"},{\"@type\":\"ListItem\",\"position\":2,\"name\":\"Tienda\",\"item\":\"https:\\\/\\\/rosanacl.com\\\/ca\\\/tienda\\\/\"},{\"@type\":\"ListItem\",\"position\":3,\"name\":\"Body Selene Agata\"}]},{\"@type\":\"WebSite\",\"@id\":\"https:\\\/\\\/rosanacl.com\\\/ca\\\/#website\",\"url\":\"https:\\\/\\\/rosanacl.com\\\/ca\\\/\",\"name\":\"Rosana CL\",\"description\":\"Somos tu interior\",\"potentialAction\":[{\"@type\":\"SearchAction\",\"target\":{\"@type\":\"EntryPoint\",\"urlTemplate\":\"https:\\\/\\\/rosanacl.com\\\/ca\\\/?s={search_term_string}\"},\"query-input\":{\"@type\":\"PropertyValueSpecification\",\"valueRequired\":true,\"valueName\":\"search_term_string\"}}],\"inLanguage\":\"lv-LV\"}]}<\/script>\n<!-- \/ Yoast SEO plugin. -->","yoast_head_json":{"title":"Body Selene Agata - Rosana CL","robots":{"index":"index","follow":"follow","max-snippet":"max-snippet:-1","max-image-preview":"max-image-preview:large","max-video-preview":"max-video-preview:-1"},"canonical":"https:\/\/rosanacl.com\/lv\/products\/body-selene-agata\/","og_locale":"lv_LV","og_type":"article","og_title":"Body Selene Agata - Rosana CL","og_description":"Body Selene \u00c1gata es un body de control de microfibra pensado para estilizar la figura con un acabado elegante y muy favorecedor. Su escote de tul aporta ese toque femenino y sofisticado, mientras que el refuerzo central en la zona del vientre ayuda a reducir visualmente y a marcar una silueta m\u00e1s esbelta. Dise\u00f1ado sin [&hellip;]","og_url":"https:\/\/rosanacl.com\/lv\/products\/body-selene-agata\/","og_site_name":"Rosana CL","article_modified_time":"2026-01-08T02:12:21+00:00","og_image":[{"width":873,"height":1138,"url":"https:\/\/rosanacl.com\/wp-content\/uploads\/2025\/08\/1-5.png","type":"image\/png"}],"twitter_card":"summary_large_image","twitter_misc":{"Est. reading time":"2 min\u016btes"},"schema":{"@context":"https:\/\/schema.org","@graph":[{"@type":"WebPage","@id":"https:\/\/rosanacl.com\/producto\/body-selene-agata\/","url":"https:\/\/rosanacl.com\/producto\/body-selene-agata\/","name":"Body Selene Agata - Rosana CL","isPartOf":{"@id":"https:\/\/rosanacl.com\/ca\/#website"},"primaryImageOfPage":{"@id":"https:\/\/rosanacl.com\/producto\/body-selene-agata\/#primaryimage"},"image":{"@id":"https:\/\/rosanacl.com\/producto\/body-selene-agata\/#primaryimage"},"thumbnailUrl":"https:\/\/rosanacl.com\/wp-content\/uploads\/2025\/08\/1-5.png","datePublished":"2025-08-19T07:05:06+00:00","dateModified":"2026-01-08T02:12:21+00:00","breadcrumb":{"@id":"https:\/\/rosanacl.com\/producto\/body-selene-agata\/#breadcrumb"},"inLanguage":"lv-LV","potentialAction":[{"@type":"ReadAction","target":["https:\/\/rosanacl.com\/producto\/body-selene-agata\/"]}]},{"@type":"ImageObject","inLanguage":"lv-LV","@id":"https:\/\/rosanacl.com\/producto\/body-selene-agata\/#primaryimage","url":"https:\/\/rosanacl.com\/wp-content\/uploads\/2025\/08\/1-5.png","contentUrl":"https:\/\/rosanacl.com\/wp-content\/uploads\/2025\/08\/1-5.png","width":873,"height":1138},{"@type":"BreadcrumbList","@id":"https:\/\/rosanacl.com\/producto\/body-selene-agata\/#breadcrumb","itemListElement":[{"@type":"ListItem","position":1,"name":"Portada","item":"https:\/\/rosanacl.com\/ca\/"},{"@type":"ListItem","position":2,"name":"Tienda","item":"https:\/\/rosanacl.com\/ca\/tienda\/"},{"@type":"ListItem","position":3,"name":"Body Selene Agata"}]},{"@type":"WebSite","@id":"https:\/\/rosanacl.com\/ca\/#website","url":"https:\/\/rosanacl.com\/ca\/","name":"Rosana CL","description":"M\u0113s esam j\u016bsu interjers","potentialAction":[{"@type":"SearchAction","target":{"@type":"EntryPoint","urlTemplate":"https:\/\/rosanacl.com\/ca\/?s={search_term_string}"},"query-input":{"@type":"PropertyValueSpecification","valueRequired":true,"valueName":"search_term_string"}}],"inLanguage":"lv-LV"}]}},"_links":{"self":[{"href":"https:\/\/rosanacl.com\/lv\/wp-json\/wp\/v2\/product\/3410","targetHints":{"allow":["GET"]}}],"collection":[{"href":"https:\/\/rosanacl.com\/lv\/wp-json\/wp\/v2\/product"}],"about":[{"href":"https:\/\/rosanacl.com\/lv\/wp-json\/wp\/v2\/types\/product"}],"replies":[{"embeddable":true,"href":"https:\/\/rosanacl.com\/lv\/wp-json\/wp\/v2\/comments?post=3410"}],"version-history":[{"count":5,"href":"https:\/\/rosanacl.com\/lv\/wp-json\/wp\/v2\/product\/3410\/revisions"}],"predecessor-version":[{"id":4638,"href":"https:\/\/rosanacl.com\/lv\/wp-json\/wp\/v2\/product\/3410\/revisions\/4638"}],"wp:featuredmedia":[{"embeddable":true,"href":"https:\/\/rosanacl.com\/lv\/wp-json\/wp\/v2\/media\/3421"}],"wp:attachment":[{"href":"https:\/\/rosanacl.com\/lv\/wp-json\/wp\/v2\/media?parent=3410"}],"wp:term":[{"taxonomy":"product_brand","embeddable":true,"href":"https:\/\/rosanacl.com\/lv\/wp-json\/wp\/v2\/product_brand?post=3410"},{"taxonomy":"product_cat","embeddable":true,"href":"https:\/\/rosanacl.com\/lv\/wp-json\/wp\/v2\/product_cat?post=3410"},{"taxonomy":"product_tag","embeddable":true,"href":"https:\/\/rosanacl.com\/lv\/wp-json\/wp\/v2\/product_tag?post=3410"}],"curies":[{"name":"wp","href":"https:\/\/api.w.org\/{rel}","templated":true}]}}