{"id":3424,"date":"2025-08-19T09:11:06","date_gmt":"2025-08-19T07:11:06","guid":{"rendered":"https:\/\/rosanacl.com\/?post_type=product&#038;p=3424"},"modified":"2026-01-08T03:06:28","modified_gmt":"2026-01-08T02:06:28","slug":"braga-selene-katia","status":"publish","type":"product","link":"https:\/\/rosanacl.com\/lv\/products\/braga-selene-katia\/","title":{"rendered":"Braga Selene Katia"},"content":{"rendered":"<p>Braga Selene Katia: una braga elegante y c\u00f3moda, pensada para realzar la silueta con un acabado fino y femenino.<br \/>\nSu tejido combina tul y detalle de fantas\u00eda en la parte delantera, aportando un toque sofisticado sin renunciar al confort del d\u00eda a d\u00eda.<\/p>\n<p>Sienta suave sobre la piel, se adapta bien al cuerpo y queda bonita bajo la ropa gracias a su ajuste limpio y favorecedor.<br \/>\nEs una prenda ideal si buscas una braga que estilice, se note ligera y te haga sentir \u00abarreglada\u00bb con un conjunto sencillo pero con presencia.<\/p>\n<p>Deta\u013cas, kas rada at\u0161\u0137ir\u012bbu<\/p>\n<ul>\n<li>Audums ar tilla un dekorat\u012bvu priek\u0161pusi: elegant\u0101ks un izsmalcin\u0101t\u0101ks izskats.<\/li>\n<li>\u0112rta piegriezne: kustas l\u012bdzi, neierobe\u017eojot kust\u012bbas.<\/li>\n<li>Glaimojo\u0161a apdare: pal\u012bdz ap\u0123\u0113rbam izskat\u012bties skaisti un labi piegu\u013co\u0161am.<\/li>\n<li>Tas lieliski sader ar Selene Katia un Roxana kr\u016b\u0161turi, veidojot saska\u0146otu komplektu.<\/li>\n<\/ul>\n<p>\ud83d\udde3\ufe0f Padoms: Katia \u012bpa\u0161u padara t\u0101s nepiespiest\u0101 \u00abuzpost\u0101\u00bb saj\u016bta: t\u0101s ir vieglas, m\u012bkstas un ar smalku piesk\u0101rienu priek\u0161pus\u0113, kas izce\u013c izskatu, nep\u0101rsp\u012bl\u0113jot. Ide\u0101li piem\u0113rots, ja v\u0113laties, lai j\u016bsu biks\u012btes b\u016btu \u0113rtas... bet ar elegantu piesk\u0101rienu.<\/p>\n<p>\ud83d\udccf Piez\u012bme: Pirms pirk\u0161anas izv\u0113lieties izm\u0113ru, \u0146emot v\u0113r\u0101, k\u0101 v\u0113laties, lai tas izskat\u012btos zem j\u016bsu dr\u0113b\u0113m: ja mekl\u0113jat t\u012br\u0101ku, diskr\u0113t\u0101ku apdari (neizskat\u0101s) un atrodaties starp diviem izm\u0113riem, izv\u0113lieties vienu izm\u0113ru liel\u0101ku; ja v\u0113laties, lai tas b\u016btu piegu\u013co\u0161\u0101ks un cie\u0161\u0101k piegu\u013co\u0161s, palieciet pie sava ierast\u0101 izm\u0113ra.<\/p>\n<p>Sast\u0101vs: 83% poliam\u012bds, 17% elast\u0101ns. Int\u012bm\u0101 zona pastiprin\u0101ta ar kokvilnu liel\u0101kam komfortam un higi\u0113nai.<\/p>\n<p>\ud83e\udee6 Komplekta juteklisk\u0101kais piesk\u0101riens: maigs, elegants\u2026 un b\u012bstami skaists.<\/p>","protected":false},"excerpt":{"rendered":"<p>Braga Selene Katia: una braga elegante y c\u00f3moda, pensada para realzar la silueta con un acabado fino y femenino. Su tejido combina tul y detalle de fantas\u00eda en la parte delantera, aportando un toque sofisticado sin renunciar al confort del d\u00eda a d\u00eda. Sienta suave sobre la piel, se adapta bien al cuerpo y queda [&hellip;]<\/p>\n","protected":false},"featured_media":3441,"comment_status":"closed","ping_status":"closed","template":"","meta":{"content-type":""},"product_brand":[55],"product_cat":[19],"product_tag":[69],"class_list":{"0":"post-3424","1":"product","2":"type-product","3":"status-publish","4":"has-post-thumbnail","6":"product_brand-selene","7":"product_cat-braga","8":"product_tag-braga","10":"first","11":"instock","12":"taxable","13":"shipping-taxable","14":"purchasable","15":"product-type-variable"},"supplier_id":null,"supplier_sku":"","barcode":null,"atum_controlled":true,"out_stock_date":null,"out_stock_threshold":null,"inheritable":true,"inbound_stock":0,"stock_on_hold":0,"sold_today":null,"sales_last_days":null,"reserved_stock":0,"customer_returns":0,"warehouse_damage":0,"lost_in_post":0,"other_logs":0,"out_stock_days":null,"lost_sales":null,"has_location":false,"update_date":"2026-01-08T02:06:30","atum_locations":[],"atum_stock_status":"instock","restock_status":false,"low_stock_amount":"","sales_update_date":"2025-10-03T04:55:33","calc_backorders":null,"yoast_head":"<!-- This site is optimized with the Yoast SEO plugin v27.4 - https:\/\/yoast.com\/product\/yoast-seo-wordpress\/ -->\n<title>Braga Selene Katia - Rosana CL<\/title>\n<meta name=\"robots\" content=\"index, follow, max-snippet:-1, max-image-preview:large, max-video-preview:-1\" \/>\n<link rel=\"canonical\" href=\"https:\/\/rosanacl.com\/lv\/products\/braga-selene-katia\/\" \/>\n<meta property=\"og:locale\" content=\"lv_LV\" \/>\n<meta property=\"og:type\" content=\"article\" \/>\n<meta property=\"og:title\" content=\"Braga Selene Katia - Rosana CL\" \/>\n<meta property=\"og:description\" content=\"Braga Selene Katia: una braga elegante y c\u00f3moda, pensada para realzar la silueta con un acabado fino y femenino. Su tejido combina tul y detalle de fantas\u00eda en la parte delantera, aportando un toque sofisticado sin renunciar al confort del d\u00eda a d\u00eda. Sienta suave sobre la piel, se adapta bien al cuerpo y queda [&hellip;]\" \/>\n<meta property=\"og:url\" content=\"https:\/\/rosanacl.com\/lv\/products\/braga-selene-katia\/\" \/>\n<meta property=\"og:site_name\" content=\"Rosana CL\" \/>\n<meta property=\"article:modified_time\" content=\"2026-01-08T02:06:28+00:00\" \/>\n<meta property=\"og:image\" content=\"https:\/\/rosanacl.com\/wp-content\/uploads\/2025\/08\/1-6-1024x1024.png\" \/>\n\t<meta property=\"og:image:width\" content=\"1024\" \/>\n\t<meta property=\"og:image:height\" content=\"1024\" \/>\n\t<meta property=\"og:image:type\" content=\"image\/png\" \/>\n<meta name=\"twitter:card\" content=\"summary_large_image\" \/>\n<meta name=\"twitter:label1\" content=\"Est. reading time\" \/>\n\t<meta name=\"twitter:data1\" content=\"2 min\u016btes\" \/>\n<script type=\"application\/ld+json\" class=\"yoast-schema-graph\">{\"@context\":\"https:\\\/\\\/schema.org\",\"@graph\":[{\"@type\":\"WebPage\",\"@id\":\"https:\\\/\\\/rosanacl.com\\\/producto\\\/braga-selene-katia\\\/\",\"url\":\"https:\\\/\\\/rosanacl.com\\\/producto\\\/braga-selene-katia\\\/\",\"name\":\"Braga Selene Katia - Rosana CL\",\"isPartOf\":{\"@id\":\"https:\\\/\\\/rosanacl.com\\\/ca\\\/#website\"},\"primaryImageOfPage\":{\"@id\":\"https:\\\/\\\/rosanacl.com\\\/producto\\\/braga-selene-katia\\\/#primaryimage\"},\"image\":{\"@id\":\"https:\\\/\\\/rosanacl.com\\\/producto\\\/braga-selene-katia\\\/#primaryimage\"},\"thumbnailUrl\":\"https:\\\/\\\/rosanacl.com\\\/wp-content\\\/uploads\\\/2025\\\/08\\\/1-6.png\",\"datePublished\":\"2025-08-19T07:11:06+00:00\",\"dateModified\":\"2026-01-08T02:06:28+00:00\",\"breadcrumb\":{\"@id\":\"https:\\\/\\\/rosanacl.com\\\/producto\\\/braga-selene-katia\\\/#breadcrumb\"},\"inLanguage\":\"lv-LV\",\"potentialAction\":[{\"@type\":\"ReadAction\",\"target\":[\"https:\\\/\\\/rosanacl.com\\\/producto\\\/braga-selene-katia\\\/\"]}]},{\"@type\":\"ImageObject\",\"inLanguage\":\"lv-LV\",\"@id\":\"https:\\\/\\\/rosanacl.com\\\/producto\\\/braga-selene-katia\\\/#primaryimage\",\"url\":\"https:\\\/\\\/rosanacl.com\\\/wp-content\\\/uploads\\\/2025\\\/08\\\/1-6.png\",\"contentUrl\":\"https:\\\/\\\/rosanacl.com\\\/wp-content\\\/uploads\\\/2025\\\/08\\\/1-6.png\",\"width\":1333,\"height\":1333},{\"@type\":\"BreadcrumbList\",\"@id\":\"https:\\\/\\\/rosanacl.com\\\/producto\\\/braga-selene-katia\\\/#breadcrumb\",\"itemListElement\":[{\"@type\":\"ListItem\",\"position\":1,\"name\":\"Portada\",\"item\":\"https:\\\/\\\/rosanacl.com\\\/ca\\\/\"},{\"@type\":\"ListItem\",\"position\":2,\"name\":\"Tienda\",\"item\":\"https:\\\/\\\/rosanacl.com\\\/ca\\\/tienda\\\/\"},{\"@type\":\"ListItem\",\"position\":3,\"name\":\"Braga Selene Katia\"}]},{\"@type\":\"WebSite\",\"@id\":\"https:\\\/\\\/rosanacl.com\\\/ca\\\/#website\",\"url\":\"https:\\\/\\\/rosanacl.com\\\/ca\\\/\",\"name\":\"Rosana CL\",\"description\":\"Somos tu interior\",\"potentialAction\":[{\"@type\":\"SearchAction\",\"target\":{\"@type\":\"EntryPoint\",\"urlTemplate\":\"https:\\\/\\\/rosanacl.com\\\/ca\\\/?s={search_term_string}\"},\"query-input\":{\"@type\":\"PropertyValueSpecification\",\"valueRequired\":true,\"valueName\":\"search_term_string\"}}],\"inLanguage\":\"lv-LV\"}]}<\/script>\n<!-- \/ Yoast SEO plugin. -->","yoast_head_json":{"title":"Braga Selene Katia - Rosana CL","robots":{"index":"index","follow":"follow","max-snippet":"max-snippet:-1","max-image-preview":"max-image-preview:large","max-video-preview":"max-video-preview:-1"},"canonical":"https:\/\/rosanacl.com\/lv\/products\/braga-selene-katia\/","og_locale":"lv_LV","og_type":"article","og_title":"Braga Selene Katia - Rosana CL","og_description":"Braga Selene Katia: una braga elegante y c\u00f3moda, pensada para realzar la silueta con un acabado fino y femenino. Su tejido combina tul y detalle de fantas\u00eda en la parte delantera, aportando un toque sofisticado sin renunciar al confort del d\u00eda a d\u00eda. Sienta suave sobre la piel, se adapta bien al cuerpo y queda [&hellip;]","og_url":"https:\/\/rosanacl.com\/lv\/products\/braga-selene-katia\/","og_site_name":"Rosana CL","article_modified_time":"2026-01-08T02:06:28+00:00","og_image":[{"width":1024,"height":1024,"url":"https:\/\/rosanacl.com\/wp-content\/uploads\/2025\/08\/1-6-1024x1024.png","type":"image\/png"}],"twitter_card":"summary_large_image","twitter_misc":{"Est. reading time":"2 min\u016btes"},"schema":{"@context":"https:\/\/schema.org","@graph":[{"@type":"WebPage","@id":"https:\/\/rosanacl.com\/producto\/braga-selene-katia\/","url":"https:\/\/rosanacl.com\/producto\/braga-selene-katia\/","name":"Braga Selene Katia - Rosana CL","isPartOf":{"@id":"https:\/\/rosanacl.com\/ca\/#website"},"primaryImageOfPage":{"@id":"https:\/\/rosanacl.com\/producto\/braga-selene-katia\/#primaryimage"},"image":{"@id":"https:\/\/rosanacl.com\/producto\/braga-selene-katia\/#primaryimage"},"thumbnailUrl":"https:\/\/rosanacl.com\/wp-content\/uploads\/2025\/08\/1-6.png","datePublished":"2025-08-19T07:11:06+00:00","dateModified":"2026-01-08T02:06:28+00:00","breadcrumb":{"@id":"https:\/\/rosanacl.com\/producto\/braga-selene-katia\/#breadcrumb"},"inLanguage":"lv-LV","potentialAction":[{"@type":"ReadAction","target":["https:\/\/rosanacl.com\/producto\/braga-selene-katia\/"]}]},{"@type":"ImageObject","inLanguage":"lv-LV","@id":"https:\/\/rosanacl.com\/producto\/braga-selene-katia\/#primaryimage","url":"https:\/\/rosanacl.com\/wp-content\/uploads\/2025\/08\/1-6.png","contentUrl":"https:\/\/rosanacl.com\/wp-content\/uploads\/2025\/08\/1-6.png","width":1333,"height":1333},{"@type":"BreadcrumbList","@id":"https:\/\/rosanacl.com\/producto\/braga-selene-katia\/#breadcrumb","itemListElement":[{"@type":"ListItem","position":1,"name":"Portada","item":"https:\/\/rosanacl.com\/ca\/"},{"@type":"ListItem","position":2,"name":"Tienda","item":"https:\/\/rosanacl.com\/ca\/tienda\/"},{"@type":"ListItem","position":3,"name":"Braga Selene Katia"}]},{"@type":"WebSite","@id":"https:\/\/rosanacl.com\/ca\/#website","url":"https:\/\/rosanacl.com\/ca\/","name":"Rosana CL","description":"M\u0113s esam j\u016bsu interjers","potentialAction":[{"@type":"SearchAction","target":{"@type":"EntryPoint","urlTemplate":"https:\/\/rosanacl.com\/ca\/?s={search_term_string}"},"query-input":{"@type":"PropertyValueSpecification","valueRequired":true,"valueName":"search_term_string"}}],"inLanguage":"lv-LV"}]}},"_links":{"self":[{"href":"https:\/\/rosanacl.com\/lv\/wp-json\/wp\/v2\/product\/3424","targetHints":{"allow":["GET"]}}],"collection":[{"href":"https:\/\/rosanacl.com\/lv\/wp-json\/wp\/v2\/product"}],"about":[{"href":"https:\/\/rosanacl.com\/lv\/wp-json\/wp\/v2\/types\/product"}],"replies":[{"embeddable":true,"href":"https:\/\/rosanacl.com\/lv\/wp-json\/wp\/v2\/comments?post=3424"}],"version-history":[{"count":5,"href":"https:\/\/rosanacl.com\/lv\/wp-json\/wp\/v2\/product\/3424\/revisions"}],"predecessor-version":[{"id":4633,"href":"https:\/\/rosanacl.com\/lv\/wp-json\/wp\/v2\/product\/3424\/revisions\/4633"}],"wp:featuredmedia":[{"embeddable":true,"href":"https:\/\/rosanacl.com\/lv\/wp-json\/wp\/v2\/media\/3441"}],"wp:attachment":[{"href":"https:\/\/rosanacl.com\/lv\/wp-json\/wp\/v2\/media?parent=3424"}],"wp:term":[{"taxonomy":"product_brand","embeddable":true,"href":"https:\/\/rosanacl.com\/lv\/wp-json\/wp\/v2\/product_brand?post=3424"},{"taxonomy":"product_cat","embeddable":true,"href":"https:\/\/rosanacl.com\/lv\/wp-json\/wp\/v2\/product_cat?post=3424"},{"taxonomy":"product_tag","embeddable":true,"href":"https:\/\/rosanacl.com\/lv\/wp-json\/wp\/v2\/product_tag?post=3424"}],"curies":[{"name":"wp","href":"https:\/\/api.w.org\/{rel}","templated":true}]}}