{"id":393,"date":"2025-04-29T14:48:48","date_gmt":"2025-04-29T12:48:48","guid":{"rendered":"https:\/\/rosanacl.com\/?post_type=product&#038;p=393"},"modified":"2026-01-08T03:33:27","modified_gmt":"2026-01-08T02:33:27","slug":"sujetador-modelo-frida","status":"publish","type":"product","link":"https:\/\/rosanacl.com\/lv\/products\/sujetador-modelo-frida\/","title":{"rendered":"Sel\u0113nas Fr\u012bdas kr\u016b\u0161turis"},"content":{"rendered":"<p>Frida ir rad\u012bta situ\u0101cij\u0101m, kad v\u0113laties, lai j\u016bsu ve\u013ca pild\u012btu savu funkciju klusi, bet ar man\u0101miem rezult\u0101tiem. T\u0101s st\u012bpi\u0146u strukt\u016bra izce\u013c kr\u016btis ar t\u012bru un elegantu formu, savuk\u0101rt dizains bez polster\u0113juma saglab\u0101 dabisku, glaimojo\u0161u apdari, kas ir neticami \u0113rta valk\u0101\u0161anai stund\u0101m ilgi.<\/p>\n<p>Tas ir kr\u016b\u0161turis, kas &quot;nesapsmejas&quot;: tas izce\u013c, veido formu un sniedz t\u016bl\u012bt\u0113ju dro\u0161\u012bbas saj\u016btu, kad to aiztais\u0101t. Galven\u0101 at\u0161\u0137ir\u012bba sl\u0113pjas t\u0101 l\u0101zergrieztaj\u0101 kontroles tilla krusteniskaj\u0101s da\u013c\u0101s, kas vizu\u0101li izl\u012bdzina s\u0101nu un padu\u0161u zonas un rada vienm\u0113r\u012bg\u0101ku l\u012bniju zem ap\u0123\u0113rba.<\/p>\n<p>Gal\u012bgais efekts ir izsmalcin\u0101ts un diskr\u0113ts: tas piel\u0101gojas, papildina un stiliz\u0113 bez stingr\u012bbas, ide\u0101li piem\u0113rots piegu\u013co\u0161iem ap\u0123\u0113rbiem vai dien\u0101m, kad v\u0113laties izskat\u012bties nevainojami ar minim\u0101lu piep\u016bli.<\/p>\n<p>Deta\u013cas, kas rada at\u0161\u0137ir\u012bbu<\/p>\n<ul>\n<li>St\u012bpi\u0146as lab\u0101kam atbalstam un skaist\u0101kam siluetam.<\/li>\n<li>Bez pild\u012bjuma: dab\u012bgs, elegants rezult\u0101ts bez papildu apjoma.<\/li>\n<li>Krustots kontroles tilla audums stabil\u0101kai piegul\u0161anai un pul\u0113t\u0101kam efektam.<\/li>\n<li>L\u0101zergrie\u0161ana: m\u012bksts piesk\u0101riens un t\u012br\u0101ka kr\u012bto\u0161a tekst\u016bra zem ap\u0123\u0113rba.<\/li>\n<li>Izstr\u0101d\u0101ts, lai nosegtu un izl\u012bdzin\u0101tu s\u0101nus un paduses, pilnveidojot l\u012bniju.<\/li>\n<\/ul>\n<p>\ud83d\udde3\ufe0f Padoms: Ar Frida j\u016bs iev\u0113rosiet &quot;j\u016btos atbalst\u012bta un stil\u012bga&quot; efektu bez stingr\u012bbas: t\u0101 stingri turas, padara s\u0101nu nosl\u012bp\u0113t\u0101ku un sniedz t\u016bl\u012bt\u0113ju dro\u0161\u012bbas saj\u016btu, kas liek justies mier\u012bgi un &quot;labi savelktai&quot; visu dienu (\u012bpa\u0161i ar piegu\u013co\u0161u ap\u0123\u0113rbu).<\/p>\n<p>\ud83d\udccf Piez\u012bme: Lai jau pirmaj\u0101 reiz\u0113 pareizi izv\u0113l\u0113tos izm\u0113ru, veltiet 10 sekundes pirms t\u0101 izv\u0113les: izm\u0113riet apk\u0101rtm\u0113ru zem kr\u016bt\u012bm un sal\u012bdziniet to ar izm\u0113ru vadl\u012bnij\u0101m, k\u0101 ar\u012b apsveriet, vai v\u0113laties stingr\u0101ku piegulumu (atbalstu) vai m\u012bkst\u0101ku piegulumu (komfortu). Ja \u0161aub\u0101ties par diviem izm\u0113riem, izv\u0113lieties to, kas nodro\u0161ina stabilu joslu un kausi\u0146u bez spraug\u0101m vai spiediena.<\/p>\n<p>Sast\u0101vs: 82% poliam\u012bds, 18% elast\u0101ns.<\/p>\n<p>\ud83d\ude18 Kad v\u0113lies justies apr\u016bp\u0113ta, \u0113rta un skaista.<\/p>\n<div id=\"v1ms-outlook-mobile-body-separator-line\" dir=\"auto\"><\/div>\n<p>&nbsp;<\/p>","protected":false},"excerpt":{"rendered":"<p>Frida est\u00e1 pensado para cuando quieres que la lencer\u00eda haga su trabajo en silencio, pero con un resultado que se ve. Su estructura con aros define el pecho con una forma limpia y elegante, mientras el dise\u00f1o sin relleno mantiene un acabado natural, favorecedor y muy c\u00f3modo de llevar durante horas. Es ese tipo de [&hellip;]<\/p>\n","protected":false},"featured_media":1439,"comment_status":"open","ping_status":"closed","template":"","meta":{"content-type":""},"product_brand":[55],"product_cat":[80,24,20],"product_tag":[57,56],"class_list":{"0":"post-393","1":"product","2":"type-product","3":"status-publish","4":"has-post-thumbnail","6":"product_brand-selene","7":"product_cat-con-aros-sin-relleno","8":"product_cat-sin-relleno","9":"product_cat-sujetador","10":"product_tag-sin-relleno","11":"product_tag-sujetador","13":"first","14":"instock","15":"taxable","16":"shipping-taxable","17":"purchasable","18":"product-type-variable"},"supplier_id":null,"supplier_sku":"","barcode":null,"atum_controlled":true,"out_stock_date":null,"out_stock_threshold":null,"inheritable":true,"inbound_stock":0,"stock_on_hold":0,"sold_today":0,"sales_last_days":0,"reserved_stock":0,"customer_returns":0,"warehouse_damage":0,"lost_in_post":0,"other_logs":0,"out_stock_days":0,"lost_sales":0,"has_location":false,"update_date":"2026-01-08T02:33:27","atum_locations":[],"atum_stock_status":"instock","restock_status":false,"low_stock_amount":"","sales_update_date":"2025-10-03T04:57:12","calc_backorders":null,"yoast_head":"<!-- This site is optimized with the Yoast SEO plugin v27.4 - https:\/\/yoast.com\/product\/yoast-seo-wordpress\/ -->\n<title>Sujetador Selene Frida - Rosana CL<\/title>\n<meta name=\"robots\" content=\"index, follow, max-snippet:-1, max-image-preview:large, max-video-preview:-1\" \/>\n<link rel=\"canonical\" href=\"https:\/\/rosanacl.com\/lv\/products\/sujetador-modelo-frida\/\" \/>\n<meta property=\"og:locale\" content=\"lv_LV\" \/>\n<meta property=\"og:type\" content=\"article\" \/>\n<meta property=\"og:title\" content=\"Sujetador Selene Frida - Rosana CL\" \/>\n<meta property=\"og:description\" content=\"Frida est\u00e1 pensado para cuando quieres que la lencer\u00eda haga su trabajo en silencio, pero con un resultado que se ve. Su estructura con aros define el pecho con una forma limpia y elegante, mientras el dise\u00f1o sin relleno mantiene un acabado natural, favorecedor y muy c\u00f3modo de llevar durante horas. Es ese tipo de [&hellip;]\" \/>\n<meta property=\"og:url\" content=\"https:\/\/rosanacl.com\/lv\/products\/sujetador-modelo-frida\/\" \/>\n<meta property=\"og:site_name\" content=\"Rosana CL\" \/>\n<meta property=\"article:modified_time\" content=\"2026-01-08T02:33:27+00:00\" \/>\n<meta property=\"og:image\" content=\"https:\/\/rosanacl.com\/wp-content\/uploads\/2025\/04\/Sujetador-modelo-Frida-000001.webp\" \/>\n\t<meta property=\"og:image:width\" content=\"1000\" \/>\n\t<meta property=\"og:image:height\" content=\"1000\" \/>\n\t<meta property=\"og:image:type\" content=\"image\/webp\" \/>\n<meta name=\"twitter:card\" content=\"summary_large_image\" \/>\n<meta name=\"twitter:label1\" content=\"Est. reading time\" \/>\n\t<meta name=\"twitter:data1\" content=\"2 min\u016btes\" \/>\n<script type=\"application\/ld+json\" class=\"yoast-schema-graph\">{\"@context\":\"https:\\\/\\\/schema.org\",\"@graph\":[{\"@type\":\"WebPage\",\"@id\":\"https:\\\/\\\/rosanacl.com\\\/producto\\\/sujetador-modelo-frida\\\/\",\"url\":\"https:\\\/\\\/rosanacl.com\\\/producto\\\/sujetador-modelo-frida\\\/\",\"name\":\"Sujetador Selene Frida - Rosana CL\",\"isPartOf\":{\"@id\":\"https:\\\/\\\/rosanacl.com\\\/ca\\\/#website\"},\"primaryImageOfPage\":{\"@id\":\"https:\\\/\\\/rosanacl.com\\\/producto\\\/sujetador-modelo-frida\\\/#primaryimage\"},\"image\":{\"@id\":\"https:\\\/\\\/rosanacl.com\\\/producto\\\/sujetador-modelo-frida\\\/#primaryimage\"},\"thumbnailUrl\":\"https:\\\/\\\/rosanacl.com\\\/wp-content\\\/uploads\\\/2025\\\/04\\\/Sujetador-modelo-Frida-000001.webp\",\"datePublished\":\"2025-04-29T12:48:48+00:00\",\"dateModified\":\"2026-01-08T02:33:27+00:00\",\"breadcrumb\":{\"@id\":\"https:\\\/\\\/rosanacl.com\\\/producto\\\/sujetador-modelo-frida\\\/#breadcrumb\"},\"inLanguage\":\"lv-LV\",\"potentialAction\":[{\"@type\":\"ReadAction\",\"target\":[\"https:\\\/\\\/rosanacl.com\\\/producto\\\/sujetador-modelo-frida\\\/\"]}]},{\"@type\":\"ImageObject\",\"inLanguage\":\"lv-LV\",\"@id\":\"https:\\\/\\\/rosanacl.com\\\/producto\\\/sujetador-modelo-frida\\\/#primaryimage\",\"url\":\"https:\\\/\\\/rosanacl.com\\\/wp-content\\\/uploads\\\/2025\\\/04\\\/Sujetador-modelo-Frida-000001.webp\",\"contentUrl\":\"https:\\\/\\\/rosanacl.com\\\/wp-content\\\/uploads\\\/2025\\\/04\\\/Sujetador-modelo-Frida-000001.webp\",\"width\":1000,\"height\":1000},{\"@type\":\"BreadcrumbList\",\"@id\":\"https:\\\/\\\/rosanacl.com\\\/producto\\\/sujetador-modelo-frida\\\/#breadcrumb\",\"itemListElement\":[{\"@type\":\"ListItem\",\"position\":1,\"name\":\"Portada\",\"item\":\"https:\\\/\\\/rosanacl.com\\\/ca\\\/\"},{\"@type\":\"ListItem\",\"position\":2,\"name\":\"Tienda\",\"item\":\"https:\\\/\\\/rosanacl.com\\\/ca\\\/tienda\\\/\"},{\"@type\":\"ListItem\",\"position\":3,\"name\":\"Sujetador Selene Frida\"}]},{\"@type\":\"WebSite\",\"@id\":\"https:\\\/\\\/rosanacl.com\\\/ca\\\/#website\",\"url\":\"https:\\\/\\\/rosanacl.com\\\/ca\\\/\",\"name\":\"Rosana CL\",\"description\":\"Somos tu interior\",\"potentialAction\":[{\"@type\":\"SearchAction\",\"target\":{\"@type\":\"EntryPoint\",\"urlTemplate\":\"https:\\\/\\\/rosanacl.com\\\/ca\\\/?s={search_term_string}\"},\"query-input\":{\"@type\":\"PropertyValueSpecification\",\"valueRequired\":true,\"valueName\":\"search_term_string\"}}],\"inLanguage\":\"lv-LV\"}]}<\/script>\n<!-- \/ Yoast SEO plugin. -->","yoast_head_json":{"title":"Sujetador Selene Frida - Rosana CL","robots":{"index":"index","follow":"follow","max-snippet":"max-snippet:-1","max-image-preview":"max-image-preview:large","max-video-preview":"max-video-preview:-1"},"canonical":"https:\/\/rosanacl.com\/lv\/products\/sujetador-modelo-frida\/","og_locale":"lv_LV","og_type":"article","og_title":"Sujetador Selene Frida - Rosana CL","og_description":"Frida est\u00e1 pensado para cuando quieres que la lencer\u00eda haga su trabajo en silencio, pero con un resultado que se ve. Su estructura con aros define el pecho con una forma limpia y elegante, mientras el dise\u00f1o sin relleno mantiene un acabado natural, favorecedor y muy c\u00f3modo de llevar durante horas. Es ese tipo de [&hellip;]","og_url":"https:\/\/rosanacl.com\/lv\/products\/sujetador-modelo-frida\/","og_site_name":"Rosana CL","article_modified_time":"2026-01-08T02:33:27+00:00","og_image":[{"width":1000,"height":1000,"url":"https:\/\/rosanacl.com\/wp-content\/uploads\/2025\/04\/Sujetador-modelo-Frida-000001.webp","type":"image\/webp"}],"twitter_card":"summary_large_image","twitter_misc":{"Est. reading time":"2 min\u016btes"},"schema":{"@context":"https:\/\/schema.org","@graph":[{"@type":"WebPage","@id":"https:\/\/rosanacl.com\/producto\/sujetador-modelo-frida\/","url":"https:\/\/rosanacl.com\/producto\/sujetador-modelo-frida\/","name":"Sujetador Selene Frida - Rosana CL","isPartOf":{"@id":"https:\/\/rosanacl.com\/ca\/#website"},"primaryImageOfPage":{"@id":"https:\/\/rosanacl.com\/producto\/sujetador-modelo-frida\/#primaryimage"},"image":{"@id":"https:\/\/rosanacl.com\/producto\/sujetador-modelo-frida\/#primaryimage"},"thumbnailUrl":"https:\/\/rosanacl.com\/wp-content\/uploads\/2025\/04\/Sujetador-modelo-Frida-000001.webp","datePublished":"2025-04-29T12:48:48+00:00","dateModified":"2026-01-08T02:33:27+00:00","breadcrumb":{"@id":"https:\/\/rosanacl.com\/producto\/sujetador-modelo-frida\/#breadcrumb"},"inLanguage":"lv-LV","potentialAction":[{"@type":"ReadAction","target":["https:\/\/rosanacl.com\/producto\/sujetador-modelo-frida\/"]}]},{"@type":"ImageObject","inLanguage":"lv-LV","@id":"https:\/\/rosanacl.com\/producto\/sujetador-modelo-frida\/#primaryimage","url":"https:\/\/rosanacl.com\/wp-content\/uploads\/2025\/04\/Sujetador-modelo-Frida-000001.webp","contentUrl":"https:\/\/rosanacl.com\/wp-content\/uploads\/2025\/04\/Sujetador-modelo-Frida-000001.webp","width":1000,"height":1000},{"@type":"BreadcrumbList","@id":"https:\/\/rosanacl.com\/producto\/sujetador-modelo-frida\/#breadcrumb","itemListElement":[{"@type":"ListItem","position":1,"name":"Portada","item":"https:\/\/rosanacl.com\/ca\/"},{"@type":"ListItem","position":2,"name":"Tienda","item":"https:\/\/rosanacl.com\/ca\/tienda\/"},{"@type":"ListItem","position":3,"name":"Sujetador Selene Frida"}]},{"@type":"WebSite","@id":"https:\/\/rosanacl.com\/ca\/#website","url":"https:\/\/rosanacl.com\/ca\/","name":"Rosana CL","description":"M\u0113s esam j\u016bsu interjers","potentialAction":[{"@type":"SearchAction","target":{"@type":"EntryPoint","urlTemplate":"https:\/\/rosanacl.com\/ca\/?s={search_term_string}"},"query-input":{"@type":"PropertyValueSpecification","valueRequired":true,"valueName":"search_term_string"}}],"inLanguage":"lv-LV"}]}},"_links":{"self":[{"href":"https:\/\/rosanacl.com\/lv\/wp-json\/wp\/v2\/product\/393","targetHints":{"allow":["GET"]}}],"collection":[{"href":"https:\/\/rosanacl.com\/lv\/wp-json\/wp\/v2\/product"}],"about":[{"href":"https:\/\/rosanacl.com\/lv\/wp-json\/wp\/v2\/types\/product"}],"replies":[{"embeddable":true,"href":"https:\/\/rosanacl.com\/lv\/wp-json\/wp\/v2\/comments?post=393"}],"version-history":[{"count":5,"href":"https:\/\/rosanacl.com\/lv\/wp-json\/wp\/v2\/product\/393\/revisions"}],"predecessor-version":[{"id":4643,"href":"https:\/\/rosanacl.com\/lv\/wp-json\/wp\/v2\/product\/393\/revisions\/4643"}],"wp:featuredmedia":[{"embeddable":true,"href":"https:\/\/rosanacl.com\/lv\/wp-json\/wp\/v2\/media\/1439"}],"wp:attachment":[{"href":"https:\/\/rosanacl.com\/lv\/wp-json\/wp\/v2\/media?parent=393"}],"wp:term":[{"taxonomy":"product_brand","embeddable":true,"href":"https:\/\/rosanacl.com\/lv\/wp-json\/wp\/v2\/product_brand?post=393"},{"taxonomy":"product_cat","embeddable":true,"href":"https:\/\/rosanacl.com\/lv\/wp-json\/wp\/v2\/product_cat?post=393"},{"taxonomy":"product_tag","embeddable":true,"href":"https:\/\/rosanacl.com\/lv\/wp-json\/wp\/v2\/product_tag?post=393"}],"curies":[{"name":"wp","href":"https:\/\/api.w.org\/{rel}","templated":true}]}}