{"id":415,"date":"2025-04-29T14:53:31","date_gmt":"2025-04-29T12:53:31","guid":{"rendered":"https:\/\/rosanacl.com\/?post_type=product&#038;p=415"},"modified":"2026-01-07T21:40:46","modified_gmt":"2026-01-07T20:40:46","slug":"sujetador-modelo-belen","status":"publish","type":"product","link":"https:\/\/rosanacl.com\/lv\/products\/sujetador-modelo-belen\/","title":{"rendered":"Sel\u0113na Bel\u0113na Bra"},"content":{"rendered":"<p>Ir ap\u0123\u0113rba gabali, kas nem\u0113\u0123ina piesaist\u012bt uzman\u012bbu: tie cen\u0161as padar\u012bt dz\u012bvi viegl\u0101ku\u2026 un tom\u0113r tie joproj\u0101m rada \u012bpa\u0161u saj\u016btu. Bel\u00e9n ir kr\u016b\u0161turis bez st\u012bpi\u0146\u0101m un polster\u0113juma, kas nodro\u0161ina stingru atbalstu, neradot ierobe\u017eojumus, un kas pavada j\u016bs no br\u012b\u017ea, kad pamostaties, radot saj\u016btu, ka atrodaties perfekti sav\u0101 viet\u0101. Ide\u0101li piem\u0113rots, ja jums svar\u012bgs ir \u012bsts atbalsts, kust\u012bbu br\u012bv\u012bba un stabila piegul\u0161ana.<\/p>\n<p>T\u0101 priek\u0161\u0113j\u0101 atvere padara to (tie\u0161\u0101m) vienk\u0101r\u0161u: \u0101tri aiztais\u0101ma, dro\u0161i turas un notur kr\u016btis viet\u0101 ar ikdienas valk\u0101\u0161anai paredz\u0113tu strukt\u016bru. Ar C izm\u0113ra b\u013codi\u0146u un pla\u0161u izm\u0113ru diapazonu tas ir uzticams stils, ja v\u0113laties justies \u0113rti... bet p\u0101rliecin\u0101ti.<\/p>\n<p>Deta\u013cas, kas rada at\u0161\u0137ir\u012bbu<\/p>\n<ul>\n<li>Atv\u0113r\u0161ana no priek\u0161puses: praktiska, \u0101tra un vienk\u0101r\u0161a uzvilk\u0161ana\/novilk\u0161ana.<\/li>\n<li>Bez st\u012bpi\u0146\u0101m + bez polster\u0113juma: dabisks atbalsts, bez lieka spiediena.<\/li>\n<li>Plat\u0101ka mugura: nodro\u0161ina stabilit\u0101ti un &quot;laba atbalsta&quot; saj\u016btu.<\/li>\n<li>Regul\u0113jamas un platas siksnas: lab\u0101ks svara sadal\u012bjums un prec\u012bz\u0101ka regul\u0113\u0161ana.<\/li>\n<li>C izm\u0113ra b\u013codi\u0146a ar pla\u0161u izm\u0113ru (paredz\u0113ta atbalstam).<\/li>\n<\/ul>\n<p>\ud83d\udde3\ufe0f Padoms: Bel\u00e9n krekls ir rad\u012bts, ja v\u0113laties izskat\u012bties lieliski, nej\u016btoties \u00absaspiests\u00bb: tas atbalsta, veido un rada elegantas dro\u0161\u012bbas saj\u016btu, ko paman\u0101t, tikl\u012bdz to uzvelkat.<\/p>\n<p>\ud83d\udccf Piez\u012bme: Lai izv\u0113l\u0113tos pareizo Bel\u00e9n izm\u0113ru, priek\u0161roku dodiet stingrai lenc\u012btei (t\u0101 nodro\u0161ina atbalstu) un regul\u0113jiet lenc\u012btes tikai pa\u0161\u0101s gal\u0101s. Ja neesat p\u0101rliecin\u0101ts par vienu no diviem izm\u0113riem, izv\u0113lieties lenc\u012bti, kas piegu\u013c dro\u0161\u0101k: tas nodro\u0161in\u0101s, ka kausi\u0146i lab\u0101k piegu\u013c un kr\u016b\u0161turis izskat\u0101s lab\u0101k jau no pa\u0161a s\u0101kuma.<\/p>\n<p>Sast\u0101vs: 82% poliesters \u2014 18% elast\u0101ns<\/p>\n<p>\ud83e\uddf1 &quot;Labi novietota&quot; efekts: stingra mugura, kr\u016btis viet\u0101.<\/p>\n<div id=\"v1ms-outlook-mobile-body-separator-line\" dir=\"auto\"><\/div>","protected":false},"excerpt":{"rendered":"<p>Hay prendas que no buscan llamar la atenci\u00f3n: buscan hacerte la vida f\u00e1cil&#8230; y aun as\u00ed se sienten especiales. El Bel\u00e9n es ese sujetador sin aros y sin relleno que sujeta con firmeza, sin castigar, y que te acompa\u00f1a desde primera hora con una sensaci\u00f3n muy \u00abbien puesta\u00bb. Ideal si priorizas sujeci\u00f3n real, libertad y [&hellip;]<\/p>\n","protected":false},"featured_media":444,"comment_status":"open","ping_status":"closed","template":"","meta":{"content-type":""},"product_brand":[55],"product_cat":[23,20],"product_tag":[59,56],"class_list":{"0":"post-415","1":"product","2":"type-product","3":"status-publish","4":"has-post-thumbnail","6":"product_brand-selene","7":"product_cat-abierto-delante","8":"product_cat-sujetador","9":"product_tag-abierto-alante","10":"product_tag-sujetador","12":"first","13":"instock","14":"taxable","15":"shipping-taxable","16":"purchasable","17":"product-type-variable"},"supplier_id":null,"supplier_sku":"","barcode":null,"atum_controlled":true,"out_stock_date":null,"out_stock_threshold":null,"inheritable":true,"inbound_stock":null,"stock_on_hold":0,"sold_today":0,"sales_last_days":0,"reserved_stock":null,"customer_returns":null,"warehouse_damage":null,"lost_in_post":null,"other_logs":null,"out_stock_days":0,"lost_sales":0,"has_location":false,"update_date":"2026-01-07T20:40:47","atum_locations":[],"atum_stock_status":"instock","restock_status":false,"low_stock_amount":"","sales_update_date":"2025-08-19T02:35:53","calc_backorders":null,"yoast_head":"<!-- This site is optimized with the Yoast SEO plugin v27.4 - https:\/\/yoast.com\/product\/yoast-seo-wordpress\/ -->\n<title>Sujetador Selene Belen - Rosana CL<\/title>\n<meta name=\"robots\" content=\"index, follow, max-snippet:-1, max-image-preview:large, max-video-preview:-1\" \/>\n<link rel=\"canonical\" href=\"https:\/\/rosanacl.com\/lv\/products\/sujetador-modelo-belen\/\" \/>\n<meta property=\"og:locale\" content=\"lv_LV\" \/>\n<meta property=\"og:type\" content=\"article\" \/>\n<meta property=\"og:title\" content=\"Sujetador Selene Belen - Rosana CL\" \/>\n<meta property=\"og:description\" content=\"Hay prendas que no buscan llamar la atenci\u00f3n: buscan hacerte la vida f\u00e1cil&#8230; y aun as\u00ed se sienten especiales. El Bel\u00e9n es ese sujetador sin aros y sin relleno que sujeta con firmeza, sin castigar, y que te acompa\u00f1a desde primera hora con una sensaci\u00f3n muy \u00abbien puesta\u00bb. Ideal si priorizas sujeci\u00f3n real, libertad y [&hellip;]\" \/>\n<meta property=\"og:url\" content=\"https:\/\/rosanacl.com\/lv\/products\/sujetador-modelo-belen\/\" \/>\n<meta property=\"og:site_name\" content=\"Rosana CL\" \/>\n<meta property=\"article:modified_time\" content=\"2026-01-07T20:40:46+00:00\" \/>\n<meta property=\"og:image\" content=\"https:\/\/rosanacl.com\/wp-content\/uploads\/2025\/04\/Sujetador-Selene-modelo-Belen__00001.webp\" \/>\n\t<meta property=\"og:image:width\" content=\"1000\" \/>\n\t<meta property=\"og:image:height\" content=\"1000\" \/>\n\t<meta property=\"og:image:type\" content=\"image\/webp\" \/>\n<meta name=\"twitter:card\" content=\"summary_large_image\" \/>\n<meta name=\"twitter:label1\" content=\"Est. reading time\" \/>\n\t<meta name=\"twitter:data1\" content=\"2 min\u016btes\" \/>\n<script type=\"application\/ld+json\" class=\"yoast-schema-graph\">{\"@context\":\"https:\\\/\\\/schema.org\",\"@graph\":[{\"@type\":\"WebPage\",\"@id\":\"https:\\\/\\\/rosanacl.com\\\/producto\\\/sujetador-modelo-belen\\\/\",\"url\":\"https:\\\/\\\/rosanacl.com\\\/producto\\\/sujetador-modelo-belen\\\/\",\"name\":\"Sujetador Selene Belen - Rosana CL\",\"isPartOf\":{\"@id\":\"https:\\\/\\\/rosanacl.com\\\/ca\\\/#website\"},\"primaryImageOfPage\":{\"@id\":\"https:\\\/\\\/rosanacl.com\\\/producto\\\/sujetador-modelo-belen\\\/#primaryimage\"},\"image\":{\"@id\":\"https:\\\/\\\/rosanacl.com\\\/producto\\\/sujetador-modelo-belen\\\/#primaryimage\"},\"thumbnailUrl\":\"https:\\\/\\\/rosanacl.com\\\/wp-content\\\/uploads\\\/2025\\\/04\\\/Sujetador-Selene-modelo-Belen__00001.webp\",\"datePublished\":\"2025-04-29T12:53:31+00:00\",\"dateModified\":\"2026-01-07T20:40:46+00:00\",\"breadcrumb\":{\"@id\":\"https:\\\/\\\/rosanacl.com\\\/producto\\\/sujetador-modelo-belen\\\/#breadcrumb\"},\"inLanguage\":\"lv-LV\",\"potentialAction\":[{\"@type\":\"ReadAction\",\"target\":[\"https:\\\/\\\/rosanacl.com\\\/producto\\\/sujetador-modelo-belen\\\/\"]}]},{\"@type\":\"ImageObject\",\"inLanguage\":\"lv-LV\",\"@id\":\"https:\\\/\\\/rosanacl.com\\\/producto\\\/sujetador-modelo-belen\\\/#primaryimage\",\"url\":\"https:\\\/\\\/rosanacl.com\\\/wp-content\\\/uploads\\\/2025\\\/04\\\/Sujetador-Selene-modelo-Belen__00001.webp\",\"contentUrl\":\"https:\\\/\\\/rosanacl.com\\\/wp-content\\\/uploads\\\/2025\\\/04\\\/Sujetador-Selene-modelo-Belen__00001.webp\",\"width\":1000,\"height\":1000},{\"@type\":\"BreadcrumbList\",\"@id\":\"https:\\\/\\\/rosanacl.com\\\/producto\\\/sujetador-modelo-belen\\\/#breadcrumb\",\"itemListElement\":[{\"@type\":\"ListItem\",\"position\":1,\"name\":\"Portada\",\"item\":\"https:\\\/\\\/rosanacl.com\\\/ca\\\/\"},{\"@type\":\"ListItem\",\"position\":2,\"name\":\"Tienda\",\"item\":\"https:\\\/\\\/rosanacl.com\\\/ca\\\/tienda\\\/\"},{\"@type\":\"ListItem\",\"position\":3,\"name\":\"Sujetador Selene Belen\"}]},{\"@type\":\"WebSite\",\"@id\":\"https:\\\/\\\/rosanacl.com\\\/ca\\\/#website\",\"url\":\"https:\\\/\\\/rosanacl.com\\\/ca\\\/\",\"name\":\"Rosana CL\",\"description\":\"Somos tu interior\",\"potentialAction\":[{\"@type\":\"SearchAction\",\"target\":{\"@type\":\"EntryPoint\",\"urlTemplate\":\"https:\\\/\\\/rosanacl.com\\\/ca\\\/?s={search_term_string}\"},\"query-input\":{\"@type\":\"PropertyValueSpecification\",\"valueRequired\":true,\"valueName\":\"search_term_string\"}}],\"inLanguage\":\"lv-LV\"}]}<\/script>\n<!-- \/ Yoast SEO plugin. -->","yoast_head_json":{"title":"Sujetador Selene Belen - Rosana CL","robots":{"index":"index","follow":"follow","max-snippet":"max-snippet:-1","max-image-preview":"max-image-preview:large","max-video-preview":"max-video-preview:-1"},"canonical":"https:\/\/rosanacl.com\/lv\/products\/sujetador-modelo-belen\/","og_locale":"lv_LV","og_type":"article","og_title":"Sujetador Selene Belen - Rosana CL","og_description":"Hay prendas que no buscan llamar la atenci\u00f3n: buscan hacerte la vida f\u00e1cil&#8230; y aun as\u00ed se sienten especiales. El Bel\u00e9n es ese sujetador sin aros y sin relleno que sujeta con firmeza, sin castigar, y que te acompa\u00f1a desde primera hora con una sensaci\u00f3n muy \u00abbien puesta\u00bb. Ideal si priorizas sujeci\u00f3n real, libertad y [&hellip;]","og_url":"https:\/\/rosanacl.com\/lv\/products\/sujetador-modelo-belen\/","og_site_name":"Rosana CL","article_modified_time":"2026-01-07T20:40:46+00:00","og_image":[{"width":1000,"height":1000,"url":"https:\/\/rosanacl.com\/wp-content\/uploads\/2025\/04\/Sujetador-Selene-modelo-Belen__00001.webp","type":"image\/webp"}],"twitter_card":"summary_large_image","twitter_misc":{"Est. reading time":"2 min\u016btes"},"schema":{"@context":"https:\/\/schema.org","@graph":[{"@type":"WebPage","@id":"https:\/\/rosanacl.com\/producto\/sujetador-modelo-belen\/","url":"https:\/\/rosanacl.com\/producto\/sujetador-modelo-belen\/","name":"Sujetador Selene Belen - Rosana CL","isPartOf":{"@id":"https:\/\/rosanacl.com\/ca\/#website"},"primaryImageOfPage":{"@id":"https:\/\/rosanacl.com\/producto\/sujetador-modelo-belen\/#primaryimage"},"image":{"@id":"https:\/\/rosanacl.com\/producto\/sujetador-modelo-belen\/#primaryimage"},"thumbnailUrl":"https:\/\/rosanacl.com\/wp-content\/uploads\/2025\/04\/Sujetador-Selene-modelo-Belen__00001.webp","datePublished":"2025-04-29T12:53:31+00:00","dateModified":"2026-01-07T20:40:46+00:00","breadcrumb":{"@id":"https:\/\/rosanacl.com\/producto\/sujetador-modelo-belen\/#breadcrumb"},"inLanguage":"lv-LV","potentialAction":[{"@type":"ReadAction","target":["https:\/\/rosanacl.com\/producto\/sujetador-modelo-belen\/"]}]},{"@type":"ImageObject","inLanguage":"lv-LV","@id":"https:\/\/rosanacl.com\/producto\/sujetador-modelo-belen\/#primaryimage","url":"https:\/\/rosanacl.com\/wp-content\/uploads\/2025\/04\/Sujetador-Selene-modelo-Belen__00001.webp","contentUrl":"https:\/\/rosanacl.com\/wp-content\/uploads\/2025\/04\/Sujetador-Selene-modelo-Belen__00001.webp","width":1000,"height":1000},{"@type":"BreadcrumbList","@id":"https:\/\/rosanacl.com\/producto\/sujetador-modelo-belen\/#breadcrumb","itemListElement":[{"@type":"ListItem","position":1,"name":"Portada","item":"https:\/\/rosanacl.com\/ca\/"},{"@type":"ListItem","position":2,"name":"Tienda","item":"https:\/\/rosanacl.com\/ca\/tienda\/"},{"@type":"ListItem","position":3,"name":"Sujetador Selene Belen"}]},{"@type":"WebSite","@id":"https:\/\/rosanacl.com\/ca\/#website","url":"https:\/\/rosanacl.com\/ca\/","name":"Rosana CL","description":"M\u0113s esam j\u016bsu interjers","potentialAction":[{"@type":"SearchAction","target":{"@type":"EntryPoint","urlTemplate":"https:\/\/rosanacl.com\/ca\/?s={search_term_string}"},"query-input":{"@type":"PropertyValueSpecification","valueRequired":true,"valueName":"search_term_string"}}],"inLanguage":"lv-LV"}]}},"_links":{"self":[{"href":"https:\/\/rosanacl.com\/lv\/wp-json\/wp\/v2\/product\/415","targetHints":{"allow":["GET"]}}],"collection":[{"href":"https:\/\/rosanacl.com\/lv\/wp-json\/wp\/v2\/product"}],"about":[{"href":"https:\/\/rosanacl.com\/lv\/wp-json\/wp\/v2\/types\/product"}],"replies":[{"embeddable":true,"href":"https:\/\/rosanacl.com\/lv\/wp-json\/wp\/v2\/comments?post=415"}],"version-history":[{"count":5,"href":"https:\/\/rosanacl.com\/lv\/wp-json\/wp\/v2\/product\/415\/revisions"}],"predecessor-version":[{"id":4621,"href":"https:\/\/rosanacl.com\/lv\/wp-json\/wp\/v2\/product\/415\/revisions\/4621"}],"wp:featuredmedia":[{"embeddable":true,"href":"https:\/\/rosanacl.com\/lv\/wp-json\/wp\/v2\/media\/444"}],"wp:attachment":[{"href":"https:\/\/rosanacl.com\/lv\/wp-json\/wp\/v2\/media?parent=415"}],"wp:term":[{"taxonomy":"product_brand","embeddable":true,"href":"https:\/\/rosanacl.com\/lv\/wp-json\/wp\/v2\/product_brand?post=415"},{"taxonomy":"product_cat","embeddable":true,"href":"https:\/\/rosanacl.com\/lv\/wp-json\/wp\/v2\/product_cat?post=415"},{"taxonomy":"product_tag","embeddable":true,"href":"https:\/\/rosanacl.com\/lv\/wp-json\/wp\/v2\/product_tag?post=415"}],"curies":[{"name":"wp","href":"https:\/\/api.w.org\/{rel}","templated":true}]}}