{"id":16,"date":"2025-03-28T15:59:16","date_gmt":"2025-03-28T18:59:16","guid":{"rendered":"https:\/\/innovacon.simplificandotuweb.com\/?page_id=16"},"modified":"2025-07-09T08:54:15","modified_gmt":"2025-07-09T06:54:15","slug":"politica-de-cookies","status":"publish","type":"page","link":"https:\/\/rosanacl.com\/nl\/politica-de-cookies\/","title":{"rendered":"Cookiebeleid"},"content":{"rendered":"<div data-elementor-type=\"wp-page\" data-elementor-id=\"16\" class=\"elementor elementor-16\" data-elementor-post-type=\"page\">\n\t\t\t\t<div class=\"elementor-element elementor-element-3406fa7 e-flex e-con-boxed e-con e-parent\" data-id=\"3406fa7\" data-element_type=\"container\" data-e-type=\"container\" data-settings=\"{&quot;background_background&quot;:&quot;classic&quot;}\">\n\t\t\t\t\t<div class=\"e-con-inner\">\n\t\t<div class=\"elementor-element elementor-element-d212998 e-con-full e-flex e-con e-child\" data-id=\"d212998\" data-element_type=\"container\" data-e-type=\"container\">\n\t\t\t\t<div class=\"elementor-element elementor-element-973e9ce elementor-widget elementor-widget-heading\" data-id=\"973e9ce\" data-element_type=\"widget\" data-e-type=\"widget\" data-widget_type=\"heading.default\">\n\t\t\t\t<div class=\"elementor-widget-container\">\n\t\t\t\t\t<h2 class=\"elementor-heading-title elementor-size-default\">Cookiebeleid<\/h2>\t\t\t\t<\/div>\n\t\t\t\t<\/div>\n\t\t\t\t<\/div>\n\t\t\t\t\t<\/div>\n\t\t\t\t<\/div>\n\t\t<div class=\"elementor-element elementor-element-504b4f4d e-flex e-con-boxed e-con e-parent\" data-id=\"504b4f4d\" data-element_type=\"container\" data-e-type=\"container\">\n\t\t\t\t\t<div class=\"e-con-inner\">\n\t\t\t\t<div class=\"elementor-element elementor-element-36706845 elementor-widget elementor-widget-text-editor\" data-id=\"36706845\" data-element_type=\"widget\" data-e-type=\"widget\" data-widget_type=\"text-editor.default\">\n\t\t\t\t<div class=\"elementor-widget-container\">\n\t\t\t\t\t\t\t\t\t\n<p>Dit cookiebeleid is voor het laatst bijgewerkt op 8 januari 2024 en is van toepassing op burgers en legale permanente inwoners van de Europese Economische Ruimte en Zwitserland.<\/p>\n\n<p><strong>1. Inleiding<\/strong><\/p>\n\n<p>Onze website, <a href=\"https:\/\/rosanacl.com\/nl\/\">https:\/\/rosanacl.com\/<\/a> (hierna: &quot;de website&quot;) maakt gebruik van cookies en andere gerelateerde technologie\u00ebn (gemakshalve worden alle technologie\u00ebn &quot;cookies&quot; genoemd). Cookies worden ook geplaatst door derden die wij hebben ingeschakeld. Het volgende document informeert u over het gebruik van cookies op onze website.<\/p>\n\n<p><strong>2. Wat zijn cookies?<\/strong><\/p>\n\n<p>Een cookie is een klein bestandje dat met pagina&#039;s van deze website wordt meegestuurd en door uw browser op de harde schijf van uw computer of ander apparaat wordt opgeslagen. De daarin opgeslagen informatie kan bij een volgend bezoek weer naar onze servers of die van een derde partij worden teruggestuurd.<\/p>\n\n<p><strong>3. Wat zijn scripts?<\/strong><\/p>\n\n<p>Een script is een stukje programmacode dat wordt gebruikt om onze website correct en interactief te laten functioneren. Deze code draait op onze server of op uw apparaat.<\/p>\n\n<p><strong>4. Wat is een web beacon?<\/strong><\/p>\n\n<p>Een webbeacon (of pixeltag) is een klein, onzichtbaar stukje tekst of afbeelding op een website dat wordt gebruikt om websiteverkeer te monitoren. Om dit te doen, worden via deze webbeacons verschillende gegevens van u opgeslagen.<\/p>\n\n<p><strong>5. Koekjes<\/strong><\/p>\n\n<p><strong>5.1 Technische of functionele cookies<\/strong><\/p>\n\n<p>Sommige cookies zorgen ervoor dat bepaalde onderdelen van de website goed functioneren en dat uw gebruikersvoorkeuren bekend blijven. Door het plaatsen van functionele cookies maken wij uw bezoek aan onze website gemakkelijker. Zo hoeft u bijvoorbeeld niet steeds dezelfde informatie in te voeren bij een bezoek aan onze website en blijven de artikelen in uw winkelmandje staan totdat u heeft afgerekend. Wij mogen deze cookies plaatsen zonder uw toestemming.<\/p>\n\n<p><strong>5.2 Marketing-\/trackingcookies<\/strong><\/p>\n\n<p>Marketing-\/trackingcookies zijn cookies of andere vormen van lokale opslag die worden gebruikt om gebruikersprofielen te cre\u00ebren om advertenties weer te geven of om gebruikers te volgen op deze website of op meerdere websites voor soortgelijke marketingdoeleinden.<\/p>\n\n<p><strong>6. Gebruikte cookies<\/strong><\/p>\n\n<ul class=\"wp-block-list\">\n<li>Elementor \u2013 Statistieken (anoniem)<\/li>\n<li>Toestemming voor service elementor<\/li>\n<li>WordPress \u2013 Functioneel<\/li>\n<li>Toestemming voor WordPress-service<\/li>\n<li>Diversen \u2013 Doel in afwachting van onderzoek<\/li>\n<li>Toestemming om verschillende diensten te verlenen<\/li>\n<\/ul>\n\n<p><strong>7. Toestemming<\/strong><\/p>\n\n<p>Wanneer u onze website voor het eerst bezoekt, tonen wij u een pop-up met uitleg over cookies. Zodra u op &#039;Voorkeuren opslaan&#039; klikt, gaat u ermee akkoord dat wij de categorie\u00ebn cookies en plug-ins gebruiken die u in de pop-up hebt geselecteerd, zoals beschreven in dit cookiebeleid. U kunt het gebruik van cookies via uw browser uitschakelen, maar houd er rekening mee dat onze website dan mogelijk niet meer goed functioneert.<\/p>\n\n<p><strong>7.1 Beheer uw toestemmingsinstellingen<\/strong><\/p>\n\n<ul class=\"wp-block-list\">\n<li>Functioneel \u2013 Altijd actief<\/li>\n<li>Marketing \u2013 Marketing<\/li>\n<\/ul>\n\n<p><strong>8. Activering\/deactivering en verwijdering van cookies<\/strong><\/p>\n\n<p>U kunt uw internetbrowser gebruiken om cookies automatisch of handmatig te verwijderen. U kunt ook aangeven dat bepaalde cookies niet mogen worden geplaatst. Een andere mogelijkheid is om de instellingen van uw internetbrowser zo te wijzigen dat u een bericht ontvangt telkens wanneer er een cookie wordt geplaatst. Voor meer informatie over deze opties kunt u de instructies in de Help-sectie van uw browser raadplegen.<\/p>\n\n<p>Houd er rekening mee dat onze website mogelijk niet goed functioneert als alle cookies zijn uitgeschakeld. Als u cookies uit uw browser verwijdert, worden ze na uw toestemming opnieuw geplaatst wanneer u onze websites opnieuw bezoekt.<\/p>\n\n<p><strong>9. Uw rechten met betrekking tot persoonsgegevens<\/strong><\/p>\n\n<ul class=\"wp-block-list\">\n<li>U hebt het recht om te weten waarom uw persoonsgegevens nodig zijn, wat ermee gebeurt en hoe lang deze worden bewaard.<\/li>\n<li>Recht op toegang: U heeft het recht om toegang te krijgen tot de persoonsgegevens die wij van u hebben.<\/li>\n<li>Recht op rectificatie: U hebt het recht om uw persoonsgegevens op elk gewenst moment aan te vullen, te corrigeren, te verwijderen of te blokkeren.<\/li>\n<li>Als u ons toestemming geeft om uw gegevens te verwerken, hebt u het recht om die toestemming in te trekken en uw persoonsgegevens te laten verwijderen.<\/li>\n<li>Recht op overdraagbaarheid van uw gegevens: U hebt het recht om al uw persoonsgegevens op te vragen bij de verwerkingsverantwoordelijke en deze in hun geheel over te dragen aan een andere verwerkingsverantwoordelijke.<\/li>\n<li>Recht van bezwaar: U kunt bezwaar maken tegen de verwerking van uw gegevens. Wij zullen hieraan voldoen, tenzij er gerechtvaardigde gronden voor de verwerking zijn.<\/li>\n<\/ul>\n\n<p>Om deze rechten uit te oefenen, kunt u contact met ons opnemen. Zie de contactgegevens onderaan dit cookiebeleid. Als u klachten heeft over hoe wij met uw gegevens omgaan, horen wij dat graag, maar u heeft ook het recht om een klacht in te dienen bij de toezichthoudende autoriteit (de Autoriteit Persoonsgegevens).<\/p>\n\n<p><strong>10. Contactgegevens<\/strong><\/p>\n\n<p>Voor vragen en\/of opmerkingen over ons cookiebeleid en deze verklaring kunt u contact met ons opnemen via onderstaande contactgegevens:<\/p>\n\n<ul class=\"wp-block-list\">\n<li>Bedrijf: Pablo Angulo Maspons<\/li>\n<li>Bevolking: Vinaroz, Spanje<\/li>\n<li>Telefoon: 613395013<\/li>\n<li>Mail:<a href=\"mailto:info@rosanacl.com\"> info@rosanacl.com<\/a>\u00a0<\/li>\n<\/ul>\n\n<p>Dit cookiebeleid is gesynchroniseerd met <a href=\"https:\/\/cookiedatabase.org\">cookiedatabase.org<\/a> op 01\/08\/2024.<\/p>\n\n<p>\u00a0<\/p>\t\t\t\t\t\t\t\t<\/div>\n\t\t\t\t<\/div>\n\t\t\t\t\t<\/div>\n\t\t\t\t<\/div>\n\t\t\t\t<\/div>","protected":false},"excerpt":{"rendered":"<p>Esta pol\u00edtica de cookies fue actualizada por \u00faltima vez el 08\/01\/2024 y se aplica a los ciudadanos y residentes legales permanentes del Espacio Econ\u00f3mico Europeo y Suiza. 1. Introducci\u00f3n Nuestra web, https:\/\/rosanacl.com\/ (en adelante: \u00abla web\u00bb) utiliza cookies y otras tecnolog\u00edas relacionadas (para mayor comodidad, todas las tecnolog\u00edas se denominan \u00abcookies\u00bb). Las cookies tambi\u00e9n son [&hellip;]<\/p>\n","protected":false},"author":1,"featured_media":0,"parent":0,"menu_order":0,"comment_status":"closed","ping_status":"closed","template":"","meta":{"content-type":"","footnotes":""},"class_list":["post-16","page","type-page","status-publish","hentry"],"yoast_head":"<!-- This site is optimized with the Yoast SEO plugin v27.4 - https:\/\/yoast.com\/product\/yoast-seo-wordpress\/ -->\n<title>Pol\u00edtica de Cookies - Rosana CL<\/title>\n<meta name=\"robots\" content=\"index, follow, max-snippet:-1, max-image-preview:large, max-video-preview:-1\" \/>\n<link rel=\"canonical\" href=\"https:\/\/rosanacl.com\/nl\/politica-de-cookies\/\" \/>\n<meta property=\"og:locale\" content=\"nl_BE\" \/>\n<meta property=\"og:type\" content=\"article\" \/>\n<meta property=\"og:title\" content=\"Pol\u00edtica de Cookies - Rosana CL\" \/>\n<meta property=\"og:description\" content=\"Esta pol\u00edtica de cookies fue actualizada por \u00faltima vez el 08\/01\/2024 y se aplica a los ciudadanos y residentes legales permanentes del Espacio Econ\u00f3mico Europeo y Suiza. 1. Introducci\u00f3n Nuestra web, https:\/\/rosanacl.com\/ (en adelante: \u00abla web\u00bb) utiliza cookies y otras tecnolog\u00edas relacionadas (para mayor comodidad, todas las tecnolog\u00edas se denominan \u00abcookies\u00bb). Las cookies tambi\u00e9n son [&hellip;]\" \/>\n<meta property=\"og:url\" content=\"https:\/\/rosanacl.com\/nl\/politica-de-cookies\/\" \/>\n<meta property=\"og:site_name\" content=\"Rosana CL\" \/>\n<meta property=\"article:modified_time\" content=\"2025-07-09T06:54:15+00:00\" \/>\n<meta name=\"twitter:card\" content=\"summary_large_image\" \/>\n<meta name=\"twitter:label1\" content=\"Geschatte leestijd\" \/>\n\t<meta name=\"twitter:data1\" content=\"4 minuten\" \/>\n<script type=\"application\/ld+json\" class=\"yoast-schema-graph\">{\"@context\":\"https:\\\/\\\/schema.org\",\"@graph\":[{\"@type\":\"WebPage\",\"@id\":\"https:\\\/\\\/rosanacl.com\\\/eu\\\/politica-de-cookies\\\/\",\"url\":\"https:\\\/\\\/rosanacl.com\\\/eu\\\/politica-de-cookies\\\/\",\"name\":\"Pol\u00edtica de Cookies - Rosana CL\",\"isPartOf\":{\"@id\":\"https:\\\/\\\/rosanacl.com\\\/ca\\\/#website\"},\"datePublished\":\"2025-03-28T18:59:16+00:00\",\"dateModified\":\"2025-07-09T06:54:15+00:00\",\"breadcrumb\":{\"@id\":\"https:\\\/\\\/rosanacl.com\\\/eu\\\/politica-de-cookies\\\/#breadcrumb\"},\"inLanguage\":\"nl-BE\",\"potentialAction\":[{\"@type\":\"ReadAction\",\"target\":[\"https:\\\/\\\/rosanacl.com\\\/eu\\\/politica-de-cookies\\\/\"]}]},{\"@type\":\"BreadcrumbList\",\"@id\":\"https:\\\/\\\/rosanacl.com\\\/eu\\\/politica-de-cookies\\\/#breadcrumb\",\"itemListElement\":[{\"@type\":\"ListItem\",\"position\":1,\"name\":\"Portada\",\"item\":\"https:\\\/\\\/rosanacl.com\\\/ca\\\/\"},{\"@type\":\"ListItem\",\"position\":2,\"name\":\"Pol\u00edtica de Cookies\"}]},{\"@type\":\"WebSite\",\"@id\":\"https:\\\/\\\/rosanacl.com\\\/ca\\\/#website\",\"url\":\"https:\\\/\\\/rosanacl.com\\\/ca\\\/\",\"name\":\"Rosana CL\",\"description\":\"Somos tu interior\",\"potentialAction\":[{\"@type\":\"SearchAction\",\"target\":{\"@type\":\"EntryPoint\",\"urlTemplate\":\"https:\\\/\\\/rosanacl.com\\\/ca\\\/?s={search_term_string}\"},\"query-input\":{\"@type\":\"PropertyValueSpecification\",\"valueRequired\":true,\"valueName\":\"search_term_string\"}}],\"inLanguage\":\"nl-BE\"}]}<\/script>\n<!-- \/ Yoast SEO plugin. -->","yoast_head_json":{"title":"Pol\u00edtica de Cookies - Rosana CL","robots":{"index":"index","follow":"follow","max-snippet":"max-snippet:-1","max-image-preview":"max-image-preview:large","max-video-preview":"max-video-preview:-1"},"canonical":"https:\/\/rosanacl.com\/nl\/politica-de-cookies\/","og_locale":"nl_BE","og_type":"article","og_title":"Pol\u00edtica de Cookies - Rosana CL","og_description":"Esta pol\u00edtica de cookies fue actualizada por \u00faltima vez el 08\/01\/2024 y se aplica a los ciudadanos y residentes legales permanentes del Espacio Econ\u00f3mico Europeo y Suiza. 1. Introducci\u00f3n Nuestra web, https:\/\/rosanacl.com\/ (en adelante: \u00abla web\u00bb) utiliza cookies y otras tecnolog\u00edas relacionadas (para mayor comodidad, todas las tecnolog\u00edas se denominan \u00abcookies\u00bb). Las cookies tambi\u00e9n son [&hellip;]","og_url":"https:\/\/rosanacl.com\/nl\/politica-de-cookies\/","og_site_name":"Rosana CL","article_modified_time":"2025-07-09T06:54:15+00:00","twitter_card":"summary_large_image","twitter_misc":{"Geschatte leestijd":"4 minuten"},"schema":{"@context":"https:\/\/schema.org","@graph":[{"@type":"WebPage","@id":"https:\/\/rosanacl.com\/eu\/politica-de-cookies\/","url":"https:\/\/rosanacl.com\/eu\/politica-de-cookies\/","name":"Pol\u00edtica de Cookies - Rosana CL","isPartOf":{"@id":"https:\/\/rosanacl.com\/ca\/#website"},"datePublished":"2025-03-28T18:59:16+00:00","dateModified":"2025-07-09T06:54:15+00:00","breadcrumb":{"@id":"https:\/\/rosanacl.com\/eu\/politica-de-cookies\/#breadcrumb"},"inLanguage":"nl-BE","potentialAction":[{"@type":"ReadAction","target":["https:\/\/rosanacl.com\/eu\/politica-de-cookies\/"]}]},{"@type":"BreadcrumbList","@id":"https:\/\/rosanacl.com\/eu\/politica-de-cookies\/#breadcrumb","itemListElement":[{"@type":"ListItem","position":1,"name":"Portada","item":"https:\/\/rosanacl.com\/ca\/"},{"@type":"ListItem","position":2,"name":"Pol\u00edtica de Cookies"}]},{"@type":"WebSite","@id":"https:\/\/rosanacl.com\/ca\/#website","url":"https:\/\/rosanacl.com\/ca\/","name":"Rosana CL","description":"Wij zijn uw interieur","potentialAction":[{"@type":"SearchAction","target":{"@type":"EntryPoint","urlTemplate":"https:\/\/rosanacl.com\/ca\/?s={search_term_string}"},"query-input":{"@type":"PropertyValueSpecification","valueRequired":true,"valueName":"search_term_string"}}],"inLanguage":"nl-BE"}]}},"_links":{"self":[{"href":"https:\/\/rosanacl.com\/nl\/wp-json\/wp\/v2\/pages\/16","targetHints":{"allow":["GET"]}}],"collection":[{"href":"https:\/\/rosanacl.com\/nl\/wp-json\/wp\/v2\/pages"}],"about":[{"href":"https:\/\/rosanacl.com\/nl\/wp-json\/wp\/v2\/types\/page"}],"author":[{"embeddable":true,"href":"https:\/\/rosanacl.com\/nl\/wp-json\/wp\/v2\/users\/1"}],"replies":[{"embeddable":true,"href":"https:\/\/rosanacl.com\/nl\/wp-json\/wp\/v2\/comments?post=16"}],"version-history":[{"count":0,"href":"https:\/\/rosanacl.com\/nl\/wp-json\/wp\/v2\/pages\/16\/revisions"}],"wp:attachment":[{"href":"https:\/\/rosanacl.com\/nl\/wp-json\/wp\/v2\/media?parent=16"}],"curies":[{"name":"wp","href":"https:\/\/api.w.org\/{rel}","templated":true}]}}