{"id":18,"date":"2025-03-28T16:03:06","date_gmt":"2025-03-28T19:03:06","guid":{"rendered":"https:\/\/innovacon.simplificandotuweb.com\/?page_id=18"},"modified":"2025-08-01T14:33:36","modified_gmt":"2025-08-01T12:33:36","slug":"aviso-legal","status":"publish","type":"page","link":"https:\/\/rosanacl.com\/nl\/aviso-legal\/","title":{"rendered":"Juridische kennisgeving"},"content":{"rendered":"<div data-elementor-type=\"wp-page\" data-elementor-id=\"18\" class=\"elementor elementor-18\" data-elementor-post-type=\"page\">\n\t\t\t\t<div class=\"elementor-element elementor-element-1f18319 e-flex e-con-boxed e-con e-parent\" data-id=\"1f18319\" data-element_type=\"container\" data-e-type=\"container\" data-settings=\"{&quot;background_background&quot;:&quot;classic&quot;}\">\n\t\t\t\t\t<div class=\"e-con-inner\">\n\t\t<div class=\"elementor-element elementor-element-c2acaab e-con-full e-flex e-con e-child\" data-id=\"c2acaab\" data-element_type=\"container\" data-e-type=\"container\">\n\t\t\t\t<div class=\"elementor-element elementor-element-6f29856 elementor-widget elementor-widget-heading\" data-id=\"6f29856\" data-element_type=\"widget\" data-e-type=\"widget\" data-widget_type=\"heading.default\">\n\t\t\t\t<div class=\"elementor-widget-container\">\n\t\t\t\t\t<h2 class=\"elementor-heading-title elementor-size-default\">Juridische kennisgeving<\/h2>\t\t\t\t<\/div>\n\t\t\t\t<\/div>\n\t\t\t\t<\/div>\n\t\t\t\t\t<\/div>\n\t\t\t\t<\/div>\n\t\t<div class=\"elementor-element elementor-element-7b2ac5e6 e-flex e-con-boxed e-con e-parent\" data-id=\"7b2ac5e6\" data-element_type=\"container\" data-e-type=\"container\">\n\t\t\t\t\t<div class=\"e-con-inner\">\n\t\t\t\t<div class=\"elementor-element elementor-element-2e23d7df elementor-widget elementor-widget-text-editor\" data-id=\"2e23d7df\" data-element_type=\"widget\" data-e-type=\"widget\" data-widget_type=\"text-editor.default\">\n\t\t\t\t<div class=\"elementor-widget-container\">\n\t\t\t\t\t\t\t\t\t\n<p><strong>Gegevensbeheerder<\/strong><\/p>\n\n<p>Overeenkomstig de informatieplicht zoals vastgelegd in Wet 34\/2002 van 11 juli betreffende diensten van de informatiemaatschappij en elektronische handel, informeren wij u dat deze website eigendom is van:<\/p>\n\n<ul class=\"wp-block-list\">\n<li>Bedrijf: Pablo Angulo Maspons<\/li>\n<li>NIF: 73394866A<\/li>\n<li>Bevolking: Vinaroz, Spanje<\/li>\n<li>Telefoon: 613395013<\/li>\n<li>Mail: <a href=\"mailto:info@rosanacl.com\">info@rosanacl.com<\/a><a href=\"mailto:info@rosanacl.com\">\u00a0<\/a><\/li>\n<\/ul>\n\n<p><strong>Voorwerp<\/strong><\/p>\n\n<p>De Verwerkingsverantwoordelijke stelt dit document ter beschikking aan gebruikers met het oog op de naleving van de bepalingen van de huidige regelgeving inzake gegevensbescherming en binnen de context van het nieuwe regelgevingskader dat is vastgesteld krachtens de bepalingen van Verordening (EU) 2016\/679 van het Europees Parlement en de Raad van 27 april 2016 betreffende de bescherming van natuurlijke personen in verband met de verwerking van persoonsgegevens en betreffende het vrije verkeer van die gegevens (hierna de &quot;AVG&quot;) en de nationale regelgeving inzake de bescherming van persoonsgegevens, en om alle gebruikers van de website te informeren over de gebruiksvoorwaarden ervan. Iedereen die deze website bezoekt, neemt de rol van gebruiker op zich en verbindt zich ertoe de hierin uiteengezette bepalingen, evenals alle andere toepasselijke wettelijke bepalingen, na te leven en strikt na te leven. De Verwerkingsverantwoordelijke behoudt zich het recht voor om alle informatie die op de website kan verschijnen te wijzigen, zonder enige verplichting om gebruikers van deze verplichtingen op de hoogte te stellen of te informeren, waarbij publicatie op de website van de Verwerkingsverantwoordelijke als voldoende wordt beschouwd.<\/p>\n\n<p><strong>Verantwoordelijkheid<\/strong><\/p>\n\n<p>De Verwerkingsverantwoordelijke wijst alle aansprakelijkheid af die voortvloeit uit de op haar website gepubliceerde informatie, voor zover deze informatie is gemanipuleerd of ingevoerd door een derde partij, niet zijnde de Verwerkingsverantwoordelijke.<\/p>\n\n<p><strong>IP-adressen<\/strong><\/p>\n\n<p>De servers van de website detecteren automatisch het IP-adres en de domeinnaam die de gebruiker gebruikt. Een IP-adres is een nummer dat automatisch aan een computer wordt toegewezen wanneer deze verbinding maakt met internet. Al deze informatie wordt geregistreerd in een correct geregistreerd serveractiviteitenlogboek, dat vervolgens kan worden verwerkt tot puur statistische gegevens, zoals het aantal paginaweergaven, het aantal bezoeken aan de webservers, de volgorde van de bezoeken, het toegangspunt, enz.<\/p>\n\n<p><strong>Linkbeleid<\/strong><\/p>\n\n<p>Vanaf deze website kunt u worden doorgestuurd naar content op websites van derden. Aangezien de Verwerkingsverantwoordelijke niet altijd controle kan uitoefenen op de content die door derden op hun websites wordt geplaatst, aanvaardt zij geen verantwoordelijkheid voor dergelijke content. In ieder geval verklaart de Verwerkingsverantwoordelijke dat zij onmiddellijk alle content zal verwijderen die mogelijk in strijd is met de nationale of internationale wetgeving, goede zeden of de openbare orde, en dat zij de doorverwijzing naar deze website onmiddellijk zal verwijderen en de bevoegde autoriteiten op de hoogte zal stellen van de betreffende content. De Verwerkingsverantwoordelijke is niet verantwoordelijk voor de opgeslagen informatie en content, inclusief maar niet beperkt tot forums, chats, bloggenerators, reacties, sociale netwerken of andere middelen waarmee derden onafhankelijk content kunnen publiceren op de website van de Verwerkingsverantwoordelijke. Echter, en in overeenstemming met de bepalingen van art. In overeenstemming met artikelen 11 en 16 van de LSSICE (Spaanse wet op diensten van de informatiemaatschappij), stelt de Verwerkingsverantwoordelijke zichzelf beschikbaar aan alle gebruikers, autoriteiten en veiligheidstroepen en werkt zij actief mee aan het verwijderen of, waar van toepassing, blokkeren van alle content die van invloed kan zijn op of in strijd kan zijn met de nationale of internationale wetgeving, rechten van derden of goede zeden en openbare orde. Indien de gebruiker van mening is dat er inhoud op de website staat die als zodanig geclassificeerd zou kunnen worden, dient hij\/zij de websitebeheerder hiervan onmiddellijk op de hoogte te stellen. Deze website is gecontroleerd en getest op een correcte werking. In principe kan een correcte werking 365 dagen per jaar, 24 uur per dag gegarandeerd worden. De Verwerkingsverantwoordelijke sluit echter niet uit dat er programmeerfouten kunnen optreden of dat deze de oorzaak kunnen zijn van overmacht, natuurrampen, stakingen of vergelijkbare omstandigheden die de toegang tot de website onmogelijk maken.<\/p>\n\n<p><strong>Gegevensbescherming<\/strong><\/p>\n\n<p>De Verwerkingsverantwoordelijke verbindt zich er sterk toe om te voldoen aan de bepalingen van de huidige regelgeving inzake gegevensbescherming en binnen de context van het nieuwe regelgevingskader dat is vastgesteld krachtens Verordening (EU) 2016\/679 van het Europees Parlement en de Raad van 27 april 2016 betreffende de bescherming van natuurlijke personen in verband met de verwerking van persoonsgegevens en betreffende het vrije verkeer van die gegevens (hierna de AVG) en de nationale regelgeving inzake de bescherming van persoonsgegevens. De Verwerkingsverantwoordelijke deelt eveneens mee dat zij voldoet aan Wet 34\/2002 van 11 juli 2002 betreffende diensten van de informatiemaatschappij en elektronische handel, en zal te allen tijde uw toestemming vragen voor de verwerking van uw gegevens voor commerci\u00eble doeleinden.<\/p>\n\n<p><strong>Intellectuele en industri\u00eble eigendom<\/strong><\/p>\n\n<p>De website, inclusief maar niet beperkt tot de programmering, bewerking, compilatie en andere elementen die nodig zijn voor de werking ervan, ontwerpen, logo&#039;s, tekst en\/of afbeeldingen, zijn eigendom van de Gegevensbeheerder of hebben, indien van toepassing, een licentie of uitdrukkelijke toestemming van de auteurs. Alle inhoud op de website is naar behoren beschermd door intellectuele en industri\u00eble eigendomsrechten. Ongeacht het beoogde doel, is voor volledige of gedeeltelijke reproductie, gebruik, exploitatie, distributie en marketing altijd voorafgaande schriftelijke toestemming van de Gegevensbeheerder vereist. Elk gebruik dat niet vooraf door de Gegevensbeheerder is geautoriseerd, wordt beschouwd als een ernstige inbreuk op de intellectuele of industri\u00eble eigendomsrechten van de auteur. Ontwerpen, logo&#039;s, tekst en\/of afbeeldingen die niet eigendom zijn van de uitlener en die op de website kunnen verschijnen, behoren toe aan hun respectievelijke eigenaren, die verantwoordelijk zijn voor eventuele geschillen die in verband daarmee kunnen ontstaan. In ieder geval heeft de Gegevensbeheerder hun uitdrukkelijke voorafgaande toestemming. De Gegevensbeheerder geeft derden uitdrukkelijk toestemming om rechtstreeks door te verwijzen naar specifieke inhoud op de website en in alle gevallen moeten zij doorverwijzen naar de startpagina van de Gegevensbeheerder. De Verwerkingsverantwoordelijke erkent de desbetreffende intellectuele en industri\u00eble eigendomsrechten van hun eigenaren. De loutere vermelding of verschijning ervan op de website impliceert niet dat de Verwerkingsverantwoordelijke rechten of verantwoordelijkheid heeft voor deze rechten, noch dat zij deze rechten ondersteunen, sponsoren of aanbevelen. Voor alle afbeeldingen waar de ontwerpsoftware dit toestaat, zijn de bijbehorende verwijzingen naar het auteurschap en de bijbehorende licentie opgenomen. U kunt opmerkingen indienen over mogelijke inbreuken op intellectuele of industri\u00eble eigendomsrechten, evenals over de inhoud van de website, via het volgende e-mailadres: <a href=\"mailto:info@rosanacl.com\">info@rosanacl.com<\/a><\/p>\n\n<p>\u00a0<\/p>\n\t\t\t\t\t\t\t\t<\/div>\n\t\t\t\t<\/div>\n\t\t\t\t\t<\/div>\n\t\t\t\t<\/div>\n\t\t\t\t<\/div>","protected":false},"excerpt":{"rendered":"<p>Responsable del tratamiento de los datos En cumplimiento del deber de informaci\u00f3n que establece la Ley La 34\/2002, de 11 de julio, de Servicios de la Sociedad de la Informaci\u00f3n y del Comercio Electr\u00f3nico, le comunicamos que esta web es titularidad de: Objeto El Responsable pone a disposici\u00f3n de los usuarios este documento con el [&hellip;]<\/p>\n","protected":false},"author":1,"featured_media":0,"parent":0,"menu_order":0,"comment_status":"closed","ping_status":"closed","template":"","meta":{"content-type":"","footnotes":""},"class_list":["post-18","page","type-page","status-publish","hentry"],"yoast_head":"<!-- This site is optimized with the Yoast SEO plugin v27.4 - https:\/\/yoast.com\/product\/yoast-seo-wordpress\/ -->\n<title>Aviso Legal - Rosana CL<\/title>\n<meta name=\"robots\" content=\"index, follow, max-snippet:-1, max-image-preview:large, max-video-preview:-1\" \/>\n<link rel=\"canonical\" href=\"https:\/\/rosanacl.com\/nl\/aviso-legal\/\" \/>\n<meta property=\"og:locale\" content=\"nl_BE\" \/>\n<meta property=\"og:type\" content=\"article\" \/>\n<meta property=\"og:title\" content=\"Aviso Legal - Rosana CL\" \/>\n<meta property=\"og:description\" content=\"Responsable del tratamiento de los datos En cumplimiento del deber de informaci\u00f3n que establece la Ley La 34\/2002, de 11 de julio, de Servicios de la Sociedad de la Informaci\u00f3n y del Comercio Electr\u00f3nico, le comunicamos que esta web es titularidad de: Objeto El Responsable pone a disposici\u00f3n de los usuarios este documento con el [&hellip;]\" \/>\n<meta property=\"og:url\" content=\"https:\/\/rosanacl.com\/nl\/aviso-legal\/\" \/>\n<meta property=\"og:site_name\" content=\"Rosana CL\" \/>\n<meta property=\"article:modified_time\" content=\"2025-08-01T12:33:36+00:00\" \/>\n<meta name=\"twitter:card\" content=\"summary_large_image\" \/>\n<meta name=\"twitter:label1\" content=\"Geschatte leestijd\" \/>\n\t<meta name=\"twitter:data1\" content=\"6 minuten\" \/>\n<script type=\"application\/ld+json\" class=\"yoast-schema-graph\">{\"@context\":\"https:\\\/\\\/schema.org\",\"@graph\":[{\"@type\":\"WebPage\",\"@id\":\"https:\\\/\\\/rosanacl.com\\\/aviso-legal\\\/\",\"url\":\"https:\\\/\\\/rosanacl.com\\\/aviso-legal\\\/\",\"name\":\"Aviso Legal - Rosana CL\",\"isPartOf\":{\"@id\":\"https:\\\/\\\/rosanacl.com\\\/ca\\\/#website\"},\"datePublished\":\"2025-03-28T19:03:06+00:00\",\"dateModified\":\"2025-08-01T12:33:36+00:00\",\"breadcrumb\":{\"@id\":\"https:\\\/\\\/rosanacl.com\\\/aviso-legal\\\/#breadcrumb\"},\"inLanguage\":\"nl-BE\",\"potentialAction\":[{\"@type\":\"ReadAction\",\"target\":[\"https:\\\/\\\/rosanacl.com\\\/aviso-legal\\\/\"]}]},{\"@type\":\"BreadcrumbList\",\"@id\":\"https:\\\/\\\/rosanacl.com\\\/aviso-legal\\\/#breadcrumb\",\"itemListElement\":[{\"@type\":\"ListItem\",\"position\":1,\"name\":\"Portada\",\"item\":\"https:\\\/\\\/rosanacl.com\\\/ca\\\/\"},{\"@type\":\"ListItem\",\"position\":2,\"name\":\"Aviso Legal\"}]},{\"@type\":\"WebSite\",\"@id\":\"https:\\\/\\\/rosanacl.com\\\/ca\\\/#website\",\"url\":\"https:\\\/\\\/rosanacl.com\\\/ca\\\/\",\"name\":\"Rosana CL\",\"description\":\"Somos tu interior\",\"potentialAction\":[{\"@type\":\"SearchAction\",\"target\":{\"@type\":\"EntryPoint\",\"urlTemplate\":\"https:\\\/\\\/rosanacl.com\\\/ca\\\/?s={search_term_string}\"},\"query-input\":{\"@type\":\"PropertyValueSpecification\",\"valueRequired\":true,\"valueName\":\"search_term_string\"}}],\"inLanguage\":\"nl-BE\"}]}<\/script>\n<!-- \/ Yoast SEO plugin. -->","yoast_head_json":{"title":"Aviso Legal - Rosana CL","robots":{"index":"index","follow":"follow","max-snippet":"max-snippet:-1","max-image-preview":"max-image-preview:large","max-video-preview":"max-video-preview:-1"},"canonical":"https:\/\/rosanacl.com\/nl\/aviso-legal\/","og_locale":"nl_BE","og_type":"article","og_title":"Aviso Legal - Rosana CL","og_description":"Responsable del tratamiento de los datos En cumplimiento del deber de informaci\u00f3n que establece la Ley La 34\/2002, de 11 de julio, de Servicios de la Sociedad de la Informaci\u00f3n y del Comercio Electr\u00f3nico, le comunicamos que esta web es titularidad de: Objeto El Responsable pone a disposici\u00f3n de los usuarios este documento con el [&hellip;]","og_url":"https:\/\/rosanacl.com\/nl\/aviso-legal\/","og_site_name":"Rosana CL","article_modified_time":"2025-08-01T12:33:36+00:00","twitter_card":"summary_large_image","twitter_misc":{"Geschatte leestijd":"6 minuten"},"schema":{"@context":"https:\/\/schema.org","@graph":[{"@type":"WebPage","@id":"https:\/\/rosanacl.com\/aviso-legal\/","url":"https:\/\/rosanacl.com\/aviso-legal\/","name":"Aviso Legal - Rosana CL","isPartOf":{"@id":"https:\/\/rosanacl.com\/ca\/#website"},"datePublished":"2025-03-28T19:03:06+00:00","dateModified":"2025-08-01T12:33:36+00:00","breadcrumb":{"@id":"https:\/\/rosanacl.com\/aviso-legal\/#breadcrumb"},"inLanguage":"nl-BE","potentialAction":[{"@type":"ReadAction","target":["https:\/\/rosanacl.com\/aviso-legal\/"]}]},{"@type":"BreadcrumbList","@id":"https:\/\/rosanacl.com\/aviso-legal\/#breadcrumb","itemListElement":[{"@type":"ListItem","position":1,"name":"Portada","item":"https:\/\/rosanacl.com\/ca\/"},{"@type":"ListItem","position":2,"name":"Aviso Legal"}]},{"@type":"WebSite","@id":"https:\/\/rosanacl.com\/ca\/#website","url":"https:\/\/rosanacl.com\/ca\/","name":"Rosana CL","description":"Wij zijn uw interieur","potentialAction":[{"@type":"SearchAction","target":{"@type":"EntryPoint","urlTemplate":"https:\/\/rosanacl.com\/ca\/?s={search_term_string}"},"query-input":{"@type":"PropertyValueSpecification","valueRequired":true,"valueName":"search_term_string"}}],"inLanguage":"nl-BE"}]}},"_links":{"self":[{"href":"https:\/\/rosanacl.com\/nl\/wp-json\/wp\/v2\/pages\/18","targetHints":{"allow":["GET"]}}],"collection":[{"href":"https:\/\/rosanacl.com\/nl\/wp-json\/wp\/v2\/pages"}],"about":[{"href":"https:\/\/rosanacl.com\/nl\/wp-json\/wp\/v2\/types\/page"}],"author":[{"embeddable":true,"href":"https:\/\/rosanacl.com\/nl\/wp-json\/wp\/v2\/users\/1"}],"replies":[{"embeddable":true,"href":"https:\/\/rosanacl.com\/nl\/wp-json\/wp\/v2\/comments?post=18"}],"version-history":[{"count":0,"href":"https:\/\/rosanacl.com\/nl\/wp-json\/wp\/v2\/pages\/18\/revisions"}],"wp:attachment":[{"href":"https:\/\/rosanacl.com\/nl\/wp-json\/wp\/v2\/media?parent=18"}],"curies":[{"name":"wp","href":"https:\/\/api.w.org\/{rel}","templated":true}]}}