{"id":3703,"date":"2025-08-29T16:49:29","date_gmt":"2025-08-29T14:49:29","guid":{"rendered":"https:\/\/rosanacl.com\/?page_id=3703"},"modified":"2025-08-29T16:54:36","modified_gmt":"2025-08-29T14:54:36","slug":"mejor-sujetador-sin-tirantes","status":"publish","type":"page","link":"https:\/\/rosanacl.com\/nl\/mejor-sujetador-sin-tirantes\/","title":{"rendered":"Beste strapless bh"},"content":{"rendered":"<div data-elementor-type=\"wp-page\" data-elementor-id=\"3703\" class=\"elementor elementor-3703\" data-elementor-post-type=\"page\">\n\t\t\t\t<div class=\"elementor-element elementor-element-171998c7 e-flex e-con-boxed e-con e-parent\" data-id=\"171998c7\" data-element_type=\"container\" data-e-type=\"container\">\n\t\t\t\t\t<div class=\"e-con-inner\">\n\t\t\t\t<div class=\"elementor-element elementor-element-6575351f elementor-widget elementor-widget-text-editor\" data-id=\"6575351f\" data-element_type=\"widget\" data-e-type=\"widget\" data-widget_type=\"text-editor.default\">\n\t\t\t\t<div class=\"elementor-widget-container\">\n\t\t\t\t\t\t\t\t\t\n<p><\/p>\n\n\n\n<p><\/p>\n\t\t\t\t\t\t\t\t<\/div>\n\t\t\t\t<\/div>\n\t\t\t\t\t<\/div>\n\t\t\t\t<\/div>\n\t\t<div class=\"elementor-element elementor-element-cf7d341 e-flex e-con-boxed e-con e-parent\" data-id=\"cf7d341\" data-element_type=\"container\" data-e-type=\"container\">\n\t\t\t\t\t<div class=\"e-con-inner\">\n\t\t\t\t<div class=\"elementor-element elementor-element-1f1d080 elementor-widget elementor-widget-heading\" data-id=\"1f1d080\" data-element_type=\"widget\" data-e-type=\"widget\" data-widget_type=\"heading.default\">\n\t\t\t\t<div class=\"elementor-widget-container\">\n\t\t\t\t\t<h2 class=\"elementor-heading-title elementor-size-default\">Beste strapless bh<\/h2>\t\t\t\t<\/div>\n\t\t\t\t<\/div>\n\t\t\t\t\t<\/div>\n\t\t\t\t<\/div>\n\t\t<div class=\"elementor-element elementor-element-dc1921d e-flex e-con-boxed e-con e-parent\" data-id=\"dc1921d\" data-element_type=\"container\" data-e-type=\"container\">\n\t\t\t\t\t<div class=\"e-con-inner\">\n\t\t<div class=\"elementor-element elementor-element-d19616f e-con-full e-flex e-con e-child\" data-id=\"d19616f\" data-element_type=\"container\" data-e-type=\"container\">\n\t\t\t\t<div class=\"elementor-element elementor-element-9499fb3 elementor-widget elementor-widget-text-editor\" data-id=\"9499fb3\" data-element_type=\"widget\" data-e-type=\"widget\" data-widget_type=\"text-editor.default\">\n\t\t\t\t<div class=\"elementor-widget-container\">\n\t\t\t\t\t\t\t\t\t<h3 data-start=\"415\" data-end=\"483\">Beste strapless bh: comfort en ondersteuning gegarandeerd<\/h3>\n<p data-start=\"484\" data-end=\"897\">Het vinden van de beste strapless bh kan een lastige opgave lijken. Veel vrouwen kampen met hetzelfde probleem: ze hebben een bh nodig die maximale ondersteuning biedt, comfortabel zit en tegelijkertijd het figuur flatteert zonder af te glijden of oncomfortabel aan te voelen. Bij Rosana CL begrijpen we deze behoefte en daarom bieden we de beste strapless bh voor alle borsttypen, inclusief grote maten.<\/p>\n<p data-start=\"899\" data-end=\"1155\">Onze modellen zijn ontworpen met hoogwaardige stoffen, die perfect om je lichaam passen zonder ongemak te veroorzaken. Ben je op zoek naar de beste strapless bh? Bij Rosana CL vind je een exclusieve selectie die esthetiek, duurzaamheid en comfort combineert.<\/p>\t\t\t\t\t\t\t\t<\/div>\n\t\t\t\t<\/div>\n\t\t\t\t<\/div>\n\t\t<div class=\"elementor-element elementor-element-5568f8b e-con-full e-flex e-con e-child\" data-id=\"5568f8b\" data-element_type=\"container\" data-e-type=\"container\">\n\t\t\t\t<div class=\"elementor-element elementor-element-980debe elementor-widget elementor-widget-image\" data-id=\"980debe\" data-element_type=\"widget\" data-e-type=\"widget\" data-widget_type=\"image.default\">\n\t\t\t\t<div class=\"elementor-widget-container\">\n\t\t\t\t\t\t\t\t\t\t\t\t\t\t\t<img fetchpriority=\"high\" decoding=\"async\" width=\"625\" height=\"750\" src=\"https:\/\/rosanacl.com\/wp-content\/uploads\/2025\/08\/3-12-854x1024.png\" class=\"attachment-large size-large wp-image-3599\" alt=\"\" srcset=\"https:\/\/rosanacl.com\/wp-content\/uploads\/2025\/08\/3-12-854x1024.png 854w, https:\/\/rosanacl.com\/wp-content\/uploads\/2025\/08\/3-12-250x300.png 250w, https:\/\/rosanacl.com\/wp-content\/uploads\/2025\/08\/3-12-768x921.png 768w, https:\/\/rosanacl.com\/wp-content\/uploads\/2025\/08\/3-12-10x12.png 10w, https:\/\/rosanacl.com\/wp-content\/uploads\/2025\/08\/3-12-600x719.png 600w, https:\/\/rosanacl.com\/wp-content\/uploads\/2025\/08\/3-12.png 1112w\" sizes=\"(max-width: 625px) 100vw, 625px\" \/>\t\t\t\t\t\t\t\t\t\t\t\t\t\t\t<\/div>\n\t\t\t\t<\/div>\n\t\t\t\t<\/div>\n\t\t\t\t\t<\/div>\n\t\t\t\t<\/div>\n\t\t<div class=\"elementor-element elementor-element-5e380fb e-flex e-con-boxed e-con e-parent\" data-id=\"5e380fb\" data-element_type=\"container\" data-e-type=\"container\">\n\t\t\t\t\t<div class=\"e-con-inner\">\n\t\t<div class=\"elementor-element elementor-element-a763375 e-con-full e-flex e-con e-child\" data-id=\"a763375\" data-element_type=\"container\" data-e-type=\"container\">\n\t\t\t\t<div class=\"elementor-element elementor-element-a8aecc4 elementor-widget elementor-widget-image\" data-id=\"a8aecc4\" data-element_type=\"widget\" data-e-type=\"widget\" data-widget_type=\"image.default\">\n\t\t\t\t<div class=\"elementor-widget-container\">\n\t\t\t\t\t\t\t\t\t\t\t\t\t\t\t<img decoding=\"async\" width=\"700\" height=\"750\" src=\"https:\/\/rosanacl.com\/wp-content\/uploads\/2025\/08\/4-9.png\" class=\"attachment-large size-large wp-image-3600\" alt=\"\" srcset=\"https:\/\/rosanacl.com\/wp-content\/uploads\/2025\/08\/4-9.png 745w, https:\/\/rosanacl.com\/wp-content\/uploads\/2025\/08\/4-9-280x300.png 280w, https:\/\/rosanacl.com\/wp-content\/uploads\/2025\/08\/4-9-11x12.png 11w, https:\/\/rosanacl.com\/wp-content\/uploads\/2025\/08\/4-9-600x643.png 600w\" sizes=\"(max-width: 700px) 100vw, 700px\" \/>\t\t\t\t\t\t\t\t\t\t\t\t\t\t\t<\/div>\n\t\t\t\t<\/div>\n\t\t\t\t<\/div>\n\t\t<div class=\"elementor-element elementor-element-b02b1e9 e-con-full e-flex e-con e-child\" data-id=\"b02b1e9\" data-element_type=\"container\" data-e-type=\"container\">\n\t\t\t\t<div class=\"elementor-element elementor-element-5b46c4a elementor-widget elementor-widget-text-editor\" data-id=\"5b46c4a\" data-element_type=\"widget\" data-e-type=\"widget\" data-widget_type=\"text-editor.default\">\n\t\t\t\t<div class=\"elementor-widget-container\">\n\t\t\t\t\t\t\t\t\t<h3 data-start=\"1157\" data-end=\"1232\">Beste strapless bh: elegantie en veelzijdigheid in elk ontwerp<\/h3>\n<p data-start=\"1233\" data-end=\"1640\">De beste strapless bh moet niet alleen functioneel zijn, maar ook stijlvol. Bij Rosana CL hebben we ontwerpen voor elke gelegenheid: feestjurken, aansluitende tops of off-shoulder zomerkleding. Onze strapless bh&#039;s zijn ontworpen om je altijd zelfverzekerd te laten voelen, met onzichtbare afwerkingen en moderne details die het verschil maken.<\/p>\n<p data-start=\"1642\" data-end=\"1811\">Kiezen voor de beste strapless bh bij Rosana CL betekent investeren in veelzijdigheid, omdat u hetzelfde item bij meerdere gelegenheden kunt dragen zonder dat dit ten koste gaat van het comfort.<\/p>\t\t\t\t\t\t\t\t<\/div>\n\t\t\t\t<\/div>\n\t\t\t\t<\/div>\n\t\t\t\t\t<\/div>\n\t\t\t\t<\/div>\n\t\t<div class=\"elementor-element elementor-element-495e863 e-flex e-con-boxed e-con e-parent\" data-id=\"495e863\" data-element_type=\"container\" data-e-type=\"container\">\n\t\t\t\t\t<div class=\"e-con-inner\">\n\t\t\t\t<div class=\"elementor-element elementor-element-fe47ba3 elementor-widget elementor-widget-text-editor\" data-id=\"fe47ba3\" data-element_type=\"widget\" data-e-type=\"widget\" data-widget_type=\"text-editor.default\">\n\t\t\t\t<div class=\"elementor-widget-container\">\n\t\t\t\t\t\t\t\t\t<h3 data-start=\"1813\" data-end=\"1873\">Beste strapless bh: waarom kiezen voor Rosana CL<\/h3>\n<p data-start=\"1874\" data-end=\"2141\">Bij Rosana CL richten we ons niet alleen op het aanbieden van de beste strapless bh&#039;s, maar streven we er ook naar om persoonlijk advies en een catalogus op maat voor elke vrouw te bieden. Onze expertise in lingerie maakt ons een betrouwbare leider in de branche.<\/p>\n<p data-start=\"2143\" data-end=\"2296\">Bent u op zoek naar de beste strapless bh? Bij Rosana CL vindt u kwaliteit, variatie en de ondersteuning van een merk dat begrijpt wat u nodig hebt.<\/p>\t\t\t\t\t\t\t\t<\/div>\n\t\t\t\t<\/div>\n\t\t\t\t\t<\/div>\n\t\t\t\t<\/div>\n\t\t<div class=\"elementor-element elementor-element-d05ed3a e-flex e-con-boxed e-con e-parent\" data-id=\"d05ed3a\" data-element_type=\"container\" data-e-type=\"container\">\n\t\t\t\t\t<div class=\"e-con-inner\">\n\t\t\t\t<div class=\"elementor-element elementor-element-b883e86 elementor-widget elementor-widget-heading\" data-id=\"b883e86\" data-element_type=\"widget\" data-e-type=\"widget\" data-widget_type=\"heading.default\">\n\t\t\t\t<div class=\"elementor-widget-container\">\n\t\t\t\t\t<h2 class=\"elementor-heading-title elementor-size-default\">Neem contact met ons op <\/h2>\t\t\t\t<\/div>\n\t\t\t\t<\/div>\n\t\t\t\t\t<\/div>\n\t\t\t\t<\/div>\n\t\t<div class=\"elementor-element elementor-element-00e20e2 e-flex e-con-boxed e-con e-parent\" data-id=\"00e20e2\" data-element_type=\"container\" data-e-type=\"container\">\n\t\t\t\t\t<div class=\"e-con-inner\">\n\t\t<div class=\"elementor-element elementor-element-8ad8f7b e-con-full e-flex e-con e-child\" data-id=\"8ad8f7b\" data-element_type=\"container\" data-e-type=\"container\">\n\t\t\t\t<div class=\"elementor-element elementor-element-888944a elementor-widget__width-initial elementor-widget elementor-widget-elementskit-contact-form7\" data-id=\"888944a\" data-element_type=\"widget\" data-e-type=\"widget\" data-widget_type=\"elementskit-contact-form7.default\">\n\t\t\t\t<div class=\"elementor-widget-container\">\n\t\t\t\t\t<div class=\"ekit-wid-con\" ><div class=\"ekit-form\">\n<div class=\"wpcf7 no-js\" id=\"wpcf7-f48-o1\" lang=\"es-ES\" dir=\"ltr\" data-wpcf7-id=\"48\">\n<div class=\"screen-reader-response\"><p role=\"status\" aria-live=\"polite\" aria-atomic=\"true\"><\/p> <ul><\/ul><\/div>\n<form action=\"\/de\/wp-json\/wp\/v2\/pages\/3703#wpcf7-f48-o1\" method=\"post\" class=\"wpcf7-form init\" aria-label=\"Contactformulier\" novalidate=\"novalidate\" data-status=\"init\" data-trp-original-action=\"\/de\/wp-json\/wp\/v2\/pages\/3703#wpcf7-f48-o1\">\n<fieldset class=\"hidden-fields-container\"><input type=\"hidden\" name=\"_wpcf7\" value=\"48\" \/><input type=\"hidden\" name=\"_wpcf7_version\" value=\"6.1.5\" \/><input type=\"hidden\" name=\"_wpcf7_locale\" value=\"es_ES\" \/><input type=\"hidden\" name=\"_wpcf7_unit_tag\" value=\"wpcf7-f48-o1\" \/><input type=\"hidden\" name=\"_wpcf7_container_post\" value=\"0\" \/><input type=\"hidden\" name=\"_wpcf7_posted_data_hash\" value=\"\" \/><input type=\"hidden\" name=\"_wpcf7_recaptcha_response\" value=\"\" \/>\n<\/fieldset>\n<div class=\"form-row\">\n\t<div class=\"form-column\">\n\t\t<p><span class=\"wpcf7-form-control-wrap\" data-name=\"nombre\"><input size=\"40\" maxlength=\"400\" class=\"wpcf7-form-control wpcf7-text wpcf7-validates-as-required\" aria-required=\"true\" aria-invalid=\"false\" placeholder=\"Naam\" value=\"\" type=\"text\" name=\"nombre\" \/><\/span>\n\t\t<\/p>\n\t<\/div>\n\t<div class=\"form-column\">\n\t\t<p><span class=\"wpcf7-form-control-wrap\" data-name=\"telefono\"><input size=\"40\" maxlength=\"400\" class=\"wpcf7-form-control wpcf7-tel wpcf7-validates-as-required wpcf7-text wpcf7-validates-as-tel\" aria-required=\"true\" aria-invalid=\"false\" placeholder=\"Telefoon *\" value=\"\" type=\"tel\" name=\"telefono\" \/><\/span>\n\t\t<\/p>\n\t<\/div>\n<\/div>\n<div class=\"form-row\">\n\t<div class=\"form-column\">\n\t\t<p><span class=\"wpcf7-form-control-wrap\" data-name=\"email\"><input size=\"40\" maxlength=\"400\" class=\"wpcf7-form-control wpcf7-email wpcf7-validates-as-required wpcf7-text wpcf7-validates-as-email\" aria-required=\"true\" aria-invalid=\"false\" placeholder=\"E-mailadres *\" value=\"\" type=\"email\" name=\"email\" \/><\/span>\n\t\t<\/p>\n\t<\/div>\n\t<div class=\"form-column\">\n\t\t<p><span class=\"wpcf7-form-control-wrap\" data-name=\"asunto\"><input size=\"40\" maxlength=\"400\" class=\"wpcf7-form-control wpcf7-text wpcf7-validates-as-required\" aria-required=\"true\" aria-invalid=\"false\" placeholder=\"Affaire *\" value=\"\" type=\"text\" name=\"asunto\" \/><\/span>\n\t\t<\/p>\n\t<\/div>\n<\/div>\n<p><span class=\"wpcf7-form-control-wrap\" data-name=\"mensaje\"><textarea cols=\"40\" rows=\"10\" maxlength=\"2000\" class=\"wpcf7-form-control wpcf7-textarea wpcf7-validates-as-required\" aria-required=\"true\" aria-invalid=\"false\" placeholder=\"Bericht\" name=\"mensaje\"><\/textarea><\/span>\n<\/p>\n<p class=\"legal-priv\"><span class=\"wpcf7-form-control-wrap\" data-name=\"acceptance-787\"><span class=\"wpcf7-form-control wpcf7-acceptance\"><span class=\"wpcf7-list-item\"><label><input type=\"checkbox\" name=\"acceptance-787\" value=\"1\" aria-invalid=\"false\" \/><span class=\"wpcf7-list-item-label\">Ik heb de voorwaarden gelezen en ga ermee akkoord <a href=\"https:\/\/rosanacl.com\/nl\/politica-de-privacidad\/\">Privacybeleid<\/a><\/span><\/label><\/span><\/span><\/span>\n<\/p>\n<p><input class=\"wpcf7-form-control wpcf7-submit has-spinner\" type=\"submit\" value=\"BERICHT VERSTUREN\" \/>\n<\/p><div class=\"wpcf7-response-output\" aria-hidden=\"true\"><\/div>\n<input type=\"hidden\" name=\"trp-form-language\" value=\"nl\"\/><\/form>\n<\/div>\n<\/div><\/div>\t\t\t\t<\/div>\n\t\t\t\t<\/div>\n\t\t\t\t<\/div>\n\t\t\t\t\t<\/div>\n\t\t\t\t<\/div>\n\t\t\t\t<\/div>","protected":false},"excerpt":{"rendered":"<p>Mejor sujetador sin tirantes Mejor sujetador sin tirantes: comodidad y sujeci\u00f3n garantizada Encontrar el mejor sujetador sin tirantes puede parecer una tarea complicada. Muchas mujeres se enfrentan al mismo problema: necesitan un sujetador que aporte la m\u00e1xima sujeci\u00f3n, sea c\u00f3modo y al mismo tiempo estilice la figura sin que se deslice o se sienta inc\u00f3modo. [&hellip;]<\/p>\n","protected":false},"author":1,"featured_media":0,"parent":0,"menu_order":0,"comment_status":"closed","ping_status":"closed","template":"","meta":{"content-type":"","footnotes":""},"class_list":["post-3703","page","type-page","status-publish","hentry"],"yoast_head":"<!-- This site is optimized with the Yoast SEO plugin v27.4 - https:\/\/yoast.com\/product\/yoast-seo-wordpress\/ -->\n<title>Mejor sujetador sin tirantes - Rosana CL<\/title>\n<meta name=\"robots\" content=\"index, follow, max-snippet:-1, max-image-preview:large, max-video-preview:-1\" \/>\n<link rel=\"canonical\" href=\"https:\/\/rosanacl.com\/nl\/mejor-sujetador-sin-tirantes\/\" \/>\n<meta property=\"og:locale\" content=\"nl_BE\" \/>\n<meta property=\"og:type\" content=\"article\" \/>\n<meta property=\"og:title\" content=\"Mejor sujetador sin tirantes - Rosana CL\" \/>\n<meta property=\"og:description\" content=\"Mejor sujetador sin tirantes Mejor sujetador sin tirantes: comodidad y sujeci\u00f3n garantizada Encontrar el mejor sujetador sin tirantes puede parecer una tarea complicada. Muchas mujeres se enfrentan al mismo problema: necesitan un sujetador que aporte la m\u00e1xima sujeci\u00f3n, sea c\u00f3modo y al mismo tiempo estilice la figura sin que se deslice o se sienta inc\u00f3modo. [&hellip;]\" \/>\n<meta property=\"og:url\" content=\"https:\/\/rosanacl.com\/nl\/mejor-sujetador-sin-tirantes\/\" \/>\n<meta property=\"og:site_name\" content=\"Rosana CL\" \/>\n<meta property=\"article:modified_time\" content=\"2025-08-29T14:54:36+00:00\" \/>\n<meta property=\"og:image\" content=\"https:\/\/rosanacl.com\/wp-content\/uploads\/2025\/08\/3-12.png\" \/>\n\t<meta property=\"og:image:width\" content=\"1112\" \/>\n\t<meta property=\"og:image:height\" content=\"1333\" \/>\n\t<meta property=\"og:image:type\" content=\"image\/png\" \/>\n<meta name=\"twitter:card\" content=\"summary_large_image\" \/>\n<meta name=\"twitter:label1\" content=\"Geschatte leestijd\" \/>\n\t<meta name=\"twitter:data1\" content=\"2 minuten\" \/>\n<script type=\"application\/ld+json\" class=\"yoast-schema-graph\">{\"@context\":\"https:\\\/\\\/schema.org\",\"@graph\":[{\"@type\":\"WebPage\",\"@id\":\"https:\\\/\\\/rosanacl.com\\\/mejor-sujetador-sin-tirantes\\\/\",\"url\":\"https:\\\/\\\/rosanacl.com\\\/mejor-sujetador-sin-tirantes\\\/\",\"name\":\"Mejor sujetador sin tirantes - Rosana CL\",\"isPartOf\":{\"@id\":\"https:\\\/\\\/rosanacl.com\\\/ca\\\/#website\"},\"primaryImageOfPage\":{\"@id\":\"https:\\\/\\\/rosanacl.com\\\/mejor-sujetador-sin-tirantes\\\/#primaryimage\"},\"image\":{\"@id\":\"https:\\\/\\\/rosanacl.com\\\/mejor-sujetador-sin-tirantes\\\/#primaryimage\"},\"thumbnailUrl\":\"https:\\\/\\\/rosanacl.com\\\/wp-content\\\/uploads\\\/2025\\\/08\\\/3-12-854x1024.png\",\"datePublished\":\"2025-08-29T14:49:29+00:00\",\"dateModified\":\"2025-08-29T14:54:36+00:00\",\"breadcrumb\":{\"@id\":\"https:\\\/\\\/rosanacl.com\\\/mejor-sujetador-sin-tirantes\\\/#breadcrumb\"},\"inLanguage\":\"nl-BE\",\"potentialAction\":[{\"@type\":\"ReadAction\",\"target\":[\"https:\\\/\\\/rosanacl.com\\\/mejor-sujetador-sin-tirantes\\\/\"]}]},{\"@type\":\"ImageObject\",\"inLanguage\":\"nl-BE\",\"@id\":\"https:\\\/\\\/rosanacl.com\\\/mejor-sujetador-sin-tirantes\\\/#primaryimage\",\"url\":\"https:\\\/\\\/rosanacl.com\\\/wp-content\\\/uploads\\\/2025\\\/08\\\/3-12-854x1024.png\",\"contentUrl\":\"https:\\\/\\\/rosanacl.com\\\/wp-content\\\/uploads\\\/2025\\\/08\\\/3-12-854x1024.png\"},{\"@type\":\"BreadcrumbList\",\"@id\":\"https:\\\/\\\/rosanacl.com\\\/mejor-sujetador-sin-tirantes\\\/#breadcrumb\",\"itemListElement\":[{\"@type\":\"ListItem\",\"position\":1,\"name\":\"Portada\",\"item\":\"https:\\\/\\\/rosanacl.com\\\/ca\\\/\"},{\"@type\":\"ListItem\",\"position\":2,\"name\":\"Mejor sujetador sin tirantes\"}]},{\"@type\":\"WebSite\",\"@id\":\"https:\\\/\\\/rosanacl.com\\\/ca\\\/#website\",\"url\":\"https:\\\/\\\/rosanacl.com\\\/ca\\\/\",\"name\":\"Rosana CL\",\"description\":\"Somos tu interior\",\"potentialAction\":[{\"@type\":\"SearchAction\",\"target\":{\"@type\":\"EntryPoint\",\"urlTemplate\":\"https:\\\/\\\/rosanacl.com\\\/ca\\\/?s={search_term_string}\"},\"query-input\":{\"@type\":\"PropertyValueSpecification\",\"valueRequired\":true,\"valueName\":\"search_term_string\"}}],\"inLanguage\":\"nl-BE\"}]}<\/script>\n<!-- \/ Yoast SEO plugin. -->","yoast_head_json":{"title":"Mejor sujetador sin tirantes - Rosana CL","robots":{"index":"index","follow":"follow","max-snippet":"max-snippet:-1","max-image-preview":"max-image-preview:large","max-video-preview":"max-video-preview:-1"},"canonical":"https:\/\/rosanacl.com\/nl\/mejor-sujetador-sin-tirantes\/","og_locale":"nl_BE","og_type":"article","og_title":"Mejor sujetador sin tirantes - Rosana CL","og_description":"Mejor sujetador sin tirantes Mejor sujetador sin tirantes: comodidad y sujeci\u00f3n garantizada Encontrar el mejor sujetador sin tirantes puede parecer una tarea complicada. Muchas mujeres se enfrentan al mismo problema: necesitan un sujetador que aporte la m\u00e1xima sujeci\u00f3n, sea c\u00f3modo y al mismo tiempo estilice la figura sin que se deslice o se sienta inc\u00f3modo. [&hellip;]","og_url":"https:\/\/rosanacl.com\/nl\/mejor-sujetador-sin-tirantes\/","og_site_name":"Rosana CL","article_modified_time":"2025-08-29T14:54:36+00:00","og_image":[{"width":1112,"height":1333,"url":"https:\/\/rosanacl.com\/wp-content\/uploads\/2025\/08\/3-12.png","type":"image\/png"}],"twitter_card":"summary_large_image","twitter_misc":{"Geschatte leestijd":"2 minuten"},"schema":{"@context":"https:\/\/schema.org","@graph":[{"@type":"WebPage","@id":"https:\/\/rosanacl.com\/mejor-sujetador-sin-tirantes\/","url":"https:\/\/rosanacl.com\/mejor-sujetador-sin-tirantes\/","name":"Mejor sujetador sin tirantes - Rosana CL","isPartOf":{"@id":"https:\/\/rosanacl.com\/ca\/#website"},"primaryImageOfPage":{"@id":"https:\/\/rosanacl.com\/mejor-sujetador-sin-tirantes\/#primaryimage"},"image":{"@id":"https:\/\/rosanacl.com\/mejor-sujetador-sin-tirantes\/#primaryimage"},"thumbnailUrl":"https:\/\/rosanacl.com\/wp-content\/uploads\/2025\/08\/3-12-854x1024.png","datePublished":"2025-08-29T14:49:29+00:00","dateModified":"2025-08-29T14:54:36+00:00","breadcrumb":{"@id":"https:\/\/rosanacl.com\/mejor-sujetador-sin-tirantes\/#breadcrumb"},"inLanguage":"nl-BE","potentialAction":[{"@type":"ReadAction","target":["https:\/\/rosanacl.com\/mejor-sujetador-sin-tirantes\/"]}]},{"@type":"ImageObject","inLanguage":"nl-BE","@id":"https:\/\/rosanacl.com\/mejor-sujetador-sin-tirantes\/#primaryimage","url":"https:\/\/rosanacl.com\/wp-content\/uploads\/2025\/08\/3-12-854x1024.png","contentUrl":"https:\/\/rosanacl.com\/wp-content\/uploads\/2025\/08\/3-12-854x1024.png"},{"@type":"BreadcrumbList","@id":"https:\/\/rosanacl.com\/mejor-sujetador-sin-tirantes\/#breadcrumb","itemListElement":[{"@type":"ListItem","position":1,"name":"Portada","item":"https:\/\/rosanacl.com\/ca\/"},{"@type":"ListItem","position":2,"name":"Mejor sujetador sin tirantes"}]},{"@type":"WebSite","@id":"https:\/\/rosanacl.com\/ca\/#website","url":"https:\/\/rosanacl.com\/ca\/","name":"Rosana CL","description":"Wij zijn uw interieur","potentialAction":[{"@type":"SearchAction","target":{"@type":"EntryPoint","urlTemplate":"https:\/\/rosanacl.com\/ca\/?s={search_term_string}"},"query-input":{"@type":"PropertyValueSpecification","valueRequired":true,"valueName":"search_term_string"}}],"inLanguage":"nl-BE"}]}},"_links":{"self":[{"href":"https:\/\/rosanacl.com\/nl\/wp-json\/wp\/v2\/pages\/3703","targetHints":{"allow":["GET"]}}],"collection":[{"href":"https:\/\/rosanacl.com\/nl\/wp-json\/wp\/v2\/pages"}],"about":[{"href":"https:\/\/rosanacl.com\/nl\/wp-json\/wp\/v2\/types\/page"}],"author":[{"embeddable":true,"href":"https:\/\/rosanacl.com\/nl\/wp-json\/wp\/v2\/users\/1"}],"replies":[{"embeddable":true,"href":"https:\/\/rosanacl.com\/nl\/wp-json\/wp\/v2\/comments?post=3703"}],"version-history":[{"count":0,"href":"https:\/\/rosanacl.com\/nl\/wp-json\/wp\/v2\/pages\/3703\/revisions"}],"wp:attachment":[{"href":"https:\/\/rosanacl.com\/nl\/wp-json\/wp\/v2\/media?parent=3703"}],"curies":[{"name":"wp","href":"https:\/\/api.w.org\/{rel}","templated":true}]}}