{"id":16,"date":"2025-03-28T15:59:16","date_gmt":"2025-03-28T18:59:16","guid":{"rendered":"https:\/\/innovacon.simplificandotuweb.com\/?page_id=16"},"modified":"2025-07-09T08:54:15","modified_gmt":"2025-07-09T06:54:15","slug":"politica-de-cookies","status":"publish","type":"page","link":"https:\/\/rosanacl.com\/pl\/politica-de-cookies\/","title":{"rendered":"Polityka plik\u00f3w cookie"},"content":{"rendered":"<div data-elementor-type=\"wp-page\" data-elementor-id=\"16\" class=\"elementor elementor-16\" data-elementor-post-type=\"page\">\n\t\t\t\t<div class=\"elementor-element elementor-element-3406fa7 e-flex e-con-boxed e-con e-parent\" data-id=\"3406fa7\" data-element_type=\"container\" data-e-type=\"container\" data-settings=\"{&quot;background_background&quot;:&quot;classic&quot;}\">\n\t\t\t\t\t<div class=\"e-con-inner\">\n\t\t<div class=\"elementor-element elementor-element-d212998 e-con-full e-flex e-con e-child\" data-id=\"d212998\" data-element_type=\"container\" data-e-type=\"container\">\n\t\t\t\t<div class=\"elementor-element elementor-element-973e9ce elementor-widget elementor-widget-heading\" data-id=\"973e9ce\" data-element_type=\"widget\" data-e-type=\"widget\" data-widget_type=\"heading.default\">\n\t\t\t\t<div class=\"elementor-widget-container\">\n\t\t\t\t\t<h2 class=\"elementor-heading-title elementor-size-default\">Polityka plik\u00f3w cookie<\/h2>\t\t\t\t<\/div>\n\t\t\t\t<\/div>\n\t\t\t\t<\/div>\n\t\t\t\t\t<\/div>\n\t\t\t\t<\/div>\n\t\t<div class=\"elementor-element elementor-element-504b4f4d e-flex e-con-boxed e-con e-parent\" data-id=\"504b4f4d\" data-element_type=\"container\" data-e-type=\"container\">\n\t\t\t\t\t<div class=\"e-con-inner\">\n\t\t\t\t<div class=\"elementor-element elementor-element-36706845 elementor-widget elementor-widget-text-editor\" data-id=\"36706845\" data-element_type=\"widget\" data-e-type=\"widget\" data-widget_type=\"text-editor.default\">\n\t\t\t\t<div class=\"elementor-widget-container\">\n\t\t\t\t\t\t\t\t\t\n<p>Niniejsza Polityka plik\u00f3w cookie zosta\u0142a ostatnio zaktualizowana 8 stycznia 2024 r. i ma zastosowanie do obywateli oraz sta\u0142ych rezydent\u00f3w Europejskiego Obszaru Gospodarczego i Szwajcarii.<\/p>\n\n<p><strong>1. Wprowadzenie<\/strong><\/p>\n\n<p>Nasza strona internetowa, <a href=\"https:\/\/rosanacl.com\/pl\/\">https:\/\/rosanacl.com\/<\/a> (dalej: \u201estrona internetowa\u201d) wykorzystuje pliki cookie i inne powi\u0105zane technologie (dla wygody wszystkie technologie okre\u015blane s\u0105 mianem \u201eplik\u00f3w cookie\u201d). Pliki cookie s\u0105 r\u00f3wnie\u017c umieszczane przez podmioty zewn\u0119trzne, z kt\u00f3rymi zawarli\u015bmy umowy. Poni\u017cszy dokument informuje o stosowaniu plik\u00f3w cookie na naszej stronie internetowej.<\/p>\n\n<p><strong>2. Czym s\u0105 pliki cookie?<\/strong><\/p>\n\n<p>Plik cookie to niewielki plik wysy\u0142any wraz ze stronami tej witryny i przechowywany przez przegl\u0105dark\u0119 na dysku twardym komputera lub innego urz\u0105dzenia. Zapisane informacje mog\u0105 zosta\u0107 zwr\u00f3cone na nasze serwery lub na odpowiednie serwery zewn\u0119trzne podczas kolejnej wizyty.<\/p>\n\n<p><strong>3. Czym s\u0105 skrypty?<\/strong><\/p>\n\n<p>Skrypt to fragment kodu programu, kt\u00f3ry umo\u017cliwia prawid\u0142owe i interaktywne dzia\u0142anie naszej strony internetowej. Kod ten dzia\u0142a na naszym serwerze lub na Twoim urz\u0105dzeniu.<\/p>\n\n<p><strong>4. Czym jest sygna\u0142 nawigacyjny?<\/strong><\/p>\n\n<p>Sygna\u0142 nawigacyjny (lub znacznik pikselowy) to niewielki, niewidoczny fragment tekstu lub obrazu na stronie internetowej, kt\u00f3ry s\u0142u\u017cy do monitorowania ruchu w witrynie. W tym celu za pomoc\u0105 sygna\u0142\u00f3w nawigacyjnych przechowywane s\u0105 r\u00f3\u017cne dane o Tobie.<\/p>\n\n<p><strong>5. Pliki cookie<\/strong><\/p>\n\n<p><strong>5.1 Pliki cookie techniczne lub funkcjonalne<\/strong><\/p>\n\n<p>Niekt\u00f3re pliki cookie zapewniaj\u0105 prawid\u0142owe dzia\u0142anie niekt\u00f3rych cz\u0119\u015bci witryny i pozwalaj\u0105 zachowa\u0107 Twoje preferencje u\u017cytkownika. Umieszczaj\u0105c funkcjonalne pliki cookie, u\u0142atwiamy Ci korzystanie z naszej witryny. Dzi\u0119ki temu nie musisz wielokrotnie wprowadza\u0107 tych samych danych podczas odwiedzania naszej witryny, a produkty pozostaj\u0105 w koszyku do momentu dokonania p\u0142atno\u015bci. Mo\u017cemy umieszcza\u0107 te pliki cookie bez Twojej zgody.<\/p>\n\n<p><strong>5.2 Pliki cookie marketingowe\/\u015bledz\u0105ce<\/strong><\/p>\n\n<p>Pliki cookie marketingowe\/\u015bledz\u0105ce to pliki cookie lub inne formy lokalnej pami\u0119ci masowej wykorzystywane do tworzenia profili u\u017cytkownik\u00f3w w celu wy\u015bwietlania reklam lub \u015bledzenia u\u017cytkownik\u00f3w na tej stronie internetowej lub na wielu stronach internetowych w podobnych celach marketingowych.<\/p>\n\n<p><strong>6. U\u017cywane pliki cookie<\/strong><\/p>\n\n<ul class=\"wp-block-list\">\n<li>Elementor \u2013 Statystyki (anonimowe)<\/li>\n<li>Zgoda na obs\u0142ug\u0119 elementu<\/li>\n<li>WordPress \u2013 Funkcjonalny<\/li>\n<li>Zgoda na obs\u0142ug\u0119 WordPressa<\/li>\n<li>R\u00f3\u017cne \u2013 cel w trakcie dochodzenia<\/li>\n<li>Zgoda na obs\u0142ug\u0119 r\u00f3\u017cnych<\/li>\n<\/ul>\n\n<p><strong>7. Zgoda<\/strong><\/p>\n\n<p>Podczas pierwszej wizyty na naszej stronie internetowej wy\u015bwietlimy Ci okno z wyja\u015bnieniem dotycz\u0105cym plik\u00f3w cookie. Klikaj\u0105c \u201eZapisz preferencje\u201d, wyra\u017casz zgod\u0119 na u\u017cywanie przez nas kategorii plik\u00f3w cookie i wtyczek wybranych w oknie, zgodnie z opisem w niniejszej polityce plik\u00f3w cookie. Mo\u017cesz wy\u0142\u0105czy\u0107 obs\u0142ug\u0119 plik\u00f3w cookie w swojej przegl\u0105darce, ale pami\u0119taj, \u017ce nasza strona internetowa mo\u017ce w\u00f3wczas przesta\u0107 dzia\u0142a\u0107 poprawnie.<\/p>\n\n<p><strong>7.1 Zarz\u0105dzaj ustawieniami zgody<\/strong><\/p>\n\n<ul class=\"wp-block-list\">\n<li>Funkcjonalny \u2013 zawsze aktywny<\/li>\n<li>Marketing \u2013 Marketing<\/li>\n<\/ul>\n\n<p><strong>8. Aktywacja\/dezaktywacja i usuwanie plik\u00f3w cookie<\/strong><\/p>\n\n<p>Mo\u017cesz u\u017cy\u0107 swojej przegl\u0105darki internetowej, aby automatycznie lub r\u0119cznie usun\u0105\u0107 pliki cookie. Mo\u017cesz r\u00f3wnie\u017c okre\u015bli\u0107, \u017ce niekt\u00f3re pliki cookie nie mog\u0105 by\u0107 umieszczane. Inn\u0105 mo\u017cliwo\u015bci\u0105 jest zmiana ustawie\u0144 przegl\u0105darki internetowej tak, aby otrzymywa\u0107 komunikat o ka\u017cdym umieszczeniu pliku cookie. Aby uzyska\u0107 wi\u0119cej informacji na temat tych opcji, zapoznaj si\u0119 z instrukcjami w sekcji \u201ePomoc\u201d w swojej przegl\u0105darce.<\/p>\n\n<p>Prosimy pami\u0119ta\u0107, \u017ce nasza strona internetowa mo\u017ce nie dzia\u0142a\u0107 poprawnie, je\u015bli wszystkie pliki cookie s\u0105 wy\u0142\u0105czone. Je\u015bli usuniesz pliki cookie z przegl\u0105darki, zostan\u0105 one ponownie umieszczone po wyra\u017ceniu przez Ciebie zgody, gdy ponownie odwiedzisz nasze strony internetowe.<\/p>\n\n<p><strong>9. Twoje prawa dotycz\u0105ce danych osobowych<\/strong><\/p>\n\n<ul class=\"wp-block-list\">\n<li>Masz prawo wiedzie\u0107, dlaczego Twoje dane osobowe s\u0105 potrzebne, co si\u0119 z nimi stanie i jak d\u0142ugo b\u0119d\u0105 przechowywane.<\/li>\n<li>Prawo dost\u0119pu: Masz prawo dost\u0119pu do swoich danych osobowych, kt\u00f3re znamy.<\/li>\n<li>Prawo do sprostowania: Masz prawo do uzupe\u0142niania, sprostowania, usuwania lub blokowania swoich danych osobowych w dowolnym momencie.<\/li>\n<li>Je\u017celi wyrazi\u0142e\u015b zgod\u0119 na przetwarzanie Twoich danych, masz prawo j\u0105 odwo\u0142a\u0107 i usun\u0105\u0107 swoje dane osobowe.<\/li>\n<li>Prawo do przenoszenia danych: Masz prawo \u017c\u0105da\u0107 od administratora danych wszystkich swoich danych osobowych, a tak\u017ce przeniesienia ich w ca\u0142o\u015bci do innego administratora danych.<\/li>\n<li>Prawo do sprzeciwu: Mo\u017cesz sprzeciwi\u0107 si\u0119 przetwarzaniu Twoich danych. Uwzgl\u0119dnimy to, chyba \u017ce istniej\u0105 uzasadnione podstawy przetwarzania.<\/li>\n<\/ul>\n\n<p>Aby skorzysta\u0107 z tych praw, prosimy o kontakt. Dane kontaktowe znajduj\u0105 si\u0119 na dole niniejszej polityki plik\u00f3w cookie. Je\u015bli masz jakiekolwiek skargi dotycz\u0105ce sposobu, w jaki przetwarzamy Twoje dane, ch\u0119tnie je poznamy, ale masz r\u00f3wnie\u017c prawo wnie\u015b\u0107 skarg\u0119 do organu nadzorczego (Urz\u0119du Ochrony Danych Osobowych).<\/p>\n\n<p><strong>10. Dane kontaktowe<\/strong><\/p>\n\n<p>W przypadku pyta\u0144 i\/lub uwag dotycz\u0105cych naszej polityki plik\u00f3w cookie oraz niniejszego o\u015bwiadczenia, prosimy o kontakt z nami za pomoc\u0105 poni\u017cszych danych kontaktowych:<\/p>\n\n<ul class=\"wp-block-list\">\n<li>Firma: Pablo Angulo Maspons<\/li>\n<li>Populacja: Vinaroz, Hiszpania<\/li>\n<li>Telefon: 613395013<\/li>\n<li>Poczta:<a href=\"mailto:info@rosanacl.com\"> info@rosanacl.com<\/a>\u00a0<\/li>\n<\/ul>\n\n<p>Niniejsza polityka plik\u00f3w cookie zosta\u0142a zsynchronizowana z <a href=\"https:\/\/cookiedatabase.org\">cookiedatabase.org<\/a> w dniu 01.08.2024 r.<\/p>\n\n<p>\u00a0<\/p>\t\t\t\t\t\t\t\t<\/div>\n\t\t\t\t<\/div>\n\t\t\t\t\t<\/div>\n\t\t\t\t<\/div>\n\t\t\t\t<\/div>","protected":false},"excerpt":{"rendered":"<p>Esta pol\u00edtica de cookies fue actualizada por \u00faltima vez el 08\/01\/2024 y se aplica a los ciudadanos y residentes legales permanentes del Espacio Econ\u00f3mico Europeo y Suiza. 1. Introducci\u00f3n Nuestra web, https:\/\/rosanacl.com\/ (en adelante: \u00abla web\u00bb) utiliza cookies y otras tecnolog\u00edas relacionadas (para mayor comodidad, todas las tecnolog\u00edas se denominan \u00abcookies\u00bb). Las cookies tambi\u00e9n son [&hellip;]<\/p>\n","protected":false},"author":1,"featured_media":0,"parent":0,"menu_order":0,"comment_status":"closed","ping_status":"closed","template":"","meta":{"content-type":"","footnotes":""},"class_list":["post-16","page","type-page","status-publish","hentry"],"yoast_head":"<!-- This site is optimized with the Yoast SEO plugin v27.4 - https:\/\/yoast.com\/product\/yoast-seo-wordpress\/ -->\n<title>Pol\u00edtica de Cookies - Rosana CL<\/title>\n<meta name=\"robots\" content=\"index, follow, max-snippet:-1, max-image-preview:large, max-video-preview:-1\" \/>\n<link rel=\"canonical\" href=\"https:\/\/rosanacl.com\/pl\/politica-de-cookies\/\" \/>\n<meta property=\"og:locale\" content=\"pl_PL\" \/>\n<meta property=\"og:type\" content=\"article\" \/>\n<meta property=\"og:title\" content=\"Pol\u00edtica de Cookies - Rosana CL\" \/>\n<meta property=\"og:description\" content=\"Esta pol\u00edtica de cookies fue actualizada por \u00faltima vez el 08\/01\/2024 y se aplica a los ciudadanos y residentes legales permanentes del Espacio Econ\u00f3mico Europeo y Suiza. 1. Introducci\u00f3n Nuestra web, https:\/\/rosanacl.com\/ (en adelante: \u00abla web\u00bb) utiliza cookies y otras tecnolog\u00edas relacionadas (para mayor comodidad, todas las tecnolog\u00edas se denominan \u00abcookies\u00bb). Las cookies tambi\u00e9n son [&hellip;]\" \/>\n<meta property=\"og:url\" content=\"https:\/\/rosanacl.com\/pl\/politica-de-cookies\/\" \/>\n<meta property=\"og:site_name\" content=\"Rosana CL\" \/>\n<meta property=\"article:modified_time\" content=\"2025-07-09T06:54:15+00:00\" \/>\n<meta name=\"twitter:card\" content=\"summary_large_image\" \/>\n<meta name=\"twitter:label1\" content=\"Szacowany czas czytania\" \/>\n\t<meta name=\"twitter:data1\" content=\"4 minuty\" \/>\n<script type=\"application\/ld+json\" class=\"yoast-schema-graph\">{\"@context\":\"https:\\\/\\\/schema.org\",\"@graph\":[{\"@type\":\"WebPage\",\"@id\":\"https:\\\/\\\/rosanacl.com\\\/eu\\\/politica-de-cookies\\\/\",\"url\":\"https:\\\/\\\/rosanacl.com\\\/eu\\\/politica-de-cookies\\\/\",\"name\":\"Pol\u00edtica de Cookies - Rosana CL\",\"isPartOf\":{\"@id\":\"https:\\\/\\\/rosanacl.com\\\/ca\\\/#website\"},\"datePublished\":\"2025-03-28T18:59:16+00:00\",\"dateModified\":\"2025-07-09T06:54:15+00:00\",\"breadcrumb\":{\"@id\":\"https:\\\/\\\/rosanacl.com\\\/eu\\\/politica-de-cookies\\\/#breadcrumb\"},\"inLanguage\":\"pl-PL\",\"potentialAction\":[{\"@type\":\"ReadAction\",\"target\":[\"https:\\\/\\\/rosanacl.com\\\/eu\\\/politica-de-cookies\\\/\"]}]},{\"@type\":\"BreadcrumbList\",\"@id\":\"https:\\\/\\\/rosanacl.com\\\/eu\\\/politica-de-cookies\\\/#breadcrumb\",\"itemListElement\":[{\"@type\":\"ListItem\",\"position\":1,\"name\":\"Portada\",\"item\":\"https:\\\/\\\/rosanacl.com\\\/ca\\\/\"},{\"@type\":\"ListItem\",\"position\":2,\"name\":\"Pol\u00edtica de Cookies\"}]},{\"@type\":\"WebSite\",\"@id\":\"https:\\\/\\\/rosanacl.com\\\/ca\\\/#website\",\"url\":\"https:\\\/\\\/rosanacl.com\\\/ca\\\/\",\"name\":\"Rosana CL\",\"description\":\"Somos tu interior\",\"potentialAction\":[{\"@type\":\"SearchAction\",\"target\":{\"@type\":\"EntryPoint\",\"urlTemplate\":\"https:\\\/\\\/rosanacl.com\\\/ca\\\/?s={search_term_string}\"},\"query-input\":{\"@type\":\"PropertyValueSpecification\",\"valueRequired\":true,\"valueName\":\"search_term_string\"}}],\"inLanguage\":\"pl-PL\"}]}<\/script>\n<!-- \/ Yoast SEO plugin. -->","yoast_head_json":{"title":"Pol\u00edtica de Cookies - Rosana CL","robots":{"index":"index","follow":"follow","max-snippet":"max-snippet:-1","max-image-preview":"max-image-preview:large","max-video-preview":"max-video-preview:-1"},"canonical":"https:\/\/rosanacl.com\/pl\/politica-de-cookies\/","og_locale":"pl_PL","og_type":"article","og_title":"Pol\u00edtica de Cookies - Rosana CL","og_description":"Esta pol\u00edtica de cookies fue actualizada por \u00faltima vez el 08\/01\/2024 y se aplica a los ciudadanos y residentes legales permanentes del Espacio Econ\u00f3mico Europeo y Suiza. 1. Introducci\u00f3n Nuestra web, https:\/\/rosanacl.com\/ (en adelante: \u00abla web\u00bb) utiliza cookies y otras tecnolog\u00edas relacionadas (para mayor comodidad, todas las tecnolog\u00edas se denominan \u00abcookies\u00bb). Las cookies tambi\u00e9n son [&hellip;]","og_url":"https:\/\/rosanacl.com\/pl\/politica-de-cookies\/","og_site_name":"Rosana CL","article_modified_time":"2025-07-09T06:54:15+00:00","twitter_card":"summary_large_image","twitter_misc":{"Szacowany czas czytania":"4 minuty"},"schema":{"@context":"https:\/\/schema.org","@graph":[{"@type":"WebPage","@id":"https:\/\/rosanacl.com\/eu\/politica-de-cookies\/","url":"https:\/\/rosanacl.com\/eu\/politica-de-cookies\/","name":"Pol\u00edtica de Cookies - Rosana CL","isPartOf":{"@id":"https:\/\/rosanacl.com\/ca\/#website"},"datePublished":"2025-03-28T18:59:16+00:00","dateModified":"2025-07-09T06:54:15+00:00","breadcrumb":{"@id":"https:\/\/rosanacl.com\/eu\/politica-de-cookies\/#breadcrumb"},"inLanguage":"pl-PL","potentialAction":[{"@type":"ReadAction","target":["https:\/\/rosanacl.com\/eu\/politica-de-cookies\/"]}]},{"@type":"BreadcrumbList","@id":"https:\/\/rosanacl.com\/eu\/politica-de-cookies\/#breadcrumb","itemListElement":[{"@type":"ListItem","position":1,"name":"Portada","item":"https:\/\/rosanacl.com\/ca\/"},{"@type":"ListItem","position":2,"name":"Pol\u00edtica de Cookies"}]},{"@type":"WebSite","@id":"https:\/\/rosanacl.com\/ca\/#website","url":"https:\/\/rosanacl.com\/ca\/","name":"Rosana CL","description":"Jeste\u015bmy Twoim wn\u0119trzem","potentialAction":[{"@type":"SearchAction","target":{"@type":"EntryPoint","urlTemplate":"https:\/\/rosanacl.com\/ca\/?s={search_term_string}"},"query-input":{"@type":"PropertyValueSpecification","valueRequired":true,"valueName":"search_term_string"}}],"inLanguage":"pl-PL"}]}},"_links":{"self":[{"href":"https:\/\/rosanacl.com\/pl\/wp-json\/wp\/v2\/pages\/16","targetHints":{"allow":["GET"]}}],"collection":[{"href":"https:\/\/rosanacl.com\/pl\/wp-json\/wp\/v2\/pages"}],"about":[{"href":"https:\/\/rosanacl.com\/pl\/wp-json\/wp\/v2\/types\/page"}],"author":[{"embeddable":true,"href":"https:\/\/rosanacl.com\/pl\/wp-json\/wp\/v2\/users\/1"}],"replies":[{"embeddable":true,"href":"https:\/\/rosanacl.com\/pl\/wp-json\/wp\/v2\/comments?post=16"}],"version-history":[{"count":0,"href":"https:\/\/rosanacl.com\/pl\/wp-json\/wp\/v2\/pages\/16\/revisions"}],"wp:attachment":[{"href":"https:\/\/rosanacl.com\/pl\/wp-json\/wp\/v2\/media?parent=16"}],"curies":[{"name":"wp","href":"https:\/\/api.w.org\/{rel}","templated":true}]}}