{"id":18,"date":"2025-03-28T16:03:06","date_gmt":"2025-03-28T19:03:06","guid":{"rendered":"https:\/\/innovacon.simplificandotuweb.com\/?page_id=18"},"modified":"2025-08-01T14:33:36","modified_gmt":"2025-08-01T12:33:36","slug":"aviso-legal","status":"publish","type":"page","link":"https:\/\/rosanacl.com\/pl\/aviso-legal\/","title":{"rendered":"Informacja prawna"},"content":{"rendered":"<div data-elementor-type=\"wp-page\" data-elementor-id=\"18\" class=\"elementor elementor-18\" data-elementor-post-type=\"page\">\n\t\t\t\t<div class=\"elementor-element elementor-element-1f18319 e-flex e-con-boxed e-con e-parent\" data-id=\"1f18319\" data-element_type=\"container\" data-e-type=\"container\" data-settings=\"{&quot;background_background&quot;:&quot;classic&quot;}\">\n\t\t\t\t\t<div class=\"e-con-inner\">\n\t\t<div class=\"elementor-element elementor-element-c2acaab e-con-full e-flex e-con e-child\" data-id=\"c2acaab\" data-element_type=\"container\" data-e-type=\"container\">\n\t\t\t\t<div class=\"elementor-element elementor-element-6f29856 elementor-widget elementor-widget-heading\" data-id=\"6f29856\" data-element_type=\"widget\" data-e-type=\"widget\" data-widget_type=\"heading.default\">\n\t\t\t\t<div class=\"elementor-widget-container\">\n\t\t\t\t\t<h2 class=\"elementor-heading-title elementor-size-default\">Informacja prawna<\/h2>\t\t\t\t<\/div>\n\t\t\t\t<\/div>\n\t\t\t\t<\/div>\n\t\t\t\t\t<\/div>\n\t\t\t\t<\/div>\n\t\t<div class=\"elementor-element elementor-element-7b2ac5e6 e-flex e-con-boxed e-con e-parent\" data-id=\"7b2ac5e6\" data-element_type=\"container\" data-e-type=\"container\">\n\t\t\t\t\t<div class=\"e-con-inner\">\n\t\t\t\t<div class=\"elementor-element elementor-element-2e23d7df elementor-widget elementor-widget-text-editor\" data-id=\"2e23d7df\" data-element_type=\"widget\" data-e-type=\"widget\" data-widget_type=\"text-editor.default\">\n\t\t\t\t<div class=\"elementor-widget-container\">\n\t\t\t\t\t\t\t\t\t\n<p><strong>Administrator danych<\/strong><\/p>\n\n<p>Zgodnie z obowi\u0105zkiem informacyjnym ustanowionym przez Ustaw\u0119 34\/2002 z dnia 11 lipca o us\u0142ugach spo\u0142ecze\u0144stwa informacyjnego i handlu elektronicznym informujemy, \u017ce w\u0142a\u015bcicielem niniejszej strony internetowej jest:<\/p>\n\n<ul class=\"wp-block-list\">\n<li>Firma: Pablo Angulo Maspons<\/li>\n<li>NIF: 73394866A<\/li>\n<li>Populacja: Vinaroz, Hiszpania<\/li>\n<li>Telefon: 613395013<\/li>\n<li>Poczta: <a href=\"mailto:info@rosanacl.com\">info@rosanacl.com<\/a><a href=\"mailto:info@rosanacl.com\">\u00a0<\/a><\/li>\n<\/ul>\n\n<p><strong>Obiekt<\/strong><\/p>\n\n<p>Administrator udost\u0119pnia niniejszy dokument u\u017cytkownikom w celu dostosowania si\u0119 do przepis\u00f3w obowi\u0105zuj\u0105cych przepis\u00f3w o ochronie danych osobowych, a tak\u017ce w kontek\u015bcie nowych ram regulacyjnych ustanowionych na mocy przepis\u00f3w Rozporz\u0105dzenia Parlamentu Europejskiego i Rady (UE) 2016\/679 z dnia 27 kwietnia 2016 r. w sprawie ochrony os\u00f3b fizycznych w zwi\u0105zku z przetwarzaniem danych osobowych i w sprawie swobodnego przep\u0142ywu takich danych (zwanego dalej \u201eRODO\u201d) oraz krajowych przepis\u00f3w o ochronie danych osobowych, a tak\u017ce w celu poinformowania wszystkich u\u017cytkownik\u00f3w strony internetowej o warunkach korzystania z niej. Ka\u017cda osoba uzyskuj\u0105ca dost\u0119p do niniejszej strony internetowej przyjmuje rol\u0119 u\u017cytkownika, zobowi\u0105zuj\u0105c si\u0119 do przestrzegania i \u015bcis\u0142ego przestrzegania postanowie\u0144 zawartych w niniejszym dokumencie, a tak\u017ce wszelkich innych obowi\u0105zuj\u0105cych przepis\u00f3w prawa. Administrator zastrzega sobie prawo do zmiany wszelkiego rodzaju informacji, kt\u00f3re mog\u0105 pojawi\u0107 si\u0119 na stronie internetowej, bez obowi\u0105zku powiadamiania lub informowania u\u017cytkownik\u00f3w o tych obowi\u0105zkach, przy czym publikacja na stronie internetowej Administratora jest uwa\u017cana za wystarczaj\u0105c\u0105.<\/p>\n\n<p><strong>Odpowiedzialno\u015b\u0107<\/strong><\/p>\n\n<p>Administrator nie ponosi \u017cadnej odpowiedzialno\u015bci za informacje opublikowane na swojej stronie internetowej, pod warunkiem, \u017ce informacje te zosta\u0142y zmanipulowane lub wprowadzone przez osob\u0119 trzeci\u0105 inn\u0105 ni\u017c Administrator.<\/p>\n\n<p><strong>Adresy IP<\/strong><\/p>\n\n<p>Serwery witryny automatycznie wykrywaj\u0105 adres IP i nazw\u0119 domeny u\u017cywane przez u\u017cytkownika. Adres IP to numer automatycznie przypisywany komputerowi podczas \u0142\u0105czenia si\u0119 z internetem. Wszystkie te informacje s\u0105 rejestrowane w odpowiednio zarejestrowanym dzienniku aktywno\u015bci serwera, co umo\u017cliwia p\u00f3\u017aniejsze przetwarzanie danych w celu uzyskania czysto statystycznych danych, takich jak liczba wy\u015bwietle\u0144 stron, liczba wizyt na serwerach internetowych, kolejno\u015b\u0107 wizyt, punkt dost\u0119pu itp.<\/p>\n\n<p><strong>Polityka dotycz\u0105ca link\u00f3w<\/strong><\/p>\n\n<p>Z tej strony internetowej mo\u017cesz zosta\u0107 przekierowany do tre\u015bci na stronach internetowych os\u00f3b trzecich. Poniewa\u017c Administrator nie zawsze mo\u017ce kontrolowa\u0107 tre\u015bci publikowane przez osoby trzecie na ich stronach internetowych, nie ponosi za nie \u017cadnej odpowiedzialno\u015bci. W ka\u017cdym przypadku Administrator o\u015bwiadcza, \u017ce niezw\u0142ocznie usunie wszelkie tre\u015bci, kt\u00f3re mog\u0105 narusza\u0107 przepisy krajowe lub mi\u0119dzynarodowe, moralno\u015b\u0107 lub porz\u0105dek publiczny, oraz niezw\u0142ocznie usunie przekierowanie do tej strony internetowej i powiadomi w\u0142a\u015bciwe organy o kwestionowanych tre\u015bciach. Administrator nie ponosi odpowiedzialno\u015bci za przechowywane informacje i tre\u015bci, w tym mi\u0119dzy innymi fora, czaty, generatory blog\u00f3w, komentarze, sieci spo\u0142eczno\u015bciowe ani \u017cadne inne \u015brodki umo\u017cliwiaj\u0105ce osobom trzecim niezale\u017cne publikowanie tre\u015bci na stronie internetowej Administratora. Jednak\u017ce, zgodnie z postanowieniami art. 11 i 16 LSSICE (hiszpa\u0144skiej ustawy o us\u0142ugach spo\u0142ecze\u0144stwa informacyjnego), Administrator udost\u0119pnia si\u0119 wszystkim u\u017cytkownikom, organom w\u0142adzy i si\u0142om bezpiecze\u0144stwa, aktywnie wsp\u00f3\u0142pracuj\u0105c w usuwaniu lub, w stosownych przypadkach, blokowaniu wszelkich tre\u015bci, kt\u00f3re mog\u0105 narusza\u0107 lub wp\u0142ywa\u0107 na przepisy krajowe lub mi\u0119dzynarodowe, prawa os\u00f3b trzecich lub moralno\u015b\u0107 i porz\u0105dek publiczny. Je\u015bli u\u017cytkownik uwa\u017ca, \u017ce na stronie znajduj\u0105 si\u0119 tre\u015bci, kt\u00f3re mog\u0105 zosta\u0107 uznane za szkodliwe, prosimy o natychmiastowe powiadomienie administratora strony. Niniejsza strona internetowa zosta\u0142a sprawdzona i przetestowana pod k\u0105tem prawid\u0142owego dzia\u0142ania. Zasadniczo prawid\u0142owe dzia\u0142anie strony jest gwarantowane 365 dni w roku, 24 godziny na dob\u0119. Administrator nie wyklucza jednak mo\u017cliwo\u015bci wyst\u0105pienia b\u0142\u0119d\u00f3w programistycznych ani mo\u017cliwo\u015bci, \u017ce stan\u0105 si\u0119 one przyczyn\u0105 si\u0142y wy\u017cszej, kl\u0119sk \u017cywio\u0142owych, strajk\u00f3w lub podobnych okoliczno\u015bci uniemo\u017cliwiaj\u0105cych dost\u0119p do strony.<\/p>\n\n<p><strong>Ochrona danych<\/strong><\/p>\n\n<p>Administrator dok\u0142ada wszelkich stara\u0144, aby przestrzega\u0107 przepis\u00f3w obowi\u0105zuj\u0105cych przepis\u00f3w o ochronie danych osobowych, w kontek\u015bcie nowych ram regulacyjnych ustanowionych na mocy przepis\u00f3w Rozporz\u0105dzenia Parlamentu Europejskiego i Rady (UE) 2016\/679 z dnia 27 kwietnia 2016 r. w sprawie ochrony os\u00f3b fizycznych w zwi\u0105zku z przetwarzaniem danych osobowych i w sprawie swobodnego przep\u0142ywu takich danych (dalej \u201eRODO\u201d) oraz krajowych przepis\u00f3w dotycz\u0105cych ochrony danych osobowych. Administrator informuje r\u00f3wnie\u017c, \u017ce przestrzega Ustawy 34\/2002 z dnia 11 lipca 2002 r. o us\u0142ugach spo\u0142ecze\u0144stwa informacyjnego i handlu elektronicznym i b\u0119dzie w ka\u017cdym przypadku prosi\u0107 Pa\u0144stwa o zgod\u0119 na przetwarzanie Pa\u0144stwa danych w celach komercyjnych.<\/p>\n\n<p><strong>W\u0142asno\u015b\u0107 intelektualna i przemys\u0142owa<\/strong><\/p>\n\n<p>Strona internetowa, w tym mi\u0119dzy innymi jej programowanie, edycja, kompilacja i inne elementy niezb\u0119dne do jej dzia\u0142ania, projekty, logo, tekst i\/lub grafika, stanowi\u0105 w\u0142asno\u015b\u0107 Administratora Danych lub, w stosownych przypadkach, posiadaj\u0105 licencj\u0119 lub wyra\u017ane upowa\u017cnienie autor\u00f3w. Ca\u0142a zawarto\u015b\u0107 strony internetowej jest nale\u017cycie chroniona przepisami o ochronie w\u0142asno\u015bci intelektualnej i przemys\u0142owej. Niezale\u017cnie od zamierzonego celu, pe\u0142ne lub cz\u0119\u015bciowe powielanie, u\u017cywanie, eksploatacja, dystrybucja i marketing zawsze wymagaj\u0105 uprzedniej pisemnej zgody Administratora Danych. Ka\u017cde u\u017cycie nieupowa\u017cnione przez Administratora Danych b\u0119dzie uwa\u017cane za powa\u017cne naruszenie praw w\u0142asno\u015bci intelektualnej lub przemys\u0142owej autora. Projekty, logo, tekst i\/lub grafika nienale\u017c\u0105ce do po\u017cyczkodawcy, a kt\u00f3re mog\u0105 pojawi\u0107 si\u0119 na stronie internetowej, nale\u017c\u0105 do ich odpowiednich w\u0142a\u015bcicieli, kt\u00f3rzy ponosz\u0105 odpowiedzialno\u015b\u0107 za wszelkie potencjalne spory, kt\u00f3re mog\u0105 wynikn\u0105\u0107 w zwi\u0105zku z nimi. W ka\u017cdym przypadku Administrator Danych posiada jego wyra\u017ane upowa\u017cnienie. Administrator Danych wyra\u017anie upowa\u017cnia osoby trzecie do bezpo\u015bredniego przekierowywania do okre\u015blonych tre\u015bci na stronie internetowej, a w ka\u017cdym przypadku musz\u0105 one przekierowywa\u0107 do strony g\u0142\u00f3wnej Administratora Danych. Administrator uznaje odpowiednie prawa w\u0142asno\u015bci intelektualnej i przemys\u0142owej ich w\u0142a\u015bcicieli, a samo ich wymienienie lub pojawienie si\u0119 na stronie internetowej nie oznacza istnienia praw ani odpowiedzialno\u015bci Administratora w odniesieniu do tych praw, ani te\u017c nie oznacza ich wsparcia, sponsorowania ani rekomendacji. Do wszystkich obraz\u00f3w, dla kt\u00f3rych oprogramowanie do projektowania na to pozwala, do\u0142\u0105czono odpowiednie odniesienia do autorstwa i licencji. Aby zg\u0142osi\u0107 uwagi dotycz\u0105ce mo\u017cliwych narusze\u0144 praw w\u0142asno\u015bci intelektualnej lub przemys\u0142owej, a tak\u017ce wszelkich tre\u015bci strony internetowej, mo\u017cna to zrobi\u0107 za po\u015brednictwem nast\u0119puj\u0105cego adresu e-mail: <a href=\"mailto:info@rosanacl.com\">info@rosanacl.com<\/a><\/p>\n\n<p>\u00a0<\/p>\n\t\t\t\t\t\t\t\t<\/div>\n\t\t\t\t<\/div>\n\t\t\t\t\t<\/div>\n\t\t\t\t<\/div>\n\t\t\t\t<\/div>","protected":false},"excerpt":{"rendered":"<p>Responsable del tratamiento de los datos En cumplimiento del deber de informaci\u00f3n que establece la Ley La 34\/2002, de 11 de julio, de Servicios de la Sociedad de la Informaci\u00f3n y del Comercio Electr\u00f3nico, le comunicamos que esta web es titularidad de: Objeto El Responsable pone a disposici\u00f3n de los usuarios este documento con el [&hellip;]<\/p>\n","protected":false},"author":1,"featured_media":0,"parent":0,"menu_order":0,"comment_status":"closed","ping_status":"closed","template":"","meta":{"content-type":"","footnotes":""},"class_list":["post-18","page","type-page","status-publish","hentry"],"yoast_head":"<!-- This site is optimized with the Yoast SEO plugin v27.4 - https:\/\/yoast.com\/product\/yoast-seo-wordpress\/ -->\n<title>Aviso Legal - Rosana CL<\/title>\n<meta name=\"robots\" content=\"index, follow, max-snippet:-1, max-image-preview:large, max-video-preview:-1\" \/>\n<link rel=\"canonical\" href=\"https:\/\/rosanacl.com\/pl\/aviso-legal\/\" \/>\n<meta property=\"og:locale\" content=\"pl_PL\" \/>\n<meta property=\"og:type\" content=\"article\" \/>\n<meta property=\"og:title\" content=\"Aviso Legal - Rosana CL\" \/>\n<meta property=\"og:description\" content=\"Responsable del tratamiento de los datos En cumplimiento del deber de informaci\u00f3n que establece la Ley La 34\/2002, de 11 de julio, de Servicios de la Sociedad de la Informaci\u00f3n y del Comercio Electr\u00f3nico, le comunicamos que esta web es titularidad de: Objeto El Responsable pone a disposici\u00f3n de los usuarios este documento con el [&hellip;]\" \/>\n<meta property=\"og:url\" content=\"https:\/\/rosanacl.com\/pl\/aviso-legal\/\" \/>\n<meta property=\"og:site_name\" content=\"Rosana CL\" \/>\n<meta property=\"article:modified_time\" content=\"2025-08-01T12:33:36+00:00\" \/>\n<meta name=\"twitter:card\" content=\"summary_large_image\" \/>\n<meta name=\"twitter:label1\" content=\"Szacowany czas czytania\" \/>\n\t<meta name=\"twitter:data1\" content=\"6 minut\" \/>\n<script type=\"application\/ld+json\" class=\"yoast-schema-graph\">{\"@context\":\"https:\\\/\\\/schema.org\",\"@graph\":[{\"@type\":\"WebPage\",\"@id\":\"https:\\\/\\\/rosanacl.com\\\/aviso-legal\\\/\",\"url\":\"https:\\\/\\\/rosanacl.com\\\/aviso-legal\\\/\",\"name\":\"Aviso Legal - Rosana CL\",\"isPartOf\":{\"@id\":\"https:\\\/\\\/rosanacl.com\\\/ca\\\/#website\"},\"datePublished\":\"2025-03-28T19:03:06+00:00\",\"dateModified\":\"2025-08-01T12:33:36+00:00\",\"breadcrumb\":{\"@id\":\"https:\\\/\\\/rosanacl.com\\\/aviso-legal\\\/#breadcrumb\"},\"inLanguage\":\"pl-PL\",\"potentialAction\":[{\"@type\":\"ReadAction\",\"target\":[\"https:\\\/\\\/rosanacl.com\\\/aviso-legal\\\/\"]}]},{\"@type\":\"BreadcrumbList\",\"@id\":\"https:\\\/\\\/rosanacl.com\\\/aviso-legal\\\/#breadcrumb\",\"itemListElement\":[{\"@type\":\"ListItem\",\"position\":1,\"name\":\"Portada\",\"item\":\"https:\\\/\\\/rosanacl.com\\\/ca\\\/\"},{\"@type\":\"ListItem\",\"position\":2,\"name\":\"Aviso Legal\"}]},{\"@type\":\"WebSite\",\"@id\":\"https:\\\/\\\/rosanacl.com\\\/ca\\\/#website\",\"url\":\"https:\\\/\\\/rosanacl.com\\\/ca\\\/\",\"name\":\"Rosana CL\",\"description\":\"Somos tu interior\",\"potentialAction\":[{\"@type\":\"SearchAction\",\"target\":{\"@type\":\"EntryPoint\",\"urlTemplate\":\"https:\\\/\\\/rosanacl.com\\\/ca\\\/?s={search_term_string}\"},\"query-input\":{\"@type\":\"PropertyValueSpecification\",\"valueRequired\":true,\"valueName\":\"search_term_string\"}}],\"inLanguage\":\"pl-PL\"}]}<\/script>\n<!-- \/ Yoast SEO plugin. -->","yoast_head_json":{"title":"Aviso Legal - Rosana CL","robots":{"index":"index","follow":"follow","max-snippet":"max-snippet:-1","max-image-preview":"max-image-preview:large","max-video-preview":"max-video-preview:-1"},"canonical":"https:\/\/rosanacl.com\/pl\/aviso-legal\/","og_locale":"pl_PL","og_type":"article","og_title":"Aviso Legal - Rosana CL","og_description":"Responsable del tratamiento de los datos En cumplimiento del deber de informaci\u00f3n que establece la Ley La 34\/2002, de 11 de julio, de Servicios de la Sociedad de la Informaci\u00f3n y del Comercio Electr\u00f3nico, le comunicamos que esta web es titularidad de: Objeto El Responsable pone a disposici\u00f3n de los usuarios este documento con el [&hellip;]","og_url":"https:\/\/rosanacl.com\/pl\/aviso-legal\/","og_site_name":"Rosana CL","article_modified_time":"2025-08-01T12:33:36+00:00","twitter_card":"summary_large_image","twitter_misc":{"Szacowany czas czytania":"6 minut"},"schema":{"@context":"https:\/\/schema.org","@graph":[{"@type":"WebPage","@id":"https:\/\/rosanacl.com\/aviso-legal\/","url":"https:\/\/rosanacl.com\/aviso-legal\/","name":"Aviso Legal - Rosana CL","isPartOf":{"@id":"https:\/\/rosanacl.com\/ca\/#website"},"datePublished":"2025-03-28T19:03:06+00:00","dateModified":"2025-08-01T12:33:36+00:00","breadcrumb":{"@id":"https:\/\/rosanacl.com\/aviso-legal\/#breadcrumb"},"inLanguage":"pl-PL","potentialAction":[{"@type":"ReadAction","target":["https:\/\/rosanacl.com\/aviso-legal\/"]}]},{"@type":"BreadcrumbList","@id":"https:\/\/rosanacl.com\/aviso-legal\/#breadcrumb","itemListElement":[{"@type":"ListItem","position":1,"name":"Portada","item":"https:\/\/rosanacl.com\/ca\/"},{"@type":"ListItem","position":2,"name":"Aviso Legal"}]},{"@type":"WebSite","@id":"https:\/\/rosanacl.com\/ca\/#website","url":"https:\/\/rosanacl.com\/ca\/","name":"Rosana CL","description":"Jeste\u015bmy Twoim wn\u0119trzem","potentialAction":[{"@type":"SearchAction","target":{"@type":"EntryPoint","urlTemplate":"https:\/\/rosanacl.com\/ca\/?s={search_term_string}"},"query-input":{"@type":"PropertyValueSpecification","valueRequired":true,"valueName":"search_term_string"}}],"inLanguage":"pl-PL"}]}},"_links":{"self":[{"href":"https:\/\/rosanacl.com\/pl\/wp-json\/wp\/v2\/pages\/18","targetHints":{"allow":["GET"]}}],"collection":[{"href":"https:\/\/rosanacl.com\/pl\/wp-json\/wp\/v2\/pages"}],"about":[{"href":"https:\/\/rosanacl.com\/pl\/wp-json\/wp\/v2\/types\/page"}],"author":[{"embeddable":true,"href":"https:\/\/rosanacl.com\/pl\/wp-json\/wp\/v2\/users\/1"}],"replies":[{"embeddable":true,"href":"https:\/\/rosanacl.com\/pl\/wp-json\/wp\/v2\/comments?post=18"}],"version-history":[{"count":0,"href":"https:\/\/rosanacl.com\/pl\/wp-json\/wp\/v2\/pages\/18\/revisions"}],"wp:attachment":[{"href":"https:\/\/rosanacl.com\/pl\/wp-json\/wp\/v2\/media?parent=18"}],"curies":[{"name":"wp","href":"https:\/\/api.w.org\/{rel}","templated":true}]}}