{"id":2006,"date":"2025-05-23T08:26:39","date_gmt":"2025-05-23T06:26:39","guid":{"rendered":"https:\/\/rosanacl.com\/?page_id=2006"},"modified":"2025-12-14T22:28:46","modified_gmt":"2025-12-14T21:28:46","slug":"politica-de-devolucion","status":"publish","type":"page","link":"https:\/\/rosanacl.com\/pl\/politica-de-devolucion\/","title":{"rendered":"Polityka zwrot\u00f3w"},"content":{"rendered":"<div data-elementor-type=\"wp-page\" data-elementor-id=\"2006\" class=\"elementor elementor-2006\" data-elementor-post-type=\"page\">\n\t\t\t\t<div class=\"elementor-element elementor-element-7a0b207 e-flex e-con-boxed e-con e-parent\" data-id=\"7a0b207\" data-element_type=\"container\" data-e-type=\"container\" data-settings=\"{&quot;background_background&quot;:&quot;classic&quot;}\">\n\t\t\t\t\t<div class=\"e-con-inner\">\n\t\t<div class=\"elementor-element elementor-element-2fcf4bc e-con-full e-flex e-con e-child\" data-id=\"2fcf4bc\" data-element_type=\"container\" data-e-type=\"container\">\n\t\t\t\t<div class=\"elementor-element elementor-element-d10b990 elementor-widget elementor-widget-heading\" data-id=\"d10b990\" data-element_type=\"widget\" data-e-type=\"widget\" data-widget_type=\"heading.default\">\n\t\t\t\t<div class=\"elementor-widget-container\">\n\t\t\t\t\t<h2 class=\"elementor-heading-title elementor-size-default\">Polityka zwrot\u00f3w<\/h2>\t\t\t\t<\/div>\n\t\t\t\t<\/div>\n\t\t\t\t<\/div>\n\t\t\t\t\t<\/div>\n\t\t\t\t<\/div>\n\t\t<div class=\"elementor-element elementor-element-eca30f2 e-flex e-con-boxed e-con e-parent\" data-id=\"eca30f2\" data-element_type=\"container\" data-e-type=\"container\">\n\t\t\t\t\t<div class=\"e-con-inner\">\n\t\t\t\t<div class=\"elementor-element elementor-element-8328658 elementor-widget elementor-widget-text-editor\" data-id=\"8328658\" data-element_type=\"widget\" data-e-type=\"widget\" data-widget_type=\"text-editor.default\">\n\t\t\t\t<div class=\"elementor-widget-container\">\n\t\t\t\t\t\t\t\t\t<p>Niniejsza polityka zwrot\u00f3w zosta\u0142a ostatnio zaktualizowana 23 maja 2025 r. i ma zastosowanie do wszystkich zakup\u00f3w dokonanych za po\u015brednictwem naszej strony internetowej: <a href=\"https:\/\/rosanacl.com\/pl\/\">https:\/\/rosanacl.com\/<\/a><\/p>\n<p><!-- \/wp:paragraph --><!-- wp:paragraph --><\/p>\n<p><strong>1. Prawo odst\u0105pienia od umowy<\/strong><\/p>\n<p><!-- \/wp:paragraph --><!-- wp:paragraph --><\/p>\n<p>Masz prawo odst\u0105pi\u0107 od umowy w ci\u0105gu 14 dni kalendarzowych od otrzymania produktu, bez podawania przyczyny. Aby skorzysta\u0107 z tego prawa, mo\u017cesz skontaktowa\u0107 si\u0119 z nami, korzystaj\u0105c z informacji podanych na ko\u0144cu niniejszej polityki.<\/p>\n<p><!-- \/wp:paragraph --><!-- wp:paragraph --><\/p>\n<p><strong>2. Warunki zwrotu<\/strong><\/p>\n<p><!-- \/wp:paragraph --><!-- wp:paragraph --><\/p>\n<p>Aby zwrot zosta\u0142 przyj\u0119ty, produkt musi by\u0107 w idealnym stanie, nie mo\u017ce nosi\u0107 \u015blad\u00f3w u\u017cytkowania ani prania, a tak\u017ce musi posiada\u0107 oryginalne opakowanie, nienaruszone etykiety oraz wszelkie akcesoria lub instrukcje, je\u015bli dotyczy.<\/p>\n<p><!-- \/wp:paragraph --><!-- wp:paragraph --><\/p>\n<p>Zwroty produkt\u00f3w niespe\u0142niaj\u0105cych niniejszych warunk\u00f3w lub nale\u017c\u0105cych do poni\u017cszych kategorii nie b\u0119d\u0105 akceptowane:<\/p>\n<p><!-- \/wp:paragraph --><!-- wp:list --><\/p>\n<ul>\n<li>Bielizna (stringi, majtki, bokserki, rajstopy, pasy, kuloty, body lub inna cz\u0119\u015b\u0107 garderoby maj\u0105ca kontakt z intymnymi miejscami).<\/li>\n<li>Produkty higieniczne i zdrowotne bez oryginalnego opakowania.<\/li>\n<li>Przedmioty spersonalizowane, nietrwa\u0142e lub cyfrowe.<\/li>\n<li>Biustonosze silikonowe i biustonosze bez plec\u00f3w.<\/li>\n<li>Produkty bez opakowania lub z uszkodzonym pude\u0142kiem.<\/li>\n<li>Produkty u\u017cywane, uszkodzone, poplamione lub nieoznakowane.<\/li>\n<li>Powiadomienie o sp\u00f3\u017anionej wymianie i zwrocie.<\/li>\n<\/ul>\n<p><!-- \/wp:list --><!-- wp:paragraph --><\/p>\n<p>Je\u017celi wymagania nie zostan\u0105 spe\u0142nione, klient zostanie o tym powiadomiony, a zwrot zostanie odrzucony.<\/p>\n<p><!-- \/wp:paragraph --><!-- wp:paragraph --><\/p>\n<p><strong>3. Czy wprowadzono zmiany?<\/strong><\/p>\n<p><!-- \/wp:paragraph --><!-- wp:paragraph --><\/p>\n<p data-start=\"157\" data-end=\"432\"><span style=\"font-size: 1rem;\">Tak, akceptujemy wymian\u0119 produkt\u00f3w, pod warunkiem, \u017ce s\u0105 w idealnym stanie, nieu\u017cywane i w oryginalnym opakowaniu. Je\u015bli chcesz wymieni\u0107 produkt na inny (na przyk\u0142ad na inny rozmiar, kolor lub model), skontaktuj si\u0119 z nami w celu ustalenia szczeg\u00f3\u0142\u00f3w wymiany.<\/span><\/p>\n<p data-start=\"157\" data-end=\"432\">\n<\/p><p data-start=\"436\" data-end=\"601\"><span style=\"font-size: 1rem;\">Je\u017celi wymiana nie mo\u017ce zosta\u0107 dokonana bezpo\u015brednio, zawsze mo\u017cesz skorzysta\u0107 z prawa odst\u0105pienia od umowy i \u017c\u0105da\u0107 zwrotu pieni\u0119dzy zgodnie z obowi\u0105zuj\u0105cymi przepisami oraz w spos\u00f3b wskazany w punkcie 1 niniejszej polityki.<\/span><\/p>\n<p data-start=\"436\" data-end=\"601\">Wymiany produktu mo\u017cna dokona\u0107 w ci\u0105gu 3 dni od otrzymania.<\/p>\n<p><!-- \/wp:paragraph --><!-- wp:paragraph --><\/p>\n<p><strong>4. Proces zwrotu<\/strong><\/p>\n<p><!-- \/wp:paragraph --><!-- wp:paragraph --><\/p>\n<p>Gdy tylko powiadomisz nas o zamiarze zwrotu towaru, wy\u015blemy Ci instrukcje dotycz\u0105ce zwrotu towaru.<\/p>\n<p><!-- \/wp:paragraph --><!-- wp:paragraph --><\/p>\n<p>Koszty wysy\u0142ki zwrotnej, a tak\u017ce wszelkie inne zwi\u0105zane z tym op\u0142aty, takie jak c\u0142o, pokrywa klient, chyba \u017ce produkt jest wadliwy lub powsta\u0142 z naszej winy. W takich przypadkach pokrywamy koszty odbioru i zwrotu.<\/p>\n<p><!-- \/wp:paragraph --><!-- wp:paragraph --><\/p>\n<p><strong>5. Zwrot pieni\u0119dzy<\/strong><\/p>\n<p><!-- \/wp:paragraph --><!-- wp:paragraph --><\/p>\n<p>Po otrzymaniu i sprawdzeniu zwr\u00f3conego produktu, zrealizujemy zwrot w ci\u0105gu maksymalnie 14 dni kalendarzowych. Zwrot zostanie zrealizowany t\u0105 sam\u0105 metod\u0105 p\u0142atno\u015bci, kt\u00f3rej u\u017cyto do zakupu, chyba \u017ce uzgodniono inaczej.<\/p>\n<p><!-- \/wp:paragraph --><!-- wp:paragraph --><\/p>\n<p>W zale\u017cno\u015bci od wybranej metody p\u0142atno\u015bci zwrot zostanie zrealizowany w nast\u0119puj\u0105cy spos\u00f3b:<\/p>\n<p><!-- \/wp:paragraph --><!-- wp:list --><\/p>\n<ul>\n<li>Karta bankowa: wp\u0142ata na powi\u0105zane konto.<\/li>\n<li>Bizum: wp\u0142ata na powi\u0105zane konto.<\/li>\n<li>Przelew: zwrot pieni\u0119dzy na konto, z kt\u00f3rego dokonano p\u0142atno\u015bci.<\/li>\n<\/ul>\n<p><!-- \/wp:list --><!-- wp:paragraph --><\/p>\n<p><strong>6. Wadliwe produkty lub b\u0142\u0119dy w zam\u00f3wieniu<\/strong><\/p>\n<p><!-- \/wp:paragraph --><!-- wp:paragraph --><\/p>\n<p>Je\u015bli produkt oka\u017ce si\u0119 wadliwy lub w zam\u00f3wieniu wyst\u0105pi\u0142 b\u0142\u0105d, prosimy o jak najszybszy kontakt. Pokryjemy wszystkie koszty wysy\u0142ki i zorganizujemy zwrot pieni\u0119dzy lub wymian\u0119 wadliwego produktu.<\/p>\n<p><!-- \/wp:paragraph --><!-- wp:paragraph --><\/p>\n<p><strong>7. Zasady wysy\u0142ki<\/strong><\/p>\n<p>Koszty wysy\u0142ki i odprawy celnej zwi\u0105zane ze zwrotem ponosi klient.<\/p>\n<p data-start=\"92\" data-end=\"137\"><strong data-start=\"92\" data-end=\"137\">Zalecenia przed z\u0142o\u017ceniem zam\u00f3wienia<\/strong><\/p>\n<p data-start=\"139\" data-end=\"351\">Zalecamy dok\u0142adne zapoznanie si\u0119 z rozmiarami przed sfinalizowaniem zakupu. Wa\u017cne jest, aby zmierzy\u0107 si\u0119 i por\u00f3wna\u0107 swoje wymiary z naszym przewodnikiem po rozmiarach lub kalkulatorem, aby upewni\u0107 si\u0119, \u017ce wybierzesz najodpowiedniejsz\u0105 opcj\u0119.<\/p>\n<p data-start=\"353\" data-end=\"571\">W ten spos\u00f3b wsp\u00f3lnie staramy si\u0119 unika\u0107 niepotrzebnych wymian i zwrot\u00f3w, co nie tylko pozwala nam ograniczy\u0107 koszty wysy\u0142ki i zwrot\u00f3w dla klienta, ale tak\u017ce pomaga zminimalizowa\u0107 wp\u0142yw na \u015brodowisko.<\/p>\n<p><\/p>\n<p data-start=\"573\" data-end=\"615\">Dzi\u0119kujemy za Pa\u0144stwa zrozumienie i wsp\u00f3\u0142prac\u0119.<\/p>\n<p><!-- \/wp:paragraph --><!-- wp:paragraph --><\/p>\n<p>W przypadku jakichkolwiek pr\u00f3\u015bb dotycz\u0105cych zwrot\u00f3w prosimy o kontakt:<\/p>\n<p><!-- \/wp:paragraph --><!-- wp:list --><\/p>\n<ul>\n<li>Firma: Pablo Angulo Maspons<\/li>\n<li>Populacja: Vinaroz, Hiszpania<\/li>\n<li>Telefon: 613395013<\/li>\n<li>Poczta: <a href=\"mailto:info@rosanacl.com\">info@rosanacl.com <\/a><\/li>\n<\/ul>\t\t\t\t\t\t\t\t<\/div>\n\t\t\t\t<\/div>\n\t\t\t\t\t<\/div>\n\t\t\t\t<\/div>\n\t\t\t\t<\/div>","protected":false},"excerpt":{"rendered":"<p>Esta pol\u00edtica de devoluciones fue actualizada por \u00faltima vez el 23\/05\/2025 y se aplica a todas las compras realizadas a trav\u00e9s de nuestra web: https:\/\/rosanacl.com\/ 1. Derecho de desistimiento Tienes derecho a desistir de tu compra dentro de un plazo de 14 d\u00edas naturales desde la recepci\u00f3n del producto, sin necesidad de justificaci\u00f3n. Para ejercer [&hellip;]<\/p>\n","protected":false},"author":1,"featured_media":0,"parent":0,"menu_order":0,"comment_status":"closed","ping_status":"closed","template":"","meta":{"content-type":"","footnotes":""},"class_list":["post-2006","page","type-page","status-publish","hentry"],"yoast_head":"<!-- This site is optimized with the Yoast SEO plugin v27.4 - https:\/\/yoast.com\/product\/yoast-seo-wordpress\/ -->\n<title>Pol\u00edtica de Devoluci\u00f3n - Rosana CL<\/title>\n<meta name=\"robots\" content=\"index, follow, max-snippet:-1, max-image-preview:large, max-video-preview:-1\" \/>\n<link rel=\"canonical\" href=\"https:\/\/rosanacl.com\/pl\/politica-de-devolucion\/\" \/>\n<meta property=\"og:locale\" content=\"pl_PL\" \/>\n<meta property=\"og:type\" content=\"article\" \/>\n<meta property=\"og:title\" content=\"Pol\u00edtica de Devoluci\u00f3n - Rosana CL\" \/>\n<meta property=\"og:description\" content=\"Esta pol\u00edtica de devoluciones fue actualizada por \u00faltima vez el 23\/05\/2025 y se aplica a todas las compras realizadas a trav\u00e9s de nuestra web: https:\/\/rosanacl.com\/ 1. Derecho de desistimiento Tienes derecho a desistir de tu compra dentro de un plazo de 14 d\u00edas naturales desde la recepci\u00f3n del producto, sin necesidad de justificaci\u00f3n. Para ejercer [&hellip;]\" \/>\n<meta property=\"og:url\" content=\"https:\/\/rosanacl.com\/pl\/politica-de-devolucion\/\" \/>\n<meta property=\"og:site_name\" content=\"Rosana CL\" \/>\n<meta property=\"article:modified_time\" content=\"2025-12-14T21:28:46+00:00\" \/>\n<meta name=\"twitter:card\" content=\"summary_large_image\" \/>\n<meta name=\"twitter:label1\" content=\"Szacowany czas czytania\" \/>\n\t<meta name=\"twitter:data1\" content=\"3 minuty\" \/>\n<script type=\"application\/ld+json\" class=\"yoast-schema-graph\">{\"@context\":\"https:\\\/\\\/schema.org\",\"@graph\":[{\"@type\":\"WebPage\",\"@id\":\"https:\\\/\\\/rosanacl.com\\\/politica-de-devolucion\\\/\",\"url\":\"https:\\\/\\\/rosanacl.com\\\/politica-de-devolucion\\\/\",\"name\":\"Pol\u00edtica de Devoluci\u00f3n - Rosana CL\",\"isPartOf\":{\"@id\":\"https:\\\/\\\/rosanacl.com\\\/ca\\\/#website\"},\"datePublished\":\"2025-05-23T06:26:39+00:00\",\"dateModified\":\"2025-12-14T21:28:46+00:00\",\"breadcrumb\":{\"@id\":\"https:\\\/\\\/rosanacl.com\\\/politica-de-devolucion\\\/#breadcrumb\"},\"inLanguage\":\"pl-PL\",\"potentialAction\":[{\"@type\":\"ReadAction\",\"target\":[\"https:\\\/\\\/rosanacl.com\\\/politica-de-devolucion\\\/\"]}]},{\"@type\":\"BreadcrumbList\",\"@id\":\"https:\\\/\\\/rosanacl.com\\\/politica-de-devolucion\\\/#breadcrumb\",\"itemListElement\":[{\"@type\":\"ListItem\",\"position\":1,\"name\":\"Portada\",\"item\":\"https:\\\/\\\/rosanacl.com\\\/ca\\\/\"},{\"@type\":\"ListItem\",\"position\":2,\"name\":\"Pol\u00edtica de Devoluci\u00f3n\"}]},{\"@type\":\"WebSite\",\"@id\":\"https:\\\/\\\/rosanacl.com\\\/ca\\\/#website\",\"url\":\"https:\\\/\\\/rosanacl.com\\\/ca\\\/\",\"name\":\"Rosana CL\",\"description\":\"Somos tu interior\",\"potentialAction\":[{\"@type\":\"SearchAction\",\"target\":{\"@type\":\"EntryPoint\",\"urlTemplate\":\"https:\\\/\\\/rosanacl.com\\\/ca\\\/?s={search_term_string}\"},\"query-input\":{\"@type\":\"PropertyValueSpecification\",\"valueRequired\":true,\"valueName\":\"search_term_string\"}}],\"inLanguage\":\"pl-PL\"}]}<\/script>\n<!-- \/ Yoast SEO plugin. -->","yoast_head_json":{"title":"Pol\u00edtica de Devoluci\u00f3n - Rosana CL","robots":{"index":"index","follow":"follow","max-snippet":"max-snippet:-1","max-image-preview":"max-image-preview:large","max-video-preview":"max-video-preview:-1"},"canonical":"https:\/\/rosanacl.com\/pl\/politica-de-devolucion\/","og_locale":"pl_PL","og_type":"article","og_title":"Pol\u00edtica de Devoluci\u00f3n - Rosana CL","og_description":"Esta pol\u00edtica de devoluciones fue actualizada por \u00faltima vez el 23\/05\/2025 y se aplica a todas las compras realizadas a trav\u00e9s de nuestra web: https:\/\/rosanacl.com\/ 1. Derecho de desistimiento Tienes derecho a desistir de tu compra dentro de un plazo de 14 d\u00edas naturales desde la recepci\u00f3n del producto, sin necesidad de justificaci\u00f3n. Para ejercer [&hellip;]","og_url":"https:\/\/rosanacl.com\/pl\/politica-de-devolucion\/","og_site_name":"Rosana CL","article_modified_time":"2025-12-14T21:28:46+00:00","twitter_card":"summary_large_image","twitter_misc":{"Szacowany czas czytania":"3 minuty"},"schema":{"@context":"https:\/\/schema.org","@graph":[{"@type":"WebPage","@id":"https:\/\/rosanacl.com\/politica-de-devolucion\/","url":"https:\/\/rosanacl.com\/politica-de-devolucion\/","name":"Pol\u00edtica de Devoluci\u00f3n - Rosana CL","isPartOf":{"@id":"https:\/\/rosanacl.com\/ca\/#website"},"datePublished":"2025-05-23T06:26:39+00:00","dateModified":"2025-12-14T21:28:46+00:00","breadcrumb":{"@id":"https:\/\/rosanacl.com\/politica-de-devolucion\/#breadcrumb"},"inLanguage":"pl-PL","potentialAction":[{"@type":"ReadAction","target":["https:\/\/rosanacl.com\/politica-de-devolucion\/"]}]},{"@type":"BreadcrumbList","@id":"https:\/\/rosanacl.com\/politica-de-devolucion\/#breadcrumb","itemListElement":[{"@type":"ListItem","position":1,"name":"Portada","item":"https:\/\/rosanacl.com\/ca\/"},{"@type":"ListItem","position":2,"name":"Pol\u00edtica de Devoluci\u00f3n"}]},{"@type":"WebSite","@id":"https:\/\/rosanacl.com\/ca\/#website","url":"https:\/\/rosanacl.com\/ca\/","name":"Rosana CL","description":"Jeste\u015bmy Twoim wn\u0119trzem","potentialAction":[{"@type":"SearchAction","target":{"@type":"EntryPoint","urlTemplate":"https:\/\/rosanacl.com\/ca\/?s={search_term_string}"},"query-input":{"@type":"PropertyValueSpecification","valueRequired":true,"valueName":"search_term_string"}}],"inLanguage":"pl-PL"}]}},"_links":{"self":[{"href":"https:\/\/rosanacl.com\/pl\/wp-json\/wp\/v2\/pages\/2006","targetHints":{"allow":["GET"]}}],"collection":[{"href":"https:\/\/rosanacl.com\/pl\/wp-json\/wp\/v2\/pages"}],"about":[{"href":"https:\/\/rosanacl.com\/pl\/wp-json\/wp\/v2\/types\/page"}],"author":[{"embeddable":true,"href":"https:\/\/rosanacl.com\/pl\/wp-json\/wp\/v2\/users\/1"}],"replies":[{"embeddable":true,"href":"https:\/\/rosanacl.com\/pl\/wp-json\/wp\/v2\/comments?post=2006"}],"version-history":[{"count":5,"href":"https:\/\/rosanacl.com\/pl\/wp-json\/wp\/v2\/pages\/2006\/revisions"}],"predecessor-version":[{"id":4262,"href":"https:\/\/rosanacl.com\/pl\/wp-json\/wp\/v2\/pages\/2006\/revisions\/4262"}],"wp:attachment":[{"href":"https:\/\/rosanacl.com\/pl\/wp-json\/wp\/v2\/media?parent=2006"}],"curies":[{"name":"wp","href":"https:\/\/api.w.org\/{rel}","templated":true}]}}