{"id":21,"date":"2025-03-28T16:06:23","date_gmt":"2025-03-28T19:06:23","guid":{"rendered":"https:\/\/innovacon.simplificandotuweb.com\/?page_id=21"},"modified":"2025-05-10T02:25:08","modified_gmt":"2025-05-10T00:25:08","slug":"declaracion-de-accesibilidad","status":"publish","type":"page","link":"https:\/\/rosanacl.com\/pl\/declaracion-de-accesibilidad\/","title":{"rendered":"O\u015bwiadczenie o dost\u0119pno\u015bci"},"content":{"rendered":"<div data-elementor-type=\"wp-page\" data-elementor-id=\"21\" class=\"elementor elementor-21\" data-elementor-post-type=\"page\">\n\t\t\t\t<div class=\"elementor-element elementor-element-eb41712 e-flex e-con-boxed e-con e-parent\" data-id=\"eb41712\" data-element_type=\"container\" data-e-type=\"container\" data-settings=\"{&quot;background_background&quot;:&quot;classic&quot;}\">\n\t\t\t\t\t<div class=\"e-con-inner\">\n\t\t<div class=\"elementor-element elementor-element-394e804 e-con-full e-flex e-con e-child\" data-id=\"394e804\" data-element_type=\"container\" data-e-type=\"container\">\n\t\t\t\t<div class=\"elementor-element elementor-element-4858173 elementor-widget elementor-widget-heading\" data-id=\"4858173\" data-element_type=\"widget\" data-e-type=\"widget\" data-widget_type=\"heading.default\">\n\t\t\t\t<div class=\"elementor-widget-container\">\n\t\t\t\t\t<h2 class=\"elementor-heading-title elementor-size-default\">O\u015bwiadczenie o dost\u0119pno\u015bci<\/h2>\t\t\t\t<\/div>\n\t\t\t\t<\/div>\n\t\t\t\t<\/div>\n\t\t\t\t\t<\/div>\n\t\t\t\t<\/div>\n\t\t<div class=\"elementor-element elementor-element-3c3c9a51 e-flex e-con-boxed e-con e-parent\" data-id=\"3c3c9a51\" data-element_type=\"container\" data-e-type=\"container\">\n\t\t\t\t\t<div class=\"e-con-inner\">\n\t\t\t\t<div class=\"elementor-element elementor-element-d37677a elementor-widget elementor-widget-text-editor\" data-id=\"d37677a\" data-element_type=\"widget\" data-e-type=\"widget\" data-widget_type=\"text-editor.default\">\n\t\t\t\t<div class=\"elementor-widget-container\">\n\t\t\t\t\t\t\t\t\t\n<p>Firma PABLO ANGULO MASPONS zobowi\u0105zuje si\u0119 do zapewnienia dost\u0119pno\u015bci swojej strony internetowej, zgodnie z Dekretem Kr\u00f3lewskim 1112\/2018 z dnia 7 wrze\u015bnia w sprawie dost\u0119pno\u015bci stron internetowych i aplikacji mobilnych sektora publicznego. Niniejsze o\u015bwiadczenie w sprawie dost\u0119pno\u015bci ma zastosowanie do tej strony internetowej.<\/p>\n\n<p><strong>Status zgodno\u015bci<\/strong><\/p>\n\n<p>Niniejsza strona internetowa zosta\u0142a opracowana zgodnie z Dekretem Kr\u00f3lewskim 1112\/2018<\/p>\n\n<p><strong>Przygotowanie do kolejnego o\u015bwiadczenia w sprawie dost\u0119pno\u015bci<\/strong><\/p>\n\n<p>Niniejsze o\u015bwiadczenie sporz\u0105dzono dnia 20 kwietnia 2023 r. O\u015bwiadczenie sporz\u0105dzono w oparciu o samoocen\u0119.<\/p>\n\n<p><strong>Notatki i dane kontaktowe<\/strong><\/p>\n\n<p>Mo\u017cesz przes\u0142a\u0107 komunikaty dotycz\u0105ce wymog\u00f3w dost\u0119pno\u015bci (artyku\u0142 10.2.a RD 1112\/2018), takie jak:<\/p>\n\n<ul class=\"wp-block-list\">\n<li>Zg\u0142o\u015b wszelkie potencjalne naruszenia na tej stronie internetowej<\/li>\n\n<li>Aby poinformowa\u0107 o innych trudno\u015bciach w dost\u0119pie do tre\u015bci<\/li>\n\n<li>Aby przes\u0142a\u0107 jakiekolwiek pytania lub sugestie dotycz\u0105ce usprawnie\u0144 dost\u0119pno\u015bci witryny internetowej, prosimy o skorzystanie z formularza kontaktowego na tej stronie internetowej lub zadzwonienie pod podany numer telefonu.\u00a0<\/li>\n<\/ul>\n\n<p>Mo\u017cesz przedstawi\u0107:<\/p>\n\n<ul class=\"wp-block-list\">\n<li>Skarga dotycz\u0105ca przestrzegania wymog\u00f3w Dekretu Kr\u00f3lewskiego 1112\/2018<\/li>\n\n<li>Wniosek o udost\u0119pnienie informacji dotycz\u0105cych:\n<ul class=\"wp-block-list\">\n<li>Tre\u015bci wy\u0142\u0105czone z zakresu stosowania Dekretu kr\u00f3lewskiego 1112\/2018 zgodnie z postanowieniami artyku\u0142u 3 ust. 4<\/li>\n\n<li>Tre\u015bci zwolnione z wymog\u00f3w dost\u0119pno\u015bci stanowi\u0105 nieproporcjonalne obci\u0105\u017cenie<\/li>\n\n<li>We wniosku o udost\u0119pnienie informacji faktograficznych, powody i wniosek musz\u0105 by\u0107 jasno okre\u015blone, aby wykaza\u0107, \u017ce wniosek jest uzasadniony i uzasadniony.<\/li>\n<\/ul>\n<\/li>\n<\/ul>\n\n<p>Skargi i roszczenia dotycz\u0105ce dost\u0119pno\u015bci informacji nale\u017cy sk\u0142ada\u0107 za po\u015brednictwem centrali elektronicznej (https:\/\/sede.red.gob.es\/procedimientos\/quejas-y-sugerencias) i b\u0119d\u0105 one przyjmowane i przetwarzane przez dzia\u0142 system\u00f3w informatycznych Red.es.<\/p>\n\n<p><strong>Tre\u015b\u0107 opcjonalna<\/strong><\/p>\n\n<ul class=\"wp-block-list\">\n<li>Aby zmieni\u0107 rozmiar czcionki tekstu w g\u0142\u00f3wnych przegl\u0105darkach graficznych, u\u017cyj nast\u0119puj\u0105cych menu:<\/li>\n\n<li>Safari: Widok &gt; Powi\u0119ksz tekst<\/li>\n\n<li>Chrome: Kontroluj bie\u017c\u0105c\u0105 stron\u0119 &gt; Rozmiar tekstu<\/li>\n<\/ul>\n\n<p>Aby zmieni\u0107 rozmiar wszystkich element\u00f3w na stronie:<\/p>\n\n<ul class=\"wp-block-list\">\n<li>Ctrl++ aby zwi\u0119kszy\u0107<\/li>\n\n<li>Ctrl + \u2013 aby zmniejszy\u0107<\/li>\n\n<li>Ctrl + 0 przywraca oryginalny rozmiar tekstu<\/li>\n\n<li>Je\u015bli chcesz zast\u0105pi\u0107 arkusz styl\u00f3w lub zmieni\u0107 kolor tekstu, zapoznaj si\u0119 ze stron\u0105 WAI Jak zmieni\u0107 rozmiar tekstu lub kolory, kt\u00f3r\u0105 w j\u0119zyku hiszpa\u0144skim mo\u017cna przeczyta\u0107 jako C\u00f3mo cambiar el tama\u00f1o del texto o colores?<\/li>\n<\/ul>\n\t\t\t\t\t\t\t\t<\/div>\n\t\t\t\t<\/div>\n\t\t\t\t\t<\/div>\n\t\t\t\t<\/div>\n\t\t\t\t<\/div>","protected":false},"excerpt":{"rendered":"<p>PABLO ANGULO MASPONS se ha comprometido a hacer accesible su sitio web, conforme al Real Decreto 1112\/2018, de 7 de septiembre, sobre accesibilidad de los sitios web y aplicaciones para dispositivos m\u00f3viles del sector p\u00fablico. Esta declaraci\u00f3n de accesibilidad se aplica a esta web. Situaci\u00f3n de cumplimiento Este sitio web est\u00e1 desarrollado seg\u00fan el RD [&hellip;]<\/p>\n","protected":false},"author":1,"featured_media":0,"parent":0,"menu_order":0,"comment_status":"closed","ping_status":"closed","template":"","meta":{"content-type":"","footnotes":""},"class_list":["post-21","page","type-page","status-publish","hentry"],"yoast_head":"<!-- This site is optimized with the Yoast SEO plugin v27.4 - https:\/\/yoast.com\/product\/yoast-seo-wordpress\/ -->\n<title>Declaraci\u00f3n de Accesibilidad - Rosana CL<\/title>\n<meta name=\"robots\" content=\"index, follow, max-snippet:-1, max-image-preview:large, max-video-preview:-1\" \/>\n<link rel=\"canonical\" href=\"https:\/\/rosanacl.com\/pl\/declaracion-de-accesibilidad\/\" \/>\n<meta property=\"og:locale\" content=\"pl_PL\" \/>\n<meta property=\"og:type\" content=\"article\" \/>\n<meta property=\"og:title\" content=\"Declaraci\u00f3n de Accesibilidad - Rosana CL\" \/>\n<meta property=\"og:description\" content=\"PABLO ANGULO MASPONS se ha comprometido a hacer accesible su sitio web, conforme al Real Decreto 1112\/2018, de 7 de septiembre, sobre accesibilidad de los sitios web y aplicaciones para dispositivos m\u00f3viles del sector p\u00fablico. Esta declaraci\u00f3n de accesibilidad se aplica a esta web. Situaci\u00f3n de cumplimiento Este sitio web est\u00e1 desarrollado seg\u00fan el RD [&hellip;]\" \/>\n<meta property=\"og:url\" content=\"https:\/\/rosanacl.com\/pl\/declaracion-de-accesibilidad\/\" \/>\n<meta property=\"og:site_name\" content=\"Rosana CL\" \/>\n<meta property=\"article:modified_time\" content=\"2025-05-10T00:25:08+00:00\" \/>\n<meta name=\"twitter:card\" content=\"summary_large_image\" \/>\n<meta name=\"twitter:label1\" content=\"Szacowany czas czytania\" \/>\n\t<meta name=\"twitter:data1\" content=\"2 minuty\" \/>\n<script type=\"application\/ld+json\" class=\"yoast-schema-graph\">{\"@context\":\"https:\\\/\\\/schema.org\",\"@graph\":[{\"@type\":\"WebPage\",\"@id\":\"https:\\\/\\\/rosanacl.com\\\/declaracion-de-accesibilidad\\\/\",\"url\":\"https:\\\/\\\/rosanacl.com\\\/declaracion-de-accesibilidad\\\/\",\"name\":\"Declaraci\u00f3n de Accesibilidad - Rosana CL\",\"isPartOf\":{\"@id\":\"https:\\\/\\\/rosanacl.com\\\/ca\\\/#website\"},\"datePublished\":\"2025-03-28T19:06:23+00:00\",\"dateModified\":\"2025-05-10T00:25:08+00:00\",\"breadcrumb\":{\"@id\":\"https:\\\/\\\/rosanacl.com\\\/declaracion-de-accesibilidad\\\/#breadcrumb\"},\"inLanguage\":\"pl-PL\",\"potentialAction\":[{\"@type\":\"ReadAction\",\"target\":[\"https:\\\/\\\/rosanacl.com\\\/declaracion-de-accesibilidad\\\/\"]}]},{\"@type\":\"BreadcrumbList\",\"@id\":\"https:\\\/\\\/rosanacl.com\\\/declaracion-de-accesibilidad\\\/#breadcrumb\",\"itemListElement\":[{\"@type\":\"ListItem\",\"position\":1,\"name\":\"Portada\",\"item\":\"https:\\\/\\\/rosanacl.com\\\/ca\\\/\"},{\"@type\":\"ListItem\",\"position\":2,\"name\":\"Declaraci\u00f3n de Accesibilidad\"}]},{\"@type\":\"WebSite\",\"@id\":\"https:\\\/\\\/rosanacl.com\\\/ca\\\/#website\",\"url\":\"https:\\\/\\\/rosanacl.com\\\/ca\\\/\",\"name\":\"Rosana CL\",\"description\":\"Somos tu interior\",\"potentialAction\":[{\"@type\":\"SearchAction\",\"target\":{\"@type\":\"EntryPoint\",\"urlTemplate\":\"https:\\\/\\\/rosanacl.com\\\/ca\\\/?s={search_term_string}\"},\"query-input\":{\"@type\":\"PropertyValueSpecification\",\"valueRequired\":true,\"valueName\":\"search_term_string\"}}],\"inLanguage\":\"pl-PL\"}]}<\/script>\n<!-- \/ Yoast SEO plugin. -->","yoast_head_json":{"title":"Declaraci\u00f3n de Accesibilidad - Rosana CL","robots":{"index":"index","follow":"follow","max-snippet":"max-snippet:-1","max-image-preview":"max-image-preview:large","max-video-preview":"max-video-preview:-1"},"canonical":"https:\/\/rosanacl.com\/pl\/declaracion-de-accesibilidad\/","og_locale":"pl_PL","og_type":"article","og_title":"Declaraci\u00f3n de Accesibilidad - Rosana CL","og_description":"PABLO ANGULO MASPONS se ha comprometido a hacer accesible su sitio web, conforme al Real Decreto 1112\/2018, de 7 de septiembre, sobre accesibilidad de los sitios web y aplicaciones para dispositivos m\u00f3viles del sector p\u00fablico. Esta declaraci\u00f3n de accesibilidad se aplica a esta web. Situaci\u00f3n de cumplimiento Este sitio web est\u00e1 desarrollado seg\u00fan el RD [&hellip;]","og_url":"https:\/\/rosanacl.com\/pl\/declaracion-de-accesibilidad\/","og_site_name":"Rosana CL","article_modified_time":"2025-05-10T00:25:08+00:00","twitter_card":"summary_large_image","twitter_misc":{"Szacowany czas czytania":"2 minuty"},"schema":{"@context":"https:\/\/schema.org","@graph":[{"@type":"WebPage","@id":"https:\/\/rosanacl.com\/declaracion-de-accesibilidad\/","url":"https:\/\/rosanacl.com\/declaracion-de-accesibilidad\/","name":"Declaraci\u00f3n de Accesibilidad - Rosana CL","isPartOf":{"@id":"https:\/\/rosanacl.com\/ca\/#website"},"datePublished":"2025-03-28T19:06:23+00:00","dateModified":"2025-05-10T00:25:08+00:00","breadcrumb":{"@id":"https:\/\/rosanacl.com\/declaracion-de-accesibilidad\/#breadcrumb"},"inLanguage":"pl-PL","potentialAction":[{"@type":"ReadAction","target":["https:\/\/rosanacl.com\/declaracion-de-accesibilidad\/"]}]},{"@type":"BreadcrumbList","@id":"https:\/\/rosanacl.com\/declaracion-de-accesibilidad\/#breadcrumb","itemListElement":[{"@type":"ListItem","position":1,"name":"Portada","item":"https:\/\/rosanacl.com\/ca\/"},{"@type":"ListItem","position":2,"name":"Declaraci\u00f3n de Accesibilidad"}]},{"@type":"WebSite","@id":"https:\/\/rosanacl.com\/ca\/#website","url":"https:\/\/rosanacl.com\/ca\/","name":"Rosana CL","description":"Jeste\u015bmy Twoim wn\u0119trzem","potentialAction":[{"@type":"SearchAction","target":{"@type":"EntryPoint","urlTemplate":"https:\/\/rosanacl.com\/ca\/?s={search_term_string}"},"query-input":{"@type":"PropertyValueSpecification","valueRequired":true,"valueName":"search_term_string"}}],"inLanguage":"pl-PL"}]}},"_links":{"self":[{"href":"https:\/\/rosanacl.com\/pl\/wp-json\/wp\/v2\/pages\/21","targetHints":{"allow":["GET"]}}],"collection":[{"href":"https:\/\/rosanacl.com\/pl\/wp-json\/wp\/v2\/pages"}],"about":[{"href":"https:\/\/rosanacl.com\/pl\/wp-json\/wp\/v2\/types\/page"}],"author":[{"embeddable":true,"href":"https:\/\/rosanacl.com\/pl\/wp-json\/wp\/v2\/users\/1"}],"replies":[{"embeddable":true,"href":"https:\/\/rosanacl.com\/pl\/wp-json\/wp\/v2\/comments?post=21"}],"version-history":[{"count":0,"href":"https:\/\/rosanacl.com\/pl\/wp-json\/wp\/v2\/pages\/21\/revisions"}],"wp:attachment":[{"href":"https:\/\/rosanacl.com\/pl\/wp-json\/wp\/v2\/media?parent=21"}],"curies":[{"name":"wp","href":"https:\/\/api.w.org\/{rel}","templated":true}]}}