{"id":2566,"date":"2025-07-01T12:13:48","date_gmt":"2025-07-01T10:13:48","guid":{"rendered":"https:\/\/rosanacl.com\/?page_id=2566"},"modified":"2025-12-14T20:43:04","modified_gmt":"2025-12-14T19:43:04","slug":"politica-de-envio","status":"publish","type":"page","link":"https:\/\/rosanacl.com\/pl\/politica-de-envio\/","title":{"rendered":"Polityka wysy\u0142ki"},"content":{"rendered":"<div data-elementor-type=\"wp-page\" data-elementor-id=\"2566\" class=\"elementor elementor-2566\" data-elementor-post-type=\"page\">\n\t\t\t\t<div class=\"elementor-element elementor-element-7a0b207 e-flex e-con-boxed e-con e-parent\" data-id=\"7a0b207\" data-element_type=\"container\" data-e-type=\"container\" data-settings=\"{&quot;background_background&quot;:&quot;classic&quot;}\">\n\t\t\t\t\t<div class=\"e-con-inner\">\n\t\t<div class=\"elementor-element elementor-element-2fcf4bc e-con-full e-flex e-con e-child\" data-id=\"2fcf4bc\" data-element_type=\"container\" data-e-type=\"container\">\n\t\t\t\t<div class=\"elementor-element elementor-element-d10b990 elementor-widget elementor-widget-heading\" data-id=\"d10b990\" data-element_type=\"widget\" data-e-type=\"widget\" data-widget_type=\"heading.default\">\n\t\t\t\t<div class=\"elementor-widget-container\">\n\t\t\t\t\t<h2 class=\"elementor-heading-title elementor-size-default\">Polityka wysy\u0142ki<\/h2>\t\t\t\t<\/div>\n\t\t\t\t<\/div>\n\t\t\t\t<\/div>\n\t\t\t\t\t<\/div>\n\t\t\t\t<\/div>\n\t\t<div class=\"elementor-element elementor-element-eca30f2 e-flex e-con-boxed e-con e-parent\" data-id=\"eca30f2\" data-element_type=\"container\" data-e-type=\"container\">\n\t\t\t\t\t<div class=\"e-con-inner\">\n\t\t\t\t<div class=\"elementor-element elementor-element-8328658 elementor-widget elementor-widget-text-editor\" data-id=\"8328658\" data-element_type=\"widget\" data-e-type=\"widget\" data-widget_type=\"text-editor.default\">\n\t\t\t\t<div class=\"elementor-widget-container\">\n\t\t\t\t\t\t\t\t\t<p>Niniejsza polityka wysy\u0142ki zosta\u0142a ostatnio zaktualizowana 01.07.2025 r. i ma zastosowanie do wszystkich zakup\u00f3w dokonanych za po\u015brednictwem naszej strony internetowej: <a href=\"https:\/\/rosanacl.com\/pl\/\">https:\/\/rosanacl.com\/<\/a><\/p>\n<p><!-- \/wp:paragraph --><!-- wp:paragraph --><\/p>\n<p data-start=\"261\" data-end=\"494\">W <strong data-start=\"264\" data-end=\"277\">Rosana CL<\/strong> Dok\u0142adamy wszelkich stara\u0144, aby Twoje zakupy by\u0142y bezpieczne, przejrzyste i satysfakcjonuj\u0105ce od momentu otrzymania zam\u00f3wienia. Poni\u017cej wyja\u015bniamy wszystko, co musisz wiedzie\u0107 o naszej wysy\u0142ce:<\/p>\n<p data-start=\"105\" data-end=\"384\"><strong data-start=\"105\" data-end=\"131\">1. Wysy\u0142ka na ca\u0142y \u015bwiat<\/strong><br data-start=\"131\" data-end=\"134\">Wysy\u0142amy przesy\u0142ki mi\u0119dzynarodowe praktycznie do ka\u017cdego kraju. Niezale\u017cnie od tego, gdzie jeste\u015b, mo\u017cesz z\u0142o\u017cy\u0107 zam\u00f3wienie z pe\u0142nym zaufaniem. Wsp\u00f3\u0142pracujemy z niezawodnymi firmami logistycznymi, aby zapewni\u0107 terminow\u0105 dostaw\u0119 produkt\u00f3w.<\/p>\n<p>W Rosana Cl ka\u017cde zam\u00f3wienie traktujemy z dba\u0142o\u015bci\u0105 i profesjonalizmem. Dlatego wsp\u00f3\u0142pracujemy z MBE (Mail Boxes Etc.), firm\u0105 logistyczn\u0105 posiadaj\u0105c\u0105 2800 centr\u00f3w w 52 krajach, co pozwala nam oferowa\u0107 bezpieczn\u0105 i sprawn\u0105 wysy\u0142k\u0119 zar\u00f3wno w kraju, jak i za granic\u0105. Zam\u00f3wienia dostarczane s\u0105 przez renomowanych przewo\u017anik\u00f3w, takich jak:<\/p>\n<ul>\n<li>UPS<\/li>\n<li>SEUR<\/li>\n<li>TNT<\/li>\n<li>FEDEX<\/li>\n<li>CORREOS EXPRESS<\/li>\n<li>Itp\u2026<\/li>\n<\/ul>\n<p>Wszystkie nasze produkty dotr\u0105 bezpiecznie i szybko. Gwarantujemy staranny i sprawny proces wysy\u0142ki, zaprojektowany z my\u015bl\u0105 o zapewnieniu naszym klientom jak najlepszych wra\u017ce\u0144.<\/p>\n<p data-start=\"105\" data-end=\"384\"><strong data-start=\"389\" data-end=\"417\">2. Przetwarzanie zam\u00f3wienia<\/strong><\/p>\n<p>Wszystkie zam\u00f3wienia s\u0105 przetwarzane po potwierdzeniu p\u0142atno\u015bci.<br data-start=\"520\" data-end=\"523\"><strong data-start=\"523\" data-end=\"643\">Je\u015bli zam\u00f3wienie zostanie z\u0142o\u017cone rano, zostanie wys\u0142ane po po\u0142udniu. Je\u015bli zostanie z\u0142o\u017cone po po\u0142udniu, zostanie wys\u0142ane nast\u0119pnego dnia.<\/strong><br data-start=\"643\" data-end=\"646\">Podczas promocji, wyprzeda\u017cy lub innych wydarze\u0144 specjalnych czas realizacji zam\u00f3wienia mo\u017ce by\u0107 nieco d\u0142u\u017cszy, ale zawsze b\u0119dziemy Ci\u0119 informowa\u0107 na bie\u017c\u0105co.<\/p>\n<p data-start=\"809\" data-end=\"1090\"><strong data-start=\"809\" data-end=\"845\">3. Numer \u015bledzenia<\/strong><br data-start=\"845\" data-end=\"848\">Po wys\u0142aniu zam\u00f3wienia wy\u015blemy Ci numer przesy\u0142ki e-mailem lub za pomoc\u0105 kana\u0142u komunikacji, kt\u00f3rego u\u017cy\u0142e\u015b podczas dokonywania zakupu.<br data-start=\"1014\" data-end=\"1017\">Mo\u017cesz \u015bledzi\u0107 status swojej przesy\u0142ki przez ca\u0142y czas, a\u017c do jej otrzymania.<\/p>\n<p data-start=\"809\" data-end=\"1090\"><strong data-start=\"1095\" data-end=\"1127\">4. Przewidywany czas dostawy<\/strong><\/p>\n<p data-start=\"1095\" data-end=\"1291\">Czas dostawy mo\u017ce si\u0119 r\u00f3\u017cni\u0107 w zale\u017cno\u015bci od kraju docelowego, wybranej metody wysy\u0142ki oraz innych czynnik\u00f3w zewn\u0119trznych (pogody, c\u0142a itp.). Dla por\u00f3wnania:<\/p>\n<ul data-start=\"1293\" data-end=\"1530\">\n<li data-start=\"1293\" data-end=\"1342\">\n<p data-start=\"1295\" data-end=\"1342\">Wysy\u0142ka krajowa: <strong data-start=\"1314\" data-end=\"1340\">24 do 48 godzin roboczych.<\/strong><\/p>\n<\/li>\n<li data-start=\"1343\" data-end=\"1434\">\n<p data-start=\"1345\" data-end=\"1434\">Wysy\u0142ka mi\u0119dzynarodowa w obr\u0119bie Europy: <strong data-start=\"1386\" data-end=\"1408\">od 4 do 6 dni roboczych<\/strong>, drog\u0105 l\u0105dow\u0105 lub powietrzn\u0105.<\/p>\n<\/li>\n<li data-start=\"1435\" data-end=\"1530\">\n<p data-start=\"1437\" data-end=\"1530\">Wysy\u0142ka mi\u0119dzynarodowa poza Europ\u0119 (reszta \u015bwiata): <strong data-start=\"1495\" data-end=\"1518\">od 8 do 10 dni roboczych<\/strong>, drogi oddechowe.<\/p>\n<\/li>\n<\/ul>\n<p>Us\u0142uga dostawy obejmuje dwie pr\u00f3by dor\u0119czenia w ci\u0105gu dnia lub nast\u0119pnego dnia. Je\u015bli dor\u0119czenie nie b\u0119dzie mo\u017cliwe z powodu brakuj\u0105cych lub nieprawid\u0142owych informacji albo z powodu nieobecno\u015bci odbiorcy, zostanie zrealizowana trzecia pr\u00f3ba dor\u0119czenia do pobliskiego punktu odbioru.<\/p>\n<p>Je\u017celi klient nie odbierze produktu w ci\u0105gu 10 dni, przesy\u0142ka zostanie odes\u0142ana do magazynu, z kt\u00f3rym wsp\u00f3\u0142pracujemy w Rosana CL, co spowoduje potr\u0105cenie poniesionych koszt\u00f3w wysy\u0142ki i zwrotu.&nbsp;<\/p>\n<p data-start=\"1437\" data-end=\"1530\"><strong>5. Koszty wysy\u0142ki<\/strong><\/p>\n<p data-start=\"1535\" data-end=\"1779\">Koszty wysy\u0142ki s\u0105 naliczane podczas finalizacji zam\u00f3wienia na podstawie adresu wysy\u0142ki i wagi przesy\u0142ki. W wyj\u0105tkowych przypadkach oferujemy bezp\u0142atn\u0105 wysy\u0142k\u0119 do wybranych kraj\u00f3w lub dla zam\u00f3wie\u0144 powy\u017cej okre\u015blonej kwoty.<\/p>\n<p data-start=\"1535\" data-end=\"1779\">W przypadku zam\u00f3wie\u0144 powy\u017cej 59 euro wysy\u0142ka jest bezp\u0142atna, wy\u0142\u0105cznie na terenie Hiszpanii kontynentalnej.<\/p>\n<p data-start=\"1535\" data-end=\"1779\">Je\u015bli zam\u00f3wienie wymaga odprawy celnej, wszelkie dodatkowe podatki, c\u0142a i op\u0142aty b\u0119d\u0105 obowi\u0105zkiem klienta.&nbsp;<\/p>\n<p><strong data-start=\"1784\" data-end=\"1815\">6. C\u0142a i podatki lokalne<\/strong><br data-start=\"1815\" data-end=\"1818\">W przypadku przesy\u0142ek mi\u0119dzynarodowych w niekt\u00f3rych krajach mog\u0105 obowi\u0105zywa\u0107 podatki lub c\u0142a. Op\u0142aty te ponosi klient i nie s\u0105 wliczone w cen\u0119 produktu ani koszty wysy\u0142ki.<\/p>\n<p data-start=\"1784\" data-end=\"2026\"><strong data-start=\"2031\" data-end=\"2059\">7. Problemy z dostaw\u0105<\/strong><\/p>\n<p>Je\u015bli Twoja przesy\u0142ka jest op\u00f3\u017aniona lub wyst\u0119puj\u0105 jakiekolwiek problemy, mo\u017cesz skontaktowa\u0107 si\u0119 z nami bezpo\u015brednio, a my pomo\u017cemy Ci rozwi\u0105za\u0107 problem tak szybko, jak to mo\u017cliwe.<\/p>\n<p>Je\u015bli masz jakiekolwiek pytania lub potrzebujesz pomocy w zwi\u0105zku z przesy\u0142k\u0105, mo\u017cesz si\u0119 z nami skontaktowa\u0107 za pomoc\u0105 formularza kontaktowego lub wysy\u0142aj\u0105c wiadomo\u015b\u0107 e-mail na adres: &nbsp;<a href=\"mailto:info@rosanacl.com\">info@rosanacl.com<\/a><br data-start=\"2620\" data-end=\"2623\">Dzi\u0119kujemy za zaufanie <strong data-start=\"2646\" data-end=\"2659\">Rosana CL<\/strong>.<\/p>\n<h4><b>UWAGA: Informujemy naszych klient\u00f3w, \u017ce ze wzgl\u0119du na okres urlopowy naszego dostawcy, w sierpniu mog\u0105 wyst\u0105pi\u0107 op\u00f3\u017anienia w dostawach i dost\u0119pno\u015bci towar\u00f3w.<\/b><\/h4>\t\t\t\t\t\t\t\t<\/div>\n\t\t\t\t<\/div>\n\t\t\t\t\t<\/div>\n\t\t\t\t<\/div>\n\t\t\t\t<\/div>","protected":false},"excerpt":{"rendered":"<p>Esta pol\u00edtica de env\u00edos fue actualizada por \u00faltima vez el 01\/07\/2025 y se aplica a todas las compras realizadas a trav\u00e9s de nuestra web: https:\/\/rosanacl.com\/ En Rosana CL nos comprometemos a que tu experiencia de compra sea segura, clara y satisfactoria desde el primer momento hasta que recibas tu pedido. A continuaci\u00f3n, te explicamos todo [&hellip;]<\/p>\n","protected":false},"author":1,"featured_media":0,"parent":0,"menu_order":0,"comment_status":"closed","ping_status":"closed","template":"","meta":{"content-type":"","footnotes":""},"class_list":["post-2566","page","type-page","status-publish","hentry"],"yoast_head":"<!-- This site is optimized with the Yoast SEO plugin v27.4 - https:\/\/yoast.com\/product\/yoast-seo-wordpress\/ -->\n<title>Pol\u00edtica de Env\u00edo - Rosana CL<\/title>\n<meta name=\"robots\" content=\"index, follow, max-snippet:-1, max-image-preview:large, max-video-preview:-1\" \/>\n<link rel=\"canonical\" href=\"https:\/\/rosanacl.com\/pl\/politica-de-envio\/\" \/>\n<meta property=\"og:locale\" content=\"pl_PL\" \/>\n<meta property=\"og:type\" content=\"article\" \/>\n<meta property=\"og:title\" content=\"Pol\u00edtica de Env\u00edo - Rosana CL\" \/>\n<meta property=\"og:description\" content=\"Esta pol\u00edtica de env\u00edos fue actualizada por \u00faltima vez el 01\/07\/2025 y se aplica a todas las compras realizadas a trav\u00e9s de nuestra web: https:\/\/rosanacl.com\/ En Rosana CL nos comprometemos a que tu experiencia de compra sea segura, clara y satisfactoria desde el primer momento hasta que recibas tu pedido. A continuaci\u00f3n, te explicamos todo [&hellip;]\" \/>\n<meta property=\"og:url\" content=\"https:\/\/rosanacl.com\/pl\/politica-de-envio\/\" \/>\n<meta property=\"og:site_name\" content=\"Rosana CL\" \/>\n<meta property=\"article:modified_time\" content=\"2025-12-14T19:43:04+00:00\" \/>\n<meta name=\"twitter:card\" content=\"summary_large_image\" \/>\n<meta name=\"twitter:label1\" content=\"Szacowany czas czytania\" \/>\n\t<meta name=\"twitter:data1\" content=\"4 minuty\" \/>\n<script type=\"application\/ld+json\" class=\"yoast-schema-graph\">{\"@context\":\"https:\\\/\\\/schema.org\",\"@graph\":[{\"@type\":\"WebPage\",\"@id\":\"https:\\\/\\\/rosanacl.com\\\/uk\\\/politica-de-envio\\\/\",\"url\":\"https:\\\/\\\/rosanacl.com\\\/uk\\\/politica-de-envio\\\/\",\"name\":\"Pol\u00edtica de Env\u00edo - Rosana CL\",\"isPartOf\":{\"@id\":\"https:\\\/\\\/rosanacl.com\\\/ca\\\/#website\"},\"datePublished\":\"2025-07-01T10:13:48+00:00\",\"dateModified\":\"2025-12-14T19:43:04+00:00\",\"breadcrumb\":{\"@id\":\"https:\\\/\\\/rosanacl.com\\\/uk\\\/politica-de-envio\\\/#breadcrumb\"},\"inLanguage\":\"pl-PL\",\"potentialAction\":[{\"@type\":\"ReadAction\",\"target\":[\"https:\\\/\\\/rosanacl.com\\\/uk\\\/politica-de-envio\\\/\"]}]},{\"@type\":\"BreadcrumbList\",\"@id\":\"https:\\\/\\\/rosanacl.com\\\/uk\\\/politica-de-envio\\\/#breadcrumb\",\"itemListElement\":[{\"@type\":\"ListItem\",\"position\":1,\"name\":\"Portada\",\"item\":\"https:\\\/\\\/rosanacl.com\\\/ca\\\/\"},{\"@type\":\"ListItem\",\"position\":2,\"name\":\"Pol\u00edtica de Env\u00edo\"}]},{\"@type\":\"WebSite\",\"@id\":\"https:\\\/\\\/rosanacl.com\\\/ca\\\/#website\",\"url\":\"https:\\\/\\\/rosanacl.com\\\/ca\\\/\",\"name\":\"Rosana CL\",\"description\":\"Somos tu interior\",\"potentialAction\":[{\"@type\":\"SearchAction\",\"target\":{\"@type\":\"EntryPoint\",\"urlTemplate\":\"https:\\\/\\\/rosanacl.com\\\/ca\\\/?s={search_term_string}\"},\"query-input\":{\"@type\":\"PropertyValueSpecification\",\"valueRequired\":true,\"valueName\":\"search_term_string\"}}],\"inLanguage\":\"pl-PL\"}]}<\/script>\n<!-- \/ Yoast SEO plugin. -->","yoast_head_json":{"title":"Pol\u00edtica de Env\u00edo - Rosana CL","robots":{"index":"index","follow":"follow","max-snippet":"max-snippet:-1","max-image-preview":"max-image-preview:large","max-video-preview":"max-video-preview:-1"},"canonical":"https:\/\/rosanacl.com\/pl\/politica-de-envio\/","og_locale":"pl_PL","og_type":"article","og_title":"Pol\u00edtica de Env\u00edo - Rosana CL","og_description":"Esta pol\u00edtica de env\u00edos fue actualizada por \u00faltima vez el 01\/07\/2025 y se aplica a todas las compras realizadas a trav\u00e9s de nuestra web: https:\/\/rosanacl.com\/ En Rosana CL nos comprometemos a que tu experiencia de compra sea segura, clara y satisfactoria desde el primer momento hasta que recibas tu pedido. A continuaci\u00f3n, te explicamos todo [&hellip;]","og_url":"https:\/\/rosanacl.com\/pl\/politica-de-envio\/","og_site_name":"Rosana CL","article_modified_time":"2025-12-14T19:43:04+00:00","twitter_card":"summary_large_image","twitter_misc":{"Szacowany czas czytania":"4 minuty"},"schema":{"@context":"https:\/\/schema.org","@graph":[{"@type":"WebPage","@id":"https:\/\/rosanacl.com\/uk\/politica-de-envio\/","url":"https:\/\/rosanacl.com\/uk\/politica-de-envio\/","name":"Pol\u00edtica de Env\u00edo - Rosana CL","isPartOf":{"@id":"https:\/\/rosanacl.com\/ca\/#website"},"datePublished":"2025-07-01T10:13:48+00:00","dateModified":"2025-12-14T19:43:04+00:00","breadcrumb":{"@id":"https:\/\/rosanacl.com\/uk\/politica-de-envio\/#breadcrumb"},"inLanguage":"pl-PL","potentialAction":[{"@type":"ReadAction","target":["https:\/\/rosanacl.com\/uk\/politica-de-envio\/"]}]},{"@type":"BreadcrumbList","@id":"https:\/\/rosanacl.com\/uk\/politica-de-envio\/#breadcrumb","itemListElement":[{"@type":"ListItem","position":1,"name":"Portada","item":"https:\/\/rosanacl.com\/ca\/"},{"@type":"ListItem","position":2,"name":"Pol\u00edtica de Env\u00edo"}]},{"@type":"WebSite","@id":"https:\/\/rosanacl.com\/ca\/#website","url":"https:\/\/rosanacl.com\/ca\/","name":"Rosana CL","description":"Jeste\u015bmy Twoim wn\u0119trzem","potentialAction":[{"@type":"SearchAction","target":{"@type":"EntryPoint","urlTemplate":"https:\/\/rosanacl.com\/ca\/?s={search_term_string}"},"query-input":{"@type":"PropertyValueSpecification","valueRequired":true,"valueName":"search_term_string"}}],"inLanguage":"pl-PL"}]}},"_links":{"self":[{"href":"https:\/\/rosanacl.com\/pl\/wp-json\/wp\/v2\/pages\/2566","targetHints":{"allow":["GET"]}}],"collection":[{"href":"https:\/\/rosanacl.com\/pl\/wp-json\/wp\/v2\/pages"}],"about":[{"href":"https:\/\/rosanacl.com\/pl\/wp-json\/wp\/v2\/types\/page"}],"author":[{"embeddable":true,"href":"https:\/\/rosanacl.com\/pl\/wp-json\/wp\/v2\/users\/1"}],"replies":[{"embeddable":true,"href":"https:\/\/rosanacl.com\/pl\/wp-json\/wp\/v2\/comments?post=2566"}],"version-history":[{"count":6,"href":"https:\/\/rosanacl.com\/pl\/wp-json\/wp\/v2\/pages\/2566\/revisions"}],"predecessor-version":[{"id":4647,"href":"https:\/\/rosanacl.com\/pl\/wp-json\/wp\/v2\/pages\/2566\/revisions\/4647"}],"wp:attachment":[{"href":"https:\/\/rosanacl.com\/pl\/wp-json\/wp\/v2\/media?parent=2566"}],"curies":[{"name":"wp","href":"https:\/\/api.w.org\/{rel}","templated":true}]}}