{"id":2668,"date":"2025-07-09T09:55:57","date_gmt":"2025-07-09T07:55:57","guid":{"rendered":"https:\/\/rosanacl.com\/?page_id=2668"},"modified":"2025-07-11T11:06:31","modified_gmt":"2025-07-11T09:06:31","slug":"metodos-de-pago","status":"publish","type":"page","link":"https:\/\/rosanacl.com\/pl\/metodos-de-pago\/","title":{"rendered":"Metody p\u0142atno\u015bci"},"content":{"rendered":"<div data-elementor-type=\"wp-page\" data-elementor-id=\"2668\" class=\"elementor elementor-2668\" data-elementor-post-type=\"page\">\n\t\t\t\t<div class=\"elementor-element elementor-element-7a0b207 e-flex e-con-boxed e-con e-parent\" data-id=\"7a0b207\" data-element_type=\"container\" data-e-type=\"container\" data-settings=\"{&quot;background_background&quot;:&quot;classic&quot;}\">\n\t\t\t\t\t<div class=\"e-con-inner\">\n\t\t<div class=\"elementor-element elementor-element-2fcf4bc e-con-full e-flex e-con e-child\" data-id=\"2fcf4bc\" data-element_type=\"container\" data-e-type=\"container\">\n\t\t\t\t<div class=\"elementor-element elementor-element-d10b990 elementor-widget elementor-widget-heading\" data-id=\"d10b990\" data-element_type=\"widget\" data-e-type=\"widget\" data-widget_type=\"heading.default\">\n\t\t\t\t<div class=\"elementor-widget-container\">\n\t\t\t\t\t<h2 class=\"elementor-heading-title elementor-size-default\">Metody p\u0142atno\u015bci<\/h2>\t\t\t\t<\/div>\n\t\t\t\t<\/div>\n\t\t\t\t<\/div>\n\t\t\t\t\t<\/div>\n\t\t\t\t<\/div>\n\t\t<div class=\"elementor-element elementor-element-eca30f2 e-flex e-con-boxed e-con e-parent\" data-id=\"eca30f2\" data-element_type=\"container\" data-e-type=\"container\">\n\t\t\t\t\t<div class=\"e-con-inner\">\n\t\t\t\t<div class=\"elementor-element elementor-element-8328658 elementor-widget elementor-widget-text-editor\" data-id=\"8328658\" data-element_type=\"widget\" data-e-type=\"widget\" data-widget_type=\"text-editor.default\">\n\t\t\t\t<div class=\"elementor-widget-container\">\n\t\t\t\t\t\t\t\t\t<div><p><strong>Metody p\u0142atno\u015bci<\/strong><\/p><p data-start=\"194\" data-end=\"355\">W Rosana CL dok\u0142adamy wszelkich stara\u0144, aby zapewni\u0107 Pa\u0144stwu bezpieczne, szybkie i wygodne zakupy. W tym celu oferujemy nast\u0119puj\u0105ce metody p\u0142atno\u015bci:<\/p><p data-start=\"357\" data-end=\"405\"><strong>1. Karta kredytowa lub debetowa (wirtualny POS)<\/strong><\/p><p data-start=\"406\" data-end=\"545\">Mo\u017cesz bezpiecznie dokonywa\u0107 p\u0142atno\u015bci za po\u015brednictwem naszej bramki p\u0142atniczej (Virtual POS). Akceptujemy wi\u0119kszo\u015b\u0107 kart, w tym:<\/p><ul data-start=\"547\" data-end=\"633\"><li data-start=\"547\" data-end=\"555\"><p data-start=\"549\" data-end=\"555\">Wiza<\/p><\/li><li data-start=\"556\" data-end=\"570\"><p data-start=\"558\" data-end=\"570\">Karta MasterCard<\/p><\/li><li data-start=\"571\" data-end=\"582\"><p data-start=\"573\" data-end=\"582\">Nauczyciel<\/p><\/li><li data-start=\"583\" data-end=\"633\"><p data-start=\"585\" data-end=\"633\">American Express<\/p><\/li><\/ul><p data-start=\"585\" data-end=\"633\">Wszystkie transakcje odbywaj\u0105 si\u0119 za po\u015brednictwem bezpiecznego po\u0142\u0105czenia (SSL) i nigdy nie przechowujemy danych Twojej karty.<\/p><p data-start=\"765\" data-end=\"777\"><strong>2. Bizum<\/strong><\/p><p data-start=\"778\" data-end=\"899\">Mo\u017cesz r\u00f3wnie\u017c wygodnie p\u0142aci\u0107 telefonem kom\u00f3rkowym za pomoc\u0105 Bizum. Wystarczy aktywowa\u0107 Bizum w aplikacji bankowej.<\/p><p data-start=\"901\" data-end=\"927\"><strong data-start=\"901\" data-end=\"927\">Jak p\u0142aci\u0107 za pomoc\u0105 Bizum?<\/strong><\/p><ol data-start=\"928\" data-end=\"1087\"><li data-start=\"928\" data-end=\"982\"><p data-start=\"931\" data-end=\"982\">Wybierz opcj\u0119 \u201eZap\u0142a\u0107 za pomoc\u0105 Bizum\u201d podczas sk\u0142adania zam\u00f3wienia.<\/p><\/li><li data-start=\"983\" data-end=\"1035\"><p data-start=\"986\" data-end=\"1035\">Wprowad\u017a sw\u00f3j numer telefonu powi\u0105zany z Bizum.<\/p><\/li><li data-start=\"1036\" data-end=\"1087\"><p data-start=\"1039\" data-end=\"1087\">Zweryfikuj transakcj\u0119 za pomoc\u0105 aplikacji bankowej.<\/p><\/li><\/ol><p data-start=\"1089\" data-end=\"1142\">To szybka, bezpieczna i bezprowizyjna metoda p\u0142atno\u015bci.<\/p><p data-start=\"1089\" data-end=\"1142\"><strong>3. Przelew bankowy<\/strong><\/p><p data-start=\"1007\" data-end=\"1090\">Mo\u017cna r\u00f3wnie\u017c dokona\u0107 p\u0142atno\u015bci przelewem bankowym lub wp\u0142at\u0105 bezpo\u015bredni\u0105 na swoje konto.<\/p><p data-start=\"1092\" data-end=\"1110\"><strong data-start=\"1092\" data-end=\"1110\">Jak to zrobi\u0107?<\/strong><\/p><ol data-start=\"1111\" data-end=\"1413\"><li data-start=\"1111\" data-end=\"1216\"><p data-start=\"1114\" data-end=\"1216\">Wybieraj\u0105c t\u0119 opcj\u0119, wraz z potwierdzeniem zam\u00f3wienia otrzymasz nasze dane bankowe.<\/p><\/li><li data-start=\"1217\" data-end=\"1295\"><p data-start=\"1220\" data-end=\"1295\">Aby u\u0142atwi\u0107 identyfikacj\u0119, w temacie wiadomo\u015bci prosimy o podanie numeru zam\u00f3wienia.<\/p><\/li><li data-start=\"1296\" data-end=\"1413\"><p data-start=\"1299\" data-end=\"1413\">Zam\u00f3wienie zostanie zrealizowane po zaksi\u0119gowaniu wp\u0142aty na koncie (w zale\u017cno\u015bci od instytucji mo\u017ce to potrwa\u0107 od 24 do 72 godzin).<\/p><\/li><\/ol><p data-start=\"1415\" data-end=\"1514\"><em data-start=\"1415\" data-end=\"1514\">Nale\u017cy pami\u0119ta\u0107, \u017ce czas dostawy b\u0119dzie liczony od momentu potwierdzenia p\u0142atno\u015bci.<\/em><\/p><p data-start=\"1149\" data-end=\"1178\">\u00a0<\/p><p data-start=\"1149\" data-end=\"1178\"><strong>Bezpiecze\u0144stwo p\u0142atno\u015bci<\/strong><\/p><p data-start=\"1179\" data-end=\"1391\">W Rosana CL stosujemy zaawansowane protoko\u0142y bezpiecze\u0144stwa, aby chroni\u0107 Twoje dane. Wszystkie informacje dotycz\u0105ce p\u0142atno\u015bci s\u0105 szyfrowane i przetwarzane przez certyfikowane instytucje bankowe, co gwarantuje 100% bezpiecze\u0144stwo zakup\u00f3w.<\/p><p data-start=\"1398\" data-end=\"1586\">Je\u015bli potrzebujesz wi\u0119cej informacji lub masz pytania dotycz\u0105ce metod p\u0142atno\u015bci, nie wahaj si\u0119 napisa\u0107 do nas na adres <a href=\"mailto:info@rosanacl.com\">info@rosanacl.com<\/a> lub poprzez formularz kontaktowy.<\/p><\/div>\t\t\t\t\t\t\t\t<\/div>\n\t\t\t\t<\/div>\n\t\t\t\t\t<\/div>\n\t\t\t\t<\/div>\n\t\t\t\t<\/div>","protected":false},"excerpt":{"rendered":"<p>M\u00e9todos de Pago En Rosana CL nos comprometemos a ofrecerte una experiencia de compra segura, r\u00e1pida y c\u00f3moda. Para ello, ponemos a tu disposici\u00f3n los siguientes m\u00e9todos de pago: 1. Tarjeta de Cr\u00e9dito o D\u00e9bito (TPV Virtual) Puedes realizar tus pagos de forma segura a trav\u00e9s de nuestra pasarela de pago (TPV Virtual). Aceptamos la [&hellip;]<\/p>\n","protected":false},"author":1,"featured_media":0,"parent":0,"menu_order":0,"comment_status":"closed","ping_status":"closed","template":"","meta":{"content-type":"","footnotes":""},"class_list":["post-2668","page","type-page","status-publish","hentry"],"yoast_head":"<!-- This site is optimized with the Yoast SEO plugin v27.4 - https:\/\/yoast.com\/product\/yoast-seo-wordpress\/ -->\n<title>M\u00e9todos de Pago - Rosana CL<\/title>\n<meta name=\"robots\" content=\"index, follow, max-snippet:-1, max-image-preview:large, max-video-preview:-1\" \/>\n<link rel=\"canonical\" href=\"https:\/\/rosanacl.com\/pl\/metodos-de-pago\/\" \/>\n<meta property=\"og:locale\" content=\"pl_PL\" \/>\n<meta property=\"og:type\" content=\"article\" \/>\n<meta property=\"og:title\" content=\"M\u00e9todos de Pago - Rosana CL\" \/>\n<meta property=\"og:description\" content=\"M\u00e9todos de Pago En Rosana CL nos comprometemos a ofrecerte una experiencia de compra segura, r\u00e1pida y c\u00f3moda. Para ello, ponemos a tu disposici\u00f3n los siguientes m\u00e9todos de pago: 1. Tarjeta de Cr\u00e9dito o D\u00e9bito (TPV Virtual) Puedes realizar tus pagos de forma segura a trav\u00e9s de nuestra pasarela de pago (TPV Virtual). Aceptamos la [&hellip;]\" \/>\n<meta property=\"og:url\" content=\"https:\/\/rosanacl.com\/pl\/metodos-de-pago\/\" \/>\n<meta property=\"og:site_name\" content=\"Rosana CL\" \/>\n<meta property=\"article:modified_time\" content=\"2025-07-11T09:06:31+00:00\" \/>\n<meta name=\"twitter:card\" content=\"summary_large_image\" \/>\n<meta name=\"twitter:label1\" content=\"Szacowany czas czytania\" \/>\n\t<meta name=\"twitter:data1\" content=\"2 minuty\" \/>\n<script type=\"application\/ld+json\" class=\"yoast-schema-graph\">{\"@context\":\"https:\\\/\\\/schema.org\",\"@graph\":[{\"@type\":\"WebPage\",\"@id\":\"https:\\\/\\\/rosanacl.com\\\/gl\\\/metodos-de-pago\\\/\",\"url\":\"https:\\\/\\\/rosanacl.com\\\/gl\\\/metodos-de-pago\\\/\",\"name\":\"M\u00e9todos de Pago - Rosana CL\",\"isPartOf\":{\"@id\":\"https:\\\/\\\/rosanacl.com\\\/ca\\\/#website\"},\"datePublished\":\"2025-07-09T07:55:57+00:00\",\"dateModified\":\"2025-07-11T09:06:31+00:00\",\"breadcrumb\":{\"@id\":\"https:\\\/\\\/rosanacl.com\\\/gl\\\/metodos-de-pago\\\/#breadcrumb\"},\"inLanguage\":\"pl-PL\",\"potentialAction\":[{\"@type\":\"ReadAction\",\"target\":[\"https:\\\/\\\/rosanacl.com\\\/gl\\\/metodos-de-pago\\\/\"]}]},{\"@type\":\"BreadcrumbList\",\"@id\":\"https:\\\/\\\/rosanacl.com\\\/gl\\\/metodos-de-pago\\\/#breadcrumb\",\"itemListElement\":[{\"@type\":\"ListItem\",\"position\":1,\"name\":\"Portada\",\"item\":\"https:\\\/\\\/rosanacl.com\\\/ca\\\/\"},{\"@type\":\"ListItem\",\"position\":2,\"name\":\"M\u00e9todos de Pago\"}]},{\"@type\":\"WebSite\",\"@id\":\"https:\\\/\\\/rosanacl.com\\\/ca\\\/#website\",\"url\":\"https:\\\/\\\/rosanacl.com\\\/ca\\\/\",\"name\":\"Rosana CL\",\"description\":\"Somos tu interior\",\"potentialAction\":[{\"@type\":\"SearchAction\",\"target\":{\"@type\":\"EntryPoint\",\"urlTemplate\":\"https:\\\/\\\/rosanacl.com\\\/ca\\\/?s={search_term_string}\"},\"query-input\":{\"@type\":\"PropertyValueSpecification\",\"valueRequired\":true,\"valueName\":\"search_term_string\"}}],\"inLanguage\":\"pl-PL\"}]}<\/script>\n<!-- \/ Yoast SEO plugin. -->","yoast_head_json":{"title":"M\u00e9todos de Pago - Rosana CL","robots":{"index":"index","follow":"follow","max-snippet":"max-snippet:-1","max-image-preview":"max-image-preview:large","max-video-preview":"max-video-preview:-1"},"canonical":"https:\/\/rosanacl.com\/pl\/metodos-de-pago\/","og_locale":"pl_PL","og_type":"article","og_title":"M\u00e9todos de Pago - Rosana CL","og_description":"M\u00e9todos de Pago En Rosana CL nos comprometemos a ofrecerte una experiencia de compra segura, r\u00e1pida y c\u00f3moda. Para ello, ponemos a tu disposici\u00f3n los siguientes m\u00e9todos de pago: 1. Tarjeta de Cr\u00e9dito o D\u00e9bito (TPV Virtual) Puedes realizar tus pagos de forma segura a trav\u00e9s de nuestra pasarela de pago (TPV Virtual). Aceptamos la [&hellip;]","og_url":"https:\/\/rosanacl.com\/pl\/metodos-de-pago\/","og_site_name":"Rosana CL","article_modified_time":"2025-07-11T09:06:31+00:00","twitter_card":"summary_large_image","twitter_misc":{"Szacowany czas czytania":"2 minuty"},"schema":{"@context":"https:\/\/schema.org","@graph":[{"@type":"WebPage","@id":"https:\/\/rosanacl.com\/gl\/metodos-de-pago\/","url":"https:\/\/rosanacl.com\/gl\/metodos-de-pago\/","name":"M\u00e9todos de Pago - Rosana CL","isPartOf":{"@id":"https:\/\/rosanacl.com\/ca\/#website"},"datePublished":"2025-07-09T07:55:57+00:00","dateModified":"2025-07-11T09:06:31+00:00","breadcrumb":{"@id":"https:\/\/rosanacl.com\/gl\/metodos-de-pago\/#breadcrumb"},"inLanguage":"pl-PL","potentialAction":[{"@type":"ReadAction","target":["https:\/\/rosanacl.com\/gl\/metodos-de-pago\/"]}]},{"@type":"BreadcrumbList","@id":"https:\/\/rosanacl.com\/gl\/metodos-de-pago\/#breadcrumb","itemListElement":[{"@type":"ListItem","position":1,"name":"Portada","item":"https:\/\/rosanacl.com\/ca\/"},{"@type":"ListItem","position":2,"name":"M\u00e9todos de Pago"}]},{"@type":"WebSite","@id":"https:\/\/rosanacl.com\/ca\/#website","url":"https:\/\/rosanacl.com\/ca\/","name":"Rosana CL","description":"Jeste\u015bmy Twoim wn\u0119trzem","potentialAction":[{"@type":"SearchAction","target":{"@type":"EntryPoint","urlTemplate":"https:\/\/rosanacl.com\/ca\/?s={search_term_string}"},"query-input":{"@type":"PropertyValueSpecification","valueRequired":true,"valueName":"search_term_string"}}],"inLanguage":"pl-PL"}]}},"_links":{"self":[{"href":"https:\/\/rosanacl.com\/pl\/wp-json\/wp\/v2\/pages\/2668","targetHints":{"allow":["GET"]}}],"collection":[{"href":"https:\/\/rosanacl.com\/pl\/wp-json\/wp\/v2\/pages"}],"about":[{"href":"https:\/\/rosanacl.com\/pl\/wp-json\/wp\/v2\/types\/page"}],"author":[{"embeddable":true,"href":"https:\/\/rosanacl.com\/pl\/wp-json\/wp\/v2\/users\/1"}],"replies":[{"embeddable":true,"href":"https:\/\/rosanacl.com\/pl\/wp-json\/wp\/v2\/comments?post=2668"}],"version-history":[{"count":0,"href":"https:\/\/rosanacl.com\/pl\/wp-json\/wp\/v2\/pages\/2668\/revisions"}],"wp:attachment":[{"href":"https:\/\/rosanacl.com\/pl\/wp-json\/wp\/v2\/media?parent=2668"}],"curies":[{"name":"wp","href":"https:\/\/api.w.org\/{rel}","templated":true}]}}