{"id":2885,"date":"2025-07-18T11:11:52","date_gmt":"2025-07-18T09:11:52","guid":{"rendered":"https:\/\/rosanacl.com\/?page_id=2885"},"modified":"2025-07-25T08:10:43","modified_gmt":"2025-07-25T06:10:43","slug":"comprar-lenceria-selene","status":"publish","type":"page","link":"https:\/\/rosanacl.com\/pl\/comprar-lenceria-selene\/","title":{"rendered":"Kup bielizn\u0119 Selene"},"content":{"rendered":"<div data-elementor-type=\"wp-page\" data-elementor-id=\"2885\" class=\"elementor elementor-2885\" data-elementor-post-type=\"page\">\n\t\t\t\t<div class=\"elementor-element elementor-element-171998c7 e-flex e-con-boxed e-con e-parent\" data-id=\"171998c7\" data-element_type=\"container\" data-e-type=\"container\">\n\t\t\t\t\t<div class=\"e-con-inner\">\n\t\t\t\t<div class=\"elementor-element elementor-element-6575351f elementor-widget elementor-widget-text-editor\" data-id=\"6575351f\" data-element_type=\"widget\" data-e-type=\"widget\" data-widget_type=\"text-editor.default\">\n\t\t\t\t<div class=\"elementor-widget-container\">\n\t\t\t\t\t\t\t\t\t\n<p><\/p>\n\n\n\n<p><\/p>\n\t\t\t\t\t\t\t\t<\/div>\n\t\t\t\t<\/div>\n\t\t\t\t\t<\/div>\n\t\t\t\t<\/div>\n\t\t<div class=\"elementor-element elementor-element-cf7d341 e-flex e-con-boxed e-con e-parent\" data-id=\"cf7d341\" data-element_type=\"container\" data-e-type=\"container\">\n\t\t\t\t\t<div class=\"e-con-inner\">\n\t\t\t\t<div class=\"elementor-element elementor-element-1f1d080 elementor-widget elementor-widget-heading\" data-id=\"1f1d080\" data-element_type=\"widget\" data-e-type=\"widget\" data-widget_type=\"heading.default\">\n\t\t\t\t<div class=\"elementor-widget-container\">\n\t\t\t\t\t<h2 class=\"elementor-heading-title elementor-size-default\">Kup bielizn\u0119 Selene<\/h2>\t\t\t\t<\/div>\n\t\t\t\t<\/div>\n\t\t\t\t\t<\/div>\n\t\t\t\t<\/div>\n\t\t<div class=\"elementor-element elementor-element-dc1921d e-flex e-con-boxed e-con e-parent\" data-id=\"dc1921d\" data-element_type=\"container\" data-e-type=\"container\">\n\t\t\t\t\t<div class=\"e-con-inner\">\n\t\t<div class=\"elementor-element elementor-element-d19616f e-con-full e-flex e-con e-child\" data-id=\"d19616f\" data-element_type=\"container\" data-e-type=\"container\">\n\t\t\t\t<div class=\"elementor-element elementor-element-8ba1404 elementor-widget elementor-widget-text-editor\" data-id=\"8ba1404\" data-element_type=\"widget\" data-e-type=\"widget\" data-widget_type=\"text-editor.default\">\n\t\t\t\t<div class=\"elementor-widget-container\">\n\t\t\t\t\t\t\t\t\t<h3 data-start=\"378\" data-end=\"465\">Kupuj\u0105c bielizn\u0119 Selene w Rosana CL stawiasz na wygod\u0119 i narodowy design.<\/h3>\n<p data-start=\"467\" data-end=\"891\">W chwili <strong data-start=\"480\" data-end=\"507\">kup bielizn\u0119 Selene<\/strong>Wiele kobiet szuka czego\u015b wi\u0119cej ni\u017c tylko \u0142adnego stroju. Chc\u0105 czu\u0107 si\u0119 komfortowo, bezpiecznie i dobrze podtrzymywane na ka\u017cdym etapie \u017cycia. I w\u0142a\u015bnie w tym tkwi si\u0142a Rosany CL. Z ponad 40-letnim do\u015bwiadczeniem w \u015bwiecie bielizny i gorset\u00f3w, ten sklep sta\u0142 si\u0119 punktem odniesienia dla os\u00f3b ceni\u0105cych indywidualn\u0105 obs\u0142ug\u0119, do\u015bwiadczenie i autentyczn\u0105 jako\u015b\u0107.<\/p>\n<p data-start=\"893\" data-end=\"1449\">Selene to marka krajowa, kt\u00f3ra projektuje i produkuje wszystkie swoje ubrania w Hiszpanii. Charakteryzuje j\u0105 zaanga\u017cowanie w kobiecy komfort, bez rezygnowania z eleganckiego i nowoczesnego stylu. <strong data-start=\"1080\" data-end=\"1107\">kup bielizn\u0119 Selene<\/strong>Inwestujesz w produkty wykonane z mi\u0119kkich, trwa\u0142ych tkanin, dopasowanych do rzeczywistych potrzeb Twojego cia\u0142a. Niezale\u017cnie od tego, czy szukasz biustonosza z fiszbinami, modelu bezszwowego, wygodnych majtek, czy body modeluj\u0105cego, Selene ma dla Ciebie idealn\u0105 propozycj\u0119. A Rosana CL doskonale wie, kt\u00f3ra b\u0119dzie dla Ciebie najlepsza.<\/p>\n<h3 data-start=\"1451\" data-end=\"1520\">Dlaczego zakup bielizny Selene w Rosana CL to najlepsza decyzja<\/h3>\n<p data-start=\"1522\" data-end=\"1908\">Istnieje wiele sklep\u00f3w internetowych, w kt\u00f3rych mo\u017cesz <strong data-start=\"1563\" data-end=\"1590\">kup bielizn\u0119 Selene<\/strong>, ale nie wszystkie oferuj\u0105 ten sam poziom wiedzy i obs\u0142ugi. W Rosana CL pracuj\u0105 wy\u0142\u0105cznie z Selene, poniewa\u017c znaj\u0105 ich kolekcje, rozmiary i projekty od podszewki. Dzi\u0119ki temu mog\u0105 oferowa\u0107 rzetelne rekomendacje, pomocne porady i starannie wyselekcjonowany katalog, zawieraj\u0105cy najlepsze produkty z ka\u017cdego sezonu.<\/p>\n<p data-start=\"1910\" data-end=\"2347\">Co wi\u0119cej, kupuj\u0105c bielizn\u0119 Selene w Rosana CL, zyskujesz dodatkow\u0105 warto\u015b\u0107: przyjazn\u0105 obs\u0142ug\u0119 zespo\u0142u ekspert\u00f3w, kt\u00f3rzy potrafi\u0105 s\u0142ucha\u0107 i doradza\u0107. Nie chodzi tylko o zakup, ale o znalezienie odpowiedniego stroju do Twojej sylwetki i stylu \u017cycia. Znajdziesz tu wszystko, od biustonoszy mini po modele bez rami\u0105czek dla du\u017cych biust\u00f3w, a tak\u017ce mi\u0119kkie, wygodne majtki o krojach pasuj\u0105cych do ka\u017cdego kszta\u0142tu i rozmiaru.<\/p>\n<p data-start=\"2349\" data-end=\"2745\">Rosana CL od pocz\u0105tku istnienia stawia na jako\u015b\u0107, dlatego ufa tylko takim markom jak Selene, kt\u00f3re dbaj\u0105 o szczeg\u00f3\u0142y, dostosowuj\u0105 si\u0119 do codziennego \u017cycia kobiet i wprowadzaj\u0105 innowacje w projektowaniu, nie trac\u0105c przy tym istoty dobrego rzemios\u0142a tekstylnego. Kupuj\u0105c bielizn\u0119 Selene w tym sklepie, masz pewno\u015b\u0107, \u017ce otrzymasz produkt wysokiej jako\u015bci, z dba\u0142o\u015bci\u0105 o szczeg\u00f3\u0142y, kt\u00f3ry naprawd\u0119 Ci\u0119 interesuje.<\/p>\t\t\t\t\t\t\t\t<\/div>\n\t\t\t\t<\/div>\n\t\t\t\t<\/div>\n\t\t<div class=\"elementor-element elementor-element-5568f8b e-con-full e-flex e-con e-child\" data-id=\"5568f8b\" data-element_type=\"container\" data-e-type=\"container\">\n\t\t\t\t<div class=\"elementor-element elementor-element-980debe elementor-widget elementor-widget-image\" data-id=\"980debe\" data-element_type=\"widget\" data-e-type=\"widget\" data-widget_type=\"image.default\">\n\t\t\t\t<div class=\"elementor-widget-container\">\n\t\t\t\t\t\t\t\t\t\t\t\t\t\t\t<img fetchpriority=\"high\" decoding=\"async\" width=\"563\" height=\"750\" src=\"https:\/\/rosanacl.com\/wp-content\/uploads\/2025\/04\/5-2-769x1024.jpg\" class=\"attachment-large size-large wp-image-2372\" alt=\"\" srcset=\"https:\/\/rosanacl.com\/wp-content\/uploads\/2025\/04\/5-2-769x1024.jpg 769w, https:\/\/rosanacl.com\/wp-content\/uploads\/2025\/04\/5-2-9x12.jpg 9w, https:\/\/rosanacl.com\/wp-content\/uploads\/2025\/04\/5-2-225x300.jpg 225w, https:\/\/rosanacl.com\/wp-content\/uploads\/2025\/04\/5-2-768x1023.jpg 768w, https:\/\/rosanacl.com\/wp-content\/uploads\/2025\/04\/5-2-600x799.jpg 600w, https:\/\/rosanacl.com\/wp-content\/uploads\/2025\/04\/5-2.jpg 1001w\" sizes=\"(max-width: 563px) 100vw, 563px\" \/>\t\t\t\t\t\t\t\t\t\t\t\t\t\t\t<\/div>\n\t\t\t\t<\/div>\n\t\t\t\t<\/div>\n\t\t\t\t\t<\/div>\n\t\t\t\t<\/div>\n\t\t<div class=\"elementor-element elementor-element-5e380fb e-flex e-con-boxed e-con e-parent\" data-id=\"5e380fb\" data-element_type=\"container\" data-e-type=\"container\">\n\t\t\t\t\t<div class=\"e-con-inner\">\n\t\t<div class=\"elementor-element elementor-element-a763375 e-con-full e-flex e-con e-child\" data-id=\"a763375\" data-element_type=\"container\" data-e-type=\"container\">\n\t\t\t\t<div class=\"elementor-element elementor-element-a8aecc4 elementor-widget elementor-widget-image\" data-id=\"a8aecc4\" data-element_type=\"widget\" data-e-type=\"widget\" data-widget_type=\"image.default\">\n\t\t\t\t<div class=\"elementor-widget-container\">\n\t\t\t\t\t\t\t\t\t\t\t\t\t\t\t<img decoding=\"async\" width=\"800\" height=\"566\" src=\"https:\/\/rosanacl.com\/wp-content\/uploads\/2025\/07\/sujetador-reductor-1024x724.jpg\" class=\"attachment-large size-large wp-image-2865\" alt=\"\" srcset=\"https:\/\/rosanacl.com\/wp-content\/uploads\/2025\/07\/sujetador-reductor-1024x724.jpg 1024w, https:\/\/rosanacl.com\/wp-content\/uploads\/2025\/07\/sujetador-reductor-300x212.jpg 300w, https:\/\/rosanacl.com\/wp-content\/uploads\/2025\/07\/sujetador-reductor-768x543.jpg 768w, https:\/\/rosanacl.com\/wp-content\/uploads\/2025\/07\/sujetador-reductor-1536x1086.jpg 1536w, https:\/\/rosanacl.com\/wp-content\/uploads\/2025\/07\/sujetador-reductor-18x12.jpg 18w, https:\/\/rosanacl.com\/wp-content\/uploads\/2025\/07\/sujetador-reductor-600x424.jpg 600w, https:\/\/rosanacl.com\/wp-content\/uploads\/2025\/07\/sujetador-reductor.jpg 2000w\" sizes=\"(max-width: 800px) 100vw, 800px\" \/>\t\t\t\t\t\t\t\t\t\t\t\t\t\t\t<\/div>\n\t\t\t\t<\/div>\n\t\t\t\t<\/div>\n\t\t<div class=\"elementor-element elementor-element-b02b1e9 e-con-full e-flex e-con e-child\" data-id=\"b02b1e9\" data-element_type=\"container\" data-e-type=\"container\">\n\t\t\t\t<div class=\"elementor-element elementor-element-e25a6f0 elementor-widget elementor-widget-text-editor\" data-id=\"e25a6f0\" data-element_type=\"widget\" data-e-type=\"widget\" data-widget_type=\"text-editor.default\">\n\t\t\t\t<div class=\"elementor-widget-container\">\n\t\t\t\t\t\t\t\t\t<h3 data-start=\"2747\" data-end=\"2823\">Kupuj bielizn\u0119 Selene online bezpiecznie, szybko i z fachow\u0105 obs\u0142ug\u0105.<\/h3>\n<p data-start=\"2825\" data-end=\"3231\">Dzi\u0119ki swojej platformie cyfrowej Rosana CL umo\u017cliwia <strong data-start=\"2876\" data-end=\"2903\">kup bielizn\u0119 Selene<\/strong> Szybko, bezpiecznie i wygodnie z dowolnego miejsca. Ich sklep internetowy jest przejrzysty, \u0142atwy w obs\u0142udze i oferuje wszystkie niezb\u0119dne informacje: opis ka\u017cdego elementu garderoby, tabel\u0119 rozmiar\u00f3w, wskaz\u00f3wki i autentyczne zdj\u0119cia. Ponadto zesp\u00f3\u0142 jest do Twojej dyspozycji, aby odpowiedzie\u0107 na wszelkie pytania przed, w trakcie i po zakupie.<\/p>\n<p data-start=\"3233\" data-end=\"3647\">Ka\u017cde zam\u00f3wienie jest starannie przygotowywane, a wysy\u0142ka szybka i dyskretna. Ale poza obs\u0142ug\u0105 techniczn\u0105, Rosana CL wyr\u00f3\u017cnia si\u0119 zaanga\u017cowaniem w potrzeby kobiet: jej katalog nie pod\u0105\u017ca za przemijaj\u0105cymi trendami, a za rzeczywistymi potrzebami. Nie znajdziesz tu ubra\u0144 niewygodnych, obcis\u0142ych ani o w\u0105tpliwym wzornictwie. Tylko wysokiej jako\u015bci bielizna Selene, o krojach i materia\u0142ach, kt\u00f3re szanuj\u0105 Twoje cia\u0142o i podkre\u015blaj\u0105 Twoje naturalne pi\u0119kno.<\/p>\n<p data-start=\"3649\" data-end=\"3984\">Je\u015bli szukasz sklepu, w kt\u00f3rym <strong data-start=\"3684\" data-end=\"3711\">kup bielizn\u0119 Selene<\/strong> Rosana CL to Tw\u00f3j najlepszy wyb\u00f3r, daj\u0105c Ci spok\u00f3j ducha, pewno\u015b\u0107 siebie i gwarancj\u0119 jako\u015bci. Pozw\u00f3l, by doradzili Ci specjali\u015bci, kt\u00f3rzy naprawd\u0119 znaj\u0105 produkt i potrzeby Twojego cia\u0142a. Bo dobre samopoczucie zaczyna si\u0119 od wewn\u0105trz, a wyb\u00f3r odpowiedniej bielizny mo\u017ce mie\u0107 ogromne znaczenie.<\/p>\t\t\t\t\t\t\t\t<\/div>\n\t\t\t\t<\/div>\n\t\t\t\t<\/div>\n\t\t\t\t\t<\/div>\n\t\t\t\t<\/div>\n\t\t<div class=\"elementor-element elementor-element-495e863 e-flex e-con-boxed e-con e-parent\" data-id=\"495e863\" data-element_type=\"container\" data-e-type=\"container\">\n\t\t\t\t\t<div class=\"e-con-inner\">\n\t\t\t\t\t<\/div>\n\t\t\t\t<\/div>\n\t\t<div class=\"elementor-element elementor-element-d05ed3a e-flex e-con-boxed e-con e-parent\" data-id=\"d05ed3a\" data-element_type=\"container\" data-e-type=\"container\">\n\t\t\t\t\t<div class=\"e-con-inner\">\n\t\t\t\t<div class=\"elementor-element elementor-element-b883e86 elementor-widget elementor-widget-heading\" data-id=\"b883e86\" data-element_type=\"widget\" data-e-type=\"widget\" data-widget_type=\"heading.default\">\n\t\t\t\t<div class=\"elementor-widget-container\">\n\t\t\t\t\t<h2 class=\"elementor-heading-title elementor-size-default\">Skontaktuj si\u0119 z nami <\/h2>\t\t\t\t<\/div>\n\t\t\t\t<\/div>\n\t\t\t\t\t<\/div>\n\t\t\t\t<\/div>\n\t\t<div class=\"elementor-element elementor-element-00e20e2 e-flex e-con-boxed e-con e-parent\" data-id=\"00e20e2\" data-element_type=\"container\" data-e-type=\"container\">\n\t\t\t\t\t<div class=\"e-con-inner\">\n\t\t<div class=\"elementor-element elementor-element-8ad8f7b e-con-full e-flex e-con e-child\" data-id=\"8ad8f7b\" data-element_type=\"container\" data-e-type=\"container\">\n\t\t\t\t<div class=\"elementor-element elementor-element-888944a elementor-widget__width-initial elementor-widget elementor-widget-elementskit-contact-form7\" data-id=\"888944a\" data-element_type=\"widget\" data-e-type=\"widget\" data-widget_type=\"elementskit-contact-form7.default\">\n\t\t\t\t<div class=\"elementor-widget-container\">\n\t\t\t\t\t<div class=\"ekit-wid-con\" ><div class=\"ekit-form\">\n<div class=\"wpcf7 no-js\" id=\"wpcf7-f48-o1\" lang=\"es-ES\" dir=\"ltr\" data-wpcf7-id=\"48\">\n<div class=\"screen-reader-response\"><p role=\"status\" aria-live=\"polite\" aria-atomic=\"true\"><\/p> <ul><\/ul><\/div>\n<form action=\"\/de\/wp-json\/wp\/v2\/pages\/2885#wpcf7-f48-o1\" method=\"post\" class=\"wpcf7-form init\" aria-label=\"Formularz kontaktowy\" novalidate=\"novalidate\" data-status=\"init\" data-trp-original-action=\"\/de\/wp-json\/wp\/v2\/pages\/2885#wpcf7-f48-o1\">\n<fieldset class=\"hidden-fields-container\"><input type=\"hidden\" name=\"_wpcf7\" value=\"48\" \/><input type=\"hidden\" name=\"_wpcf7_version\" value=\"6.1.5\" \/><input type=\"hidden\" name=\"_wpcf7_locale\" value=\"es_ES\" \/><input type=\"hidden\" name=\"_wpcf7_unit_tag\" value=\"wpcf7-f48-o1\" \/><input type=\"hidden\" name=\"_wpcf7_container_post\" value=\"0\" \/><input type=\"hidden\" name=\"_wpcf7_posted_data_hash\" value=\"\" \/><input type=\"hidden\" name=\"_wpcf7_recaptcha_response\" value=\"\" \/>\n<\/fieldset>\n<div class=\"form-row\">\n\t<div class=\"form-column\">\n\t\t<p><span class=\"wpcf7-form-control-wrap\" data-name=\"nombre\"><input size=\"40\" maxlength=\"400\" class=\"wpcf7-form-control wpcf7-text wpcf7-validates-as-required\" aria-required=\"true\" aria-invalid=\"false\" placeholder=\"Nazwa\" value=\"\" type=\"text\" name=\"nombre\" \/><\/span>\n\t\t<\/p>\n\t<\/div>\n\t<div class=\"form-column\">\n\t\t<p><span class=\"wpcf7-form-control-wrap\" data-name=\"telefono\"><input size=\"40\" maxlength=\"400\" class=\"wpcf7-form-control wpcf7-tel wpcf7-validates-as-required wpcf7-text wpcf7-validates-as-tel\" aria-required=\"true\" aria-invalid=\"false\" placeholder=\"Telefon *\" value=\"\" type=\"tel\" name=\"telefono\" \/><\/span>\n\t\t<\/p>\n\t<\/div>\n<\/div>\n<div class=\"form-row\">\n\t<div class=\"form-column\">\n\t\t<p><span class=\"wpcf7-form-control-wrap\" data-name=\"email\"><input size=\"40\" maxlength=\"400\" class=\"wpcf7-form-control wpcf7-email wpcf7-validates-as-required wpcf7-text wpcf7-validates-as-email\" aria-required=\"true\" aria-invalid=\"false\" placeholder=\"Adres e-mail *\" value=\"\" type=\"email\" name=\"email\" \/><\/span>\n\t\t<\/p>\n\t<\/div>\n\t<div class=\"form-column\">\n\t\t<p><span class=\"wpcf7-form-control-wrap\" data-name=\"asunto\"><input size=\"40\" maxlength=\"400\" class=\"wpcf7-form-control wpcf7-text wpcf7-validates-as-required\" aria-required=\"true\" aria-invalid=\"false\" placeholder=\"Romans *\" value=\"\" type=\"text\" name=\"asunto\" \/><\/span>\n\t\t<\/p>\n\t<\/div>\n<\/div>\n<p><span class=\"wpcf7-form-control-wrap\" data-name=\"mensaje\"><textarea cols=\"40\" rows=\"10\" maxlength=\"2000\" class=\"wpcf7-form-control wpcf7-textarea wpcf7-validates-as-required\" aria-required=\"true\" aria-invalid=\"false\" placeholder=\"Wiadomo\u015b\u0107\" name=\"mensaje\"><\/textarea><\/span>\n<\/p>\n<p class=\"legal-priv\"><span class=\"wpcf7-form-control-wrap\" data-name=\"acceptance-787\"><span class=\"wpcf7-form-control wpcf7-acceptance\"><span class=\"wpcf7-list-item\"><label><input type=\"checkbox\" name=\"acceptance-787\" value=\"1\" aria-invalid=\"false\" \/><span class=\"wpcf7-list-item-label\">Przeczyta\u0142em i akceptuj\u0119 <a href=\"https:\/\/rosanacl.com\/pl\/politica-de-privacidad\/\">Polityka prywatno\u015bci<\/a><\/span><\/label><\/span><\/span><\/span>\n<\/p>\n<p><input class=\"wpcf7-form-control wpcf7-submit has-spinner\" type=\"submit\" value=\"WY\u015aLIJ WIADOMO\u015a\u0106\" \/>\n<\/p><div class=\"wpcf7-response-output\" aria-hidden=\"true\"><\/div>\n<input type=\"hidden\" name=\"trp-form-language\" value=\"pl\"\/><\/form>\n<\/div>\n<\/div><\/div>\t\t\t\t<\/div>\n\t\t\t\t<\/div>\n\t\t\t\t<\/div>\n\t\t\t\t\t<\/div>\n\t\t\t\t<\/div>\n\t\t\t\t<\/div>","protected":false},"excerpt":{"rendered":"<p>Comprar lencer\u00eda Selene Comprar lencer\u00eda Selene en Rosana CL es apostar por el confort y el dise\u00f1o nacional A la hora de comprar lencer\u00eda Selene, muchas mujeres buscan algo m\u00e1s que una prenda bonita. Quieren sentirse c\u00f3modas, seguras, bien acompa\u00f1adas en cada etapa de su vida. Y ah\u00ed es donde Rosana CL marca la diferencia. [&hellip;]<\/p>\n","protected":false},"author":1,"featured_media":0,"parent":0,"menu_order":0,"comment_status":"closed","ping_status":"closed","template":"","meta":{"content-type":"","footnotes":""},"class_list":["post-2885","page","type-page","status-publish","hentry"],"yoast_head":"<!-- This site is optimized with the Yoast SEO plugin v27.4 - https:\/\/yoast.com\/product\/yoast-seo-wordpress\/ -->\n<title>Comprar lencer\u00eda Selene - Rosana CL<\/title>\n<meta name=\"robots\" content=\"index, follow, max-snippet:-1, max-image-preview:large, max-video-preview:-1\" \/>\n<link rel=\"canonical\" href=\"https:\/\/rosanacl.com\/pl\/comprar-lenceria-selene\/\" \/>\n<meta property=\"og:locale\" content=\"pl_PL\" \/>\n<meta property=\"og:type\" content=\"article\" \/>\n<meta property=\"og:title\" content=\"Comprar lencer\u00eda Selene - Rosana CL\" \/>\n<meta property=\"og:description\" content=\"Comprar lencer\u00eda Selene Comprar lencer\u00eda Selene en Rosana CL es apostar por el confort y el dise\u00f1o nacional A la hora de comprar lencer\u00eda Selene, muchas mujeres buscan algo m\u00e1s que una prenda bonita. Quieren sentirse c\u00f3modas, seguras, bien acompa\u00f1adas en cada etapa de su vida. Y ah\u00ed es donde Rosana CL marca la diferencia. [&hellip;]\" \/>\n<meta property=\"og:url\" content=\"https:\/\/rosanacl.com\/pl\/comprar-lenceria-selene\/\" \/>\n<meta property=\"og:site_name\" content=\"Rosana CL\" \/>\n<meta property=\"article:modified_time\" content=\"2025-07-25T06:10:43+00:00\" \/>\n<meta property=\"og:image\" content=\"https:\/\/rosanacl.com\/wp-content\/uploads\/2025\/04\/5-2.jpg\" \/>\n\t<meta property=\"og:image:width\" content=\"1001\" \/>\n\t<meta property=\"og:image:height\" content=\"1333\" \/>\n\t<meta property=\"og:image:type\" content=\"image\/jpeg\" \/>\n<meta name=\"twitter:card\" content=\"summary_large_image\" \/>\n<meta name=\"twitter:label1\" content=\"Szacowany czas czytania\" \/>\n\t<meta name=\"twitter:data1\" content=\"3 minuty\" \/>\n<script type=\"application\/ld+json\" class=\"yoast-schema-graph\">{\"@context\":\"https:\\\/\\\/schema.org\",\"@graph\":[{\"@type\":\"WebPage\",\"@id\":\"https:\\\/\\\/rosanacl.com\\\/comprar-lenceria-selene\\\/\",\"url\":\"https:\\\/\\\/rosanacl.com\\\/comprar-lenceria-selene\\\/\",\"name\":\"Comprar lencer\u00eda Selene - Rosana CL\",\"isPartOf\":{\"@id\":\"https:\\\/\\\/rosanacl.com\\\/ca\\\/#website\"},\"primaryImageOfPage\":{\"@id\":\"https:\\\/\\\/rosanacl.com\\\/comprar-lenceria-selene\\\/#primaryimage\"},\"image\":{\"@id\":\"https:\\\/\\\/rosanacl.com\\\/comprar-lenceria-selene\\\/#primaryimage\"},\"thumbnailUrl\":\"https:\\\/\\\/rosanacl.com\\\/wp-content\\\/uploads\\\/2025\\\/04\\\/5-2-769x1024.jpg\",\"datePublished\":\"2025-07-18T09:11:52+00:00\",\"dateModified\":\"2025-07-25T06:10:43+00:00\",\"breadcrumb\":{\"@id\":\"https:\\\/\\\/rosanacl.com\\\/comprar-lenceria-selene\\\/#breadcrumb\"},\"inLanguage\":\"pl-PL\",\"potentialAction\":[{\"@type\":\"ReadAction\",\"target\":[\"https:\\\/\\\/rosanacl.com\\\/comprar-lenceria-selene\\\/\"]}]},{\"@type\":\"ImageObject\",\"inLanguage\":\"pl-PL\",\"@id\":\"https:\\\/\\\/rosanacl.com\\\/comprar-lenceria-selene\\\/#primaryimage\",\"url\":\"https:\\\/\\\/rosanacl.com\\\/wp-content\\\/uploads\\\/2025\\\/04\\\/5-2-769x1024.jpg\",\"contentUrl\":\"https:\\\/\\\/rosanacl.com\\\/wp-content\\\/uploads\\\/2025\\\/04\\\/5-2-769x1024.jpg\"},{\"@type\":\"BreadcrumbList\",\"@id\":\"https:\\\/\\\/rosanacl.com\\\/comprar-lenceria-selene\\\/#breadcrumb\",\"itemListElement\":[{\"@type\":\"ListItem\",\"position\":1,\"name\":\"Portada\",\"item\":\"https:\\\/\\\/rosanacl.com\\\/ca\\\/\"},{\"@type\":\"ListItem\",\"position\":2,\"name\":\"Comprar lencer\u00eda Selene\"}]},{\"@type\":\"WebSite\",\"@id\":\"https:\\\/\\\/rosanacl.com\\\/ca\\\/#website\",\"url\":\"https:\\\/\\\/rosanacl.com\\\/ca\\\/\",\"name\":\"Rosana CL\",\"description\":\"Somos tu interior\",\"potentialAction\":[{\"@type\":\"SearchAction\",\"target\":{\"@type\":\"EntryPoint\",\"urlTemplate\":\"https:\\\/\\\/rosanacl.com\\\/ca\\\/?s={search_term_string}\"},\"query-input\":{\"@type\":\"PropertyValueSpecification\",\"valueRequired\":true,\"valueName\":\"search_term_string\"}}],\"inLanguage\":\"pl-PL\"}]}<\/script>\n<!-- \/ Yoast SEO plugin. -->","yoast_head_json":{"title":"Comprar lencer\u00eda Selene - Rosana CL","robots":{"index":"index","follow":"follow","max-snippet":"max-snippet:-1","max-image-preview":"max-image-preview:large","max-video-preview":"max-video-preview:-1"},"canonical":"https:\/\/rosanacl.com\/pl\/comprar-lenceria-selene\/","og_locale":"pl_PL","og_type":"article","og_title":"Comprar lencer\u00eda Selene - Rosana CL","og_description":"Comprar lencer\u00eda Selene Comprar lencer\u00eda Selene en Rosana CL es apostar por el confort y el dise\u00f1o nacional A la hora de comprar lencer\u00eda Selene, muchas mujeres buscan algo m\u00e1s que una prenda bonita. Quieren sentirse c\u00f3modas, seguras, bien acompa\u00f1adas en cada etapa de su vida. Y ah\u00ed es donde Rosana CL marca la diferencia. [&hellip;]","og_url":"https:\/\/rosanacl.com\/pl\/comprar-lenceria-selene\/","og_site_name":"Rosana CL","article_modified_time":"2025-07-25T06:10:43+00:00","og_image":[{"width":1001,"height":1333,"url":"https:\/\/rosanacl.com\/wp-content\/uploads\/2025\/04\/5-2.jpg","type":"image\/jpeg"}],"twitter_card":"summary_large_image","twitter_misc":{"Szacowany czas czytania":"3 minuty"},"schema":{"@context":"https:\/\/schema.org","@graph":[{"@type":"WebPage","@id":"https:\/\/rosanacl.com\/comprar-lenceria-selene\/","url":"https:\/\/rosanacl.com\/comprar-lenceria-selene\/","name":"Comprar lencer\u00eda Selene - Rosana CL","isPartOf":{"@id":"https:\/\/rosanacl.com\/ca\/#website"},"primaryImageOfPage":{"@id":"https:\/\/rosanacl.com\/comprar-lenceria-selene\/#primaryimage"},"image":{"@id":"https:\/\/rosanacl.com\/comprar-lenceria-selene\/#primaryimage"},"thumbnailUrl":"https:\/\/rosanacl.com\/wp-content\/uploads\/2025\/04\/5-2-769x1024.jpg","datePublished":"2025-07-18T09:11:52+00:00","dateModified":"2025-07-25T06:10:43+00:00","breadcrumb":{"@id":"https:\/\/rosanacl.com\/comprar-lenceria-selene\/#breadcrumb"},"inLanguage":"pl-PL","potentialAction":[{"@type":"ReadAction","target":["https:\/\/rosanacl.com\/comprar-lenceria-selene\/"]}]},{"@type":"ImageObject","inLanguage":"pl-PL","@id":"https:\/\/rosanacl.com\/comprar-lenceria-selene\/#primaryimage","url":"https:\/\/rosanacl.com\/wp-content\/uploads\/2025\/04\/5-2-769x1024.jpg","contentUrl":"https:\/\/rosanacl.com\/wp-content\/uploads\/2025\/04\/5-2-769x1024.jpg"},{"@type":"BreadcrumbList","@id":"https:\/\/rosanacl.com\/comprar-lenceria-selene\/#breadcrumb","itemListElement":[{"@type":"ListItem","position":1,"name":"Portada","item":"https:\/\/rosanacl.com\/ca\/"},{"@type":"ListItem","position":2,"name":"Comprar lencer\u00eda Selene"}]},{"@type":"WebSite","@id":"https:\/\/rosanacl.com\/ca\/#website","url":"https:\/\/rosanacl.com\/ca\/","name":"Rosana CL","description":"Jeste\u015bmy Twoim wn\u0119trzem","potentialAction":[{"@type":"SearchAction","target":{"@type":"EntryPoint","urlTemplate":"https:\/\/rosanacl.com\/ca\/?s={search_term_string}"},"query-input":{"@type":"PropertyValueSpecification","valueRequired":true,"valueName":"search_term_string"}}],"inLanguage":"pl-PL"}]}},"_links":{"self":[{"href":"https:\/\/rosanacl.com\/pl\/wp-json\/wp\/v2\/pages\/2885","targetHints":{"allow":["GET"]}}],"collection":[{"href":"https:\/\/rosanacl.com\/pl\/wp-json\/wp\/v2\/pages"}],"about":[{"href":"https:\/\/rosanacl.com\/pl\/wp-json\/wp\/v2\/types\/page"}],"author":[{"embeddable":true,"href":"https:\/\/rosanacl.com\/pl\/wp-json\/wp\/v2\/users\/1"}],"replies":[{"embeddable":true,"href":"https:\/\/rosanacl.com\/pl\/wp-json\/wp\/v2\/comments?post=2885"}],"version-history":[{"count":0,"href":"https:\/\/rosanacl.com\/pl\/wp-json\/wp\/v2\/pages\/2885\/revisions"}],"wp:attachment":[{"href":"https:\/\/rosanacl.com\/pl\/wp-json\/wp\/v2\/media?parent=2885"}],"curies":[{"name":"wp","href":"https:\/\/api.w.org\/{rel}","templated":true}]}}