{"id":2897,"date":"2025-07-18T11:17:45","date_gmt":"2025-07-18T09:17:45","guid":{"rendered":"https:\/\/rosanacl.com\/?page_id=2897"},"modified":"2025-07-25T08:13:14","modified_gmt":"2025-07-25T06:13:14","slug":"lenceria-selene","status":"publish","type":"page","link":"https:\/\/rosanacl.com\/pl\/lenceria-selene\/","title":{"rendered":"Selene Lingerie"},"content":{"rendered":"<div data-elementor-type=\"wp-page\" data-elementor-id=\"2897\" class=\"elementor elementor-2897\" data-elementor-post-type=\"page\">\n\t\t\t\t<div class=\"elementor-element elementor-element-171998c7 e-flex e-con-boxed e-con e-parent\" data-id=\"171998c7\" data-element_type=\"container\" data-e-type=\"container\">\n\t\t\t\t\t<div class=\"e-con-inner\">\n\t\t\t\t<div class=\"elementor-element elementor-element-6575351f elementor-widget elementor-widget-text-editor\" data-id=\"6575351f\" data-element_type=\"widget\" data-e-type=\"widget\" data-widget_type=\"text-editor.default\">\n\t\t\t\t<div class=\"elementor-widget-container\">\n\t\t\t\t\t\t\t\t\t\n<p><\/p>\n\n\n\n<p><\/p>\n\t\t\t\t\t\t\t\t<\/div>\n\t\t\t\t<\/div>\n\t\t\t\t\t<\/div>\n\t\t\t\t<\/div>\n\t\t<div class=\"elementor-element elementor-element-cf7d341 e-flex e-con-boxed e-con e-parent\" data-id=\"cf7d341\" data-element_type=\"container\" data-e-type=\"container\">\n\t\t\t\t\t<div class=\"e-con-inner\">\n\t\t\t\t<div class=\"elementor-element elementor-element-1f1d080 elementor-widget elementor-widget-heading\" data-id=\"1f1d080\" data-element_type=\"widget\" data-e-type=\"widget\" data-widget_type=\"heading.default\">\n\t\t\t\t<div class=\"elementor-widget-container\">\n\t\t\t\t\t<h2 class=\"elementor-heading-title elementor-size-default\">Selene Lingerie<\/h2>\t\t\t\t<\/div>\n\t\t\t\t<\/div>\n\t\t\t\t\t<\/div>\n\t\t\t\t<\/div>\n\t\t<div class=\"elementor-element elementor-element-dc1921d e-flex e-con-boxed e-con e-parent\" data-id=\"dc1921d\" data-element_type=\"container\" data-e-type=\"container\">\n\t\t\t\t\t<div class=\"e-con-inner\">\n\t\t<div class=\"elementor-element elementor-element-d19616f e-con-full e-flex e-con e-child\" data-id=\"d19616f\" data-element_type=\"container\" data-e-type=\"container\">\n\t\t\t\t<div class=\"elementor-element elementor-element-8ba1404 elementor-widget elementor-widget-text-editor\" data-id=\"8ba1404\" data-element_type=\"widget\" data-e-type=\"widget\" data-widget_type=\"text-editor.default\">\n\t\t\t\t<div class=\"elementor-widget-container\">\n\t\t\t\t\t\t\t\t\t<h3 data-start=\"328\" data-end=\"397\">Selene Lingerie: Komfort i elegancja\u00a0<\/h3>\n<p data-start=\"399\" data-end=\"848\">Ten <strong data-start=\"402\" data-end=\"421\">Bielizna Selene<\/strong> Selene ugruntowa\u0142a swoj\u0105 pozycj\u0119 jako jedna z najbardziej rozpoznawalnych hiszpa\u0144skich marek w bran\u017cy bielizny damskiej. Dzi\u0119ki dziesi\u0119cioleciom do\u015bwiadczenia i wyra\u017anemu zaanga\u017cowaniu w krajow\u0105 produkcj\u0119, Selene projektuje ubrania, kt\u00f3re \u0142\u0105cz\u0105 estetyk\u0119, funkcjonalno\u015b\u0107 i perfekcyjne dopasowanie. Ka\u017cdy model jest tworzony z my\u015bl\u0105 o kobiecych sylwetkach, z wykorzystaniem inteligentnych wzor\u00f3w, wysokiej jako\u015bci tkanin i detali, kt\u00f3re robi\u0105 r\u00f3\u017cnic\u0119.<\/p>\n<p data-start=\"850\" data-end=\"1244\">W Rosana CL, sklepie specjalistycznym z ponad 40-letnim do\u015bwiadczeniem, znaj\u0105 katalog <strong data-start=\"958\" data-end=\"977\">Bielizna Selene<\/strong> i oferuje starannie dobrany wyb\u00f3r biustonoszy, majtek i body, kt\u00f3re spe\u0142ni\u0105 potrzeby ka\u017cdej kobiety. Wsp\u00f3\u0142praca wy\u0142\u0105cznie z Selene to nie przypadek: obie marki podzielaj\u0105 te same warto\u015bci: zaanga\u017cowanie, elegancj\u0119 i szacunek dla kobiecego cia\u0142a.<\/p>\n<p data-start=\"1246\" data-end=\"1475\">Kiedy wybierasz <strong data-start=\"1260\" data-end=\"1279\">Bielizna Selene<\/strong> W Rosana CL nie kupujesz po prostu kolejnego elementu garderoby: inwestujesz w d\u0142ugotrwa\u0142y komfort, projekt skrojony na miar\u0119 i indywidualn\u0105 obs\u0142ug\u0119, kt\u00f3r\u0105 wida\u0107 na ka\u017cdym etapie procesu zakupu.<\/p>\t\t\t\t\t\t\t\t<\/div>\n\t\t\t\t<\/div>\n\t\t\t\t<\/div>\n\t\t<div class=\"elementor-element elementor-element-5568f8b e-con-full e-flex e-con e-child\" data-id=\"5568f8b\" data-element_type=\"container\" data-e-type=\"container\">\n\t\t\t\t<div class=\"elementor-element elementor-element-980debe elementor-widget elementor-widget-image\" data-id=\"980debe\" data-element_type=\"widget\" data-e-type=\"widget\" data-widget_type=\"image.default\">\n\t\t\t\t<div class=\"elementor-widget-container\">\n\t\t\t\t\t\t\t\t\t\t\t\t\t\t\t<img fetchpriority=\"high\" decoding=\"async\" width=\"800\" height=\"566\" src=\"https:\/\/rosanacl.com\/wp-content\/uploads\/2025\/07\/sujetador-reductor-sin-tirantes-1024x724.jpg\" class=\"attachment-large size-large wp-image-2864\" alt=\"\" srcset=\"https:\/\/rosanacl.com\/wp-content\/uploads\/2025\/07\/sujetador-reductor-sin-tirantes-1024x724.jpg 1024w, https:\/\/rosanacl.com\/wp-content\/uploads\/2025\/07\/sujetador-reductor-sin-tirantes-300x212.jpg 300w, https:\/\/rosanacl.com\/wp-content\/uploads\/2025\/07\/sujetador-reductor-sin-tirantes-768x543.jpg 768w, https:\/\/rosanacl.com\/wp-content\/uploads\/2025\/07\/sujetador-reductor-sin-tirantes-1536x1086.jpg 1536w, https:\/\/rosanacl.com\/wp-content\/uploads\/2025\/07\/sujetador-reductor-sin-tirantes-18x12.jpg 18w, https:\/\/rosanacl.com\/wp-content\/uploads\/2025\/07\/sujetador-reductor-sin-tirantes-600x424.jpg 600w, https:\/\/rosanacl.com\/wp-content\/uploads\/2025\/07\/sujetador-reductor-sin-tirantes.jpg 2000w\" sizes=\"(max-width: 800px) 100vw, 800px\" \/>\t\t\t\t\t\t\t\t\t\t\t\t\t\t\t<\/div>\n\t\t\t\t<\/div>\n\t\t\t\t<\/div>\n\t\t\t\t\t<\/div>\n\t\t\t\t<\/div>\n\t\t<div class=\"elementor-element elementor-element-5e380fb e-flex e-con-boxed e-con e-parent\" data-id=\"5e380fb\" data-element_type=\"container\" data-e-type=\"container\">\n\t\t\t\t\t<div class=\"e-con-inner\">\n\t\t<div class=\"elementor-element elementor-element-a763375 e-con-full e-flex e-con e-child\" data-id=\"a763375\" data-element_type=\"container\" data-e-type=\"container\">\n\t\t\t\t<div class=\"elementor-element elementor-element-a8aecc4 elementor-widget elementor-widget-image\" data-id=\"a8aecc4\" data-element_type=\"widget\" data-e-type=\"widget\" data-widget_type=\"image.default\">\n\t\t\t\t<div class=\"elementor-widget-container\">\n\t\t\t\t\t\t\t\t\t\t\t\t\t\t\t<img decoding=\"async\" width=\"700\" height=\"750\" src=\"https:\/\/rosanacl.com\/wp-content\/uploads\/2025\/04\/5-956x1024.jpg\" class=\"attachment-large size-large wp-image-2357\" alt=\"\" srcset=\"https:\/\/rosanacl.com\/wp-content\/uploads\/2025\/04\/5-956x1024.jpg 956w, https:\/\/rosanacl.com\/wp-content\/uploads\/2025\/04\/5-11x12.jpg 11w, https:\/\/rosanacl.com\/wp-content\/uploads\/2025\/04\/5-280x300.jpg 280w, https:\/\/rosanacl.com\/wp-content\/uploads\/2025\/04\/5-768x823.jpg 768w, https:\/\/rosanacl.com\/wp-content\/uploads\/2025\/04\/5-600x643.jpg 600w, https:\/\/rosanacl.com\/wp-content\/uploads\/2025\/04\/5.jpg 1244w\" sizes=\"(max-width: 700px) 100vw, 700px\" \/>\t\t\t\t\t\t\t\t\t\t\t\t\t\t\t<\/div>\n\t\t\t\t<\/div>\n\t\t\t\t<\/div>\n\t\t<div class=\"elementor-element elementor-element-b02b1e9 e-con-full e-flex e-con e-child\" data-id=\"b02b1e9\" data-element_type=\"container\" data-e-type=\"container\">\n\t\t\t\t<div class=\"elementor-element elementor-element-e25a6f0 elementor-widget elementor-widget-text-editor\" data-id=\"e25a6f0\" data-element_type=\"widget\" data-e-type=\"widget\" data-widget_type=\"text-editor.default\">\n\t\t\t\t<div class=\"elementor-widget-container\">\n\t\t\t\t\t\t\t\t\t<h3 data-start=\"1477\" data-end=\"1545\">Dlaczego Rosana CL to idealne miejsce na zakup bielizny Selene<\/h3>\n<p data-start=\"1547\" data-end=\"1924\">Nie wszystkie sklepy oferuj\u0105 ten sam poziom wiedzy i zaanga\u017cowania w sprzeda\u017c. <strong data-start=\"1634\" data-end=\"1653\">Bielizna Selene<\/strong>W Rosana CL ka\u017cdy produkt zosta\u0142 przetestowany, przeanalizowany i wybrany przez zesp\u00f3\u0142 ekspert\u00f3w, kt\u00f3rzy wiedz\u0105, co si\u0119 sprawdza, a co nie. Ich do\u015bwiadczenie w gorseciarstwie pozwala im rekomendowa\u0107 odpowiedni model na podstawie rozmiaru, kszta\u0142tu cia\u0142a i przeznaczenia.<\/p>\n<p data-start=\"1926\" data-end=\"2268\">Ponadto Rosana CL dba o ka\u017cdy szczeg\u00f3\u0142: pocz\u0105wszy od przejrzystego opisu ka\u017cdego produktu, przez precyzyjn\u0105 tabel\u0119 rozmiar\u00f3w, po uwa\u017cn\u0105 obs\u0142ug\u0119 klienta i staranne przygotowanie ka\u017cdego zam\u00f3wienia. <strong data-start=\"2141\" data-end=\"2160\">Bielizna Selene<\/strong> W tym sklepie jest to kompleksowe do\u015bwiadczenie, w kt\u00f3rym klient czuje si\u0119 wys\u0142uchany, zrozumiany i otoczony opiek\u0105.<\/p>\n<p data-start=\"2270\" data-end=\"2642\">W katalogu znajdziesz szeroki wyb\u00f3r biustonoszy z fiszbinami i bez fiszbin, minimalistyczne fasony, biustonosze bez rami\u0105czek, figi o r\u00f3\u017cnych fasonach oraz eleganckie i funkcjonalne body. Wszystkie modele zosta\u0142y wyprodukowane w Hiszpanii z trwa\u0142ych, mi\u0119kkich i elastycznych materia\u0142\u00f3w. Ka\u017cdy element garderoby odzwierciedla do\u015bwiadczenie marki, kt\u00f3ra szanuje kobiety i rozumie ich potrzeby na ka\u017cdym etapie \u017cycia.<\/p>\t\t\t\t\t\t\t\t<\/div>\n\t\t\t\t<\/div>\n\t\t\t\t<\/div>\n\t\t\t\t\t<\/div>\n\t\t\t\t<\/div>\n\t\t<div class=\"elementor-element elementor-element-495e863 e-flex e-con-boxed e-con e-parent\" data-id=\"495e863\" data-element_type=\"container\" data-e-type=\"container\">\n\t\t\t\t\t<div class=\"e-con-inner\">\n\t\t\t\t<div class=\"elementor-element elementor-element-fe47ba3 elementor-widget elementor-widget-text-editor\" data-id=\"fe47ba3\" data-element_type=\"widget\" data-e-type=\"widget\" data-widget_type=\"text-editor.default\">\n\t\t\t\t<div class=\"elementor-widget-container\">\n\t\t\t\t\t\t\t\t\t<h3 data-start=\"2644\" data-end=\"2729\">Selene Lingerie online z Rosan\u0105 CL: zaufanie, szybko\u015b\u0107 i spersonalizowana obs\u0142uga<\/h3>\n<p data-start=\"2731\" data-end=\"3082\">Dzi\u0119ki swojej platformie cyfrowej Rosana CL u\u0142atwia dost\u0119p do <strong data-start=\"2798\" data-end=\"2817\">Bielizna Selene<\/strong> Z dowolnego miejsca w Hiszpanii. Ich sklep internetowy zosta\u0142 zaprojektowany tak, aby zapewni\u0107 \u0142atwe, bezpieczne i przejrzyste zakupy. Wystarczy kilka klikni\u0119\u0107, aby znale\u017a\u0107 interesuj\u0105cy Ci\u0119 model, sprawdzi\u0107 jego funkcje, por\u00f3wna\u0107 rozmiary i z\u0142o\u017cy\u0107 zam\u00f3wienie z pe\u0142nym spokojem.<\/p>\n<p data-start=\"3084\" data-end=\"3364\">Ponadto zesp\u00f3\u0142 jest do dyspozycji, aby odpowiedzie\u0107 na wszelkie pytania, zar\u00f3wno mailowo, jak i telefonicznie, zapewniaj\u0105c ludzkie podej\u015bcie, kt\u00f3rego cz\u0119sto brakuje w handlu internetowym. Wysy\u0142ka jest szybka i dyskretna, a jako\u015b\u0107 produktu gwarantowana od pierwszego u\u017cycia.<\/p>\n<p data-start=\"3366\" data-end=\"3711\">Kr\u00f3tko m\u00f3wi\u0105c, je\u015bli szukasz <strong data-start=\"3399\" data-end=\"3418\">Bielizna Selene<\/strong> Rosana CL to Tw\u00f3j najlepszy sprzymierzeniec, kt\u00f3ry naprawd\u0119 spe\u0142ni Twoje oczekiwania, zar\u00f3wno pod wzgl\u0119dem designu, jak i funkcjonalno\u015bci. Jej do\u015bwiadczenie, skupienie na prawdziwych kobietach i zaanga\u017cowanie w jako\u015b\u0107 sprawiaj\u0105, \u017ce ten sklep jest idealnym miejscem dla tych, kt\u00f3rzy chc\u0105 czu\u0107 si\u0119 dobrze zar\u00f3wno w \u015brodku, jak i na zewn\u0105trz.<\/p>\t\t\t\t\t\t\t\t<\/div>\n\t\t\t\t<\/div>\n\t\t\t\t\t<\/div>\n\t\t\t\t<\/div>\n\t\t<div class=\"elementor-element elementor-element-d05ed3a e-flex e-con-boxed e-con e-parent\" data-id=\"d05ed3a\" data-element_type=\"container\" data-e-type=\"container\">\n\t\t\t\t\t<div class=\"e-con-inner\">\n\t\t\t\t<div class=\"elementor-element elementor-element-b883e86 elementor-widget elementor-widget-heading\" data-id=\"b883e86\" data-element_type=\"widget\" data-e-type=\"widget\" data-widget_type=\"heading.default\">\n\t\t\t\t<div class=\"elementor-widget-container\">\n\t\t\t\t\t<h2 class=\"elementor-heading-title elementor-size-default\">Skontaktuj si\u0119 z nami <\/h2>\t\t\t\t<\/div>\n\t\t\t\t<\/div>\n\t\t\t\t\t<\/div>\n\t\t\t\t<\/div>\n\t\t<div class=\"elementor-element elementor-element-00e20e2 e-flex e-con-boxed e-con e-parent\" data-id=\"00e20e2\" data-element_type=\"container\" data-e-type=\"container\">\n\t\t\t\t\t<div class=\"e-con-inner\">\n\t\t<div class=\"elementor-element elementor-element-8ad8f7b e-con-full e-flex e-con e-child\" data-id=\"8ad8f7b\" data-element_type=\"container\" data-e-type=\"container\">\n\t\t\t\t<div class=\"elementor-element elementor-element-888944a elementor-widget__width-initial elementor-widget elementor-widget-elementskit-contact-form7\" data-id=\"888944a\" data-element_type=\"widget\" data-e-type=\"widget\" data-widget_type=\"elementskit-contact-form7.default\">\n\t\t\t\t<div class=\"elementor-widget-container\">\n\t\t\t\t\t<div class=\"ekit-wid-con\" ><div class=\"ekit-form\">\n<div class=\"wpcf7 no-js\" id=\"wpcf7-f48-o1\" lang=\"es-ES\" dir=\"ltr\" data-wpcf7-id=\"48\">\n<div class=\"screen-reader-response\"><p role=\"status\" aria-live=\"polite\" aria-atomic=\"true\"><\/p> <ul><\/ul><\/div>\n<form action=\"\/de\/wp-json\/wp\/v2\/pages\/2897#wpcf7-f48-o1\" method=\"post\" class=\"wpcf7-form init\" aria-label=\"Formularz kontaktowy\" novalidate=\"novalidate\" data-status=\"init\" data-trp-original-action=\"\/de\/wp-json\/wp\/v2\/pages\/2897#wpcf7-f48-o1\">\n<fieldset class=\"hidden-fields-container\"><input type=\"hidden\" name=\"_wpcf7\" value=\"48\" \/><input type=\"hidden\" name=\"_wpcf7_version\" value=\"6.1.5\" \/><input type=\"hidden\" name=\"_wpcf7_locale\" value=\"es_ES\" \/><input type=\"hidden\" name=\"_wpcf7_unit_tag\" value=\"wpcf7-f48-o1\" \/><input type=\"hidden\" name=\"_wpcf7_container_post\" value=\"0\" \/><input type=\"hidden\" name=\"_wpcf7_posted_data_hash\" value=\"\" \/><input type=\"hidden\" name=\"_wpcf7_recaptcha_response\" value=\"\" \/>\n<\/fieldset>\n<div class=\"form-row\">\n\t<div class=\"form-column\">\n\t\t<p><span class=\"wpcf7-form-control-wrap\" data-name=\"nombre\"><input size=\"40\" maxlength=\"400\" class=\"wpcf7-form-control wpcf7-text wpcf7-validates-as-required\" aria-required=\"true\" aria-invalid=\"false\" placeholder=\"Nazwa\" value=\"\" type=\"text\" name=\"nombre\" \/><\/span>\n\t\t<\/p>\n\t<\/div>\n\t<div class=\"form-column\">\n\t\t<p><span class=\"wpcf7-form-control-wrap\" data-name=\"telefono\"><input size=\"40\" maxlength=\"400\" class=\"wpcf7-form-control wpcf7-tel wpcf7-validates-as-required wpcf7-text wpcf7-validates-as-tel\" aria-required=\"true\" aria-invalid=\"false\" placeholder=\"Telefon *\" value=\"\" type=\"tel\" name=\"telefono\" \/><\/span>\n\t\t<\/p>\n\t<\/div>\n<\/div>\n<div class=\"form-row\">\n\t<div class=\"form-column\">\n\t\t<p><span class=\"wpcf7-form-control-wrap\" data-name=\"email\"><input size=\"40\" maxlength=\"400\" class=\"wpcf7-form-control wpcf7-email wpcf7-validates-as-required wpcf7-text wpcf7-validates-as-email\" aria-required=\"true\" aria-invalid=\"false\" placeholder=\"Adres e-mail *\" value=\"\" type=\"email\" name=\"email\" \/><\/span>\n\t\t<\/p>\n\t<\/div>\n\t<div class=\"form-column\">\n\t\t<p><span class=\"wpcf7-form-control-wrap\" data-name=\"asunto\"><input size=\"40\" maxlength=\"400\" class=\"wpcf7-form-control wpcf7-text wpcf7-validates-as-required\" aria-required=\"true\" aria-invalid=\"false\" placeholder=\"Romans *\" value=\"\" type=\"text\" name=\"asunto\" \/><\/span>\n\t\t<\/p>\n\t<\/div>\n<\/div>\n<p><span class=\"wpcf7-form-control-wrap\" data-name=\"mensaje\"><textarea cols=\"40\" rows=\"10\" maxlength=\"2000\" class=\"wpcf7-form-control wpcf7-textarea wpcf7-validates-as-required\" aria-required=\"true\" aria-invalid=\"false\" placeholder=\"Wiadomo\u015b\u0107\" name=\"mensaje\"><\/textarea><\/span>\n<\/p>\n<p class=\"legal-priv\"><span class=\"wpcf7-form-control-wrap\" data-name=\"acceptance-787\"><span class=\"wpcf7-form-control wpcf7-acceptance\"><span class=\"wpcf7-list-item\"><label><input type=\"checkbox\" name=\"acceptance-787\" value=\"1\" aria-invalid=\"false\" \/><span class=\"wpcf7-list-item-label\">Przeczyta\u0142em i akceptuj\u0119 <a href=\"https:\/\/rosanacl.com\/pl\/politica-de-privacidad\/\">Polityka prywatno\u015bci<\/a><\/span><\/label><\/span><\/span><\/span>\n<\/p>\n<p><input class=\"wpcf7-form-control wpcf7-submit has-spinner\" type=\"submit\" value=\"WY\u015aLIJ WIADOMO\u015a\u0106\" \/>\n<\/p><div class=\"wpcf7-response-output\" aria-hidden=\"true\"><\/div>\n<input type=\"hidden\" name=\"trp-form-language\" value=\"pl\"\/><\/form>\n<\/div>\n<\/div><\/div>\t\t\t\t<\/div>\n\t\t\t\t<\/div>\n\t\t\t\t<\/div>\n\t\t\t\t\t<\/div>\n\t\t\t\t<\/div>\n\t\t\t\t<\/div>","protected":false},"excerpt":{"rendered":"<p>Lencer\u00eda Selene Lencer\u00eda Selene: comodidad y elegancia\u00a0 La lencer\u00eda Selene ha logrado posicionarse como una de las marcas espa\u00f1olas m\u00e1s reconocidas en el \u00e1mbito de la ropa \u00edntima femenina. Con d\u00e9cadas de experiencia y una clara apuesta por la fabricaci\u00f3n nacional, Selene dise\u00f1a prendas que combinan est\u00e9tica, funcionalidad y un ajuste impecable. Cada modelo est\u00e1 [&hellip;]<\/p>\n","protected":false},"author":1,"featured_media":0,"parent":0,"menu_order":0,"comment_status":"closed","ping_status":"closed","template":"","meta":{"content-type":"","footnotes":""},"class_list":["post-2897","page","type-page","status-publish","hentry"],"yoast_head":"<!-- This site is optimized with the Yoast SEO plugin v27.4 - https:\/\/yoast.com\/product\/yoast-seo-wordpress\/ -->\n<title>Lencer\u00eda Selene - Rosana CL<\/title>\n<meta name=\"robots\" content=\"index, follow, max-snippet:-1, max-image-preview:large, max-video-preview:-1\" \/>\n<link rel=\"canonical\" href=\"https:\/\/rosanacl.com\/pl\/lenceria-selene\/\" \/>\n<meta property=\"og:locale\" content=\"pl_PL\" \/>\n<meta property=\"og:type\" content=\"article\" \/>\n<meta property=\"og:title\" content=\"Lencer\u00eda Selene - Rosana CL\" \/>\n<meta property=\"og:description\" content=\"Lencer\u00eda Selene Lencer\u00eda Selene: comodidad y elegancia\u00a0 La lencer\u00eda Selene ha logrado posicionarse como una de las marcas espa\u00f1olas m\u00e1s reconocidas en el \u00e1mbito de la ropa \u00edntima femenina. Con d\u00e9cadas de experiencia y una clara apuesta por la fabricaci\u00f3n nacional, Selene dise\u00f1a prendas que combinan est\u00e9tica, funcionalidad y un ajuste impecable. Cada modelo est\u00e1 [&hellip;]\" \/>\n<meta property=\"og:url\" content=\"https:\/\/rosanacl.com\/pl\/lenceria-selene\/\" \/>\n<meta property=\"og:site_name\" content=\"Rosana CL\" \/>\n<meta property=\"article:modified_time\" content=\"2025-07-25T06:13:14+00:00\" \/>\n<meta property=\"og:image\" content=\"https:\/\/rosanacl.com\/wp-content\/uploads\/2025\/07\/sujetador-reductor-sin-tirantes.jpg\" \/>\n\t<meta property=\"og:image:width\" content=\"2000\" \/>\n\t<meta property=\"og:image:height\" content=\"1414\" \/>\n\t<meta property=\"og:image:type\" content=\"image\/jpeg\" \/>\n<meta name=\"twitter:card\" content=\"summary_large_image\" \/>\n<meta name=\"twitter:label1\" content=\"Szacowany czas czytania\" \/>\n\t<meta name=\"twitter:data1\" content=\"3 minuty\" \/>\n<script type=\"application\/ld+json\" class=\"yoast-schema-graph\">{\"@context\":\"https:\\\/\\\/schema.org\",\"@graph\":[{\"@type\":\"WebPage\",\"@id\":\"https:\\\/\\\/rosanacl.com\\\/eu\\\/lenceria-selene\\\/\",\"url\":\"https:\\\/\\\/rosanacl.com\\\/eu\\\/lenceria-selene\\\/\",\"name\":\"Lencer\u00eda Selene - Rosana CL\",\"isPartOf\":{\"@id\":\"https:\\\/\\\/rosanacl.com\\\/ca\\\/#website\"},\"primaryImageOfPage\":{\"@id\":\"https:\\\/\\\/rosanacl.com\\\/eu\\\/lenceria-selene\\\/#primaryimage\"},\"image\":{\"@id\":\"https:\\\/\\\/rosanacl.com\\\/eu\\\/lenceria-selene\\\/#primaryimage\"},\"thumbnailUrl\":\"https:\\\/\\\/rosanacl.com\\\/wp-content\\\/uploads\\\/2025\\\/07\\\/sujetador-reductor-sin-tirantes-1024x724.jpg\",\"datePublished\":\"2025-07-18T09:17:45+00:00\",\"dateModified\":\"2025-07-25T06:13:14+00:00\",\"breadcrumb\":{\"@id\":\"https:\\\/\\\/rosanacl.com\\\/eu\\\/lenceria-selene\\\/#breadcrumb\"},\"inLanguage\":\"pl-PL\",\"potentialAction\":[{\"@type\":\"ReadAction\",\"target\":[\"https:\\\/\\\/rosanacl.com\\\/eu\\\/lenceria-selene\\\/\"]}]},{\"@type\":\"ImageObject\",\"inLanguage\":\"pl-PL\",\"@id\":\"https:\\\/\\\/rosanacl.com\\\/eu\\\/lenceria-selene\\\/#primaryimage\",\"url\":\"https:\\\/\\\/rosanacl.com\\\/wp-content\\\/uploads\\\/2025\\\/07\\\/sujetador-reductor-sin-tirantes-1024x724.jpg\",\"contentUrl\":\"https:\\\/\\\/rosanacl.com\\\/wp-content\\\/uploads\\\/2025\\\/07\\\/sujetador-reductor-sin-tirantes-1024x724.jpg\"},{\"@type\":\"BreadcrumbList\",\"@id\":\"https:\\\/\\\/rosanacl.com\\\/eu\\\/lenceria-selene\\\/#breadcrumb\",\"itemListElement\":[{\"@type\":\"ListItem\",\"position\":1,\"name\":\"Portada\",\"item\":\"https:\\\/\\\/rosanacl.com\\\/ca\\\/\"},{\"@type\":\"ListItem\",\"position\":2,\"name\":\"Lencer\u00eda Selene\"}]},{\"@type\":\"WebSite\",\"@id\":\"https:\\\/\\\/rosanacl.com\\\/ca\\\/#website\",\"url\":\"https:\\\/\\\/rosanacl.com\\\/ca\\\/\",\"name\":\"Rosana CL\",\"description\":\"Somos tu interior\",\"potentialAction\":[{\"@type\":\"SearchAction\",\"target\":{\"@type\":\"EntryPoint\",\"urlTemplate\":\"https:\\\/\\\/rosanacl.com\\\/ca\\\/?s={search_term_string}\"},\"query-input\":{\"@type\":\"PropertyValueSpecification\",\"valueRequired\":true,\"valueName\":\"search_term_string\"}}],\"inLanguage\":\"pl-PL\"}]}<\/script>\n<!-- \/ Yoast SEO plugin. -->","yoast_head_json":{"title":"Lencer\u00eda Selene - Rosana CL","robots":{"index":"index","follow":"follow","max-snippet":"max-snippet:-1","max-image-preview":"max-image-preview:large","max-video-preview":"max-video-preview:-1"},"canonical":"https:\/\/rosanacl.com\/pl\/lenceria-selene\/","og_locale":"pl_PL","og_type":"article","og_title":"Lencer\u00eda Selene - Rosana CL","og_description":"Lencer\u00eda Selene Lencer\u00eda Selene: comodidad y elegancia\u00a0 La lencer\u00eda Selene ha logrado posicionarse como una de las marcas espa\u00f1olas m\u00e1s reconocidas en el \u00e1mbito de la ropa \u00edntima femenina. Con d\u00e9cadas de experiencia y una clara apuesta por la fabricaci\u00f3n nacional, Selene dise\u00f1a prendas que combinan est\u00e9tica, funcionalidad y un ajuste impecable. Cada modelo est\u00e1 [&hellip;]","og_url":"https:\/\/rosanacl.com\/pl\/lenceria-selene\/","og_site_name":"Rosana CL","article_modified_time":"2025-07-25T06:13:14+00:00","og_image":[{"width":2000,"height":1414,"url":"https:\/\/rosanacl.com\/wp-content\/uploads\/2025\/07\/sujetador-reductor-sin-tirantes.jpg","type":"image\/jpeg"}],"twitter_card":"summary_large_image","twitter_misc":{"Szacowany czas czytania":"3 minuty"},"schema":{"@context":"https:\/\/schema.org","@graph":[{"@type":"WebPage","@id":"https:\/\/rosanacl.com\/eu\/lenceria-selene\/","url":"https:\/\/rosanacl.com\/eu\/lenceria-selene\/","name":"Lencer\u00eda Selene - Rosana CL","isPartOf":{"@id":"https:\/\/rosanacl.com\/ca\/#website"},"primaryImageOfPage":{"@id":"https:\/\/rosanacl.com\/eu\/lenceria-selene\/#primaryimage"},"image":{"@id":"https:\/\/rosanacl.com\/eu\/lenceria-selene\/#primaryimage"},"thumbnailUrl":"https:\/\/rosanacl.com\/wp-content\/uploads\/2025\/07\/sujetador-reductor-sin-tirantes-1024x724.jpg","datePublished":"2025-07-18T09:17:45+00:00","dateModified":"2025-07-25T06:13:14+00:00","breadcrumb":{"@id":"https:\/\/rosanacl.com\/eu\/lenceria-selene\/#breadcrumb"},"inLanguage":"pl-PL","potentialAction":[{"@type":"ReadAction","target":["https:\/\/rosanacl.com\/eu\/lenceria-selene\/"]}]},{"@type":"ImageObject","inLanguage":"pl-PL","@id":"https:\/\/rosanacl.com\/eu\/lenceria-selene\/#primaryimage","url":"https:\/\/rosanacl.com\/wp-content\/uploads\/2025\/07\/sujetador-reductor-sin-tirantes-1024x724.jpg","contentUrl":"https:\/\/rosanacl.com\/wp-content\/uploads\/2025\/07\/sujetador-reductor-sin-tirantes-1024x724.jpg"},{"@type":"BreadcrumbList","@id":"https:\/\/rosanacl.com\/eu\/lenceria-selene\/#breadcrumb","itemListElement":[{"@type":"ListItem","position":1,"name":"Portada","item":"https:\/\/rosanacl.com\/ca\/"},{"@type":"ListItem","position":2,"name":"Lencer\u00eda Selene"}]},{"@type":"WebSite","@id":"https:\/\/rosanacl.com\/ca\/#website","url":"https:\/\/rosanacl.com\/ca\/","name":"Rosana CL","description":"Jeste\u015bmy Twoim wn\u0119trzem","potentialAction":[{"@type":"SearchAction","target":{"@type":"EntryPoint","urlTemplate":"https:\/\/rosanacl.com\/ca\/?s={search_term_string}"},"query-input":{"@type":"PropertyValueSpecification","valueRequired":true,"valueName":"search_term_string"}}],"inLanguage":"pl-PL"}]}},"_links":{"self":[{"href":"https:\/\/rosanacl.com\/pl\/wp-json\/wp\/v2\/pages\/2897","targetHints":{"allow":["GET"]}}],"collection":[{"href":"https:\/\/rosanacl.com\/pl\/wp-json\/wp\/v2\/pages"}],"about":[{"href":"https:\/\/rosanacl.com\/pl\/wp-json\/wp\/v2\/types\/page"}],"author":[{"embeddable":true,"href":"https:\/\/rosanacl.com\/pl\/wp-json\/wp\/v2\/users\/1"}],"replies":[{"embeddable":true,"href":"https:\/\/rosanacl.com\/pl\/wp-json\/wp\/v2\/comments?post=2897"}],"version-history":[{"count":0,"href":"https:\/\/rosanacl.com\/pl\/wp-json\/wp\/v2\/pages\/2897\/revisions"}],"wp:attachment":[{"href":"https:\/\/rosanacl.com\/pl\/wp-json\/wp\/v2\/media?parent=2897"}],"curies":[{"name":"wp","href":"https:\/\/api.w.org\/{rel}","templated":true}]}}