{"id":31,"date":"2025-03-28T16:10:30","date_gmt":"2025-03-28T19:10:30","guid":{"rendered":"https:\/\/innovacon.simplificandotuweb.com\/?page_id=31"},"modified":"2025-07-09T08:56:36","modified_gmt":"2025-07-09T06:56:36","slug":"politica-de-privacidad","status":"publish","type":"page","link":"https:\/\/rosanacl.com\/pl\/politica-de-privacidad\/","title":{"rendered":"Polityka prywatno\u015bci"},"content":{"rendered":"<div data-elementor-type=\"wp-page\" data-elementor-id=\"31\" class=\"elementor elementor-31\" data-elementor-post-type=\"page\">\n\t\t\t\t<div class=\"elementor-element elementor-element-1ca8157 e-flex e-con-boxed e-con e-parent\" data-id=\"1ca8157\" data-element_type=\"container\" data-e-type=\"container\" data-settings=\"{&quot;background_background&quot;:&quot;classic&quot;}\">\n\t\t\t\t\t<div class=\"e-con-inner\">\n\t\t<div class=\"elementor-element elementor-element-ee95924 e-con-full e-flex e-con e-child\" data-id=\"ee95924\" data-element_type=\"container\" data-e-type=\"container\">\n\t\t\t\t<div class=\"elementor-element elementor-element-fbdd061 elementor-widget elementor-widget-heading\" data-id=\"fbdd061\" data-element_type=\"widget\" data-e-type=\"widget\" data-widget_type=\"heading.default\">\n\t\t\t\t<div class=\"elementor-widget-container\">\n\t\t\t\t\t<h2 class=\"elementor-heading-title elementor-size-default\">Polityka prywatno\u015bci<\/h2>\t\t\t\t<\/div>\n\t\t\t\t<\/div>\n\t\t\t\t<\/div>\n\t\t\t\t\t<\/div>\n\t\t\t\t<\/div>\n\t\t<div class=\"elementor-element elementor-element-5a8dd38e e-flex e-con-boxed e-con e-parent\" data-id=\"5a8dd38e\" data-element_type=\"container\" data-e-type=\"container\">\n\t\t\t\t\t<div class=\"e-con-inner\">\n\t\t\t\t<div class=\"elementor-element elementor-element-6ea5a565 elementor-widget elementor-widget-text-editor\" data-id=\"6ea5a565\" data-element_type=\"widget\" data-e-type=\"widget\" data-widget_type=\"text-editor.default\">\n\t\t\t\t<div class=\"elementor-widget-container\">\n\t\t\t\t\t\t\t\t\t\n<p><strong>1. INFORMACJE DLA U\u017bYTKOWNIKA<\/strong><\/p>\n\n<p>Strona internetowa informuje u\u017cytkownik\u00f3w o swojej polityce dotycz\u0105cej przetwarzania i ochrony danych osobowych u\u017cytkownik\u00f3w i klient\u00f3w, o kt\u00f3r\u0105 mo\u017cna poprosi\u0107 podczas przegl\u0105dania strony internetowej.<\/p>\n\n<p>Strona internetowa jest odpowiedzialna za przetwarzanie danych osobowych u\u017cytkownika, w zwi\u0105zku z czym poni\u017cej zamieszczamy informacje dotycz\u0105ce przetwarzania jego danych:<\/p>\n\n<p><strong>Kryteria przechowywania danych:<\/strong>\u00a0Podane dane osobowe b\u0119d\u0105 przechowywane do momentu z\u0142o\u017cenia przez zainteresowan\u0105 osob\u0119 wniosku o zawieszenie przetwarzania, skorzystania z przys\u0142uguj\u0105cych jej praw dotycz\u0105cych danych oraz w ka\u017cdym przypadku zgodnie z obowi\u0105zuj\u0105cymi przepisami prawa dotycz\u0105cymi przedawnienia roszcze\u0144.<\/p>\n\n<p><strong>Prawa stron zainteresowanych:<\/strong><\/p>\n\n<p>Prawo do cofni\u0119cia zgody w dowolnym momencie.<br \/>Prawo do dost\u0119pu, sprostowania, usuni\u0119cia i przenoszenia danych, a tak\u017ce do ograniczenia lub sprzeciwu wobec przetwarzania, a tak\u017ce do niepodlegania zautomatyzowanym decyzjom w indywidualnych przypadkach.<\/p>\n\n<p><strong>Dane kontaktowe umo\u017cliwiaj\u0105ce realizacj\u0119 przys\u0142uguj\u0105cych Ci praw:<\/strong><\/p>\n\n<p>Musisz odpowiednio si\u0119 zidentyfikowa\u0107 i wyra\u017anie poprosi\u0107 o skorzystanie z prawa do jego realizacji.<\/p>\n\n<ul class=\"wp-block-list\">\n<li>Firma: Pablo Angulo Maspons<\/li>\n<li>Populacja: Vinaroz, Hiszpania<\/li>\n<li>Telefon: 613395013<\/li>\n<li>Poczta: <a class=\"css-1rn59kg\" title=\"info@rosanacl.com\" href=\"mailto:info@rosanacl.com\" data-testid=\"link-with-safety\" data-renderer-mark=\"true\">info@rosanacl.com\u00a0<\/a><\/li>\n<\/ul>\n\n<p><strong>2.- INFORMACJE PODANE PRZEZ U\u017bYTKOWNIKA<\/strong><\/p>\n\n<p>Je\u015bli masz mniej ni\u017c 18 lat, nie masz prawa korzysta\u0107 z formularzy na naszej stronie internetowej.<\/p>\n\n<p>Wprowadzaj\u0105c swoje dane w formularzach kontaktowych lub przesy\u0142aj\u0105c je w formularzach do pobrania, U\u017cytkownicy wyra\u017anie, dobrowolnie i jednoznacznie akceptuj\u0105 fakt, \u017ce ich dane s\u0105 niezb\u0119dne do przetworzenia ich zapytania przez Administratora. Podanie danych w pozosta\u0142ych polach jest dobrowolne.<\/p>\n\n<p>U\u017cytkownik gwarantuje, \u017ce podane dane osobowe s\u0105 prawdziwe i ponosi odpowiedzialno\u015b\u0107 za przekazanie wszelkich zmian.<\/p>\n\n<p>Wszystkie dane wymagane za po\u015brednictwem strony internetowej s\u0105 niezb\u0119dne do zapewnienia U\u017cytkownikowi optymalnej obs\u0142ugi. W przypadku braku podania wszystkich danych nie ma gwarancji, \u017ce informacje i us\u0142ugi \u015bwiadczone przez Administratora b\u0119d\u0105 w pe\u0142ni dopasowane do jego potrzeb.<\/p>\n\n<p><strong>3.- \u015aRODKI BEZPIECZE\u0143STWA<\/strong><\/p>\n\n<p>Zgodnie z postanowieniami obowi\u0105zuj\u0105cych przepis\u00f3w o ochronie danych osobowych, Administrator przestrzega wszystkich postanowie\u0144 rozporz\u0105dzenia RODO i rozporz\u0105dzenia LOPD w zakresie przetwarzania danych osobowych, za kt\u00f3re jest odpowiedzialny, kt\u00f3re s\u0105 przetwarzane zgodnie z prawem, rzetelnie i przejrzy\u015bcie w odniesieniu do osoby, kt\u00f3rej dane dotycz\u0105, oraz s\u0105 adekwatne, stosowne i ograniczone do tego, co niezb\u0119dne do cel\u00f3w, w kt\u00f3rych s\u0105 przetwarzane.<\/p>\n\n<p>Administrator zapewnia, \u017ce wdro\u017cy\u0142 odpowiednie polityki techniczne i organizacyjne w celu stosowania \u015brodk\u00f3w bezpiecze\u0144stwa ustanowionych przez RODO i LOPD w celu ochrony praw i wolno\u015bci U\u017cytkownik\u00f3w oraz przekaza\u0142 im odpowiednie informacje, aby mogli z nich korzysta\u0107.<\/p>\n\n<p><strong>4.- NARUSZENIA BEZPIECZE\u0143STWA<\/strong><\/p>\n\n<p>Kontroler zg\u0142osi wszelkie naruszenia bezpiecze\u0144stwa dotycz\u0105ce bazy danych wykorzystywanej przez t\u0119 stron\u0119 internetow\u0105 lub kt\u00f3r\u0105kolwiek z naszych us\u0142ug stron trzecich, ka\u017cdej osobie, kt\u00f3rej dane mog\u0142y zosta\u0107 naruszone, oraz w\u0142adzom w ci\u0105gu 72 godzin od wykrycia naruszenia.<\/p>\n\n<p><strong>OBOWI\u0104ZUJ\u0104CE USTAWODAWSTWO I JURYSDYKCJA<\/strong><\/p>\n\n<p>Do rozstrzygania wszelkich spor\u00f3w lub kwestii zwi\u0105zanych z niniejsz\u0105 stron\u0105 internetow\u0105 lub dzia\u0142alno\u015bci\u0105 prowadzon\u0105 na niej, stosuje si\u0119 prawo hiszpa\u0144skie, kt\u00f3remu strony wyra\u017anie si\u0119 poddaj\u0105. S\u0105dy i trybuna\u0142y w Barcelonie maj\u0105 jurysdykcj\u0119 do rozstrzygania wszelkich konflikt\u00f3w wynikaj\u0105cych z korzystania z niniejszej strony internetowej lub z nim zwi\u0105zanych.<\/p>\n\n<p>\u00a0<\/p>\n\t\t\t\t\t\t\t\t<\/div>\n\t\t\t\t<\/div>\n\t\t\t\t\t<\/div>\n\t\t\t\t<\/div>\n\t\t\t\t<\/div>","protected":false},"excerpt":{"rendered":"<p>1.- INFORMACI\u00d3N AL USUARIO El sitio web informa a los usuarios del sitio web sobre su pol\u00edtica respecto al tratamiento y protecci\u00f3n de los datos de car\u00e1cter personal de los usuarios y clientes que puedan ser solicitados por la navegaci\u00f3n a trav\u00e9s de su sitio web. El sitio web es el Responsable del tratamiento de [&hellip;]<\/p>\n","protected":false},"author":1,"featured_media":0,"parent":0,"menu_order":0,"comment_status":"closed","ping_status":"closed","template":"","meta":{"content-type":"","footnotes":""},"class_list":["post-31","page","type-page","status-publish","hentry"],"yoast_head":"<!-- This site is optimized with the Yoast SEO plugin v27.4 - https:\/\/yoast.com\/product\/yoast-seo-wordpress\/ -->\n<title>Pol\u00edtica de Privacidad - Rosana CL<\/title>\n<meta name=\"robots\" content=\"index, follow, max-snippet:-1, max-image-preview:large, max-video-preview:-1\" \/>\n<link rel=\"canonical\" href=\"https:\/\/rosanacl.com\/pl\/politica-de-privacidad\/\" \/>\n<meta property=\"og:locale\" content=\"pl_PL\" \/>\n<meta property=\"og:type\" content=\"article\" \/>\n<meta property=\"og:title\" content=\"Pol\u00edtica de Privacidad - Rosana CL\" \/>\n<meta property=\"og:description\" content=\"1.- INFORMACI\u00d3N AL USUARIO El sitio web informa a los usuarios del sitio web sobre su pol\u00edtica respecto al tratamiento y protecci\u00f3n de los datos de car\u00e1cter personal de los usuarios y clientes que puedan ser solicitados por la navegaci\u00f3n a trav\u00e9s de su sitio web. El sitio web es el Responsable del tratamiento de [&hellip;]\" \/>\n<meta property=\"og:url\" content=\"https:\/\/rosanacl.com\/pl\/politica-de-privacidad\/\" \/>\n<meta property=\"og:site_name\" content=\"Rosana CL\" \/>\n<meta property=\"article:modified_time\" content=\"2025-07-09T06:56:36+00:00\" \/>\n<meta name=\"twitter:card\" content=\"summary_large_image\" \/>\n<meta name=\"twitter:label1\" content=\"Szacowany czas czytania\" \/>\n\t<meta name=\"twitter:data1\" content=\"3 minuty\" \/>\n<script type=\"application\/ld+json\" class=\"yoast-schema-graph\">{\"@context\":\"https:\\\/\\\/schema.org\",\"@graph\":[{\"@type\":\"WebPage\",\"@id\":\"https:\\\/\\\/rosanacl.com\\\/politica-de-privacidad\\\/\",\"url\":\"https:\\\/\\\/rosanacl.com\\\/politica-de-privacidad\\\/\",\"name\":\"Pol\u00edtica de Privacidad - Rosana CL\",\"isPartOf\":{\"@id\":\"https:\\\/\\\/rosanacl.com\\\/ca\\\/#website\"},\"datePublished\":\"2025-03-28T19:10:30+00:00\",\"dateModified\":\"2025-07-09T06:56:36+00:00\",\"breadcrumb\":{\"@id\":\"https:\\\/\\\/rosanacl.com\\\/politica-de-privacidad\\\/#breadcrumb\"},\"inLanguage\":\"pl-PL\",\"potentialAction\":[{\"@type\":\"ReadAction\",\"target\":[\"https:\\\/\\\/rosanacl.com\\\/politica-de-privacidad\\\/\"]}]},{\"@type\":\"BreadcrumbList\",\"@id\":\"https:\\\/\\\/rosanacl.com\\\/politica-de-privacidad\\\/#breadcrumb\",\"itemListElement\":[{\"@type\":\"ListItem\",\"position\":1,\"name\":\"Portada\",\"item\":\"https:\\\/\\\/rosanacl.com\\\/ca\\\/\"},{\"@type\":\"ListItem\",\"position\":2,\"name\":\"Pol\u00edtica de Privacidad\"}]},{\"@type\":\"WebSite\",\"@id\":\"https:\\\/\\\/rosanacl.com\\\/ca\\\/#website\",\"url\":\"https:\\\/\\\/rosanacl.com\\\/ca\\\/\",\"name\":\"Rosana CL\",\"description\":\"Somos tu interior\",\"potentialAction\":[{\"@type\":\"SearchAction\",\"target\":{\"@type\":\"EntryPoint\",\"urlTemplate\":\"https:\\\/\\\/rosanacl.com\\\/ca\\\/?s={search_term_string}\"},\"query-input\":{\"@type\":\"PropertyValueSpecification\",\"valueRequired\":true,\"valueName\":\"search_term_string\"}}],\"inLanguage\":\"pl-PL\"}]}<\/script>\n<!-- \/ Yoast SEO plugin. -->","yoast_head_json":{"title":"Pol\u00edtica de Privacidad - Rosana CL","robots":{"index":"index","follow":"follow","max-snippet":"max-snippet:-1","max-image-preview":"max-image-preview:large","max-video-preview":"max-video-preview:-1"},"canonical":"https:\/\/rosanacl.com\/pl\/politica-de-privacidad\/","og_locale":"pl_PL","og_type":"article","og_title":"Pol\u00edtica de Privacidad - Rosana CL","og_description":"1.- INFORMACI\u00d3N AL USUARIO El sitio web informa a los usuarios del sitio web sobre su pol\u00edtica respecto al tratamiento y protecci\u00f3n de los datos de car\u00e1cter personal de los usuarios y clientes que puedan ser solicitados por la navegaci\u00f3n a trav\u00e9s de su sitio web. El sitio web es el Responsable del tratamiento de [&hellip;]","og_url":"https:\/\/rosanacl.com\/pl\/politica-de-privacidad\/","og_site_name":"Rosana CL","article_modified_time":"2025-07-09T06:56:36+00:00","twitter_card":"summary_large_image","twitter_misc":{"Szacowany czas czytania":"3 minuty"},"schema":{"@context":"https:\/\/schema.org","@graph":[{"@type":"WebPage","@id":"https:\/\/rosanacl.com\/politica-de-privacidad\/","url":"https:\/\/rosanacl.com\/politica-de-privacidad\/","name":"Pol\u00edtica de Privacidad - Rosana CL","isPartOf":{"@id":"https:\/\/rosanacl.com\/ca\/#website"},"datePublished":"2025-03-28T19:10:30+00:00","dateModified":"2025-07-09T06:56:36+00:00","breadcrumb":{"@id":"https:\/\/rosanacl.com\/politica-de-privacidad\/#breadcrumb"},"inLanguage":"pl-PL","potentialAction":[{"@type":"ReadAction","target":["https:\/\/rosanacl.com\/politica-de-privacidad\/"]}]},{"@type":"BreadcrumbList","@id":"https:\/\/rosanacl.com\/politica-de-privacidad\/#breadcrumb","itemListElement":[{"@type":"ListItem","position":1,"name":"Portada","item":"https:\/\/rosanacl.com\/ca\/"},{"@type":"ListItem","position":2,"name":"Pol\u00edtica de Privacidad"}]},{"@type":"WebSite","@id":"https:\/\/rosanacl.com\/ca\/#website","url":"https:\/\/rosanacl.com\/ca\/","name":"Rosana CL","description":"Jeste\u015bmy Twoim wn\u0119trzem","potentialAction":[{"@type":"SearchAction","target":{"@type":"EntryPoint","urlTemplate":"https:\/\/rosanacl.com\/ca\/?s={search_term_string}"},"query-input":{"@type":"PropertyValueSpecification","valueRequired":true,"valueName":"search_term_string"}}],"inLanguage":"pl-PL"}]}},"_links":{"self":[{"href":"https:\/\/rosanacl.com\/pl\/wp-json\/wp\/v2\/pages\/31","targetHints":{"allow":["GET"]}}],"collection":[{"href":"https:\/\/rosanacl.com\/pl\/wp-json\/wp\/v2\/pages"}],"about":[{"href":"https:\/\/rosanacl.com\/pl\/wp-json\/wp\/v2\/types\/page"}],"author":[{"embeddable":true,"href":"https:\/\/rosanacl.com\/pl\/wp-json\/wp\/v2\/users\/1"}],"replies":[{"embeddable":true,"href":"https:\/\/rosanacl.com\/pl\/wp-json\/wp\/v2\/comments?post=31"}],"version-history":[{"count":0,"href":"https:\/\/rosanacl.com\/pl\/wp-json\/wp\/v2\/pages\/31\/revisions"}],"wp:attachment":[{"href":"https:\/\/rosanacl.com\/pl\/wp-json\/wp\/v2\/media?parent=31"}],"curies":[{"name":"wp","href":"https:\/\/api.w.org\/{rel}","templated":true}]}}