{"id":3704,"date":"2025-09-29T23:46:58","date_gmt":"2025-09-29T21:46:58","guid":{"rendered":"https:\/\/rosanacl.com\/?page_id=3704"},"modified":"2025-09-29T23:50:04","modified_gmt":"2025-09-29T21:50:04","slug":"bragas-de-selene","status":"publish","type":"page","link":"https:\/\/rosanacl.com\/pl\/bragas-de-selene\/","title":{"rendered":"Majtki Seleny"},"content":{"rendered":"<div data-elementor-type=\"wp-page\" data-elementor-id=\"3704\" class=\"elementor elementor-3704\" data-elementor-post-type=\"page\">\n\t\t\t\t<div class=\"elementor-element elementor-element-171998c7 e-flex e-con-boxed e-con e-parent\" data-id=\"171998c7\" data-element_type=\"container\" data-e-type=\"container\">\n\t\t\t\t\t<div class=\"e-con-inner\">\n\t\t\t\t<div class=\"elementor-element elementor-element-6575351f elementor-widget elementor-widget-text-editor\" data-id=\"6575351f\" data-element_type=\"widget\" data-e-type=\"widget\" data-widget_type=\"text-editor.default\">\n\t\t\t\t<div class=\"elementor-widget-container\">\n\t\t\t\t\t\t\t\t\t\n<p><\/p>\n\n\n\n<p><\/p>\n\t\t\t\t\t\t\t\t<\/div>\n\t\t\t\t<\/div>\n\t\t\t\t\t<\/div>\n\t\t\t\t<\/div>\n\t\t<div class=\"elementor-element elementor-element-cf7d341 e-flex e-con-boxed e-con e-parent\" data-id=\"cf7d341\" data-element_type=\"container\" data-e-type=\"container\">\n\t\t\t\t\t<div class=\"e-con-inner\">\n\t\t\t\t<div class=\"elementor-element elementor-element-1f1d080 elementor-widget elementor-widget-heading\" data-id=\"1f1d080\" data-element_type=\"widget\" data-e-type=\"widget\" data-widget_type=\"heading.default\">\n\t\t\t\t<div class=\"elementor-widget-container\">\n\t\t\t\t\t<h2 class=\"elementor-heading-title elementor-size-default\">Majtki Seleny<\/h2>\t\t\t\t<\/div>\n\t\t\t\t<\/div>\n\t\t\t\t\t<\/div>\n\t\t\t\t<\/div>\n\t\t<div class=\"elementor-element elementor-element-dc1921d e-flex e-con-boxed e-con e-parent\" data-id=\"dc1921d\" data-element_type=\"container\" data-e-type=\"container\">\n\t\t\t\t\t<div class=\"e-con-inner\">\n\t\t<div class=\"elementor-element elementor-element-d19616f e-con-full e-flex e-con e-child\" data-id=\"d19616f\" data-element_type=\"container\" data-e-type=\"container\">\n\t\t\t\t<div class=\"elementor-element elementor-element-366d290 elementor-widget elementor-widget-text-editor\" data-id=\"366d290\" data-element_type=\"widget\" data-e-type=\"widget\" data-widget_type=\"text-editor.default\">\n\t\t\t\t<div class=\"elementor-widget-container\">\n\t\t\t\t\t\t\t\t\t<h3 data-start=\"3151\" data-end=\"3212\"><strong data-start=\"3155\" data-end=\"3210\">Majtki Selene: podstawa, kt\u00f3rej potrzebuje ka\u017cda kobieta<\/strong><\/h3>\n<p data-start=\"3213\" data-end=\"3592\">Ten <strong data-start=\"3217\" data-end=\"3237\">Majtki Seleny<\/strong> S\u0105 synonimem jako\u015bci, komfortu i elegancji. W Rosana CL oferujemy starannie dobrany wyb\u00f3r majtek Selene, kt\u00f3re dopasowuj\u0105 si\u0119 do potrzeb ka\u017cdej kobiety, \u0142\u0105cz\u0105c design z funkcjonalno\u015bci\u0105. Ka\u017cdy element garderoby wykonany jest z wysokiej jako\u015bci materia\u0142\u00f3w, kt\u00f3re zapewniaj\u0105 mi\u0119kko\u015b\u0107, elastyczno\u015b\u0107 i trwa\u0142o\u015b\u0107, gwarantuj\u0105c ca\u0142odzienny komfort.<\/p>\n<p data-start=\"3594\" data-end=\"3993\">Wybierz kilka <strong data-start=\"3606\" data-end=\"3626\">Majtki Seleny<\/strong> To nie tylko kwestia stylu: to inwestycja w dobre samopoczucie. Marka od dziesi\u0119cioleci pracuje nad tym, aby oferowa\u0107 ubrania, kt\u00f3re dopasowuj\u0105 si\u0119 do tempa \u017cycia kobiety, eliminuj\u0105c dyskomfort i zapewniaj\u0105c idealne dopasowanie. Majtki Selene wyr\u00f3\u017cniaj\u0105 si\u0119 tym, \u017ce naturalnie podkre\u015blaj\u0105 sylwetk\u0119, zapewniaj\u0105c pewno\u015b\u0107 siebie i bezpiecze\u0144stwo od pierwszego wejrzenia.<\/p>\t\t\t\t\t\t\t\t<\/div>\n\t\t\t\t<\/div>\n\t\t\t\t<\/div>\n\t\t<div class=\"elementor-element elementor-element-5568f8b e-con-full e-flex e-con e-child\" data-id=\"5568f8b\" data-element_type=\"container\" data-e-type=\"container\">\n\t\t\t\t<div class=\"elementor-element elementor-element-980debe elementor-widget elementor-widget-image\" data-id=\"980debe\" data-element_type=\"widget\" data-e-type=\"widget\" data-widget_type=\"image.default\">\n\t\t\t\t<div class=\"elementor-widget-container\">\n\t\t\t\t\t\t\t\t\t\t\t\t\t\t\t<img fetchpriority=\"high\" decoding=\"async\" width=\"563\" height=\"750\" src=\"https:\/\/rosanacl.com\/wp-content\/uploads\/2025\/08\/5-4-768x1024.png\" class=\"attachment-large size-large wp-image-3528\" alt=\"\" srcset=\"https:\/\/rosanacl.com\/wp-content\/uploads\/2025\/08\/5-4-768x1023.png 768w, https:\/\/rosanacl.com\/wp-content\/uploads\/2025\/08\/5-4-225x300.png 225w, https:\/\/rosanacl.com\/wp-content\/uploads\/2025\/08\/5-4-9x12.png 9w, https:\/\/rosanacl.com\/wp-content\/uploads\/2025\/08\/5-4-600x800.png 600w, https:\/\/rosanacl.com\/wp-content\/uploads\/2025\/08\/5-4.png 800w\" sizes=\"(max-width: 563px) 100vw, 563px\" \/>\t\t\t\t\t\t\t\t\t\t\t\t\t\t\t<\/div>\n\t\t\t\t<\/div>\n\t\t\t\t<\/div>\n\t\t\t\t\t<\/div>\n\t\t\t\t<\/div>\n\t\t<div class=\"elementor-element elementor-element-5e380fb e-flex e-con-boxed e-con e-parent\" data-id=\"5e380fb\" data-element_type=\"container\" data-e-type=\"container\">\n\t\t\t\t\t<div class=\"e-con-inner\">\n\t\t<div class=\"elementor-element elementor-element-a763375 e-con-full e-flex e-con e-child\" data-id=\"a763375\" data-element_type=\"container\" data-e-type=\"container\">\n\t\t\t\t<div class=\"elementor-element elementor-element-a8aecc4 elementor-widget elementor-widget-image\" data-id=\"a8aecc4\" data-element_type=\"widget\" data-e-type=\"widget\" data-widget_type=\"image.default\">\n\t\t\t\t<div class=\"elementor-widget-container\">\n\t\t\t\t\t\t\t\t\t\t\t\t\t\t\t<img decoding=\"async\" width=\"750\" height=\"750\" src=\"https:\/\/rosanacl.com\/wp-content\/uploads\/2025\/08\/1-9-1024x1024.png\" class=\"attachment-large size-large wp-image-3524\" alt=\"\" srcset=\"https:\/\/rosanacl.com\/wp-content\/uploads\/2025\/08\/1-9-1024x1024.png 1024w, https:\/\/rosanacl.com\/wp-content\/uploads\/2025\/08\/1-9-300x300.png 300w, https:\/\/rosanacl.com\/wp-content\/uploads\/2025\/08\/1-9-150x150.png 150w, https:\/\/rosanacl.com\/wp-content\/uploads\/2025\/08\/1-9-768x768.png 768w, https:\/\/rosanacl.com\/wp-content\/uploads\/2025\/08\/1-9-12x12.png 12w, https:\/\/rosanacl.com\/wp-content\/uploads\/2025\/08\/1-9-600x600.png 600w, https:\/\/rosanacl.com\/wp-content\/uploads\/2025\/08\/1-9-100x100.png 100w, https:\/\/rosanacl.com\/wp-content\/uploads\/2025\/08\/1-9-50x50.png 50w, https:\/\/rosanacl.com\/wp-content\/uploads\/2025\/08\/1-9.png 1333w\" sizes=\"(max-width: 750px) 100vw, 750px\" \/>\t\t\t\t\t\t\t\t\t\t\t\t\t\t\t<\/div>\n\t\t\t\t<\/div>\n\t\t\t\t<\/div>\n\t\t<div class=\"elementor-element elementor-element-b02b1e9 e-con-full e-flex e-con e-child\" data-id=\"b02b1e9\" data-element_type=\"container\" data-e-type=\"container\">\n\t\t\t\t<div class=\"elementor-element elementor-element-d246925 elementor-widget elementor-widget-text-editor\" data-id=\"d246925\" data-element_type=\"widget\" data-e-type=\"widget\" data-widget_type=\"text-editor.default\">\n\t\t\t\t<div class=\"elementor-widget-container\">\n\t\t\t\t\t\t\t\t\t<h3 data-start=\"3995\" data-end=\"4052\"><strong data-start=\"3999\" data-end=\"4050\">Majtki Selene: r\u00f3\u017cnorodno\u015b\u0107 modeli i fason\u00f3w<\/strong><\/h3>\n<p data-start=\"4053\" data-end=\"4392\">Jedn\u0105 z najwi\u0119kszych atrakcji <strong data-start=\"4090\" data-end=\"4110\">Majtki Seleny<\/strong> To r\u00f3\u017cnorodno\u015b\u0107 oferowanych styl\u00f3w. Od klasycznych, wygodnych fason\u00f3w na co dzie\u0144, po majtki z koronk\u0105, prze\u015bwituj\u0105cymi panelami i wyrafinowanymi detalami na specjalne okazje. W Rosana CL ka\u017cdy element garderoby jest starannie dobierany, aby zapewni\u0107 najwy\u017csz\u0105 jako\u015b\u0107 i styl.<\/p>\n<p data-start=\"4394\" data-end=\"4765\">Majtki Selene charakteryzuj\u0105 si\u0119 r\u00f3wnie\u017c funkcjonalno\u015bci\u0105. Na przyk\u0142ad niewidoczne modele dopasowuj\u0105 si\u0119 do obcis\u0142ych ubra\u0144, nie pozostawiaj\u0105c \u015blad\u00f3w, a oddychaj\u0105ce i wytrzyma\u0142e materia\u0142y zapewniaj\u0105 trwa\u0142o\u015b\u0107 nawet po wielu praniach. Kup <strong data-start=\"4657\" data-end=\"4677\">Majtki Seleny<\/strong> W Rosana CL oznacza to dost\u0119p do ubra\u0144 \u0142\u0105cz\u0105cych estetyk\u0119, wygod\u0119 i trwa\u0142o\u015b\u0107.<\/p>\t\t\t\t\t\t\t\t<\/div>\n\t\t\t\t<\/div>\n\t\t\t\t<\/div>\n\t\t\t\t\t<\/div>\n\t\t\t\t<\/div>\n\t\t<div class=\"elementor-element elementor-element-495e863 e-flex e-con-boxed e-con e-parent\" data-id=\"495e863\" data-element_type=\"container\" data-e-type=\"container\">\n\t\t\t\t\t<div class=\"e-con-inner\">\n\t\t\t\t<div class=\"elementor-element elementor-element-fe47ba3 elementor-widget elementor-widget-text-editor\" data-id=\"fe47ba3\" data-element_type=\"widget\" data-e-type=\"widget\" data-widget_type=\"text-editor.default\">\n\t\t\t\t<div class=\"elementor-widget-container\">\n\t\t\t\t\t\t\t\t\t<h3 data-start=\"4767\" data-end=\"4842\"><strong data-start=\"4771\" data-end=\"4840\">Majtki Selene: Zaufanie i spersonalizowana obs\u0142uga w Rosana CL<\/strong><\/h3>\n<p data-start=\"4843\" data-end=\"5244\">Kupi\u0107 <strong data-start=\"4851\" data-end=\"4871\">Majtki Seleny<\/strong> W Rosana CL to gwarancja autentyczno\u015bci i jako\u015bci. Nasz sklep internetowy oferuje obszerny katalog ze szczeg\u00f3\u0142owymi informacjami i zdj\u0119ciami, kt\u00f3re pozwol\u0105 Ci zrozumie\u0107 ka\u017cdy szczeg\u00f3\u0142 przed dokonaniem zakupu. Oferujemy r\u00f3wnie\u017c spersonalizowan\u0105 obs\u0142ug\u0119 klienta, kt\u00f3ra doradzi w kwestii rozmiar\u00f3w, materia\u0142\u00f3w i fason\u00f3w, zapewniaj\u0105c, \u017ce ka\u017cdy klient znajdzie idealny produkt.<\/p>\n<p data-start=\"5246\" data-end=\"5560\">Po\u0142\u0105czenie designu, komfortu i fachowej obs\u0142ugi sprawia, \u017ce wyb\u00f3r <strong data-start=\"5317\" data-end=\"5337\">Majtki Seleny<\/strong> W Rosana CL to niezawodne i satysfakcjonuj\u0105ce do\u015bwiadczenie. Klienci wiedz\u0105, \u017ce kupuj\u0105 trwa\u0142e, eleganckie i funkcjonalne produkty, zaprojektowane z my\u015bl\u0105 o tym, by towarzyszy\u0107 im w codziennym \u017cyciu i na specjalne okazje.<\/p>\n<p data-start=\"5562\" data-end=\"5791\">Kr\u00f3tko m\u00f3wi\u0105c, <strong data-start=\"5581\" data-end=\"5601\">Majtki Seleny<\/strong> Reprezentuj\u0105 jako\u015b\u0107, wygod\u0119 i styl. Kupuj\u0105c majtki Selene w Rosana CL, wybierasz ubrania, kt\u00f3re podkre\u015blaj\u0105 kobieco\u015b\u0107, zapewniaj\u0105 bezpiecze\u0144stwo i gwarantuj\u0105 satysfakcj\u0119 z ka\u017cdego u\u017cytkowania.<\/p>\t\t\t\t\t\t\t\t<\/div>\n\t\t\t\t<\/div>\n\t\t\t\t\t<\/div>\n\t\t\t\t<\/div>\n\t\t<div class=\"elementor-element elementor-element-d05ed3a e-flex e-con-boxed e-con e-parent\" data-id=\"d05ed3a\" data-element_type=\"container\" data-e-type=\"container\">\n\t\t\t\t\t<div class=\"e-con-inner\">\n\t\t\t\t<div class=\"elementor-element elementor-element-b883e86 elementor-widget elementor-widget-heading\" data-id=\"b883e86\" data-element_type=\"widget\" data-e-type=\"widget\" data-widget_type=\"heading.default\">\n\t\t\t\t<div class=\"elementor-widget-container\">\n\t\t\t\t\t<h2 class=\"elementor-heading-title elementor-size-default\">Skontaktuj si\u0119 z nami <\/h2>\t\t\t\t<\/div>\n\t\t\t\t<\/div>\n\t\t\t\t\t<\/div>\n\t\t\t\t<\/div>\n\t\t<div class=\"elementor-element elementor-element-00e20e2 e-flex e-con-boxed e-con e-parent\" data-id=\"00e20e2\" data-element_type=\"container\" data-e-type=\"container\">\n\t\t\t\t\t<div class=\"e-con-inner\">\n\t\t<div class=\"elementor-element elementor-element-8ad8f7b e-con-full e-flex e-con e-child\" data-id=\"8ad8f7b\" data-element_type=\"container\" data-e-type=\"container\">\n\t\t\t\t<div class=\"elementor-element elementor-element-888944a elementor-widget__width-initial elementor-widget elementor-widget-elementskit-contact-form7\" data-id=\"888944a\" data-element_type=\"widget\" data-e-type=\"widget\" data-widget_type=\"elementskit-contact-form7.default\">\n\t\t\t\t<div class=\"elementor-widget-container\">\n\t\t\t\t\t<div class=\"ekit-wid-con\" ><div class=\"ekit-form\">\n<div class=\"wpcf7 no-js\" id=\"wpcf7-f48-o1\" lang=\"es-ES\" dir=\"ltr\" data-wpcf7-id=\"48\">\n<div class=\"screen-reader-response\"><p role=\"status\" aria-live=\"polite\" aria-atomic=\"true\"><\/p> <ul><\/ul><\/div>\n<form action=\"\/de\/wp-json\/wp\/v2\/pages\/3704#wpcf7-f48-o1\" method=\"post\" class=\"wpcf7-form init\" aria-label=\"Formularz kontaktowy\" novalidate=\"novalidate\" data-status=\"init\" data-trp-original-action=\"\/de\/wp-json\/wp\/v2\/pages\/3704#wpcf7-f48-o1\">\n<fieldset class=\"hidden-fields-container\"><input type=\"hidden\" name=\"_wpcf7\" value=\"48\" \/><input type=\"hidden\" name=\"_wpcf7_version\" value=\"6.1.5\" \/><input type=\"hidden\" name=\"_wpcf7_locale\" value=\"es_ES\" \/><input type=\"hidden\" name=\"_wpcf7_unit_tag\" value=\"wpcf7-f48-o1\" \/><input type=\"hidden\" name=\"_wpcf7_container_post\" value=\"0\" \/><input type=\"hidden\" name=\"_wpcf7_posted_data_hash\" value=\"\" \/><input type=\"hidden\" name=\"_wpcf7_recaptcha_response\" value=\"\" \/>\n<\/fieldset>\n<div class=\"form-row\">\n\t<div class=\"form-column\">\n\t\t<p><span class=\"wpcf7-form-control-wrap\" data-name=\"nombre\"><input size=\"40\" maxlength=\"400\" class=\"wpcf7-form-control wpcf7-text wpcf7-validates-as-required\" aria-required=\"true\" aria-invalid=\"false\" placeholder=\"Nazwa\" value=\"\" type=\"text\" name=\"nombre\" \/><\/span>\n\t\t<\/p>\n\t<\/div>\n\t<div class=\"form-column\">\n\t\t<p><span class=\"wpcf7-form-control-wrap\" data-name=\"telefono\"><input size=\"40\" maxlength=\"400\" class=\"wpcf7-form-control wpcf7-tel wpcf7-validates-as-required wpcf7-text wpcf7-validates-as-tel\" aria-required=\"true\" aria-invalid=\"false\" placeholder=\"Telefon *\" value=\"\" type=\"tel\" name=\"telefono\" \/><\/span>\n\t\t<\/p>\n\t<\/div>\n<\/div>\n<div class=\"form-row\">\n\t<div class=\"form-column\">\n\t\t<p><span class=\"wpcf7-form-control-wrap\" data-name=\"email\"><input size=\"40\" maxlength=\"400\" class=\"wpcf7-form-control wpcf7-email wpcf7-validates-as-required wpcf7-text wpcf7-validates-as-email\" aria-required=\"true\" aria-invalid=\"false\" placeholder=\"Adres e-mail *\" value=\"\" type=\"email\" name=\"email\" \/><\/span>\n\t\t<\/p>\n\t<\/div>\n\t<div class=\"form-column\">\n\t\t<p><span class=\"wpcf7-form-control-wrap\" data-name=\"asunto\"><input size=\"40\" maxlength=\"400\" class=\"wpcf7-form-control wpcf7-text wpcf7-validates-as-required\" aria-required=\"true\" aria-invalid=\"false\" placeholder=\"Romans *\" value=\"\" type=\"text\" name=\"asunto\" \/><\/span>\n\t\t<\/p>\n\t<\/div>\n<\/div>\n<p><span class=\"wpcf7-form-control-wrap\" data-name=\"mensaje\"><textarea cols=\"40\" rows=\"10\" maxlength=\"2000\" class=\"wpcf7-form-control wpcf7-textarea wpcf7-validates-as-required\" aria-required=\"true\" aria-invalid=\"false\" placeholder=\"Wiadomo\u015b\u0107\" name=\"mensaje\"><\/textarea><\/span>\n<\/p>\n<p class=\"legal-priv\"><span class=\"wpcf7-form-control-wrap\" data-name=\"acceptance-787\"><span class=\"wpcf7-form-control wpcf7-acceptance\"><span class=\"wpcf7-list-item\"><label><input type=\"checkbox\" name=\"acceptance-787\" value=\"1\" aria-invalid=\"false\" \/><span class=\"wpcf7-list-item-label\">Przeczyta\u0142em i akceptuj\u0119 <a href=\"https:\/\/rosanacl.com\/pl\/politica-de-privacidad\/\">Polityka prywatno\u015bci<\/a><\/span><\/label><\/span><\/span><\/span>\n<\/p>\n<p><input class=\"wpcf7-form-control wpcf7-submit has-spinner\" type=\"submit\" value=\"WY\u015aLIJ WIADOMO\u015a\u0106\" \/>\n<\/p><div class=\"wpcf7-response-output\" aria-hidden=\"true\"><\/div>\n<input type=\"hidden\" name=\"trp-form-language\" value=\"pl\"\/><\/form>\n<\/div>\n<\/div><\/div>\t\t\t\t<\/div>\n\t\t\t\t<\/div>\n\t\t\t\t<\/div>\n\t\t\t\t\t<\/div>\n\t\t\t\t<\/div>\n\t\t\t\t<\/div>","protected":false},"excerpt":{"rendered":"<p>Bragas de Selene Bragas de Selene: el b\u00e1sico que toda mujer necesita Las bragas de Selene son sin\u00f3nimo de calidad, comodidad y elegancia. En Rosana CL, ofrecemos una cuidada selecci\u00f3n de bragas de Selene que se adaptan a las necesidades de cada mujer, combinando dise\u00f1o y funcionalidad. Cada prenda est\u00e1 confeccionada con materiales de alta [&hellip;]<\/p>\n","protected":false},"author":1,"featured_media":0,"parent":0,"menu_order":0,"comment_status":"closed","ping_status":"closed","template":"","meta":{"content-type":"","footnotes":""},"class_list":["post-3704","page","type-page","status-publish","hentry"],"yoast_head":"<!-- This site is optimized with the Yoast SEO plugin v27.4 - https:\/\/yoast.com\/product\/yoast-seo-wordpress\/ -->\n<title>Bragas de Selene - Rosana CL<\/title>\n<meta name=\"robots\" content=\"index, follow, max-snippet:-1, max-image-preview:large, max-video-preview:-1\" \/>\n<link rel=\"canonical\" href=\"https:\/\/rosanacl.com\/pl\/bragas-de-selene\/\" \/>\n<meta property=\"og:locale\" content=\"pl_PL\" \/>\n<meta property=\"og:type\" content=\"article\" \/>\n<meta property=\"og:title\" content=\"Bragas de Selene - Rosana CL\" \/>\n<meta property=\"og:description\" content=\"Bragas de Selene Bragas de Selene: el b\u00e1sico que toda mujer necesita Las bragas de Selene son sin\u00f3nimo de calidad, comodidad y elegancia. En Rosana CL, ofrecemos una cuidada selecci\u00f3n de bragas de Selene que se adaptan a las necesidades de cada mujer, combinando dise\u00f1o y funcionalidad. Cada prenda est\u00e1 confeccionada con materiales de alta [&hellip;]\" \/>\n<meta property=\"og:url\" content=\"https:\/\/rosanacl.com\/pl\/bragas-de-selene\/\" \/>\n<meta property=\"og:site_name\" content=\"Rosana CL\" \/>\n<meta property=\"article:modified_time\" content=\"2025-09-29T21:50:04+00:00\" \/>\n<meta property=\"og:image\" content=\"https:\/\/rosanacl.com\/wp-content\/uploads\/2025\/08\/5-4.png\" \/>\n\t<meta property=\"og:image:width\" content=\"800\" \/>\n\t<meta property=\"og:image:height\" content=\"1066\" \/>\n\t<meta property=\"og:image:type\" content=\"image\/png\" \/>\n<meta name=\"twitter:card\" content=\"summary_large_image\" \/>\n<meta name=\"twitter:label1\" content=\"Szacowany czas czytania\" \/>\n\t<meta name=\"twitter:data1\" content=\"2 minuty\" \/>\n<script type=\"application\/ld+json\" class=\"yoast-schema-graph\">{\"@context\":\"https:\\\/\\\/schema.org\",\"@graph\":[{\"@type\":\"WebPage\",\"@id\":\"https:\\\/\\\/rosanacl.com\\\/bragas-de-selene\\\/\",\"url\":\"https:\\\/\\\/rosanacl.com\\\/bragas-de-selene\\\/\",\"name\":\"Bragas de Selene - Rosana CL\",\"isPartOf\":{\"@id\":\"https:\\\/\\\/rosanacl.com\\\/ca\\\/#website\"},\"primaryImageOfPage\":{\"@id\":\"https:\\\/\\\/rosanacl.com\\\/bragas-de-selene\\\/#primaryimage\"},\"image\":{\"@id\":\"https:\\\/\\\/rosanacl.com\\\/bragas-de-selene\\\/#primaryimage\"},\"thumbnailUrl\":\"https:\\\/\\\/rosanacl.com\\\/wp-content\\\/uploads\\\/2025\\\/08\\\/5-4-768x1024.png\",\"datePublished\":\"2025-09-29T21:46:58+00:00\",\"dateModified\":\"2025-09-29T21:50:04+00:00\",\"breadcrumb\":{\"@id\":\"https:\\\/\\\/rosanacl.com\\\/bragas-de-selene\\\/#breadcrumb\"},\"inLanguage\":\"pl-PL\",\"potentialAction\":[{\"@type\":\"ReadAction\",\"target\":[\"https:\\\/\\\/rosanacl.com\\\/bragas-de-selene\\\/\"]}]},{\"@type\":\"ImageObject\",\"inLanguage\":\"pl-PL\",\"@id\":\"https:\\\/\\\/rosanacl.com\\\/bragas-de-selene\\\/#primaryimage\",\"url\":\"https:\\\/\\\/rosanacl.com\\\/wp-content\\\/uploads\\\/2025\\\/08\\\/5-4-768x1024.png\",\"contentUrl\":\"https:\\\/\\\/rosanacl.com\\\/wp-content\\\/uploads\\\/2025\\\/08\\\/5-4-768x1024.png\"},{\"@type\":\"BreadcrumbList\",\"@id\":\"https:\\\/\\\/rosanacl.com\\\/bragas-de-selene\\\/#breadcrumb\",\"itemListElement\":[{\"@type\":\"ListItem\",\"position\":1,\"name\":\"Portada\",\"item\":\"https:\\\/\\\/rosanacl.com\\\/ca\\\/\"},{\"@type\":\"ListItem\",\"position\":2,\"name\":\"Bragas de Selene\"}]},{\"@type\":\"WebSite\",\"@id\":\"https:\\\/\\\/rosanacl.com\\\/ca\\\/#website\",\"url\":\"https:\\\/\\\/rosanacl.com\\\/ca\\\/\",\"name\":\"Rosana CL\",\"description\":\"Somos tu interior\",\"potentialAction\":[{\"@type\":\"SearchAction\",\"target\":{\"@type\":\"EntryPoint\",\"urlTemplate\":\"https:\\\/\\\/rosanacl.com\\\/ca\\\/?s={search_term_string}\"},\"query-input\":{\"@type\":\"PropertyValueSpecification\",\"valueRequired\":true,\"valueName\":\"search_term_string\"}}],\"inLanguage\":\"pl-PL\"}]}<\/script>\n<!-- \/ Yoast SEO plugin. -->","yoast_head_json":{"title":"Bragas de Selene - Rosana CL","robots":{"index":"index","follow":"follow","max-snippet":"max-snippet:-1","max-image-preview":"max-image-preview:large","max-video-preview":"max-video-preview:-1"},"canonical":"https:\/\/rosanacl.com\/pl\/bragas-de-selene\/","og_locale":"pl_PL","og_type":"article","og_title":"Bragas de Selene - Rosana CL","og_description":"Bragas de Selene Bragas de Selene: el b\u00e1sico que toda mujer necesita Las bragas de Selene son sin\u00f3nimo de calidad, comodidad y elegancia. En Rosana CL, ofrecemos una cuidada selecci\u00f3n de bragas de Selene que se adaptan a las necesidades de cada mujer, combinando dise\u00f1o y funcionalidad. Cada prenda est\u00e1 confeccionada con materiales de alta [&hellip;]","og_url":"https:\/\/rosanacl.com\/pl\/bragas-de-selene\/","og_site_name":"Rosana CL","article_modified_time":"2025-09-29T21:50:04+00:00","og_image":[{"width":800,"height":1066,"url":"https:\/\/rosanacl.com\/wp-content\/uploads\/2025\/08\/5-4.png","type":"image\/png"}],"twitter_card":"summary_large_image","twitter_misc":{"Szacowany czas czytania":"2 minuty"},"schema":{"@context":"https:\/\/schema.org","@graph":[{"@type":"WebPage","@id":"https:\/\/rosanacl.com\/bragas-de-selene\/","url":"https:\/\/rosanacl.com\/bragas-de-selene\/","name":"Bragas de Selene - Rosana CL","isPartOf":{"@id":"https:\/\/rosanacl.com\/ca\/#website"},"primaryImageOfPage":{"@id":"https:\/\/rosanacl.com\/bragas-de-selene\/#primaryimage"},"image":{"@id":"https:\/\/rosanacl.com\/bragas-de-selene\/#primaryimage"},"thumbnailUrl":"https:\/\/rosanacl.com\/wp-content\/uploads\/2025\/08\/5-4-768x1024.png","datePublished":"2025-09-29T21:46:58+00:00","dateModified":"2025-09-29T21:50:04+00:00","breadcrumb":{"@id":"https:\/\/rosanacl.com\/bragas-de-selene\/#breadcrumb"},"inLanguage":"pl-PL","potentialAction":[{"@type":"ReadAction","target":["https:\/\/rosanacl.com\/bragas-de-selene\/"]}]},{"@type":"ImageObject","inLanguage":"pl-PL","@id":"https:\/\/rosanacl.com\/bragas-de-selene\/#primaryimage","url":"https:\/\/rosanacl.com\/wp-content\/uploads\/2025\/08\/5-4-768x1024.png","contentUrl":"https:\/\/rosanacl.com\/wp-content\/uploads\/2025\/08\/5-4-768x1024.png"},{"@type":"BreadcrumbList","@id":"https:\/\/rosanacl.com\/bragas-de-selene\/#breadcrumb","itemListElement":[{"@type":"ListItem","position":1,"name":"Portada","item":"https:\/\/rosanacl.com\/ca\/"},{"@type":"ListItem","position":2,"name":"Bragas de Selene"}]},{"@type":"WebSite","@id":"https:\/\/rosanacl.com\/ca\/#website","url":"https:\/\/rosanacl.com\/ca\/","name":"Rosana CL","description":"Jeste\u015bmy Twoim wn\u0119trzem","potentialAction":[{"@type":"SearchAction","target":{"@type":"EntryPoint","urlTemplate":"https:\/\/rosanacl.com\/ca\/?s={search_term_string}"},"query-input":{"@type":"PropertyValueSpecification","valueRequired":true,"valueName":"search_term_string"}}],"inLanguage":"pl-PL"}]}},"_links":{"self":[{"href":"https:\/\/rosanacl.com\/pl\/wp-json\/wp\/v2\/pages\/3704","targetHints":{"allow":["GET"]}}],"collection":[{"href":"https:\/\/rosanacl.com\/pl\/wp-json\/wp\/v2\/pages"}],"about":[{"href":"https:\/\/rosanacl.com\/pl\/wp-json\/wp\/v2\/types\/page"}],"author":[{"embeddable":true,"href":"https:\/\/rosanacl.com\/pl\/wp-json\/wp\/v2\/users\/1"}],"replies":[{"embeddable":true,"href":"https:\/\/rosanacl.com\/pl\/wp-json\/wp\/v2\/comments?post=3704"}],"version-history":[{"count":0,"href":"https:\/\/rosanacl.com\/pl\/wp-json\/wp\/v2\/pages\/3704\/revisions"}],"wp:attachment":[{"href":"https:\/\/rosanacl.com\/pl\/wp-json\/wp\/v2\/media?parent=3704"}],"curies":[{"name":"wp","href":"https:\/\/api.w.org\/{rel}","templated":true}]}}