{"id":3995,"date":"2025-10-10T12:44:30","date_gmt":"2025-10-10T10:44:30","guid":{"rendered":"https:\/\/rosanacl.com\/?page_id=3995"},"modified":"2025-10-10T12:45:42","modified_gmt":"2025-10-10T10:45:42","slug":"comprar-sujetadores-selene-online","status":"publish","type":"page","link":"https:\/\/rosanacl.com\/pl\/comprar-sujetadores-selene-online\/","title":{"rendered":"Kup biustonosze Selene online"},"content":{"rendered":"<div data-elementor-type=\"wp-page\" data-elementor-id=\"3995\" class=\"elementor elementor-3995\" data-elementor-post-type=\"page\">\n\t\t\t\t<div class=\"elementor-element elementor-element-171998c7 e-flex e-con-boxed e-con e-parent\" data-id=\"171998c7\" data-element_type=\"container\" data-e-type=\"container\">\n\t\t\t\t\t<div class=\"e-con-inner\">\n\t\t\t\t<div class=\"elementor-element elementor-element-6575351f elementor-widget elementor-widget-text-editor\" data-id=\"6575351f\" data-element_type=\"widget\" data-e-type=\"widget\" data-widget_type=\"text-editor.default\">\n\t\t\t\t<div class=\"elementor-widget-container\">\n\t\t\t\t\t\t\t\t\t\n<p><\/p>\n\n\n\n<p><\/p>\n\t\t\t\t\t\t\t\t<\/div>\n\t\t\t\t<\/div>\n\t\t\t\t\t<\/div>\n\t\t\t\t<\/div>\n\t\t<div class=\"elementor-element elementor-element-cf7d341 e-flex e-con-boxed e-con e-parent\" data-id=\"cf7d341\" data-element_type=\"container\" data-e-type=\"container\">\n\t\t\t\t\t<div class=\"e-con-inner\">\n\t\t\t\t<div class=\"elementor-element elementor-element-1f1d080 elementor-widget elementor-widget-heading\" data-id=\"1f1d080\" data-element_type=\"widget\" data-e-type=\"widget\" data-widget_type=\"heading.default\">\n\t\t\t\t<div class=\"elementor-widget-container\">\n\t\t\t\t\t<h2 class=\"elementor-heading-title elementor-size-default\">Szablon l\u0105dowania <\/h2>\t\t\t\t<\/div>\n\t\t\t\t<\/div>\n\t\t\t\t\t<\/div>\n\t\t\t\t<\/div>\n\t\t<div class=\"elementor-element elementor-element-dc1921d e-flex e-con-boxed e-con e-parent\" data-id=\"dc1921d\" data-element_type=\"container\" data-e-type=\"container\">\n\t\t\t\t\t<div class=\"e-con-inner\">\n\t\t<div class=\"elementor-element elementor-element-d19616f e-con-full e-flex e-con e-child\" data-id=\"d19616f\" data-element_type=\"container\" data-e-type=\"container\">\n\t\t\t\t<div class=\"elementor-element elementor-element-495540a elementor-widget elementor-widget-text-editor\" data-id=\"495540a\" data-element_type=\"widget\" data-e-type=\"widget\" data-widget_type=\"text-editor.default\">\n\t\t\t\t<div class=\"elementor-widget-container\">\n\t\t\t\t\t\t\t\t\t<h3 data-start=\"388\" data-end=\"480\"><strong data-start=\"392\" data-end=\"480\">Kup biustonosze Selene online: naj\u0142atwiejszy spos\u00f3b na znalezienie idealnej bielizny<\/strong><\/h3>\n<p data-start=\"482\" data-end=\"845\">W coraz bardziej cyfrowym \u015bwiecie, <strong data-start=\"516\" data-end=\"553\">kup biustonosze Selene online<\/strong> Sta\u0142y si\u0119 najbardziej praktyczn\u0105 i bezpieczn\u0105 opcj\u0105 dla kobiet ceni\u0105cych wygod\u0119 bez rezygnowania ze stylu. <strong data-start=\"676\" data-end=\"689\">Rosana CL<\/strong>Oferujemy proste, niezawodne i spersonalizowane do\u015bwiadczenie zakupowe, z ekskluzywnym katalogiem najlepszych modeli znanej marki Selene.<\/p>\n<p data-start=\"847\" data-end=\"1322\">Ka\u017cdy biustonosz tej marki \u0142\u0105czy w sobie innowacyjno\u015b\u0107 tekstyln\u0105, elegancj\u0119 i wygod\u0119, idealnie dopasowuj\u0105c si\u0119 do potrzeb ka\u017cdej kobiety. <strong data-start=\"986\" data-end=\"1023\">kup biustonosze Selene online<\/strong> W naszym sklepie masz dost\u0119p do szerokiej gamy wzor\u00f3w: modele bez fiszbin zapewniaj\u0105ce naturalne dopasowanie, biustonosze usztywniane, kt\u00f3re podkre\u015blaj\u0105 sylwetk\u0119, modele wyszczuplaj\u0105ce, kt\u00f3re pozwalaj\u0105 uzyska\u0107 bardziej stylow\u0105 sylwetk\u0119, a tak\u017ce modele koronkowe na okazje, gdy chcesz poczu\u0107 si\u0119 wyj\u0105tkowo kobieco.<\/p>\n<p data-start=\"1324\" data-end=\"1601\">Proces zakupowy w <strong data-start=\"1348\" data-end=\"1361\">Rosana CL<\/strong> Zaprojektowali\u015bmy go tak, aby\u015b m\u00f3g\u0142 cieszy\u0107 si\u0119 wra\u017ceniami od pierwszego klikni\u0119cia. Nasz sklep internetowy oferuje prawdziwe zdj\u0119cia, dok\u0142adne tabele rozmiar\u00f3w i szczeg\u00f3\u0142owe opisy, kt\u00f3re pomog\u0105 Ci wybra\u0107 idealny model bez wychodzenia z domu.<\/p>\t\t\t\t\t\t\t\t<\/div>\n\t\t\t\t<\/div>\n\t\t\t\t<\/div>\n\t\t<div class=\"elementor-element elementor-element-5568f8b e-con-full e-flex e-con e-child\" data-id=\"5568f8b\" data-element_type=\"container\" data-e-type=\"container\">\n\t\t\t\t<div class=\"elementor-element elementor-element-980debe elementor-widget elementor-widget-image\" data-id=\"980debe\" data-element_type=\"widget\" data-e-type=\"widget\" data-widget_type=\"image.default\">\n\t\t\t\t<div class=\"elementor-widget-container\">\n\t\t\t\t\t\t\t\t\t\t\t\t\t\t\t<img fetchpriority=\"high\" decoding=\"async\" width=\"800\" height=\"566\" src=\"https:\/\/rosanacl.com\/wp-content\/uploads\/2025\/10\/comprar-sujetadores-online-1024x724.jpg\" class=\"attachment-large size-large wp-image-3970\" alt=\"\" srcset=\"https:\/\/rosanacl.com\/wp-content\/uploads\/2025\/10\/comprar-sujetadores-online-1024x724.jpg 1024w, https:\/\/rosanacl.com\/wp-content\/uploads\/2025\/10\/comprar-sujetadores-online-300x212.jpg 300w, https:\/\/rosanacl.com\/wp-content\/uploads\/2025\/10\/comprar-sujetadores-online-768x543.jpg 768w, https:\/\/rosanacl.com\/wp-content\/uploads\/2025\/10\/comprar-sujetadores-online-1536x1086.jpg 1536w, https:\/\/rosanacl.com\/wp-content\/uploads\/2025\/10\/comprar-sujetadores-online-18x12.jpg 18w, https:\/\/rosanacl.com\/wp-content\/uploads\/2025\/10\/comprar-sujetadores-online-600x424.jpg 600w, https:\/\/rosanacl.com\/wp-content\/uploads\/2025\/10\/comprar-sujetadores-online.jpg 2000w\" sizes=\"(max-width: 800px) 100vw, 800px\" \/>\t\t\t\t\t\t\t\t\t\t\t\t\t\t\t<\/div>\n\t\t\t\t<\/div>\n\t\t\t\t<\/div>\n\t\t\t\t\t<\/div>\n\t\t\t\t<\/div>\n\t\t<div class=\"elementor-element elementor-element-5e380fb e-flex e-con-boxed e-con e-parent\" data-id=\"5e380fb\" data-element_type=\"container\" data-e-type=\"container\">\n\t\t\t\t\t<div class=\"e-con-inner\">\n\t\t<div class=\"elementor-element elementor-element-a763375 e-con-full e-flex e-con e-child\" data-id=\"a763375\" data-element_type=\"container\" data-e-type=\"container\">\n\t\t\t\t<div class=\"elementor-element elementor-element-a8aecc4 elementor-widget elementor-widget-image\" data-id=\"a8aecc4\" data-element_type=\"widget\" data-e-type=\"widget\" data-widget_type=\"image.default\">\n\t\t\t\t<div class=\"elementor-widget-container\">\n\t\t\t\t\t\t\t\t\t\t\t\t\t\t\t<img decoding=\"async\" width=\"800\" height=\"566\" src=\"https:\/\/rosanacl.com\/wp-content\/uploads\/2025\/10\/comprar-sujetadores-online-selene-1024x724.jpg\" class=\"attachment-large size-large wp-image-3969\" alt=\"\" srcset=\"https:\/\/rosanacl.com\/wp-content\/uploads\/2025\/10\/comprar-sujetadores-online-selene-1024x724.jpg 1024w, https:\/\/rosanacl.com\/wp-content\/uploads\/2025\/10\/comprar-sujetadores-online-selene-300x212.jpg 300w, https:\/\/rosanacl.com\/wp-content\/uploads\/2025\/10\/comprar-sujetadores-online-selene-768x543.jpg 768w, https:\/\/rosanacl.com\/wp-content\/uploads\/2025\/10\/comprar-sujetadores-online-selene-1536x1086.jpg 1536w, https:\/\/rosanacl.com\/wp-content\/uploads\/2025\/10\/comprar-sujetadores-online-selene-18x12.jpg 18w, https:\/\/rosanacl.com\/wp-content\/uploads\/2025\/10\/comprar-sujetadores-online-selene-600x424.jpg 600w, https:\/\/rosanacl.com\/wp-content\/uploads\/2025\/10\/comprar-sujetadores-online-selene.jpg 2000w\" sizes=\"(max-width: 800px) 100vw, 800px\" \/>\t\t\t\t\t\t\t\t\t\t\t\t\t\t\t<\/div>\n\t\t\t\t<\/div>\n\t\t\t\t<\/div>\n\t\t<div class=\"elementor-element elementor-element-b02b1e9 e-con-full e-flex e-con e-child\" data-id=\"b02b1e9\" data-element_type=\"container\" data-e-type=\"container\">\n\t\t\t\t<div class=\"elementor-element elementor-element-82e3ba6 elementor-widget elementor-widget-text-editor\" data-id=\"82e3ba6\" data-element_type=\"widget\" data-e-type=\"widget\" data-widget_type=\"text-editor.default\">\n\t\t\t\t<div class=\"elementor-widget-container\">\n\t\t\t\t\t\t\t\t\t<h3 data-start=\"1608\" data-end=\"1693\"><strong data-start=\"1612\" data-end=\"1693\">Kup biustonosze Selene online: innowacja i jako\u015b\u0107 na wyci\u0105gni\u0119cie r\u0119ki.<\/strong><\/h3>\n<p data-start=\"1695\" data-end=\"2085\">Kiedy zdecydujesz <strong data-start=\"1710\" data-end=\"1747\">kup biustonosze Selene online<\/strong>Wybierasz mark\u0119, kt\u00f3ra od dziesi\u0119cioleci doskonali sztuk\u0119 tworzenia bielizny. Selene wyr\u00f3\u017cnia si\u0119 niezwykle wytrzyma\u0142ymi, technicznymi tkaninami, anatomicznym krojem i mi\u0119kkimi materia\u0142ami. Ka\u017cdy element garderoby zosta\u0142 zaprojektowany tak, aby dopasowywa\u0142 si\u0119 do naturalnych ruch\u00f3w cia\u0142a, zapewniaj\u0105c bezuciskowe wsparcie i ca\u0142odzienny komfort.<\/p>\n<p data-start=\"2087\" data-end=\"2558\">W <strong data-start=\"2090\" data-end=\"2103\">Rosana CL<\/strong>wybieramy najnowsze kolekcje Selene, aby\u015b m\u00f3g\u0142 <strong data-start=\"2169\" data-end=\"2206\">kup biustonosze Selene online<\/strong> Z gwarancj\u0105 zakupu w 100% oryginalnych produkt\u00f3w %. Nasz sklep wsp\u00f3\u0142pracuje bezpo\u015brednio z mark\u0105, co gwarantuje autentyczno\u015b\u0107 i jako\u015b\u0107 ka\u017cdego produktu. Ponadto wiele modeli charakteryzuje si\u0119 starannie zaprojektowanymi detalami: formowanymi miseczkami, niewidocznymi szwami, wzmocnionymi zapi\u0119ciami i oddychaj\u0105cymi materia\u0142ami, kt\u00f3re idealnie dopasowuj\u0105 si\u0119 do cia\u0142a.<\/p>\n<p data-start=\"2560\" data-end=\"2960\">Kolejn\u0105 zalet\u0105 <strong data-start=\"2584\" data-end=\"2621\">kup biustonosze Selene online<\/strong> W Rosana CL mo\u017cesz \u0142atwo por\u00f3wna\u0107 r\u00f3\u017cne style, kolory i rozmiary. W zaciszu w\u0142asnego domu mo\u017cesz odkry\u0107 opcje, kt\u00f3re najlepiej pasuj\u0105 do Twojej sylwetki i stylu \u017cycia. W ten spos\u00f3b znajdziesz idealn\u0105 r\u00f3wnowag\u0119 mi\u0119dzy wsparciem, estetyk\u0105 i swobod\u0105 ruch\u00f3w, kt\u00f3ra sprawia, \u017ce bielizna Selene jest tak wyj\u0105tkowa.<\/p>\t\t\t\t\t\t\t\t<\/div>\n\t\t\t\t<\/div>\n\t\t\t\t<\/div>\n\t\t\t\t\t<\/div>\n\t\t\t\t<\/div>\n\t\t<div class=\"elementor-element elementor-element-495e863 e-flex e-con-boxed e-con e-parent\" data-id=\"495e863\" data-element_type=\"container\" data-e-type=\"container\">\n\t\t\t\t\t<div class=\"e-con-inner\">\n\t\t\t\t<div class=\"elementor-element elementor-element-fe47ba3 elementor-widget elementor-widget-text-editor\" data-id=\"fe47ba3\" data-element_type=\"widget\" data-e-type=\"widget\" data-widget_type=\"text-editor.default\">\n\t\t\t\t<div class=\"elementor-widget-container\">\n\t\t\t\t\t\t\t\t\t<h3 data-start=\"2967\" data-end=\"3057\"><strong data-start=\"2971\" data-end=\"3057\">Kup biustonosze Selene online w Rosana CL: zaufanie i spersonalizowana obs\u0142uga<\/strong><\/h3>\n<p data-start=\"3059\" data-end=\"3411\">Nie wszystkie sklepy oferuj\u0105 takie same do\u015bwiadczenia. <strong data-start=\"3112\" data-end=\"3149\">kup biustonosze Selene online<\/strong>. W <strong data-start=\"3154\" data-end=\"3167\">Rosana CL<\/strong>Dbamy o ka\u017cdy szczeg\u00f3\u0142, aby\u015b czu\u0142a si\u0119 wspierana i doradzona na ka\u017cdym etapie procesu. Nasz zesp\u00f3\u0142 obs\u0142ugi klienta jest do Twojej dyspozycji, aby odpowiedzie\u0107 na wszelkie pytania dotycz\u0105ce rozmiar\u00f3w, modeli i rodzaj\u00f3w miseczek, pomagaj\u0105c Ci podj\u0105\u0107 najlepsz\u0105 decyzj\u0119.<\/p>\n<p data-start=\"3413\" data-end=\"3653\">Gwarantujemy r\u00f3wnie\u017c bezpieczne i poufne zakupy, bezpieczne metody p\u0142atno\u015bci i szybk\u0105 wysy\u0142k\u0119 na terenie ca\u0142ej Hiszpanii. Wiemy, \u017ce wyb\u00f3r bielizny to kwestia indywidualna i chcemy, aby\u015b m\u00f3g\u0142 cieszy\u0107 si\u0119 tym procesem z pe\u0142nym spokojem.<\/p>\n<p data-start=\"3655\" data-end=\"3974\">Do <strong data-start=\"3658\" data-end=\"3695\">kup biustonosze Selene online<\/strong> W Rosana CL wybierasz zaufanie, profesjonalizm i indywidualne podej\u015bcie. Nie chodzi tylko o zakup ubrania, ale o dobre samopoczucie ka\u017cdego dnia. Bo dobry biustonosz nie tylko podkre\u015bla sylwetk\u0119, ale tak\u017ce poprawia postaw\u0119, podnosi poczucie w\u0142asnej warto\u015bci i sprzyja dobremu samopoczuciu.<\/p>\t\t\t\t\t\t\t\t<\/div>\n\t\t\t\t<\/div>\n\t\t\t\t\t<\/div>\n\t\t\t\t<\/div>\n\t\t<div class=\"elementor-element elementor-element-d05ed3a e-flex e-con-boxed e-con e-parent\" data-id=\"d05ed3a\" data-element_type=\"container\" data-e-type=\"container\">\n\t\t\t\t\t<div class=\"e-con-inner\">\n\t\t\t\t<div class=\"elementor-element elementor-element-b883e86 elementor-widget elementor-widget-heading\" data-id=\"b883e86\" data-element_type=\"widget\" data-e-type=\"widget\" data-widget_type=\"heading.default\">\n\t\t\t\t<div class=\"elementor-widget-container\">\n\t\t\t\t\t<h2 class=\"elementor-heading-title elementor-size-default\">Skontaktuj si\u0119 z nami <\/h2>\t\t\t\t<\/div>\n\t\t\t\t<\/div>\n\t\t\t\t\t<\/div>\n\t\t\t\t<\/div>\n\t\t<div class=\"elementor-element elementor-element-00e20e2 e-flex e-con-boxed e-con e-parent\" data-id=\"00e20e2\" data-element_type=\"container\" data-e-type=\"container\">\n\t\t\t\t\t<div class=\"e-con-inner\">\n\t\t<div class=\"elementor-element elementor-element-8ad8f7b e-con-full e-flex e-con e-child\" data-id=\"8ad8f7b\" data-element_type=\"container\" data-e-type=\"container\">\n\t\t\t\t<div class=\"elementor-element elementor-element-888944a elementor-widget__width-initial elementor-widget elementor-widget-elementskit-contact-form7\" data-id=\"888944a\" data-element_type=\"widget\" data-e-type=\"widget\" data-widget_type=\"elementskit-contact-form7.default\">\n\t\t\t\t<div class=\"elementor-widget-container\">\n\t\t\t\t\t<div class=\"ekit-wid-con\" ><div class=\"ekit-form\">\n<div class=\"wpcf7 no-js\" id=\"wpcf7-f48-o1\" lang=\"es-ES\" dir=\"ltr\" data-wpcf7-id=\"48\">\n<div class=\"screen-reader-response\"><p role=\"status\" aria-live=\"polite\" aria-atomic=\"true\"><\/p> <ul><\/ul><\/div>\n<form action=\"\/de\/wp-json\/wp\/v2\/pages\/3995#wpcf7-f48-o1\" method=\"post\" class=\"wpcf7-form init\" aria-label=\"Formularz kontaktowy\" novalidate=\"novalidate\" data-status=\"init\" data-trp-original-action=\"\/de\/wp-json\/wp\/v2\/pages\/3995#wpcf7-f48-o1\">\n<fieldset class=\"hidden-fields-container\"><input type=\"hidden\" name=\"_wpcf7\" value=\"48\" \/><input type=\"hidden\" name=\"_wpcf7_version\" value=\"6.1.5\" \/><input type=\"hidden\" name=\"_wpcf7_locale\" value=\"es_ES\" \/><input type=\"hidden\" name=\"_wpcf7_unit_tag\" value=\"wpcf7-f48-o1\" \/><input type=\"hidden\" name=\"_wpcf7_container_post\" value=\"0\" \/><input type=\"hidden\" name=\"_wpcf7_posted_data_hash\" value=\"\" \/><input type=\"hidden\" name=\"_wpcf7_recaptcha_response\" value=\"\" \/>\n<\/fieldset>\n<div class=\"form-row\">\n\t<div class=\"form-column\">\n\t\t<p><span class=\"wpcf7-form-control-wrap\" data-name=\"nombre\"><input size=\"40\" maxlength=\"400\" class=\"wpcf7-form-control wpcf7-text wpcf7-validates-as-required\" aria-required=\"true\" aria-invalid=\"false\" placeholder=\"Nazwa\" value=\"\" type=\"text\" name=\"nombre\" \/><\/span>\n\t\t<\/p>\n\t<\/div>\n\t<div class=\"form-column\">\n\t\t<p><span class=\"wpcf7-form-control-wrap\" data-name=\"telefono\"><input size=\"40\" maxlength=\"400\" class=\"wpcf7-form-control wpcf7-tel wpcf7-validates-as-required wpcf7-text wpcf7-validates-as-tel\" aria-required=\"true\" aria-invalid=\"false\" placeholder=\"Telefon *\" value=\"\" type=\"tel\" name=\"telefono\" \/><\/span>\n\t\t<\/p>\n\t<\/div>\n<\/div>\n<div class=\"form-row\">\n\t<div class=\"form-column\">\n\t\t<p><span class=\"wpcf7-form-control-wrap\" data-name=\"email\"><input size=\"40\" maxlength=\"400\" class=\"wpcf7-form-control wpcf7-email wpcf7-validates-as-required wpcf7-text wpcf7-validates-as-email\" aria-required=\"true\" aria-invalid=\"false\" placeholder=\"Adres e-mail *\" value=\"\" type=\"email\" name=\"email\" \/><\/span>\n\t\t<\/p>\n\t<\/div>\n\t<div class=\"form-column\">\n\t\t<p><span class=\"wpcf7-form-control-wrap\" data-name=\"asunto\"><input size=\"40\" maxlength=\"400\" class=\"wpcf7-form-control wpcf7-text wpcf7-validates-as-required\" aria-required=\"true\" aria-invalid=\"false\" placeholder=\"Romans *\" value=\"\" type=\"text\" name=\"asunto\" \/><\/span>\n\t\t<\/p>\n\t<\/div>\n<\/div>\n<p><span class=\"wpcf7-form-control-wrap\" data-name=\"mensaje\"><textarea cols=\"40\" rows=\"10\" maxlength=\"2000\" class=\"wpcf7-form-control wpcf7-textarea wpcf7-validates-as-required\" aria-required=\"true\" aria-invalid=\"false\" placeholder=\"Wiadomo\u015b\u0107\" name=\"mensaje\"><\/textarea><\/span>\n<\/p>\n<p class=\"legal-priv\"><span class=\"wpcf7-form-control-wrap\" data-name=\"acceptance-787\"><span class=\"wpcf7-form-control wpcf7-acceptance\"><span class=\"wpcf7-list-item\"><label><input type=\"checkbox\" name=\"acceptance-787\" value=\"1\" aria-invalid=\"false\" \/><span class=\"wpcf7-list-item-label\">Przeczyta\u0142em i akceptuj\u0119 <a href=\"https:\/\/rosanacl.com\/pl\/politica-de-privacidad\/\">Polityka prywatno\u015bci<\/a><\/span><\/label><\/span><\/span><\/span>\n<\/p>\n<p><input class=\"wpcf7-form-control wpcf7-submit has-spinner\" type=\"submit\" value=\"WY\u015aLIJ WIADOMO\u015a\u0106\" \/>\n<\/p><div class=\"wpcf7-response-output\" aria-hidden=\"true\"><\/div>\n<input type=\"hidden\" name=\"trp-form-language\" value=\"pl\"\/><\/form>\n<\/div>\n<\/div><\/div>\t\t\t\t<\/div>\n\t\t\t\t<\/div>\n\t\t\t\t<\/div>\n\t\t\t\t\t<\/div>\n\t\t\t\t<\/div>\n\t\t\t\t<\/div>","protected":false},"excerpt":{"rendered":"<p>Plantilla landing Comprar sujetadores Selene online: la forma m\u00e1s f\u00e1cil de encontrar tu lencer\u00eda ideal En un mundo cada vez m\u00e1s digital, comprar sujetadores Selene online se ha convertido en la opci\u00f3n m\u00e1s pr\u00e1ctica y segura para las mujeres que valoran la comodidad sin renunciar al estilo. En Rosana CL, te ofrecemos una experiencia de [&hellip;]<\/p>\n","protected":false},"author":1,"featured_media":0,"parent":0,"menu_order":0,"comment_status":"closed","ping_status":"closed","template":"","meta":{"content-type":"","footnotes":""},"class_list":["post-3995","page","type-page","status-publish","hentry"],"yoast_head":"<!-- This site is optimized with the Yoast SEO plugin v27.4 - https:\/\/yoast.com\/product\/yoast-seo-wordpress\/ -->\n<title>Comprar sujetadores Selene online - Rosana CL<\/title>\n<meta name=\"robots\" content=\"index, follow, max-snippet:-1, max-image-preview:large, max-video-preview:-1\" \/>\n<link rel=\"canonical\" href=\"https:\/\/rosanacl.com\/pl\/comprar-sujetadores-selene-online\/\" \/>\n<meta property=\"og:locale\" content=\"pl_PL\" \/>\n<meta property=\"og:type\" content=\"article\" \/>\n<meta property=\"og:title\" content=\"Comprar sujetadores Selene online - Rosana CL\" \/>\n<meta property=\"og:description\" content=\"Plantilla landing Comprar sujetadores Selene online: la forma m\u00e1s f\u00e1cil de encontrar tu lencer\u00eda ideal En un mundo cada vez m\u00e1s digital, comprar sujetadores Selene online se ha convertido en la opci\u00f3n m\u00e1s pr\u00e1ctica y segura para las mujeres que valoran la comodidad sin renunciar al estilo. En Rosana CL, te ofrecemos una experiencia de [&hellip;]\" \/>\n<meta property=\"og:url\" content=\"https:\/\/rosanacl.com\/pl\/comprar-sujetadores-selene-online\/\" \/>\n<meta property=\"og:site_name\" content=\"Rosana CL\" \/>\n<meta property=\"article:modified_time\" content=\"2025-10-10T10:45:42+00:00\" \/>\n<meta property=\"og:image\" content=\"https:\/\/rosanacl.com\/wp-content\/uploads\/2025\/10\/comprar-sujetadores-online.jpg\" \/>\n\t<meta property=\"og:image:width\" content=\"2000\" \/>\n\t<meta property=\"og:image:height\" content=\"1414\" \/>\n\t<meta property=\"og:image:type\" content=\"image\/jpeg\" \/>\n<meta name=\"twitter:card\" content=\"summary_large_image\" \/>\n<meta name=\"twitter:label1\" content=\"Szacowany czas czytania\" \/>\n\t<meta name=\"twitter:data1\" content=\"3 minuty\" \/>\n<script type=\"application\/ld+json\" class=\"yoast-schema-graph\">{\"@context\":\"https:\\\/\\\/schema.org\",\"@graph\":[{\"@type\":\"WebPage\",\"@id\":\"https:\\\/\\\/rosanacl.com\\\/comprar-sujetadores-selene-online\\\/\",\"url\":\"https:\\\/\\\/rosanacl.com\\\/comprar-sujetadores-selene-online\\\/\",\"name\":\"Comprar sujetadores Selene online - Rosana CL\",\"isPartOf\":{\"@id\":\"https:\\\/\\\/rosanacl.com\\\/ca\\\/#website\"},\"primaryImageOfPage\":{\"@id\":\"https:\\\/\\\/rosanacl.com\\\/comprar-sujetadores-selene-online\\\/#primaryimage\"},\"image\":{\"@id\":\"https:\\\/\\\/rosanacl.com\\\/comprar-sujetadores-selene-online\\\/#primaryimage\"},\"thumbnailUrl\":\"https:\\\/\\\/rosanacl.com\\\/wp-content\\\/uploads\\\/2025\\\/10\\\/comprar-sujetadores-online-1024x724.jpg\",\"datePublished\":\"2025-10-10T10:44:30+00:00\",\"dateModified\":\"2025-10-10T10:45:42+00:00\",\"breadcrumb\":{\"@id\":\"https:\\\/\\\/rosanacl.com\\\/comprar-sujetadores-selene-online\\\/#breadcrumb\"},\"inLanguage\":\"pl-PL\",\"potentialAction\":[{\"@type\":\"ReadAction\",\"target\":[\"https:\\\/\\\/rosanacl.com\\\/comprar-sujetadores-selene-online\\\/\"]}]},{\"@type\":\"ImageObject\",\"inLanguage\":\"pl-PL\",\"@id\":\"https:\\\/\\\/rosanacl.com\\\/comprar-sujetadores-selene-online\\\/#primaryimage\",\"url\":\"https:\\\/\\\/rosanacl.com\\\/wp-content\\\/uploads\\\/2025\\\/10\\\/comprar-sujetadores-online-1024x724.jpg\",\"contentUrl\":\"https:\\\/\\\/rosanacl.com\\\/wp-content\\\/uploads\\\/2025\\\/10\\\/comprar-sujetadores-online-1024x724.jpg\"},{\"@type\":\"BreadcrumbList\",\"@id\":\"https:\\\/\\\/rosanacl.com\\\/comprar-sujetadores-selene-online\\\/#breadcrumb\",\"itemListElement\":[{\"@type\":\"ListItem\",\"position\":1,\"name\":\"Portada\",\"item\":\"https:\\\/\\\/rosanacl.com\\\/ca\\\/\"},{\"@type\":\"ListItem\",\"position\":2,\"name\":\"Comprar sujetadores Selene online\"}]},{\"@type\":\"WebSite\",\"@id\":\"https:\\\/\\\/rosanacl.com\\\/ca\\\/#website\",\"url\":\"https:\\\/\\\/rosanacl.com\\\/ca\\\/\",\"name\":\"Rosana CL\",\"description\":\"Somos tu interior\",\"potentialAction\":[{\"@type\":\"SearchAction\",\"target\":{\"@type\":\"EntryPoint\",\"urlTemplate\":\"https:\\\/\\\/rosanacl.com\\\/ca\\\/?s={search_term_string}\"},\"query-input\":{\"@type\":\"PropertyValueSpecification\",\"valueRequired\":true,\"valueName\":\"search_term_string\"}}],\"inLanguage\":\"pl-PL\"}]}<\/script>\n<!-- \/ Yoast SEO plugin. -->","yoast_head_json":{"title":"Comprar sujetadores Selene online - Rosana CL","robots":{"index":"index","follow":"follow","max-snippet":"max-snippet:-1","max-image-preview":"max-image-preview:large","max-video-preview":"max-video-preview:-1"},"canonical":"https:\/\/rosanacl.com\/pl\/comprar-sujetadores-selene-online\/","og_locale":"pl_PL","og_type":"article","og_title":"Comprar sujetadores Selene online - Rosana CL","og_description":"Plantilla landing Comprar sujetadores Selene online: la forma m\u00e1s f\u00e1cil de encontrar tu lencer\u00eda ideal En un mundo cada vez m\u00e1s digital, comprar sujetadores Selene online se ha convertido en la opci\u00f3n m\u00e1s pr\u00e1ctica y segura para las mujeres que valoran la comodidad sin renunciar al estilo. En Rosana CL, te ofrecemos una experiencia de [&hellip;]","og_url":"https:\/\/rosanacl.com\/pl\/comprar-sujetadores-selene-online\/","og_site_name":"Rosana CL","article_modified_time":"2025-10-10T10:45:42+00:00","og_image":[{"width":2000,"height":1414,"url":"https:\/\/rosanacl.com\/wp-content\/uploads\/2025\/10\/comprar-sujetadores-online.jpg","type":"image\/jpeg"}],"twitter_card":"summary_large_image","twitter_misc":{"Szacowany czas czytania":"3 minuty"},"schema":{"@context":"https:\/\/schema.org","@graph":[{"@type":"WebPage","@id":"https:\/\/rosanacl.com\/comprar-sujetadores-selene-online\/","url":"https:\/\/rosanacl.com\/comprar-sujetadores-selene-online\/","name":"Comprar sujetadores Selene online - Rosana CL","isPartOf":{"@id":"https:\/\/rosanacl.com\/ca\/#website"},"primaryImageOfPage":{"@id":"https:\/\/rosanacl.com\/comprar-sujetadores-selene-online\/#primaryimage"},"image":{"@id":"https:\/\/rosanacl.com\/comprar-sujetadores-selene-online\/#primaryimage"},"thumbnailUrl":"https:\/\/rosanacl.com\/wp-content\/uploads\/2025\/10\/comprar-sujetadores-online-1024x724.jpg","datePublished":"2025-10-10T10:44:30+00:00","dateModified":"2025-10-10T10:45:42+00:00","breadcrumb":{"@id":"https:\/\/rosanacl.com\/comprar-sujetadores-selene-online\/#breadcrumb"},"inLanguage":"pl-PL","potentialAction":[{"@type":"ReadAction","target":["https:\/\/rosanacl.com\/comprar-sujetadores-selene-online\/"]}]},{"@type":"ImageObject","inLanguage":"pl-PL","@id":"https:\/\/rosanacl.com\/comprar-sujetadores-selene-online\/#primaryimage","url":"https:\/\/rosanacl.com\/wp-content\/uploads\/2025\/10\/comprar-sujetadores-online-1024x724.jpg","contentUrl":"https:\/\/rosanacl.com\/wp-content\/uploads\/2025\/10\/comprar-sujetadores-online-1024x724.jpg"},{"@type":"BreadcrumbList","@id":"https:\/\/rosanacl.com\/comprar-sujetadores-selene-online\/#breadcrumb","itemListElement":[{"@type":"ListItem","position":1,"name":"Portada","item":"https:\/\/rosanacl.com\/ca\/"},{"@type":"ListItem","position":2,"name":"Comprar sujetadores Selene online"}]},{"@type":"WebSite","@id":"https:\/\/rosanacl.com\/ca\/#website","url":"https:\/\/rosanacl.com\/ca\/","name":"Rosana CL","description":"Jeste\u015bmy Twoim wn\u0119trzem","potentialAction":[{"@type":"SearchAction","target":{"@type":"EntryPoint","urlTemplate":"https:\/\/rosanacl.com\/ca\/?s={search_term_string}"},"query-input":{"@type":"PropertyValueSpecification","valueRequired":true,"valueName":"search_term_string"}}],"inLanguage":"pl-PL"}]}},"_links":{"self":[{"href":"https:\/\/rosanacl.com\/pl\/wp-json\/wp\/v2\/pages\/3995","targetHints":{"allow":["GET"]}}],"collection":[{"href":"https:\/\/rosanacl.com\/pl\/wp-json\/wp\/v2\/pages"}],"about":[{"href":"https:\/\/rosanacl.com\/pl\/wp-json\/wp\/v2\/types\/page"}],"author":[{"embeddable":true,"href":"https:\/\/rosanacl.com\/pl\/wp-json\/wp\/v2\/users\/1"}],"replies":[{"embeddable":true,"href":"https:\/\/rosanacl.com\/pl\/wp-json\/wp\/v2\/comments?post=3995"}],"version-history":[{"count":0,"href":"https:\/\/rosanacl.com\/pl\/wp-json\/wp\/v2\/pages\/3995\/revisions"}],"wp:attachment":[{"href":"https:\/\/rosanacl.com\/pl\/wp-json\/wp\/v2\/media?parent=3995"}],"curies":[{"name":"wp","href":"https:\/\/api.w.org\/{rel}","templated":true}]}}