{"id":4547,"date":"2026-01-06T22:36:59","date_gmt":"2026-01-06T21:36:59","guid":{"rendered":"https:\/\/rosanacl.com\/?page_id=4547"},"modified":"2026-01-29T15:46:42","modified_gmt":"2026-01-29T14:46:42","slug":"body-de-mujer-en-valencia","status":"publish","type":"page","link":"https:\/\/rosanacl.com\/pl\/body-de-mujer-en-valencia\/","title":{"rendered":"Body damskie w Walencji"},"content":{"rendered":"<div data-elementor-type=\"wp-page\" data-elementor-id=\"4547\" class=\"elementor elementor-4547\" data-elementor-post-type=\"page\">\n\t\t\t\t<div class=\"elementor-element elementor-element-171998c7 e-flex e-con-boxed e-con e-parent\" data-id=\"171998c7\" data-element_type=\"container\" data-e-type=\"container\">\n\t\t\t\t\t<div class=\"e-con-inner\">\n\t\t\t\t<div class=\"elementor-element elementor-element-6575351f elementor-widget elementor-widget-text-editor\" data-id=\"6575351f\" data-element_type=\"widget\" data-e-type=\"widget\" data-widget_type=\"text-editor.default\">\n\t\t\t\t<div class=\"elementor-widget-container\">\n\t\t\t\t\t\t\t\t\t\n<p><\/p>\n\n\n\n<p><\/p>\n\t\t\t\t\t\t\t\t<\/div>\n\t\t\t\t<\/div>\n\t\t\t\t\t<\/div>\n\t\t\t\t<\/div>\n\t\t<div class=\"elementor-element elementor-element-cf7d341 e-flex e-con-boxed e-con e-parent\" data-id=\"cf7d341\" data-element_type=\"container\" data-e-type=\"container\">\n\t\t\t\t\t<div class=\"e-con-inner\">\n\t\t\t\t<div class=\"elementor-element elementor-element-1f1d080 elementor-widget elementor-widget-heading\" data-id=\"1f1d080\" data-element_type=\"widget\" data-e-type=\"widget\" data-widget_type=\"heading.default\">\n\t\t\t\t<div class=\"elementor-widget-container\">\n\t\t\t\t\t<h2 class=\"elementor-heading-title elementor-size-default\">Body damskie w Walencji<\/h2>\t\t\t\t<\/div>\n\t\t\t\t<\/div>\n\t\t\t\t\t<\/div>\n\t\t\t\t<\/div>\n\t\t<div class=\"elementor-element elementor-element-dc1921d e-flex e-con-boxed e-con e-parent\" data-id=\"dc1921d\" data-element_type=\"container\" data-e-type=\"container\">\n\t\t\t\t\t<div class=\"e-con-inner\">\n\t\t<div class=\"elementor-element elementor-element-d19616f e-con-full e-flex e-con e-child\" data-id=\"d19616f\" data-element_type=\"container\" data-e-type=\"container\">\n\t\t\t\t<div class=\"elementor-element elementor-element-2ee6475 elementor-widget elementor-widget-text-editor\" data-id=\"2ee6475\" data-element_type=\"widget\" data-e-type=\"widget\" data-widget_type=\"text-editor.default\">\n\t\t\t\t<div class=\"elementor-widget-container\">\n\t\t\t\t\t\t\t\t\t<h2 data-start=\"466\" data-end=\"556\">Body damskie w Walencji: elegancja, wygoda i fachowe doradztwo w Rosana CL<\/h2>\n<p data-start=\"558\" data-end=\"1114\">Wybierz <strong data-start=\"568\" data-end=\"597\">Body damskie w Walencji<\/strong> To decyzja wykraczaj\u0105ca daleko poza pod\u0105\u017canie za przemijaj\u0105cym trendem. Body sta\u0142o si\u0119 niezb\u0119dnym elementem kobiecej garderoby, poniewa\u017c \u0142\u0105czy w sobie funkcjonalno\u015b\u0107, styl i wszechstronno\u015b\u0107. Aby jednak w pe\u0142ni spe\u0142nia\u0142o swoje zadanie, konieczne jest zainwestowanie w jako\u015b\u0107, dobry design i dopasowanie do ka\u017cdej kobiecej sylwetki. W tym sensie Rosana CL wyr\u00f3\u017cnia si\u0119 jako wyra\u017any punkt odniesienia dla os\u00f3b poszukuj\u0105cych\u2026 <strong data-start=\"1063\" data-end=\"1092\">Body damskie w Walencji<\/strong> z prawdziwymi gwarancjami.<\/p>\n<p data-start=\"1116\" data-end=\"1599\">W Rosana CL body nie jest postrzegane jako uniwersalna cz\u0119\u015b\u0107 garderoby. Ka\u017cdy fason jest dobierany z uwzgl\u0119dnieniem tego, jak dopasowuje si\u0119 do cia\u0142a, jak reaguje na ruchy i jak sprawdza si\u0119 w codziennym noszeniu. Jest to szczeg\u00f3lnie wa\u017cne dla kobiet, kt\u00f3re szukaj\u0105 ubrania, kt\u00f3re podkre\u015bla figur\u0119, ale nie kr\u0119puje ruch\u00f3w i dodaje pewno\u015bci siebie, nie rezygnuj\u0105c z komfortu. Dlatego warto kupi\u0107\u2026 <strong data-start=\"1480\" data-end=\"1509\">Body damskie w Walencji<\/strong> W sklepie specjalistycznym wida\u0107 wyra\u017an\u0105 r\u00f3\u017cnic\u0119 w por\u00f3wnaniu do opcji bezosobowych.<\/p>\t\t\t\t\t\t\t\t<\/div>\n\t\t\t\t<\/div>\n\t\t\t\t<\/div>\n\t\t<div class=\"elementor-element elementor-element-5568f8b e-con-full e-flex e-con e-child\" data-id=\"5568f8b\" data-element_type=\"container\" data-e-type=\"container\">\n\t\t\t\t<div class=\"elementor-element elementor-element-980debe elementor-widget elementor-widget-image\" data-id=\"980debe\" data-element_type=\"widget\" data-e-type=\"widget\" data-widget_type=\"image.default\">\n\t\t\t\t<div class=\"elementor-widget-container\">\n\t\t\t\t\t\t\t\t\t\t\t\t\t\t\t<img fetchpriority=\"high\" decoding=\"async\" width=\"800\" height=\"566\" src=\"https:\/\/rosanacl.com\/wp-content\/uploads\/2025\/08\/comprar-lenceria-online-1024x724.jpg\" class=\"attachment-large size-large wp-image-3687\" alt=\"\" srcset=\"https:\/\/rosanacl.com\/wp-content\/uploads\/2025\/08\/comprar-lenceria-online-1024x724.jpg 1024w, https:\/\/rosanacl.com\/wp-content\/uploads\/2025\/08\/comprar-lenceria-online-300x212.jpg 300w, https:\/\/rosanacl.com\/wp-content\/uploads\/2025\/08\/comprar-lenceria-online-768x543.jpg 768w, https:\/\/rosanacl.com\/wp-content\/uploads\/2025\/08\/comprar-lenceria-online-1536x1086.jpg 1536w, https:\/\/rosanacl.com\/wp-content\/uploads\/2025\/08\/comprar-lenceria-online-18x12.jpg 18w, https:\/\/rosanacl.com\/wp-content\/uploads\/2025\/08\/comprar-lenceria-online-600x424.jpg 600w, https:\/\/rosanacl.com\/wp-content\/uploads\/2025\/08\/comprar-lenceria-online.jpg 2000w\" sizes=\"(max-width: 800px) 100vw, 800px\" \/>\t\t\t\t\t\t\t\t\t\t\t\t\t\t\t<\/div>\n\t\t\t\t<\/div>\n\t\t\t\t<\/div>\n\t\t\t\t\t<\/div>\n\t\t\t\t<\/div>\n\t\t<div class=\"elementor-element elementor-element-5e380fb e-flex e-con-boxed e-con e-parent\" data-id=\"5e380fb\" data-element_type=\"container\" data-e-type=\"container\">\n\t\t\t\t\t<div class=\"e-con-inner\">\n\t\t<div class=\"elementor-element elementor-element-a763375 e-con-full e-flex e-con e-child\" data-id=\"a763375\" data-element_type=\"container\" data-e-type=\"container\">\n\t\t\t\t<div class=\"elementor-element elementor-element-a8aecc4 elementor-widget elementor-widget-image\" data-id=\"a8aecc4\" data-element_type=\"widget\" data-e-type=\"widget\" data-widget_type=\"image.default\">\n\t\t\t\t<div class=\"elementor-widget-container\">\n\t\t\t\t\t\t\t\t\t\t\t\t\t\t\t<img decoding=\"async\" width=\"800\" height=\"566\" src=\"https:\/\/rosanacl.com\/wp-content\/uploads\/2025\/08\/comprar-lenceria-selene-1024x724.jpg\" class=\"attachment-large size-large wp-image-3688\" alt=\"\" srcset=\"https:\/\/rosanacl.com\/wp-content\/uploads\/2025\/08\/comprar-lenceria-selene-1024x724.jpg 1024w, https:\/\/rosanacl.com\/wp-content\/uploads\/2025\/08\/comprar-lenceria-selene-300x212.jpg 300w, https:\/\/rosanacl.com\/wp-content\/uploads\/2025\/08\/comprar-lenceria-selene-768x543.jpg 768w, https:\/\/rosanacl.com\/wp-content\/uploads\/2025\/08\/comprar-lenceria-selene-1536x1086.jpg 1536w, https:\/\/rosanacl.com\/wp-content\/uploads\/2025\/08\/comprar-lenceria-selene-18x12.jpg 18w, https:\/\/rosanacl.com\/wp-content\/uploads\/2025\/08\/comprar-lenceria-selene-600x424.jpg 600w, https:\/\/rosanacl.com\/wp-content\/uploads\/2025\/08\/comprar-lenceria-selene.jpg 2000w\" sizes=\"(max-width: 800px) 100vw, 800px\" \/>\t\t\t\t\t\t\t\t\t\t\t\t\t\t\t<\/div>\n\t\t\t\t<\/div>\n\t\t\t\t<\/div>\n\t\t<div class=\"elementor-element elementor-element-b02b1e9 e-con-full e-flex e-con e-child\" data-id=\"b02b1e9\" data-element_type=\"container\" data-e-type=\"container\">\n\t\t\t\t<div class=\"elementor-element elementor-element-ca9adbf elementor-widget elementor-widget-text-editor\" data-id=\"ca9adbf\" data-element_type=\"widget\" data-e-type=\"widget\" data-widget_type=\"text-editor.default\">\n\t\t\t\t<div class=\"elementor-widget-container\">\n\t\t\t\t\t\t\t\t\t<h2 data-start=\"1606\" data-end=\"1692\"><strong data-start=\"1609\" data-end=\"1692\">Body damskie w Walencji i znaczenie dopasowania fasonu do cia\u0142a<\/strong><\/h2>\n<p data-start=\"1694\" data-end=\"2062\">Kiedy m\u00f3wimy o <strong data-start=\"1713\" data-end=\"1742\">Body damskie w Walencji<\/strong>, Jednym z najwa\u017cniejszych aspekt\u00f3w jest wz\u00f3r i techniczny design ubrania. Dobrze zaprojektowane body powinno naturalnie uzupe\u0142nia\u0107 sylwetk\u0119, respektuj\u0105c kr\u0105g\u0142o\u015bci i unikaj\u0105c niepotrzebnego obci\u0105\u017cania. W Rosana CL priorytetowo traktujemy body zaprojektowane z my\u015bl\u0105 o codziennym u\u017cytkowaniu, a nie tylko o estetyce wystaw sklepowych.<\/p>\n<p data-start=\"2064\" data-end=\"2421\">Rezultatem jest <strong data-start=\"2083\" data-end=\"2112\">Body damskie w Walencji<\/strong> Utrzymuje si\u0119 na miejscu przez ca\u0142y dzie\u0144, nie powoduje dyskomfortu w miejscach wra\u017cliwych i pozwala czu\u0107 si\u0119 pewnie, niezale\u017cnie od tego, czy nosi si\u0119 j\u0105 jako bielizn\u0119, czy jako cz\u0119\u015b\u0107 stroju wierzchniego. To fachowe podej\u015bcie jest kluczowe, aby zapewni\u0107, \u017ce ubranie spe\u0142ni swoj\u0105 funkcj\u0119 d\u0142u\u017cej ni\u017c przez pierwsze kilka minut noszenia.<\/p>\t\t\t\t\t\t\t\t<\/div>\n\t\t\t\t<\/div>\n\t\t\t\t<\/div>\n\t\t\t\t\t<\/div>\n\t\t\t\t<\/div>\n\t\t<div class=\"elementor-element elementor-element-495e863 e-flex e-con-boxed e-con e-parent\" data-id=\"495e863\" data-element_type=\"container\" data-e-type=\"container\">\n\t\t\t\t\t<div class=\"e-con-inner\">\n\t\t\t\t<div class=\"elementor-element elementor-element-fe47ba3 elementor-widget elementor-widget-text-editor\" data-id=\"fe47ba3\" data-element_type=\"widget\" data-e-type=\"widget\" data-widget_type=\"text-editor.default\">\n\t\t\t\t<div class=\"elementor-widget-container\">\n\t\t\t\t\t\t\t\t\t<h2 data-start=\"2428\" data-end=\"2509\">Body damskie w Walencji: tkaniny, wygoda i trwa\u0142o\u015b\u0107 do codziennego u\u017cytku<\/h2>\n<p data-start=\"2511\" data-end=\"2857\">Kolejnym decyduj\u0105cym czynnikiem przy wyborze <strong data-start=\"2545\" data-end=\"2574\">Body damskie w Walencji<\/strong> To kwestia materia\u0142u. Nie wszystkie materia\u0142y reaguj\u0105 tak samo na d\u0142ugotrwa\u0142y kontakt ze sk\u00f3r\u0105 lub ci\u0105g\u0142y ruch cia\u0142a. Rosana CL koncentruje si\u0119 na body wykonanych z mi\u0119kkich, elastycznych i oddychaj\u0105cych tkanin, kt\u00f3re zapewniaj\u0105 komfort przez wiele godzin bez utraty kszta\u0142tu.<\/p>\n<p data-start=\"2859\" data-end=\"3179\">Ten staranny proces selekcji pozwala ka\u017cdemu <strong data-start=\"2905\" data-end=\"2934\">Body damskie w Walencji<\/strong> Zachowaj sw\u00f3j fason po praniu i oryginalny wygl\u0105d przez d\u0142ugi czas. Dla wielu kobiet trwa\u0142o\u015b\u0107 jest r\u00f3wnie wa\u017cna, co design, co sprawia, \u017ce zakup to m\u0105dra inwestycja, a nie jednorazowy wydatek.<\/p>\n<h2 data-start=\"3186\" data-end=\"3259\">Dlaczego warto wybra\u0107 Rosan\u0119 CL do zakupu damskiego body w Walencji<\/h2>\n<p data-start=\"3261\" data-end=\"3528\">Kup <strong data-start=\"3272\" data-end=\"3301\">Body damskie w Walencji<\/strong> W Rosana CL oznacza to zaufanie do sklepu, kt\u00f3ry podchodzi do bielizny z profesjonalnej perspektywy. Nie chodzi tylko o oferowanie atrakcyjnych produkt\u00f3w, ale o pomoc klientowi w dokonaniu \u015bwiadomego i \u015bwiadomego wyboru.<\/p>\n<p data-start=\"3530\" data-end=\"3827\">Rosana CL wyr\u00f3\u017cnia si\u0119 wiedz\u0105 o produktach, przyst\u0119pno\u015bci\u0105 i zaanga\u017cowaniem w jako\u015b\u0107. Dlatego ka\u017cdy <strong data-start=\"3640\" data-end=\"3669\">Body damskie w Walencji<\/strong> Dost\u0119pny produkt zosta\u0142 dobrany z my\u015bl\u0105 o prawdziwych kobietach, o prawdziwych cia\u0142ach i prawdziwych potrzebach. To r\u00f3\u017cnica, kt\u00f3r\u0105 zauwa\u017cysz ju\u017c od pierwszego u\u017cycia.<\/p>\t\t\t\t\t\t\t\t<\/div>\n\t\t\t\t<\/div>\n\t\t\t\t\t<\/div>\n\t\t\t\t<\/div>\n\t\t<div class=\"elementor-element elementor-element-d05ed3a e-flex e-con-boxed e-con e-parent\" data-id=\"d05ed3a\" data-element_type=\"container\" data-e-type=\"container\">\n\t\t\t\t\t<div class=\"e-con-inner\">\n\t\t\t\t<div class=\"elementor-element elementor-element-b883e86 elementor-widget elementor-widget-heading\" data-id=\"b883e86\" data-element_type=\"widget\" data-e-type=\"widget\" data-widget_type=\"heading.default\">\n\t\t\t\t<div class=\"elementor-widget-container\">\n\t\t\t\t\t<h2 class=\"elementor-heading-title elementor-size-default\">Skontaktuj si\u0119 z nami <\/h2>\t\t\t\t<\/div>\n\t\t\t\t<\/div>\n\t\t\t\t\t<\/div>\n\t\t\t\t<\/div>\n\t\t<div class=\"elementor-element elementor-element-00e20e2 e-flex e-con-boxed e-con e-parent\" data-id=\"00e20e2\" data-element_type=\"container\" data-e-type=\"container\">\n\t\t\t\t\t<div class=\"e-con-inner\">\n\t\t<div class=\"elementor-element elementor-element-8ad8f7b e-con-full e-flex e-con e-child\" data-id=\"8ad8f7b\" data-element_type=\"container\" data-e-type=\"container\">\n\t\t\t\t<div class=\"elementor-element elementor-element-888944a elementor-widget__width-initial elementor-widget elementor-widget-elementskit-contact-form7\" data-id=\"888944a\" data-element_type=\"widget\" data-e-type=\"widget\" data-widget_type=\"elementskit-contact-form7.default\">\n\t\t\t\t<div class=\"elementor-widget-container\">\n\t\t\t\t\t<div class=\"ekit-wid-con\" ><div class=\"ekit-form\">\n<div class=\"wpcf7 no-js\" id=\"wpcf7-f48-o1\" lang=\"es-ES\" dir=\"ltr\" data-wpcf7-id=\"48\">\n<div class=\"screen-reader-response\"><p role=\"status\" aria-live=\"polite\" aria-atomic=\"true\"><\/p> <ul><\/ul><\/div>\n<form action=\"\/de\/wp-json\/wp\/v2\/pages\/4547#wpcf7-f48-o1\" method=\"post\" class=\"wpcf7-form init\" aria-label=\"Formularz kontaktowy\" novalidate=\"novalidate\" data-status=\"init\" data-trp-original-action=\"\/de\/wp-json\/wp\/v2\/pages\/4547#wpcf7-f48-o1\">\n<fieldset class=\"hidden-fields-container\"><input type=\"hidden\" name=\"_wpcf7\" value=\"48\" \/><input type=\"hidden\" name=\"_wpcf7_version\" value=\"6.1.5\" \/><input type=\"hidden\" name=\"_wpcf7_locale\" value=\"es_ES\" \/><input type=\"hidden\" name=\"_wpcf7_unit_tag\" value=\"wpcf7-f48-o1\" \/><input type=\"hidden\" name=\"_wpcf7_container_post\" value=\"0\" \/><input type=\"hidden\" name=\"_wpcf7_posted_data_hash\" value=\"\" \/><input type=\"hidden\" name=\"_wpcf7_recaptcha_response\" value=\"\" \/>\n<\/fieldset>\n<div class=\"form-row\">\n\t<div class=\"form-column\">\n\t\t<p><span class=\"wpcf7-form-control-wrap\" data-name=\"nombre\"><input size=\"40\" maxlength=\"400\" class=\"wpcf7-form-control wpcf7-text wpcf7-validates-as-required\" aria-required=\"true\" aria-invalid=\"false\" placeholder=\"Nazwa\" value=\"\" type=\"text\" name=\"nombre\" \/><\/span>\n\t\t<\/p>\n\t<\/div>\n\t<div class=\"form-column\">\n\t\t<p><span class=\"wpcf7-form-control-wrap\" data-name=\"telefono\"><input size=\"40\" maxlength=\"400\" class=\"wpcf7-form-control wpcf7-tel wpcf7-validates-as-required wpcf7-text wpcf7-validates-as-tel\" aria-required=\"true\" aria-invalid=\"false\" placeholder=\"Telefon *\" value=\"\" type=\"tel\" name=\"telefono\" \/><\/span>\n\t\t<\/p>\n\t<\/div>\n<\/div>\n<div class=\"form-row\">\n\t<div class=\"form-column\">\n\t\t<p><span class=\"wpcf7-form-control-wrap\" data-name=\"email\"><input size=\"40\" maxlength=\"400\" class=\"wpcf7-form-control wpcf7-email wpcf7-validates-as-required wpcf7-text wpcf7-validates-as-email\" aria-required=\"true\" aria-invalid=\"false\" placeholder=\"Adres e-mail *\" value=\"\" type=\"email\" name=\"email\" \/><\/span>\n\t\t<\/p>\n\t<\/div>\n\t<div class=\"form-column\">\n\t\t<p><span class=\"wpcf7-form-control-wrap\" data-name=\"asunto\"><input size=\"40\" maxlength=\"400\" class=\"wpcf7-form-control wpcf7-text wpcf7-validates-as-required\" aria-required=\"true\" aria-invalid=\"false\" placeholder=\"Romans *\" value=\"\" type=\"text\" name=\"asunto\" \/><\/span>\n\t\t<\/p>\n\t<\/div>\n<\/div>\n<p><span class=\"wpcf7-form-control-wrap\" data-name=\"mensaje\"><textarea cols=\"40\" rows=\"10\" maxlength=\"2000\" class=\"wpcf7-form-control wpcf7-textarea wpcf7-validates-as-required\" aria-required=\"true\" aria-invalid=\"false\" placeholder=\"Wiadomo\u015b\u0107\" name=\"mensaje\"><\/textarea><\/span>\n<\/p>\n<p class=\"legal-priv\"><span class=\"wpcf7-form-control-wrap\" data-name=\"acceptance-787\"><span class=\"wpcf7-form-control wpcf7-acceptance\"><span class=\"wpcf7-list-item\"><label><input type=\"checkbox\" name=\"acceptance-787\" value=\"1\" aria-invalid=\"false\" \/><span class=\"wpcf7-list-item-label\">Przeczyta\u0142em i akceptuj\u0119 <a href=\"https:\/\/rosanacl.com\/pl\/politica-de-privacidad\/\">Polityka prywatno\u015bci<\/a><\/span><\/label><\/span><\/span><\/span>\n<\/p>\n<p><input class=\"wpcf7-form-control wpcf7-submit has-spinner\" type=\"submit\" value=\"WY\u015aLIJ WIADOMO\u015a\u0106\" \/>\n<\/p><div class=\"wpcf7-response-output\" aria-hidden=\"true\"><\/div>\n<input type=\"hidden\" name=\"trp-form-language\" value=\"pl\"\/><\/form>\n<\/div>\n<\/div><\/div>\t\t\t\t<\/div>\n\t\t\t\t<\/div>\n\t\t\t\t<\/div>\n\t\t\t\t\t<\/div>\n\t\t\t\t<\/div>\n\t\t\t\t<\/div>","protected":false},"excerpt":{"rendered":"<p>Body de mujer en Valencia Body de mujer en Valencia: elegancia, comodidad y asesoramiento experto en Rosana CL Elegir un body de mujer en Valencia es una decisi\u00f3n que va mucho m\u00e1s all\u00e1 de seguir una tendencia puntual. El body se ha consolidado como una prenda esencial dentro del armario femenino porque combina funcionalidad, est\u00e9tica [&hellip;]<\/p>\n","protected":false},"author":1,"featured_media":0,"parent":0,"menu_order":0,"comment_status":"closed","ping_status":"closed","template":"","meta":{"content-type":"","footnotes":""},"class_list":["post-4547","page","type-page","status-publish","hentry"],"yoast_head":"<!-- This site is optimized with the Yoast SEO plugin v27.4 - https:\/\/yoast.com\/product\/yoast-seo-wordpress\/ -->\n<title>Body de mujer en Valencia\u200b - Rosana CL<\/title>\n<meta name=\"robots\" content=\"index, follow, max-snippet:-1, max-image-preview:large, max-video-preview:-1\" \/>\n<link rel=\"canonical\" href=\"https:\/\/rosanacl.com\/pl\/body-de-mujer-en-valencia\/\" \/>\n<meta property=\"og:locale\" content=\"pl_PL\" \/>\n<meta property=\"og:type\" content=\"article\" \/>\n<meta property=\"og:title\" content=\"Body de mujer en Valencia\u200b - Rosana CL\" \/>\n<meta property=\"og:description\" content=\"Body de mujer en Valencia Body de mujer en Valencia: elegancia, comodidad y asesoramiento experto en Rosana CL Elegir un body de mujer en Valencia es una decisi\u00f3n que va mucho m\u00e1s all\u00e1 de seguir una tendencia puntual. El body se ha consolidado como una prenda esencial dentro del armario femenino porque combina funcionalidad, est\u00e9tica [&hellip;]\" \/>\n<meta property=\"og:url\" content=\"https:\/\/rosanacl.com\/pl\/body-de-mujer-en-valencia\/\" \/>\n<meta property=\"og:site_name\" content=\"Rosana CL\" \/>\n<meta property=\"article:modified_time\" content=\"2026-01-29T14:46:42+00:00\" \/>\n<meta property=\"og:image\" content=\"https:\/\/rosanacl.com\/wp-content\/uploads\/2025\/08\/comprar-lenceria-online-1024x724.jpg\" \/>\n<meta name=\"twitter:card\" content=\"summary_large_image\" \/>\n<meta name=\"twitter:label1\" content=\"Szacowany czas czytania\" \/>\n\t<meta name=\"twitter:data1\" content=\"4 minuty\" \/>\n<script type=\"application\/ld+json\" class=\"yoast-schema-graph\">{\"@context\":\"https:\\\/\\\/schema.org\",\"@graph\":[{\"@type\":\"WebPage\",\"@id\":\"https:\\\/\\\/rosanacl.com\\\/body-de-mujer-en-valencia\\\/\",\"url\":\"https:\\\/\\\/rosanacl.com\\\/body-de-mujer-en-valencia\\\/\",\"name\":\"Body de mujer en Valencia\u200b - Rosana CL\",\"isPartOf\":{\"@id\":\"https:\\\/\\\/rosanacl.com\\\/ca\\\/#website\"},\"primaryImageOfPage\":{\"@id\":\"https:\\\/\\\/rosanacl.com\\\/body-de-mujer-en-valencia\\\/#primaryimage\"},\"image\":{\"@id\":\"https:\\\/\\\/rosanacl.com\\\/body-de-mujer-en-valencia\\\/#primaryimage\"},\"thumbnailUrl\":\"https:\\\/\\\/rosanacl.com\\\/wp-content\\\/uploads\\\/2025\\\/08\\\/comprar-lenceria-online-1024x724.jpg\",\"datePublished\":\"2026-01-06T21:36:59+00:00\",\"dateModified\":\"2026-01-29T14:46:42+00:00\",\"breadcrumb\":{\"@id\":\"https:\\\/\\\/rosanacl.com\\\/body-de-mujer-en-valencia\\\/#breadcrumb\"},\"inLanguage\":\"pl-PL\",\"potentialAction\":[{\"@type\":\"ReadAction\",\"target\":[\"https:\\\/\\\/rosanacl.com\\\/body-de-mujer-en-valencia\\\/\"]}]},{\"@type\":\"ImageObject\",\"inLanguage\":\"pl-PL\",\"@id\":\"https:\\\/\\\/rosanacl.com\\\/body-de-mujer-en-valencia\\\/#primaryimage\",\"url\":\"https:\\\/\\\/rosanacl.com\\\/wp-content\\\/uploads\\\/2025\\\/08\\\/comprar-lenceria-online-1024x724.jpg\",\"contentUrl\":\"https:\\\/\\\/rosanacl.com\\\/wp-content\\\/uploads\\\/2025\\\/08\\\/comprar-lenceria-online-1024x724.jpg\"},{\"@type\":\"BreadcrumbList\",\"@id\":\"https:\\\/\\\/rosanacl.com\\\/body-de-mujer-en-valencia\\\/#breadcrumb\",\"itemListElement\":[{\"@type\":\"ListItem\",\"position\":1,\"name\":\"Portada\",\"item\":\"https:\\\/\\\/rosanacl.com\\\/ca\\\/\"},{\"@type\":\"ListItem\",\"position\":2,\"name\":\"Body de mujer en Valencia\u200b\"}]},{\"@type\":\"WebSite\",\"@id\":\"https:\\\/\\\/rosanacl.com\\\/ca\\\/#website\",\"url\":\"https:\\\/\\\/rosanacl.com\\\/ca\\\/\",\"name\":\"Rosana CL\",\"description\":\"Somos tu interior\",\"potentialAction\":[{\"@type\":\"SearchAction\",\"target\":{\"@type\":\"EntryPoint\",\"urlTemplate\":\"https:\\\/\\\/rosanacl.com\\\/ca\\\/?s={search_term_string}\"},\"query-input\":{\"@type\":\"PropertyValueSpecification\",\"valueRequired\":true,\"valueName\":\"search_term_string\"}}],\"inLanguage\":\"pl-PL\"}]}<\/script>\n<!-- \/ Yoast SEO plugin. -->","yoast_head_json":{"title":"Body de mujer en Valencia\u200b - Rosana CL","robots":{"index":"index","follow":"follow","max-snippet":"max-snippet:-1","max-image-preview":"max-image-preview:large","max-video-preview":"max-video-preview:-1"},"canonical":"https:\/\/rosanacl.com\/pl\/body-de-mujer-en-valencia\/","og_locale":"pl_PL","og_type":"article","og_title":"Body de mujer en Valencia\u200b - Rosana CL","og_description":"Body de mujer en Valencia Body de mujer en Valencia: elegancia, comodidad y asesoramiento experto en Rosana CL Elegir un body de mujer en Valencia es una decisi\u00f3n que va mucho m\u00e1s all\u00e1 de seguir una tendencia puntual. El body se ha consolidado como una prenda esencial dentro del armario femenino porque combina funcionalidad, est\u00e9tica [&hellip;]","og_url":"https:\/\/rosanacl.com\/pl\/body-de-mujer-en-valencia\/","og_site_name":"Rosana CL","article_modified_time":"2026-01-29T14:46:42+00:00","og_image":[{"url":"https:\/\/rosanacl.com\/wp-content\/uploads\/2025\/08\/comprar-lenceria-online-1024x724.jpg","type":"","width":"","height":""}],"twitter_card":"summary_large_image","twitter_misc":{"Szacowany czas czytania":"4 minuty"},"schema":{"@context":"https:\/\/schema.org","@graph":[{"@type":"WebPage","@id":"https:\/\/rosanacl.com\/body-de-mujer-en-valencia\/","url":"https:\/\/rosanacl.com\/body-de-mujer-en-valencia\/","name":"Body de mujer en Valencia\u200b - Rosana CL","isPartOf":{"@id":"https:\/\/rosanacl.com\/ca\/#website"},"primaryImageOfPage":{"@id":"https:\/\/rosanacl.com\/body-de-mujer-en-valencia\/#primaryimage"},"image":{"@id":"https:\/\/rosanacl.com\/body-de-mujer-en-valencia\/#primaryimage"},"thumbnailUrl":"https:\/\/rosanacl.com\/wp-content\/uploads\/2025\/08\/comprar-lenceria-online-1024x724.jpg","datePublished":"2026-01-06T21:36:59+00:00","dateModified":"2026-01-29T14:46:42+00:00","breadcrumb":{"@id":"https:\/\/rosanacl.com\/body-de-mujer-en-valencia\/#breadcrumb"},"inLanguage":"pl-PL","potentialAction":[{"@type":"ReadAction","target":["https:\/\/rosanacl.com\/body-de-mujer-en-valencia\/"]}]},{"@type":"ImageObject","inLanguage":"pl-PL","@id":"https:\/\/rosanacl.com\/body-de-mujer-en-valencia\/#primaryimage","url":"https:\/\/rosanacl.com\/wp-content\/uploads\/2025\/08\/comprar-lenceria-online-1024x724.jpg","contentUrl":"https:\/\/rosanacl.com\/wp-content\/uploads\/2025\/08\/comprar-lenceria-online-1024x724.jpg"},{"@type":"BreadcrumbList","@id":"https:\/\/rosanacl.com\/body-de-mujer-en-valencia\/#breadcrumb","itemListElement":[{"@type":"ListItem","position":1,"name":"Portada","item":"https:\/\/rosanacl.com\/ca\/"},{"@type":"ListItem","position":2,"name":"Body de mujer en Valencia\u200b"}]},{"@type":"WebSite","@id":"https:\/\/rosanacl.com\/ca\/#website","url":"https:\/\/rosanacl.com\/ca\/","name":"Rosana CL","description":"Jeste\u015bmy Twoim wn\u0119trzem","potentialAction":[{"@type":"SearchAction","target":{"@type":"EntryPoint","urlTemplate":"https:\/\/rosanacl.com\/ca\/?s={search_term_string}"},"query-input":{"@type":"PropertyValueSpecification","valueRequired":true,"valueName":"search_term_string"}}],"inLanguage":"pl-PL"}]}},"_links":{"self":[{"href":"https:\/\/rosanacl.com\/pl\/wp-json\/wp\/v2\/pages\/4547","targetHints":{"allow":["GET"]}}],"collection":[{"href":"https:\/\/rosanacl.com\/pl\/wp-json\/wp\/v2\/pages"}],"about":[{"href":"https:\/\/rosanacl.com\/pl\/wp-json\/wp\/v2\/types\/page"}],"author":[{"embeddable":true,"href":"https:\/\/rosanacl.com\/pl\/wp-json\/wp\/v2\/users\/1"}],"replies":[{"embeddable":true,"href":"https:\/\/rosanacl.com\/pl\/wp-json\/wp\/v2\/comments?post=4547"}],"version-history":[{"count":5,"href":"https:\/\/rosanacl.com\/pl\/wp-json\/wp\/v2\/pages\/4547\/revisions"}],"predecessor-version":[{"id":4683,"href":"https:\/\/rosanacl.com\/pl\/wp-json\/wp\/v2\/pages\/4547\/revisions\/4683"}],"wp:attachment":[{"href":"https:\/\/rosanacl.com\/pl\/wp-json\/wp\/v2\/media?parent=4547"}],"curies":[{"name":"wp","href":"https:\/\/api.w.org\/{rel}","templated":true}]}}