{"id":1066,"date":"2025-04-30T00:46:30","date_gmt":"2025-04-29T22:46:30","guid":{"rendered":"https:\/\/rosanacl.com\/?post_type=product&#038;p=1066"},"modified":"2026-01-07T20:51:25","modified_gmt":"2026-01-07T19:51:25","slug":"sujetador-modelo-violeta","status":"publish","type":"product","link":"https:\/\/rosanacl.com\/pl\/produkt\/sujetador-modelo-violeta\/","title":{"rendered":"Biustonosz Selene Violet"},"content":{"rendered":"<p>Biustonosz Selene Violeta zosta\u0142 zaprojektowany, aby zapewni\u0107 pi\u0119kny, dobrze u\u0142o\u017cony biust, ale tak\u017ce dodatkowy efekt, kt\u00f3ry robi zauwa\u017caln\u0105 r\u00f3\u017cnic\u0119: g\u0142adsze boki i pachy, a jednocze\u015bnie idealnie dopasowuje si\u0119 do cia\u0142a. Posiada fiszbiny dla mocniejszego podtrzymania i usztywniane miseczki, kt\u00f3re podkre\u015blaj\u0105 biust, nie powi\u0119kszaj\u0105c go.<\/p>\n<p>Jego si\u0142a tkwi w ci\u0119tym laserowo, skrzy\u017cowanym tiulu, kt\u00f3ry minimalizuje wypuk\u0142o\u015bci po bokach i tworzy bardziej op\u0142ywow\u0105 sylwetk\u0119. To doskona\u0142y wyb\u00f3r na T-shirty, dopasowane ubrania i codzienne stylizacje, kiedy chcesz czu\u0107 si\u0119 pewnie i schlebia\u0107 od samego pocz\u0105tku.<\/p>\n<p>Szczeg\u00f3\u0142y, kt\u00f3re robi\u0105 r\u00f3\u017cnic\u0119 w Violetcie<\/p>\n<ul>\n<li>Usztywniane miseczki, kt\u00f3re naturalnie podkre\u015blaj\u0105 i tworz\u0105 pi\u0119kniejszy dekolt.<\/li>\n<li>Obr\u0119cze zapewniaj\u0105ce stabilne wsparcie i bardziej wy\u015brodkowany kszta\u0142t.<\/li>\n<li>Skrzy\u017cowany tiul wyszczuplaj\u0105cy, kt\u00f3ry zakrywa i wyg\u0142adza boki i pachy.<\/li>\n<li>Ci\u0119cie laserowe zapewnia czystsze i bardziej dyskretne wyko\u0144czenie pod ubraniem.<\/li>\n<li>Wyg\u0142adzaj\u0105cy efekt, kt\u00f3ry wizualnie stylizuje, nie rezygnuj\u0105c z komfortu.<\/li>\n<\/ul>\n<p>\ud83d\udde3\ufe0f Wskaz\u00f3wka: Violeta to model na te dni, kiedy chcesz czu\u0107 si\u0119 elegancko i pewnie od samego pocz\u0105tku: Tw\u00f3j biust wygl\u0105da pi\u0119knie i jest wy\u015brodkowany, a boki s\u0105 g\u0142adsze pod ubraniem. To rodzaj wsparcia, kt\u00f3ry sprawia, \u017ce kroczysz z wi\u0119ksz\u0105 pewno\u015bci\u0105 siebie.<\/p>\n<p>\ud83d\udccf Uwaga: Je\u015bli wahasz si\u0119 pomi\u0119dzy dwoma rozmiarami, podaj obw\u00f3d; je\u015bli chcesz bardziej dopasowane i bezpieczne dopasowanie, wybierz mniejszy; je\u015bli wolisz wi\u0119kszy komfort (lub jeste\u015b wra\u017cliw\u0105 osob\u0105), wybierz rozmiar wi\u0119kszy.<\/p>\n<p>Sk\u0142ad: poliamid 50%, poliester 40%, elastan 10%.<\/p>\n<p>\ud83e\ude9e Patrzysz na siebie i rozumiesz: dzi\u015b wygl\u0105dasz nieskazitelnie.<\/p>\n<div id=\"v1ms-outlook-mobile-body-separator-line\" dir=\"auto\"><\/div>","protected":false},"excerpt":{"rendered":"<p>El sujetador Selene modelo Violeta est\u00e1 pensado para cuando buscas un pecho bonito y bien colocado, pero tambi\u00e9n quieres ese extra que se nota en el conjunto: costados y zona de axila m\u00e1s lisos, con una cobertura que se integra mejor bajo la ropa. Lleva aros para una sujeci\u00f3n m\u00e1s firme y una copa con [&hellip;]<\/p>\n","protected":false},"featured_media":2368,"comment_status":"open","ping_status":"closed","template":"","meta":{"content-type":""},"product_brand":[55],"product_cat":[26,20,113],"product_tag":[56,62],"class_list":{"0":"post-1066","1":"product","2":"type-product","3":"status-publish","4":"has-post-thumbnail","6":"product_brand-selene","7":"product_cat-con-aros-y-relleno","8":"product_cat-sujetador","9":"product_cat-violeta","10":"product_tag-sujetador","11":"product_tag-sujetador-con-aros-y-rellenos","13":"first","14":"instock","15":"taxable","16":"shipping-taxable","17":"purchasable","18":"product-type-variable"},"supplier_id":null,"supplier_sku":"","barcode":null,"atum_controlled":true,"out_stock_date":null,"out_stock_threshold":null,"inheritable":true,"inbound_stock":0,"stock_on_hold":0,"sold_today":0,"sales_last_days":0,"reserved_stock":0,"customer_returns":0,"warehouse_damage":0,"lost_in_post":0,"other_logs":0,"out_stock_days":0,"lost_sales":0,"has_location":false,"update_date":"2026-01-07T19:51:26","atum_locations":[],"atum_stock_status":"instock","restock_status":false,"low_stock_amount":"","sales_update_date":"2025-10-03T04:56:54","calc_backorders":null,"yoast_head":"<!-- This site is optimized with the Yoast SEO plugin v27.4 - https:\/\/yoast.com\/product\/yoast-seo-wordpress\/ -->\n<title>Sujetador Selene Violeta - Rosana CL<\/title>\n<meta name=\"robots\" content=\"index, follow, max-snippet:-1, max-image-preview:large, max-video-preview:-1\" \/>\n<link rel=\"canonical\" href=\"https:\/\/rosanacl.com\/pl\/produkt\/sujetador-modelo-violeta\/\" \/>\n<meta property=\"og:locale\" content=\"pl_PL\" \/>\n<meta property=\"og:type\" content=\"article\" \/>\n<meta property=\"og:title\" content=\"Sujetador Selene Violeta - Rosana CL\" \/>\n<meta property=\"og:description\" content=\"El sujetador Selene modelo Violeta est\u00e1 pensado para cuando buscas un pecho bonito y bien colocado, pero tambi\u00e9n quieres ese extra que se nota en el conjunto: costados y zona de axila m\u00e1s lisos, con una cobertura que se integra mejor bajo la ropa. Lleva aros para una sujeci\u00f3n m\u00e1s firme y una copa con [&hellip;]\" \/>\n<meta property=\"og:url\" content=\"https:\/\/rosanacl.com\/pl\/produkt\/sujetador-modelo-violeta\/\" \/>\n<meta property=\"og:site_name\" content=\"Rosana CL\" \/>\n<meta property=\"article:modified_time\" content=\"2026-01-07T19:51:25+00:00\" \/>\n<meta property=\"og:image\" content=\"https:\/\/rosanacl.com\/wp-content\/uploads\/2025\/04\/1-5.jpg\" \/>\n\t<meta property=\"og:image:width\" content=\"889\" \/>\n\t<meta property=\"og:image:height\" content=\"1333\" \/>\n\t<meta property=\"og:image:type\" content=\"image\/jpeg\" \/>\n<meta name=\"twitter:card\" content=\"summary_large_image\" \/>\n<meta name=\"twitter:label1\" content=\"Szacowany czas czytania\" \/>\n\t<meta name=\"twitter:data1\" content=\"2 minuty\" \/>\n<script type=\"application\/ld+json\" class=\"yoast-schema-graph\">{\"@context\":\"https:\\\/\\\/schema.org\",\"@graph\":[{\"@type\":\"WebPage\",\"@id\":\"https:\\\/\\\/rosanacl.com\\\/producto\\\/sujetador-modelo-violeta\\\/\",\"url\":\"https:\\\/\\\/rosanacl.com\\\/producto\\\/sujetador-modelo-violeta\\\/\",\"name\":\"Sujetador Selene Violeta - Rosana CL\",\"isPartOf\":{\"@id\":\"https:\\\/\\\/rosanacl.com\\\/ca\\\/#website\"},\"primaryImageOfPage\":{\"@id\":\"https:\\\/\\\/rosanacl.com\\\/producto\\\/sujetador-modelo-violeta\\\/#primaryimage\"},\"image\":{\"@id\":\"https:\\\/\\\/rosanacl.com\\\/producto\\\/sujetador-modelo-violeta\\\/#primaryimage\"},\"thumbnailUrl\":\"https:\\\/\\\/rosanacl.com\\\/wp-content\\\/uploads\\\/2025\\\/04\\\/1-5.jpg\",\"datePublished\":\"2025-04-29T22:46:30+00:00\",\"dateModified\":\"2026-01-07T19:51:25+00:00\",\"breadcrumb\":{\"@id\":\"https:\\\/\\\/rosanacl.com\\\/producto\\\/sujetador-modelo-violeta\\\/#breadcrumb\"},\"inLanguage\":\"pl-PL\",\"potentialAction\":[{\"@type\":\"ReadAction\",\"target\":[\"https:\\\/\\\/rosanacl.com\\\/producto\\\/sujetador-modelo-violeta\\\/\"]}]},{\"@type\":\"ImageObject\",\"inLanguage\":\"pl-PL\",\"@id\":\"https:\\\/\\\/rosanacl.com\\\/producto\\\/sujetador-modelo-violeta\\\/#primaryimage\",\"url\":\"https:\\\/\\\/rosanacl.com\\\/wp-content\\\/uploads\\\/2025\\\/04\\\/1-5.jpg\",\"contentUrl\":\"https:\\\/\\\/rosanacl.com\\\/wp-content\\\/uploads\\\/2025\\\/04\\\/1-5.jpg\",\"width\":889,\"height\":1333},{\"@type\":\"BreadcrumbList\",\"@id\":\"https:\\\/\\\/rosanacl.com\\\/producto\\\/sujetador-modelo-violeta\\\/#breadcrumb\",\"itemListElement\":[{\"@type\":\"ListItem\",\"position\":1,\"name\":\"Portada\",\"item\":\"https:\\\/\\\/rosanacl.com\\\/ca\\\/\"},{\"@type\":\"ListItem\",\"position\":2,\"name\":\"Tienda\",\"item\":\"https:\\\/\\\/rosanacl.com\\\/ca\\\/tienda\\\/\"},{\"@type\":\"ListItem\",\"position\":3,\"name\":\"Sujetador Selene Violeta\"}]},{\"@type\":\"WebSite\",\"@id\":\"https:\\\/\\\/rosanacl.com\\\/ca\\\/#website\",\"url\":\"https:\\\/\\\/rosanacl.com\\\/ca\\\/\",\"name\":\"Rosana CL\",\"description\":\"Somos tu interior\",\"potentialAction\":[{\"@type\":\"SearchAction\",\"target\":{\"@type\":\"EntryPoint\",\"urlTemplate\":\"https:\\\/\\\/rosanacl.com\\\/ca\\\/?s={search_term_string}\"},\"query-input\":{\"@type\":\"PropertyValueSpecification\",\"valueRequired\":true,\"valueName\":\"search_term_string\"}}],\"inLanguage\":\"pl-PL\"}]}<\/script>\n<!-- \/ Yoast SEO plugin. -->","yoast_head_json":{"title":"Sujetador Selene Violeta - Rosana CL","robots":{"index":"index","follow":"follow","max-snippet":"max-snippet:-1","max-image-preview":"max-image-preview:large","max-video-preview":"max-video-preview:-1"},"canonical":"https:\/\/rosanacl.com\/pl\/produkt\/sujetador-modelo-violeta\/","og_locale":"pl_PL","og_type":"article","og_title":"Sujetador Selene Violeta - Rosana CL","og_description":"El sujetador Selene modelo Violeta est\u00e1 pensado para cuando buscas un pecho bonito y bien colocado, pero tambi\u00e9n quieres ese extra que se nota en el conjunto: costados y zona de axila m\u00e1s lisos, con una cobertura que se integra mejor bajo la ropa. Lleva aros para una sujeci\u00f3n m\u00e1s firme y una copa con [&hellip;]","og_url":"https:\/\/rosanacl.com\/pl\/produkt\/sujetador-modelo-violeta\/","og_site_name":"Rosana CL","article_modified_time":"2026-01-07T19:51:25+00:00","og_image":[{"width":889,"height":1333,"url":"https:\/\/rosanacl.com\/wp-content\/uploads\/2025\/04\/1-5.jpg","type":"image\/jpeg"}],"twitter_card":"summary_large_image","twitter_misc":{"Szacowany czas czytania":"2 minuty"},"schema":{"@context":"https:\/\/schema.org","@graph":[{"@type":"WebPage","@id":"https:\/\/rosanacl.com\/producto\/sujetador-modelo-violeta\/","url":"https:\/\/rosanacl.com\/producto\/sujetador-modelo-violeta\/","name":"Sujetador Selene Violeta - Rosana CL","isPartOf":{"@id":"https:\/\/rosanacl.com\/ca\/#website"},"primaryImageOfPage":{"@id":"https:\/\/rosanacl.com\/producto\/sujetador-modelo-violeta\/#primaryimage"},"image":{"@id":"https:\/\/rosanacl.com\/producto\/sujetador-modelo-violeta\/#primaryimage"},"thumbnailUrl":"https:\/\/rosanacl.com\/wp-content\/uploads\/2025\/04\/1-5.jpg","datePublished":"2025-04-29T22:46:30+00:00","dateModified":"2026-01-07T19:51:25+00:00","breadcrumb":{"@id":"https:\/\/rosanacl.com\/producto\/sujetador-modelo-violeta\/#breadcrumb"},"inLanguage":"pl-PL","potentialAction":[{"@type":"ReadAction","target":["https:\/\/rosanacl.com\/producto\/sujetador-modelo-violeta\/"]}]},{"@type":"ImageObject","inLanguage":"pl-PL","@id":"https:\/\/rosanacl.com\/producto\/sujetador-modelo-violeta\/#primaryimage","url":"https:\/\/rosanacl.com\/wp-content\/uploads\/2025\/04\/1-5.jpg","contentUrl":"https:\/\/rosanacl.com\/wp-content\/uploads\/2025\/04\/1-5.jpg","width":889,"height":1333},{"@type":"BreadcrumbList","@id":"https:\/\/rosanacl.com\/producto\/sujetador-modelo-violeta\/#breadcrumb","itemListElement":[{"@type":"ListItem","position":1,"name":"Portada","item":"https:\/\/rosanacl.com\/ca\/"},{"@type":"ListItem","position":2,"name":"Tienda","item":"https:\/\/rosanacl.com\/ca\/tienda\/"},{"@type":"ListItem","position":3,"name":"Sujetador Selene Violeta"}]},{"@type":"WebSite","@id":"https:\/\/rosanacl.com\/ca\/#website","url":"https:\/\/rosanacl.com\/ca\/","name":"Rosana CL","description":"Jeste\u015bmy Twoim wn\u0119trzem","potentialAction":[{"@type":"SearchAction","target":{"@type":"EntryPoint","urlTemplate":"https:\/\/rosanacl.com\/ca\/?s={search_term_string}"},"query-input":{"@type":"PropertyValueSpecification","valueRequired":true,"valueName":"search_term_string"}}],"inLanguage":"pl-PL"}]}},"_links":{"self":[{"href":"https:\/\/rosanacl.com\/pl\/wp-json\/wp\/v2\/product\/1066","targetHints":{"allow":["GET"]}}],"collection":[{"href":"https:\/\/rosanacl.com\/pl\/wp-json\/wp\/v2\/product"}],"about":[{"href":"https:\/\/rosanacl.com\/pl\/wp-json\/wp\/v2\/types\/product"}],"replies":[{"embeddable":true,"href":"https:\/\/rosanacl.com\/pl\/wp-json\/wp\/v2\/comments?post=1066"}],"version-history":[{"count":5,"href":"https:\/\/rosanacl.com\/pl\/wp-json\/wp\/v2\/product\/1066\/revisions"}],"predecessor-version":[{"id":4611,"href":"https:\/\/rosanacl.com\/pl\/wp-json\/wp\/v2\/product\/1066\/revisions\/4611"}],"wp:featuredmedia":[{"embeddable":true,"href":"https:\/\/rosanacl.com\/pl\/wp-json\/wp\/v2\/media\/2368"}],"wp:attachment":[{"href":"https:\/\/rosanacl.com\/pl\/wp-json\/wp\/v2\/media?parent=1066"}],"wp:term":[{"taxonomy":"product_brand","embeddable":true,"href":"https:\/\/rosanacl.com\/pl\/wp-json\/wp\/v2\/product_brand?post=1066"},{"taxonomy":"product_cat","embeddable":true,"href":"https:\/\/rosanacl.com\/pl\/wp-json\/wp\/v2\/product_cat?post=1066"},{"taxonomy":"product_tag","embeddable":true,"href":"https:\/\/rosanacl.com\/pl\/wp-json\/wp\/v2\/product_tag?post=1066"}],"curies":[{"name":"wp","href":"https:\/\/api.w.org\/{rel}","templated":true}]}}