{"id":1122,"date":"2025-04-30T00:53:37","date_gmt":"2025-04-29T22:53:37","guid":{"rendered":"https:\/\/rosanacl.com\/?post_type=product&#038;p=1122"},"modified":"2026-01-07T20:46:04","modified_gmt":"2026-01-07T19:46:04","slug":"sujetador-modelo-carolina","status":"publish","type":"product","link":"https:\/\/rosanacl.com\/pl\/produkt\/sujetador-modelo-carolina\/","title":{"rendered":"Biustonosz Selene Carolina"},"content":{"rendered":"<p>Biustonosz Selene Carolina to jeden z tych biustonoszy, kt\u00f3re nadaj\u0105 biustowi pi\u0119kny, dobrze u\u0142o\u017cony wygl\u0105d bez widocznych uwydatnie\u0144. Posiada lekkie wk\u0142adki, kt\u00f3re naturalnie modeluj\u0105 biust, oraz dekolt typu balkonetka, kt\u00f3ry ol\u015bniewaj\u0105co prezentuje si\u0119 pod bardziej wyzywaj\u0105cymi kreacjami, tworz\u0105c wyrazist\u0105 i atrakcyjn\u0105 lini\u0119.<\/p>\n<p>Zaprojektowane do noszenia na co dzie\u0144, buty Carolina \u0142\u0105cz\u0105 w sobie wygod\u0119, zaokr\u0105glony kszta\u0142t i dyskretne wyko\u0144czenie pod ubraniem. Idealnie sprawdz\u0105 si\u0119, je\u015bli chcesz wygl\u0105da\u0107 elegancko w T-shirtach, bluzkach czy sukienkach, zachowuj\u0105c jednocze\u015bnie lekko\u015b\u0107 i stabilno\u015b\u0107 przez wiele godzin.<\/p>\n<p>Szczeg\u00f3\u0142y, kt\u00f3re pokochasz w Karolinie<\/p>\n<ul>\n<li>Dekolt balkonetka: podkre\u015bla i stylizuje, nie przyt\u0142aczaj\u0105c.<\/li>\n<li>Drobne wype\u0142nienie: pi\u0119kny i naturalny efekt kszta\u0142towania.<\/li>\n<li>Miseczka B: profil korzystny i zr\u00f3wnowa\u017cony.<\/li>\n<li>Dyskretne wyko\u0144czenie sprawia, \u017ce nie b\u0119dzie widoczne pod obcis\u0142ymi ubraniami.<\/li>\n<li>Wygodne dopasowanie do codziennego u\u017cytku, bez konieczno\u015bci ponownego dopasowania.<\/li>\n<\/ul>\n<p>\ud83d\udde3\ufe0f Wskaz\u00f3wka: Je\u015bli chcesz wygl\u0105da\u0107 \u00abschludnie\u00bb bez zastanowienia, Carolina zapewni Ci poczucie pi\u0119knego i czystego dekoltu, kt\u00f3ry sprawi, \u017ce ka\u017cdy element garderoby b\u0119dzie wygl\u0105da\u0142 bardziej elegancko.<\/p>\n<p>\ud83d\udccf Uwaga: Je\u015bli wahasz si\u0119 pomi\u0119dzy dwoma rozmiarami, podejmij decyzj\u0119 na podstawie obwodu: je\u015bli chcesz mie\u0107 wi\u0119kszy komfort, wybierz wi\u0119kszy; je\u015bli chcesz mie\u0107 mocniejsze wsparcie, wybierz mniejszy.<\/p>\n<p>Sk\u0142ad: poliamid 80% \/ elastan 12% \/ poliester 8%.<\/p>\n<div dir=\"auto\">\n<p>\ud83e\udde5 \u0141adnie wygl\u0105da pod koszulk\u0105, elegancko pod bluzk\u0105.<\/p>\n<div id=\"v1ms-outlook-mobile-body-separator-line\" dir=\"auto\"><\/div>\n<\/div>\n<div dir=\"auto\"><\/div>","protected":false},"excerpt":{"rendered":"<p>El sujetador Selene modelo Carolina es de esos sujetadores que te dejan el pecho bonito y bien colocado sin que se note el \u00abtruco\u00bb. Lleva relleno fino para un efecto moldeador natural y un escote balconette que queda precioso con prendas m\u00e1s abiertas, porque dibuja una l\u00ednea muy limpia y favorecedora. Pensado para el d\u00eda [&hellip;]<\/p>\n","protected":false},"featured_media":1425,"comment_status":"open","ping_status":"closed","template":"","meta":{"content-type":""},"product_brand":[55],"product_cat":[26,20],"product_tag":[56,62],"class_list":{"0":"post-1122","1":"product","2":"type-product","3":"status-publish","4":"has-post-thumbnail","6":"product_brand-selene","7":"product_cat-con-aros-y-relleno","8":"product_cat-sujetador","9":"product_tag-sujetador","10":"product_tag-sujetador-con-aros-y-rellenos","12":"first","13":"instock","14":"taxable","15":"shipping-taxable","16":"purchasable","17":"product-type-variable"},"supplier_id":null,"supplier_sku":"","barcode":null,"atum_controlled":true,"out_stock_date":null,"out_stock_threshold":null,"inheritable":true,"inbound_stock":0,"stock_on_hold":0,"sold_today":0,"sales_last_days":0,"reserved_stock":0,"customer_returns":0,"warehouse_damage":0,"lost_in_post":0,"other_logs":0,"out_stock_days":0,"lost_sales":0,"has_location":false,"update_date":"2026-01-07T19:46:05","atum_locations":[],"atum_stock_status":"instock","restock_status":false,"low_stock_amount":"","sales_update_date":"2025-10-03T04:56:51","calc_backorders":null,"yoast_head":"<!-- This site is optimized with the Yoast SEO plugin v27.4 - https:\/\/yoast.com\/product\/yoast-seo-wordpress\/ -->\n<title>Sujetador Selene Carolina - Rosana CL<\/title>\n<meta name=\"robots\" content=\"index, follow, max-snippet:-1, max-image-preview:large, max-video-preview:-1\" \/>\n<link rel=\"canonical\" href=\"https:\/\/rosanacl.com\/pl\/produkt\/sujetador-modelo-carolina\/\" \/>\n<meta property=\"og:locale\" content=\"pl_PL\" \/>\n<meta property=\"og:type\" content=\"article\" \/>\n<meta property=\"og:title\" content=\"Sujetador Selene Carolina - Rosana CL\" \/>\n<meta property=\"og:description\" content=\"El sujetador Selene modelo Carolina es de esos sujetadores que te dejan el pecho bonito y bien colocado sin que se note el \u00abtruco\u00bb. Lleva relleno fino para un efecto moldeador natural y un escote balconette que queda precioso con prendas m\u00e1s abiertas, porque dibuja una l\u00ednea muy limpia y favorecedora. Pensado para el d\u00eda [&hellip;]\" \/>\n<meta property=\"og:url\" content=\"https:\/\/rosanacl.com\/pl\/produkt\/sujetador-modelo-carolina\/\" \/>\n<meta property=\"og:site_name\" content=\"Rosana CL\" \/>\n<meta property=\"article:modified_time\" content=\"2026-01-07T19:46:04+00:00\" \/>\n<meta property=\"og:image\" content=\"https:\/\/rosanacl.com\/wp-content\/uploads\/2025\/04\/Sujetador-Selene-modelo-Carolina_00001.webp\" \/>\n\t<meta property=\"og:image:width\" content=\"1000\" \/>\n\t<meta property=\"og:image:height\" content=\"1000\" \/>\n\t<meta property=\"og:image:type\" content=\"image\/webp\" \/>\n<meta name=\"twitter:card\" content=\"summary_large_image\" \/>\n<meta name=\"twitter:label1\" content=\"Szacowany czas czytania\" \/>\n\t<meta name=\"twitter:data1\" content=\"2 minuty\" \/>\n<script type=\"application\/ld+json\" class=\"yoast-schema-graph\">{\"@context\":\"https:\\\/\\\/schema.org\",\"@graph\":[{\"@type\":\"WebPage\",\"@id\":\"https:\\\/\\\/rosanacl.com\\\/producto\\\/sujetador-modelo-carolina\\\/\",\"url\":\"https:\\\/\\\/rosanacl.com\\\/producto\\\/sujetador-modelo-carolina\\\/\",\"name\":\"Sujetador Selene Carolina - Rosana CL\",\"isPartOf\":{\"@id\":\"https:\\\/\\\/rosanacl.com\\\/ca\\\/#website\"},\"primaryImageOfPage\":{\"@id\":\"https:\\\/\\\/rosanacl.com\\\/producto\\\/sujetador-modelo-carolina\\\/#primaryimage\"},\"image\":{\"@id\":\"https:\\\/\\\/rosanacl.com\\\/producto\\\/sujetador-modelo-carolina\\\/#primaryimage\"},\"thumbnailUrl\":\"https:\\\/\\\/rosanacl.com\\\/wp-content\\\/uploads\\\/2025\\\/04\\\/Sujetador-Selene-modelo-Carolina_00001.webp\",\"datePublished\":\"2025-04-29T22:53:37+00:00\",\"dateModified\":\"2026-01-07T19:46:04+00:00\",\"breadcrumb\":{\"@id\":\"https:\\\/\\\/rosanacl.com\\\/producto\\\/sujetador-modelo-carolina\\\/#breadcrumb\"},\"inLanguage\":\"pl-PL\",\"potentialAction\":[{\"@type\":\"ReadAction\",\"target\":[\"https:\\\/\\\/rosanacl.com\\\/producto\\\/sujetador-modelo-carolina\\\/\"]}]},{\"@type\":\"ImageObject\",\"inLanguage\":\"pl-PL\",\"@id\":\"https:\\\/\\\/rosanacl.com\\\/producto\\\/sujetador-modelo-carolina\\\/#primaryimage\",\"url\":\"https:\\\/\\\/rosanacl.com\\\/wp-content\\\/uploads\\\/2025\\\/04\\\/Sujetador-Selene-modelo-Carolina_00001.webp\",\"contentUrl\":\"https:\\\/\\\/rosanacl.com\\\/wp-content\\\/uploads\\\/2025\\\/04\\\/Sujetador-Selene-modelo-Carolina_00001.webp\",\"width\":1000,\"height\":1000},{\"@type\":\"BreadcrumbList\",\"@id\":\"https:\\\/\\\/rosanacl.com\\\/producto\\\/sujetador-modelo-carolina\\\/#breadcrumb\",\"itemListElement\":[{\"@type\":\"ListItem\",\"position\":1,\"name\":\"Portada\",\"item\":\"https:\\\/\\\/rosanacl.com\\\/ca\\\/\"},{\"@type\":\"ListItem\",\"position\":2,\"name\":\"Tienda\",\"item\":\"https:\\\/\\\/rosanacl.com\\\/ca\\\/tienda\\\/\"},{\"@type\":\"ListItem\",\"position\":3,\"name\":\"Sujetador Selene Carolina\"}]},{\"@type\":\"WebSite\",\"@id\":\"https:\\\/\\\/rosanacl.com\\\/ca\\\/#website\",\"url\":\"https:\\\/\\\/rosanacl.com\\\/ca\\\/\",\"name\":\"Rosana CL\",\"description\":\"Somos tu interior\",\"potentialAction\":[{\"@type\":\"SearchAction\",\"target\":{\"@type\":\"EntryPoint\",\"urlTemplate\":\"https:\\\/\\\/rosanacl.com\\\/ca\\\/?s={search_term_string}\"},\"query-input\":{\"@type\":\"PropertyValueSpecification\",\"valueRequired\":true,\"valueName\":\"search_term_string\"}}],\"inLanguage\":\"pl-PL\"}]}<\/script>\n<!-- \/ Yoast SEO plugin. -->","yoast_head_json":{"title":"Sujetador Selene Carolina - Rosana CL","robots":{"index":"index","follow":"follow","max-snippet":"max-snippet:-1","max-image-preview":"max-image-preview:large","max-video-preview":"max-video-preview:-1"},"canonical":"https:\/\/rosanacl.com\/pl\/produkt\/sujetador-modelo-carolina\/","og_locale":"pl_PL","og_type":"article","og_title":"Sujetador Selene Carolina - Rosana CL","og_description":"El sujetador Selene modelo Carolina es de esos sujetadores que te dejan el pecho bonito y bien colocado sin que se note el \u00abtruco\u00bb. Lleva relleno fino para un efecto moldeador natural y un escote balconette que queda precioso con prendas m\u00e1s abiertas, porque dibuja una l\u00ednea muy limpia y favorecedora. Pensado para el d\u00eda [&hellip;]","og_url":"https:\/\/rosanacl.com\/pl\/produkt\/sujetador-modelo-carolina\/","og_site_name":"Rosana CL","article_modified_time":"2026-01-07T19:46:04+00:00","og_image":[{"width":1000,"height":1000,"url":"https:\/\/rosanacl.com\/wp-content\/uploads\/2025\/04\/Sujetador-Selene-modelo-Carolina_00001.webp","type":"image\/webp"}],"twitter_card":"summary_large_image","twitter_misc":{"Szacowany czas czytania":"2 minuty"},"schema":{"@context":"https:\/\/schema.org","@graph":[{"@type":"WebPage","@id":"https:\/\/rosanacl.com\/producto\/sujetador-modelo-carolina\/","url":"https:\/\/rosanacl.com\/producto\/sujetador-modelo-carolina\/","name":"Sujetador Selene Carolina - Rosana CL","isPartOf":{"@id":"https:\/\/rosanacl.com\/ca\/#website"},"primaryImageOfPage":{"@id":"https:\/\/rosanacl.com\/producto\/sujetador-modelo-carolina\/#primaryimage"},"image":{"@id":"https:\/\/rosanacl.com\/producto\/sujetador-modelo-carolina\/#primaryimage"},"thumbnailUrl":"https:\/\/rosanacl.com\/wp-content\/uploads\/2025\/04\/Sujetador-Selene-modelo-Carolina_00001.webp","datePublished":"2025-04-29T22:53:37+00:00","dateModified":"2026-01-07T19:46:04+00:00","breadcrumb":{"@id":"https:\/\/rosanacl.com\/producto\/sujetador-modelo-carolina\/#breadcrumb"},"inLanguage":"pl-PL","potentialAction":[{"@type":"ReadAction","target":["https:\/\/rosanacl.com\/producto\/sujetador-modelo-carolina\/"]}]},{"@type":"ImageObject","inLanguage":"pl-PL","@id":"https:\/\/rosanacl.com\/producto\/sujetador-modelo-carolina\/#primaryimage","url":"https:\/\/rosanacl.com\/wp-content\/uploads\/2025\/04\/Sujetador-Selene-modelo-Carolina_00001.webp","contentUrl":"https:\/\/rosanacl.com\/wp-content\/uploads\/2025\/04\/Sujetador-Selene-modelo-Carolina_00001.webp","width":1000,"height":1000},{"@type":"BreadcrumbList","@id":"https:\/\/rosanacl.com\/producto\/sujetador-modelo-carolina\/#breadcrumb","itemListElement":[{"@type":"ListItem","position":1,"name":"Portada","item":"https:\/\/rosanacl.com\/ca\/"},{"@type":"ListItem","position":2,"name":"Tienda","item":"https:\/\/rosanacl.com\/ca\/tienda\/"},{"@type":"ListItem","position":3,"name":"Sujetador Selene Carolina"}]},{"@type":"WebSite","@id":"https:\/\/rosanacl.com\/ca\/#website","url":"https:\/\/rosanacl.com\/ca\/","name":"Rosana CL","description":"Jeste\u015bmy Twoim wn\u0119trzem","potentialAction":[{"@type":"SearchAction","target":{"@type":"EntryPoint","urlTemplate":"https:\/\/rosanacl.com\/ca\/?s={search_term_string}"},"query-input":{"@type":"PropertyValueSpecification","valueRequired":true,"valueName":"search_term_string"}}],"inLanguage":"pl-PL"}]}},"_links":{"self":[{"href":"https:\/\/rosanacl.com\/pl\/wp-json\/wp\/v2\/product\/1122","targetHints":{"allow":["GET"]}}],"collection":[{"href":"https:\/\/rosanacl.com\/pl\/wp-json\/wp\/v2\/product"}],"about":[{"href":"https:\/\/rosanacl.com\/pl\/wp-json\/wp\/v2\/types\/product"}],"replies":[{"embeddable":true,"href":"https:\/\/rosanacl.com\/pl\/wp-json\/wp\/v2\/comments?post=1122"}],"version-history":[{"count":5,"href":"https:\/\/rosanacl.com\/pl\/wp-json\/wp\/v2\/product\/1122\/revisions"}],"predecessor-version":[{"id":4610,"href":"https:\/\/rosanacl.com\/pl\/wp-json\/wp\/v2\/product\/1122\/revisions\/4610"}],"wp:featuredmedia":[{"embeddable":true,"href":"https:\/\/rosanacl.com\/pl\/wp-json\/wp\/v2\/media\/1425"}],"wp:attachment":[{"href":"https:\/\/rosanacl.com\/pl\/wp-json\/wp\/v2\/media?parent=1122"}],"wp:term":[{"taxonomy":"product_brand","embeddable":true,"href":"https:\/\/rosanacl.com\/pl\/wp-json\/wp\/v2\/product_brand?post=1122"},{"taxonomy":"product_cat","embeddable":true,"href":"https:\/\/rosanacl.com\/pl\/wp-json\/wp\/v2\/product_cat?post=1122"},{"taxonomy":"product_tag","embeddable":true,"href":"https:\/\/rosanacl.com\/pl\/wp-json\/wp\/v2\/product_tag?post=1122"}],"curies":[{"name":"wp","href":"https:\/\/api.w.org\/{rel}","templated":true}]}}