{"id":1158,"date":"2025-04-30T00:57:25","date_gmt":"2025-04-29T22:57:25","guid":{"rendered":"https:\/\/rosanacl.com\/?post_type=product&#038;p=1158"},"modified":"2026-01-07T20:41:03","modified_gmt":"2026-01-07T19:41:03","slug":"sujetador-modelo-manuela","status":"publish","type":"product","link":"https:\/\/rosanacl.com\/pl\/produkt\/sujetador-modelo-manuela\/","title":{"rendered":"Selene Manuela Bra"},"content":{"rendered":"<p>Biustonosz Selene Manuela zosta\u0142 zaprojektowany, gdy zale\u017cy Ci na prawdziwym komforcie bez rezygnowania z pi\u0119knego wygl\u0105du. Bezfiszbinowa konstrukcja i miseczki typu spacer sprawiaj\u0105, \u017ce jest to niezwykle wygodny wyb\u00f3r na co dzie\u0144: delikatnie dopasowuje si\u0119 do biustu, porusza si\u0119 wraz z Tob\u0105 i jest lekki od pierwszej chwili.<\/p>\n<p>Miseczki Spacer Cup wyr\u00f3\u017cniaj\u0105 si\u0119 przewiewno\u015bci\u0105 i uczuciem \u00abdrugiej sk\u00f3ry\u00bb, kt\u00f3re doskonale prezentuje si\u0119 pod koszulkami, bluzkami i bardziej dopasowanymi ubraniami. Ten model zapewnia naturalny kszta\u0142t, wygodne podparcie i schludne wyko\u0144czenie \u2013 idealne, je\u015bli szukasz praktycznej, a zarazem stylowej bielizny.<\/p>\n<p>Rzeczy, kt\u00f3re pokochasz w Manueli<\/p>\n<ul>\n<li>Bez kabli: ci\u0105g\u0142y komfort, bez presji.<\/li>\n<li>Miseczka Spacer Cup: maksymalna oddychalno\u015b\u0107 i dopasowanie do klatki piersiowej.<\/li>\n<li>Wygodne i stabilne podparcie do codziennego u\u017cytku.<\/li>\n<li>G\u0142adkie i dyskretne wyko\u0144czenie pod ubraniem.<\/li>\n<li>Doskonale sprawdzi si\u0119 w dopasowanych stylizacjach: wygl\u0105da pi\u0119knie i naturalnie.<\/li>\n<\/ul>\n<p>\ud83d\udde3\ufe0f Wskaz\u00f3wka: Manuela to model dla os\u00f3b, kt\u00f3re chc\u0105 czu\u0107 si\u0119 swobodnie przez ca\u0142y dzie\u0144: jest lekki, nie uciska i idealnie dopasowuje si\u0119 do cia\u0142a, nie wrzynaj\u0105c si\u0119 w sk\u00f3r\u0119. Miseczka typu spacer cup jest ch\u0142odna i mi\u0119kka, a tak\u017ce zapewnia komfort \u00abdrugiej sk\u00f3ry\u00bb, dzi\u0119ki kt\u00f3remu zapomnisz, \u017ce masz j\u0105 na sobie, nawet pod obcis\u0142ymi koszulkami i bluzkami.<\/p>\n<p>\ud83d\udccf Uwaga: Je\u015bli wahasz si\u0119 mi\u0119dzy rozmiarami, wybierz wi\u0119kszy rozmiar, aby zapewni\u0107 sobie wi\u0119kszy komfort i lu\u017aniejsze dopasowanie; wybierz mniejszy rozmiar, aby uzyska\u0107 twardsze i bardziej podtrzymuj\u0105ce uczucie. Je\u015bli to mo\u017cliwe, sprawd\u017a obw\u00f3d pod biustem, aby upewni\u0107 si\u0119, \u017ce od razu go dobrze zmierzysz i \u017ce biustonosz le\u017cy idealnie od pierwszego za\u0142o\u017cenia.<\/p>\n<p>Sk\u0142ad: 70% poliester \/ 18% poliamid \/ 12% elastan.<\/p>\n<p>\u2601\ufe0f Uczucie \u00abdrugiej sk\u00f3ry\u00bb przez ca\u0142y dzie\u0144.<\/p>","protected":false},"excerpt":{"rendered":"<p>El sujetador Selene modelo Manuela est\u00e1 pensado para cuando quieres comodidad real sin renunciar a una silueta bonita. Su dise\u00f1o sin aros y su copa spacer lo convierten en una opci\u00f3n s\u00faper agradable para el d\u00eda a d\u00eda: se adapta al pecho con suavidad, acompa\u00f1a el movimiento y se siente ligero desde el primer momento. [&hellip;]<\/p>\n","protected":false},"featured_media":1445,"comment_status":"open","ping_status":"closed","template":"","meta":{"content-type":""},"product_brand":[55],"product_cat":[101,27,20],"product_tag":[56,63],"class_list":{"0":"post-1158","1":"product","2":"type-product","3":"status-publish","4":"has-post-thumbnail","6":"product_brand-selene","7":"product_cat-manuela","8":"product_cat-sin-aros-con-relleno","9":"product_cat-sujetador","10":"product_tag-sujetador","11":"product_tag-sujetador-sin-aros-con-relleno","13":"first","14":"instock","15":"taxable","16":"shipping-taxable","17":"purchasable","18":"product-type-variable"},"supplier_id":null,"supplier_sku":"","barcode":null,"atum_controlled":true,"out_stock_date":null,"out_stock_threshold":null,"inheritable":true,"inbound_stock":0,"stock_on_hold":0,"sold_today":0,"sales_last_days":0,"reserved_stock":0,"customer_returns":0,"warehouse_damage":0,"lost_in_post":0,"other_logs":0,"out_stock_days":0,"lost_sales":0,"has_location":false,"update_date":"2026-01-07T19:41:04","atum_locations":[],"atum_stock_status":"instock","restock_status":false,"low_stock_amount":"","sales_update_date":"2025-10-03T04:56:44","calc_backorders":null,"yoast_head":"<!-- This site is optimized with the Yoast SEO plugin v27.4 - https:\/\/yoast.com\/product\/yoast-seo-wordpress\/ -->\n<title>Sujetador Selene Manuela - Rosana CL<\/title>\n<meta name=\"robots\" content=\"index, follow, max-snippet:-1, max-image-preview:large, max-video-preview:-1\" \/>\n<link rel=\"canonical\" href=\"https:\/\/rosanacl.com\/pl\/produkt\/sujetador-modelo-manuela\/\" \/>\n<meta property=\"og:locale\" content=\"pl_PL\" \/>\n<meta property=\"og:type\" content=\"article\" \/>\n<meta property=\"og:title\" content=\"Sujetador Selene Manuela - Rosana CL\" \/>\n<meta property=\"og:description\" content=\"El sujetador Selene modelo Manuela est\u00e1 pensado para cuando quieres comodidad real sin renunciar a una silueta bonita. Su dise\u00f1o sin aros y su copa spacer lo convierten en una opci\u00f3n s\u00faper agradable para el d\u00eda a d\u00eda: se adapta al pecho con suavidad, acompa\u00f1a el movimiento y se siente ligero desde el primer momento. [&hellip;]\" \/>\n<meta property=\"og:url\" content=\"https:\/\/rosanacl.com\/pl\/produkt\/sujetador-modelo-manuela\/\" \/>\n<meta property=\"og:site_name\" content=\"Rosana CL\" \/>\n<meta property=\"article:modified_time\" content=\"2026-01-07T19:41:03+00:00\" \/>\n<meta property=\"og:image\" content=\"https:\/\/rosanacl.com\/wp-content\/uploads\/2025\/04\/Sujetador-modelo-Manuela-000001.webp\" \/>\n\t<meta property=\"og:image:width\" content=\"1000\" \/>\n\t<meta property=\"og:image:height\" content=\"1000\" \/>\n\t<meta property=\"og:image:type\" content=\"image\/webp\" \/>\n<meta name=\"twitter:card\" content=\"summary_large_image\" \/>\n<meta name=\"twitter:label1\" content=\"Szacowany czas czytania\" \/>\n\t<meta name=\"twitter:data1\" content=\"2 minuty\" \/>\n<script type=\"application\/ld+json\" class=\"yoast-schema-graph\">{\"@context\":\"https:\\\/\\\/schema.org\",\"@graph\":[{\"@type\":\"WebPage\",\"@id\":\"https:\\\/\\\/rosanacl.com\\\/producto\\\/sujetador-modelo-manuela\\\/\",\"url\":\"https:\\\/\\\/rosanacl.com\\\/producto\\\/sujetador-modelo-manuela\\\/\",\"name\":\"Sujetador Selene Manuela - Rosana CL\",\"isPartOf\":{\"@id\":\"https:\\\/\\\/rosanacl.com\\\/ca\\\/#website\"},\"primaryImageOfPage\":{\"@id\":\"https:\\\/\\\/rosanacl.com\\\/producto\\\/sujetador-modelo-manuela\\\/#primaryimage\"},\"image\":{\"@id\":\"https:\\\/\\\/rosanacl.com\\\/producto\\\/sujetador-modelo-manuela\\\/#primaryimage\"},\"thumbnailUrl\":\"https:\\\/\\\/rosanacl.com\\\/wp-content\\\/uploads\\\/2025\\\/04\\\/Sujetador-modelo-Manuela-000001.webp\",\"datePublished\":\"2025-04-29T22:57:25+00:00\",\"dateModified\":\"2026-01-07T19:41:03+00:00\",\"breadcrumb\":{\"@id\":\"https:\\\/\\\/rosanacl.com\\\/producto\\\/sujetador-modelo-manuela\\\/#breadcrumb\"},\"inLanguage\":\"pl-PL\",\"potentialAction\":[{\"@type\":\"ReadAction\",\"target\":[\"https:\\\/\\\/rosanacl.com\\\/producto\\\/sujetador-modelo-manuela\\\/\"]}]},{\"@type\":\"ImageObject\",\"inLanguage\":\"pl-PL\",\"@id\":\"https:\\\/\\\/rosanacl.com\\\/producto\\\/sujetador-modelo-manuela\\\/#primaryimage\",\"url\":\"https:\\\/\\\/rosanacl.com\\\/wp-content\\\/uploads\\\/2025\\\/04\\\/Sujetador-modelo-Manuela-000001.webp\",\"contentUrl\":\"https:\\\/\\\/rosanacl.com\\\/wp-content\\\/uploads\\\/2025\\\/04\\\/Sujetador-modelo-Manuela-000001.webp\",\"width\":1000,\"height\":1000},{\"@type\":\"BreadcrumbList\",\"@id\":\"https:\\\/\\\/rosanacl.com\\\/producto\\\/sujetador-modelo-manuela\\\/#breadcrumb\",\"itemListElement\":[{\"@type\":\"ListItem\",\"position\":1,\"name\":\"Portada\",\"item\":\"https:\\\/\\\/rosanacl.com\\\/ca\\\/\"},{\"@type\":\"ListItem\",\"position\":2,\"name\":\"Tienda\",\"item\":\"https:\\\/\\\/rosanacl.com\\\/ca\\\/tienda\\\/\"},{\"@type\":\"ListItem\",\"position\":3,\"name\":\"Sujetador Selene Manuela\"}]},{\"@type\":\"WebSite\",\"@id\":\"https:\\\/\\\/rosanacl.com\\\/ca\\\/#website\",\"url\":\"https:\\\/\\\/rosanacl.com\\\/ca\\\/\",\"name\":\"Rosana CL\",\"description\":\"Somos tu interior\",\"potentialAction\":[{\"@type\":\"SearchAction\",\"target\":{\"@type\":\"EntryPoint\",\"urlTemplate\":\"https:\\\/\\\/rosanacl.com\\\/ca\\\/?s={search_term_string}\"},\"query-input\":{\"@type\":\"PropertyValueSpecification\",\"valueRequired\":true,\"valueName\":\"search_term_string\"}}],\"inLanguage\":\"pl-PL\"}]}<\/script>\n<!-- \/ Yoast SEO plugin. -->","yoast_head_json":{"title":"Sujetador Selene Manuela - Rosana CL","robots":{"index":"index","follow":"follow","max-snippet":"max-snippet:-1","max-image-preview":"max-image-preview:large","max-video-preview":"max-video-preview:-1"},"canonical":"https:\/\/rosanacl.com\/pl\/produkt\/sujetador-modelo-manuela\/","og_locale":"pl_PL","og_type":"article","og_title":"Sujetador Selene Manuela - Rosana CL","og_description":"El sujetador Selene modelo Manuela est\u00e1 pensado para cuando quieres comodidad real sin renunciar a una silueta bonita. Su dise\u00f1o sin aros y su copa spacer lo convierten en una opci\u00f3n s\u00faper agradable para el d\u00eda a d\u00eda: se adapta al pecho con suavidad, acompa\u00f1a el movimiento y se siente ligero desde el primer momento. [&hellip;]","og_url":"https:\/\/rosanacl.com\/pl\/produkt\/sujetador-modelo-manuela\/","og_site_name":"Rosana CL","article_modified_time":"2026-01-07T19:41:03+00:00","og_image":[{"width":1000,"height":1000,"url":"https:\/\/rosanacl.com\/wp-content\/uploads\/2025\/04\/Sujetador-modelo-Manuela-000001.webp","type":"image\/webp"}],"twitter_card":"summary_large_image","twitter_misc":{"Szacowany czas czytania":"2 minuty"},"schema":{"@context":"https:\/\/schema.org","@graph":[{"@type":"WebPage","@id":"https:\/\/rosanacl.com\/producto\/sujetador-modelo-manuela\/","url":"https:\/\/rosanacl.com\/producto\/sujetador-modelo-manuela\/","name":"Sujetador Selene Manuela - Rosana CL","isPartOf":{"@id":"https:\/\/rosanacl.com\/ca\/#website"},"primaryImageOfPage":{"@id":"https:\/\/rosanacl.com\/producto\/sujetador-modelo-manuela\/#primaryimage"},"image":{"@id":"https:\/\/rosanacl.com\/producto\/sujetador-modelo-manuela\/#primaryimage"},"thumbnailUrl":"https:\/\/rosanacl.com\/wp-content\/uploads\/2025\/04\/Sujetador-modelo-Manuela-000001.webp","datePublished":"2025-04-29T22:57:25+00:00","dateModified":"2026-01-07T19:41:03+00:00","breadcrumb":{"@id":"https:\/\/rosanacl.com\/producto\/sujetador-modelo-manuela\/#breadcrumb"},"inLanguage":"pl-PL","potentialAction":[{"@type":"ReadAction","target":["https:\/\/rosanacl.com\/producto\/sujetador-modelo-manuela\/"]}]},{"@type":"ImageObject","inLanguage":"pl-PL","@id":"https:\/\/rosanacl.com\/producto\/sujetador-modelo-manuela\/#primaryimage","url":"https:\/\/rosanacl.com\/wp-content\/uploads\/2025\/04\/Sujetador-modelo-Manuela-000001.webp","contentUrl":"https:\/\/rosanacl.com\/wp-content\/uploads\/2025\/04\/Sujetador-modelo-Manuela-000001.webp","width":1000,"height":1000},{"@type":"BreadcrumbList","@id":"https:\/\/rosanacl.com\/producto\/sujetador-modelo-manuela\/#breadcrumb","itemListElement":[{"@type":"ListItem","position":1,"name":"Portada","item":"https:\/\/rosanacl.com\/ca\/"},{"@type":"ListItem","position":2,"name":"Tienda","item":"https:\/\/rosanacl.com\/ca\/tienda\/"},{"@type":"ListItem","position":3,"name":"Sujetador Selene Manuela"}]},{"@type":"WebSite","@id":"https:\/\/rosanacl.com\/ca\/#website","url":"https:\/\/rosanacl.com\/ca\/","name":"Rosana CL","description":"Jeste\u015bmy Twoim wn\u0119trzem","potentialAction":[{"@type":"SearchAction","target":{"@type":"EntryPoint","urlTemplate":"https:\/\/rosanacl.com\/ca\/?s={search_term_string}"},"query-input":{"@type":"PropertyValueSpecification","valueRequired":true,"valueName":"search_term_string"}}],"inLanguage":"pl-PL"}]}},"_links":{"self":[{"href":"https:\/\/rosanacl.com\/pl\/wp-json\/wp\/v2\/product\/1158","targetHints":{"allow":["GET"]}}],"collection":[{"href":"https:\/\/rosanacl.com\/pl\/wp-json\/wp\/v2\/product"}],"about":[{"href":"https:\/\/rosanacl.com\/pl\/wp-json\/wp\/v2\/types\/product"}],"replies":[{"embeddable":true,"href":"https:\/\/rosanacl.com\/pl\/wp-json\/wp\/v2\/comments?post=1158"}],"version-history":[{"count":5,"href":"https:\/\/rosanacl.com\/pl\/wp-json\/wp\/v2\/product\/1158\/revisions"}],"predecessor-version":[{"id":4609,"href":"https:\/\/rosanacl.com\/pl\/wp-json\/wp\/v2\/product\/1158\/revisions\/4609"}],"wp:featuredmedia":[{"embeddable":true,"href":"https:\/\/rosanacl.com\/pl\/wp-json\/wp\/v2\/media\/1445"}],"wp:attachment":[{"href":"https:\/\/rosanacl.com\/pl\/wp-json\/wp\/v2\/media?parent=1158"}],"wp:term":[{"taxonomy":"product_brand","embeddable":true,"href":"https:\/\/rosanacl.com\/pl\/wp-json\/wp\/v2\/product_brand?post=1158"},{"taxonomy":"product_cat","embeddable":true,"href":"https:\/\/rosanacl.com\/pl\/wp-json\/wp\/v2\/product_cat?post=1158"},{"taxonomy":"product_tag","embeddable":true,"href":"https:\/\/rosanacl.com\/pl\/wp-json\/wp\/v2\/product_tag?post=1158"}],"curies":[{"name":"wp","href":"https:\/\/api.w.org\/{rel}","templated":true}]}}