{"id":1198,"date":"2025-04-30T01:02:17","date_gmt":"2025-04-29T23:02:17","guid":{"rendered":"https:\/\/rosanacl.com\/?post_type=product&#038;p=1198"},"modified":"2026-01-07T20:28:57","modified_gmt":"2026-01-07T19:28:57","slug":"sujetador-modelo-regina","status":"publish","type":"product","link":"https:\/\/rosanacl.com\/pl\/produkt\/sujetador-modelo-regina\/","title":{"rendered":"Biustonosz Selene Regina"},"content":{"rendered":"<p>Biustonosz Selene Regina to jeden z tych, kt\u00f3re z \u0142atwo\u015bci\u0105 dodadz\u0105 charakteru ka\u017cdej stylizacji: koronkowy bralet o starannie wykonanym wyko\u0144czeniu, zaprojektowany tak, aby zapewni\u0107 Ci zar\u00f3wno atrakcyjny wygl\u0105d, jak i wygod\u0119. Bezfiszbinowa konstrukcja zapewnia lekko\u015b\u0107 na co dzie\u0144, a jednocze\u015bnie stabilne podtrzymanie i pi\u0119kny kszta\u0142t, idealny dla kobiet poszukuj\u0105cych kobiecego wygl\u0105du z eleganckim wyko\u0144czeniem.<\/p>\n<p>Usztywniane miseczki pomagaj\u0105 naturalnie podkre\u015bli\u0107 i stworzy\u0107 schludniejszy, bardziej harmonijny dekolt pod ubraniem. To bardzo wszechstronny element garderoby na co dzie\u0144, idealny pod T-shirty, bluzki czy bardziej dopasowane ubrania, poniewa\u017c \u0142\u0105czy w sobie wygod\u0119, styl i wyrafinowany charakter, nie przesadzaj\u0105c przy tym.<\/p>\n<p>Rzeczy, kt\u00f3re pokochasz w Reginie<\/p>\n<ul>\n<li>Biustonosz typu bralette z koronk\u0105 i eleganckim wyko\u0144czeniem.<\/li>\n<li>Bez fiszbin: prawdziwy komfort, bez ucisku.<\/li>\n<li>Miseczki usztywniane: naturalne uniesienie i pi\u0119kny kszta\u0142t.<\/li>\n<li>Stabilne podparcie zapewniaj\u0105ce komfort noszenia przez wiele godzin.<\/li>\n<li>Po\u0142\u0105cz je z majtkami bikini Selene 3118, aby stworzy\u0107 kompletny komplet.<\/li>\n<\/ul>\n<p>\ud83d\udde3\ufe0f Wskaz\u00f3wka: Regina to jeden z tych biustonoszy, o kt\u00f3rych zapominasz, \u017ce masz je na sobie: jest mi\u0119kki, lekki i nie uciska, a jednocze\u015bnie daje poczucie bezpiecze\u0144stwa, \u017ce wszystko pozostaje na swoim miejscu. Idealny, je\u015bli cenisz sobie kobiecy i pi\u0119kny wygl\u0105d bez sztywnego fiszbin.<\/p>\n<p>\ud83d\udccf Uwaga: Je\u015bli nie jeste\u015b pewna, kt\u00f3ry rozmiar wybra\u0107, zastan\u00f3w si\u0119, jakie dopasowanie chcesz uzyska\u0107: je\u015bli chcesz, \u017ceby by\u0142o bardziej dopasowane i stabilne, wybierz mniejszy rozmiar; je\u015bli wolisz lu\u017aniejsze i wygodniejsze do noszenia przez wiele godzin, wybierz rozmiar wi\u0119kszy.<\/p>\n<p>Sk\u0142ad: poliamid 39% \/ elastan 18% \/ poliester 43%<\/p>\n<p>\ud83d\udc97 Kiedy chcesz wygl\u0105da\u0107 \u0142adnie, nie my\u015bl\u0105c o niczym wi\u0119cej: Regina.<\/p>\n<p>&nbsp;<\/p>","protected":false},"excerpt":{"rendered":"<p>El sujetador Selene modelo Regina es de esos que elevan un conjunto sin esfuerzo: un bralette de encaje con una est\u00e9tica muy cuidada, pensado para que te veas favorecida y te sientas c\u00f3moda a la vez. Su dise\u00f1o sin aros aporta una sensaci\u00f3n m\u00e1s ligera en el d\u00eda a d\u00eda, manteniendo una sujeci\u00f3n estable y [&hellip;]<\/p>\n","protected":false},"featured_media":1463,"comment_status":"open","ping_status":"closed","template":"","meta":{"content-type":""},"product_brand":[55],"product_cat":[100,27,20],"product_tag":[56,63],"class_list":{"0":"post-1198","1":"product","2":"type-product","3":"status-publish","4":"has-post-thumbnail","6":"product_brand-selene","7":"product_cat-regina","8":"product_cat-sin-aros-con-relleno","9":"product_cat-sujetador","10":"product_tag-sujetador","11":"product_tag-sujetador-sin-aros-con-relleno","13":"first","14":"instock","15":"taxable","16":"shipping-taxable","17":"purchasable","18":"product-type-variable"},"supplier_id":null,"supplier_sku":"","barcode":null,"atum_controlled":true,"out_stock_date":null,"out_stock_threshold":null,"inheritable":true,"inbound_stock":0,"stock_on_hold":0,"sold_today":0,"sales_last_days":0,"reserved_stock":0,"customer_returns":0,"warehouse_damage":0,"lost_in_post":0,"other_logs":0,"out_stock_days":0,"lost_sales":0,"has_location":false,"update_date":"2026-01-07T19:28:58","atum_locations":[],"atum_stock_status":"instock","restock_status":false,"low_stock_amount":"","sales_update_date":"2025-10-03T04:56:32","calc_backorders":null,"yoast_head":"<!-- This site is optimized with the Yoast SEO plugin v27.4 - https:\/\/yoast.com\/product\/yoast-seo-wordpress\/ -->\n<title>Sujetador Selene Regina - Rosana CL<\/title>\n<meta name=\"robots\" content=\"index, follow, max-snippet:-1, max-image-preview:large, max-video-preview:-1\" \/>\n<link rel=\"canonical\" href=\"https:\/\/rosanacl.com\/pl\/produkt\/sujetador-modelo-regina\/\" \/>\n<meta property=\"og:locale\" content=\"pl_PL\" \/>\n<meta property=\"og:type\" content=\"article\" \/>\n<meta property=\"og:title\" content=\"Sujetador Selene Regina - Rosana CL\" \/>\n<meta property=\"og:description\" content=\"El sujetador Selene modelo Regina es de esos que elevan un conjunto sin esfuerzo: un bralette de encaje con una est\u00e9tica muy cuidada, pensado para que te veas favorecida y te sientas c\u00f3moda a la vez. Su dise\u00f1o sin aros aporta una sensaci\u00f3n m\u00e1s ligera en el d\u00eda a d\u00eda, manteniendo una sujeci\u00f3n estable y [&hellip;]\" \/>\n<meta property=\"og:url\" content=\"https:\/\/rosanacl.com\/pl\/produkt\/sujetador-modelo-regina\/\" \/>\n<meta property=\"og:site_name\" content=\"Rosana CL\" \/>\n<meta property=\"article:modified_time\" content=\"2026-01-07T19:28:57+00:00\" \/>\n<meta property=\"og:image\" content=\"https:\/\/rosanacl.com\/wp-content\/uploads\/2025\/04\/Sujetador-modelo-Regina-000001.webp\" \/>\n\t<meta property=\"og:image:width\" content=\"1000\" \/>\n\t<meta property=\"og:image:height\" content=\"1000\" \/>\n\t<meta property=\"og:image:type\" content=\"image\/webp\" \/>\n<meta name=\"twitter:card\" content=\"summary_large_image\" \/>\n<meta name=\"twitter:label1\" content=\"Szacowany czas czytania\" \/>\n\t<meta name=\"twitter:data1\" content=\"2 minuty\" \/>\n<script type=\"application\/ld+json\" class=\"yoast-schema-graph\">{\"@context\":\"https:\\\/\\\/schema.org\",\"@graph\":[{\"@type\":\"WebPage\",\"@id\":\"https:\\\/\\\/rosanacl.com\\\/producto\\\/sujetador-modelo-regina\\\/\",\"url\":\"https:\\\/\\\/rosanacl.com\\\/producto\\\/sujetador-modelo-regina\\\/\",\"name\":\"Sujetador Selene Regina - Rosana CL\",\"isPartOf\":{\"@id\":\"https:\\\/\\\/rosanacl.com\\\/ca\\\/#website\"},\"primaryImageOfPage\":{\"@id\":\"https:\\\/\\\/rosanacl.com\\\/producto\\\/sujetador-modelo-regina\\\/#primaryimage\"},\"image\":{\"@id\":\"https:\\\/\\\/rosanacl.com\\\/producto\\\/sujetador-modelo-regina\\\/#primaryimage\"},\"thumbnailUrl\":\"https:\\\/\\\/rosanacl.com\\\/wp-content\\\/uploads\\\/2025\\\/04\\\/Sujetador-modelo-Regina-000001.webp\",\"datePublished\":\"2025-04-29T23:02:17+00:00\",\"dateModified\":\"2026-01-07T19:28:57+00:00\",\"breadcrumb\":{\"@id\":\"https:\\\/\\\/rosanacl.com\\\/producto\\\/sujetador-modelo-regina\\\/#breadcrumb\"},\"inLanguage\":\"pl-PL\",\"potentialAction\":[{\"@type\":\"ReadAction\",\"target\":[\"https:\\\/\\\/rosanacl.com\\\/producto\\\/sujetador-modelo-regina\\\/\"]}]},{\"@type\":\"ImageObject\",\"inLanguage\":\"pl-PL\",\"@id\":\"https:\\\/\\\/rosanacl.com\\\/producto\\\/sujetador-modelo-regina\\\/#primaryimage\",\"url\":\"https:\\\/\\\/rosanacl.com\\\/wp-content\\\/uploads\\\/2025\\\/04\\\/Sujetador-modelo-Regina-000001.webp\",\"contentUrl\":\"https:\\\/\\\/rosanacl.com\\\/wp-content\\\/uploads\\\/2025\\\/04\\\/Sujetador-modelo-Regina-000001.webp\",\"width\":1000,\"height\":1000},{\"@type\":\"BreadcrumbList\",\"@id\":\"https:\\\/\\\/rosanacl.com\\\/producto\\\/sujetador-modelo-regina\\\/#breadcrumb\",\"itemListElement\":[{\"@type\":\"ListItem\",\"position\":1,\"name\":\"Portada\",\"item\":\"https:\\\/\\\/rosanacl.com\\\/ca\\\/\"},{\"@type\":\"ListItem\",\"position\":2,\"name\":\"Tienda\",\"item\":\"https:\\\/\\\/rosanacl.com\\\/ca\\\/tienda\\\/\"},{\"@type\":\"ListItem\",\"position\":3,\"name\":\"Sujetador Selene Regina\"}]},{\"@type\":\"WebSite\",\"@id\":\"https:\\\/\\\/rosanacl.com\\\/ca\\\/#website\",\"url\":\"https:\\\/\\\/rosanacl.com\\\/ca\\\/\",\"name\":\"Rosana CL\",\"description\":\"Somos tu interior\",\"potentialAction\":[{\"@type\":\"SearchAction\",\"target\":{\"@type\":\"EntryPoint\",\"urlTemplate\":\"https:\\\/\\\/rosanacl.com\\\/ca\\\/?s={search_term_string}\"},\"query-input\":{\"@type\":\"PropertyValueSpecification\",\"valueRequired\":true,\"valueName\":\"search_term_string\"}}],\"inLanguage\":\"pl-PL\"}]}<\/script>\n<!-- \/ Yoast SEO plugin. -->","yoast_head_json":{"title":"Sujetador Selene Regina - Rosana CL","robots":{"index":"index","follow":"follow","max-snippet":"max-snippet:-1","max-image-preview":"max-image-preview:large","max-video-preview":"max-video-preview:-1"},"canonical":"https:\/\/rosanacl.com\/pl\/produkt\/sujetador-modelo-regina\/","og_locale":"pl_PL","og_type":"article","og_title":"Sujetador Selene Regina - Rosana CL","og_description":"El sujetador Selene modelo Regina es de esos que elevan un conjunto sin esfuerzo: un bralette de encaje con una est\u00e9tica muy cuidada, pensado para que te veas favorecida y te sientas c\u00f3moda a la vez. Su dise\u00f1o sin aros aporta una sensaci\u00f3n m\u00e1s ligera en el d\u00eda a d\u00eda, manteniendo una sujeci\u00f3n estable y [&hellip;]","og_url":"https:\/\/rosanacl.com\/pl\/produkt\/sujetador-modelo-regina\/","og_site_name":"Rosana CL","article_modified_time":"2026-01-07T19:28:57+00:00","og_image":[{"width":1000,"height":1000,"url":"https:\/\/rosanacl.com\/wp-content\/uploads\/2025\/04\/Sujetador-modelo-Regina-000001.webp","type":"image\/webp"}],"twitter_card":"summary_large_image","twitter_misc":{"Szacowany czas czytania":"2 minuty"},"schema":{"@context":"https:\/\/schema.org","@graph":[{"@type":"WebPage","@id":"https:\/\/rosanacl.com\/producto\/sujetador-modelo-regina\/","url":"https:\/\/rosanacl.com\/producto\/sujetador-modelo-regina\/","name":"Sujetador Selene Regina - Rosana CL","isPartOf":{"@id":"https:\/\/rosanacl.com\/ca\/#website"},"primaryImageOfPage":{"@id":"https:\/\/rosanacl.com\/producto\/sujetador-modelo-regina\/#primaryimage"},"image":{"@id":"https:\/\/rosanacl.com\/producto\/sujetador-modelo-regina\/#primaryimage"},"thumbnailUrl":"https:\/\/rosanacl.com\/wp-content\/uploads\/2025\/04\/Sujetador-modelo-Regina-000001.webp","datePublished":"2025-04-29T23:02:17+00:00","dateModified":"2026-01-07T19:28:57+00:00","breadcrumb":{"@id":"https:\/\/rosanacl.com\/producto\/sujetador-modelo-regina\/#breadcrumb"},"inLanguage":"pl-PL","potentialAction":[{"@type":"ReadAction","target":["https:\/\/rosanacl.com\/producto\/sujetador-modelo-regina\/"]}]},{"@type":"ImageObject","inLanguage":"pl-PL","@id":"https:\/\/rosanacl.com\/producto\/sujetador-modelo-regina\/#primaryimage","url":"https:\/\/rosanacl.com\/wp-content\/uploads\/2025\/04\/Sujetador-modelo-Regina-000001.webp","contentUrl":"https:\/\/rosanacl.com\/wp-content\/uploads\/2025\/04\/Sujetador-modelo-Regina-000001.webp","width":1000,"height":1000},{"@type":"BreadcrumbList","@id":"https:\/\/rosanacl.com\/producto\/sujetador-modelo-regina\/#breadcrumb","itemListElement":[{"@type":"ListItem","position":1,"name":"Portada","item":"https:\/\/rosanacl.com\/ca\/"},{"@type":"ListItem","position":2,"name":"Tienda","item":"https:\/\/rosanacl.com\/ca\/tienda\/"},{"@type":"ListItem","position":3,"name":"Sujetador Selene Regina"}]},{"@type":"WebSite","@id":"https:\/\/rosanacl.com\/ca\/#website","url":"https:\/\/rosanacl.com\/ca\/","name":"Rosana CL","description":"Jeste\u015bmy Twoim wn\u0119trzem","potentialAction":[{"@type":"SearchAction","target":{"@type":"EntryPoint","urlTemplate":"https:\/\/rosanacl.com\/ca\/?s={search_term_string}"},"query-input":{"@type":"PropertyValueSpecification","valueRequired":true,"valueName":"search_term_string"}}],"inLanguage":"pl-PL"}]}},"_links":{"self":[{"href":"https:\/\/rosanacl.com\/pl\/wp-json\/wp\/v2\/product\/1198","targetHints":{"allow":["GET"]}}],"collection":[{"href":"https:\/\/rosanacl.com\/pl\/wp-json\/wp\/v2\/product"}],"about":[{"href":"https:\/\/rosanacl.com\/pl\/wp-json\/wp\/v2\/types\/product"}],"replies":[{"embeddable":true,"href":"https:\/\/rosanacl.com\/pl\/wp-json\/wp\/v2\/comments?post=1198"}],"version-history":[{"count":5,"href":"https:\/\/rosanacl.com\/pl\/wp-json\/wp\/v2\/product\/1198\/revisions"}],"predecessor-version":[{"id":4608,"href":"https:\/\/rosanacl.com\/pl\/wp-json\/wp\/v2\/product\/1198\/revisions\/4608"}],"wp:featuredmedia":[{"embeddable":true,"href":"https:\/\/rosanacl.com\/pl\/wp-json\/wp\/v2\/media\/1463"}],"wp:attachment":[{"href":"https:\/\/rosanacl.com\/pl\/wp-json\/wp\/v2\/media?parent=1198"}],"wp:term":[{"taxonomy":"product_brand","embeddable":true,"href":"https:\/\/rosanacl.com\/pl\/wp-json\/wp\/v2\/product_brand?post=1198"},{"taxonomy":"product_cat","embeddable":true,"href":"https:\/\/rosanacl.com\/pl\/wp-json\/wp\/v2\/product_cat?post=1198"},{"taxonomy":"product_tag","embeddable":true,"href":"https:\/\/rosanacl.com\/pl\/wp-json\/wp\/v2\/product_tag?post=1198"}],"curies":[{"name":"wp","href":"https:\/\/api.w.org\/{rel}","templated":true}]}}