{"id":1368,"date":"2025-04-30T01:15:16","date_gmt":"2025-04-29T23:15:16","guid":{"rendered":"https:\/\/rosanacl.com\/?post_type=product&#038;p=1368"},"modified":"2026-01-07T19:22:38","modified_gmt":"2026-01-07T18:22:38","slug":"braga-faja-selene-901-soft","status":"publish","type":"product","link":"https:\/\/rosanacl.com\/pl\/produkt\/braga-faja-selene-901-soft\/","title":{"rendered":"Selene 901 mi\u0119kkie majtki z pasem"},"content":{"rendered":"<p>Mi\u0119kkie figi modeluj\u0105ce Selene 901 to kwintesencja \u00abratunku\u00bb dla Twojej sylwetki, kt\u00f3ra natychmiast j\u0105 odmieni: wyg\u0142adzaj\u0105, podnosz\u0105 i modeluj\u0105 sylwetk\u0119, zapewniaj\u0105c jednocze\u015bnie delikatny i komfortowy efekt kontroli. Wysoki stan pomaga wyg\u0142adzi\u0107 obszar brzucha i stworzy\u0107 schludn\u0105 sylwetk\u0119, idealn\u0105 na co dzie\u0144 lub gdy chcesz wygl\u0105da\u0107 ol\u015bniewaj\u0105co w bardziej dopasowanych ubraniach.<\/p>\n<p>Co wi\u0119cej, zosta\u0142 zaprojektowany z my\u015bl\u0105 o dyskrecji: bezszwowy, z laserowo ci\u0119tym ty\u0142em, zapewnia bardzo eleganckie wyko\u0144czenie, dzi\u0119ki czemu nie odznacza si\u0119 pod sukienkami, sp\u00f3dnicami ani spodniami. To komfort, fason i dyskrecja w jednym.<\/p>\n<p>Najlepsz\u0105 rzecz\u0105 w mi\u0119kkich majtkach modeluj\u0105cych Selene 901 jest<\/p>\n<ul>\n<li>\u00abDelikatny\u00bb efekt modelowania: delikatna kontrola, kt\u00f3ra stylizuje bez nadmiernego \u015bciskania.<\/li>\n<li>Podwy\u017cszony stan: marszczy i modeluje sylwetk\u0119, nadaj\u0105c jej jednolity wygl\u0105d.<\/li>\n<li>Bezszwowe: g\u0142adkie i wygodne w dotyku, idealne do noszenia przez wiele godzin.<\/li>\n<li>Ty\u0142 ci\u0119ty laserowo: mniej \u015blad\u00f3w, bardziej niewidoczne wyko\u0144czenie.<\/li>\n<li>Doskonale sprawdza si\u0119 pod dopasowanymi ubraniami: \u015bwietnie wygl\u0105da pod obcis\u0142ymi ubraniami.<\/li>\n<\/ul>\n<p>\ud83d\udde3\ufe0f Wskaz\u00f3wka: Bielizna modeluj\u0105ca 901 Soft to idealny model, gdy chcesz uzyska\u0107 g\u0142adsz\u0105, bardziej r\u00f3wnomiern\u0105 sylwetk\u0119 bez uczucia ucisku. No\u015b j\u0105 szczeg\u00f3lnie z sukienkami, sp\u00f3dnicami lub dopasowanymi spodniami: wysoki pas podtrzymuje brzuch, a bezszwowe wyko\u0144czenie pomaga uzyska\u0107 schludny wygl\u0105d.<\/p>\n<p>\ud83d\udccf Uwaga: Przed zakupem zastan\u00f3w si\u0119, jaki poziom kontroli preferujesz: je\u015bli chcesz, aby bielizna by\u0142a wygodniejsza i l\u017cejsza, aby mo\u017cna j\u0105 by\u0142o nosi\u0107 przez wiele godzin, wybierz sw\u00f3j zwyk\u0142y rozmiar; je\u015bli wahasz si\u0119 pomi\u0119dzy dwoma rozmiarami i szukasz nieco cia\u015bniejszego efektu, mniejszy rozmiar zazwyczaj b\u0119dzie pasowa\u0142 lepiej (zawsze bez pozostawiania \u015blad\u00f3w i przeszkadzania).<\/p>\n<p>Sk\u0142ad: Poliamid 63%, Elastan 37%<\/p>\n<p>\ud83c\udf3a Tw\u00f3j plan B, aby poczu\u0107 si\u0119 10\/10 bez zastanowienia.<\/p>\n<div id=\"v1ms-outlook-mobile-body-separator-line\" dir=\"auto\"><\/div>","protected":false},"excerpt":{"rendered":"<p>La Braga faja Selene 901 soft es la t\u00edpica prenda \u00absalvavidas\u00bb que te pones y de repente todo queda m\u00e1s bonito: alisa, recoge y define con un efecto control suave que no agobia. Su dise\u00f1o de cintura alta ayuda a asentar la zona del abdomen y a dejar una silueta m\u00e1s limpia, perfecta para el [&hellip;]<\/p>\n","protected":false},"featured_media":1405,"comment_status":"open","ping_status":"closed","template":"","meta":{"content-type":""},"product_brand":[55],"product_cat":[19,31],"product_tag":[69,68,70],"class_list":{"0":"post-1368","1":"product","2":"type-product","3":"status-publish","4":"has-post-thumbnail","6":"product_brand-selene","7":"product_cat-braga","8":"product_cat-faja","9":"product_tag-braga","10":"product_tag-braga-faja","11":"product_tag-faja","13":"first","14":"instock","15":"taxable","16":"shipping-taxable","17":"purchasable","18":"product-type-variable"},"supplier_id":null,"supplier_sku":"","barcode":null,"atum_controlled":true,"out_stock_date":null,"out_stock_threshold":null,"inheritable":true,"inbound_stock":0,"stock_on_hold":0,"sold_today":0,"sales_last_days":0,"reserved_stock":0,"customer_returns":0,"warehouse_damage":0,"lost_in_post":0,"other_logs":0,"out_stock_days":0,"lost_sales":0,"has_location":false,"update_date":"2026-01-07T18:22:39","atum_locations":[],"atum_stock_status":"instock","restock_status":false,"low_stock_amount":"","sales_update_date":"2025-10-03T04:56:27","calc_backorders":null,"yoast_head":"<!-- This site is optimized with the Yoast SEO plugin v27.4 - https:\/\/yoast.com\/product\/yoast-seo-wordpress\/ -->\n<title>Braga faja Selene 901 soft - Rosana CL<\/title>\n<meta name=\"robots\" content=\"index, follow, max-snippet:-1, max-image-preview:large, max-video-preview:-1\" \/>\n<link rel=\"canonical\" href=\"https:\/\/rosanacl.com\/pl\/produkt\/braga-faja-selene-901-soft\/\" \/>\n<meta property=\"og:locale\" content=\"pl_PL\" \/>\n<meta property=\"og:type\" content=\"article\" \/>\n<meta property=\"og:title\" content=\"Braga faja Selene 901 soft - Rosana CL\" \/>\n<meta property=\"og:description\" content=\"La Braga faja Selene 901 soft es la t\u00edpica prenda \u00absalvavidas\u00bb que te pones y de repente todo queda m\u00e1s bonito: alisa, recoge y define con un efecto control suave que no agobia. Su dise\u00f1o de cintura alta ayuda a asentar la zona del abdomen y a dejar una silueta m\u00e1s limpia, perfecta para el [&hellip;]\" \/>\n<meta property=\"og:url\" content=\"https:\/\/rosanacl.com\/pl\/produkt\/braga-faja-selene-901-soft\/\" \/>\n<meta property=\"og:site_name\" content=\"Rosana CL\" \/>\n<meta property=\"article:modified_time\" content=\"2026-01-07T18:22:38+00:00\" \/>\n<meta property=\"og:image\" content=\"https:\/\/rosanacl.com\/wp-content\/uploads\/2025\/04\/Braga-faja-Selene-modelo-901-soft_00001.webp\" \/>\n\t<meta property=\"og:image:width\" content=\"1000\" \/>\n\t<meta property=\"og:image:height\" content=\"1000\" \/>\n\t<meta property=\"og:image:type\" content=\"image\/webp\" \/>\n<meta name=\"twitter:card\" content=\"summary_large_image\" \/>\n<meta name=\"twitter:label1\" content=\"Szacowany czas czytania\" \/>\n\t<meta name=\"twitter:data1\" content=\"2 minuty\" \/>\n<script type=\"application\/ld+json\" class=\"yoast-schema-graph\">{\"@context\":\"https:\\\/\\\/schema.org\",\"@graph\":[{\"@type\":\"WebPage\",\"@id\":\"https:\\\/\\\/rosanacl.com\\\/producto\\\/braga-faja-selene-901-soft\\\/\",\"url\":\"https:\\\/\\\/rosanacl.com\\\/producto\\\/braga-faja-selene-901-soft\\\/\",\"name\":\"Braga faja Selene 901 soft - Rosana CL\",\"isPartOf\":{\"@id\":\"https:\\\/\\\/rosanacl.com\\\/ca\\\/#website\"},\"primaryImageOfPage\":{\"@id\":\"https:\\\/\\\/rosanacl.com\\\/producto\\\/braga-faja-selene-901-soft\\\/#primaryimage\"},\"image\":{\"@id\":\"https:\\\/\\\/rosanacl.com\\\/producto\\\/braga-faja-selene-901-soft\\\/#primaryimage\"},\"thumbnailUrl\":\"https:\\\/\\\/rosanacl.com\\\/wp-content\\\/uploads\\\/2025\\\/04\\\/Braga-faja-Selene-modelo-901-soft_00001.webp\",\"datePublished\":\"2025-04-29T23:15:16+00:00\",\"dateModified\":\"2026-01-07T18:22:38+00:00\",\"breadcrumb\":{\"@id\":\"https:\\\/\\\/rosanacl.com\\\/producto\\\/braga-faja-selene-901-soft\\\/#breadcrumb\"},\"inLanguage\":\"pl-PL\",\"potentialAction\":[{\"@type\":\"ReadAction\",\"target\":[\"https:\\\/\\\/rosanacl.com\\\/producto\\\/braga-faja-selene-901-soft\\\/\"]}]},{\"@type\":\"ImageObject\",\"inLanguage\":\"pl-PL\",\"@id\":\"https:\\\/\\\/rosanacl.com\\\/producto\\\/braga-faja-selene-901-soft\\\/#primaryimage\",\"url\":\"https:\\\/\\\/rosanacl.com\\\/wp-content\\\/uploads\\\/2025\\\/04\\\/Braga-faja-Selene-modelo-901-soft_00001.webp\",\"contentUrl\":\"https:\\\/\\\/rosanacl.com\\\/wp-content\\\/uploads\\\/2025\\\/04\\\/Braga-faja-Selene-modelo-901-soft_00001.webp\",\"width\":1000,\"height\":1000},{\"@type\":\"BreadcrumbList\",\"@id\":\"https:\\\/\\\/rosanacl.com\\\/producto\\\/braga-faja-selene-901-soft\\\/#breadcrumb\",\"itemListElement\":[{\"@type\":\"ListItem\",\"position\":1,\"name\":\"Portada\",\"item\":\"https:\\\/\\\/rosanacl.com\\\/ca\\\/\"},{\"@type\":\"ListItem\",\"position\":2,\"name\":\"Tienda\",\"item\":\"https:\\\/\\\/rosanacl.com\\\/ca\\\/tienda\\\/\"},{\"@type\":\"ListItem\",\"position\":3,\"name\":\"Braga faja Selene 901 soft\"}]},{\"@type\":\"WebSite\",\"@id\":\"https:\\\/\\\/rosanacl.com\\\/ca\\\/#website\",\"url\":\"https:\\\/\\\/rosanacl.com\\\/ca\\\/\",\"name\":\"Rosana CL\",\"description\":\"Somos tu interior\",\"potentialAction\":[{\"@type\":\"SearchAction\",\"target\":{\"@type\":\"EntryPoint\",\"urlTemplate\":\"https:\\\/\\\/rosanacl.com\\\/ca\\\/?s={search_term_string}\"},\"query-input\":{\"@type\":\"PropertyValueSpecification\",\"valueRequired\":true,\"valueName\":\"search_term_string\"}}],\"inLanguage\":\"pl-PL\"}]}<\/script>\n<!-- \/ Yoast SEO plugin. -->","yoast_head_json":{"title":"Braga faja Selene 901 soft - Rosana CL","robots":{"index":"index","follow":"follow","max-snippet":"max-snippet:-1","max-image-preview":"max-image-preview:large","max-video-preview":"max-video-preview:-1"},"canonical":"https:\/\/rosanacl.com\/pl\/produkt\/braga-faja-selene-901-soft\/","og_locale":"pl_PL","og_type":"article","og_title":"Braga faja Selene 901 soft - Rosana CL","og_description":"La Braga faja Selene 901 soft es la t\u00edpica prenda \u00absalvavidas\u00bb que te pones y de repente todo queda m\u00e1s bonito: alisa, recoge y define con un efecto control suave que no agobia. Su dise\u00f1o de cintura alta ayuda a asentar la zona del abdomen y a dejar una silueta m\u00e1s limpia, perfecta para el [&hellip;]","og_url":"https:\/\/rosanacl.com\/pl\/produkt\/braga-faja-selene-901-soft\/","og_site_name":"Rosana CL","article_modified_time":"2026-01-07T18:22:38+00:00","og_image":[{"width":1000,"height":1000,"url":"https:\/\/rosanacl.com\/wp-content\/uploads\/2025\/04\/Braga-faja-Selene-modelo-901-soft_00001.webp","type":"image\/webp"}],"twitter_card":"summary_large_image","twitter_misc":{"Szacowany czas czytania":"2 minuty"},"schema":{"@context":"https:\/\/schema.org","@graph":[{"@type":"WebPage","@id":"https:\/\/rosanacl.com\/producto\/braga-faja-selene-901-soft\/","url":"https:\/\/rosanacl.com\/producto\/braga-faja-selene-901-soft\/","name":"Braga faja Selene 901 soft - Rosana CL","isPartOf":{"@id":"https:\/\/rosanacl.com\/ca\/#website"},"primaryImageOfPage":{"@id":"https:\/\/rosanacl.com\/producto\/braga-faja-selene-901-soft\/#primaryimage"},"image":{"@id":"https:\/\/rosanacl.com\/producto\/braga-faja-selene-901-soft\/#primaryimage"},"thumbnailUrl":"https:\/\/rosanacl.com\/wp-content\/uploads\/2025\/04\/Braga-faja-Selene-modelo-901-soft_00001.webp","datePublished":"2025-04-29T23:15:16+00:00","dateModified":"2026-01-07T18:22:38+00:00","breadcrumb":{"@id":"https:\/\/rosanacl.com\/producto\/braga-faja-selene-901-soft\/#breadcrumb"},"inLanguage":"pl-PL","potentialAction":[{"@type":"ReadAction","target":["https:\/\/rosanacl.com\/producto\/braga-faja-selene-901-soft\/"]}]},{"@type":"ImageObject","inLanguage":"pl-PL","@id":"https:\/\/rosanacl.com\/producto\/braga-faja-selene-901-soft\/#primaryimage","url":"https:\/\/rosanacl.com\/wp-content\/uploads\/2025\/04\/Braga-faja-Selene-modelo-901-soft_00001.webp","contentUrl":"https:\/\/rosanacl.com\/wp-content\/uploads\/2025\/04\/Braga-faja-Selene-modelo-901-soft_00001.webp","width":1000,"height":1000},{"@type":"BreadcrumbList","@id":"https:\/\/rosanacl.com\/producto\/braga-faja-selene-901-soft\/#breadcrumb","itemListElement":[{"@type":"ListItem","position":1,"name":"Portada","item":"https:\/\/rosanacl.com\/ca\/"},{"@type":"ListItem","position":2,"name":"Tienda","item":"https:\/\/rosanacl.com\/ca\/tienda\/"},{"@type":"ListItem","position":3,"name":"Braga faja Selene 901 soft"}]},{"@type":"WebSite","@id":"https:\/\/rosanacl.com\/ca\/#website","url":"https:\/\/rosanacl.com\/ca\/","name":"Rosana CL","description":"Jeste\u015bmy Twoim wn\u0119trzem","potentialAction":[{"@type":"SearchAction","target":{"@type":"EntryPoint","urlTemplate":"https:\/\/rosanacl.com\/ca\/?s={search_term_string}"},"query-input":{"@type":"PropertyValueSpecification","valueRequired":true,"valueName":"search_term_string"}}],"inLanguage":"pl-PL"}]}},"_links":{"self":[{"href":"https:\/\/rosanacl.com\/pl\/wp-json\/wp\/v2\/product\/1368","targetHints":{"allow":["GET"]}}],"collection":[{"href":"https:\/\/rosanacl.com\/pl\/wp-json\/wp\/v2\/product"}],"about":[{"href":"https:\/\/rosanacl.com\/pl\/wp-json\/wp\/v2\/types\/product"}],"replies":[{"embeddable":true,"href":"https:\/\/rosanacl.com\/pl\/wp-json\/wp\/v2\/comments?post=1368"}],"version-history":[{"count":5,"href":"https:\/\/rosanacl.com\/pl\/wp-json\/wp\/v2\/product\/1368\/revisions"}],"predecessor-version":[{"id":4603,"href":"https:\/\/rosanacl.com\/pl\/wp-json\/wp\/v2\/product\/1368\/revisions\/4603"}],"wp:featuredmedia":[{"embeddable":true,"href":"https:\/\/rosanacl.com\/pl\/wp-json\/wp\/v2\/media\/1405"}],"wp:attachment":[{"href":"https:\/\/rosanacl.com\/pl\/wp-json\/wp\/v2\/media?parent=1368"}],"wp:term":[{"taxonomy":"product_brand","embeddable":true,"href":"https:\/\/rosanacl.com\/pl\/wp-json\/wp\/v2\/product_brand?post=1368"},{"taxonomy":"product_cat","embeddable":true,"href":"https:\/\/rosanacl.com\/pl\/wp-json\/wp\/v2\/product_cat?post=1368"},{"taxonomy":"product_tag","embeddable":true,"href":"https:\/\/rosanacl.com\/pl\/wp-json\/wp\/v2\/product_tag?post=1368"}],"curies":[{"name":"wp","href":"https:\/\/api.w.org\/{rel}","templated":true}]}}