{"id":2083,"date":"2025-05-23T10:10:33","date_gmt":"2025-05-23T08:10:33","guid":{"rendered":"https:\/\/rosanacl.com\/?post_type=product&#038;p=2083"},"modified":"2026-01-07T19:02:39","modified_gmt":"2026-01-07T18:02:39","slug":"sujetador-selene-modelo-mercedes","status":"publish","type":"product","link":"https:\/\/rosanacl.com\/pl\/produkt\/sujetador-selene-modelo-mercedes\/","title":{"rendered":"Selene Mercedes Bra"},"content":{"rendered":"<p>Mercedes to biustonosz bez rami\u0105czek, kt\u00f3ry ratuje ka\u017cd\u0105 stylizacj\u0119: bez rami\u0105czek, z fiszbinami i usztywniany, dzi\u0119ki czemu Tw\u00f3j biust wygl\u0105da na zaokr\u0105glony, wy\u015brodkowany i pi\u0119kny, bez konieczno\u015bci poprawiania go co dwie minuty. Idealny, je\u015bli szukasz schludnego wyko\u0144czenia pod ubraniem i dekoltu, kt\u00f3ry od pierwszej chwili wygl\u0105da elegancko (i korzystnie).<\/p>\n<p>Mikrofibra jest mi\u0119kka i wytrzyma\u0142a, dzi\u0119ki czemu biustonosz jest wygodny i dyskretny, nawet pod dopasowanymi ubraniami. A je\u015bli potrzebujesz dodatkowego wsparcia lub zabezpieczenia, model posiada zestaw materia\u0142owych rami\u0105czek, dzi\u0119ki czemu mo\u017cesz go nosi\u0107 tak, jak lubisz (w zale\u017cno\u015bci od stroju i okazji).<\/p>\n<p>Najwa\u017cniejsze szczeg\u00f3\u0142y (co jest naprawd\u0119 wa\u017cne)<\/p>\n<ul>\n<li>Miseczka B z fiszbinami i usztywnieniem: podkre\u015bla i definiuje dekolt, nadaj\u0105c mu naturalny kszta\u0142t.<\/li>\n<li>Styl bez rami\u0105czek: idealny do sukienek, top\u00f3w i stylizacji z odkrytymi ramionami.<\/li>\n<li>Zawiera materia\u0142owe rami\u0105czka: ca\u0142kowita wszechstronno\u015b\u0107 w jednym biustonoszu.<\/li>\n<li>Mi\u0119kka i wytrzyma\u0142a mikrofibra: przyjemna w dotyku + dobrze dopasowuj\u0105ca si\u0119 do cia\u0142a.<\/li>\n<\/ul>\n<p>\ud83d\udde3\ufe0f Wskaz\u00f3wka: biustonosz Mercedes jest tak wykonany, \u017ce nie trzeba go poprawia\u0107: jest stabilny, dopasowuje si\u0119 do sylwetki, a biust pozostaje wy\u015brodkowany i zaokr\u0105glony, co daje \u00abczysty\u00bb efekt, kt\u00f3ry pi\u0119knie wygl\u0105da pod sukienkami i bluzkami bez rami\u0105czek.<\/p>\n<p>\ud83d\udccf Uwaga: Przed zakupem, w przypadku biustonosza bez rami\u0105czek, kluczowy jest rozmiar obwodu: musi on \u015bci\u015ble przylega\u0107 od pierwszej regulacji, aby si\u0119 nie przesuwa\u0142. Je\u015bli nie jeste\u015b pewna, kt\u00f3ry rozmiar obwodu jest lepszy, ten cia\u015bniejszy zazwyczaj jest lepszy. A je\u015bli chodzi o rozmiar miseczki, wybierz taki, kt\u00f3ry zapewnia dobre podtrzymanie biustu (bez wcinania si\u0119 u g\u00f3ry), aby dekolt wygl\u0105da\u0142 naturalnie i pi\u0119knie.<\/p>\n<p>Sk\u0142ad: poliester 44% \u00b7 poliamid 48% \u00b7 elastan 8%.<\/p>\n<p>\ud83d\udc83 Twoje s\u0142owo honoru\u2026 z prawdziwym wsparciem.<\/p>","protected":false},"excerpt":{"rendered":"<p>El Mercedes es ese sujetador \u00abpalabra de honor\u00bb que te salva cualquier look: sin tirantes, con aros y relleno, para que el pecho quede redondeado, centrado y bonito sin necesidad de estar recoloc\u00e1ndolo cada dos minutos. Ideal si buscas un acabado limpio bajo la ropa y un escote que se vea elegante (y favorecedor) desde [&hellip;]<\/p>\n","protected":false},"featured_media":2151,"comment_status":"open","ping_status":"closed","template":"","meta":{"content-type":""},"product_brand":[55],"product_cat":[82,20],"product_tag":[56],"class_list":{"0":"post-2083","1":"product","2":"type-product","3":"status-publish","4":"has-post-thumbnail","6":"product_brand-selene","7":"product_cat-sin-tirantes","8":"product_cat-sujetador","9":"product_tag-sujetador","11":"first","12":"instock","13":"taxable","14":"shipping-taxable","15":"purchasable","16":"product-type-variable"},"supplier_id":null,"supplier_sku":"","barcode":null,"atum_controlled":true,"out_stock_date":null,"out_stock_threshold":null,"inheritable":true,"inbound_stock":0,"stock_on_hold":0,"sold_today":0,"sales_last_days":0,"reserved_stock":0,"customer_returns":0,"warehouse_damage":0,"lost_in_post":0,"other_logs":0,"out_stock_days":0,"lost_sales":0,"has_location":false,"update_date":"2026-01-07T18:02:40","atum_locations":[],"atum_stock_status":"instock","restock_status":false,"low_stock_amount":"","sales_update_date":"2025-10-03T04:55:37","calc_backorders":null,"yoast_head":"<!-- This site is optimized with the Yoast SEO plugin v27.4 - https:\/\/yoast.com\/product\/yoast-seo-wordpress\/ -->\n<title>Sujetador Selene Mercedes - Rosana CL<\/title>\n<meta name=\"robots\" content=\"index, follow, max-snippet:-1, max-image-preview:large, max-video-preview:-1\" \/>\n<link rel=\"canonical\" href=\"https:\/\/rosanacl.com\/pl\/produkt\/sujetador-selene-modelo-mercedes\/\" \/>\n<meta property=\"og:locale\" content=\"pl_PL\" \/>\n<meta property=\"og:type\" content=\"article\" \/>\n<meta property=\"og:title\" content=\"Sujetador Selene Mercedes - Rosana CL\" \/>\n<meta property=\"og:description\" content=\"El Mercedes es ese sujetador \u00abpalabra de honor\u00bb que te salva cualquier look: sin tirantes, con aros y relleno, para que el pecho quede redondeado, centrado y bonito sin necesidad de estar recoloc\u00e1ndolo cada dos minutos. Ideal si buscas un acabado limpio bajo la ropa y un escote que se vea elegante (y favorecedor) desde [&hellip;]\" \/>\n<meta property=\"og:url\" content=\"https:\/\/rosanacl.com\/pl\/produkt\/sujetador-selene-modelo-mercedes\/\" \/>\n<meta property=\"og:site_name\" content=\"Rosana CL\" \/>\n<meta property=\"article:modified_time\" content=\"2026-01-07T18:02:39+00:00\" \/>\n<meta property=\"og:image\" content=\"https:\/\/rosanacl.com\/wp-content\/uploads\/2025\/05\/1-2.png\" \/>\n\t<meta property=\"og:image:width\" content=\"1046\" \/>\n\t<meta property=\"og:image:height\" content=\"1333\" \/>\n\t<meta property=\"og:image:type\" content=\"image\/png\" \/>\n<meta name=\"twitter:card\" content=\"summary_large_image\" \/>\n<meta name=\"twitter:label1\" content=\"Szacowany czas czytania\" \/>\n\t<meta name=\"twitter:data1\" content=\"2 minuty\" \/>\n<script type=\"application\/ld+json\" class=\"yoast-schema-graph\">{\"@context\":\"https:\\\/\\\/schema.org\",\"@graph\":[{\"@type\":\"WebPage\",\"@id\":\"https:\\\/\\\/rosanacl.com\\\/producto\\\/sujetador-selene-modelo-mercedes\\\/\",\"url\":\"https:\\\/\\\/rosanacl.com\\\/producto\\\/sujetador-selene-modelo-mercedes\\\/\",\"name\":\"Sujetador Selene Mercedes - Rosana CL\",\"isPartOf\":{\"@id\":\"https:\\\/\\\/rosanacl.com\\\/ca\\\/#website\"},\"primaryImageOfPage\":{\"@id\":\"https:\\\/\\\/rosanacl.com\\\/producto\\\/sujetador-selene-modelo-mercedes\\\/#primaryimage\"},\"image\":{\"@id\":\"https:\\\/\\\/rosanacl.com\\\/producto\\\/sujetador-selene-modelo-mercedes\\\/#primaryimage\"},\"thumbnailUrl\":\"https:\\\/\\\/rosanacl.com\\\/wp-content\\\/uploads\\\/2025\\\/05\\\/1-2.png\",\"datePublished\":\"2025-05-23T08:10:33+00:00\",\"dateModified\":\"2026-01-07T18:02:39+00:00\",\"breadcrumb\":{\"@id\":\"https:\\\/\\\/rosanacl.com\\\/producto\\\/sujetador-selene-modelo-mercedes\\\/#breadcrumb\"},\"inLanguage\":\"pl-PL\",\"potentialAction\":[{\"@type\":\"ReadAction\",\"target\":[\"https:\\\/\\\/rosanacl.com\\\/producto\\\/sujetador-selene-modelo-mercedes\\\/\"]}]},{\"@type\":\"ImageObject\",\"inLanguage\":\"pl-PL\",\"@id\":\"https:\\\/\\\/rosanacl.com\\\/producto\\\/sujetador-selene-modelo-mercedes\\\/#primaryimage\",\"url\":\"https:\\\/\\\/rosanacl.com\\\/wp-content\\\/uploads\\\/2025\\\/05\\\/1-2.png\",\"contentUrl\":\"https:\\\/\\\/rosanacl.com\\\/wp-content\\\/uploads\\\/2025\\\/05\\\/1-2.png\",\"width\":1046,\"height\":1333},{\"@type\":\"BreadcrumbList\",\"@id\":\"https:\\\/\\\/rosanacl.com\\\/producto\\\/sujetador-selene-modelo-mercedes\\\/#breadcrumb\",\"itemListElement\":[{\"@type\":\"ListItem\",\"position\":1,\"name\":\"Portada\",\"item\":\"https:\\\/\\\/rosanacl.com\\\/ca\\\/\"},{\"@type\":\"ListItem\",\"position\":2,\"name\":\"Tienda\",\"item\":\"https:\\\/\\\/rosanacl.com\\\/ca\\\/tienda\\\/\"},{\"@type\":\"ListItem\",\"position\":3,\"name\":\"Sujetador Selene Mercedes\"}]},{\"@type\":\"WebSite\",\"@id\":\"https:\\\/\\\/rosanacl.com\\\/ca\\\/#website\",\"url\":\"https:\\\/\\\/rosanacl.com\\\/ca\\\/\",\"name\":\"Rosana CL\",\"description\":\"Somos tu interior\",\"potentialAction\":[{\"@type\":\"SearchAction\",\"target\":{\"@type\":\"EntryPoint\",\"urlTemplate\":\"https:\\\/\\\/rosanacl.com\\\/ca\\\/?s={search_term_string}\"},\"query-input\":{\"@type\":\"PropertyValueSpecification\",\"valueRequired\":true,\"valueName\":\"search_term_string\"}}],\"inLanguage\":\"pl-PL\"}]}<\/script>\n<!-- \/ Yoast SEO plugin. -->","yoast_head_json":{"title":"Sujetador Selene Mercedes - Rosana CL","robots":{"index":"index","follow":"follow","max-snippet":"max-snippet:-1","max-image-preview":"max-image-preview:large","max-video-preview":"max-video-preview:-1"},"canonical":"https:\/\/rosanacl.com\/pl\/produkt\/sujetador-selene-modelo-mercedes\/","og_locale":"pl_PL","og_type":"article","og_title":"Sujetador Selene Mercedes - Rosana CL","og_description":"El Mercedes es ese sujetador \u00abpalabra de honor\u00bb que te salva cualquier look: sin tirantes, con aros y relleno, para que el pecho quede redondeado, centrado y bonito sin necesidad de estar recoloc\u00e1ndolo cada dos minutos. Ideal si buscas un acabado limpio bajo la ropa y un escote que se vea elegante (y favorecedor) desde [&hellip;]","og_url":"https:\/\/rosanacl.com\/pl\/produkt\/sujetador-selene-modelo-mercedes\/","og_site_name":"Rosana CL","article_modified_time":"2026-01-07T18:02:39+00:00","og_image":[{"width":1046,"height":1333,"url":"https:\/\/rosanacl.com\/wp-content\/uploads\/2025\/05\/1-2.png","type":"image\/png"}],"twitter_card":"summary_large_image","twitter_misc":{"Szacowany czas czytania":"2 minuty"},"schema":{"@context":"https:\/\/schema.org","@graph":[{"@type":"WebPage","@id":"https:\/\/rosanacl.com\/producto\/sujetador-selene-modelo-mercedes\/","url":"https:\/\/rosanacl.com\/producto\/sujetador-selene-modelo-mercedes\/","name":"Sujetador Selene Mercedes - Rosana CL","isPartOf":{"@id":"https:\/\/rosanacl.com\/ca\/#website"},"primaryImageOfPage":{"@id":"https:\/\/rosanacl.com\/producto\/sujetador-selene-modelo-mercedes\/#primaryimage"},"image":{"@id":"https:\/\/rosanacl.com\/producto\/sujetador-selene-modelo-mercedes\/#primaryimage"},"thumbnailUrl":"https:\/\/rosanacl.com\/wp-content\/uploads\/2025\/05\/1-2.png","datePublished":"2025-05-23T08:10:33+00:00","dateModified":"2026-01-07T18:02:39+00:00","breadcrumb":{"@id":"https:\/\/rosanacl.com\/producto\/sujetador-selene-modelo-mercedes\/#breadcrumb"},"inLanguage":"pl-PL","potentialAction":[{"@type":"ReadAction","target":["https:\/\/rosanacl.com\/producto\/sujetador-selene-modelo-mercedes\/"]}]},{"@type":"ImageObject","inLanguage":"pl-PL","@id":"https:\/\/rosanacl.com\/producto\/sujetador-selene-modelo-mercedes\/#primaryimage","url":"https:\/\/rosanacl.com\/wp-content\/uploads\/2025\/05\/1-2.png","contentUrl":"https:\/\/rosanacl.com\/wp-content\/uploads\/2025\/05\/1-2.png","width":1046,"height":1333},{"@type":"BreadcrumbList","@id":"https:\/\/rosanacl.com\/producto\/sujetador-selene-modelo-mercedes\/#breadcrumb","itemListElement":[{"@type":"ListItem","position":1,"name":"Portada","item":"https:\/\/rosanacl.com\/ca\/"},{"@type":"ListItem","position":2,"name":"Tienda","item":"https:\/\/rosanacl.com\/ca\/tienda\/"},{"@type":"ListItem","position":3,"name":"Sujetador Selene Mercedes"}]},{"@type":"WebSite","@id":"https:\/\/rosanacl.com\/ca\/#website","url":"https:\/\/rosanacl.com\/ca\/","name":"Rosana CL","description":"Jeste\u015bmy Twoim wn\u0119trzem","potentialAction":[{"@type":"SearchAction","target":{"@type":"EntryPoint","urlTemplate":"https:\/\/rosanacl.com\/ca\/?s={search_term_string}"},"query-input":{"@type":"PropertyValueSpecification","valueRequired":true,"valueName":"search_term_string"}}],"inLanguage":"pl-PL"}]}},"_links":{"self":[{"href":"https:\/\/rosanacl.com\/pl\/wp-json\/wp\/v2\/product\/2083","targetHints":{"allow":["GET"]}}],"collection":[{"href":"https:\/\/rosanacl.com\/pl\/wp-json\/wp\/v2\/product"}],"about":[{"href":"https:\/\/rosanacl.com\/pl\/wp-json\/wp\/v2\/types\/product"}],"replies":[{"embeddable":true,"href":"https:\/\/rosanacl.com\/pl\/wp-json\/wp\/v2\/comments?post=2083"}],"version-history":[{"count":5,"href":"https:\/\/rosanacl.com\/pl\/wp-json\/wp\/v2\/product\/2083\/revisions"}],"predecessor-version":[{"id":4599,"href":"https:\/\/rosanacl.com\/pl\/wp-json\/wp\/v2\/product\/2083\/revisions\/4599"}],"wp:featuredmedia":[{"embeddable":true,"href":"https:\/\/rosanacl.com\/pl\/wp-json\/wp\/v2\/media\/2151"}],"wp:attachment":[{"href":"https:\/\/rosanacl.com\/pl\/wp-json\/wp\/v2\/media?parent=2083"}],"wp:term":[{"taxonomy":"product_brand","embeddable":true,"href":"https:\/\/rosanacl.com\/pl\/wp-json\/wp\/v2\/product_brand?post=2083"},{"taxonomy":"product_cat","embeddable":true,"href":"https:\/\/rosanacl.com\/pl\/wp-json\/wp\/v2\/product_cat?post=2083"},{"taxonomy":"product_tag","embeddable":true,"href":"https:\/\/rosanacl.com\/pl\/wp-json\/wp\/v2\/product_tag?post=2083"}],"curies":[{"name":"wp","href":"https:\/\/api.w.org\/{rel}","templated":true}]}}