{"id":211,"date":"2025-04-29T12:22:28","date_gmt":"2025-04-29T10:22:28","guid":{"rendered":"https:\/\/rosanacl.com\/?post_type=product&#038;p=211"},"modified":"2026-01-08T03:42:43","modified_gmt":"2026-01-08T02:42:43","slug":"sujetador-modelo-teresa","status":"publish","type":"product","link":"https:\/\/rosanacl.com\/pl\/produkt\/sujetador-modelo-teresa\/","title":{"rendered":"Selene Teresa Bra"},"content":{"rendered":"<p>S\u0105 ubrania, kt\u00f3re nie tylko \u00abtowarzysz\u0105\u00bb: one definiuj\u0105. Biustonosz Teresa zosta\u0142 stworzony, gdy zale\u017cy Ci na czystej, eleganckiej i pewnej siebie sylwetce, z wyko\u0144czeniem, kt\u00f3re b\u0119dzie widoczne w lustrze, nawet je\u015bli nikt inny go nie zobaczy.<\/p>\n<p>Fiszbiny i formowane miseczki zapewniaj\u0105 naturalne uniesienie, precyzyjne podparcie i nieskazitelny kszta\u0142t przez wiele godzin. Rezultatem jest stabilne, atrakcyjne i niezwykle wygodne dopasowanie, idealne dla kobiet poszukuj\u0105cych mocnego podparcia bez rezygnowania ze stylu. Wyj\u0105tkowy detal stanowi \u017cakardowy\/nadrukowany materia\u0142, kt\u00f3ry dodaje faktury i atrakcyjno\u015bci wizualnej, nie b\u0119d\u0105c przy tym zbyt widocznym.<\/p>\n<p>To fason stworzony do noszenia na co dzie\u0144, a tak\u017ce na wieczorne wyj\u015bcia, kiedy chcesz czu\u0107 si\u0119 r\u00f3wnie stylowo pod spodem, co na zewn\u0105trz. Po\u0142\u0105cz go z majtkami Selene 3123, aby stworzy\u0107 kompletny zestaw: elegancki, kobiecy i wygodny w noszeniu.<\/p>\n<p>Szczeg\u00f3\u0142y premium<\/p>\n<ul>\n<li>Zintegrowane obr\u0119cze, kt\u00f3re zbieraj\u0105 si\u0119 i unosz\u0105, nadaj\u0105c naturalny kszta\u0142t.<\/li>\n<li>Uformowane miseczki zapewniaj\u0105 bardziej wyrazisty i jednolity wygl\u0105d biustu pod ubraniem.<\/li>\n<li>Elegancki \u017cakard, kt\u00f3ry zapewnia bardziej \u00abklejnot\u00bb ni\u017c \u00abpodstawowe\u00bb wyko\u0144czenie\u00bb<\/li>\n<li>Stabilne paski zapewniaj\u0105ce wsparcie bez konieczno\u015bci ci\u0105g\u0142ej regulacji.<\/li>\n<li>Idealny komplet z pasuj\u0105cymi majtkami Selene 3123.<\/li>\n<\/ul>\n<p>\ud83d\udde3\ufe0fWskaz\u00f3wka: Teresa to biustonosz, kt\u00f3ry sprawdzi si\u0119, gdy chcesz mie\u0107 biustonosz, o kt\u00f3rym \u00abzapominasz\u00bb, ale kt\u00f3ry i tak dostrzegasz w lustrze: podtrzymuje piersi, zapewnia czyste linie i poczucie porz\u0105dku. Aby uzyska\u0107 takie wra\u017cenie, zak\u0142adaj\u0105c go, zadbaj o to, aby by\u0142 mi\u0119kki w dotyku, wy\u015brodkowany i zapewnia\u0142 elegancki komfort (bez wbijania si\u0119 w sk\u00f3r\u0119 i niewygodnego ucisku), jakby wszystko by\u0142o naturalnie na swoim miejscu.<\/p>\n<p>\ud83d\udccfUwaga: Przed wyborem rozmiaru wykonaj dwa szybkie pomiary centymetrem krawieckim: obw\u00f3d pod biustem i biust. Je\u015bli wahasz si\u0119 pomi\u0119dzy rozmiarami, wybierz pas, kt\u00f3ry b\u0119dzie dobrze podtrzymywa\u0142 biust, ale nie b\u0119dzie zbyt ciasny, i odpowiednio dopasuj miseczk\u0119, aby biust by\u0142 wy\u015brodkowany i wygl\u0105da\u0142 naturalnie.<\/p>\n<p>Sk\u0142ad: poliamid 56%, bawe\u0142na 32%, elastan 12%.<\/p>\n<p>\ud83d\udc84 Str\u00f3j, kt\u00f3ry wydaje si\u0119 drogi\u2026 nawet je\u015bli tego nie m\u00f3wisz.<\/p>","protected":false},"excerpt":{"rendered":"<p>Hay prendas que no \u00abacompa\u00f1an\u00bb: definen. El sujetador Teresa est\u00e1 hecho para cuando quieres una silueta limpia, elegante y segura, con ese acabado que se nota en el espejo aunque nadie lo vea. Aros + copa preformada para realzar con naturalidad, recoger con precisi\u00f3n y mantener la forma impecable durante horas. El resultado es un [&hellip;]<\/p>\n","protected":false},"featured_media":1472,"comment_status":"open","ping_status":"closed","template":"","meta":{"content-type":""},"product_brand":[55],"product_cat":[80,24,20,106],"product_tag":[57,56],"class_list":{"0":"post-211","1":"product","2":"type-product","3":"status-publish","4":"has-post-thumbnail","6":"product_brand-selene","7":"product_cat-con-aros-sin-relleno","8":"product_cat-sin-relleno","9":"product_cat-sujetador","10":"product_cat-teresa","11":"product_tag-sin-relleno","12":"product_tag-sujetador","14":"first","15":"instock","16":"taxable","17":"shipping-taxable","18":"purchasable","19":"product-type-variable"},"supplier_id":null,"supplier_sku":"","barcode":null,"atum_controlled":true,"out_stock_date":null,"out_stock_threshold":null,"inheritable":true,"inbound_stock":0,"stock_on_hold":0,"sold_today":0,"sales_last_days":0,"reserved_stock":0,"customer_returns":0,"warehouse_damage":0,"lost_in_post":0,"other_logs":0,"out_stock_days":0,"lost_sales":0,"has_location":false,"update_date":"2026-01-08T02:42:44","atum_locations":[],"atum_stock_status":"instock","restock_status":false,"low_stock_amount":"","sales_update_date":"2025-10-03T04:57:33","calc_backorders":null,"yoast_head":"<!-- This site is optimized with the Yoast SEO plugin v27.4 - https:\/\/yoast.com\/product\/yoast-seo-wordpress\/ -->\n<title>Sujetador Selene Teresa - Rosana CL<\/title>\n<meta name=\"robots\" content=\"index, follow, max-snippet:-1, max-image-preview:large, max-video-preview:-1\" \/>\n<link rel=\"canonical\" href=\"https:\/\/rosanacl.com\/pl\/produkt\/sujetador-modelo-teresa\/\" \/>\n<meta property=\"og:locale\" content=\"pl_PL\" \/>\n<meta property=\"og:type\" content=\"article\" \/>\n<meta property=\"og:title\" content=\"Sujetador Selene Teresa - Rosana CL\" \/>\n<meta property=\"og:description\" content=\"Hay prendas que no \u00abacompa\u00f1an\u00bb: definen. El sujetador Teresa est\u00e1 hecho para cuando quieres una silueta limpia, elegante y segura, con ese acabado que se nota en el espejo aunque nadie lo vea. Aros + copa preformada para realzar con naturalidad, recoger con precisi\u00f3n y mantener la forma impecable durante horas. El resultado es un [&hellip;]\" \/>\n<meta property=\"og:url\" content=\"https:\/\/rosanacl.com\/pl\/produkt\/sujetador-modelo-teresa\/\" \/>\n<meta property=\"og:site_name\" content=\"Rosana CL\" \/>\n<meta property=\"article:modified_time\" content=\"2026-01-08T02:42:43+00:00\" \/>\n<meta property=\"og:image\" content=\"https:\/\/rosanacl.com\/wp-content\/uploads\/2025\/04\/Sujetador-modelo-Teresa-000001.png\" \/>\n\t<meta property=\"og:image:width\" content=\"1000\" \/>\n\t<meta property=\"og:image:height\" content=\"1000\" \/>\n\t<meta property=\"og:image:type\" content=\"image\/png\" \/>\n<meta name=\"twitter:card\" content=\"summary_large_image\" \/>\n<meta name=\"twitter:label1\" content=\"Szacowany czas czytania\" \/>\n\t<meta name=\"twitter:data1\" content=\"2 minuty\" \/>\n<script type=\"application\/ld+json\" class=\"yoast-schema-graph\">{\"@context\":\"https:\\\/\\\/schema.org\",\"@graph\":[{\"@type\":\"WebPage\",\"@id\":\"https:\\\/\\\/rosanacl.com\\\/producto\\\/sujetador-modelo-teresa\\\/\",\"url\":\"https:\\\/\\\/rosanacl.com\\\/producto\\\/sujetador-modelo-teresa\\\/\",\"name\":\"Sujetador Selene Teresa - Rosana CL\",\"isPartOf\":{\"@id\":\"https:\\\/\\\/rosanacl.com\\\/ca\\\/#website\"},\"primaryImageOfPage\":{\"@id\":\"https:\\\/\\\/rosanacl.com\\\/producto\\\/sujetador-modelo-teresa\\\/#primaryimage\"},\"image\":{\"@id\":\"https:\\\/\\\/rosanacl.com\\\/producto\\\/sujetador-modelo-teresa\\\/#primaryimage\"},\"thumbnailUrl\":\"https:\\\/\\\/rosanacl.com\\\/wp-content\\\/uploads\\\/2025\\\/04\\\/Sujetador-modelo-Teresa-000001.png\",\"datePublished\":\"2025-04-29T10:22:28+00:00\",\"dateModified\":\"2026-01-08T02:42:43+00:00\",\"breadcrumb\":{\"@id\":\"https:\\\/\\\/rosanacl.com\\\/producto\\\/sujetador-modelo-teresa\\\/#breadcrumb\"},\"inLanguage\":\"pl-PL\",\"potentialAction\":[{\"@type\":\"ReadAction\",\"target\":[\"https:\\\/\\\/rosanacl.com\\\/producto\\\/sujetador-modelo-teresa\\\/\"]}]},{\"@type\":\"ImageObject\",\"inLanguage\":\"pl-PL\",\"@id\":\"https:\\\/\\\/rosanacl.com\\\/producto\\\/sujetador-modelo-teresa\\\/#primaryimage\",\"url\":\"https:\\\/\\\/rosanacl.com\\\/wp-content\\\/uploads\\\/2025\\\/04\\\/Sujetador-modelo-Teresa-000001.png\",\"contentUrl\":\"https:\\\/\\\/rosanacl.com\\\/wp-content\\\/uploads\\\/2025\\\/04\\\/Sujetador-modelo-Teresa-000001.png\",\"width\":1000,\"height\":1000},{\"@type\":\"BreadcrumbList\",\"@id\":\"https:\\\/\\\/rosanacl.com\\\/producto\\\/sujetador-modelo-teresa\\\/#breadcrumb\",\"itemListElement\":[{\"@type\":\"ListItem\",\"position\":1,\"name\":\"Portada\",\"item\":\"https:\\\/\\\/rosanacl.com\\\/ca\\\/\"},{\"@type\":\"ListItem\",\"position\":2,\"name\":\"Tienda\",\"item\":\"https:\\\/\\\/rosanacl.com\\\/ca\\\/tienda\\\/\"},{\"@type\":\"ListItem\",\"position\":3,\"name\":\"Sujetador Selene Teresa\"}]},{\"@type\":\"WebSite\",\"@id\":\"https:\\\/\\\/rosanacl.com\\\/ca\\\/#website\",\"url\":\"https:\\\/\\\/rosanacl.com\\\/ca\\\/\",\"name\":\"Rosana CL\",\"description\":\"Somos tu interior\",\"potentialAction\":[{\"@type\":\"SearchAction\",\"target\":{\"@type\":\"EntryPoint\",\"urlTemplate\":\"https:\\\/\\\/rosanacl.com\\\/ca\\\/?s={search_term_string}\"},\"query-input\":{\"@type\":\"PropertyValueSpecification\",\"valueRequired\":true,\"valueName\":\"search_term_string\"}}],\"inLanguage\":\"pl-PL\"}]}<\/script>\n<!-- \/ Yoast SEO plugin. -->","yoast_head_json":{"title":"Sujetador Selene Teresa - Rosana CL","robots":{"index":"index","follow":"follow","max-snippet":"max-snippet:-1","max-image-preview":"max-image-preview:large","max-video-preview":"max-video-preview:-1"},"canonical":"https:\/\/rosanacl.com\/pl\/produkt\/sujetador-modelo-teresa\/","og_locale":"pl_PL","og_type":"article","og_title":"Sujetador Selene Teresa - Rosana CL","og_description":"Hay prendas que no \u00abacompa\u00f1an\u00bb: definen. El sujetador Teresa est\u00e1 hecho para cuando quieres una silueta limpia, elegante y segura, con ese acabado que se nota en el espejo aunque nadie lo vea. Aros + copa preformada para realzar con naturalidad, recoger con precisi\u00f3n y mantener la forma impecable durante horas. El resultado es un [&hellip;]","og_url":"https:\/\/rosanacl.com\/pl\/produkt\/sujetador-modelo-teresa\/","og_site_name":"Rosana CL","article_modified_time":"2026-01-08T02:42:43+00:00","og_image":[{"width":1000,"height":1000,"url":"https:\/\/rosanacl.com\/wp-content\/uploads\/2025\/04\/Sujetador-modelo-Teresa-000001.png","type":"image\/png"}],"twitter_card":"summary_large_image","twitter_misc":{"Szacowany czas czytania":"2 minuty"},"schema":{"@context":"https:\/\/schema.org","@graph":[{"@type":"WebPage","@id":"https:\/\/rosanacl.com\/producto\/sujetador-modelo-teresa\/","url":"https:\/\/rosanacl.com\/producto\/sujetador-modelo-teresa\/","name":"Sujetador Selene Teresa - Rosana CL","isPartOf":{"@id":"https:\/\/rosanacl.com\/ca\/#website"},"primaryImageOfPage":{"@id":"https:\/\/rosanacl.com\/producto\/sujetador-modelo-teresa\/#primaryimage"},"image":{"@id":"https:\/\/rosanacl.com\/producto\/sujetador-modelo-teresa\/#primaryimage"},"thumbnailUrl":"https:\/\/rosanacl.com\/wp-content\/uploads\/2025\/04\/Sujetador-modelo-Teresa-000001.png","datePublished":"2025-04-29T10:22:28+00:00","dateModified":"2026-01-08T02:42:43+00:00","breadcrumb":{"@id":"https:\/\/rosanacl.com\/producto\/sujetador-modelo-teresa\/#breadcrumb"},"inLanguage":"pl-PL","potentialAction":[{"@type":"ReadAction","target":["https:\/\/rosanacl.com\/producto\/sujetador-modelo-teresa\/"]}]},{"@type":"ImageObject","inLanguage":"pl-PL","@id":"https:\/\/rosanacl.com\/producto\/sujetador-modelo-teresa\/#primaryimage","url":"https:\/\/rosanacl.com\/wp-content\/uploads\/2025\/04\/Sujetador-modelo-Teresa-000001.png","contentUrl":"https:\/\/rosanacl.com\/wp-content\/uploads\/2025\/04\/Sujetador-modelo-Teresa-000001.png","width":1000,"height":1000},{"@type":"BreadcrumbList","@id":"https:\/\/rosanacl.com\/producto\/sujetador-modelo-teresa\/#breadcrumb","itemListElement":[{"@type":"ListItem","position":1,"name":"Portada","item":"https:\/\/rosanacl.com\/ca\/"},{"@type":"ListItem","position":2,"name":"Tienda","item":"https:\/\/rosanacl.com\/ca\/tienda\/"},{"@type":"ListItem","position":3,"name":"Sujetador Selene Teresa"}]},{"@type":"WebSite","@id":"https:\/\/rosanacl.com\/ca\/#website","url":"https:\/\/rosanacl.com\/ca\/","name":"Rosana CL","description":"Jeste\u015bmy Twoim wn\u0119trzem","potentialAction":[{"@type":"SearchAction","target":{"@type":"EntryPoint","urlTemplate":"https:\/\/rosanacl.com\/ca\/?s={search_term_string}"},"query-input":{"@type":"PropertyValueSpecification","valueRequired":true,"valueName":"search_term_string"}}],"inLanguage":"pl-PL"}]}},"_links":{"self":[{"href":"https:\/\/rosanacl.com\/pl\/wp-json\/wp\/v2\/product\/211","targetHints":{"allow":["GET"]}}],"collection":[{"href":"https:\/\/rosanacl.com\/pl\/wp-json\/wp\/v2\/product"}],"about":[{"href":"https:\/\/rosanacl.com\/pl\/wp-json\/wp\/v2\/types\/product"}],"replies":[{"embeddable":true,"href":"https:\/\/rosanacl.com\/pl\/wp-json\/wp\/v2\/comments?post=211"}],"version-history":[{"count":5,"href":"https:\/\/rosanacl.com\/pl\/wp-json\/wp\/v2\/product\/211\/revisions"}],"predecessor-version":[{"id":4646,"href":"https:\/\/rosanacl.com\/pl\/wp-json\/wp\/v2\/product\/211\/revisions\/4646"}],"wp:featuredmedia":[{"embeddable":true,"href":"https:\/\/rosanacl.com\/pl\/wp-json\/wp\/v2\/media\/1472"}],"wp:attachment":[{"href":"https:\/\/rosanacl.com\/pl\/wp-json\/wp\/v2\/media?parent=211"}],"wp:term":[{"taxonomy":"product_brand","embeddable":true,"href":"https:\/\/rosanacl.com\/pl\/wp-json\/wp\/v2\/product_brand?post=211"},{"taxonomy":"product_cat","embeddable":true,"href":"https:\/\/rosanacl.com\/pl\/wp-json\/wp\/v2\/product_cat?post=211"},{"taxonomy":"product_tag","embeddable":true,"href":"https:\/\/rosanacl.com\/pl\/wp-json\/wp\/v2\/product_tag?post=211"}],"curies":[{"name":"wp","href":"https:\/\/api.w.org\/{rel}","templated":true}]}}