{"id":290,"date":"2025-04-29T13:19:48","date_gmt":"2025-04-29T11:19:48","guid":{"rendered":"https:\/\/rosanacl.com\/?post_type=product&#038;p=290"},"modified":"2026-01-08T03:36:24","modified_gmt":"2026-01-08T02:36:24","slug":"sujetador-modelo-lorea","status":"publish","type":"product","link":"https:\/\/rosanacl.com\/pl\/produkt\/sujetador-modelo-lorea\/","title":{"rendered":"Biustonosz Selene Lorea"},"content":{"rendered":"<p>Biustonosz Lorea marki Selene zosta\u0142 zaprojektowany tak, aby zapewnia\u0107 stabilne i wygodne podparcie bez rezygnowania z eleganckiego wyko\u0144czenia. Jego efekt minimalizacji pomaga optycznie wyszczupli\u0107 biust, a fiszbiny zapewniaj\u0105 wsparcie i pi\u0119kny kszta\u0142t bez konieczno\u015bci stosowania wk\u0142adek.<\/p>\n<p>Model Lorea zosta\u0142 zaprojektowany z my\u015bl\u0105 o kobietach poszukuj\u0105cych du\u017cej pojemno\u015bci i stabilno\u015bci. Wykonany jest z podw\u00f3jnie laminowanej mikrofibry, kt\u00f3ra dopasowuje si\u0119 do cia\u0142a i zapewnia przyjemne uczucie przez ca\u0142y dzie\u0144.<\/p>\n<p>Dodatkowo wy\u015bcie\u0142ane paski zaprojektowano tak, aby zmniejszy\u0107 dyskomfort typowy dla pask\u00f3w, kt\u00f3re uciskaj\u0105 lub zostawiaj\u0105 \u015blady, zwi\u0119kszaj\u0105c tym samym komfort podczas d\u0142ugotrwa\u0142ego u\u017cytkowania.<\/p>\n<p>Szczeg\u00f3\u0142y, kt\u00f3re zauwa\u017cysz, gdy je za\u0142o\u017cysz<\/p>\n<ul>\n<li>Efekt wyszczuplaj\u0105cy z prawdziwym wsparciem (bez usztywnienia).<\/li>\n<li>Ko\u0142a zapewniaj\u0105ce stabilne podparcie i podkre\u015blaj\u0105cy kszta\u0142t.<\/li>\n<li>Lekka, elastyczna tkanina, kt\u00f3ra porusza si\u0119 razem z Tob\u0105.<\/li>\n<li>Szerokie, wy\u015bcie\u0142ane paski dla wi\u0119kszego komfortu.<\/li>\n<\/ul>\n<p>\ud83d\udde3\ufe0f Wskaz\u00f3wka: Je\u015bli chcesz czu\u0107 si\u0119 \u00abdobrze podparta\u00bb bez konieczno\u015bci ci\u0105g\u0142ego poprawiania, Lorea jest dla Ciebie: daje Ci uczucie podpartej i wy\u015brodkowanej klatki piersiowej, ale z prawdziwym komfortem, o kt\u00f3rym zapominasz w ci\u0105gu dnia.<\/p>\n<p>\ud83d\udccf Uwaga: Aby uzyska\u0107 idealne dopasowanie Lorea (efekt wyszczuplaj\u0105cy + szerokie rami\u0105czka), upewnij si\u0119, \u017ce pas \u015bci\u015ble i prosto przylega do plec\u00f3w ju\u017c od pierwszej regulacji: je\u015bli unosi si\u0119 podczas ruchu ramion, nie zapewnia wystarczaj\u0105cego wsparcia. Je\u015bli wahasz si\u0119 mi\u0119dzy dwoma rozmiarami pas\u00f3w, ten stabilniejszy zazwyczaj sprawdza si\u0119 najlepiej, poniewa\u017c zapewnia niezb\u0119dne wsparcie i zapobiega nadmiernemu obci\u0105\u017caniu talii przez paski.<\/p>\n<p>Sk\u0142ad: poliamid 80%, elastan 20%.<\/p>\n<p>\u2728 Wybierz Lorea i poczuj r\u00f3\u017cnic\u0119: wsparcie, komfort i pi\u0119kny biust\u2026 przez ca\u0142y dzie\u0144.<\/p>\n<p>&nbsp;<\/p>\n<p>&nbsp;<\/p>\n<p>&nbsp;<\/p>\n<p>&nbsp;<\/p>","protected":false},"excerpt":{"rendered":"<p>El sujetador Lorea de Selene est\u00e1 dise\u00f1ado para ofrecer una sujeci\u00f3n firme y c\u00f3moda sin renunciar a un acabado elegante. Su efecto reductor ayuda a estilizar visualmente el busto, mientras que los aros aportan soporte y una forma bonita, sin necesidad de relleno. Pensado para mujeres que buscan gran capacidad y estabilidad, Lorea incorpora un [&hellip;]<\/p>\n","protected":false},"featured_media":1442,"comment_status":"open","ping_status":"closed","template":"","meta":{"content-type":""},"product_brand":[55],"product_cat":[80,24,20],"product_tag":[57,56,58],"class_list":{"0":"post-290","1":"product","2":"type-product","3":"status-publish","4":"has-post-thumbnail","6":"product_brand-selene","7":"product_cat-con-aros-sin-relleno","8":"product_cat-sin-relleno","9":"product_cat-sujetador","10":"product_tag-sin-relleno","11":"product_tag-sujetador","12":"product_tag-sujetador-reductor","14":"first","15":"instock","16":"taxable","17":"shipping-taxable","18":"purchasable","19":"product-type-variable"},"supplier_id":null,"supplier_sku":"","barcode":null,"atum_controlled":true,"out_stock_date":null,"out_stock_threshold":null,"inheritable":true,"inbound_stock":0,"stock_on_hold":0,"sold_today":0,"sales_last_days":0,"reserved_stock":0,"customer_returns":0,"warehouse_damage":0,"lost_in_post":0,"other_logs":0,"out_stock_days":0,"lost_sales":0,"has_location":false,"update_date":"2026-01-08T02:36:25","atum_locations":[],"atum_stock_status":"instock","restock_status":false,"low_stock_amount":"","sales_update_date":"2025-10-03T04:57:20","calc_backorders":null,"yoast_head":"<!-- This site is optimized with the Yoast SEO plugin v27.4 - https:\/\/yoast.com\/product\/yoast-seo-wordpress\/ -->\n<title>Sujetador Selene Lorea - Rosana CL<\/title>\n<meta name=\"robots\" content=\"index, follow, max-snippet:-1, max-image-preview:large, max-video-preview:-1\" \/>\n<link rel=\"canonical\" href=\"https:\/\/rosanacl.com\/pl\/produkt\/sujetador-modelo-lorea\/\" \/>\n<meta property=\"og:locale\" content=\"pl_PL\" \/>\n<meta property=\"og:type\" content=\"article\" \/>\n<meta property=\"og:title\" content=\"Sujetador Selene Lorea - Rosana CL\" \/>\n<meta property=\"og:description\" content=\"El sujetador Lorea de Selene est\u00e1 dise\u00f1ado para ofrecer una sujeci\u00f3n firme y c\u00f3moda sin renunciar a un acabado elegante. Su efecto reductor ayuda a estilizar visualmente el busto, mientras que los aros aportan soporte y una forma bonita, sin necesidad de relleno. Pensado para mujeres que buscan gran capacidad y estabilidad, Lorea incorpora un [&hellip;]\" \/>\n<meta property=\"og:url\" content=\"https:\/\/rosanacl.com\/pl\/produkt\/sujetador-modelo-lorea\/\" \/>\n<meta property=\"og:site_name\" content=\"Rosana CL\" \/>\n<meta property=\"article:modified_time\" content=\"2026-01-08T02:36:24+00:00\" \/>\n<meta property=\"og:image\" content=\"https:\/\/rosanacl.com\/wp-content\/uploads\/2025\/04\/Sujetador-modelo-Lorea-000001.webp\" \/>\n\t<meta property=\"og:image:width\" content=\"1000\" \/>\n\t<meta property=\"og:image:height\" content=\"1000\" \/>\n\t<meta property=\"og:image:type\" content=\"image\/webp\" \/>\n<meta name=\"twitter:card\" content=\"summary_large_image\" \/>\n<meta name=\"twitter:label1\" content=\"Szacowany czas czytania\" \/>\n\t<meta name=\"twitter:data1\" content=\"2 minuty\" \/>\n<script type=\"application\/ld+json\" class=\"yoast-schema-graph\">{\"@context\":\"https:\\\/\\\/schema.org\",\"@graph\":[{\"@type\":\"WebPage\",\"@id\":\"https:\\\/\\\/rosanacl.com\\\/producto\\\/sujetador-modelo-lorea\\\/\",\"url\":\"https:\\\/\\\/rosanacl.com\\\/producto\\\/sujetador-modelo-lorea\\\/\",\"name\":\"Sujetador Selene Lorea - Rosana CL\",\"isPartOf\":{\"@id\":\"https:\\\/\\\/rosanacl.com\\\/ca\\\/#website\"},\"primaryImageOfPage\":{\"@id\":\"https:\\\/\\\/rosanacl.com\\\/producto\\\/sujetador-modelo-lorea\\\/#primaryimage\"},\"image\":{\"@id\":\"https:\\\/\\\/rosanacl.com\\\/producto\\\/sujetador-modelo-lorea\\\/#primaryimage\"},\"thumbnailUrl\":\"https:\\\/\\\/rosanacl.com\\\/wp-content\\\/uploads\\\/2025\\\/04\\\/Sujetador-modelo-Lorea-000001.webp\",\"datePublished\":\"2025-04-29T11:19:48+00:00\",\"dateModified\":\"2026-01-08T02:36:24+00:00\",\"breadcrumb\":{\"@id\":\"https:\\\/\\\/rosanacl.com\\\/producto\\\/sujetador-modelo-lorea\\\/#breadcrumb\"},\"inLanguage\":\"pl-PL\",\"potentialAction\":[{\"@type\":\"ReadAction\",\"target\":[\"https:\\\/\\\/rosanacl.com\\\/producto\\\/sujetador-modelo-lorea\\\/\"]}]},{\"@type\":\"ImageObject\",\"inLanguage\":\"pl-PL\",\"@id\":\"https:\\\/\\\/rosanacl.com\\\/producto\\\/sujetador-modelo-lorea\\\/#primaryimage\",\"url\":\"https:\\\/\\\/rosanacl.com\\\/wp-content\\\/uploads\\\/2025\\\/04\\\/Sujetador-modelo-Lorea-000001.webp\",\"contentUrl\":\"https:\\\/\\\/rosanacl.com\\\/wp-content\\\/uploads\\\/2025\\\/04\\\/Sujetador-modelo-Lorea-000001.webp\",\"width\":1000,\"height\":1000},{\"@type\":\"BreadcrumbList\",\"@id\":\"https:\\\/\\\/rosanacl.com\\\/producto\\\/sujetador-modelo-lorea\\\/#breadcrumb\",\"itemListElement\":[{\"@type\":\"ListItem\",\"position\":1,\"name\":\"Portada\",\"item\":\"https:\\\/\\\/rosanacl.com\\\/ca\\\/\"},{\"@type\":\"ListItem\",\"position\":2,\"name\":\"Tienda\",\"item\":\"https:\\\/\\\/rosanacl.com\\\/ca\\\/tienda\\\/\"},{\"@type\":\"ListItem\",\"position\":3,\"name\":\"Sujetador Selene Lorea\"}]},{\"@type\":\"WebSite\",\"@id\":\"https:\\\/\\\/rosanacl.com\\\/ca\\\/#website\",\"url\":\"https:\\\/\\\/rosanacl.com\\\/ca\\\/\",\"name\":\"Rosana CL\",\"description\":\"Somos tu interior\",\"potentialAction\":[{\"@type\":\"SearchAction\",\"target\":{\"@type\":\"EntryPoint\",\"urlTemplate\":\"https:\\\/\\\/rosanacl.com\\\/ca\\\/?s={search_term_string}\"},\"query-input\":{\"@type\":\"PropertyValueSpecification\",\"valueRequired\":true,\"valueName\":\"search_term_string\"}}],\"inLanguage\":\"pl-PL\"}]}<\/script>\n<!-- \/ Yoast SEO plugin. -->","yoast_head_json":{"title":"Sujetador Selene Lorea - Rosana CL","robots":{"index":"index","follow":"follow","max-snippet":"max-snippet:-1","max-image-preview":"max-image-preview:large","max-video-preview":"max-video-preview:-1"},"canonical":"https:\/\/rosanacl.com\/pl\/produkt\/sujetador-modelo-lorea\/","og_locale":"pl_PL","og_type":"article","og_title":"Sujetador Selene Lorea - Rosana CL","og_description":"El sujetador Lorea de Selene est\u00e1 dise\u00f1ado para ofrecer una sujeci\u00f3n firme y c\u00f3moda sin renunciar a un acabado elegante. Su efecto reductor ayuda a estilizar visualmente el busto, mientras que los aros aportan soporte y una forma bonita, sin necesidad de relleno. Pensado para mujeres que buscan gran capacidad y estabilidad, Lorea incorpora un [&hellip;]","og_url":"https:\/\/rosanacl.com\/pl\/produkt\/sujetador-modelo-lorea\/","og_site_name":"Rosana CL","article_modified_time":"2026-01-08T02:36:24+00:00","og_image":[{"width":1000,"height":1000,"url":"https:\/\/rosanacl.com\/wp-content\/uploads\/2025\/04\/Sujetador-modelo-Lorea-000001.webp","type":"image\/webp"}],"twitter_card":"summary_large_image","twitter_misc":{"Szacowany czas czytania":"2 minuty"},"schema":{"@context":"https:\/\/schema.org","@graph":[{"@type":"WebPage","@id":"https:\/\/rosanacl.com\/producto\/sujetador-modelo-lorea\/","url":"https:\/\/rosanacl.com\/producto\/sujetador-modelo-lorea\/","name":"Sujetador Selene Lorea - Rosana CL","isPartOf":{"@id":"https:\/\/rosanacl.com\/ca\/#website"},"primaryImageOfPage":{"@id":"https:\/\/rosanacl.com\/producto\/sujetador-modelo-lorea\/#primaryimage"},"image":{"@id":"https:\/\/rosanacl.com\/producto\/sujetador-modelo-lorea\/#primaryimage"},"thumbnailUrl":"https:\/\/rosanacl.com\/wp-content\/uploads\/2025\/04\/Sujetador-modelo-Lorea-000001.webp","datePublished":"2025-04-29T11:19:48+00:00","dateModified":"2026-01-08T02:36:24+00:00","breadcrumb":{"@id":"https:\/\/rosanacl.com\/producto\/sujetador-modelo-lorea\/#breadcrumb"},"inLanguage":"pl-PL","potentialAction":[{"@type":"ReadAction","target":["https:\/\/rosanacl.com\/producto\/sujetador-modelo-lorea\/"]}]},{"@type":"ImageObject","inLanguage":"pl-PL","@id":"https:\/\/rosanacl.com\/producto\/sujetador-modelo-lorea\/#primaryimage","url":"https:\/\/rosanacl.com\/wp-content\/uploads\/2025\/04\/Sujetador-modelo-Lorea-000001.webp","contentUrl":"https:\/\/rosanacl.com\/wp-content\/uploads\/2025\/04\/Sujetador-modelo-Lorea-000001.webp","width":1000,"height":1000},{"@type":"BreadcrumbList","@id":"https:\/\/rosanacl.com\/producto\/sujetador-modelo-lorea\/#breadcrumb","itemListElement":[{"@type":"ListItem","position":1,"name":"Portada","item":"https:\/\/rosanacl.com\/ca\/"},{"@type":"ListItem","position":2,"name":"Tienda","item":"https:\/\/rosanacl.com\/ca\/tienda\/"},{"@type":"ListItem","position":3,"name":"Sujetador Selene Lorea"}]},{"@type":"WebSite","@id":"https:\/\/rosanacl.com\/ca\/#website","url":"https:\/\/rosanacl.com\/ca\/","name":"Rosana CL","description":"Jeste\u015bmy Twoim wn\u0119trzem","potentialAction":[{"@type":"SearchAction","target":{"@type":"EntryPoint","urlTemplate":"https:\/\/rosanacl.com\/ca\/?s={search_term_string}"},"query-input":{"@type":"PropertyValueSpecification","valueRequired":true,"valueName":"search_term_string"}}],"inLanguage":"pl-PL"}]}},"_links":{"self":[{"href":"https:\/\/rosanacl.com\/pl\/wp-json\/wp\/v2\/product\/290","targetHints":{"allow":["GET"]}}],"collection":[{"href":"https:\/\/rosanacl.com\/pl\/wp-json\/wp\/v2\/product"}],"about":[{"href":"https:\/\/rosanacl.com\/pl\/wp-json\/wp\/v2\/types\/product"}],"replies":[{"embeddable":true,"href":"https:\/\/rosanacl.com\/pl\/wp-json\/wp\/v2\/comments?post=290"}],"version-history":[{"count":5,"href":"https:\/\/rosanacl.com\/pl\/wp-json\/wp\/v2\/product\/290\/revisions"}],"predecessor-version":[{"id":4644,"href":"https:\/\/rosanacl.com\/pl\/wp-json\/wp\/v2\/product\/290\/revisions\/4644"}],"wp:featuredmedia":[{"embeddable":true,"href":"https:\/\/rosanacl.com\/pl\/wp-json\/wp\/v2\/media\/1442"}],"wp:attachment":[{"href":"https:\/\/rosanacl.com\/pl\/wp-json\/wp\/v2\/media?parent=290"}],"wp:term":[{"taxonomy":"product_brand","embeddable":true,"href":"https:\/\/rosanacl.com\/pl\/wp-json\/wp\/v2\/product_brand?post=290"},{"taxonomy":"product_cat","embeddable":true,"href":"https:\/\/rosanacl.com\/pl\/wp-json\/wp\/v2\/product_cat?post=290"},{"taxonomy":"product_tag","embeddable":true,"href":"https:\/\/rosanacl.com\/pl\/wp-json\/wp\/v2\/product_tag?post=290"}],"curies":[{"name":"wp","href":"https:\/\/api.w.org\/{rel}","templated":true}]}}