{"id":3410,"date":"2025-08-19T09:05:06","date_gmt":"2025-08-19T07:05:06","guid":{"rendered":"https:\/\/rosanacl.com\/?post_type=product&#038;p=3410"},"modified":"2026-01-08T03:12:21","modified_gmt":"2026-01-08T02:12:21","slug":"body-selene-agata","status":"publish","type":"product","link":"https:\/\/rosanacl.com\/pl\/produkt\/body-selene-agata\/","title":{"rendered":"Cia\u0142o Selene Agata"},"content":{"rendered":"<p>Body Selene \u00c1gata to modeluj\u0105ce body z mikrofibry, zaprojektowane tak, aby stylizowa\u0107 sylwetk\u0119, zapewniaj\u0105c eleganckie i bardzo pochlebne wyko\u0144czenie.<\/p>\n<p>Tiulowy dekolt dodaje kobiecego i wyrafinowanego charakteru, a centralne wzmocnienie w okolicy brzucha pomaga optycznie zmniejszy\u0107 biust i wyszczupli\u0107 sylwetk\u0119.<\/p>\n<p>Zaprojektowany bez fiszbin, dzi\u0119ki czemu czujesz si\u0119 pewnie i bezpiecznie, nie rezygnuj\u0105c z komfortu. Mikrofibra dopasowuje si\u0119 do cia\u0142a jak druga sk\u00f3ra, delikatnie wyg\u0142adzaj\u0105c i zapewniaj\u0105c wsparcie przez wiele godzin, zar\u00f3wno na co dzie\u0144, jak i wtedy, gdy chcesz wygl\u0105da\u0107 ol\u015bniewaj\u0105co.<\/p>\n<p>Szczeg\u00f3\u0142y, kt\u00f3re robi\u0105 r\u00f3\u017cnic\u0119<\/p>\n<ul>\n<li>Body modeluj\u0105ce: efekt g\u0142adszego brzucha i bardziej wyprofilowana sylwetka.<\/li>\n<li>Dekolt z tiulu: elegancki i kobiecy akcent, bez przesady.<\/li>\n<li>Bez fiszbin: ca\u0142kowity komfort i naturalne wsparcie.<\/li>\n<li>Mi\u0119kka mikrofibra: dopasowuje si\u0119 do cia\u0142a, nie powoduj\u0105c uczucia sztywno\u015bci.<\/li>\n<li>Dyskretne wyko\u0144czenie: idealne pod dopasowane ubrania, zapewniaj\u0105ce schludny wygl\u0105d.<\/li>\n<\/ul>\n<p>Wskaz\u00f3wka: W przypadku \u00c1gata najlepsze jest to, \u017ce jest mi\u0119kka i elegancka: mikrofibra przylega jak druga sk\u00f3ra, wyg\u0142adza bez twardnienia i podkre\u015bla sylwetk\u0119, dzi\u0119ki czemu mo\u017cna j\u0105 nosi\u0107 przez wiele godzin bez uczucia przyt\u0142oczenia.<\/p>\n<p>\ud83d\udccf Uwaga: Przed zakupem zastan\u00f3w si\u0119, jakiej oczekujesz wygody: je\u015bli chcesz, aby biustonosz bardziej modelowa\u0142 i dobrze podtrzymywa\u0142 brzuch, wybierz sw\u00f3j zwyk\u0142y rozmiar; je\u015bli wahasz si\u0119 pomi\u0119dzy dwoma rozmiarami lub wolisz l\u017cejszy i bardziej dyskretny rozmiar (mniejszy ucisk), wybierz rozmiar wi\u0119kszy, aby zapewni\u0107 sobie wi\u0119kszy komfort.<\/p>\n<p>Sk\u0142ad: elastyczna mikrofibra (poliamid 82%, elastan 18%). Strefa intymna wzmocniona bawe\u0142n\u0105 dla wi\u0119kszego komfortu i higieny.<\/p>\n<p>\ud83e\udeb6 Lekka na zewn\u0105trz, silna w \u015brodku: Twoja sylwetka jest widoczna.<\/p>\n<div id=\"v1ms-outlook-mobile-body-separator-line\" dir=\"auto\"><\/div>\n<p>&nbsp;<\/p>","protected":false},"excerpt":{"rendered":"<p>Body Selene \u00c1gata es un body de control de microfibra pensado para estilizar la figura con un acabado elegante y muy favorecedor. Su escote de tul aporta ese toque femenino y sofisticado, mientras que el refuerzo central en la zona del vientre ayuda a reducir visualmente y a marcar una silueta m\u00e1s esbelta. Dise\u00f1ado sin [&hellip;]<\/p>\n","protected":false},"featured_media":3421,"comment_status":"closed","ping_status":"closed","template":"","meta":{"content-type":""},"product_brand":[55],"product_cat":[18],"product_tag":[66],"class_list":{"0":"post-3410","1":"product","2":"type-product","3":"status-publish","4":"has-post-thumbnail","6":"product_brand-selene","7":"product_cat-body","8":"product_tag-body","10":"first","11":"instock","12":"taxable","13":"shipping-taxable","14":"purchasable","15":"product-type-variable"},"supplier_id":null,"supplier_sku":"","barcode":null,"atum_controlled":true,"out_stock_date":null,"out_stock_threshold":null,"inheritable":true,"inbound_stock":0,"stock_on_hold":0,"sold_today":null,"sales_last_days":null,"reserved_stock":0,"customer_returns":0,"warehouse_damage":0,"lost_in_post":0,"other_logs":0,"out_stock_days":null,"lost_sales":null,"has_location":false,"update_date":"2026-01-08T02:12:22","atum_locations":[],"atum_stock_status":"instock","restock_status":false,"low_stock_amount":"","sales_update_date":"2025-10-03T04:55:33","calc_backorders":null,"yoast_head":"<!-- This site is optimized with the Yoast SEO plugin v27.4 - https:\/\/yoast.com\/product\/yoast-seo-wordpress\/ -->\n<title>Body Selene Agata - Rosana CL<\/title>\n<meta name=\"robots\" content=\"index, follow, max-snippet:-1, max-image-preview:large, max-video-preview:-1\" \/>\n<link rel=\"canonical\" href=\"https:\/\/rosanacl.com\/pl\/produkt\/body-selene-agata\/\" \/>\n<meta property=\"og:locale\" content=\"pl_PL\" \/>\n<meta property=\"og:type\" content=\"article\" \/>\n<meta property=\"og:title\" content=\"Body Selene Agata - Rosana CL\" \/>\n<meta property=\"og:description\" content=\"Body Selene \u00c1gata es un body de control de microfibra pensado para estilizar la figura con un acabado elegante y muy favorecedor. Su escote de tul aporta ese toque femenino y sofisticado, mientras que el refuerzo central en la zona del vientre ayuda a reducir visualmente y a marcar una silueta m\u00e1s esbelta. Dise\u00f1ado sin [&hellip;]\" \/>\n<meta property=\"og:url\" content=\"https:\/\/rosanacl.com\/pl\/produkt\/body-selene-agata\/\" \/>\n<meta property=\"og:site_name\" content=\"Rosana CL\" \/>\n<meta property=\"article:modified_time\" content=\"2026-01-08T02:12:21+00:00\" \/>\n<meta property=\"og:image\" content=\"https:\/\/rosanacl.com\/wp-content\/uploads\/2025\/08\/1-5.png\" \/>\n\t<meta property=\"og:image:width\" content=\"873\" \/>\n\t<meta property=\"og:image:height\" content=\"1138\" \/>\n\t<meta property=\"og:image:type\" content=\"image\/png\" \/>\n<meta name=\"twitter:card\" content=\"summary_large_image\" \/>\n<meta name=\"twitter:label1\" content=\"Szacowany czas czytania\" \/>\n\t<meta name=\"twitter:data1\" content=\"2 minuty\" \/>\n<script type=\"application\/ld+json\" class=\"yoast-schema-graph\">{\"@context\":\"https:\\\/\\\/schema.org\",\"@graph\":[{\"@type\":\"WebPage\",\"@id\":\"https:\\\/\\\/rosanacl.com\\\/producto\\\/body-selene-agata\\\/\",\"url\":\"https:\\\/\\\/rosanacl.com\\\/producto\\\/body-selene-agata\\\/\",\"name\":\"Body Selene Agata - Rosana CL\",\"isPartOf\":{\"@id\":\"https:\\\/\\\/rosanacl.com\\\/ca\\\/#website\"},\"primaryImageOfPage\":{\"@id\":\"https:\\\/\\\/rosanacl.com\\\/producto\\\/body-selene-agata\\\/#primaryimage\"},\"image\":{\"@id\":\"https:\\\/\\\/rosanacl.com\\\/producto\\\/body-selene-agata\\\/#primaryimage\"},\"thumbnailUrl\":\"https:\\\/\\\/rosanacl.com\\\/wp-content\\\/uploads\\\/2025\\\/08\\\/1-5.png\",\"datePublished\":\"2025-08-19T07:05:06+00:00\",\"dateModified\":\"2026-01-08T02:12:21+00:00\",\"breadcrumb\":{\"@id\":\"https:\\\/\\\/rosanacl.com\\\/producto\\\/body-selene-agata\\\/#breadcrumb\"},\"inLanguage\":\"pl-PL\",\"potentialAction\":[{\"@type\":\"ReadAction\",\"target\":[\"https:\\\/\\\/rosanacl.com\\\/producto\\\/body-selene-agata\\\/\"]}]},{\"@type\":\"ImageObject\",\"inLanguage\":\"pl-PL\",\"@id\":\"https:\\\/\\\/rosanacl.com\\\/producto\\\/body-selene-agata\\\/#primaryimage\",\"url\":\"https:\\\/\\\/rosanacl.com\\\/wp-content\\\/uploads\\\/2025\\\/08\\\/1-5.png\",\"contentUrl\":\"https:\\\/\\\/rosanacl.com\\\/wp-content\\\/uploads\\\/2025\\\/08\\\/1-5.png\",\"width\":873,\"height\":1138},{\"@type\":\"BreadcrumbList\",\"@id\":\"https:\\\/\\\/rosanacl.com\\\/producto\\\/body-selene-agata\\\/#breadcrumb\",\"itemListElement\":[{\"@type\":\"ListItem\",\"position\":1,\"name\":\"Portada\",\"item\":\"https:\\\/\\\/rosanacl.com\\\/ca\\\/\"},{\"@type\":\"ListItem\",\"position\":2,\"name\":\"Tienda\",\"item\":\"https:\\\/\\\/rosanacl.com\\\/ca\\\/tienda\\\/\"},{\"@type\":\"ListItem\",\"position\":3,\"name\":\"Body Selene Agata\"}]},{\"@type\":\"WebSite\",\"@id\":\"https:\\\/\\\/rosanacl.com\\\/ca\\\/#website\",\"url\":\"https:\\\/\\\/rosanacl.com\\\/ca\\\/\",\"name\":\"Rosana CL\",\"description\":\"Somos tu interior\",\"potentialAction\":[{\"@type\":\"SearchAction\",\"target\":{\"@type\":\"EntryPoint\",\"urlTemplate\":\"https:\\\/\\\/rosanacl.com\\\/ca\\\/?s={search_term_string}\"},\"query-input\":{\"@type\":\"PropertyValueSpecification\",\"valueRequired\":true,\"valueName\":\"search_term_string\"}}],\"inLanguage\":\"pl-PL\"}]}<\/script>\n<!-- \/ Yoast SEO plugin. -->","yoast_head_json":{"title":"Body Selene Agata - Rosana CL","robots":{"index":"index","follow":"follow","max-snippet":"max-snippet:-1","max-image-preview":"max-image-preview:large","max-video-preview":"max-video-preview:-1"},"canonical":"https:\/\/rosanacl.com\/pl\/produkt\/body-selene-agata\/","og_locale":"pl_PL","og_type":"article","og_title":"Body Selene Agata - Rosana CL","og_description":"Body Selene \u00c1gata es un body de control de microfibra pensado para estilizar la figura con un acabado elegante y muy favorecedor. Su escote de tul aporta ese toque femenino y sofisticado, mientras que el refuerzo central en la zona del vientre ayuda a reducir visualmente y a marcar una silueta m\u00e1s esbelta. Dise\u00f1ado sin [&hellip;]","og_url":"https:\/\/rosanacl.com\/pl\/produkt\/body-selene-agata\/","og_site_name":"Rosana CL","article_modified_time":"2026-01-08T02:12:21+00:00","og_image":[{"width":873,"height":1138,"url":"https:\/\/rosanacl.com\/wp-content\/uploads\/2025\/08\/1-5.png","type":"image\/png"}],"twitter_card":"summary_large_image","twitter_misc":{"Szacowany czas czytania":"2 minuty"},"schema":{"@context":"https:\/\/schema.org","@graph":[{"@type":"WebPage","@id":"https:\/\/rosanacl.com\/producto\/body-selene-agata\/","url":"https:\/\/rosanacl.com\/producto\/body-selene-agata\/","name":"Body Selene Agata - Rosana CL","isPartOf":{"@id":"https:\/\/rosanacl.com\/ca\/#website"},"primaryImageOfPage":{"@id":"https:\/\/rosanacl.com\/producto\/body-selene-agata\/#primaryimage"},"image":{"@id":"https:\/\/rosanacl.com\/producto\/body-selene-agata\/#primaryimage"},"thumbnailUrl":"https:\/\/rosanacl.com\/wp-content\/uploads\/2025\/08\/1-5.png","datePublished":"2025-08-19T07:05:06+00:00","dateModified":"2026-01-08T02:12:21+00:00","breadcrumb":{"@id":"https:\/\/rosanacl.com\/producto\/body-selene-agata\/#breadcrumb"},"inLanguage":"pl-PL","potentialAction":[{"@type":"ReadAction","target":["https:\/\/rosanacl.com\/producto\/body-selene-agata\/"]}]},{"@type":"ImageObject","inLanguage":"pl-PL","@id":"https:\/\/rosanacl.com\/producto\/body-selene-agata\/#primaryimage","url":"https:\/\/rosanacl.com\/wp-content\/uploads\/2025\/08\/1-5.png","contentUrl":"https:\/\/rosanacl.com\/wp-content\/uploads\/2025\/08\/1-5.png","width":873,"height":1138},{"@type":"BreadcrumbList","@id":"https:\/\/rosanacl.com\/producto\/body-selene-agata\/#breadcrumb","itemListElement":[{"@type":"ListItem","position":1,"name":"Portada","item":"https:\/\/rosanacl.com\/ca\/"},{"@type":"ListItem","position":2,"name":"Tienda","item":"https:\/\/rosanacl.com\/ca\/tienda\/"},{"@type":"ListItem","position":3,"name":"Body Selene Agata"}]},{"@type":"WebSite","@id":"https:\/\/rosanacl.com\/ca\/#website","url":"https:\/\/rosanacl.com\/ca\/","name":"Rosana CL","description":"Jeste\u015bmy Twoim wn\u0119trzem","potentialAction":[{"@type":"SearchAction","target":{"@type":"EntryPoint","urlTemplate":"https:\/\/rosanacl.com\/ca\/?s={search_term_string}"},"query-input":{"@type":"PropertyValueSpecification","valueRequired":true,"valueName":"search_term_string"}}],"inLanguage":"pl-PL"}]}},"_links":{"self":[{"href":"https:\/\/rosanacl.com\/pl\/wp-json\/wp\/v2\/product\/3410","targetHints":{"allow":["GET"]}}],"collection":[{"href":"https:\/\/rosanacl.com\/pl\/wp-json\/wp\/v2\/product"}],"about":[{"href":"https:\/\/rosanacl.com\/pl\/wp-json\/wp\/v2\/types\/product"}],"replies":[{"embeddable":true,"href":"https:\/\/rosanacl.com\/pl\/wp-json\/wp\/v2\/comments?post=3410"}],"version-history":[{"count":5,"href":"https:\/\/rosanacl.com\/pl\/wp-json\/wp\/v2\/product\/3410\/revisions"}],"predecessor-version":[{"id":4638,"href":"https:\/\/rosanacl.com\/pl\/wp-json\/wp\/v2\/product\/3410\/revisions\/4638"}],"wp:featuredmedia":[{"embeddable":true,"href":"https:\/\/rosanacl.com\/pl\/wp-json\/wp\/v2\/media\/3421"}],"wp:attachment":[{"href":"https:\/\/rosanacl.com\/pl\/wp-json\/wp\/v2\/media?parent=3410"}],"wp:term":[{"taxonomy":"product_brand","embeddable":true,"href":"https:\/\/rosanacl.com\/pl\/wp-json\/wp\/v2\/product_brand?post=3410"},{"taxonomy":"product_cat","embeddable":true,"href":"https:\/\/rosanacl.com\/pl\/wp-json\/wp\/v2\/product_cat?post=3410"},{"taxonomy":"product_tag","embeddable":true,"href":"https:\/\/rosanacl.com\/pl\/wp-json\/wp\/v2\/product_tag?post=3410"}],"curies":[{"name":"wp","href":"https:\/\/api.w.org\/{rel}","templated":true}]}}