{"id":3446,"date":"2025-08-19T09:18:31","date_gmt":"2025-08-19T07:18:31","guid":{"rendered":"https:\/\/rosanacl.com\/?post_type=product&#038;p=3446"},"modified":"2026-01-08T03:07:48","modified_gmt":"2026-01-08T02:07:48","slug":"braga-selene-roxana","status":"publish","type":"product","link":"https:\/\/rosanacl.com\/pl\/produkt\/braga-selene-roxana\/","title":{"rendered":"Braga Selene Roxana"},"content":{"rendered":"<p>Figi Selene Roxana to figi modeluj\u0105ce z wysokim stanem, zaprojektowane tak, aby wygodnie i elegancko wyg\u0142adza\u0107 okolice brzucha. Po\u0142\u0105czenie tiulu i ozdobnego detalu z przodu nadaje im delikatny i kobiecy charakter, idealny dla zapewnienia podtrzymania bez utraty mi\u0119kko\u015bci.<\/p>\n<p>To idealne rozwi\u0105zanie, je\u015bli szukasz bielizny, kt\u00f3ra zbiera, wyg\u0142adza i towarzyszy Ci ka\u017cdego dnia, a jej pi\u0119kny design z pewno\u015bci\u0105 zauwa\u017cysz ju\u017c po jej za\u0142o\u017ceniu.<\/p>\n<p>Co ci si\u0119 spodoba<\/p>\n<ul>\n<li>Podwy\u017cszony stan: pomaga uzyska\u0107 efekt wizualnego wyg\u0142adzenia i sprawia, \u017ce ubranie dobrze si\u0119 uk\u0142ada.<\/li>\n<li>Efekt g\u0142adszego brzucha: wygodne podtrzymywanie bez uczucia \u00abtwardo\u015bci\u00bb.<\/li>\n<li>Tiul + ozdobny prz\u00f3d: elegancki detal, kt\u00f3ry podnosi poziom wygl\u0105du, nie przyt\u0142aczaj\u0105c go.<\/li>\n<li>Wygodna tkanina do codziennego u\u017cytku: dopasowuje si\u0119 do cia\u0142a i porusza si\u0119 razem z Tob\u0105.<\/li>\n<li>Polecany zestaw: po\u0142\u0105cz go z biustonoszem Selene Roxana i biustonoszem Selene Katia, aby stworzy\u0107 idealny komplet.<\/li>\n<\/ul>\n<p>\ud83d\udde3\ufe0f Wskaz\u00f3wka: Roxana zosta\u0142a zaprojektowana tak, aby zapewni\u0107 Ci \u00abdobr\u0105 kontrol\u0119\u00bb: po za\u0142o\u017ceniu powinna by\u0107 j\u0119drna, a jednocze\u015bnie wygodna, jak bielizna, kt\u00f3ra unosi i wyg\u0142adza brzuch, nie wrzynaj\u0105c si\u0119 w cia\u0142o i nie daj\u0105c Ci poczucia noszenia zbroi. Je\u015bli zauwa\u017cysz, \u017ce porusza si\u0119 razem z Tob\u0105 (i nie uciska) podczas chodzenia i siedzenia, to znaczy, \u017ce to odpowiedni model.<\/p>\n<p>\ud83d\udccf Uwaga: Przed zakupem nale\u017cy pami\u0119ta\u0107, \u017ce s\u0105 to majtki wyszczuplaj\u0105ce z wysokim stanem. Je\u015bli wahasz si\u0119 pomi\u0119dzy rozmiarami lub wolisz \u00abbardziej mi\u0119kkie\u00bb dopasowanie, zazwyczaj lepiej wybra\u0107 wi\u0119kszy rozmiar. Dzi\u0119ki temu pas b\u0119dzie p\u0142aski i g\u0142adki (bez pozostawiania \u015blad\u00f3w), a Ty b\u0119dziesz czu\u0107 si\u0119 komfortowo przez ca\u0142y dzie\u0144.<\/p>\n<p>Composici\u00f3n: 83% poliamida, 17% elastano.<br \/>\n(Refuerzo interior en la zona \u00edntima: algod\u00f3n, en la mayor\u00eda de modelos.)<\/p>\n<p>\ud83d\udc57 Szczeg\u00f3\u0142, kt\u00f3ry robi r\u00f3\u017cnic\u0119: pi\u0119kna, elegancka i wygodna kontrola\u2026 przez ca\u0142y dzie\u0144.<\/p>\n<div id=\"v1ms-outlook-mobile-body-separator-line\" dir=\"auto\"><\/div>","protected":false},"excerpt":{"rendered":"<p>La Braga Selene Roxana es una braga alta de control pensada para estilizar la zona del vientre con comodidad y un acabado elegante. Su combinaci\u00f3n de tul y detalle de fantas\u00eda en la parte delantera aporta un toque fino y femenino, ideal para sentirte sujeta sin renunciar a la suavidad. Es perfecta si buscas una [&hellip;]<\/p>\n","protected":false},"featured_media":3471,"comment_status":"closed","ping_status":"closed","template":"","meta":{"content-type":""},"product_brand":[55],"product_cat":[19],"product_tag":[69],"class_list":{"0":"post-3446","1":"product","2":"type-product","3":"status-publish","4":"has-post-thumbnail","6":"product_brand-selene","7":"product_cat-braga","8":"product_tag-braga","10":"first","11":"instock","12":"taxable","13":"shipping-taxable","14":"purchasable","15":"product-type-variable"},"supplier_id":null,"supplier_sku":"","barcode":null,"atum_controlled":true,"out_stock_date":null,"out_stock_threshold":null,"inheritable":true,"inbound_stock":0,"stock_on_hold":0,"sold_today":null,"sales_last_days":null,"reserved_stock":0,"customer_returns":0,"warehouse_damage":0,"lost_in_post":0,"other_logs":0,"out_stock_days":null,"lost_sales":null,"has_location":false,"update_date":"2026-01-08T02:07:49","atum_locations":[],"atum_stock_status":"instock","restock_status":false,"low_stock_amount":"","sales_update_date":"2025-10-03T04:55:32","calc_backorders":null,"yoast_head":"<!-- This site is optimized with the Yoast SEO plugin v27.4 - https:\/\/yoast.com\/product\/yoast-seo-wordpress\/ -->\n<title>Braga Selene Roxana - Rosana CL<\/title>\n<meta name=\"robots\" content=\"index, follow, max-snippet:-1, max-image-preview:large, max-video-preview:-1\" \/>\n<link rel=\"canonical\" href=\"https:\/\/rosanacl.com\/pl\/produkt\/braga-selene-roxana\/\" \/>\n<meta property=\"og:locale\" content=\"pl_PL\" \/>\n<meta property=\"og:type\" content=\"article\" \/>\n<meta property=\"og:title\" content=\"Braga Selene Roxana - Rosana CL\" \/>\n<meta property=\"og:description\" content=\"La Braga Selene Roxana es una braga alta de control pensada para estilizar la zona del vientre con comodidad y un acabado elegante. Su combinaci\u00f3n de tul y detalle de fantas\u00eda en la parte delantera aporta un toque fino y femenino, ideal para sentirte sujeta sin renunciar a la suavidad. Es perfecta si buscas una [&hellip;]\" \/>\n<meta property=\"og:url\" content=\"https:\/\/rosanacl.com\/pl\/produkt\/braga-selene-roxana\/\" \/>\n<meta property=\"og:site_name\" content=\"Rosana CL\" \/>\n<meta property=\"article:modified_time\" content=\"2026-01-08T02:07:48+00:00\" \/>\n<meta property=\"og:image\" content=\"https:\/\/rosanacl.com\/wp-content\/uploads\/2025\/08\/1-7-1024x1024.png\" \/>\n\t<meta property=\"og:image:width\" content=\"1024\" \/>\n\t<meta property=\"og:image:height\" content=\"1024\" \/>\n\t<meta property=\"og:image:type\" content=\"image\/png\" \/>\n<meta name=\"twitter:card\" content=\"summary_large_image\" \/>\n<meta name=\"twitter:label1\" content=\"Szacowany czas czytania\" \/>\n\t<meta name=\"twitter:data1\" content=\"2 minuty\" \/>\n<script type=\"application\/ld+json\" class=\"yoast-schema-graph\">{\"@context\":\"https:\\\/\\\/schema.org\",\"@graph\":[{\"@type\":\"WebPage\",\"@id\":\"https:\\\/\\\/rosanacl.com\\\/producto\\\/braga-selene-roxana\\\/\",\"url\":\"https:\\\/\\\/rosanacl.com\\\/producto\\\/braga-selene-roxana\\\/\",\"name\":\"Braga Selene Roxana - Rosana CL\",\"isPartOf\":{\"@id\":\"https:\\\/\\\/rosanacl.com\\\/ca\\\/#website\"},\"primaryImageOfPage\":{\"@id\":\"https:\\\/\\\/rosanacl.com\\\/producto\\\/braga-selene-roxana\\\/#primaryimage\"},\"image\":{\"@id\":\"https:\\\/\\\/rosanacl.com\\\/producto\\\/braga-selene-roxana\\\/#primaryimage\"},\"thumbnailUrl\":\"https:\\\/\\\/rosanacl.com\\\/wp-content\\\/uploads\\\/2025\\\/08\\\/1-7.png\",\"datePublished\":\"2025-08-19T07:18:31+00:00\",\"dateModified\":\"2026-01-08T02:07:48+00:00\",\"breadcrumb\":{\"@id\":\"https:\\\/\\\/rosanacl.com\\\/producto\\\/braga-selene-roxana\\\/#breadcrumb\"},\"inLanguage\":\"pl-PL\",\"potentialAction\":[{\"@type\":\"ReadAction\",\"target\":[\"https:\\\/\\\/rosanacl.com\\\/producto\\\/braga-selene-roxana\\\/\"]}]},{\"@type\":\"ImageObject\",\"inLanguage\":\"pl-PL\",\"@id\":\"https:\\\/\\\/rosanacl.com\\\/producto\\\/braga-selene-roxana\\\/#primaryimage\",\"url\":\"https:\\\/\\\/rosanacl.com\\\/wp-content\\\/uploads\\\/2025\\\/08\\\/1-7.png\",\"contentUrl\":\"https:\\\/\\\/rosanacl.com\\\/wp-content\\\/uploads\\\/2025\\\/08\\\/1-7.png\",\"width\":1333,\"height\":1333},{\"@type\":\"BreadcrumbList\",\"@id\":\"https:\\\/\\\/rosanacl.com\\\/producto\\\/braga-selene-roxana\\\/#breadcrumb\",\"itemListElement\":[{\"@type\":\"ListItem\",\"position\":1,\"name\":\"Portada\",\"item\":\"https:\\\/\\\/rosanacl.com\\\/ca\\\/\"},{\"@type\":\"ListItem\",\"position\":2,\"name\":\"Tienda\",\"item\":\"https:\\\/\\\/rosanacl.com\\\/ca\\\/tienda\\\/\"},{\"@type\":\"ListItem\",\"position\":3,\"name\":\"Braga Selene Roxana\"}]},{\"@type\":\"WebSite\",\"@id\":\"https:\\\/\\\/rosanacl.com\\\/ca\\\/#website\",\"url\":\"https:\\\/\\\/rosanacl.com\\\/ca\\\/\",\"name\":\"Rosana CL\",\"description\":\"Somos tu interior\",\"potentialAction\":[{\"@type\":\"SearchAction\",\"target\":{\"@type\":\"EntryPoint\",\"urlTemplate\":\"https:\\\/\\\/rosanacl.com\\\/ca\\\/?s={search_term_string}\"},\"query-input\":{\"@type\":\"PropertyValueSpecification\",\"valueRequired\":true,\"valueName\":\"search_term_string\"}}],\"inLanguage\":\"pl-PL\"}]}<\/script>\n<!-- \/ Yoast SEO plugin. -->","yoast_head_json":{"title":"Braga Selene Roxana - Rosana CL","robots":{"index":"index","follow":"follow","max-snippet":"max-snippet:-1","max-image-preview":"max-image-preview:large","max-video-preview":"max-video-preview:-1"},"canonical":"https:\/\/rosanacl.com\/pl\/produkt\/braga-selene-roxana\/","og_locale":"pl_PL","og_type":"article","og_title":"Braga Selene Roxana - Rosana CL","og_description":"La Braga Selene Roxana es una braga alta de control pensada para estilizar la zona del vientre con comodidad y un acabado elegante. Su combinaci\u00f3n de tul y detalle de fantas\u00eda en la parte delantera aporta un toque fino y femenino, ideal para sentirte sujeta sin renunciar a la suavidad. Es perfecta si buscas una [&hellip;]","og_url":"https:\/\/rosanacl.com\/pl\/produkt\/braga-selene-roxana\/","og_site_name":"Rosana CL","article_modified_time":"2026-01-08T02:07:48+00:00","og_image":[{"width":1024,"height":1024,"url":"https:\/\/rosanacl.com\/wp-content\/uploads\/2025\/08\/1-7-1024x1024.png","type":"image\/png"}],"twitter_card":"summary_large_image","twitter_misc":{"Szacowany czas czytania":"2 minuty"},"schema":{"@context":"https:\/\/schema.org","@graph":[{"@type":"WebPage","@id":"https:\/\/rosanacl.com\/producto\/braga-selene-roxana\/","url":"https:\/\/rosanacl.com\/producto\/braga-selene-roxana\/","name":"Braga Selene Roxana - Rosana CL","isPartOf":{"@id":"https:\/\/rosanacl.com\/ca\/#website"},"primaryImageOfPage":{"@id":"https:\/\/rosanacl.com\/producto\/braga-selene-roxana\/#primaryimage"},"image":{"@id":"https:\/\/rosanacl.com\/producto\/braga-selene-roxana\/#primaryimage"},"thumbnailUrl":"https:\/\/rosanacl.com\/wp-content\/uploads\/2025\/08\/1-7.png","datePublished":"2025-08-19T07:18:31+00:00","dateModified":"2026-01-08T02:07:48+00:00","breadcrumb":{"@id":"https:\/\/rosanacl.com\/producto\/braga-selene-roxana\/#breadcrumb"},"inLanguage":"pl-PL","potentialAction":[{"@type":"ReadAction","target":["https:\/\/rosanacl.com\/producto\/braga-selene-roxana\/"]}]},{"@type":"ImageObject","inLanguage":"pl-PL","@id":"https:\/\/rosanacl.com\/producto\/braga-selene-roxana\/#primaryimage","url":"https:\/\/rosanacl.com\/wp-content\/uploads\/2025\/08\/1-7.png","contentUrl":"https:\/\/rosanacl.com\/wp-content\/uploads\/2025\/08\/1-7.png","width":1333,"height":1333},{"@type":"BreadcrumbList","@id":"https:\/\/rosanacl.com\/producto\/braga-selene-roxana\/#breadcrumb","itemListElement":[{"@type":"ListItem","position":1,"name":"Portada","item":"https:\/\/rosanacl.com\/ca\/"},{"@type":"ListItem","position":2,"name":"Tienda","item":"https:\/\/rosanacl.com\/ca\/tienda\/"},{"@type":"ListItem","position":3,"name":"Braga Selene Roxana"}]},{"@type":"WebSite","@id":"https:\/\/rosanacl.com\/ca\/#website","url":"https:\/\/rosanacl.com\/ca\/","name":"Rosana CL","description":"Jeste\u015bmy Twoim wn\u0119trzem","potentialAction":[{"@type":"SearchAction","target":{"@type":"EntryPoint","urlTemplate":"https:\/\/rosanacl.com\/ca\/?s={search_term_string}"},"query-input":{"@type":"PropertyValueSpecification","valueRequired":true,"valueName":"search_term_string"}}],"inLanguage":"pl-PL"}]}},"_links":{"self":[{"href":"https:\/\/rosanacl.com\/pl\/wp-json\/wp\/v2\/product\/3446","targetHints":{"allow":["GET"]}}],"collection":[{"href":"https:\/\/rosanacl.com\/pl\/wp-json\/wp\/v2\/product"}],"about":[{"href":"https:\/\/rosanacl.com\/pl\/wp-json\/wp\/v2\/types\/product"}],"replies":[{"embeddable":true,"href":"https:\/\/rosanacl.com\/pl\/wp-json\/wp\/v2\/comments?post=3446"}],"version-history":[{"count":5,"href":"https:\/\/rosanacl.com\/pl\/wp-json\/wp\/v2\/product\/3446\/revisions"}],"predecessor-version":[{"id":4634,"href":"https:\/\/rosanacl.com\/pl\/wp-json\/wp\/v2\/product\/3446\/revisions\/4634"}],"wp:featuredmedia":[{"embeddable":true,"href":"https:\/\/rosanacl.com\/pl\/wp-json\/wp\/v2\/media\/3471"}],"wp:attachment":[{"href":"https:\/\/rosanacl.com\/pl\/wp-json\/wp\/v2\/media?parent=3446"}],"wp:term":[{"taxonomy":"product_brand","embeddable":true,"href":"https:\/\/rosanacl.com\/pl\/wp-json\/wp\/v2\/product_brand?post=3446"},{"taxonomy":"product_cat","embeddable":true,"href":"https:\/\/rosanacl.com\/pl\/wp-json\/wp\/v2\/product_cat?post=3446"},{"taxonomy":"product_tag","embeddable":true,"href":"https:\/\/rosanacl.com\/pl\/wp-json\/wp\/v2\/product_tag?post=3446"}],"curies":[{"name":"wp","href":"https:\/\/api.w.org\/{rel}","templated":true}]}}