{"id":3498,"date":"2025-08-19T09:36:13","date_gmt":"2025-08-19T07:36:13","guid":{"rendered":"https:\/\/rosanacl.com\/?post_type=product&#038;p=3498"},"modified":"2026-04-15T15:03:39","modified_gmt":"2026-04-15T13:03:39","slug":"braga-selene-3123","status":"publish","type":"product","link":"https:\/\/rosanacl.com\/pl\/produkt\/braga-selene-3123\/","title":{"rendered":"Braga Selene 3123"},"content":{"rendered":"<p>Figi Selene 3123 marki Creaciones Selene: figi z wysokim stanem, zaprojektowane tak, aby podkre\u015bla\u0107 sylwetk\u0119, zapewniaj\u0105c wygod\u0119 i eleganckie wyko\u0144czenie. Prz\u00f3d wykonany jest z subtelnie t\u0142oczonego materia\u0142u o wzorzystym wyko\u0144czeniu, a ty\u0142 jest g\u0142adki i mi\u0119kki w dotyku, zapewniaj\u0105c bezszwowe dopasowanie.<\/p>\n<p>Zaprojektowane, by towarzyszy\u0107 Ci ka\u017cdego dnia, nie rezygnuj\u0105c z \u00abdobrego\u00bb samopoczucia: ich wysoko wyci\u0119ty kr\u00f3j delikatnie unosi, zapewnia bezpiecze\u0144stwo i tworzy atrakcyjn\u0105 sylwetk\u0119 pod ubraniem. To idealne majtki, je\u015bli szukasz prawdziwego komfortu, dobrego podtrzymania i eleganckiego wygl\u0105du, zar\u00f3wno na co dzie\u0144, jak i na specjalne okazje.<\/p>\n<p>Szczeg\u00f3\u0142y, kt\u00f3re pokochasz<\/p>\n<ul>\n<li>Podkre\u015blaj\u0105ce figur\u0119 majtki z wysokim stanem: pomagaj\u0105 optycznie wyszczupli\u0107 sylwetk\u0119 i \u015bwietnie wygl\u0105da\u0107.<\/li>\n<li>Prz\u00f3d wykonany z nadrukowanej tkaniny: dodaje elegancji i niepowtarzalnego charakteru.<\/li>\n<li>G\u0142adka i wygodna ok\u0142adka: mi\u0119kka w dotyku i zapewniaj\u0105ca wygod\u0119 przez wiele godzin.<\/li>\n<li>Eleganckie wyko\u0144czenie pod ubraniem: zaprojektowane tak, aby wygl\u0105da\u0107 pi\u0119knie i zapewnia\u0107 wygod\u0119.<\/li>\n<li>Idealne do codziennego u\u017cytku: wygodne wsparcie.<\/li>\n<\/ul>\n<p>\ud83d\udde3\ufe0f Wskaz\u00f3wka: Te majtki z wysokim stanem Selene 3123 zosta\u0142y zaprojektowane tak, aby zapewni\u0107 Ci poczucie wsparcia i \u00ab\u0142adno\u015bci\u00bb, ale nie by\u0107 zbyt obcis\u0142e: wyt\u0142oczony prz\u00f3d dodaje odrobin\u0119 elegancji, a g\u0142adki ty\u0142 gwarantuje mi\u0119kkie dopasowanie i schludny wygl\u0105d pod ubraniem.<\/p>\n<p>\ud83d\udccf Uwaga: Je\u015bli wolisz wygodne, dopasowane majtki (bez widocznych linii), wybierz rozmiar, w kt\u00f3rym zazwyczaj czujesz si\u0119 najwygodniej w majtkach z wysokim stanem. Je\u015bli wahasz si\u0119 mi\u0119dzy dwoma rozmiarami, zastan\u00f3w si\u0119, jak wolisz je nosi\u0107: z wi\u0119kszym wsparciem (mniejszy rozmiar) czy z l\u017cejszym komfortem (wi\u0119kszy rozmiar).<\/p>\n<p>Zestaw: pasuje do biustonosza Selene Teresa i Mariv\u00ed.<\/p>\n<p>Sk\u0142ad: poliamid 85%, elastan 15%.<\/p>\n<div id=\"v1ms-outlook-mobile-body-separator-line\" dir=\"auto\"><p>\ud83c\udf38 Poniewa\u017c r\u00f3\u017cnica tkwi w szczeg\u00f3\u0142ach\u2026 a te szczeg\u00f3\u0142y s\u0105 zauwa\u017calne.<\/p>\n<\/div>","protected":false},"excerpt":{"rendered":"<p>Braga Selene 3123 de Creaciones Selene: braga alta pensada para estilizar la figura con un ajuste c\u00f3modo y un acabado elegante. La parte delantera destaca por su tejido estampado con relieve sutil, y la trasera mantiene un tacto liso y suave para que se adapte sin marcar. Dise\u00f1ada para acompa\u00f1arte en el d\u00eda a d\u00eda [&hellip;]<\/p>\n","protected":false},"featured_media":3524,"comment_status":"closed","ping_status":"closed","template":"","meta":{"content-type":""},"product_brand":[55],"product_cat":[19],"product_tag":[69],"class_list":{"0":"post-3498","1":"product","2":"type-product","3":"status-publish","4":"has-post-thumbnail","6":"product_brand-selene","7":"product_cat-braga","8":"product_tag-braga","10":"first","11":"instock","12":"taxable","13":"shipping-taxable","14":"purchasable","15":"product-type-variable"},"supplier_id":null,"supplier_sku":"","barcode":null,"atum_controlled":true,"out_stock_date":null,"out_stock_threshold":null,"inheritable":true,"inbound_stock":0,"stock_on_hold":1,"sold_today":1,"sales_last_days":1,"reserved_stock":0,"customer_returns":0,"warehouse_damage":0,"lost_in_post":0,"other_logs":0,"out_stock_days":null,"lost_sales":0,"has_location":false,"update_date":"2026-04-15T13:03:42","atum_locations":[],"atum_stock_status":"instock","restock_status":false,"low_stock_amount":"","sales_update_date":"2025-10-03T04:55:31","calc_backorders":null,"yoast_head":"<!-- This site is optimized with the Yoast SEO plugin v27.4 - https:\/\/yoast.com\/product\/yoast-seo-wordpress\/ -->\n<title>Braga Selene 3123 - Rosana CL<\/title>\n<meta name=\"robots\" content=\"index, follow, max-snippet:-1, max-image-preview:large, max-video-preview:-1\" \/>\n<link rel=\"canonical\" href=\"https:\/\/rosanacl.com\/pl\/produkt\/braga-selene-3123\/\" \/>\n<meta property=\"og:locale\" content=\"pl_PL\" \/>\n<meta property=\"og:type\" content=\"article\" \/>\n<meta property=\"og:title\" content=\"Braga Selene 3123 - Rosana CL\" \/>\n<meta property=\"og:description\" content=\"Braga Selene 3123 de Creaciones Selene: braga alta pensada para estilizar la figura con un ajuste c\u00f3modo y un acabado elegante. La parte delantera destaca por su tejido estampado con relieve sutil, y la trasera mantiene un tacto liso y suave para que se adapte sin marcar. Dise\u00f1ada para acompa\u00f1arte en el d\u00eda a d\u00eda [&hellip;]\" \/>\n<meta property=\"og:url\" content=\"https:\/\/rosanacl.com\/pl\/produkt\/braga-selene-3123\/\" \/>\n<meta property=\"og:site_name\" content=\"Rosana CL\" \/>\n<meta property=\"article:modified_time\" content=\"2026-04-15T13:03:39+00:00\" \/>\n<meta property=\"og:image\" content=\"https:\/\/rosanacl.com\/wp-content\/uploads\/2025\/08\/1-9.png\" \/>\n\t<meta property=\"og:image:width\" content=\"1333\" \/>\n\t<meta property=\"og:image:height\" content=\"1333\" \/>\n\t<meta property=\"og:image:type\" content=\"image\/png\" \/>\n<meta name=\"twitter:card\" content=\"summary_large_image\" \/>\n<meta name=\"twitter:label1\" content=\"Szacowany czas czytania\" \/>\n\t<meta name=\"twitter:data1\" content=\"2 minuty\" \/>\n<script type=\"application\/ld+json\" class=\"yoast-schema-graph\">{\"@context\":\"https:\\\/\\\/schema.org\",\"@graph\":[{\"@type\":\"WebPage\",\"@id\":\"https:\\\/\\\/rosanacl.com\\\/producto\\\/braga-selene-3123\\\/\",\"url\":\"https:\\\/\\\/rosanacl.com\\\/producto\\\/braga-selene-3123\\\/\",\"name\":\"Braga Selene 3123 - Rosana CL\",\"isPartOf\":{\"@id\":\"https:\\\/\\\/rosanacl.com\\\/ca\\\/#website\"},\"primaryImageOfPage\":{\"@id\":\"https:\\\/\\\/rosanacl.com\\\/producto\\\/braga-selene-3123\\\/#primaryimage\"},\"image\":{\"@id\":\"https:\\\/\\\/rosanacl.com\\\/producto\\\/braga-selene-3123\\\/#primaryimage\"},\"thumbnailUrl\":\"https:\\\/\\\/rosanacl.com\\\/wp-content\\\/uploads\\\/2025\\\/08\\\/1-9.png\",\"datePublished\":\"2025-08-19T07:36:13+00:00\",\"dateModified\":\"2026-04-15T13:03:39+00:00\",\"breadcrumb\":{\"@id\":\"https:\\\/\\\/rosanacl.com\\\/producto\\\/braga-selene-3123\\\/#breadcrumb\"},\"inLanguage\":\"pl-PL\",\"potentialAction\":[{\"@type\":\"ReadAction\",\"target\":[\"https:\\\/\\\/rosanacl.com\\\/producto\\\/braga-selene-3123\\\/\"]}]},{\"@type\":\"ImageObject\",\"inLanguage\":\"pl-PL\",\"@id\":\"https:\\\/\\\/rosanacl.com\\\/producto\\\/braga-selene-3123\\\/#primaryimage\",\"url\":\"https:\\\/\\\/rosanacl.com\\\/wp-content\\\/uploads\\\/2025\\\/08\\\/1-9.png\",\"contentUrl\":\"https:\\\/\\\/rosanacl.com\\\/wp-content\\\/uploads\\\/2025\\\/08\\\/1-9.png\",\"width\":1333,\"height\":1333},{\"@type\":\"BreadcrumbList\",\"@id\":\"https:\\\/\\\/rosanacl.com\\\/producto\\\/braga-selene-3123\\\/#breadcrumb\",\"itemListElement\":[{\"@type\":\"ListItem\",\"position\":1,\"name\":\"Portada\",\"item\":\"https:\\\/\\\/rosanacl.com\\\/ca\\\/\"},{\"@type\":\"ListItem\",\"position\":2,\"name\":\"Tienda\",\"item\":\"https:\\\/\\\/rosanacl.com\\\/ca\\\/tienda\\\/\"},{\"@type\":\"ListItem\",\"position\":3,\"name\":\"Braga Selene 3123\"}]},{\"@type\":\"WebSite\",\"@id\":\"https:\\\/\\\/rosanacl.com\\\/ca\\\/#website\",\"url\":\"https:\\\/\\\/rosanacl.com\\\/ca\\\/\",\"name\":\"Rosana CL\",\"description\":\"Somos tu interior\",\"potentialAction\":[{\"@type\":\"SearchAction\",\"target\":{\"@type\":\"EntryPoint\",\"urlTemplate\":\"https:\\\/\\\/rosanacl.com\\\/ca\\\/?s={search_term_string}\"},\"query-input\":{\"@type\":\"PropertyValueSpecification\",\"valueRequired\":true,\"valueName\":\"search_term_string\"}}],\"inLanguage\":\"pl-PL\"}]}<\/script>\n<!-- \/ Yoast SEO plugin. -->","yoast_head_json":{"title":"Braga Selene 3123 - Rosana CL","robots":{"index":"index","follow":"follow","max-snippet":"max-snippet:-1","max-image-preview":"max-image-preview:large","max-video-preview":"max-video-preview:-1"},"canonical":"https:\/\/rosanacl.com\/pl\/produkt\/braga-selene-3123\/","og_locale":"pl_PL","og_type":"article","og_title":"Braga Selene 3123 - Rosana CL","og_description":"Braga Selene 3123 de Creaciones Selene: braga alta pensada para estilizar la figura con un ajuste c\u00f3modo y un acabado elegante. La parte delantera destaca por su tejido estampado con relieve sutil, y la trasera mantiene un tacto liso y suave para que se adapte sin marcar. Dise\u00f1ada para acompa\u00f1arte en el d\u00eda a d\u00eda [&hellip;]","og_url":"https:\/\/rosanacl.com\/pl\/produkt\/braga-selene-3123\/","og_site_name":"Rosana CL","article_modified_time":"2026-04-15T13:03:39+00:00","og_image":[{"width":1333,"height":1333,"url":"https:\/\/rosanacl.com\/wp-content\/uploads\/2025\/08\/1-9.png","type":"image\/png"}],"twitter_card":"summary_large_image","twitter_misc":{"Szacowany czas czytania":"2 minuty"},"schema":{"@context":"https:\/\/schema.org","@graph":[{"@type":"WebPage","@id":"https:\/\/rosanacl.com\/producto\/braga-selene-3123\/","url":"https:\/\/rosanacl.com\/producto\/braga-selene-3123\/","name":"Braga Selene 3123 - Rosana CL","isPartOf":{"@id":"https:\/\/rosanacl.com\/ca\/#website"},"primaryImageOfPage":{"@id":"https:\/\/rosanacl.com\/producto\/braga-selene-3123\/#primaryimage"},"image":{"@id":"https:\/\/rosanacl.com\/producto\/braga-selene-3123\/#primaryimage"},"thumbnailUrl":"https:\/\/rosanacl.com\/wp-content\/uploads\/2025\/08\/1-9.png","datePublished":"2025-08-19T07:36:13+00:00","dateModified":"2026-04-15T13:03:39+00:00","breadcrumb":{"@id":"https:\/\/rosanacl.com\/producto\/braga-selene-3123\/#breadcrumb"},"inLanguage":"pl-PL","potentialAction":[{"@type":"ReadAction","target":["https:\/\/rosanacl.com\/producto\/braga-selene-3123\/"]}]},{"@type":"ImageObject","inLanguage":"pl-PL","@id":"https:\/\/rosanacl.com\/producto\/braga-selene-3123\/#primaryimage","url":"https:\/\/rosanacl.com\/wp-content\/uploads\/2025\/08\/1-9.png","contentUrl":"https:\/\/rosanacl.com\/wp-content\/uploads\/2025\/08\/1-9.png","width":1333,"height":1333},{"@type":"BreadcrumbList","@id":"https:\/\/rosanacl.com\/producto\/braga-selene-3123\/#breadcrumb","itemListElement":[{"@type":"ListItem","position":1,"name":"Portada","item":"https:\/\/rosanacl.com\/ca\/"},{"@type":"ListItem","position":2,"name":"Tienda","item":"https:\/\/rosanacl.com\/ca\/tienda\/"},{"@type":"ListItem","position":3,"name":"Braga Selene 3123"}]},{"@type":"WebSite","@id":"https:\/\/rosanacl.com\/ca\/#website","url":"https:\/\/rosanacl.com\/ca\/","name":"Rosana CL","description":"Jeste\u015bmy Twoim wn\u0119trzem","potentialAction":[{"@type":"SearchAction","target":{"@type":"EntryPoint","urlTemplate":"https:\/\/rosanacl.com\/ca\/?s={search_term_string}"},"query-input":{"@type":"PropertyValueSpecification","valueRequired":true,"valueName":"search_term_string"}}],"inLanguage":"pl-PL"}]}},"_links":{"self":[{"href":"https:\/\/rosanacl.com\/pl\/wp-json\/wp\/v2\/product\/3498","targetHints":{"allow":["GET"]}}],"collection":[{"href":"https:\/\/rosanacl.com\/pl\/wp-json\/wp\/v2\/product"}],"about":[{"href":"https:\/\/rosanacl.com\/pl\/wp-json\/wp\/v2\/types\/product"}],"replies":[{"embeddable":true,"href":"https:\/\/rosanacl.com\/pl\/wp-json\/wp\/v2\/comments?post=3498"}],"version-history":[{"count":5,"href":"https:\/\/rosanacl.com\/pl\/wp-json\/wp\/v2\/product\/3498\/revisions"}],"predecessor-version":[{"id":4636,"href":"https:\/\/rosanacl.com\/pl\/wp-json\/wp\/v2\/product\/3498\/revisions\/4636"}],"wp:featuredmedia":[{"embeddable":true,"href":"https:\/\/rosanacl.com\/pl\/wp-json\/wp\/v2\/media\/3524"}],"wp:attachment":[{"href":"https:\/\/rosanacl.com\/pl\/wp-json\/wp\/v2\/media?parent=3498"}],"wp:term":[{"taxonomy":"product_brand","embeddable":true,"href":"https:\/\/rosanacl.com\/pl\/wp-json\/wp\/v2\/product_brand?post=3498"},{"taxonomy":"product_cat","embeddable":true,"href":"https:\/\/rosanacl.com\/pl\/wp-json\/wp\/v2\/product_cat?post=3498"},{"taxonomy":"product_tag","embeddable":true,"href":"https:\/\/rosanacl.com\/pl\/wp-json\/wp\/v2\/product_tag?post=3498"}],"curies":[{"name":"wp","href":"https:\/\/api.w.org\/{rel}","templated":true}]}}