{"id":3530,"date":"2025-08-19T09:50:26","date_gmt":"2025-08-19T07:50:26","guid":{"rendered":"https:\/\/rosanacl.com\/?post_type=product&#038;p=3530"},"modified":"2026-01-08T03:11:56","modified_gmt":"2026-01-08T02:11:56","slug":"tanga-selene-3125","status":"publish","type":"product","link":"https:\/\/rosanacl.com\/pl\/produkt\/tanga-selene-3125\/","title":{"rendered":"Stringi Selene 3125"},"content":{"rendered":"<p>Stringi Selene 3125 marki Creaciones Selene: eleganckie i wygodne, zaprojektowane tak, aby zapewni\u0107 Ci lekko\u015b\u0107 i pewno\u015b\u0107 siebie przez ca\u0142y dzie\u0144. Ich kr\u00f3j podkre\u015bla sylwetk\u0119 i idealnie dopasowuje si\u0119 do cia\u0142a, zapewniaj\u0105c pi\u0119kne i kobiece wyko\u0144czenie.<\/p>\n<p>Model 3125 wyr\u00f3\u017cnia si\u0119 \u017cakardow\u0105 faktur\u0105 materia\u0142u z przodu, kt\u00f3ra nadaje mu wyrafinowany charakter, nie rezygnuj\u0105c jednocze\u015bnie z mi\u0119kko\u015bci i wygody. Idealnie nadaje si\u0119 do noszenia na co dzie\u0144 lub na bardziej wyj\u0105tkowy str\u00f3j.<\/p>\n<p>Szczeg\u00f3\u0142y, kt\u00f3re pokochasz<\/p>\n<ul>\n<li>Konstrukcja w stylu string\u00f3w: efekt czystszy i bardziej dyskretny pod obcis\u0142ymi ubraniami.<\/li>\n<li>Teksturowana\/\u017cakardowa tkanina z przodu: elegancki i wyj\u0105tkowy akcent.<\/li>\n<li>Wygodne dopasowanie, kt\u00f3re porusza si\u0119 razem z Tob\u0105, nie ograniczaj\u0105c przy tym swobody ruch\u00f3w.<\/li>\n<li>Wyko\u0144czenie korzystne: wyszczupla i podkre\u015bla sylwetk\u0119, nie b\u0119d\u0105c przy tym zbyt ostrym.<\/li>\n<li>Doskonale komponuje si\u0119 ze stanikami Selene Noah, Chloe i Doris.<\/li>\n<\/ul>\n<p>\ud83d\udde3\ufe0f Wskaz\u00f3wka: stringi Selene 3125 zosta\u0142y zaprojektowane tak, aby zapewni\u0107 uczucie lekko\u015bci i \u00abdrugiej sk\u00f3ry\u00bb: \u017cakardowa faktura przodu dodaje eleganckiego akcentu, nie trac\u0105c przy tym mi\u0119kko\u015bci, a ty\u0142 pozostaje dyskretny pod ubraniem.<\/p>\n<p>\ud83d\udccf Uwaga: Przed zakupem wybierz sw\u00f3j standardowy rozmiar majtek. Je\u015bli jeste\u015b pomi\u0119dzy rozmiarami lub nie podoba Ci si\u0119 widoczna linia, wybierz rozmiar wi\u0119kszy, aby zapewni\u0107 sobie wi\u0119kszy komfort. Dla pewno\u015bci por\u00f3wnaj go z idealnie dopasowan\u0105 par\u0105 swoich majtek i, je\u015bli to mo\u017cliwe, zmierz obw\u00f3d bioder (w najszerszym miejscu).<\/p>\n<p>Sk\u0142ad: poliamid 76%, elastan 13%, bawe\u0142na 11%.<\/p>\n<p>\ud83d\udc8e Wyko\u0144czenie, kt\u00f3re sprawi, \u017ce Twoja stylizacja b\u0119dzie wygl\u0105da\u0107 &quot;WOW&quot;.<\/p>","protected":false},"excerpt":{"rendered":"<p>Tanga Selene 3125 de Creaciones Selene: una prenda elegante y c\u00f3moda, pensada para que te sientas ligera y favorecida todo el d\u00eda. Su dise\u00f1o estiliza la silueta y queda perfecto bajo la ropa, con un acabado bonito y femenino. El 3125 destaca por su tejido con textura tipo jacquard en la parte delantera, que le [&hellip;]<\/p>\n","protected":false},"featured_media":3547,"comment_status":"closed","ping_status":"closed","template":"","meta":{"content-type":""},"product_brand":[55],"product_cat":[19],"product_tag":[69,122],"class_list":{"0":"post-3530","1":"product","2":"type-product","3":"status-publish","4":"has-post-thumbnail","6":"product_brand-selene","7":"product_cat-braga","8":"product_tag-braga","9":"product_tag-tanga","11":"first","12":"instock","13":"taxable","14":"shipping-taxable","15":"purchasable","16":"product-type-variable"},"supplier_id":null,"supplier_sku":"","barcode":null,"atum_controlled":true,"out_stock_date":null,"out_stock_threshold":null,"inheritable":true,"inbound_stock":0,"stock_on_hold":0,"sold_today":0,"sales_last_days":0,"reserved_stock":0,"customer_returns":0,"warehouse_damage":0,"lost_in_post":0,"other_logs":0,"out_stock_days":null,"lost_sales":0,"has_location":false,"update_date":"2026-01-08T02:11:57","atum_locations":[],"atum_stock_status":"instock","restock_status":false,"low_stock_amount":"","sales_update_date":"2025-10-03T04:55:31","calc_backorders":null,"yoast_head":"<!-- This site is optimized with the Yoast SEO plugin v27.4 - https:\/\/yoast.com\/product\/yoast-seo-wordpress\/ -->\n<title>Tanga Selene 3125 - Rosana CL<\/title>\n<meta name=\"robots\" content=\"index, follow, max-snippet:-1, max-image-preview:large, max-video-preview:-1\" \/>\n<link rel=\"canonical\" href=\"https:\/\/rosanacl.com\/pl\/produkt\/tanga-selene-3125\/\" \/>\n<meta property=\"og:locale\" content=\"pl_PL\" \/>\n<meta property=\"og:type\" content=\"article\" \/>\n<meta property=\"og:title\" content=\"Tanga Selene 3125 - Rosana CL\" \/>\n<meta property=\"og:description\" content=\"Tanga Selene 3125 de Creaciones Selene: una prenda elegante y c\u00f3moda, pensada para que te sientas ligera y favorecida todo el d\u00eda. Su dise\u00f1o estiliza la silueta y queda perfecto bajo la ropa, con un acabado bonito y femenino. El 3125 destaca por su tejido con textura tipo jacquard en la parte delantera, que le [&hellip;]\" \/>\n<meta property=\"og:url\" content=\"https:\/\/rosanacl.com\/pl\/produkt\/tanga-selene-3125\/\" \/>\n<meta property=\"og:site_name\" content=\"Rosana CL\" \/>\n<meta property=\"article:modified_time\" content=\"2026-01-08T02:11:56+00:00\" \/>\n<meta property=\"og:image\" content=\"https:\/\/rosanacl.com\/wp-content\/uploads\/2025\/08\/1-10.png\" \/>\n\t<meta property=\"og:image:width\" content=\"1166\" \/>\n\t<meta property=\"og:image:height\" content=\"1333\" \/>\n\t<meta property=\"og:image:type\" content=\"image\/png\" \/>\n<meta name=\"twitter:card\" content=\"summary_large_image\" \/>\n<meta name=\"twitter:label1\" content=\"Szacowany czas czytania\" \/>\n\t<meta name=\"twitter:data1\" content=\"2 minuty\" \/>\n<script type=\"application\/ld+json\" class=\"yoast-schema-graph\">{\"@context\":\"https:\\\/\\\/schema.org\",\"@graph\":[{\"@type\":\"WebPage\",\"@id\":\"https:\\\/\\\/rosanacl.com\\\/producto\\\/tanga-selene-3125\\\/\",\"url\":\"https:\\\/\\\/rosanacl.com\\\/producto\\\/tanga-selene-3125\\\/\",\"name\":\"Tanga Selene 3125 - Rosana CL\",\"isPartOf\":{\"@id\":\"https:\\\/\\\/rosanacl.com\\\/ca\\\/#website\"},\"primaryImageOfPage\":{\"@id\":\"https:\\\/\\\/rosanacl.com\\\/producto\\\/tanga-selene-3125\\\/#primaryimage\"},\"image\":{\"@id\":\"https:\\\/\\\/rosanacl.com\\\/producto\\\/tanga-selene-3125\\\/#primaryimage\"},\"thumbnailUrl\":\"https:\\\/\\\/rosanacl.com\\\/wp-content\\\/uploads\\\/2025\\\/08\\\/1-10.png\",\"datePublished\":\"2025-08-19T07:50:26+00:00\",\"dateModified\":\"2026-01-08T02:11:56+00:00\",\"breadcrumb\":{\"@id\":\"https:\\\/\\\/rosanacl.com\\\/producto\\\/tanga-selene-3125\\\/#breadcrumb\"},\"inLanguage\":\"pl-PL\",\"potentialAction\":[{\"@type\":\"ReadAction\",\"target\":[\"https:\\\/\\\/rosanacl.com\\\/producto\\\/tanga-selene-3125\\\/\"]}]},{\"@type\":\"ImageObject\",\"inLanguage\":\"pl-PL\",\"@id\":\"https:\\\/\\\/rosanacl.com\\\/producto\\\/tanga-selene-3125\\\/#primaryimage\",\"url\":\"https:\\\/\\\/rosanacl.com\\\/wp-content\\\/uploads\\\/2025\\\/08\\\/1-10.png\",\"contentUrl\":\"https:\\\/\\\/rosanacl.com\\\/wp-content\\\/uploads\\\/2025\\\/08\\\/1-10.png\",\"width\":1166,\"height\":1333},{\"@type\":\"BreadcrumbList\",\"@id\":\"https:\\\/\\\/rosanacl.com\\\/producto\\\/tanga-selene-3125\\\/#breadcrumb\",\"itemListElement\":[{\"@type\":\"ListItem\",\"position\":1,\"name\":\"Portada\",\"item\":\"https:\\\/\\\/rosanacl.com\\\/ca\\\/\"},{\"@type\":\"ListItem\",\"position\":2,\"name\":\"Tienda\",\"item\":\"https:\\\/\\\/rosanacl.com\\\/ca\\\/tienda\\\/\"},{\"@type\":\"ListItem\",\"position\":3,\"name\":\"Tanga Selene 3125\"}]},{\"@type\":\"WebSite\",\"@id\":\"https:\\\/\\\/rosanacl.com\\\/ca\\\/#website\",\"url\":\"https:\\\/\\\/rosanacl.com\\\/ca\\\/\",\"name\":\"Rosana CL\",\"description\":\"Somos tu interior\",\"potentialAction\":[{\"@type\":\"SearchAction\",\"target\":{\"@type\":\"EntryPoint\",\"urlTemplate\":\"https:\\\/\\\/rosanacl.com\\\/ca\\\/?s={search_term_string}\"},\"query-input\":{\"@type\":\"PropertyValueSpecification\",\"valueRequired\":true,\"valueName\":\"search_term_string\"}}],\"inLanguage\":\"pl-PL\"}]}<\/script>\n<!-- \/ Yoast SEO plugin. -->","yoast_head_json":{"title":"Tanga Selene 3125 - Rosana CL","robots":{"index":"index","follow":"follow","max-snippet":"max-snippet:-1","max-image-preview":"max-image-preview:large","max-video-preview":"max-video-preview:-1"},"canonical":"https:\/\/rosanacl.com\/pl\/produkt\/tanga-selene-3125\/","og_locale":"pl_PL","og_type":"article","og_title":"Tanga Selene 3125 - Rosana CL","og_description":"Tanga Selene 3125 de Creaciones Selene: una prenda elegante y c\u00f3moda, pensada para que te sientas ligera y favorecida todo el d\u00eda. Su dise\u00f1o estiliza la silueta y queda perfecto bajo la ropa, con un acabado bonito y femenino. El 3125 destaca por su tejido con textura tipo jacquard en la parte delantera, que le [&hellip;]","og_url":"https:\/\/rosanacl.com\/pl\/produkt\/tanga-selene-3125\/","og_site_name":"Rosana CL","article_modified_time":"2026-01-08T02:11:56+00:00","og_image":[{"width":1166,"height":1333,"url":"https:\/\/rosanacl.com\/wp-content\/uploads\/2025\/08\/1-10.png","type":"image\/png"}],"twitter_card":"summary_large_image","twitter_misc":{"Szacowany czas czytania":"2 minuty"},"schema":{"@context":"https:\/\/schema.org","@graph":[{"@type":"WebPage","@id":"https:\/\/rosanacl.com\/producto\/tanga-selene-3125\/","url":"https:\/\/rosanacl.com\/producto\/tanga-selene-3125\/","name":"Tanga Selene 3125 - Rosana CL","isPartOf":{"@id":"https:\/\/rosanacl.com\/ca\/#website"},"primaryImageOfPage":{"@id":"https:\/\/rosanacl.com\/producto\/tanga-selene-3125\/#primaryimage"},"image":{"@id":"https:\/\/rosanacl.com\/producto\/tanga-selene-3125\/#primaryimage"},"thumbnailUrl":"https:\/\/rosanacl.com\/wp-content\/uploads\/2025\/08\/1-10.png","datePublished":"2025-08-19T07:50:26+00:00","dateModified":"2026-01-08T02:11:56+00:00","breadcrumb":{"@id":"https:\/\/rosanacl.com\/producto\/tanga-selene-3125\/#breadcrumb"},"inLanguage":"pl-PL","potentialAction":[{"@type":"ReadAction","target":["https:\/\/rosanacl.com\/producto\/tanga-selene-3125\/"]}]},{"@type":"ImageObject","inLanguage":"pl-PL","@id":"https:\/\/rosanacl.com\/producto\/tanga-selene-3125\/#primaryimage","url":"https:\/\/rosanacl.com\/wp-content\/uploads\/2025\/08\/1-10.png","contentUrl":"https:\/\/rosanacl.com\/wp-content\/uploads\/2025\/08\/1-10.png","width":1166,"height":1333},{"@type":"BreadcrumbList","@id":"https:\/\/rosanacl.com\/producto\/tanga-selene-3125\/#breadcrumb","itemListElement":[{"@type":"ListItem","position":1,"name":"Portada","item":"https:\/\/rosanacl.com\/ca\/"},{"@type":"ListItem","position":2,"name":"Tienda","item":"https:\/\/rosanacl.com\/ca\/tienda\/"},{"@type":"ListItem","position":3,"name":"Tanga Selene 3125"}]},{"@type":"WebSite","@id":"https:\/\/rosanacl.com\/ca\/#website","url":"https:\/\/rosanacl.com\/ca\/","name":"Rosana CL","description":"Jeste\u015bmy Twoim wn\u0119trzem","potentialAction":[{"@type":"SearchAction","target":{"@type":"EntryPoint","urlTemplate":"https:\/\/rosanacl.com\/ca\/?s={search_term_string}"},"query-input":{"@type":"PropertyValueSpecification","valueRequired":true,"valueName":"search_term_string"}}],"inLanguage":"pl-PL"}]}},"_links":{"self":[{"href":"https:\/\/rosanacl.com\/pl\/wp-json\/wp\/v2\/product\/3530","targetHints":{"allow":["GET"]}}],"collection":[{"href":"https:\/\/rosanacl.com\/pl\/wp-json\/wp\/v2\/product"}],"about":[{"href":"https:\/\/rosanacl.com\/pl\/wp-json\/wp\/v2\/types\/product"}],"replies":[{"embeddable":true,"href":"https:\/\/rosanacl.com\/pl\/wp-json\/wp\/v2\/comments?post=3530"}],"version-history":[{"count":5,"href":"https:\/\/rosanacl.com\/pl\/wp-json\/wp\/v2\/product\/3530\/revisions"}],"predecessor-version":[{"id":4637,"href":"https:\/\/rosanacl.com\/pl\/wp-json\/wp\/v2\/product\/3530\/revisions\/4637"}],"wp:featuredmedia":[{"embeddable":true,"href":"https:\/\/rosanacl.com\/pl\/wp-json\/wp\/v2\/media\/3547"}],"wp:attachment":[{"href":"https:\/\/rosanacl.com\/pl\/wp-json\/wp\/v2\/media?parent=3530"}],"wp:term":[{"taxonomy":"product_brand","embeddable":true,"href":"https:\/\/rosanacl.com\/pl\/wp-json\/wp\/v2\/product_brand?post=3530"},{"taxonomy":"product_cat","embeddable":true,"href":"https:\/\/rosanacl.com\/pl\/wp-json\/wp\/v2\/product_cat?post=3530"},{"taxonomy":"product_tag","embeddable":true,"href":"https:\/\/rosanacl.com\/pl\/wp-json\/wp\/v2\/product_tag?post=3530"}],"curies":[{"name":"wp","href":"https:\/\/api.w.org\/{rel}","templated":true}]}}