{"id":3552,"date":"2025-08-19T09:56:34","date_gmt":"2025-08-19T07:56:34","guid":{"rendered":"https:\/\/rosanacl.com\/?post_type=product&#038;p=3552"},"modified":"2026-01-07T23:53:05","modified_gmt":"2026-01-07T22:53:05","slug":"body-selene-cristina","status":"publish","type":"product","link":"https:\/\/rosanacl.com\/pl\/produkt\/body-selene-cristina\/","title":{"rendered":"Cia\u0142o Selene Cristina"},"content":{"rendered":"<p>Body Selene Cristina: el body moldeador de microfibra que estiliza la silueta con un acabado limpio, elegante y muy c\u00f3modo.<br \/>\nDise\u00f1ado para aportar sujeci\u00f3n real en el pecho (con aros y sin relleno) y, a la vez, una sensaci\u00f3n de control suave en la zona del abdomen.<\/p>\n<p>Cristina to idealny wyb\u00f3r, je\u015bli szukasz body, kt\u00f3re spe\u0142nia wszystkie Twoje oczekiwania: pi\u0119knie, naturalnie podkre\u015bla biust, modeluje tali\u0119 bez uczucia ucisku i tworzy bardziej wyrazist\u0105 sylwetk\u0119 pod ubraniem. Materia\u0142 z mikrofibry dopasowuje si\u0119 do cia\u0142a jak druga sk\u00f3ra, zapewniaj\u0105c mi\u0119kko\u015b\u0107 i pi\u0119kny wygl\u0105d.<\/p>\n<p>Dodatkowo posiada wzmocnienia w okolicy brzucha, kt\u00f3re maj\u0105 na celu wyg\u0142adzenie wizualne i uzyskanie bardziej eleganckiego efektu w sukienkach, dopasowanych ubraniach i codziennych stylizacjach.<\/p>\n<p>Szczeg\u00f3\u0142y, kt\u00f3re zauwa\u017cysz, gdy je za\u0142o\u017cysz<\/p>\n<ul>\n<li>Body modeluj\u0105ce z mi\u0119kkiej i wygodnej mikrofibry.<\/li>\n<li>Fiszbiny zapewniaj\u0105 solidne wsparcie i pi\u0119knie kszta\u0142tuj\u0105 biust.<\/li>\n<li>Bez wype\u0142niaczy, dla naturalnego i lekkiego wyko\u0144czenia.<\/li>\n<li>Wzmocnienie brzucha pomagaj\u0105ce wyg\u0142adzi\u0107 i wystylizowa\u0107 sylwetk\u0119.<\/li>\n<li>Doskonale nadaje si\u0119 do noszenia jako bielizna lub jako okrycie wierzchnie w po\u0142\u0105czeniu z marynark\u0105\/kurtk\u0105.<\/li>\n<\/ul>\n<p>\ud83d\udde3\ufe0f Wskaz\u00f3wka: Biustonosz Cristina zosta\u0142 zaprojektowany tak, aby delikatnie modelowa\u0107 brzuch i zapewni\u0107 prawdziwe wsparcie biustu dzi\u0119ki mikrofibrze przypominaj\u0105cej \u00abdrug\u0105 sk\u00f3r\u0119\u00bb. Podkre\u015bla sylwetk\u0119 i sprawia, \u017ce wygl\u0105dasz elegancko pod ubraniem, nie daj\u0105c uczucia sztywno\u015bci.<\/p>\n<p>\ud83d\udccf Uwaga: Przed zakupem skorzystaj z tego prostego przewodnika po rozmiarach: wybierz sw\u00f3j rozmiar, je\u015bli biustonosz wyszczuplaj\u0105cy brzuch le\u017cy p\u0142asko i stabilnie (bez podwijania si\u0119), a biust jest wy\u015brodkowany bez \u017cadnych przerw. Je\u015bli zazwyczaj wbija si\u0119 w cia\u0142o podczas siedzenia lub jest ciasny, zam\u00f3w o rozmiar wi\u0119kszy; je\u015bli zazwyczaj jest lu\u017any w talii\/brzuchu lub Tw\u00f3j biust nie jest podtrzymywany, zam\u00f3w o rozmiar mniejszy.<\/p>\n<p>Sk\u0142ad: poliamid 84%, poliester 16%.<\/p>\n<p>\u2728 Body Cristina: wsparcie, kontrola i spektakularna sylwetka\u2026 ju\u017c od momentu za\u0142o\u017cenia.<\/p>","protected":false},"excerpt":{"rendered":"<p>Body Selene Cristina: el body moldeador de microfibra que estiliza la silueta con un acabado limpio, elegante y muy c\u00f3modo. Dise\u00f1ado para aportar sujeci\u00f3n real en el pecho (con aros y sin relleno) y, a la vez, una sensaci\u00f3n de control suave en la zona del abdomen. El Cristina es ideal si buscas un body [&hellip;]<\/p>\n","protected":false},"featured_media":3563,"comment_status":"closed","ping_status":"closed","template":"","meta":{"content-type":""},"product_brand":[55],"product_cat":[18],"product_tag":[66],"class_list":{"0":"post-3552","1":"product","2":"type-product","3":"status-publish","4":"has-post-thumbnail","6":"product_brand-selene","7":"product_cat-body","8":"product_tag-body","10":"first","11":"instock","12":"taxable","13":"shipping-taxable","14":"purchasable","15":"product-type-variable"},"supplier_id":null,"supplier_sku":"","barcode":null,"atum_controlled":true,"out_stock_date":null,"out_stock_threshold":null,"inheritable":true,"inbound_stock":0,"stock_on_hold":0,"sold_today":null,"sales_last_days":null,"reserved_stock":0,"customer_returns":0,"warehouse_damage":0,"lost_in_post":0,"other_logs":0,"out_stock_days":null,"lost_sales":null,"has_location":false,"update_date":"2026-01-07T22:53:06","atum_locations":[],"atum_stock_status":"instock","restock_status":false,"low_stock_amount":"","sales_update_date":"2025-10-03T04:55:30","calc_backorders":null,"yoast_head":"<!-- This site is optimized with the Yoast SEO plugin v27.4 - https:\/\/yoast.com\/product\/yoast-seo-wordpress\/ -->\n<title>Body Selene Cristina - Rosana CL<\/title>\n<meta name=\"robots\" content=\"index, follow, max-snippet:-1, max-image-preview:large, max-video-preview:-1\" \/>\n<link rel=\"canonical\" href=\"https:\/\/rosanacl.com\/pl\/produkt\/body-selene-cristina\/\" \/>\n<meta property=\"og:locale\" content=\"pl_PL\" \/>\n<meta property=\"og:type\" content=\"article\" \/>\n<meta property=\"og:title\" content=\"Body Selene Cristina - Rosana CL\" \/>\n<meta property=\"og:description\" content=\"Body Selene Cristina: el body moldeador de microfibra que estiliza la silueta con un acabado limpio, elegante y muy c\u00f3modo. Dise\u00f1ado para aportar sujeci\u00f3n real en el pecho (con aros y sin relleno) y, a la vez, una sensaci\u00f3n de control suave en la zona del abdomen. El Cristina es ideal si buscas un body [&hellip;]\" \/>\n<meta property=\"og:url\" content=\"https:\/\/rosanacl.com\/pl\/produkt\/body-selene-cristina\/\" \/>\n<meta property=\"og:site_name\" content=\"Rosana CL\" \/>\n<meta property=\"article:modified_time\" content=\"2026-01-07T22:53:05+00:00\" \/>\n<meta property=\"og:image\" content=\"https:\/\/rosanacl.com\/wp-content\/uploads\/2025\/08\/1-11.png\" \/>\n\t<meta property=\"og:image:width\" content=\"800\" \/>\n\t<meta property=\"og:image:height\" content=\"800\" \/>\n\t<meta property=\"og:image:type\" content=\"image\/png\" \/>\n<meta name=\"twitter:card\" content=\"summary_large_image\" \/>\n<meta name=\"twitter:label1\" content=\"Szacowany czas czytania\" \/>\n\t<meta name=\"twitter:data1\" content=\"2 minuty\" \/>\n<script type=\"application\/ld+json\" class=\"yoast-schema-graph\">{\"@context\":\"https:\\\/\\\/schema.org\",\"@graph\":[{\"@type\":\"WebPage\",\"@id\":\"https:\\\/\\\/rosanacl.com\\\/producto\\\/body-selene-cristina\\\/\",\"url\":\"https:\\\/\\\/rosanacl.com\\\/producto\\\/body-selene-cristina\\\/\",\"name\":\"Body Selene Cristina - Rosana CL\",\"isPartOf\":{\"@id\":\"https:\\\/\\\/rosanacl.com\\\/ca\\\/#website\"},\"primaryImageOfPage\":{\"@id\":\"https:\\\/\\\/rosanacl.com\\\/producto\\\/body-selene-cristina\\\/#primaryimage\"},\"image\":{\"@id\":\"https:\\\/\\\/rosanacl.com\\\/producto\\\/body-selene-cristina\\\/#primaryimage\"},\"thumbnailUrl\":\"https:\\\/\\\/rosanacl.com\\\/wp-content\\\/uploads\\\/2025\\\/08\\\/1-11.png\",\"datePublished\":\"2025-08-19T07:56:34+00:00\",\"dateModified\":\"2026-01-07T22:53:05+00:00\",\"breadcrumb\":{\"@id\":\"https:\\\/\\\/rosanacl.com\\\/producto\\\/body-selene-cristina\\\/#breadcrumb\"},\"inLanguage\":\"pl-PL\",\"potentialAction\":[{\"@type\":\"ReadAction\",\"target\":[\"https:\\\/\\\/rosanacl.com\\\/producto\\\/body-selene-cristina\\\/\"]}]},{\"@type\":\"ImageObject\",\"inLanguage\":\"pl-PL\",\"@id\":\"https:\\\/\\\/rosanacl.com\\\/producto\\\/body-selene-cristina\\\/#primaryimage\",\"url\":\"https:\\\/\\\/rosanacl.com\\\/wp-content\\\/uploads\\\/2025\\\/08\\\/1-11.png\",\"contentUrl\":\"https:\\\/\\\/rosanacl.com\\\/wp-content\\\/uploads\\\/2025\\\/08\\\/1-11.png\",\"width\":800,\"height\":800},{\"@type\":\"BreadcrumbList\",\"@id\":\"https:\\\/\\\/rosanacl.com\\\/producto\\\/body-selene-cristina\\\/#breadcrumb\",\"itemListElement\":[{\"@type\":\"ListItem\",\"position\":1,\"name\":\"Portada\",\"item\":\"https:\\\/\\\/rosanacl.com\\\/ca\\\/\"},{\"@type\":\"ListItem\",\"position\":2,\"name\":\"Tienda\",\"item\":\"https:\\\/\\\/rosanacl.com\\\/ca\\\/tienda\\\/\"},{\"@type\":\"ListItem\",\"position\":3,\"name\":\"Body Selene Cristina\"}]},{\"@type\":\"WebSite\",\"@id\":\"https:\\\/\\\/rosanacl.com\\\/ca\\\/#website\",\"url\":\"https:\\\/\\\/rosanacl.com\\\/ca\\\/\",\"name\":\"Rosana CL\",\"description\":\"Somos tu interior\",\"potentialAction\":[{\"@type\":\"SearchAction\",\"target\":{\"@type\":\"EntryPoint\",\"urlTemplate\":\"https:\\\/\\\/rosanacl.com\\\/ca\\\/?s={search_term_string}\"},\"query-input\":{\"@type\":\"PropertyValueSpecification\",\"valueRequired\":true,\"valueName\":\"search_term_string\"}}],\"inLanguage\":\"pl-PL\"}]}<\/script>\n<!-- \/ Yoast SEO plugin. -->","yoast_head_json":{"title":"Body Selene Cristina - Rosana CL","robots":{"index":"index","follow":"follow","max-snippet":"max-snippet:-1","max-image-preview":"max-image-preview:large","max-video-preview":"max-video-preview:-1"},"canonical":"https:\/\/rosanacl.com\/pl\/produkt\/body-selene-cristina\/","og_locale":"pl_PL","og_type":"article","og_title":"Body Selene Cristina - Rosana CL","og_description":"Body Selene Cristina: el body moldeador de microfibra que estiliza la silueta con un acabado limpio, elegante y muy c\u00f3modo. Dise\u00f1ado para aportar sujeci\u00f3n real en el pecho (con aros y sin relleno) y, a la vez, una sensaci\u00f3n de control suave en la zona del abdomen. El Cristina es ideal si buscas un body [&hellip;]","og_url":"https:\/\/rosanacl.com\/pl\/produkt\/body-selene-cristina\/","og_site_name":"Rosana CL","article_modified_time":"2026-01-07T22:53:05+00:00","og_image":[{"width":800,"height":800,"url":"https:\/\/rosanacl.com\/wp-content\/uploads\/2025\/08\/1-11.png","type":"image\/png"}],"twitter_card":"summary_large_image","twitter_misc":{"Szacowany czas czytania":"2 minuty"},"schema":{"@context":"https:\/\/schema.org","@graph":[{"@type":"WebPage","@id":"https:\/\/rosanacl.com\/producto\/body-selene-cristina\/","url":"https:\/\/rosanacl.com\/producto\/body-selene-cristina\/","name":"Body Selene Cristina - Rosana CL","isPartOf":{"@id":"https:\/\/rosanacl.com\/ca\/#website"},"primaryImageOfPage":{"@id":"https:\/\/rosanacl.com\/producto\/body-selene-cristina\/#primaryimage"},"image":{"@id":"https:\/\/rosanacl.com\/producto\/body-selene-cristina\/#primaryimage"},"thumbnailUrl":"https:\/\/rosanacl.com\/wp-content\/uploads\/2025\/08\/1-11.png","datePublished":"2025-08-19T07:56:34+00:00","dateModified":"2026-01-07T22:53:05+00:00","breadcrumb":{"@id":"https:\/\/rosanacl.com\/producto\/body-selene-cristina\/#breadcrumb"},"inLanguage":"pl-PL","potentialAction":[{"@type":"ReadAction","target":["https:\/\/rosanacl.com\/producto\/body-selene-cristina\/"]}]},{"@type":"ImageObject","inLanguage":"pl-PL","@id":"https:\/\/rosanacl.com\/producto\/body-selene-cristina\/#primaryimage","url":"https:\/\/rosanacl.com\/wp-content\/uploads\/2025\/08\/1-11.png","contentUrl":"https:\/\/rosanacl.com\/wp-content\/uploads\/2025\/08\/1-11.png","width":800,"height":800},{"@type":"BreadcrumbList","@id":"https:\/\/rosanacl.com\/producto\/body-selene-cristina\/#breadcrumb","itemListElement":[{"@type":"ListItem","position":1,"name":"Portada","item":"https:\/\/rosanacl.com\/ca\/"},{"@type":"ListItem","position":2,"name":"Tienda","item":"https:\/\/rosanacl.com\/ca\/tienda\/"},{"@type":"ListItem","position":3,"name":"Body Selene Cristina"}]},{"@type":"WebSite","@id":"https:\/\/rosanacl.com\/ca\/#website","url":"https:\/\/rosanacl.com\/ca\/","name":"Rosana CL","description":"Jeste\u015bmy Twoim wn\u0119trzem","potentialAction":[{"@type":"SearchAction","target":{"@type":"EntryPoint","urlTemplate":"https:\/\/rosanacl.com\/ca\/?s={search_term_string}"},"query-input":{"@type":"PropertyValueSpecification","valueRequired":true,"valueName":"search_term_string"}}],"inLanguage":"pl-PL"}]}},"_links":{"self":[{"href":"https:\/\/rosanacl.com\/pl\/wp-json\/wp\/v2\/product\/3552","targetHints":{"allow":["GET"]}}],"collection":[{"href":"https:\/\/rosanacl.com\/pl\/wp-json\/wp\/v2\/product"}],"about":[{"href":"https:\/\/rosanacl.com\/pl\/wp-json\/wp\/v2\/types\/product"}],"replies":[{"embeddable":true,"href":"https:\/\/rosanacl.com\/pl\/wp-json\/wp\/v2\/comments?post=3552"}],"version-history":[{"count":5,"href":"https:\/\/rosanacl.com\/pl\/wp-json\/wp\/v2\/product\/3552\/revisions"}],"predecessor-version":[{"id":4632,"href":"https:\/\/rosanacl.com\/pl\/wp-json\/wp\/v2\/product\/3552\/revisions\/4632"}],"wp:featuredmedia":[{"embeddable":true,"href":"https:\/\/rosanacl.com\/pl\/wp-json\/wp\/v2\/media\/3563"}],"wp:attachment":[{"href":"https:\/\/rosanacl.com\/pl\/wp-json\/wp\/v2\/media?parent=3552"}],"wp:term":[{"taxonomy":"product_brand","embeddable":true,"href":"https:\/\/rosanacl.com\/pl\/wp-json\/wp\/v2\/product_brand?post=3552"},{"taxonomy":"product_cat","embeddable":true,"href":"https:\/\/rosanacl.com\/pl\/wp-json\/wp\/v2\/product_cat?post=3552"},{"taxonomy":"product_tag","embeddable":true,"href":"https:\/\/rosanacl.com\/pl\/wp-json\/wp\/v2\/product_tag?post=3552"}],"curies":[{"name":"wp","href":"https:\/\/api.w.org\/{rel}","templated":true}]}}