{"id":3581,"date":"2025-08-19T10:06:11","date_gmt":"2025-08-19T08:06:11","guid":{"rendered":"https:\/\/rosanacl.com\/?post_type=product&#038;p=3581"},"modified":"2026-01-07T23:48:01","modified_gmt":"2026-01-07T22:48:01","slug":"sujetador-selene-sandra","status":"publish","type":"product","link":"https:\/\/rosanacl.com\/pl\/produkt\/sujetador-selene-sandra\/","title":{"rendered":"Biustonosz Selene Sandra"},"content":{"rendered":"<p>Biustonosz Sandra marki Creaciones Selene to balkonetka bez rami\u0105czek, zaprojektowana z my\u015bl\u0105 o podkre\u015bleniu biustu eleganckim i atrakcyjnym wygl\u0105dzie. Dzi\u0119ki fiszbinom zapewnia stabilne podparcie i pi\u0119kny kszta\u0142t, idealny do noszenia z dekoltami bez rami\u0105czek, sukienkami, topami i innymi elementami garderoby, w kt\u00f3rych chcesz wyeksponowa\u0107 ramiona, nie trac\u0105c jednocze\u015bnie pewno\u015bci siebie.<\/p>\n<p>Jedn\u0105 z jego najwa\u017cniejszych cech jest idealne dopasowanie: kraw\u0119d\u017a miseczek posiada silikonowy pas, kt\u00f3ry pomaga utrzyma\u0107 biustonosz na miejscu i lepiej dopasowa\u0107 si\u0119 do kszta\u0142tu cia\u0142a, zapobiegaj\u0105c zsuwaniu si\u0119. Rezultatem jest wygodny biustonosz z dobrym wsparciem i naturalnym efektem uniesienia (bez wk\u0142adek), zaprojektowany tak, aby\u015b mog\u0142a swobodnie si\u0119 porusza\u0107.<\/p>\n<p>Co wi\u0119cej, jego design sprawia, \u017ce jest to idealny element dope\u0142nienia wyrafinowanej stylizacji: pi\u0119knie komponuje si\u0119 z majtkami Violeta, tworz\u0105c sp\u00f3jny i elegancki look zar\u00f3wno na specjalne okazje, jak i na co dzie\u0144, aby poczu\u0107 si\u0119 nieskazitelnie.<\/p>\n<p>Szczeg\u00f3\u0142y, kt\u00f3re zauwa\u017cysz, gdy je za\u0142o\u017cysz<\/p>\n<ul>\n<li>Bez rami\u0105czek: idealny do dekolt\u00f3w o du\u017cym wyci\u0119ciu i sukienek z odkrytymi ramionami.<\/li>\n<li>Z fiszbinami: solidne wsparcie i pochlebny kszta\u0142t.<\/li>\n<li>Bez wype\u0142niaczy: naturalne podkre\u015blenie i uczucie lekko\u015bci.<\/li>\n<li>Silikonowy pasek na obrze\u017cu kubka: lepsze dopasowanie i wi\u0119ksza stabilno\u015b\u0107.<\/li>\n<\/ul>\n<p>\ud83d\udde3\ufe0f Wskaz\u00f3wka: W przypadku Sandry prawid\u0142owe odczucie to \u00abpozostaje na swoim miejscu i nie przesuwa si\u0119\u00bb: miseczka powinna \u015bci\u015ble, ale wygodnie przylega\u0107 do cia\u0142a, a g\u00f3rna cz\u0119\u015b\u0107 powinna by\u0107 g\u0142adka (nieobci\u0119ta), aby dekolt wygl\u0105da\u0142 czysto.<\/p>\n<p>\ud83d\udccf Uwaga ko\u0144cowa: Spr\u00f3buj przez minut\u0119 bez pas\u00f3w: unie\u015b ramiona, przejd\u017a si\u0119 i pochyl si\u0119. Je\u015bli nie musisz poprawia\u0107 paska, a on pozostaje na swoim miejscu i nie jest zbyt ciasny, to jest to Tw\u00f3j rozmiar.<\/p>\n<p>Sk\u0142ad: poliamid 76%, elastan 24%.<\/p>\n<p>\ud83d\udd25 \u00abS\u0142owo honoru\u00bb z prawdziwym wsparciem: Sandra wzmacnia i pewnie towarzyszy Ci przez ca\u0142y dzie\u0144.<\/p>","protected":false},"excerpt":{"rendered":"<div style=\"position: relative; padding-bottom: 56.25%; height: 0; overflow: hidden; max-width: 100%;\"><iframe style=\"position: absolute; top: 0; left: 0; width: 100%; height: 100%;\" src=\"https:\/\/www.youtube.com\/embed\/mGt_jgMestk?autoplay=1&amp;mute=1&amp;playsinline=1&amp;rel=0&amp;controls=1&amp;loop=1&amp;playlist=mGt_jgMestk\" frameborder=\"0\" allowfullscreen=\"allowfullscreen\"><br \/>\n<\/iframe><\/div>","protected":false},"featured_media":3597,"comment_status":"closed","ping_status":"closed","template":"","meta":{"content-type":""},"product_brand":[55],"product_cat":[82,20],"product_tag":[84,56],"class_list":{"0":"post-3581","1":"product","2":"type-product","3":"status-publish","4":"has-post-thumbnail","6":"product_brand-selene","7":"product_cat-sin-tirantes","8":"product_cat-sujetador","9":"product_tag-sin-tirantes","10":"product_tag-sujetador","12":"first","13":"instock","14":"taxable","15":"shipping-taxable","16":"purchasable","17":"product-type-variable"},"supplier_id":null,"supplier_sku":"","barcode":null,"atum_controlled":true,"out_stock_date":null,"out_stock_threshold":null,"inheritable":true,"inbound_stock":0,"stock_on_hold":0,"sold_today":0,"sales_last_days":0,"reserved_stock":0,"customer_returns":0,"warehouse_damage":0,"lost_in_post":0,"other_logs":0,"out_stock_days":null,"lost_sales":0,"has_location":false,"update_date":"2026-01-07T22:48:02","atum_locations":[],"atum_stock_status":"instock","restock_status":false,"low_stock_amount":"","sales_update_date":"2025-10-03T04:55:30","calc_backorders":null,"yoast_head":"<!-- This site is optimized with the Yoast SEO plugin v27.4 - https:\/\/yoast.com\/product\/yoast-seo-wordpress\/ -->\n<title>Sujetador Selene Sandra - Rosana CL<\/title>\n<meta name=\"robots\" content=\"index, follow, max-snippet:-1, max-image-preview:large, max-video-preview:-1\" \/>\n<link rel=\"canonical\" href=\"https:\/\/rosanacl.com\/pl\/produkt\/sujetador-selene-sandra\/\" \/>\n<meta property=\"og:locale\" content=\"pl_PL\" \/>\n<meta property=\"og:type\" content=\"article\" \/>\n<meta property=\"og:title\" content=\"Sujetador Selene Sandra - Rosana CL\" \/>\n<meta property=\"og:url\" content=\"https:\/\/rosanacl.com\/pl\/produkt\/sujetador-selene-sandra\/\" \/>\n<meta property=\"og:site_name\" content=\"Rosana CL\" \/>\n<meta property=\"article:modified_time\" content=\"2026-01-07T22:48:01+00:00\" \/>\n<meta property=\"og:image\" content=\"https:\/\/rosanacl.com\/wp-content\/uploads\/2025\/08\/1-13-e1756816082563.png\" \/>\n\t<meta property=\"og:image:width\" content=\"710\" \/>\n\t<meta property=\"og:image:height\" content=\"840\" \/>\n\t<meta property=\"og:image:type\" content=\"image\/png\" \/>\n<meta name=\"twitter:card\" content=\"summary_large_image\" \/>\n<meta name=\"twitter:label1\" content=\"Szacowany czas czytania\" \/>\n\t<meta name=\"twitter:data1\" content=\"2 minuty\" \/>\n<script type=\"application\/ld+json\" class=\"yoast-schema-graph\">{\"@context\":\"https:\\\/\\\/schema.org\",\"@graph\":[{\"@type\":\"WebPage\",\"@id\":\"https:\\\/\\\/rosanacl.com\\\/producto\\\/sujetador-selene-sandra\\\/\",\"url\":\"https:\\\/\\\/rosanacl.com\\\/producto\\\/sujetador-selene-sandra\\\/\",\"name\":\"Sujetador Selene Sandra - Rosana CL\",\"isPartOf\":{\"@id\":\"https:\\\/\\\/rosanacl.com\\\/ca\\\/#website\"},\"primaryImageOfPage\":{\"@id\":\"https:\\\/\\\/rosanacl.com\\\/producto\\\/sujetador-selene-sandra\\\/#primaryimage\"},\"image\":{\"@id\":\"https:\\\/\\\/rosanacl.com\\\/producto\\\/sujetador-selene-sandra\\\/#primaryimage\"},\"thumbnailUrl\":\"https:\\\/\\\/rosanacl.com\\\/wp-content\\\/uploads\\\/2025\\\/08\\\/1-13-e1756816082563.png\",\"datePublished\":\"2025-08-19T08:06:11+00:00\",\"dateModified\":\"2026-01-07T22:48:01+00:00\",\"breadcrumb\":{\"@id\":\"https:\\\/\\\/rosanacl.com\\\/producto\\\/sujetador-selene-sandra\\\/#breadcrumb\"},\"inLanguage\":\"pl-PL\",\"potentialAction\":[{\"@type\":\"ReadAction\",\"target\":[\"https:\\\/\\\/rosanacl.com\\\/producto\\\/sujetador-selene-sandra\\\/\"]}]},{\"@type\":\"ImageObject\",\"inLanguage\":\"pl-PL\",\"@id\":\"https:\\\/\\\/rosanacl.com\\\/producto\\\/sujetador-selene-sandra\\\/#primaryimage\",\"url\":\"https:\\\/\\\/rosanacl.com\\\/wp-content\\\/uploads\\\/2025\\\/08\\\/1-13-e1756816082563.png\",\"contentUrl\":\"https:\\\/\\\/rosanacl.com\\\/wp-content\\\/uploads\\\/2025\\\/08\\\/1-13-e1756816082563.png\",\"width\":710,\"height\":840},{\"@type\":\"BreadcrumbList\",\"@id\":\"https:\\\/\\\/rosanacl.com\\\/producto\\\/sujetador-selene-sandra\\\/#breadcrumb\",\"itemListElement\":[{\"@type\":\"ListItem\",\"position\":1,\"name\":\"Portada\",\"item\":\"https:\\\/\\\/rosanacl.com\\\/ca\\\/\"},{\"@type\":\"ListItem\",\"position\":2,\"name\":\"Tienda\",\"item\":\"https:\\\/\\\/rosanacl.com\\\/ca\\\/tienda\\\/\"},{\"@type\":\"ListItem\",\"position\":3,\"name\":\"Sujetador Selene Sandra\"}]},{\"@type\":\"WebSite\",\"@id\":\"https:\\\/\\\/rosanacl.com\\\/ca\\\/#website\",\"url\":\"https:\\\/\\\/rosanacl.com\\\/ca\\\/\",\"name\":\"Rosana CL\",\"description\":\"Somos tu interior\",\"potentialAction\":[{\"@type\":\"SearchAction\",\"target\":{\"@type\":\"EntryPoint\",\"urlTemplate\":\"https:\\\/\\\/rosanacl.com\\\/ca\\\/?s={search_term_string}\"},\"query-input\":{\"@type\":\"PropertyValueSpecification\",\"valueRequired\":true,\"valueName\":\"search_term_string\"}}],\"inLanguage\":\"pl-PL\"}]}<\/script>\n<!-- \/ Yoast SEO plugin. -->","yoast_head_json":{"title":"Sujetador Selene Sandra - Rosana CL","robots":{"index":"index","follow":"follow","max-snippet":"max-snippet:-1","max-image-preview":"max-image-preview:large","max-video-preview":"max-video-preview:-1"},"canonical":"https:\/\/rosanacl.com\/pl\/produkt\/sujetador-selene-sandra\/","og_locale":"pl_PL","og_type":"article","og_title":"Sujetador Selene Sandra - Rosana CL","og_url":"https:\/\/rosanacl.com\/pl\/produkt\/sujetador-selene-sandra\/","og_site_name":"Rosana CL","article_modified_time":"2026-01-07T22:48:01+00:00","og_image":[{"width":710,"height":840,"url":"https:\/\/rosanacl.com\/wp-content\/uploads\/2025\/08\/1-13-e1756816082563.png","type":"image\/png"}],"twitter_card":"summary_large_image","twitter_misc":{"Szacowany czas czytania":"2 minuty"},"schema":{"@context":"https:\/\/schema.org","@graph":[{"@type":"WebPage","@id":"https:\/\/rosanacl.com\/producto\/sujetador-selene-sandra\/","url":"https:\/\/rosanacl.com\/producto\/sujetador-selene-sandra\/","name":"Sujetador Selene Sandra - Rosana CL","isPartOf":{"@id":"https:\/\/rosanacl.com\/ca\/#website"},"primaryImageOfPage":{"@id":"https:\/\/rosanacl.com\/producto\/sujetador-selene-sandra\/#primaryimage"},"image":{"@id":"https:\/\/rosanacl.com\/producto\/sujetador-selene-sandra\/#primaryimage"},"thumbnailUrl":"https:\/\/rosanacl.com\/wp-content\/uploads\/2025\/08\/1-13-e1756816082563.png","datePublished":"2025-08-19T08:06:11+00:00","dateModified":"2026-01-07T22:48:01+00:00","breadcrumb":{"@id":"https:\/\/rosanacl.com\/producto\/sujetador-selene-sandra\/#breadcrumb"},"inLanguage":"pl-PL","potentialAction":[{"@type":"ReadAction","target":["https:\/\/rosanacl.com\/producto\/sujetador-selene-sandra\/"]}]},{"@type":"ImageObject","inLanguage":"pl-PL","@id":"https:\/\/rosanacl.com\/producto\/sujetador-selene-sandra\/#primaryimage","url":"https:\/\/rosanacl.com\/wp-content\/uploads\/2025\/08\/1-13-e1756816082563.png","contentUrl":"https:\/\/rosanacl.com\/wp-content\/uploads\/2025\/08\/1-13-e1756816082563.png","width":710,"height":840},{"@type":"BreadcrumbList","@id":"https:\/\/rosanacl.com\/producto\/sujetador-selene-sandra\/#breadcrumb","itemListElement":[{"@type":"ListItem","position":1,"name":"Portada","item":"https:\/\/rosanacl.com\/ca\/"},{"@type":"ListItem","position":2,"name":"Tienda","item":"https:\/\/rosanacl.com\/ca\/tienda\/"},{"@type":"ListItem","position":3,"name":"Sujetador Selene Sandra"}]},{"@type":"WebSite","@id":"https:\/\/rosanacl.com\/ca\/#website","url":"https:\/\/rosanacl.com\/ca\/","name":"Rosana CL","description":"Jeste\u015bmy Twoim wn\u0119trzem","potentialAction":[{"@type":"SearchAction","target":{"@type":"EntryPoint","urlTemplate":"https:\/\/rosanacl.com\/ca\/?s={search_term_string}"},"query-input":{"@type":"PropertyValueSpecification","valueRequired":true,"valueName":"search_term_string"}}],"inLanguage":"pl-PL"}]}},"_links":{"self":[{"href":"https:\/\/rosanacl.com\/pl\/wp-json\/wp\/v2\/product\/3581","targetHints":{"allow":["GET"]}}],"collection":[{"href":"https:\/\/rosanacl.com\/pl\/wp-json\/wp\/v2\/product"}],"about":[{"href":"https:\/\/rosanacl.com\/pl\/wp-json\/wp\/v2\/types\/product"}],"replies":[{"embeddable":true,"href":"https:\/\/rosanacl.com\/pl\/wp-json\/wp\/v2\/comments?post=3581"}],"version-history":[{"count":5,"href":"https:\/\/rosanacl.com\/pl\/wp-json\/wp\/v2\/product\/3581\/revisions"}],"predecessor-version":[{"id":4631,"href":"https:\/\/rosanacl.com\/pl\/wp-json\/wp\/v2\/product\/3581\/revisions\/4631"}],"wp:featuredmedia":[{"embeddable":true,"href":"https:\/\/rosanacl.com\/pl\/wp-json\/wp\/v2\/media\/3597"}],"wp:attachment":[{"href":"https:\/\/rosanacl.com\/pl\/wp-json\/wp\/v2\/media?parent=3581"}],"wp:term":[{"taxonomy":"product_brand","embeddable":true,"href":"https:\/\/rosanacl.com\/pl\/wp-json\/wp\/v2\/product_brand?post=3581"},{"taxonomy":"product_cat","embeddable":true,"href":"https:\/\/rosanacl.com\/pl\/wp-json\/wp\/v2\/product_cat?post=3581"},{"taxonomy":"product_tag","embeddable":true,"href":"https:\/\/rosanacl.com\/pl\/wp-json\/wp\/v2\/product_tag?post=3581"}],"curies":[{"name":"wp","href":"https:\/\/api.w.org\/{rel}","templated":true}]}}